{"id":46494,"date":"2024-11-05T21:28:14","date_gmt":"2024-11-05T19:28:14","guid":{"rendered":"https:\/\/d-identify.be\/?post_type=product&#038;p=46494"},"modified":"2026-02-22T19:26:09","modified_gmt":"2026-02-22T17:26:09","slug":"marquage-de-tuyauterie-retour-eau-chaude","status":"publish","type":"product","link":"https:\/\/d-identify.be\/fr\/produit\/marquage-de-tuyauterie-retour-eau-chaude\/","title":{"rendered":"Marquage de tuyauterie retour eau chaude"},"content":{"rendered":"<div class=\"flex max-w-full flex-col flex-grow\">\n<div class=\"min-h-8 text-message flex w-full flex-col items-end gap-2 whitespace-normal break-words [.text-message+&amp;]:mt-5\" dir=\"auto\" data-message-author-role=\"assistant\" data-message-id=\"3e068592-fd02-4445-b22c-60b81b08b5f3\">\n<div class=\"flex w-full flex-col gap-1 empty:hidden first:pt-[3px]\">\n<div class=\"markdown prose w-full break-words dark:prose-invert light\">\n<p data-start=\"774\" data-end=\"927\"><strong data-start=\"774\" data-end=\"818\">Marquage de tuyauterie retour eau chaude<\/strong> est con\u00e7u pour identifier clairement les conduites de retour d\u2019eau chaude dans les installations techniques.<\/p>\n<p data-start=\"929\" data-end=\"1114\">Le retour eau chaude est pr\u00e9sent dans les r\u00e9seaux sanitaires et les syst\u00e8mes de chauffage. Il permet la circulation continue de l\u2019eau chaude afin de maintenir la temp\u00e9rature du circuit.<\/p>\n<p data-start=\"1116\" data-end=\"1270\">Une identification pr\u00e9cise \u00e9vite toute confusion avec l\u2019alimentation en eau chaude ou l\u2019eau froide. Elle facilite \u00e9galement les op\u00e9rations de maintenance.<\/p>\n<p data-start=\"1272\" data-end=\"1413\">Le marquage est conforme \u00e0 la norme NBN T 69-004. Il comprend un texte lisible et des fl\u00e8ches directionnelles indiquant le sens d\u2019\u00e9coulement.<\/p>\n<p data-start=\"1415\" data-end=\"1521\">Avec un <strong data-start=\"1423\" data-end=\"1467\">marquage de tuyauterie retour eau chaude<\/strong>, l\u2019installation reste claire, conforme et structur\u00e9e.<\/p>\n<p data-start=\"1523\" data-end=\"1623\">Les marquages sont disponibles en plusieurs formats, adapt\u00e9s aux diff\u00e9rents diam\u00e8tres de tuyauterie.<\/p>\n<\/div>\n<\/div>\n<\/div>\n<\/div>\n","protected":false},"excerpt":{"rendered":"<p data-start=\"1653\" data-end=\"1782\">Marquage de tuyauterie retour eau chaude selon NBN T 69-004. Disponible par diam\u00e8tre avec texte clair et fl\u00e8ches directionnelles.<\/p>\n<ul>\n<li><strong>Mat\u00e9riau :<\/strong>Vinyle polym\u00e8re<\/li>\n<li><strong>Adh\u00e9sif :<\/strong>Acrylique permanent<\/li>\n<li><strong>Plage de temp\u00e9rature :<\/strong> -30\u00b0C \u00e0 +120\u00b0C<\/li>\n<li><strong>Durabilit\u00e9 :<\/strong>jusqu&rsquo;\u00e0 7 ans<\/li>\n<li><strong>Finition :<\/strong>Semi-brillant (lamin\u00e9 UV)<\/li>\n<\/ul>\n<p>* Tous nos marquages sont extra lamin\u00e9s pour garantir une bonne r\u00e9sistance aux UV pendant jusqu&rsquo;\u00e0 7 ans dans des environnements ext\u00e9rieurs.<\/p>\n","protected":false},"featured_media":46511,"comment_status":"open","ping_status":"closed","template":"","meta":{"_acf_changed":false,"_et_pb_use_builder":"","_et_pb_old_content":"","_et_gb_content_width":""},"product_brand":[],"product_cat":[1109],"product_tag":[],"pa_connextion-shapes":[],"class_list":{"0":"post-46494","1":"product","2":"type-product","3":"status-publish","4":"has-post-thumbnail","6":"product_cat-marquage-de-tuyauteries","8":"first","9":"instock","10":"taxable","11":"shipping-taxable","12":"purchasable","13":"product-type-variable","14":"has-default-attributes"},"exclude_global_add_ons":[],"addons":[],"acf":[],"yoast_head":"<!-- This site is optimized with the Yoast SEO Premium plugin v27.0 (Yoast SEO v27.1) - https:\/\/yoast.com\/product\/yoast-seo-premium-wordpress\/ -->\n<title>Marquage de tuyauterie retour eau chaude \u2013 NBN T 69-004<\/title>\n<meta name=\"description\" content=\"Marquage de tuyauterie retour eau chaude selon NBN T 69-004. Identification claire des conduites de retour par diam\u00e8tre avec texte et fl\u00e8ches.\" \/>\n<meta name=\"robots\" content=\"index, follow, max-snippet:-1, max-image-preview:large, max-video-preview:-1\" \/>\n<link rel=\"canonical\" href=\"https:\/\/d-identify.be\/fr\/produit\/marquage-de-tuyauterie-retour-eau-chaude\/\" \/>\n<meta property=\"og:locale\" content=\"fr_FR\" \/>\n<meta property=\"og:type\" content=\"article\" \/>\n<meta property=\"og:title\" content=\"Marquage de tuyauterie retour eau chaude\" \/>\n<meta property=\"og:description\" content=\"Marquage de tuyauterie retour eau chaude selon NBN T 69-004. Identification claire des conduites de retour par diam\u00e8tre avec texte et fl\u00e8ches.\" \/>\n<meta property=\"og:url\" content=\"https:\/\/d-identify.be\/fr\/produit\/marquage-de-tuyauterie-retour-eau-chaude\/\" \/>\n<meta property=\"og:site_name\" content=\"d-identify\" \/>\n<meta property=\"article:modified_time\" content=\"2026-02-22T17:26:09+00:00\" \/>\n<meta property=\"og:image\" content=\"https:\/\/d-identify.be\/wp-content\/uploads\/2024\/11\/GR450x52FR-2-26.png\" \/>\n\t<meta property=\"og:image:width\" content=\"1075\" \/>\n\t<meta property=\"og:image:height\" content=\"666\" \/>\n\t<meta property=\"og:image:type\" content=\"image\/png\" \/>\n<meta name=\"twitter:card\" content=\"summary_large_image\" \/>\n<meta name=\"twitter:label1\" content=\"Dur\u00e9e de lecture estim\u00e9e\" \/>\n\t<meta name=\"twitter:data1\" content=\"1 minute\" \/>\n<script type=\"application\/ld+json\" class=\"yoast-schema-graph\">{\"@context\":\"https:\/\/schema.org\",\"@graph\":[{\"@type\":\"WebPage\",\"@id\":\"https:\/\/d-identify.be\/fr\/produit\/marquage-de-tuyauterie-retour-eau-chaude\/\",\"url\":\"https:\/\/d-identify.be\/fr\/produit\/marquage-de-tuyauterie-retour-eau-chaude\/\",\"name\":\"Marquage de tuyauterie retour eau chaude \u2013 NBN T 69-004\",\"isPartOf\":{\"@id\":\"https:\/\/d-identify.be\/fr\/#website\"},\"primaryImageOfPage\":{\"@id\":\"https:\/\/d-identify.be\/fr\/produit\/marquage-de-tuyauterie-retour-eau-chaude\/#primaryimage\"},\"image\":{\"@id\":\"https:\/\/d-identify.be\/fr\/produit\/marquage-de-tuyauterie-retour-eau-chaude\/#primaryimage\"},\"thumbnailUrl\":\"https:\/\/d-identify.be\/wp-content\/uploads\/2024\/11\/GR450x52FR-2-26.png\",\"datePublished\":\"2024-11-05T19:28:14+00:00\",\"dateModified\":\"2026-02-22T17:26:09+00:00\",\"description\":\"Marquage de tuyauterie retour eau chaude selon NBN T 69-004. Identification claire des conduites de retour par diam\u00e8tre avec texte et fl\u00e8ches.\",\"breadcrumb\":{\"@id\":\"https:\/\/d-identify.be\/fr\/produit\/marquage-de-tuyauterie-retour-eau-chaude\/#breadcrumb\"},\"inLanguage\":\"fr-FR\",\"potentialAction\":[{\"@type\":\"ReadAction\",\"target\":[\"https:\/\/d-identify.be\/fr\/produit\/marquage-de-tuyauterie-retour-eau-chaude\/\"]}]},{\"@type\":\"ImageObject\",\"inLanguage\":\"fr-FR\",\"@id\":\"https:\/\/d-identify.be\/fr\/produit\/marquage-de-tuyauterie-retour-eau-chaude\/#primaryimage\",\"url\":\"https:\/\/d-identify.be\/wp-content\/uploads\/2024\/11\/GR450x52FR-2-26.png\",\"contentUrl\":\"https:\/\/d-identify.be\/wp-content\/uploads\/2024\/11\/GR450x52FR-2-26.png\",\"width\":1075,\"height\":666,\"caption\":\"Marquage de tuyauterie retour eau chaude \u2013 NBN T 69-004\"},{\"@type\":\"BreadcrumbList\",\"@id\":\"https:\/\/d-identify.be\/fr\/produit\/marquage-de-tuyauterie-retour-eau-chaude\/#breadcrumb\",\"itemListElement\":[{\"@type\":\"ListItem\",\"position\":1,\"name\":\"Home\",\"item\":\"https:\/\/d-identify.be\/fr\/home-2\/\"},{\"@type\":\"ListItem\",\"position\":2,\"name\":\"Boutique\",\"item\":\"https:\/\/d-identify.be\/fr\/boutique\/\"},{\"@type\":\"ListItem\",\"position\":3,\"name\":\"Marquage de tuyauterie retour eau chaude\"}]},{\"@type\":\"WebSite\",\"@id\":\"https:\/\/d-identify.be\/fr\/#website\",\"url\":\"https:\/\/d-identify.be\/fr\/\",\"name\":\"d-identify\",\"description\":\"Industrial identification - Lockout - Tagout - Floor marking\",\"potentialAction\":[{\"@type\":\"SearchAction\",\"target\":{\"@type\":\"EntryPoint\",\"urlTemplate\":\"https:\/\/d-identify.be\/fr\/?s={search_term_string}\"},\"query-input\":{\"@type\":\"PropertyValueSpecification\",\"valueRequired\":true,\"valueName\":\"search_term_string\"}}],\"inLanguage\":\"fr-FR\"}]}<\/script>\n<!-- \/ Yoast SEO Premium plugin. -->","yoast_head_json":{"title":"Marquage de tuyauterie retour eau chaude \u2013 NBN T 69-004","description":"Marquage de tuyauterie retour eau chaude selon NBN T 69-004. Identification claire des conduites de retour par diam\u00e8tre avec texte et fl\u00e8ches.","robots":{"index":"index","follow":"follow","max-snippet":"max-snippet:-1","max-image-preview":"max-image-preview:large","max-video-preview":"max-video-preview:-1"},"canonical":"https:\/\/d-identify.be\/fr\/produit\/marquage-de-tuyauterie-retour-eau-chaude\/","og_locale":"fr_FR","og_type":"article","og_title":"Marquage de tuyauterie retour eau chaude","og_description":"Marquage de tuyauterie retour eau chaude selon NBN T 69-004. Identification claire des conduites de retour par diam\u00e8tre avec texte et fl\u00e8ches.","og_url":"https:\/\/d-identify.be\/fr\/produit\/marquage-de-tuyauterie-retour-eau-chaude\/","og_site_name":"d-identify","article_modified_time":"2026-02-22T17:26:09+00:00","og_image":[{"width":1075,"height":666,"url":"https:\/\/d-identify.be\/wp-content\/uploads\/2024\/11\/GR450x52FR-2-26.png","type":"image\/png"}],"twitter_card":"summary_large_image","twitter_misc":{"Dur\u00e9e de lecture estim\u00e9e":"1 minute"},"schema":{"@context":"https:\/\/schema.org","@graph":[{"@type":"WebPage","@id":"https:\/\/d-identify.be\/fr\/produit\/marquage-de-tuyauterie-retour-eau-chaude\/","url":"https:\/\/d-identify.be\/fr\/produit\/marquage-de-tuyauterie-retour-eau-chaude\/","name":"Marquage de tuyauterie retour eau chaude \u2013 NBN T 69-004","isPartOf":{"@id":"https:\/\/d-identify.be\/fr\/#website"},"primaryImageOfPage":{"@id":"https:\/\/d-identify.be\/fr\/produit\/marquage-de-tuyauterie-retour-eau-chaude\/#primaryimage"},"image":{"@id":"https:\/\/d-identify.be\/fr\/produit\/marquage-de-tuyauterie-retour-eau-chaude\/#primaryimage"},"thumbnailUrl":"https:\/\/d-identify.be\/wp-content\/uploads\/2024\/11\/GR450x52FR-2-26.png","datePublished":"2024-11-05T19:28:14+00:00","dateModified":"2026-02-22T17:26:09+00:00","description":"Marquage de tuyauterie retour eau chaude selon NBN T 69-004. Identification claire des conduites de retour par diam\u00e8tre avec texte et fl\u00e8ches.","breadcrumb":{"@id":"https:\/\/d-identify.be\/fr\/produit\/marquage-de-tuyauterie-retour-eau-chaude\/#breadcrumb"},"inLanguage":"fr-FR","potentialAction":[{"@type":"ReadAction","target":["https:\/\/d-identify.be\/fr\/produit\/marquage-de-tuyauterie-retour-eau-chaude\/"]}]},{"@type":"ImageObject","inLanguage":"fr-FR","@id":"https:\/\/d-identify.be\/fr\/produit\/marquage-de-tuyauterie-retour-eau-chaude\/#primaryimage","url":"https:\/\/d-identify.be\/wp-content\/uploads\/2024\/11\/GR450x52FR-2-26.png","contentUrl":"https:\/\/d-identify.be\/wp-content\/uploads\/2024\/11\/GR450x52FR-2-26.png","width":1075,"height":666,"caption":"Marquage de tuyauterie retour eau chaude \u2013 NBN T 69-004"},{"@type":"BreadcrumbList","@id":"https:\/\/d-identify.be\/fr\/produit\/marquage-de-tuyauterie-retour-eau-chaude\/#breadcrumb","itemListElement":[{"@type":"ListItem","position":1,"name":"Home","item":"https:\/\/d-identify.be\/fr\/home-2\/"},{"@type":"ListItem","position":2,"name":"Boutique","item":"https:\/\/d-identify.be\/fr\/boutique\/"},{"@type":"ListItem","position":3,"name":"Marquage de tuyauterie retour eau chaude"}]},{"@type":"WebSite","@id":"https:\/\/d-identify.be\/fr\/#website","url":"https:\/\/d-identify.be\/fr\/","name":"d-identify","description":"Industrial identification - Lockout - Tagout - Floor marking","potentialAction":[{"@type":"SearchAction","target":{"@type":"EntryPoint","urlTemplate":"https:\/\/d-identify.be\/fr\/?s={search_term_string}"},"query-input":{"@type":"PropertyValueSpecification","valueRequired":true,"valueName":"search_term_string"}}],"inLanguage":"fr-FR"}]}},"_links":{"self":[{"href":"https:\/\/d-identify.be\/fr\/wp-json\/wp\/v2\/product\/46494","targetHints":{"allow":["GET"]}}],"collection":[{"href":"https:\/\/d-identify.be\/fr\/wp-json\/wp\/v2\/product"}],"about":[{"href":"https:\/\/d-identify.be\/fr\/wp-json\/wp\/v2\/types\/product"}],"replies":[{"embeddable":true,"href":"https:\/\/d-identify.be\/fr\/wp-json\/wp\/v2\/comments?post=46494"}],"wp:featuredmedia":[{"embeddable":true,"href":"https:\/\/d-identify.be\/fr\/wp-json\/wp\/v2\/media\/46511"}],"wp:attachment":[{"href":"https:\/\/d-identify.be\/fr\/wp-json\/wp\/v2\/media?parent=46494"}],"wp:term":[{"taxonomy":"product_brand","embeddable":true,"href":"https:\/\/d-identify.be\/fr\/wp-json\/wp\/v2\/product_brand?post=46494"},{"taxonomy":"product_cat","embeddable":true,"href":"https:\/\/d-identify.be\/fr\/wp-json\/wp\/v2\/product_cat?post=46494"},{"taxonomy":"product_tag","embeddable":true,"href":"https:\/\/d-identify.be\/fr\/wp-json\/wp\/v2\/product_tag?post=46494"},{"taxonomy":"pa_connextion-shapes","embeddable":true,"href":"https:\/\/d-identify.be\/fr\/wp-json\/wp\/v2\/pa_connextion-shapes?post=46494"}],"curies":[{"name":"wp","href":"https:\/\/api.w.org\/{rel}","templated":true}]}}