{"id":46263,"date":"2024-11-05T20:50:47","date_gmt":"2024-11-05T18:50:47","guid":{"rendered":"https:\/\/d-identify.be\/?post_type=product&#038;p=46263"},"modified":"2026-02-20T12:25:25","modified_gmt":"2026-02-20T10:25:25","slug":"eau-adoucie","status":"publish","type":"product","link":"https:\/\/d-identify.be\/fr\/produit\/eau-adoucie\/","title":{"rendered":"Marquage de tuyauterie eau adoucie"},"content":{"rendered":"<div class=\"flex max-w-full flex-col flex-grow\">\n<div class=\"min-h-8 text-message flex w-full flex-col items-end gap-2 whitespace-normal break-words [.text-message+&amp;]:mt-5\" dir=\"auto\" data-message-author-role=\"assistant\" data-message-id=\"3e068592-fd02-4445-b22c-60b81b08b5f3\">\n<div class=\"flex w-full flex-col gap-1 empty:hidden first:pt-[3px]\">\n<div class=\"markdown prose w-full break-words dark:prose-invert light\">\n<p data-start=\"494\" data-end=\"630\">Marquage de tuyauterie eau adoucie est con\u00e7u pour identifier clairement les conduites transportant de l\u2019eau trait\u00e9e par adoucissement.<\/p>\n<p data-start=\"632\" data-end=\"872\">L\u2019eau adoucie est utilis\u00e9e dans les installations sanitaires, les syst\u00e8mes de chauffage et les process industriels afin de limiter les d\u00e9p\u00f4ts de calcaire. Une identification pr\u00e9cise \u00e9vite toute confusion avec l\u2019eau brute ou l\u2019eau potable.<\/p>\n<p data-start=\"874\" data-end=\"997\">Un marquage clair am\u00e9liore la s\u00e9curit\u00e9 et facilite les op\u00e9rations de maintenance. Il permet un contr\u00f4le rapide du r\u00e9seau.<\/p>\n<p data-start=\"999\" data-end=\"1169\">Le marquage est conforme \u00e0 la norme <span class=\"hover:entity-accent entity-underline inline cursor-pointer align-baseline\"><span class=\"whitespace-normal\">NBN T 69-004<\/span><\/span>. Il comprend un texte lisible et des fl\u00e8ches directionnelles indiquant le sens de circulation.<\/p>\n<p data-start=\"1171\" data-end=\"1294\">Avec un marquage de tuyauterie eau adoucie, l\u2019installation reste claire, structur\u00e9e et conforme aux exigences en vigueur.<\/p>\n<p data-start=\"1296\" data-end=\"1397\">Les marquages sont disponibles en plusieurs formats adapt\u00e9s aux diff\u00e9rents diam\u00e8tres de tuyauterie.<\/p>\n<\/div>\n<\/div>\n<\/div>\n<\/div>\n","protected":false},"excerpt":{"rendered":"<p data-start=\"1429\" data-end=\"1539\">Marquage de tuyauterie eau adoucie selon NBN T 69-004. Disponible par diam\u00e8tre avec fl\u00e8ches directionnelles.<\/p>\n<ul>\n<li><strong>Mat\u00e9riau :<\/strong>Vinyle polym\u00e8re<\/li>\n<li><strong>Adh\u00e9sif :<\/strong>Acrylique permanent<\/li>\n<li><strong>Plage de temp\u00e9rature :<\/strong> -30\u00b0C \u00e0 +120\u00b0C<\/li>\n<li><strong>Durabilit\u00e9 :<\/strong>jusqu&rsquo;\u00e0 7 ans<\/li>\n<li><strong>Finition :<\/strong>Semi-brillant (lamin\u00e9 UV)<\/li>\n<\/ul>\n<p>* Tous nos marquages sont extra lamin\u00e9s pour garantir une bonne r\u00e9sistance aux UV pendant jusqu&rsquo;\u00e0 7 ans dans des environnements ext\u00e9rieurs.<\/p>\n","protected":false},"featured_media":46280,"comment_status":"open","ping_status":"closed","template":"","meta":{"_acf_changed":false,"_et_pb_use_builder":"","_et_pb_old_content":"","_et_gb_content_width":""},"product_brand":[],"product_cat":[1109],"product_tag":[],"pa_connextion-shapes":[],"class_list":{"0":"post-46263","1":"product","2":"type-product","3":"status-publish","4":"has-post-thumbnail","6":"product_cat-marquage-de-tuyauteries","8":"first","9":"instock","10":"taxable","11":"shipping-taxable","12":"purchasable","13":"product-type-variable","14":"has-default-attributes"},"exclude_global_add_ons":[],"addons":[],"acf":[],"yoast_head":"<!-- This site is optimized with the Yoast SEO Premium plugin v27.0 (Yoast SEO v27.1) - https:\/\/yoast.com\/product\/yoast-seo-premium-wordpress\/ -->\n<title>Marquage de tuyauterie eau adoucie \u2013 NBN T 69-004<\/title>\n<meta name=\"description\" content=\"Marquage de tuyauterie eau adoucie selon NBN T 69-004. Identification claire des conduites avec fl\u00e8ches directionnelles et formats adapt\u00e9s aux diam\u00e8tres.\" \/>\n<meta name=\"robots\" content=\"index, follow, max-snippet:-1, max-image-preview:large, max-video-preview:-1\" \/>\n<link rel=\"canonical\" href=\"https:\/\/d-identify.be\/fr\/produit\/eau-adoucie\/\" \/>\n<meta property=\"og:locale\" content=\"fr_FR\" \/>\n<meta property=\"og:type\" content=\"article\" \/>\n<meta property=\"og:title\" content=\"Marquage de tuyauterie eau adoucie\" \/>\n<meta property=\"og:description\" content=\"Marquage de tuyauterie eau adoucie selon NBN T 69-004. Identification claire des conduites avec fl\u00e8ches directionnelles et formats adapt\u00e9s aux diam\u00e8tres.\" \/>\n<meta property=\"og:url\" content=\"https:\/\/d-identify.be\/fr\/produit\/eau-adoucie\/\" \/>\n<meta property=\"og:site_name\" content=\"d-identify\" \/>\n<meta property=\"article:modified_time\" content=\"2026-02-20T10:25:25+00:00\" \/>\n<meta property=\"og:image\" content=\"https:\/\/d-identify.be\/wp-content\/uploads\/2024\/11\/GR450x52FR-2-14.png\" \/>\n\t<meta property=\"og:image:width\" content=\"1081\" \/>\n\t<meta property=\"og:image:height\" content=\"666\" \/>\n\t<meta property=\"og:image:type\" content=\"image\/png\" \/>\n<meta name=\"twitter:card\" content=\"summary_large_image\" \/>\n<meta name=\"twitter:label1\" content=\"Dur\u00e9e de lecture estim\u00e9e\" \/>\n\t<meta name=\"twitter:data1\" content=\"1 minute\" \/>\n<script type=\"application\/ld+json\" class=\"yoast-schema-graph\">{\"@context\":\"https:\/\/schema.org\",\"@graph\":[{\"@type\":\"WebPage\",\"@id\":\"https:\/\/d-identify.be\/fr\/produit\/eau-adoucie\/\",\"url\":\"https:\/\/d-identify.be\/fr\/produit\/eau-adoucie\/\",\"name\":\"Marquage de tuyauterie eau adoucie \u2013 NBN T 69-004\",\"isPartOf\":{\"@id\":\"https:\/\/d-identify.be\/fr\/#website\"},\"primaryImageOfPage\":{\"@id\":\"https:\/\/d-identify.be\/fr\/produit\/eau-adoucie\/#primaryimage\"},\"image\":{\"@id\":\"https:\/\/d-identify.be\/fr\/produit\/eau-adoucie\/#primaryimage\"},\"thumbnailUrl\":\"https:\/\/d-identify.be\/wp-content\/uploads\/2024\/11\/GR450x52FR-2-14.png\",\"datePublished\":\"2024-11-05T18:50:47+00:00\",\"dateModified\":\"2026-02-20T10:25:25+00:00\",\"description\":\"Marquage de tuyauterie eau adoucie selon NBN T 69-004. Identification claire des conduites avec fl\u00e8ches directionnelles et formats adapt\u00e9s aux diam\u00e8tres.\",\"breadcrumb\":{\"@id\":\"https:\/\/d-identify.be\/fr\/produit\/eau-adoucie\/#breadcrumb\"},\"inLanguage\":\"fr-FR\",\"potentialAction\":[{\"@type\":\"ReadAction\",\"target\":[\"https:\/\/d-identify.be\/fr\/produit\/eau-adoucie\/\"]}]},{\"@type\":\"ImageObject\",\"inLanguage\":\"fr-FR\",\"@id\":\"https:\/\/d-identify.be\/fr\/produit\/eau-adoucie\/#primaryimage\",\"url\":\"https:\/\/d-identify.be\/wp-content\/uploads\/2024\/11\/GR450x52FR-2-14.png\",\"contentUrl\":\"https:\/\/d-identify.be\/wp-content\/uploads\/2024\/11\/GR450x52FR-2-14.png\",\"width\":1081,\"height\":666,\"caption\":\"Marquage de tuyauterie eau adoucie \u2013 NBN T 69-004\"},{\"@type\":\"BreadcrumbList\",\"@id\":\"https:\/\/d-identify.be\/fr\/produit\/eau-adoucie\/#breadcrumb\",\"itemListElement\":[{\"@type\":\"ListItem\",\"position\":1,\"name\":\"Home\",\"item\":\"https:\/\/d-identify.be\/fr\/home-2\/\"},{\"@type\":\"ListItem\",\"position\":2,\"name\":\"Boutique\",\"item\":\"https:\/\/d-identify.be\/fr\/boutique\/\"},{\"@type\":\"ListItem\",\"position\":3,\"name\":\"Marquage de tuyauterie eau adoucie\"}]},{\"@type\":\"WebSite\",\"@id\":\"https:\/\/d-identify.be\/fr\/#website\",\"url\":\"https:\/\/d-identify.be\/fr\/\",\"name\":\"d-identify\",\"description\":\"Industrial identification - Lockout - Tagout - Floor marking\",\"potentialAction\":[{\"@type\":\"SearchAction\",\"target\":{\"@type\":\"EntryPoint\",\"urlTemplate\":\"https:\/\/d-identify.be\/fr\/?s={search_term_string}\"},\"query-input\":{\"@type\":\"PropertyValueSpecification\",\"valueRequired\":true,\"valueName\":\"search_term_string\"}}],\"inLanguage\":\"fr-FR\"}]}<\/script>\n<!-- \/ Yoast SEO Premium plugin. -->","yoast_head_json":{"title":"Marquage de tuyauterie eau adoucie \u2013 NBN T 69-004","description":"Marquage de tuyauterie eau adoucie selon NBN T 69-004. Identification claire des conduites avec fl\u00e8ches directionnelles et formats adapt\u00e9s aux diam\u00e8tres.","robots":{"index":"index","follow":"follow","max-snippet":"max-snippet:-1","max-image-preview":"max-image-preview:large","max-video-preview":"max-video-preview:-1"},"canonical":"https:\/\/d-identify.be\/fr\/produit\/eau-adoucie\/","og_locale":"fr_FR","og_type":"article","og_title":"Marquage de tuyauterie eau adoucie","og_description":"Marquage de tuyauterie eau adoucie selon NBN T 69-004. Identification claire des conduites avec fl\u00e8ches directionnelles et formats adapt\u00e9s aux diam\u00e8tres.","og_url":"https:\/\/d-identify.be\/fr\/produit\/eau-adoucie\/","og_site_name":"d-identify","article_modified_time":"2026-02-20T10:25:25+00:00","og_image":[{"width":1081,"height":666,"url":"https:\/\/d-identify.be\/wp-content\/uploads\/2024\/11\/GR450x52FR-2-14.png","type":"image\/png"}],"twitter_card":"summary_large_image","twitter_misc":{"Dur\u00e9e de lecture estim\u00e9e":"1 minute"},"schema":{"@context":"https:\/\/schema.org","@graph":[{"@type":"WebPage","@id":"https:\/\/d-identify.be\/fr\/produit\/eau-adoucie\/","url":"https:\/\/d-identify.be\/fr\/produit\/eau-adoucie\/","name":"Marquage de tuyauterie eau adoucie \u2013 NBN T 69-004","isPartOf":{"@id":"https:\/\/d-identify.be\/fr\/#website"},"primaryImageOfPage":{"@id":"https:\/\/d-identify.be\/fr\/produit\/eau-adoucie\/#primaryimage"},"image":{"@id":"https:\/\/d-identify.be\/fr\/produit\/eau-adoucie\/#primaryimage"},"thumbnailUrl":"https:\/\/d-identify.be\/wp-content\/uploads\/2024\/11\/GR450x52FR-2-14.png","datePublished":"2024-11-05T18:50:47+00:00","dateModified":"2026-02-20T10:25:25+00:00","description":"Marquage de tuyauterie eau adoucie selon NBN T 69-004. Identification claire des conduites avec fl\u00e8ches directionnelles et formats adapt\u00e9s aux diam\u00e8tres.","breadcrumb":{"@id":"https:\/\/d-identify.be\/fr\/produit\/eau-adoucie\/#breadcrumb"},"inLanguage":"fr-FR","potentialAction":[{"@type":"ReadAction","target":["https:\/\/d-identify.be\/fr\/produit\/eau-adoucie\/"]}]},{"@type":"ImageObject","inLanguage":"fr-FR","@id":"https:\/\/d-identify.be\/fr\/produit\/eau-adoucie\/#primaryimage","url":"https:\/\/d-identify.be\/wp-content\/uploads\/2024\/11\/GR450x52FR-2-14.png","contentUrl":"https:\/\/d-identify.be\/wp-content\/uploads\/2024\/11\/GR450x52FR-2-14.png","width":1081,"height":666,"caption":"Marquage de tuyauterie eau adoucie \u2013 NBN T 69-004"},{"@type":"BreadcrumbList","@id":"https:\/\/d-identify.be\/fr\/produit\/eau-adoucie\/#breadcrumb","itemListElement":[{"@type":"ListItem","position":1,"name":"Home","item":"https:\/\/d-identify.be\/fr\/home-2\/"},{"@type":"ListItem","position":2,"name":"Boutique","item":"https:\/\/d-identify.be\/fr\/boutique\/"},{"@type":"ListItem","position":3,"name":"Marquage de tuyauterie eau adoucie"}]},{"@type":"WebSite","@id":"https:\/\/d-identify.be\/fr\/#website","url":"https:\/\/d-identify.be\/fr\/","name":"d-identify","description":"Industrial identification - Lockout - Tagout - Floor marking","potentialAction":[{"@type":"SearchAction","target":{"@type":"EntryPoint","urlTemplate":"https:\/\/d-identify.be\/fr\/?s={search_term_string}"},"query-input":{"@type":"PropertyValueSpecification","valueRequired":true,"valueName":"search_term_string"}}],"inLanguage":"fr-FR"}]}},"_links":{"self":[{"href":"https:\/\/d-identify.be\/fr\/wp-json\/wp\/v2\/product\/46263","targetHints":{"allow":["GET"]}}],"collection":[{"href":"https:\/\/d-identify.be\/fr\/wp-json\/wp\/v2\/product"}],"about":[{"href":"https:\/\/d-identify.be\/fr\/wp-json\/wp\/v2\/types\/product"}],"replies":[{"embeddable":true,"href":"https:\/\/d-identify.be\/fr\/wp-json\/wp\/v2\/comments?post=46263"}],"wp:featuredmedia":[{"embeddable":true,"href":"https:\/\/d-identify.be\/fr\/wp-json\/wp\/v2\/media\/46280"}],"wp:attachment":[{"href":"https:\/\/d-identify.be\/fr\/wp-json\/wp\/v2\/media?parent=46263"}],"wp:term":[{"taxonomy":"product_brand","embeddable":true,"href":"https:\/\/d-identify.be\/fr\/wp-json\/wp\/v2\/product_brand?post=46263"},{"taxonomy":"product_cat","embeddable":true,"href":"https:\/\/d-identify.be\/fr\/wp-json\/wp\/v2\/product_cat?post=46263"},{"taxonomy":"product_tag","embeddable":true,"href":"https:\/\/d-identify.be\/fr\/wp-json\/wp\/v2\/product_tag?post=46263"},{"taxonomy":"pa_connextion-shapes","embeddable":true,"href":"https:\/\/d-identify.be\/fr\/wp-json\/wp\/v2\/pa_connextion-shapes?post=46263"}],"curies":[{"name":"wp","href":"https:\/\/api.w.org\/{rel}","templated":true}]}}