{"id":45303,"date":"2024-10-25T14:20:47","date_gmt":"2024-10-25T12:20:47","guid":{"rendered":"https:\/\/d-identify.be\/product\/air-comprime-1-5-bars-copy\/"},"modified":"2026-02-23T00:15:38","modified_gmt":"2026-02-22T22:15:38","slug":"marquage-tuyauterie-air-comprime-3-5-bars","status":"publish","type":"product","link":"https:\/\/d-identify.be\/fr\/produit\/marquage-tuyauterie-air-comprime-3-5-bars\/","title":{"rendered":"Marquage de tuyauterie air comprim\u00e9 3.5 bars"},"content":{"rendered":"<div class=\"flex max-w-full flex-col flex-grow\">\n<div class=\"min-h-8 text-message flex w-full flex-col items-end gap-2 whitespace-normal break-words [.text-message+&amp;]:mt-5\" dir=\"auto\" data-message-author-role=\"assistant\" data-message-id=\"3e068592-fd02-4445-b22c-60b81b08b5f3\">\n<div class=\"flex w-full flex-col gap-1 empty:hidden first:pt-[3px]\">\n<div class=\"markdown prose w-full break-words dark:prose-invert light\">\n<p data-start=\"488\" data-end=\"648\">Le marquage de tuyauterie air comprim\u00e9 3.5 bars permet d\u2019identifier clairement les conduites transportant de l\u2019air comprim\u00e9 \u00e0 une pression nominale de 3,5 bars.<\/p>\n<p data-start=\"650\" data-end=\"862\">L\u2019air comprim\u00e9 \u00e0 3.5 bars est souvent utilis\u00e9 pour des applications sp\u00e9cifiques n\u00e9cessitant une pression contr\u00f4l\u00e9e. L\u2019indication pr\u00e9cise de la pression am\u00e9liore la lisibilit\u00e9 du r\u00e9seau et facilite la maintenance.<\/p>\n<p data-start=\"864\" data-end=\"1064\">Une identification claire r\u00e9duit les risques d\u2019erreur lors des interventions techniques. Elle permet aux \u00e9quipes de distinguer rapidement les diff\u00e9rents niveaux de pression au sein d\u2019une installation.<\/p>\n<p data-start=\"1066\" data-end=\"1234\">Le marquage est conforme \u00e0 la norme NBN T 69-004. Il comprend le texte \u00ab Air comprim\u00e9 3.5 bars \u00bb ainsi que les fl\u00e8ches directionnelles indiquant le sens de circulation.<\/p>\n<p data-start=\"1236\" data-end=\"1374\">Avec un marquage de tuyauterie air comprim\u00e9 3.5 bars adapt\u00e9, l\u2019installation reste structur\u00e9e, claire et conforme aux exigences techniques.<\/p>\n<p data-start=\"1376\" data-end=\"1441\">Disponible en plusieurs formats selon le diam\u00e8tre de la conduite.<\/p>\n<\/div>\n<\/div>\n<\/div>\n<\/div>\n","protected":false},"excerpt":{"rendered":"<div class=\"flex flex-col text-sm pb-25\">\n<article class=\"text-token-text-primary w-full focus:outline-none [--shadow-height:45px] has-data-writing-block:pointer-events-none has-data-writing-block:-mt-(--shadow-height) has-data-writing-block:pt-(--shadow-height) [&amp;:has([data-writing-block])&gt;*]:pointer-events-auto scroll-mt-[calc(var(--header-height)+min(200px,max(70px,20svh)))]\" dir=\"auto\" tabindex=\"-1\" data-turn-id=\"request-WEB:2c81488a-f0c0-4c90-a797-c77232e2be3b-37\" data-testid=\"conversation-turn-76\" data-scroll-anchor=\"true\" data-turn=\"assistant\">\n<div class=\"text-base my-auto mx-auto pb-10 [--thread-content-margin:--spacing(4)] @w-sm\/main:[--thread-content-margin:--spacing(6)] @w-lg\/main:[--thread-content-margin:--spacing(16)] px-(--thread-content-margin)\">\n<div class=\"[--thread-content-max-width:40rem] @w-lg\/main:[--thread-content-max-width:48rem] mx-auto max-w-(--thread-content-max-width) flex-1 group\/turn-messages focus-visible:outline-hidden relative flex w-full min-w-0 flex-col agent-turn\" tabindex=\"-1\">\n<div class=\"flex max-w-full flex-col grow\">\n<div class=\"min-h-8 text-message relative flex w-full flex-col items-end gap-2 text-start break-words whitespace-normal [.text-message+&amp;]:mt-1\" dir=\"auto\" data-message-author-role=\"assistant\" data-message-id=\"3f4f2eaf-16e7-4450-bc54-2b93fd0c62bf\" data-message-model-slug=\"gpt-5-2\">\n<div class=\"flex w-full flex-col gap-1 empty:hidden first:pt-[1px]\">\n<div class=\"markdown prose dark:prose-invert w-full wrap-break-word light markdown-new-styling\">\n<p data-start=\"1471\" data-end=\"1602\" data-is-last-node=\"\" data-is-only-node=\"\">Marquage de tuyauterie air comprim\u00e9 3.5 bars conforme NBN T 69-004. Disponible par diam\u00e8tre avec indication de pression et fl\u00e8ches.<\/p>\n<\/div>\n<\/div>\n<\/div>\n<\/div>\n<\/div>\n<\/div>\n<\/article>\n<\/div>\n<ul>\n<li><strong>Mat\u00e9riau :<\/strong>Vinyle polym\u00e8re<\/li>\n<li><strong>Adh\u00e9sif :<\/strong>Acrylique permanent<\/li>\n<li><strong>Plage de temp\u00e9rature :<\/strong> -30\u00b0C \u00e0 +120\u00b0C<\/li>\n<li><strong>Durabilit\u00e9 :<\/strong>jusqu&rsquo;\u00e0 7 ans<\/li>\n<li><strong>Finition :<\/strong>Semi-brillant (lamin\u00e9 UV)<\/li>\n<\/ul>\n<p>* Tous nos marquages sont extra lamin\u00e9s pour garantir une bonne r\u00e9sistance aux UV pendant jusqu&rsquo;\u00e0 7 ans dans des environnements ext\u00e9rieurs.<\/p>\n","protected":false},"featured_media":45320,"comment_status":"open","ping_status":"closed","template":"","meta":{"_acf_changed":false,"_et_pb_use_builder":"","_et_pb_old_content":"","_et_gb_content_width":""},"product_brand":[],"product_cat":[1109],"product_tag":[],"pa_connextion-shapes":[],"class_list":{"0":"post-45303","1":"product","2":"type-product","3":"status-publish","4":"has-post-thumbnail","6":"product_cat-marquage-de-tuyauteries","8":"first","9":"instock","10":"taxable","11":"shipping-taxable","12":"purchasable","13":"product-type-variable","14":"has-default-attributes"},"exclude_global_add_ons":[],"addons":[],"acf":[],"yoast_head":"<!-- This site is optimized with the Yoast SEO Premium plugin v27.0 (Yoast SEO v27.1) - https:\/\/yoast.com\/product\/yoast-seo-premium-wordpress\/ -->\n<title>Marquage de tuyauterie air comprim\u00e9 3.5 bars \u2013 NBN T 69-004<\/title>\n<meta name=\"description\" content=\"Marquage de tuyauterie air comprim\u00e9 3.5 bars selon NBN T 69-004. Identification claire des conduites avec pression et fl\u00e8ches directionnelles.\" \/>\n<meta name=\"robots\" content=\"index, follow, max-snippet:-1, max-image-preview:large, max-video-preview:-1\" \/>\n<link rel=\"canonical\" href=\"https:\/\/d-identify.be\/fr\/produit\/marquage-tuyauterie-air-comprime-3-5-bars\/\" \/>\n<meta property=\"og:locale\" content=\"fr_FR\" \/>\n<meta property=\"og:type\" content=\"article\" \/>\n<meta property=\"og:title\" content=\"Marquage de tuyauterie air comprim\u00e9 3.5 bars\" \/>\n<meta property=\"og:description\" content=\"Marquage de tuyauterie air comprim\u00e9 3.5 bars selon NBN T 69-004. Identification claire des conduites avec pression et fl\u00e8ches directionnelles.\" \/>\n<meta property=\"og:url\" content=\"https:\/\/d-identify.be\/fr\/produit\/marquage-tuyauterie-air-comprime-3-5-bars\/\" \/>\n<meta property=\"og:site_name\" content=\"d-identify\" \/>\n<meta property=\"article:modified_time\" content=\"2026-02-22T22:15:38+00:00\" \/>\n<meta property=\"og:image\" content=\"https:\/\/d-identify.be\/wp-content\/uploads\/2024\/10\/BL450x52FR-2-07.png\" \/>\n\t<meta property=\"og:image:width\" content=\"1080\" \/>\n\t<meta property=\"og:image:height\" content=\"666\" \/>\n\t<meta property=\"og:image:type\" content=\"image\/png\" \/>\n<meta name=\"twitter:card\" content=\"summary_large_image\" \/>\n<meta name=\"twitter:label1\" content=\"Dur\u00e9e de lecture estim\u00e9e\" \/>\n\t<meta name=\"twitter:data1\" content=\"1 minute\" \/>\n<script type=\"application\/ld+json\" class=\"yoast-schema-graph\">{\"@context\":\"https:\/\/schema.org\",\"@graph\":[{\"@type\":\"WebPage\",\"@id\":\"https:\/\/d-identify.be\/fr\/produit\/marquage-tuyauterie-air-comprime-3-5-bars\/\",\"url\":\"https:\/\/d-identify.be\/fr\/produit\/marquage-tuyauterie-air-comprime-3-5-bars\/\",\"name\":\"Marquage de tuyauterie air comprim\u00e9 3.5 bars \u2013 NBN T 69-004\",\"isPartOf\":{\"@id\":\"https:\/\/d-identify.be\/fr\/#website\"},\"primaryImageOfPage\":{\"@id\":\"https:\/\/d-identify.be\/fr\/produit\/marquage-tuyauterie-air-comprime-3-5-bars\/#primaryimage\"},\"image\":{\"@id\":\"https:\/\/d-identify.be\/fr\/produit\/marquage-tuyauterie-air-comprime-3-5-bars\/#primaryimage\"},\"thumbnailUrl\":\"https:\/\/d-identify.be\/wp-content\/uploads\/2024\/10\/BL450x52FR-2-07.png\",\"datePublished\":\"2024-10-25T12:20:47+00:00\",\"dateModified\":\"2026-02-22T22:15:38+00:00\",\"description\":\"Marquage de tuyauterie air comprim\u00e9 3.5 bars selon NBN T 69-004. Identification claire des conduites avec pression et fl\u00e8ches directionnelles.\",\"breadcrumb\":{\"@id\":\"https:\/\/d-identify.be\/fr\/produit\/marquage-tuyauterie-air-comprime-3-5-bars\/#breadcrumb\"},\"inLanguage\":\"fr-FR\",\"potentialAction\":[{\"@type\":\"ReadAction\",\"target\":[\"https:\/\/d-identify.be\/fr\/produit\/marquage-tuyauterie-air-comprime-3-5-bars\/\"]}]},{\"@type\":\"ImageObject\",\"inLanguage\":\"fr-FR\",\"@id\":\"https:\/\/d-identify.be\/fr\/produit\/marquage-tuyauterie-air-comprime-3-5-bars\/#primaryimage\",\"url\":\"https:\/\/d-identify.be\/wp-content\/uploads\/2024\/10\/BL450x52FR-2-07.png\",\"contentUrl\":\"https:\/\/d-identify.be\/wp-content\/uploads\/2024\/10\/BL450x52FR-2-07.png\",\"width\":1080,\"height\":666,\"caption\":\"Marquage de tuyauterie air comprim\u00e9 3.5 bars \u2013 NBN T 69-004\"},{\"@type\":\"BreadcrumbList\",\"@id\":\"https:\/\/d-identify.be\/fr\/produit\/marquage-tuyauterie-air-comprime-3-5-bars\/#breadcrumb\",\"itemListElement\":[{\"@type\":\"ListItem\",\"position\":1,\"name\":\"Home\",\"item\":\"https:\/\/d-identify.be\/fr\/home-2\/\"},{\"@type\":\"ListItem\",\"position\":2,\"name\":\"Boutique\",\"item\":\"https:\/\/d-identify.be\/fr\/boutique\/\"},{\"@type\":\"ListItem\",\"position\":3,\"name\":\"Marquage de tuyauterie air comprim\u00e9 3.5 bars\"}]},{\"@type\":\"WebSite\",\"@id\":\"https:\/\/d-identify.be\/fr\/#website\",\"url\":\"https:\/\/d-identify.be\/fr\/\",\"name\":\"d-identify\",\"description\":\"Industrial identification - Lockout - Tagout - Floor marking\",\"potentialAction\":[{\"@type\":\"SearchAction\",\"target\":{\"@type\":\"EntryPoint\",\"urlTemplate\":\"https:\/\/d-identify.be\/fr\/?s={search_term_string}\"},\"query-input\":{\"@type\":\"PropertyValueSpecification\",\"valueRequired\":true,\"valueName\":\"search_term_string\"}}],\"inLanguage\":\"fr-FR\"}]}<\/script>\n<!-- \/ Yoast SEO Premium plugin. -->","yoast_head_json":{"title":"Marquage de tuyauterie air comprim\u00e9 3.5 bars \u2013 NBN T 69-004","description":"Marquage de tuyauterie air comprim\u00e9 3.5 bars selon NBN T 69-004. Identification claire des conduites avec pression et fl\u00e8ches directionnelles.","robots":{"index":"index","follow":"follow","max-snippet":"max-snippet:-1","max-image-preview":"max-image-preview:large","max-video-preview":"max-video-preview:-1"},"canonical":"https:\/\/d-identify.be\/fr\/produit\/marquage-tuyauterie-air-comprime-3-5-bars\/","og_locale":"fr_FR","og_type":"article","og_title":"Marquage de tuyauterie air comprim\u00e9 3.5 bars","og_description":"Marquage de tuyauterie air comprim\u00e9 3.5 bars selon NBN T 69-004. Identification claire des conduites avec pression et fl\u00e8ches directionnelles.","og_url":"https:\/\/d-identify.be\/fr\/produit\/marquage-tuyauterie-air-comprime-3-5-bars\/","og_site_name":"d-identify","article_modified_time":"2026-02-22T22:15:38+00:00","og_image":[{"width":1080,"height":666,"url":"https:\/\/d-identify.be\/wp-content\/uploads\/2024\/10\/BL450x52FR-2-07.png","type":"image\/png"}],"twitter_card":"summary_large_image","twitter_misc":{"Dur\u00e9e de lecture estim\u00e9e":"1 minute"},"schema":{"@context":"https:\/\/schema.org","@graph":[{"@type":"WebPage","@id":"https:\/\/d-identify.be\/fr\/produit\/marquage-tuyauterie-air-comprime-3-5-bars\/","url":"https:\/\/d-identify.be\/fr\/produit\/marquage-tuyauterie-air-comprime-3-5-bars\/","name":"Marquage de tuyauterie air comprim\u00e9 3.5 bars \u2013 NBN T 69-004","isPartOf":{"@id":"https:\/\/d-identify.be\/fr\/#website"},"primaryImageOfPage":{"@id":"https:\/\/d-identify.be\/fr\/produit\/marquage-tuyauterie-air-comprime-3-5-bars\/#primaryimage"},"image":{"@id":"https:\/\/d-identify.be\/fr\/produit\/marquage-tuyauterie-air-comprime-3-5-bars\/#primaryimage"},"thumbnailUrl":"https:\/\/d-identify.be\/wp-content\/uploads\/2024\/10\/BL450x52FR-2-07.png","datePublished":"2024-10-25T12:20:47+00:00","dateModified":"2026-02-22T22:15:38+00:00","description":"Marquage de tuyauterie air comprim\u00e9 3.5 bars selon NBN T 69-004. Identification claire des conduites avec pression et fl\u00e8ches directionnelles.","breadcrumb":{"@id":"https:\/\/d-identify.be\/fr\/produit\/marquage-tuyauterie-air-comprime-3-5-bars\/#breadcrumb"},"inLanguage":"fr-FR","potentialAction":[{"@type":"ReadAction","target":["https:\/\/d-identify.be\/fr\/produit\/marquage-tuyauterie-air-comprime-3-5-bars\/"]}]},{"@type":"ImageObject","inLanguage":"fr-FR","@id":"https:\/\/d-identify.be\/fr\/produit\/marquage-tuyauterie-air-comprime-3-5-bars\/#primaryimage","url":"https:\/\/d-identify.be\/wp-content\/uploads\/2024\/10\/BL450x52FR-2-07.png","contentUrl":"https:\/\/d-identify.be\/wp-content\/uploads\/2024\/10\/BL450x52FR-2-07.png","width":1080,"height":666,"caption":"Marquage de tuyauterie air comprim\u00e9 3.5 bars \u2013 NBN T 69-004"},{"@type":"BreadcrumbList","@id":"https:\/\/d-identify.be\/fr\/produit\/marquage-tuyauterie-air-comprime-3-5-bars\/#breadcrumb","itemListElement":[{"@type":"ListItem","position":1,"name":"Home","item":"https:\/\/d-identify.be\/fr\/home-2\/"},{"@type":"ListItem","position":2,"name":"Boutique","item":"https:\/\/d-identify.be\/fr\/boutique\/"},{"@type":"ListItem","position":3,"name":"Marquage de tuyauterie air comprim\u00e9 3.5 bars"}]},{"@type":"WebSite","@id":"https:\/\/d-identify.be\/fr\/#website","url":"https:\/\/d-identify.be\/fr\/","name":"d-identify","description":"Industrial identification - Lockout - Tagout - Floor marking","potentialAction":[{"@type":"SearchAction","target":{"@type":"EntryPoint","urlTemplate":"https:\/\/d-identify.be\/fr\/?s={search_term_string}"},"query-input":{"@type":"PropertyValueSpecification","valueRequired":true,"valueName":"search_term_string"}}],"inLanguage":"fr-FR"}]}},"_links":{"self":[{"href":"https:\/\/d-identify.be\/fr\/wp-json\/wp\/v2\/product\/45303","targetHints":{"allow":["GET"]}}],"collection":[{"href":"https:\/\/d-identify.be\/fr\/wp-json\/wp\/v2\/product"}],"about":[{"href":"https:\/\/d-identify.be\/fr\/wp-json\/wp\/v2\/types\/product"}],"replies":[{"embeddable":true,"href":"https:\/\/d-identify.be\/fr\/wp-json\/wp\/v2\/comments?post=45303"}],"wp:featuredmedia":[{"embeddable":true,"href":"https:\/\/d-identify.be\/fr\/wp-json\/wp\/v2\/media\/45320"}],"wp:attachment":[{"href":"https:\/\/d-identify.be\/fr\/wp-json\/wp\/v2\/media?parent=45303"}],"wp:term":[{"taxonomy":"product_brand","embeddable":true,"href":"https:\/\/d-identify.be\/fr\/wp-json\/wp\/v2\/product_brand?post=45303"},{"taxonomy":"product_cat","embeddable":true,"href":"https:\/\/d-identify.be\/fr\/wp-json\/wp\/v2\/product_cat?post=45303"},{"taxonomy":"product_tag","embeddable":true,"href":"https:\/\/d-identify.be\/fr\/wp-json\/wp\/v2\/product_tag?post=45303"},{"taxonomy":"pa_connextion-shapes","embeddable":true,"href":"https:\/\/d-identify.be\/fr\/wp-json\/wp\/v2\/pa_connextion-shapes?post=45303"}],"curies":[{"name":"wp","href":"https:\/\/api.w.org\/{rel}","templated":true}]}}