{"id":44003,"date":"2024-10-07T19:51:56","date_gmt":"2024-10-07T17:51:56","guid":{"rendered":"https:\/\/d-identify.be\/?post_type=product&#038;p=44003"},"modified":"2026-02-23T01:41:44","modified_gmt":"2026-02-22T23:41:44","slug":"marquage-tuyauterie-freon","status":"publish","type":"product","link":"https:\/\/d-identify.be\/fr\/produit\/marquage-tuyauterie-freon\/","title":{"rendered":"Marquage de tuyauterie Fr\u00e9on"},"content":{"rendered":"<div class=\"flex max-w-full flex-col flex-grow\">\n<div class=\"min-h-8 text-message flex w-full flex-col items-end gap-2 whitespace-normal break-words [.text-message+&amp;]:mt-5\" dir=\"auto\" data-message-author-role=\"assistant\" data-message-id=\"3e068592-fd02-4445-b22c-60b81b08b5f3\">\n<div class=\"flex w-full flex-col gap-1 empty:hidden first:pt-[3px]\">\n<div class=\"markdown prose w-full break-words dark:prose-invert light\">\n<p data-start=\"429\" data-end=\"615\">Le marquage de tuyauterie Fr\u00e9on permet d\u2019identifier clairement les conduites transportant un fluide frigorig\u00e8ne de type Fr\u00e9on dans les installations de r\u00e9frig\u00e9ration et de climatisation.<\/p>\n<p data-start=\"617\" data-end=\"861\">Le terme Fr\u00e9on d\u00e9signe plusieurs fluides frigorig\u00e8nes utilis\u00e9s en HVAC et en froid industriel. Ces gaz sont g\u00e9n\u00e9ralement stock\u00e9s et distribu\u00e9s sous pression. Leur classification CLP d\u00e9pend du type exact de r\u00e9frig\u00e9rant (R22, R134a, R410A, etc.).<\/p>\n<p data-start=\"863\" data-end=\"1029\">Une identification claire am\u00e9liore la s\u00e9curit\u00e9 des installations. Elle facilite les op\u00e9rations de maintenance et r\u00e9duit les risques lors des interventions techniques.<\/p>\n<p data-start=\"1031\" data-end=\"1229\">Le marquage est conforme \u00e0 la norme NBN T 69-004. Il int\u00e8gre les pictogrammes CLP requis selon la classification du fluide, notamment GHS04 (gaz sous pression) et autres pictogrammes si applicables.<\/p>\n<p data-start=\"1231\" data-end=\"1358\">Avec un marquage de tuyauterie Fr\u00e9on adapt\u00e9, l\u2019installation reste structur\u00e9e, lisible et conforme aux exigences r\u00e9glementaires.<\/p>\n<p data-start=\"1360\" data-end=\"1425\">Disponible en plusieurs formats selon le diam\u00e8tre de la conduite.<\/p>\n<\/div>\n<\/div>\n<\/div>\n<\/div>\n","protected":false},"excerpt":{"rendered":"<div class=\"flex flex-col text-sm pb-25\">\n<article class=\"text-token-text-primary w-full focus:outline-none [--shadow-height:45px] has-data-writing-block:pointer-events-none has-data-writing-block:-mt-(--shadow-height) has-data-writing-block:pt-(--shadow-height) [&amp;:has([data-writing-block])&gt;*]:pointer-events-auto scroll-mt-[calc(var(--header-height)+min(200px,max(70px,20svh)))]\" dir=\"auto\" tabindex=\"-1\" data-turn-id=\"request-WEB:2c81488a-f0c0-4c90-a797-c77232e2be3b-74\" data-testid=\"conversation-turn-150\" data-scroll-anchor=\"true\" data-turn=\"assistant\">\n<div class=\"text-base my-auto mx-auto pb-10 [--thread-content-margin:--spacing(4)] @w-sm\/main:[--thread-content-margin:--spacing(6)] @w-lg\/main:[--thread-content-margin:--spacing(16)] px-(--thread-content-margin)\">\n<div class=\"[--thread-content-max-width:40rem] @w-lg\/main:[--thread-content-max-width:48rem] mx-auto max-w-(--thread-content-max-width) flex-1 group\/turn-messages focus-visible:outline-hidden relative flex w-full min-w-0 flex-col agent-turn\" tabindex=\"-1\">\n<div class=\"flex max-w-full flex-col grow\">\n<div class=\"min-h-8 text-message relative flex w-full flex-col items-end gap-2 text-start break-words whitespace-normal [.text-message+&amp;]:mt-1\" dir=\"auto\" data-message-author-role=\"assistant\" data-message-id=\"f05498a3-4258-44f1-9afb-31f379c6618a\" data-message-model-slug=\"gpt-5-2\">\n<div class=\"flex w-full flex-col gap-1 empty:hidden first:pt-[1px]\">\n<div class=\"markdown prose dark:prose-invert w-full wrap-break-word light markdown-new-styling\">\n<p data-start=\"1455\" data-end=\"1596\" data-is-last-node=\"\" data-is-only-node=\"\">Marquage de tuyauterie Fr\u00e9on conforme NBN T 69-004 avec pictogrammes CLP selon classification. Disponible par diam\u00e8tre avec texte et fl\u00e8ches.<\/p>\n<\/div>\n<\/div>\n<\/div>\n<\/div>\n<\/div>\n<\/div>\n<\/article>\n<\/div>\n<ul>\n<li><strong>Mat\u00e9riau :<\/strong>Vinyle polym\u00e8re<\/li>\n<li><strong>Adh\u00e9sif :<\/strong>Acrylique permanent<\/li>\n<li><strong>Plage de temp\u00e9rature :<\/strong> -30\u00b0C \u00e0 +120\u00b0C<\/li>\n<li><strong>Durabilit\u00e9 :<\/strong>jusqu&rsquo;\u00e0 7 ans<\/li>\n<li><strong>Finition :<\/strong>Semi-brillant (lamin\u00e9 UV)<\/li>\n<\/ul>\n<p>* Tous nos marquages sont extra lamin\u00e9s pour garantir une bonne r\u00e9sistance aux UV pendant jusqu&rsquo;\u00e0 7 ans dans des environnements ext\u00e9rieurs.<\/p>\n","protected":false},"featured_media":44020,"comment_status":"open","ping_status":"closed","template":"","meta":{"_acf_changed":false,"_et_pb_use_builder":"","_et_pb_old_content":"","_et_gb_content_width":""},"product_brand":[],"product_cat":[1109],"product_tag":[],"pa_connextion-shapes":[],"class_list":{"0":"post-44003","1":"product","2":"type-product","3":"status-publish","4":"has-post-thumbnail","6":"product_cat-marquage-de-tuyauteries","8":"first","9":"instock","10":"taxable","11":"shipping-taxable","12":"purchasable","13":"product-type-variable","14":"has-default-attributes"},"exclude_global_add_ons":[],"addons":[],"acf":[],"yoast_head":"<!-- This site is optimized with the Yoast SEO Premium plugin v27.0 (Yoast SEO v27.1) - https:\/\/yoast.com\/product\/yoast-seo-premium-wordpress\/ -->\n<title>Marquage de tuyauterie Fr\u00e9on \u2013 NBN T 69-004 avec CLP<\/title>\n<meta name=\"description\" content=\"Marquage de tuyauterie Fr\u00e9on selon NBN T 69-004 avec pictogramme CLP gaz sous pression. Identification claire des conduites frigorifiques.\" \/>\n<meta name=\"robots\" content=\"index, follow, max-snippet:-1, max-image-preview:large, max-video-preview:-1\" \/>\n<link rel=\"canonical\" href=\"https:\/\/d-identify.be\/fr\/produit\/marquage-tuyauterie-freon\/\" \/>\n<meta property=\"og:locale\" content=\"fr_FR\" \/>\n<meta property=\"og:type\" content=\"article\" \/>\n<meta property=\"og:title\" content=\"Marquage de tuyauterie Fr\u00e9on\" \/>\n<meta property=\"og:description\" content=\"Marquage de tuyauterie Fr\u00e9on selon NBN T 69-004 avec pictogramme CLP gaz sous pression. Identification claire des conduites frigorifiques.\" \/>\n<meta property=\"og:url\" content=\"https:\/\/d-identify.be\/fr\/produit\/marquage-tuyauterie-freon\/\" \/>\n<meta property=\"og:site_name\" content=\"d-identify\" \/>\n<meta property=\"article:modified_time\" content=\"2026-02-22T23:41:44+00:00\" \/>\n<meta property=\"og:image\" content=\"https:\/\/d-identify.be\/wp-content\/uploads\/2024\/10\/Freon-YL450x52FR-2-28.png\" \/>\n\t<meta property=\"og:image:width\" content=\"728\" \/>\n\t<meta property=\"og:image:height\" content=\"639\" \/>\n\t<meta property=\"og:image:type\" content=\"image\/png\" \/>\n<meta name=\"twitter:card\" content=\"summary_large_image\" \/>\n<meta name=\"twitter:label1\" content=\"Dur\u00e9e de lecture estim\u00e9e\" \/>\n\t<meta name=\"twitter:data1\" content=\"1 minute\" \/>\n<script type=\"application\/ld+json\" class=\"yoast-schema-graph\">{\"@context\":\"https:\/\/schema.org\",\"@graph\":[{\"@type\":\"WebPage\",\"@id\":\"https:\/\/d-identify.be\/fr\/produit\/marquage-tuyauterie-freon\/\",\"url\":\"https:\/\/d-identify.be\/fr\/produit\/marquage-tuyauterie-freon\/\",\"name\":\"Marquage de tuyauterie Fr\u00e9on \u2013 NBN T 69-004 avec CLP\",\"isPartOf\":{\"@id\":\"https:\/\/d-identify.be\/fr\/#website\"},\"primaryImageOfPage\":{\"@id\":\"https:\/\/d-identify.be\/fr\/produit\/marquage-tuyauterie-freon\/#primaryimage\"},\"image\":{\"@id\":\"https:\/\/d-identify.be\/fr\/produit\/marquage-tuyauterie-freon\/#primaryimage\"},\"thumbnailUrl\":\"https:\/\/d-identify.be\/wp-content\/uploads\/2024\/10\/Freon-YL450x52FR-2-28.png\",\"datePublished\":\"2024-10-07T17:51:56+00:00\",\"dateModified\":\"2026-02-22T23:41:44+00:00\",\"description\":\"Marquage de tuyauterie Fr\u00e9on selon NBN T 69-004 avec pictogramme CLP gaz sous pression. Identification claire des conduites frigorifiques.\",\"breadcrumb\":{\"@id\":\"https:\/\/d-identify.be\/fr\/produit\/marquage-tuyauterie-freon\/#breadcrumb\"},\"inLanguage\":\"fr-FR\",\"potentialAction\":[{\"@type\":\"ReadAction\",\"target\":[\"https:\/\/d-identify.be\/fr\/produit\/marquage-tuyauterie-freon\/\"]}]},{\"@type\":\"ImageObject\",\"inLanguage\":\"fr-FR\",\"@id\":\"https:\/\/d-identify.be\/fr\/produit\/marquage-tuyauterie-freon\/#primaryimage\",\"url\":\"https:\/\/d-identify.be\/wp-content\/uploads\/2024\/10\/Freon-YL450x52FR-2-28.png\",\"contentUrl\":\"https:\/\/d-identify.be\/wp-content\/uploads\/2024\/10\/Freon-YL450x52FR-2-28.png\",\"width\":728,\"height\":639,\"caption\":\"Marquage de tuyauterie Fr\u00e9on \u2013 NBN T 69-004 avec CLP\"},{\"@type\":\"BreadcrumbList\",\"@id\":\"https:\/\/d-identify.be\/fr\/produit\/marquage-tuyauterie-freon\/#breadcrumb\",\"itemListElement\":[{\"@type\":\"ListItem\",\"position\":1,\"name\":\"Home\",\"item\":\"https:\/\/d-identify.be\/fr\/home-2\/\"},{\"@type\":\"ListItem\",\"position\":2,\"name\":\"Boutique\",\"item\":\"https:\/\/d-identify.be\/fr\/boutique\/\"},{\"@type\":\"ListItem\",\"position\":3,\"name\":\"Marquage de tuyauterie Fr\u00e9on\"}]},{\"@type\":\"WebSite\",\"@id\":\"https:\/\/d-identify.be\/fr\/#website\",\"url\":\"https:\/\/d-identify.be\/fr\/\",\"name\":\"d-identify\",\"description\":\"Industrial identification - Lockout - Tagout - Floor marking\",\"potentialAction\":[{\"@type\":\"SearchAction\",\"target\":{\"@type\":\"EntryPoint\",\"urlTemplate\":\"https:\/\/d-identify.be\/fr\/?s={search_term_string}\"},\"query-input\":{\"@type\":\"PropertyValueSpecification\",\"valueRequired\":true,\"valueName\":\"search_term_string\"}}],\"inLanguage\":\"fr-FR\"}]}<\/script>\n<!-- \/ Yoast SEO Premium plugin. -->","yoast_head_json":{"title":"Marquage de tuyauterie Fr\u00e9on \u2013 NBN T 69-004 avec CLP","description":"Marquage de tuyauterie Fr\u00e9on selon NBN T 69-004 avec pictogramme CLP gaz sous pression. Identification claire des conduites frigorifiques.","robots":{"index":"index","follow":"follow","max-snippet":"max-snippet:-1","max-image-preview":"max-image-preview:large","max-video-preview":"max-video-preview:-1"},"canonical":"https:\/\/d-identify.be\/fr\/produit\/marquage-tuyauterie-freon\/","og_locale":"fr_FR","og_type":"article","og_title":"Marquage de tuyauterie Fr\u00e9on","og_description":"Marquage de tuyauterie Fr\u00e9on selon NBN T 69-004 avec pictogramme CLP gaz sous pression. Identification claire des conduites frigorifiques.","og_url":"https:\/\/d-identify.be\/fr\/produit\/marquage-tuyauterie-freon\/","og_site_name":"d-identify","article_modified_time":"2026-02-22T23:41:44+00:00","og_image":[{"width":728,"height":639,"url":"https:\/\/d-identify.be\/wp-content\/uploads\/2024\/10\/Freon-YL450x52FR-2-28.png","type":"image\/png"}],"twitter_card":"summary_large_image","twitter_misc":{"Dur\u00e9e de lecture estim\u00e9e":"1 minute"},"schema":{"@context":"https:\/\/schema.org","@graph":[{"@type":"WebPage","@id":"https:\/\/d-identify.be\/fr\/produit\/marquage-tuyauterie-freon\/","url":"https:\/\/d-identify.be\/fr\/produit\/marquage-tuyauterie-freon\/","name":"Marquage de tuyauterie Fr\u00e9on \u2013 NBN T 69-004 avec CLP","isPartOf":{"@id":"https:\/\/d-identify.be\/fr\/#website"},"primaryImageOfPage":{"@id":"https:\/\/d-identify.be\/fr\/produit\/marquage-tuyauterie-freon\/#primaryimage"},"image":{"@id":"https:\/\/d-identify.be\/fr\/produit\/marquage-tuyauterie-freon\/#primaryimage"},"thumbnailUrl":"https:\/\/d-identify.be\/wp-content\/uploads\/2024\/10\/Freon-YL450x52FR-2-28.png","datePublished":"2024-10-07T17:51:56+00:00","dateModified":"2026-02-22T23:41:44+00:00","description":"Marquage de tuyauterie Fr\u00e9on selon NBN T 69-004 avec pictogramme CLP gaz sous pression. Identification claire des conduites frigorifiques.","breadcrumb":{"@id":"https:\/\/d-identify.be\/fr\/produit\/marquage-tuyauterie-freon\/#breadcrumb"},"inLanguage":"fr-FR","potentialAction":[{"@type":"ReadAction","target":["https:\/\/d-identify.be\/fr\/produit\/marquage-tuyauterie-freon\/"]}]},{"@type":"ImageObject","inLanguage":"fr-FR","@id":"https:\/\/d-identify.be\/fr\/produit\/marquage-tuyauterie-freon\/#primaryimage","url":"https:\/\/d-identify.be\/wp-content\/uploads\/2024\/10\/Freon-YL450x52FR-2-28.png","contentUrl":"https:\/\/d-identify.be\/wp-content\/uploads\/2024\/10\/Freon-YL450x52FR-2-28.png","width":728,"height":639,"caption":"Marquage de tuyauterie Fr\u00e9on \u2013 NBN T 69-004 avec CLP"},{"@type":"BreadcrumbList","@id":"https:\/\/d-identify.be\/fr\/produit\/marquage-tuyauterie-freon\/#breadcrumb","itemListElement":[{"@type":"ListItem","position":1,"name":"Home","item":"https:\/\/d-identify.be\/fr\/home-2\/"},{"@type":"ListItem","position":2,"name":"Boutique","item":"https:\/\/d-identify.be\/fr\/boutique\/"},{"@type":"ListItem","position":3,"name":"Marquage de tuyauterie Fr\u00e9on"}]},{"@type":"WebSite","@id":"https:\/\/d-identify.be\/fr\/#website","url":"https:\/\/d-identify.be\/fr\/","name":"d-identify","description":"Industrial identification - Lockout - Tagout - Floor marking","potentialAction":[{"@type":"SearchAction","target":{"@type":"EntryPoint","urlTemplate":"https:\/\/d-identify.be\/fr\/?s={search_term_string}"},"query-input":{"@type":"PropertyValueSpecification","valueRequired":true,"valueName":"search_term_string"}}],"inLanguage":"fr-FR"}]}},"_links":{"self":[{"href":"https:\/\/d-identify.be\/fr\/wp-json\/wp\/v2\/product\/44003","targetHints":{"allow":["GET"]}}],"collection":[{"href":"https:\/\/d-identify.be\/fr\/wp-json\/wp\/v2\/product"}],"about":[{"href":"https:\/\/d-identify.be\/fr\/wp-json\/wp\/v2\/types\/product"}],"replies":[{"embeddable":true,"href":"https:\/\/d-identify.be\/fr\/wp-json\/wp\/v2\/comments?post=44003"}],"wp:featuredmedia":[{"embeddable":true,"href":"https:\/\/d-identify.be\/fr\/wp-json\/wp\/v2\/media\/44020"}],"wp:attachment":[{"href":"https:\/\/d-identify.be\/fr\/wp-json\/wp\/v2\/media?parent=44003"}],"wp:term":[{"taxonomy":"product_brand","embeddable":true,"href":"https:\/\/d-identify.be\/fr\/wp-json\/wp\/v2\/product_brand?post=44003"},{"taxonomy":"product_cat","embeddable":true,"href":"https:\/\/d-identify.be\/fr\/wp-json\/wp\/v2\/product_cat?post=44003"},{"taxonomy":"product_tag","embeddable":true,"href":"https:\/\/d-identify.be\/fr\/wp-json\/wp\/v2\/product_tag?post=44003"},{"taxonomy":"pa_connextion-shapes","embeddable":true,"href":"https:\/\/d-identify.be\/fr\/wp-json\/wp\/v2\/pa_connextion-shapes?post=44003"}],"curies":[{"name":"wp","href":"https:\/\/api.w.org\/{rel}","templated":true}]}}