{"id":43651,"date":"2024-09-25T14:14:48","date_gmt":"2024-09-25T12:14:48","guid":{"rendered":"https:\/\/d-identify.be\/product\/loftware-lms-pro\/"},"modified":"2025-01-15T12:50:32","modified_gmt":"2025-01-15T10:50:32","slug":"loftware-lms-pro","status":"publish","type":"product","link":"https:\/\/d-identify.be\/fr\/produit\/loftware-lms-pro\/","title":{"rendered":"Loftware LMS Pro"},"content":{"rendered":"<div class=\"flex-shrink-0 flex flex-col relative items-end\">\n<div>\n<div class=\"pt-0\">\n<div class=\"gizmo-bot-avatar flex h-8 w-8 items-center justify-center overflow-hidden rounded-full\">\n<div class=\"relative p-1 rounded-sm flex items-center justify-center bg-token-main-surface-primary text-token-text-primary h-8 w-8\"><strong>Loftware LMS Pro<\/strong> est une solution puissante et \u00e9volutive de gestion d\u2019\u00e9tiquetage et d\u2019illustrations de niveau entreprise, con\u00e7ue pour rationaliser les op\u00e9rations d&rsquo;\u00e9tiquetage complexes pour les entreprises de divers secteurs. En offrant une <strong>plateforme centralis\u00e9e<\/strong> pour la gestion de la conception des \u00e9tiquettes, de l&rsquo;impression et de la conformit\u00e9, LMS Pro garantit <strong>la coh\u00e9rence, la pr\u00e9cision et le respect des r\u00e9glementations<\/strong>. Cette solution est particuli\u00e8rement pr\u00e9cieuse pour les entreprises op\u00e9rant dans des environnements hautement r\u00e9glement\u00e9s, tels que les secteurs pharmaceutique, de la sant\u00e9, de l&rsquo;alimentation et des boissons, ainsi que de la fabrication, o\u00f9 des erreurs d&rsquo;\u00e9tiquetage peuvent entra\u00eener des rappels co\u00fbteux ou des amendes pour non-conformit\u00e9.  <\/div>\n<\/div>\n<\/div>\n<\/div>\n<\/div>\n<div class=\"group\/conversation-turn relative flex w-full min-w-0 flex-col agent-turn\">\n<div class=\"flex-col gap-1 md:gap-3\">\n<div class=\"flex max-w-full flex-col flex-grow\">\n<div class=\"min-h-8 text-message flex w-full flex-col items-end gap-2 whitespace-normal break-words [.text-message+&amp;]:mt-5\" dir=\"auto\" data-message-author-role=\"assistant\" data-message-id=\"39e59ad0-d946-4d6a-b1c7-c037f07dad93\">\n<div class=\"flex w-full flex-col gap-1 empty:hidden first:pt-[3px]\">\n<div class=\"markdown prose w-full break-words dark:prose-invert light\"> LMS Pro offre une <strong>int\u00e9gration fluide avec les principaux syst\u00e8mes de gestion d\u2019entreprise tels que les plateformes ERP, MES et WMS<\/strong>, <strong>y compris SAP et Oracle<\/strong>, permettant ainsi des flux de travail automatis\u00e9s et des \u00e9changes de donn\u00e9es en temps r\u00e9el pour des processus d&rsquo;\u00e9tiquetage plus efficaces. Gr\u00e2ce \u00e0 son <strong>interface intuitive et conviviale<\/strong>, les utilisateurs peuvent cr\u00e9er et g\u00e9rer des mod\u00e8les d&rsquo;\u00e9tiquettes sans avoir besoin de comp\u00e9tences techniques approfondies. L&rsquo;architecture \u00e9volutive du syst\u00e8me prend en charge les entreprises de toutes tailles et permet l&rsquo;impression multi-sites pour maintenir la coh\u00e9rence \u00e0 travers diff\u00e9rents emplacements.<br \/>Des fonctionnalit\u00e9s suppl\u00e9mentaires telles que l<strong>e contr\u00f4le de version, l&rsquo;acc\u00e8s bas\u00e9 sur les r\u00f4les et la prise en charge multilingue garantisse<\/strong>nt la s\u00e9curit\u00e9, la flexibilit\u00e9 et les capacit\u00e9s de d\u00e9ploiement mondial. LMS Pro inclut \u00e9galement des outils avanc\u00e9s de gestion des illustrations, en faisant une solution compl\u00e8te pour la gestion des \u00e9tiquettes et des emballages. En r\u00e9sum\u00e9, Loftware LMS Pro offre des fonctionnalit\u00e9s de niveau entreprise qui am\u00e9liorent la productivit\u00e9, r\u00e9duisent les erreurs d&rsquo;\u00e9tiquetage et garantissent la conformit\u00e9 aux normes industrielles.<\/p>\n<p>      <\/div>\n<\/div>\n<\/div>\n<\/div>\n<\/div>\n<\/div>\n","protected":false},"excerpt":{"rendered":"<div class=\"flex-shrink-0 flex flex-col relative items-end\">\n<div>\n<div class=\"pt-0\">\n<div class=\"gizmo-bot-avatar flex h-8 w-8 items-center justify-center overflow-hidden rounded-full\">\n<div class=\"relative p-1 rounded-sm flex items-center justify-center bg-token-main-surface-primary text-token-text-primary h-8 w-8\"> <strong>Loftware LMS Pro<\/strong> est une solution compl\u00e8te de gestion d&rsquo;\u00e9tiquettes et d&rsquo;illustrations de niveau entreprise, con\u00e7ue pour rationaliser et optimiser les processus d&rsquo;\u00e9tiquetage pour les entreprises. Elle fait partie du <strong>syst\u00e8me de gestion des \u00e9tiquettes Loftware (LMS)<\/strong>, qui offre des fonctionnalit\u00e9s avanc\u00e9es pour la conception, la gestion et l&rsquo;impression d&rsquo;\u00e9tiquettes, tout en assurant la conformit\u00e9 aux r\u00e9glementations de l&rsquo;industrie. Si vous \u00eates pr\u00eat \u00e0 migrer vos impressions vers le cloud, vous pourriez \u00eatre int\u00e9ress\u00e9 par <a href=\"https:\/\/d-identify.be\/fr\/produit\/loftware-cloud-essentials\/\" target=\"_blank\" rel=\"noopener\">Loftware Cloud Essentials<\/a>, qui offre les m\u00eames fonctionnalit\u00e9s.  <\/div>\n<\/div>\n<\/div>\n<\/div>\n<\/div>\n","protected":false},"featured_media":40169,"comment_status":"open","ping_status":"closed","template":"","meta":{"_acf_changed":false,"_et_pb_use_builder":"","_et_pb_old_content":"","_et_gb_content_width":""},"product_brand":[],"product_cat":[736],"product_tag":[1100],"pa_connextion-shapes":[],"class_list":{"0":"post-43651","1":"product","2":"type-product","3":"status-publish","4":"has-post-thumbnail","6":"product_cat-logiciel-de-conception-detiquettes","7":"product_tag-loftware-fr","9":"first","10":"instock","11":"virtual","12":"taxable","13":"purchasable","14":"product-type-simple"},"exclude_global_add_ons":false,"addons":[{"name":"Printer Add On - NSLPAX001M","type":"multiple_choice","position":0,"required":true,"title_format":"label","default":"","description_enable":true,"description":"Le niveau d'entr\u00e9e prend en charge jusqu'\u00e0 3 imprimantes, chaque imprimante suppl\u00e9mentaire co\u00fbte 276 euros par an. Ce produit n\u00e9cessite un abonnement annuel.<br><br> ","placeholder_enable":false,"placeholder":"","display":"select","restrictions_type":"any_text","adjust_price":false,"price":"","price_type":"flat_fee","restrictions":false,"min":"0","max":"0","options":[{"label":"<br>3 Imprimantes","price":"","price_type":"flat_fee","image":0,"visibility":true},{"label":"4 Imprimantes","price":"276","price_type":"flat_fee","image":0,"visibility":true},{"label":"5 Imprimantes","price":"552","price_type":"flat_fee","image":0,"visibility":true},{"label":"6 Imprimantes","price":"828","price_type":"flat_fee","image":0,"visibility":true},{"label":"7 Imprimantes","price":"1104","price_type":"flat_fee","image":0,"visibility":true},{"label":"8 Imprimantes","price":"1380","price_type":"flat_fee","image":0,"visibility":true},{"label":"9 Imprimantes","price":"1656","price_type":"flat_fee","image":0,"visibility":true},{"label":"10 Imprimantes","price":"1932","price_type":"flat_fee","image":0,"visibility":true}],"id":1727272746}],"acf":[],"yoast_head":"<!-- This site is optimized with the Yoast SEO Premium plugin v27.0 (Yoast SEO v27.1) - https:\/\/yoast.com\/product\/yoast-seo-premium-wordpress\/ -->\n<title>Loftware LMS Pro | Logiciel de gestion d&#039;\u00e9tiquettes pour entreprises<\/title>\n<meta name=\"description\" content=\"Loftware Nicelabel LMS Pro (sur site) : si vous n&#039;\u00eates pas pr\u00eat \u00e0 migrer votre \u00e9tiquetage vers le Cloud, vous pouvez acc\u00e9der \u00e0 la m\u00eame plateforme d&#039;\u00e9tiquetage puissante.\" \/>\n<meta name=\"robots\" content=\"index, follow, max-snippet:-1, max-image-preview:large, max-video-preview:-1\" \/>\n<link rel=\"canonical\" href=\"https:\/\/d-identify.be\/fr\/produit\/loftware-lms-pro\/\" \/>\n<meta property=\"og:locale\" content=\"fr_FR\" \/>\n<meta property=\"og:type\" content=\"article\" \/>\n<meta property=\"og:title\" content=\"Loftware LMS Pro\" \/>\n<meta property=\"og:description\" content=\"Loftware Nicelabel LMS Pro (sur site) : si vous n&#039;\u00eates pas pr\u00eat \u00e0 migrer votre \u00e9tiquetage vers le Cloud, vous pouvez acc\u00e9der \u00e0 la m\u00eame plateforme d&#039;\u00e9tiquetage puissante.\" \/>\n<meta property=\"og:url\" content=\"https:\/\/d-identify.be\/fr\/produit\/loftware-lms-pro\/\" \/>\n<meta property=\"og:site_name\" content=\"d-identify\" \/>\n<meta property=\"article:modified_time\" content=\"2025-01-15T10:50:32+00:00\" \/>\n<meta property=\"og:image\" content=\"https:\/\/d-identify.be\/wp-content\/uploads\/2024\/09\/Loftware-LMS-Pro.png\" \/>\n\t<meta property=\"og:image:width\" content=\"1184\" \/>\n\t<meta property=\"og:image:height\" content=\"1184\" \/>\n\t<meta property=\"og:image:type\" content=\"image\/png\" \/>\n<meta name=\"twitter:card\" content=\"summary_large_image\" \/>\n<meta name=\"twitter:label1\" content=\"Dur\u00e9e de lecture estim\u00e9e\" \/>\n\t<meta name=\"twitter:data1\" content=\"2 minutes\" \/>\n<script type=\"application\/ld+json\" class=\"yoast-schema-graph\">{\"@context\":\"https:\/\/schema.org\",\"@graph\":[{\"@type\":\"WebPage\",\"@id\":\"https:\/\/d-identify.be\/fr\/produit\/loftware-lms-pro\/\",\"url\":\"https:\/\/d-identify.be\/fr\/produit\/loftware-lms-pro\/\",\"name\":\"Loftware LMS Pro | Logiciel de gestion d'\u00e9tiquettes pour entreprises\",\"isPartOf\":{\"@id\":\"https:\/\/d-identify.be\/fr\/#website\"},\"primaryImageOfPage\":{\"@id\":\"https:\/\/d-identify.be\/fr\/produit\/loftware-lms-pro\/#primaryimage\"},\"image\":{\"@id\":\"https:\/\/d-identify.be\/fr\/produit\/loftware-lms-pro\/#primaryimage\"},\"thumbnailUrl\":\"https:\/\/d-identify.be\/wp-content\/uploads\/2024\/09\/Loftware-LMS-Pro.png\",\"datePublished\":\"2024-09-25T12:14:48+00:00\",\"dateModified\":\"2025-01-15T10:50:32+00:00\",\"description\":\"Loftware Nicelabel LMS Pro (sur site) : si vous n'\u00eates pas pr\u00eat \u00e0 migrer votre \u00e9tiquetage vers le Cloud, vous pouvez acc\u00e9der \u00e0 la m\u00eame plateforme d'\u00e9tiquetage puissante.\",\"breadcrumb\":{\"@id\":\"https:\/\/d-identify.be\/fr\/produit\/loftware-lms-pro\/#breadcrumb\"},\"inLanguage\":\"fr-FR\",\"potentialAction\":[{\"@type\":\"ReadAction\",\"target\":[\"https:\/\/d-identify.be\/fr\/produit\/loftware-lms-pro\/\"]}]},{\"@type\":\"ImageObject\",\"inLanguage\":\"fr-FR\",\"@id\":\"https:\/\/d-identify.be\/fr\/produit\/loftware-lms-pro\/#primaryimage\",\"url\":\"https:\/\/d-identify.be\/wp-content\/uploads\/2024\/09\/Loftware-LMS-Pro.png\",\"contentUrl\":\"https:\/\/d-identify.be\/wp-content\/uploads\/2024\/09\/Loftware-LMS-Pro.png\",\"width\":1184,\"height\":1184,\"caption\":\"Loftware LMS Pro\"},{\"@type\":\"BreadcrumbList\",\"@id\":\"https:\/\/d-identify.be\/fr\/produit\/loftware-lms-pro\/#breadcrumb\",\"itemListElement\":[{\"@type\":\"ListItem\",\"position\":1,\"name\":\"Home\",\"item\":\"https:\/\/d-identify.be\/fr\/home-2\/\"},{\"@type\":\"ListItem\",\"position\":2,\"name\":\"Boutique\",\"item\":\"https:\/\/d-identify.be\/fr\/boutique\/\"},{\"@type\":\"ListItem\",\"position\":3,\"name\":\"Loftware LMS Pro\"}]},{\"@type\":\"WebSite\",\"@id\":\"https:\/\/d-identify.be\/fr\/#website\",\"url\":\"https:\/\/d-identify.be\/fr\/\",\"name\":\"d-identify\",\"description\":\"Industrial identification - Lockout - Tagout - Floor marking\",\"potentialAction\":[{\"@type\":\"SearchAction\",\"target\":{\"@type\":\"EntryPoint\",\"urlTemplate\":\"https:\/\/d-identify.be\/fr\/?s={search_term_string}\"},\"query-input\":{\"@type\":\"PropertyValueSpecification\",\"valueRequired\":true,\"valueName\":\"search_term_string\"}}],\"inLanguage\":\"fr-FR\"}]}<\/script>\n<!-- \/ Yoast SEO Premium plugin. -->","yoast_head_json":{"title":"Loftware LMS Pro | Logiciel de gestion d'\u00e9tiquettes pour entreprises","description":"Loftware Nicelabel LMS Pro (sur site) : si vous n'\u00eates pas pr\u00eat \u00e0 migrer votre \u00e9tiquetage vers le Cloud, vous pouvez acc\u00e9der \u00e0 la m\u00eame plateforme d'\u00e9tiquetage puissante.","robots":{"index":"index","follow":"follow","max-snippet":"max-snippet:-1","max-image-preview":"max-image-preview:large","max-video-preview":"max-video-preview:-1"},"canonical":"https:\/\/d-identify.be\/fr\/produit\/loftware-lms-pro\/","og_locale":"fr_FR","og_type":"article","og_title":"Loftware LMS Pro","og_description":"Loftware Nicelabel LMS Pro (sur site) : si vous n'\u00eates pas pr\u00eat \u00e0 migrer votre \u00e9tiquetage vers le Cloud, vous pouvez acc\u00e9der \u00e0 la m\u00eame plateforme d'\u00e9tiquetage puissante.","og_url":"https:\/\/d-identify.be\/fr\/produit\/loftware-lms-pro\/","og_site_name":"d-identify","article_modified_time":"2025-01-15T10:50:32+00:00","og_image":[{"width":1184,"height":1184,"url":"https:\/\/d-identify.be\/wp-content\/uploads\/2024\/09\/Loftware-LMS-Pro.png","type":"image\/png"}],"twitter_card":"summary_large_image","twitter_misc":{"Dur\u00e9e de lecture estim\u00e9e":"2 minutes"},"schema":{"@context":"https:\/\/schema.org","@graph":[{"@type":"WebPage","@id":"https:\/\/d-identify.be\/fr\/produit\/loftware-lms-pro\/","url":"https:\/\/d-identify.be\/fr\/produit\/loftware-lms-pro\/","name":"Loftware LMS Pro | Logiciel de gestion d'\u00e9tiquettes pour entreprises","isPartOf":{"@id":"https:\/\/d-identify.be\/fr\/#website"},"primaryImageOfPage":{"@id":"https:\/\/d-identify.be\/fr\/produit\/loftware-lms-pro\/#primaryimage"},"image":{"@id":"https:\/\/d-identify.be\/fr\/produit\/loftware-lms-pro\/#primaryimage"},"thumbnailUrl":"https:\/\/d-identify.be\/wp-content\/uploads\/2024\/09\/Loftware-LMS-Pro.png","datePublished":"2024-09-25T12:14:48+00:00","dateModified":"2025-01-15T10:50:32+00:00","description":"Loftware Nicelabel LMS Pro (sur site) : si vous n'\u00eates pas pr\u00eat \u00e0 migrer votre \u00e9tiquetage vers le Cloud, vous pouvez acc\u00e9der \u00e0 la m\u00eame plateforme d'\u00e9tiquetage puissante.","breadcrumb":{"@id":"https:\/\/d-identify.be\/fr\/produit\/loftware-lms-pro\/#breadcrumb"},"inLanguage":"fr-FR","potentialAction":[{"@type":"ReadAction","target":["https:\/\/d-identify.be\/fr\/produit\/loftware-lms-pro\/"]}]},{"@type":"ImageObject","inLanguage":"fr-FR","@id":"https:\/\/d-identify.be\/fr\/produit\/loftware-lms-pro\/#primaryimage","url":"https:\/\/d-identify.be\/wp-content\/uploads\/2024\/09\/Loftware-LMS-Pro.png","contentUrl":"https:\/\/d-identify.be\/wp-content\/uploads\/2024\/09\/Loftware-LMS-Pro.png","width":1184,"height":1184,"caption":"Loftware LMS Pro"},{"@type":"BreadcrumbList","@id":"https:\/\/d-identify.be\/fr\/produit\/loftware-lms-pro\/#breadcrumb","itemListElement":[{"@type":"ListItem","position":1,"name":"Home","item":"https:\/\/d-identify.be\/fr\/home-2\/"},{"@type":"ListItem","position":2,"name":"Boutique","item":"https:\/\/d-identify.be\/fr\/boutique\/"},{"@type":"ListItem","position":3,"name":"Loftware LMS Pro"}]},{"@type":"WebSite","@id":"https:\/\/d-identify.be\/fr\/#website","url":"https:\/\/d-identify.be\/fr\/","name":"d-identify","description":"Industrial identification - Lockout - Tagout - Floor marking","potentialAction":[{"@type":"SearchAction","target":{"@type":"EntryPoint","urlTemplate":"https:\/\/d-identify.be\/fr\/?s={search_term_string}"},"query-input":{"@type":"PropertyValueSpecification","valueRequired":true,"valueName":"search_term_string"}}],"inLanguage":"fr-FR"}]}},"_links":{"self":[{"href":"https:\/\/d-identify.be\/fr\/wp-json\/wp\/v2\/product\/43651","targetHints":{"allow":["GET"]}}],"collection":[{"href":"https:\/\/d-identify.be\/fr\/wp-json\/wp\/v2\/product"}],"about":[{"href":"https:\/\/d-identify.be\/fr\/wp-json\/wp\/v2\/types\/product"}],"replies":[{"embeddable":true,"href":"https:\/\/d-identify.be\/fr\/wp-json\/wp\/v2\/comments?post=43651"}],"wp:featuredmedia":[{"embeddable":true,"href":"https:\/\/d-identify.be\/fr\/wp-json\/wp\/v2\/media\/40169"}],"wp:attachment":[{"href":"https:\/\/d-identify.be\/fr\/wp-json\/wp\/v2\/media?parent=43651"}],"wp:term":[{"taxonomy":"product_brand","embeddable":true,"href":"https:\/\/d-identify.be\/fr\/wp-json\/wp\/v2\/product_brand?post=43651"},{"taxonomy":"product_cat","embeddable":true,"href":"https:\/\/d-identify.be\/fr\/wp-json\/wp\/v2\/product_cat?post=43651"},{"taxonomy":"product_tag","embeddable":true,"href":"https:\/\/d-identify.be\/fr\/wp-json\/wp\/v2\/product_tag?post=43651"},{"taxonomy":"pa_connextion-shapes","embeddable":true,"href":"https:\/\/d-identify.be\/fr\/wp-json\/wp\/v2\/pa_connextion-shapes?post=43651"}],"curies":[{"name":"wp","href":"https:\/\/api.w.org\/{rel}","templated":true}]}}