{"id":43646,"date":"2022-02-26T14:47:19","date_gmt":"2022-02-26T12:47:19","guid":{"rendered":"https:\/\/d-identify.be\/product\/loftware-powerforms-suite\/"},"modified":"2022-02-26T14:47:19","modified_gmt":"2022-02-26T12:47:19","slug":"loftware-powerforms-suite","status":"publish","type":"product","link":"https:\/\/d-identify.be\/fr\/produit\/loftware-powerforms-suite\/","title":{"rendered":"Loftware Powerforms Suite"},"content":{"rendered":"<p>Loftware PowerForms Suite est une plateforme logicielle avanc\u00e9e et personnalisable, sp\u00e9cialement con\u00e7ue pour <strong>automatiser et rationaliser<\/strong> les processus d&rsquo;impression d&rsquo;\u00e9tiquettes pour les entreprises de divers secteurs. Cette suite d&rsquo;outils robuste permet aux organisations de cr\u00e9er des applications <strong>personnalis\u00e9es pour la conception et l&rsquo;impression d&rsquo;\u00e9tiquettes<\/strong>, garantissant ainsi <strong>conformit\u00e9<\/strong>, pr\u00e9cision et <strong>efficacit\u00e9<\/strong>, m\u00eame dans les environnements d&rsquo;\u00e9tiquetage les plus complexes. PowerForms Suite se distingue par son approche sans code ou \u00e0 faible code de la gestion des \u00e9tiquettes, la rendant accessible aux utilisateurs sans connaissances approfondies en programmation, tout en offrant des fonctionnalit\u00e9s de niveau entreprise.<\/p>\n<p>4o  <\/p>\n","protected":false},"excerpt":{"rendered":"<p>Loftware PowerForms Suite est une solution polyvalente pour les entreprises cherchant \u00e0 optimiser leurs processus d&rsquo;\u00e9tiquetage et \u00e0 r\u00e9duire la complexit\u00e9 tout en maintenant une grande flexibilit\u00e9. Elle est particuli\u00e8rement pr\u00e9cieuse dans les secteurs o\u00f9 la pr\u00e9cision des \u00e9tiquettes et la conformit\u00e9 sont essentielles. Remplissez vos coordonn\u00e9es et demandez votre p\u00e9riode d&rsquo;essai gratuite ici !  <\/p>\n","protected":false},"featured_media":40157,"comment_status":"open","ping_status":"closed","template":"","meta":{"_acf_changed":false,"_et_pb_use_builder":"","_et_pb_old_content":"","_et_gb_content_width":""},"product_brand":[],"product_cat":[736],"product_tag":[971],"pa_connextion-shapes":[],"class_list":{"0":"post-43646","1":"product","2":"type-product","3":"status-publish","4":"has-post-thumbnail","6":"product_cat-logiciel-de-conception-detiquettes","7":"product_tag-nicelabel-fr","9":"first","10":"instock","11":"virtual","12":"taxable","13":"purchasable","14":"product-type-simple"},"exclude_global_add_ons":false,"addons":[{"name":"Printer Add On - NSPSAX001M","type":"multiple_choice","position":0,"required":true,"title_format":"label","default":"","description_enable":false,"description":null,"placeholder_enable":false,"placeholder":"","display":"select","restrictions_type":"any_text","adjust_price":false,"price":"","price_type":"flat_fee","restrictions":false,"min":"0","max":"0","options":[{"label":"<br>3 Imprimantes","price":"","price_type":"flat_fee","image":0,"visibility":true},{"label":"4 Imprimantes","price":"156","price_type":"flat_fee","image":0,"visibility":true},{"label":"5 Imprimantes","price":"312","price_type":"flat_fee","image":0,"visibility":true},{"label":"6 Imprimantes","price":"468","price_type":"flat_fee","image":0,"visibility":true},{"label":"7 Imprimantes","price":"625","price_type":"flat_fee","image":0,"visibility":true},{"label":"8 Imprimantes","price":"780","price_type":"flat_fee","image":0,"visibility":true},{"label":"9 Imprimantes","price":"936","price_type":"flat_fee","image":0,"visibility":true},{"label":"10 Imprimantes","price":"1092","price_type":"flat_fee","image":0,"visibility":true}],"id":1727272746}],"acf":[],"yoast_head":"<!-- This site is optimized with the Yoast SEO Premium plugin v27.0 (Yoast SEO v27.1) - https:\/\/yoast.com\/product\/yoast-seo-premium-wordpress\/ -->\n<title>Loftware Powerforms Suite | Simplifiez l&#039;impression d&#039;\u00e9tiquettes.<\/title>\n<meta name=\"description\" content=\"La suite Loftware Powerforms pour les petites et moyennes entreprises, o\u00f9 les op\u00e9rateurs impriment des \u00e9tiquettes, la pr\u00e9cision est essentielle et la productivit\u00e9 est importante.\" \/>\n<meta name=\"robots\" content=\"index, follow, max-snippet:-1, max-image-preview:large, max-video-preview:-1\" \/>\n<link rel=\"canonical\" href=\"https:\/\/d-identify.be\/fr\/produit\/loftware-powerforms-suite\/\" \/>\n<meta property=\"og:locale\" content=\"fr_FR\" \/>\n<meta property=\"og:type\" content=\"article\" \/>\n<meta property=\"og:title\" content=\"Loftware Powerforms Suite\" \/>\n<meta property=\"og:description\" content=\"La suite Loftware Powerforms pour les petites et moyennes entreprises, o\u00f9 les op\u00e9rateurs impriment des \u00e9tiquettes, la pr\u00e9cision est essentielle et la productivit\u00e9 est importante.\" \/>\n<meta property=\"og:url\" content=\"https:\/\/d-identify.be\/fr\/produit\/loftware-powerforms-suite\/\" \/>\n<meta property=\"og:site_name\" content=\"d-identify\" \/>\n<meta property=\"og:image\" content=\"https:\/\/d-identify.be\/wp-content\/uploads\/2022\/02\/Loftware-Powerforms-Suite.png\" \/>\n\t<meta property=\"og:image:width\" content=\"1184\" \/>\n\t<meta property=\"og:image:height\" content=\"1185\" \/>\n\t<meta property=\"og:image:type\" content=\"image\/png\" \/>\n<meta name=\"twitter:card\" content=\"summary_large_image\" \/>\n<meta name=\"twitter:label1\" content=\"Dur\u00e9e de lecture estim\u00e9e\" \/>\n\t<meta name=\"twitter:data1\" content=\"1 minute\" \/>\n<script type=\"application\/ld+json\" class=\"yoast-schema-graph\">{\"@context\":\"https:\/\/schema.org\",\"@graph\":[{\"@type\":\"WebPage\",\"@id\":\"https:\/\/d-identify.be\/fr\/produit\/loftware-powerforms-suite\/\",\"url\":\"https:\/\/d-identify.be\/fr\/produit\/loftware-powerforms-suite\/\",\"name\":\"Loftware Powerforms Suite | Simplifiez l'impression d'\u00e9tiquettes.\",\"isPartOf\":{\"@id\":\"https:\/\/d-identify.be\/fr\/#website\"},\"primaryImageOfPage\":{\"@id\":\"https:\/\/d-identify.be\/fr\/produit\/loftware-powerforms-suite\/#primaryimage\"},\"image\":{\"@id\":\"https:\/\/d-identify.be\/fr\/produit\/loftware-powerforms-suite\/#primaryimage\"},\"thumbnailUrl\":\"https:\/\/d-identify.be\/wp-content\/uploads\/2022\/02\/Loftware-Powerforms-Suite.png\",\"datePublished\":\"2022-02-26T12:47:19+00:00\",\"description\":\"La suite Loftware Powerforms pour les petites et moyennes entreprises, o\u00f9 les op\u00e9rateurs impriment des \u00e9tiquettes, la pr\u00e9cision est essentielle et la productivit\u00e9 est importante.\",\"breadcrumb\":{\"@id\":\"https:\/\/d-identify.be\/fr\/produit\/loftware-powerforms-suite\/#breadcrumb\"},\"inLanguage\":\"fr-FR\",\"potentialAction\":[{\"@type\":\"ReadAction\",\"target\":[\"https:\/\/d-identify.be\/fr\/produit\/loftware-powerforms-suite\/\"]}]},{\"@type\":\"ImageObject\",\"inLanguage\":\"fr-FR\",\"@id\":\"https:\/\/d-identify.be\/fr\/produit\/loftware-powerforms-suite\/#primaryimage\",\"url\":\"https:\/\/d-identify.be\/wp-content\/uploads\/2022\/02\/Loftware-Powerforms-Suite.png\",\"contentUrl\":\"https:\/\/d-identify.be\/wp-content\/uploads\/2022\/02\/Loftware-Powerforms-Suite.png\",\"width\":1184,\"height\":1185,\"caption\":\"Loftware\/Nicelabel Powerforms suite\"},{\"@type\":\"BreadcrumbList\",\"@id\":\"https:\/\/d-identify.be\/fr\/produit\/loftware-powerforms-suite\/#breadcrumb\",\"itemListElement\":[{\"@type\":\"ListItem\",\"position\":1,\"name\":\"Home\",\"item\":\"https:\/\/d-identify.be\/fr\/home-2\/\"},{\"@type\":\"ListItem\",\"position\":2,\"name\":\"Boutique\",\"item\":\"https:\/\/d-identify.be\/fr\/boutique\/\"},{\"@type\":\"ListItem\",\"position\":3,\"name\":\"Loftware Powerforms Suite\"}]},{\"@type\":\"WebSite\",\"@id\":\"https:\/\/d-identify.be\/fr\/#website\",\"url\":\"https:\/\/d-identify.be\/fr\/\",\"name\":\"d-identify\",\"description\":\"Industrial identification - Lockout - Tagout - Floor marking\",\"potentialAction\":[{\"@type\":\"SearchAction\",\"target\":{\"@type\":\"EntryPoint\",\"urlTemplate\":\"https:\/\/d-identify.be\/fr\/?s={search_term_string}\"},\"query-input\":{\"@type\":\"PropertyValueSpecification\",\"valueRequired\":true,\"valueName\":\"search_term_string\"}}],\"inLanguage\":\"fr-FR\"}]}<\/script>\n<!-- \/ Yoast SEO Premium plugin. -->","yoast_head_json":{"title":"Loftware Powerforms Suite | Simplifiez l'impression d'\u00e9tiquettes.","description":"La suite Loftware Powerforms pour les petites et moyennes entreprises, o\u00f9 les op\u00e9rateurs impriment des \u00e9tiquettes, la pr\u00e9cision est essentielle et la productivit\u00e9 est importante.","robots":{"index":"index","follow":"follow","max-snippet":"max-snippet:-1","max-image-preview":"max-image-preview:large","max-video-preview":"max-video-preview:-1"},"canonical":"https:\/\/d-identify.be\/fr\/produit\/loftware-powerforms-suite\/","og_locale":"fr_FR","og_type":"article","og_title":"Loftware Powerforms Suite","og_description":"La suite Loftware Powerforms pour les petites et moyennes entreprises, o\u00f9 les op\u00e9rateurs impriment des \u00e9tiquettes, la pr\u00e9cision est essentielle et la productivit\u00e9 est importante.","og_url":"https:\/\/d-identify.be\/fr\/produit\/loftware-powerforms-suite\/","og_site_name":"d-identify","og_image":[{"width":1184,"height":1185,"url":"https:\/\/d-identify.be\/wp-content\/uploads\/2022\/02\/Loftware-Powerforms-Suite.png","type":"image\/png"}],"twitter_card":"summary_large_image","twitter_misc":{"Dur\u00e9e de lecture estim\u00e9e":"1 minute"},"schema":{"@context":"https:\/\/schema.org","@graph":[{"@type":"WebPage","@id":"https:\/\/d-identify.be\/fr\/produit\/loftware-powerforms-suite\/","url":"https:\/\/d-identify.be\/fr\/produit\/loftware-powerforms-suite\/","name":"Loftware Powerforms Suite | Simplifiez l'impression d'\u00e9tiquettes.","isPartOf":{"@id":"https:\/\/d-identify.be\/fr\/#website"},"primaryImageOfPage":{"@id":"https:\/\/d-identify.be\/fr\/produit\/loftware-powerforms-suite\/#primaryimage"},"image":{"@id":"https:\/\/d-identify.be\/fr\/produit\/loftware-powerforms-suite\/#primaryimage"},"thumbnailUrl":"https:\/\/d-identify.be\/wp-content\/uploads\/2022\/02\/Loftware-Powerforms-Suite.png","datePublished":"2022-02-26T12:47:19+00:00","description":"La suite Loftware Powerforms pour les petites et moyennes entreprises, o\u00f9 les op\u00e9rateurs impriment des \u00e9tiquettes, la pr\u00e9cision est essentielle et la productivit\u00e9 est importante.","breadcrumb":{"@id":"https:\/\/d-identify.be\/fr\/produit\/loftware-powerforms-suite\/#breadcrumb"},"inLanguage":"fr-FR","potentialAction":[{"@type":"ReadAction","target":["https:\/\/d-identify.be\/fr\/produit\/loftware-powerforms-suite\/"]}]},{"@type":"ImageObject","inLanguage":"fr-FR","@id":"https:\/\/d-identify.be\/fr\/produit\/loftware-powerforms-suite\/#primaryimage","url":"https:\/\/d-identify.be\/wp-content\/uploads\/2022\/02\/Loftware-Powerforms-Suite.png","contentUrl":"https:\/\/d-identify.be\/wp-content\/uploads\/2022\/02\/Loftware-Powerforms-Suite.png","width":1184,"height":1185,"caption":"Loftware\/Nicelabel Powerforms suite"},{"@type":"BreadcrumbList","@id":"https:\/\/d-identify.be\/fr\/produit\/loftware-powerforms-suite\/#breadcrumb","itemListElement":[{"@type":"ListItem","position":1,"name":"Home","item":"https:\/\/d-identify.be\/fr\/home-2\/"},{"@type":"ListItem","position":2,"name":"Boutique","item":"https:\/\/d-identify.be\/fr\/boutique\/"},{"@type":"ListItem","position":3,"name":"Loftware Powerforms Suite"}]},{"@type":"WebSite","@id":"https:\/\/d-identify.be\/fr\/#website","url":"https:\/\/d-identify.be\/fr\/","name":"d-identify","description":"Industrial identification - Lockout - Tagout - Floor marking","potentialAction":[{"@type":"SearchAction","target":{"@type":"EntryPoint","urlTemplate":"https:\/\/d-identify.be\/fr\/?s={search_term_string}"},"query-input":{"@type":"PropertyValueSpecification","valueRequired":true,"valueName":"search_term_string"}}],"inLanguage":"fr-FR"}]}},"_links":{"self":[{"href":"https:\/\/d-identify.be\/fr\/wp-json\/wp\/v2\/product\/43646","targetHints":{"allow":["GET"]}}],"collection":[{"href":"https:\/\/d-identify.be\/fr\/wp-json\/wp\/v2\/product"}],"about":[{"href":"https:\/\/d-identify.be\/fr\/wp-json\/wp\/v2\/types\/product"}],"replies":[{"embeddable":true,"href":"https:\/\/d-identify.be\/fr\/wp-json\/wp\/v2\/comments?post=43646"}],"wp:featuredmedia":[{"embeddable":true,"href":"https:\/\/d-identify.be\/fr\/wp-json\/wp\/v2\/media\/40157"}],"wp:attachment":[{"href":"https:\/\/d-identify.be\/fr\/wp-json\/wp\/v2\/media?parent=43646"}],"wp:term":[{"taxonomy":"product_brand","embeddable":true,"href":"https:\/\/d-identify.be\/fr\/wp-json\/wp\/v2\/product_brand?post=43646"},{"taxonomy":"product_cat","embeddable":true,"href":"https:\/\/d-identify.be\/fr\/wp-json\/wp\/v2\/product_cat?post=43646"},{"taxonomy":"product_tag","embeddable":true,"href":"https:\/\/d-identify.be\/fr\/wp-json\/wp\/v2\/product_tag?post=43646"},{"taxonomy":"pa_connextion-shapes","embeddable":true,"href":"https:\/\/d-identify.be\/fr\/wp-json\/wp\/v2\/pa_connextion-shapes?post=43646"}],"curies":[{"name":"wp","href":"https:\/\/api.w.org\/{rel}","templated":true}]}}