{"id":43539,"date":"2021-07-26T12:38:56","date_gmt":"2021-07-26T11:38:56","guid":{"rendered":"https:\/\/d-identify.be\/product\/loftware-designer-pro\/"},"modified":"2021-07-26T12:38:56","modified_gmt":"2021-07-26T10:38:56","slug":"loftware-designer-pro","status":"publish","type":"product","link":"https:\/\/d-identify.be\/fr\/produit\/loftware-designer-pro\/","title":{"rendered":"Loftware Designer Pro"},"content":{"rendered":"<h2>Loftware Designer Pro pour entreprises en croissance<\/h2>\n<p> Bien que l&rsquo;abonnement de base prenne en charge jusqu&rsquo;\u00e0 3 imprimantes, Loftware NiceLabel Designer Pro est \u00e9volutif, vous permettant d&rsquo;ajouter plus d&rsquo;imprimantes \u00e0 mesure que votre entreprise se d\u00e9veloppe. Avec des modules compl\u00e9mentaires d&rsquo;imprimante suppl\u00e9mentaires, vous pouvez \u00e9tendre votre abonnement pour prendre en charge jusqu&rsquo;\u00e0 10 imprimantes, vous offrant ainsi la flexibilit\u00e9 n\u00e9cessaire pour adapter vos op\u00e9rations d&rsquo;impression d&rsquo;\u00e9tiquettes selon vos besoins.  <\/p>\n<h2>Mises \u00e0 jour et support gratuits<\/h2>\n<p> Cet abonnement annuel vous garantit un acc\u00e8s permanent aux derni\u00e8res fonctionnalit\u00e9s et \u00e0 l&rsquo;assistance technique. Les mises \u00e0 jour gratuites maintiennent votre logiciel \u00e0 jour avec les normes industrielles les plus r\u00e9centes, et une assistance experte est toujours \u00e0 port\u00e9e de t\u00e9l\u00e9phone en cas de besoin, assurant ainsi un fonctionnement fluide de vos impressions d&rsquo;\u00e9tiquettes tout au long de l&rsquo;ann\u00e9e.  &nbsp;<\/p>\n","protected":false},"excerpt":{"rendered":"<p>L&rsquo;abonnement annuel \u00e0 <strong>Loftware NiceLabel Designer Pro<\/strong> offre une solution tout-en-un pour la conception et l&rsquo;impression d&rsquo;\u00e9tiquettes professionnelles. Avec une prise en charge de jusqu&rsquo;\u00e0 3 imprimantes, ce logiciel est parfait pour les petites et moyennes entreprises qui ont besoin de cr\u00e9er des \u00e9tiquettes de haute qualit\u00e9 de mani\u00e8re efficace. Il comprend des fonctionnalit\u00e9s avanc\u00e9es telles que la cr\u00e9ation d&rsquo;\u00e9tiquettes \u00e0 codes-barres et RFID, la connectivit\u00e9 aux bases de donn\u00e9es et la gestion de donn\u00e9es variables, le tout dans une interface de conception intuitive. Cet abonnement annuel vous assure de rester \u00e0 jour avec les derni\u00e8res mises \u00e0 jour logicielles et de b\u00e9n\u00e9ficier d&rsquo;un support technique complet, vous aidant \u00e0 maintenir une productivit\u00e9 et une conformit\u00e9 constantes.    <a href=\"https:\/\/d-identify.be\/fr\/product\/loftware-cloud-designer\/\"><a href=\"https:\/\/d-identify.be\/fr\/product\/loftware-cloud-designer\/\">\u00cates-vous int\u00e9ress\u00e9 par le Loftware Cloud Designer ?<\/a> <\/a><\/p>\n<p>&nbsp;<\/p>\n","protected":false},"featured_media":40149,"comment_status":"open","ping_status":"closed","template":"","meta":{"_acf_changed":false,"_et_pb_use_builder":"","_et_pb_old_content":"","_et_gb_content_width":""},"product_brand":[],"product_cat":[736],"product_tag":[971],"pa_connextion-shapes":[],"class_list":{"0":"post-43539","1":"product","2":"type-product","3":"status-publish","4":"has-post-thumbnail","6":"product_cat-logiciel-de-conception-detiquettes","7":"product_tag-nicelabel-fr","9":"first","10":"instock","11":"virtual","12":"taxable","13":"purchasable","14":"product-type-simple"},"exclude_global_add_ons":false,"addons":[{"name":"Printer Add-On - NSDPAX001M","type":"multiple_choice","position":0,"required":true,"title_format":"label","default":"","description_enable":true,"description":"Loftware Designer Pro est un produit qui n\u00e9cessite un abonnement annuel.","placeholder_enable":false,"placeholder":"","display":"select","restrictions_type":"any_text","adjust_price":false,"price":"","price_type":"flat_fee","restrictions":false,"min":"0","max":"0","options":[{"label":"<br>3 Imprimantes","price":"","price_type":"flat_fee","image":0,"visibility":true},{"label":"4 Imprimantes","price":"132","price_type":"flat_fee","image":0,"visibility":true},{"label":"5 Imprimantes","price":"264","price_type":"flat_fee","image":0,"visibility":true},{"label":"6 Imprimantes","price":"396","price_type":"flat_fee","image":0,"visibility":true},{"label":"7 Imprimantes","price":"528","price_type":"flat_fee","image":0,"visibility":true},{"label":"8 Imprimantes","price":"660","price_type":"flat_fee","image":0,"visibility":true},{"label":"9 Imprimantes","price":"792","price_type":"flat_fee","image":0,"visibility":true},{"label":"10 Imprimantes","price":"924","price_type":"flat_fee","image":0,"visibility":true}],"id":1727271093}],"acf":[],"yoast_head":"<!-- This site is optimized with the Yoast SEO Premium plugin v27.0 (Yoast SEO v27.1) - https:\/\/yoast.com\/product\/yoast-seo-premium-wordpress\/ -->\n<title>Loftware Designer Pro - Label design Software<\/title>\n<meta name=\"description\" content=\"L&#039;abonnement annuel \u00e0 Loftware Designer Pro offre une solution tout-en-un pour la conception et l&#039;impression d&#039;\u00e9tiquettes professionnelles. Prend en charge jusqu&#039;\u00e0 3 imprimantes.\" \/>\n<meta name=\"robots\" content=\"index, follow, max-snippet:-1, max-image-preview:large, max-video-preview:-1\" \/>\n<link rel=\"canonical\" href=\"https:\/\/d-identify.be\/fr\/produit\/loftware-designer-pro\/\" \/>\n<meta property=\"og:locale\" content=\"fr_FR\" \/>\n<meta property=\"og:type\" content=\"article\" \/>\n<meta property=\"og:title\" content=\"Loftware Designer Pro\" \/>\n<meta property=\"og:description\" content=\"L&#039;abonnement annuel \u00e0 Loftware Designer Pro offre une solution tout-en-un pour la conception et l&#039;impression d&#039;\u00e9tiquettes professionnelles. Prend en charge jusqu&#039;\u00e0 3 imprimantes.\" \/>\n<meta property=\"og:url\" content=\"https:\/\/d-identify.be\/fr\/produit\/loftware-designer-pro\/\" \/>\n<meta property=\"og:site_name\" content=\"d-identify\" \/>\n<meta property=\"og:image\" content=\"https:\/\/d-identify.be\/wp-content\/uploads\/2021\/07\/Loftware-Designer-Pro-1.png\" \/>\n\t<meta property=\"og:image:width\" content=\"1184\" \/>\n\t<meta property=\"og:image:height\" content=\"1184\" \/>\n\t<meta property=\"og:image:type\" content=\"image\/png\" \/>\n<meta name=\"twitter:card\" content=\"summary_large_image\" \/>\n<meta name=\"twitter:label1\" content=\"Dur\u00e9e de lecture estim\u00e9e\" \/>\n\t<meta name=\"twitter:data1\" content=\"1 minute\" \/>\n<script type=\"application\/ld+json\" class=\"yoast-schema-graph\">{\"@context\":\"https:\/\/schema.org\",\"@graph\":[{\"@type\":\"WebPage\",\"@id\":\"https:\/\/d-identify.be\/fr\/produit\/loftware-designer-pro\/\",\"url\":\"https:\/\/d-identify.be\/fr\/produit\/loftware-designer-pro\/\",\"name\":\"Loftware Designer Pro - Label design Software\",\"isPartOf\":{\"@id\":\"https:\/\/d-identify.be\/fr\/#website\"},\"primaryImageOfPage\":{\"@id\":\"https:\/\/d-identify.be\/fr\/produit\/loftware-designer-pro\/#primaryimage\"},\"image\":{\"@id\":\"https:\/\/d-identify.be\/fr\/produit\/loftware-designer-pro\/#primaryimage\"},\"thumbnailUrl\":\"https:\/\/d-identify.be\/wp-content\/uploads\/2021\/07\/Loftware-Designer-Pro-1.png\",\"datePublished\":\"2021-07-26T11:38:56+00:00\",\"description\":\"L'abonnement annuel \u00e0 Loftware Designer Pro offre une solution tout-en-un pour la conception et l'impression d'\u00e9tiquettes professionnelles. Prend en charge jusqu'\u00e0 3 imprimantes.\",\"breadcrumb\":{\"@id\":\"https:\/\/d-identify.be\/fr\/produit\/loftware-designer-pro\/#breadcrumb\"},\"inLanguage\":\"fr-FR\",\"potentialAction\":[{\"@type\":\"ReadAction\",\"target\":[\"https:\/\/d-identify.be\/fr\/produit\/loftware-designer-pro\/\"]}]},{\"@type\":\"ImageObject\",\"inLanguage\":\"fr-FR\",\"@id\":\"https:\/\/d-identify.be\/fr\/produit\/loftware-designer-pro\/#primaryimage\",\"url\":\"https:\/\/d-identify.be\/wp-content\/uploads\/2021\/07\/Loftware-Designer-Pro-1.png\",\"contentUrl\":\"https:\/\/d-identify.be\/wp-content\/uploads\/2021\/07\/Loftware-Designer-Pro-1.png\",\"width\":1184,\"height\":1184,\"caption\":\"Loftware Designer Pro\"},{\"@type\":\"BreadcrumbList\",\"@id\":\"https:\/\/d-identify.be\/fr\/produit\/loftware-designer-pro\/#breadcrumb\",\"itemListElement\":[{\"@type\":\"ListItem\",\"position\":1,\"name\":\"Home\",\"item\":\"https:\/\/d-identify.be\/fr\/home-2\/\"},{\"@type\":\"ListItem\",\"position\":2,\"name\":\"Boutique\",\"item\":\"https:\/\/d-identify.be\/fr\/boutique\/\"},{\"@type\":\"ListItem\",\"position\":3,\"name\":\"Loftware Designer Pro\"}]},{\"@type\":\"WebSite\",\"@id\":\"https:\/\/d-identify.be\/fr\/#website\",\"url\":\"https:\/\/d-identify.be\/fr\/\",\"name\":\"d-identify\",\"description\":\"Industrial identification - Lockout - Tagout - Floor marking\",\"potentialAction\":[{\"@type\":\"SearchAction\",\"target\":{\"@type\":\"EntryPoint\",\"urlTemplate\":\"https:\/\/d-identify.be\/fr\/?s={search_term_string}\"},\"query-input\":{\"@type\":\"PropertyValueSpecification\",\"valueRequired\":true,\"valueName\":\"search_term_string\"}}],\"inLanguage\":\"fr-FR\"}]}<\/script>\n<!-- \/ Yoast SEO Premium plugin. -->","yoast_head_json":{"title":"Loftware Designer Pro - Label design Software","description":"L'abonnement annuel \u00e0 Loftware Designer Pro offre une solution tout-en-un pour la conception et l'impression d'\u00e9tiquettes professionnelles. Prend en charge jusqu'\u00e0 3 imprimantes.","robots":{"index":"index","follow":"follow","max-snippet":"max-snippet:-1","max-image-preview":"max-image-preview:large","max-video-preview":"max-video-preview:-1"},"canonical":"https:\/\/d-identify.be\/fr\/produit\/loftware-designer-pro\/","og_locale":"fr_FR","og_type":"article","og_title":"Loftware Designer Pro","og_description":"L'abonnement annuel \u00e0 Loftware Designer Pro offre une solution tout-en-un pour la conception et l'impression d'\u00e9tiquettes professionnelles. Prend en charge jusqu'\u00e0 3 imprimantes.","og_url":"https:\/\/d-identify.be\/fr\/produit\/loftware-designer-pro\/","og_site_name":"d-identify","og_image":[{"width":1184,"height":1184,"url":"https:\/\/d-identify.be\/wp-content\/uploads\/2021\/07\/Loftware-Designer-Pro-1.png","type":"image\/png"}],"twitter_card":"summary_large_image","twitter_misc":{"Dur\u00e9e de lecture estim\u00e9e":"1 minute"},"schema":{"@context":"https:\/\/schema.org","@graph":[{"@type":"WebPage","@id":"https:\/\/d-identify.be\/fr\/produit\/loftware-designer-pro\/","url":"https:\/\/d-identify.be\/fr\/produit\/loftware-designer-pro\/","name":"Loftware Designer Pro - Label design Software","isPartOf":{"@id":"https:\/\/d-identify.be\/fr\/#website"},"primaryImageOfPage":{"@id":"https:\/\/d-identify.be\/fr\/produit\/loftware-designer-pro\/#primaryimage"},"image":{"@id":"https:\/\/d-identify.be\/fr\/produit\/loftware-designer-pro\/#primaryimage"},"thumbnailUrl":"https:\/\/d-identify.be\/wp-content\/uploads\/2021\/07\/Loftware-Designer-Pro-1.png","datePublished":"2021-07-26T11:38:56+00:00","description":"L'abonnement annuel \u00e0 Loftware Designer Pro offre une solution tout-en-un pour la conception et l'impression d'\u00e9tiquettes professionnelles. Prend en charge jusqu'\u00e0 3 imprimantes.","breadcrumb":{"@id":"https:\/\/d-identify.be\/fr\/produit\/loftware-designer-pro\/#breadcrumb"},"inLanguage":"fr-FR","potentialAction":[{"@type":"ReadAction","target":["https:\/\/d-identify.be\/fr\/produit\/loftware-designer-pro\/"]}]},{"@type":"ImageObject","inLanguage":"fr-FR","@id":"https:\/\/d-identify.be\/fr\/produit\/loftware-designer-pro\/#primaryimage","url":"https:\/\/d-identify.be\/wp-content\/uploads\/2021\/07\/Loftware-Designer-Pro-1.png","contentUrl":"https:\/\/d-identify.be\/wp-content\/uploads\/2021\/07\/Loftware-Designer-Pro-1.png","width":1184,"height":1184,"caption":"Loftware Designer Pro"},{"@type":"BreadcrumbList","@id":"https:\/\/d-identify.be\/fr\/produit\/loftware-designer-pro\/#breadcrumb","itemListElement":[{"@type":"ListItem","position":1,"name":"Home","item":"https:\/\/d-identify.be\/fr\/home-2\/"},{"@type":"ListItem","position":2,"name":"Boutique","item":"https:\/\/d-identify.be\/fr\/boutique\/"},{"@type":"ListItem","position":3,"name":"Loftware Designer Pro"}]},{"@type":"WebSite","@id":"https:\/\/d-identify.be\/fr\/#website","url":"https:\/\/d-identify.be\/fr\/","name":"d-identify","description":"Industrial identification - Lockout - Tagout - Floor marking","potentialAction":[{"@type":"SearchAction","target":{"@type":"EntryPoint","urlTemplate":"https:\/\/d-identify.be\/fr\/?s={search_term_string}"},"query-input":{"@type":"PropertyValueSpecification","valueRequired":true,"valueName":"search_term_string"}}],"inLanguage":"fr-FR"}]}},"_links":{"self":[{"href":"https:\/\/d-identify.be\/fr\/wp-json\/wp\/v2\/product\/43539","targetHints":{"allow":["GET"]}}],"collection":[{"href":"https:\/\/d-identify.be\/fr\/wp-json\/wp\/v2\/product"}],"about":[{"href":"https:\/\/d-identify.be\/fr\/wp-json\/wp\/v2\/types\/product"}],"replies":[{"embeddable":true,"href":"https:\/\/d-identify.be\/fr\/wp-json\/wp\/v2\/comments?post=43539"}],"wp:featuredmedia":[{"embeddable":true,"href":"https:\/\/d-identify.be\/fr\/wp-json\/wp\/v2\/media\/40149"}],"wp:attachment":[{"href":"https:\/\/d-identify.be\/fr\/wp-json\/wp\/v2\/media?parent=43539"}],"wp:term":[{"taxonomy":"product_brand","embeddable":true,"href":"https:\/\/d-identify.be\/fr\/wp-json\/wp\/v2\/product_brand?post=43539"},{"taxonomy":"product_cat","embeddable":true,"href":"https:\/\/d-identify.be\/fr\/wp-json\/wp\/v2\/product_cat?post=43539"},{"taxonomy":"product_tag","embeddable":true,"href":"https:\/\/d-identify.be\/fr\/wp-json\/wp\/v2\/product_tag?post=43539"},{"taxonomy":"pa_connextion-shapes","embeddable":true,"href":"https:\/\/d-identify.be\/fr\/wp-json\/wp\/v2\/pa_connextion-shapes?post=43539"}],"curies":[{"name":"wp","href":"https:\/\/api.w.org\/{rel}","templated":true}]}}