{"id":24356,"date":"2021-07-26T12:41:16","date_gmt":"2021-07-26T10:41:16","guid":{"rendered":"https:\/\/d-identify.be\/product\/etiquette-de-cable-pur-blanche-75mm-x-15mm\/"},"modified":"2025-06-26T10:05:23","modified_gmt":"2025-06-26T08:05:23","slug":"etiquette-de-cable-pur-blanche-75mm-x-15mm","status":"publish","type":"product","link":"https:\/\/d-identify.be\/fr\/produit\/etiquette-de-cable-pur-blanche-75mm-x-15mm\/","title":{"rendered":"\u00c9tiquette de c\u00e2ble PUR 75 mm x 15 mm, blanche"},"content":{"rendered":"<h2 class=\"ai-optimize-19\" data-start=\"152\" data-end=\"243\">\u00c9tiquette de c\u00e2ble blanche 75 mm x 15 mm \u2013 \u00c9tiquette de c\u00e2ble fine et non adh\u00e9sive pour l&rsquo;identification industrielle<\/h2>\n<h3 class=\"ai-optimize-20\" data-start=\"250\" data-end=\"304\">Compact, durable et con\u00e7u pour les environnements difficiles<\/h3>\n<p class=\"ai-optimize-21 ai-optimize-introduction\" data-start=\"306\" data-end=\"629\"><strong data-start=\"310\" data-end=\"339\">L&rsquo;\u00e9tiquette pour c\u00e2ble blanche 75mmx15mm<\/strong> est fine et durable, con\u00e7ue pour une utilisation industrielle intensive. Fabriqu\u00e9e en <strong data-start=\"447\" data-end=\"469\">PUR (polyur\u00e9thane)<\/strong> robuste et flexible, elle r\u00e9siste aux conditions difficiles telles que l&rsquo;exposition aux produits chimiques, aux rayons UV et \u00e0 l&rsquo;usure m\u00e9canique. Elle est donc parfaitement adapt\u00e9e aux environnements int\u00e9rieurs comme ext\u00e9rieurs.  <\/p>\n<h3 class=\"ai-optimize-22\" data-start=\"636\" data-end=\"672\">Format mince avec une haute visibilit\u00e9<\/h3>\n<p class=\"ai-optimize-23\" data-start=\"674\" data-end=\"1036\">Gr\u00e2ce \u00e0 son format compact de 75 mm x 15 mm, cette \u00e9tiquette est id\u00e9ale pour les installations \u00e0 espace restreint. Malgr\u00e9 sa finesse, elle offre suffisamment d&rsquo;espace pour imprimer des codes-barres, des num\u00e9ros de s\u00e9rie ou un texte d&rsquo;identification clair. De plus, <strong data-start=\"904\" data-end=\"930\">son fond blanc \u00e9pur\u00e9 assure un excellent contraste,<\/strong> am\u00e9liorant ainsi la visibilit\u00e9 lors des inspections ou des r\u00e9parations, m\u00eame en faible luminosit\u00e9.  <\/p>\n<h3 class=\"ai-optimize-24\" data-start=\"1043\" data-end=\"1087\">Conception non adh\u00e9sive avec montage s\u00e9curis\u00e9<\/h3>\n<p class=\"ai-optimize-25\" data-start=\"1089\" data-end=\"1396\"><strong data-start=\"1093\" data-end=\"1122\">L&rsquo;\u00e9tiquette de c\u00e2ble blanche 75mmx15mm<\/strong> est dot\u00e9e de deux trous de fixation et est con\u00e7ue pour \u00eatre utilis\u00e9e avec des colliers <strong data-start=\"1180\" data-end=\"1200\">de serrage de 4,7 mm<\/strong>. Contrairement aux \u00e9tiquettes adh\u00e9sives qui peuvent se d\u00e9t\u00e9riorer sur des surfaces sales ou incurv\u00e9es, cette \u00e9tiquette reste fermement en place une fois fix\u00e9e. Elle constitue donc un excellent choix pour les environnements soumis \u00e0 des vibrations, \u00e0 la poussi\u00e8re ou \u00e0 l&rsquo;huile.  <\/p>\n<h3 class=\"ai-optimize-26\" data-start=\"1403\" data-end=\"1446\">Convient \u00e0 un large \u00e9ventail d&rsquo;industries<\/h3>\n<p class=\"ai-optimize-27\" data-start=\"1448\" data-end=\"1718\">Les professionnels de la production <strong data-start=\"1465\" data-end=\"1526\">d&rsquo;\u00e9nergie, des t\u00e9l\u00e9communications, des TIC, de l&rsquo;a\u00e9rospatiale<\/strong>, des <strong data-start=\"1532\" data-end=\"1543\">transports et de la d\u00e9fense<\/strong> font confiance \u00e0 cette \u00e9tiquette de c\u00e2ble pour un \u00e9tiquetage permanent. Elle garantit la s\u00e9curit\u00e9, la clart\u00e9 du syst\u00e8me et la tra\u00e7abilit\u00e9, aidant ainsi les \u00e9quipes \u00e0 g\u00e9rer efficacement les c\u00e2bles et \u00e0 \u00e9viter les erreurs de maintenance. <\/p>\n<h3 class=\"ai-optimize-28\" data-start=\"1725\" data-end=\"1777\">Options d&rsquo;impression flexibles pour une plus grande efficacit\u00e9<\/h3>\n<p class=\"ai-optimize-29\" data-start=\"1779\" data-end=\"2041\">Compatible avec les <strong data-start=\"1813\" data-end=\"1851\">imprimantes de table \u00e0 transfert thermique<\/strong> et les <strong data-start=\"1856\" data-end=\"1881\">imprimantes mobiles de terrain<\/strong>, l&rsquo;\u00e9tiquette offre une grande flexibilit\u00e9 \u00e0 votre \u00e9quipe. Vous pouvez imprimer des \u00e9tiquettes sur site ou pendant la production. Cela r\u00e9duit les temps d&rsquo;attente et augmente la productivit\u00e9 sur tous les projets.  <\/p>\n<h3 class=\"ai-optimize-30\" data-start=\"2048\" data-end=\"2085\">Conforme aux normes de l&rsquo;industrie<\/h3>\n<p class=\"ai-optimize-31\" data-start=\"2087\" data-end=\"2147\">Pour votre tranquillit\u00e9 d\u2019esprit, l\u2019\u00e9tiquette r\u00e9pond \u00e0 plusieurs normes critiques :<\/p>\n<ul data-start=\"2149\" data-end=\"2294\">\n<li class=\"ai-optimize-32\" data-start=\"2149\" data-end=\"2203\">\n<p class=\"ai-optimize-33\" data-start=\"2151\" data-end=\"2203\"><strong data-start=\"2151\" data-end=\"2167\">MIL-STD-202F <\/strong>\u2013 R\u00e9sistance aux produits chimiques et aux solvants<\/p>\n<\/li>\n<li class=\"ai-optimize-34\" data-start=\"2204\" data-end=\"2252\">\n<p class=\"ai-optimize-35\" data-start=\"2206\" data-end=\"2252\"><strong data-start=\"2206\" data-end=\"2221\">SAE AS81531<\/strong> \u2013 Durabilit\u00e9 d&rsquo;impression permanente<\/p>\n<\/li>\n<li class=\"ai-optimize-36\" data-start=\"2253\" data-end=\"2294\">\n<p class=\"ai-optimize-37\" data-start=\"2255\" data-end=\"2294\"><strong data-start=\"2255\" data-end=\"2267\">UL 94-V0<\/strong> \u2013 Indice de r\u00e9sistance au feu<\/p>\n<\/li>\n<\/ul>\n<h3 class=\"ai-optimize-38\" data-start=\"2301\" data-end=\"2348\">Des performances durables dans n&rsquo;importe quel environnement<\/h3>\n<p class=\"ai-optimize-39\" data-start=\"2350\" data-end=\"2545\"><strong data-start=\"2354\" data-end=\"2383\">L&rsquo;\u00e9tiquette de c\u00e2ble blanche 75mmx15mm<\/strong> se plie facilement pour s&rsquo;adapter aux surfaces courbes ou irr\u00e9guli\u00e8res. Elle ne se d\u00e9colle pas, ne se fissure pas et ne s&rsquo;efface pas avec le temps. Elle reste lisible et s\u00e9curis\u00e9e, quelles que soient les conditions.  <\/p>\n<h3 class=\"ai-optimize-40\" data-start=\"2552\" data-end=\"2566\">Conclusion<\/h3>\n<p class=\"ai-optimize-41\" data-start=\"2568\" data-end=\"2806\">En r\u00e9sum\u00e9, <strong data-start=\"2583\" data-end=\"2612\">l&rsquo;\u00e9tiquette de c\u00e2ble blanche 75mmx15mm<\/strong> offre une solution d&rsquo;\u00e9tiquetage fine, s\u00e9curis\u00e9e et hautement visible. Gr\u00e2ce \u00e0 sa conception robuste et non adh\u00e9sive, elle est id\u00e9ale pour les professionnels travaillant dans des environnements industriels exigeants. <\/p>\n<p class=\"ai-optimize-24\" data-start=\"1846\" data-end=\"2122\">\n","protected":false},"excerpt":{"rendered":"<p class=\"ai-optimize-16 ai-optimize-introduction\"><span class=\"fontstyle2\">Ces \u00e9tiquettes de c\u00e2bles PUR hautes performances de 75 mm x 15 mm sont \u00e9conomiques.<\/span><span class=\"fontstyle2\"> Une solution pratique pour identifier les c\u00e2bles \u00e9pais et les faisceaux de c\u00e2bles en environnements difficiles. Imprimables sur site avec des imprimantes de table \u00e0 grand volume et sur le terrain avec des imprimantes mobiles, les \u00e9tiquettes de c\u00e2bles D-identify offrent une flexibilit\u00e9 exceptionnelle aux entreprises des secteurs de l&rsquo;\u00e9nergie, des t\u00e9l\u00e9communications, des TIC, de l&rsquo;a\u00e9rospatiale, des transports en commun et de la d\u00e9fense.  <\/span><\/p>\n<p class=\"ai-optimize-17\"><strong>Caract\u00e9ristiques<\/strong><\/p>\n","protected":false},"featured_media":24357,"comment_status":"open","ping_status":"closed","template":"","meta":{"_acf_changed":false,"_et_pb_use_builder":"","_et_pb_old_content":"","_et_gb_content_width":""},"product_brand":[],"product_cat":[636,661,667],"product_tag":[963],"pa_connextion-shapes":[],"class_list":{"0":"post-24356","1":"product","2":"type-product","3":"status-publish","4":"has-post-thumbnail","6":"product_cat-etiquettes-industrielles","7":"product_cat-marquage-de-cables","8":"product_cat-identification-de-cable-pur","9":"product_tag-d-identify-fr","11":"first","12":"instock","13":"taxable","14":"shipping-taxable","15":"purchasable","16":"product-type-simple"},"exclude_global_add_ons":[],"addons":[],"acf":[],"yoast_head":"<!-- This site is optimized with the Yoast SEO Premium plugin v27.0 (Yoast SEO v27.1) - https:\/\/yoast.com\/product\/yoast-seo-premium-wordpress\/ -->\n<title>\u00c9tiquette de c\u00e2ble blanche 75mmx15mm \u2013 \u00c9tiquette de c\u00e2ble en polyur\u00e9thane PUR<\/title>\n<meta name=\"description\" content=\"\u00c9tiquette de c\u00e2ble blanche 75mmx15mm fabriqu\u00e9e en PUR (polyur\u00e9thane) r\u00e9sistant, con\u00e7ue pour un marquage de c\u00e2ble durable et lisible dans les environnements industriels difficiles.\" \/>\n<meta name=\"robots\" content=\"index, follow, max-snippet:-1, max-image-preview:large, max-video-preview:-1\" \/>\n<link rel=\"canonical\" href=\"https:\/\/d-identify.be\/fr\/produit\/etiquette-de-cable-pur-blanche-75mm-x-15mm\/\" \/>\n<meta property=\"og:locale\" content=\"fr_FR\" \/>\n<meta property=\"og:type\" content=\"article\" \/>\n<meta property=\"og:title\" content=\"\u00c9tiquette de c\u00e2ble PUR 75 mm x 15 mm, blanche\" \/>\n<meta property=\"og:description\" content=\"\u00c9tiquette de c\u00e2ble blanche 75mmx15mm fabriqu\u00e9e en PUR (polyur\u00e9thane) r\u00e9sistant, con\u00e7ue pour un marquage de c\u00e2ble durable et lisible dans les environnements industriels difficiles.\" \/>\n<meta property=\"og:url\" content=\"https:\/\/d-identify.be\/fr\/produit\/etiquette-de-cable-pur-blanche-75mm-x-15mm\/\" \/>\n<meta property=\"og:site_name\" content=\"d-identify\" \/>\n<meta property=\"article:modified_time\" content=\"2025-06-26T08:05:23+00:00\" \/>\n<meta property=\"og:image\" content=\"https:\/\/d-identify.be\/wp-content\/uploads\/2021\/07\/D-TAG-75x15-1K_White.png\" \/>\n\t<meta property=\"og:image:width\" content=\"869\" \/>\n\t<meta property=\"og:image:height\" content=\"794\" \/>\n\t<meta property=\"og:image:type\" content=\"image\/png\" \/>\n<meta name=\"twitter:card\" content=\"summary_large_image\" \/>\n<meta name=\"twitter:label1\" content=\"Dur\u00e9e de lecture estim\u00e9e\" \/>\n\t<meta name=\"twitter:data1\" content=\"3 minutes\" \/>\n<script type=\"application\/ld+json\" class=\"yoast-schema-graph\">{\"@context\":\"https:\/\/schema.org\",\"@graph\":[{\"@type\":\"WebPage\",\"@id\":\"https:\/\/d-identify.be\/fr\/produit\/etiquette-de-cable-pur-blanche-75mm-x-15mm\/\",\"url\":\"https:\/\/d-identify.be\/fr\/produit\/etiquette-de-cable-pur-blanche-75mm-x-15mm\/\",\"name\":\"\u00c9tiquette de c\u00e2ble blanche 75mmx15mm \u2013 \u00c9tiquette de c\u00e2ble en polyur\u00e9thane PUR\",\"isPartOf\":{\"@id\":\"https:\/\/d-identify.be\/fr\/#website\"},\"primaryImageOfPage\":{\"@id\":\"https:\/\/d-identify.be\/fr\/produit\/etiquette-de-cable-pur-blanche-75mm-x-15mm\/#primaryimage\"},\"image\":{\"@id\":\"https:\/\/d-identify.be\/fr\/produit\/etiquette-de-cable-pur-blanche-75mm-x-15mm\/#primaryimage\"},\"thumbnailUrl\":\"https:\/\/d-identify.be\/wp-content\/uploads\/2021\/07\/D-TAG-75x15-1K_White.png\",\"datePublished\":\"2021-07-26T10:41:16+00:00\",\"dateModified\":\"2025-06-26T08:05:23+00:00\",\"description\":\"\u00c9tiquette de c\u00e2ble blanche 75mmx15mm fabriqu\u00e9e en PUR (polyur\u00e9thane) r\u00e9sistant, con\u00e7ue pour un marquage de c\u00e2ble durable et lisible dans les environnements industriels difficiles.\",\"breadcrumb\":{\"@id\":\"https:\/\/d-identify.be\/fr\/produit\/etiquette-de-cable-pur-blanche-75mm-x-15mm\/#breadcrumb\"},\"inLanguage\":\"fr-FR\",\"potentialAction\":[{\"@type\":\"ReadAction\",\"target\":[\"https:\/\/d-identify.be\/fr\/produit\/etiquette-de-cable-pur-blanche-75mm-x-15mm\/\"]}]},{\"@type\":\"ImageObject\",\"inLanguage\":\"fr-FR\",\"@id\":\"https:\/\/d-identify.be\/fr\/produit\/etiquette-de-cable-pur-blanche-75mm-x-15mm\/#primaryimage\",\"url\":\"https:\/\/d-identify.be\/wp-content\/uploads\/2021\/07\/D-TAG-75x15-1K_White.png\",\"contentUrl\":\"https:\/\/d-identify.be\/wp-content\/uploads\/2021\/07\/D-TAG-75x15-1K_White.png\",\"width\":869,\"height\":794,\"caption\":\"PUR White Cable Tag 75mm x 15mm\"},{\"@type\":\"BreadcrumbList\",\"@id\":\"https:\/\/d-identify.be\/fr\/produit\/etiquette-de-cable-pur-blanche-75mm-x-15mm\/#breadcrumb\",\"itemListElement\":[{\"@type\":\"ListItem\",\"position\":1,\"name\":\"Home\",\"item\":\"https:\/\/d-identify.be\/fr\/home-2\/\"},{\"@type\":\"ListItem\",\"position\":2,\"name\":\"Boutique\",\"item\":\"https:\/\/d-identify.be\/fr\/boutique\/\"},{\"@type\":\"ListItem\",\"position\":3,\"name\":\"\u00c9tiquette de c\u00e2ble PUR 75 mm x 15 mm, blanche\"}]},{\"@type\":\"WebSite\",\"@id\":\"https:\/\/d-identify.be\/fr\/#website\",\"url\":\"https:\/\/d-identify.be\/fr\/\",\"name\":\"d-identify\",\"description\":\"Industrial identification - Lockout - Tagout - Floor marking\",\"potentialAction\":[{\"@type\":\"SearchAction\",\"target\":{\"@type\":\"EntryPoint\",\"urlTemplate\":\"https:\/\/d-identify.be\/fr\/?s={search_term_string}\"},\"query-input\":{\"@type\":\"PropertyValueSpecification\",\"valueRequired\":true,\"valueName\":\"search_term_string\"}}],\"inLanguage\":\"fr-FR\"}]}<\/script>\n<!-- \/ Yoast SEO Premium plugin. -->","yoast_head_json":{"title":"\u00c9tiquette de c\u00e2ble blanche 75mmx15mm \u2013 \u00c9tiquette de c\u00e2ble en polyur\u00e9thane PUR","description":"\u00c9tiquette de c\u00e2ble blanche 75mmx15mm fabriqu\u00e9e en PUR (polyur\u00e9thane) r\u00e9sistant, con\u00e7ue pour un marquage de c\u00e2ble durable et lisible dans les environnements industriels difficiles.","robots":{"index":"index","follow":"follow","max-snippet":"max-snippet:-1","max-image-preview":"max-image-preview:large","max-video-preview":"max-video-preview:-1"},"canonical":"https:\/\/d-identify.be\/fr\/produit\/etiquette-de-cable-pur-blanche-75mm-x-15mm\/","og_locale":"fr_FR","og_type":"article","og_title":"\u00c9tiquette de c\u00e2ble PUR 75 mm x 15 mm, blanche","og_description":"\u00c9tiquette de c\u00e2ble blanche 75mmx15mm fabriqu\u00e9e en PUR (polyur\u00e9thane) r\u00e9sistant, con\u00e7ue pour un marquage de c\u00e2ble durable et lisible dans les environnements industriels difficiles.","og_url":"https:\/\/d-identify.be\/fr\/produit\/etiquette-de-cable-pur-blanche-75mm-x-15mm\/","og_site_name":"d-identify","article_modified_time":"2025-06-26T08:05:23+00:00","og_image":[{"width":869,"height":794,"url":"https:\/\/d-identify.be\/wp-content\/uploads\/2021\/07\/D-TAG-75x15-1K_White.png","type":"image\/png"}],"twitter_card":"summary_large_image","twitter_misc":{"Dur\u00e9e de lecture estim\u00e9e":"3 minutes"},"schema":{"@context":"https:\/\/schema.org","@graph":[{"@type":"WebPage","@id":"https:\/\/d-identify.be\/fr\/produit\/etiquette-de-cable-pur-blanche-75mm-x-15mm\/","url":"https:\/\/d-identify.be\/fr\/produit\/etiquette-de-cable-pur-blanche-75mm-x-15mm\/","name":"\u00c9tiquette de c\u00e2ble blanche 75mmx15mm \u2013 \u00c9tiquette de c\u00e2ble en polyur\u00e9thane PUR","isPartOf":{"@id":"https:\/\/d-identify.be\/fr\/#website"},"primaryImageOfPage":{"@id":"https:\/\/d-identify.be\/fr\/produit\/etiquette-de-cable-pur-blanche-75mm-x-15mm\/#primaryimage"},"image":{"@id":"https:\/\/d-identify.be\/fr\/produit\/etiquette-de-cable-pur-blanche-75mm-x-15mm\/#primaryimage"},"thumbnailUrl":"https:\/\/d-identify.be\/wp-content\/uploads\/2021\/07\/D-TAG-75x15-1K_White.png","datePublished":"2021-07-26T10:41:16+00:00","dateModified":"2025-06-26T08:05:23+00:00","description":"\u00c9tiquette de c\u00e2ble blanche 75mmx15mm fabriqu\u00e9e en PUR (polyur\u00e9thane) r\u00e9sistant, con\u00e7ue pour un marquage de c\u00e2ble durable et lisible dans les environnements industriels difficiles.","breadcrumb":{"@id":"https:\/\/d-identify.be\/fr\/produit\/etiquette-de-cable-pur-blanche-75mm-x-15mm\/#breadcrumb"},"inLanguage":"fr-FR","potentialAction":[{"@type":"ReadAction","target":["https:\/\/d-identify.be\/fr\/produit\/etiquette-de-cable-pur-blanche-75mm-x-15mm\/"]}]},{"@type":"ImageObject","inLanguage":"fr-FR","@id":"https:\/\/d-identify.be\/fr\/produit\/etiquette-de-cable-pur-blanche-75mm-x-15mm\/#primaryimage","url":"https:\/\/d-identify.be\/wp-content\/uploads\/2021\/07\/D-TAG-75x15-1K_White.png","contentUrl":"https:\/\/d-identify.be\/wp-content\/uploads\/2021\/07\/D-TAG-75x15-1K_White.png","width":869,"height":794,"caption":"PUR White Cable Tag 75mm x 15mm"},{"@type":"BreadcrumbList","@id":"https:\/\/d-identify.be\/fr\/produit\/etiquette-de-cable-pur-blanche-75mm-x-15mm\/#breadcrumb","itemListElement":[{"@type":"ListItem","position":1,"name":"Home","item":"https:\/\/d-identify.be\/fr\/home-2\/"},{"@type":"ListItem","position":2,"name":"Boutique","item":"https:\/\/d-identify.be\/fr\/boutique\/"},{"@type":"ListItem","position":3,"name":"\u00c9tiquette de c\u00e2ble PUR 75 mm x 15 mm, blanche"}]},{"@type":"WebSite","@id":"https:\/\/d-identify.be\/fr\/#website","url":"https:\/\/d-identify.be\/fr\/","name":"d-identify","description":"Industrial identification - Lockout - Tagout - Floor marking","potentialAction":[{"@type":"SearchAction","target":{"@type":"EntryPoint","urlTemplate":"https:\/\/d-identify.be\/fr\/?s={search_term_string}"},"query-input":{"@type":"PropertyValueSpecification","valueRequired":true,"valueName":"search_term_string"}}],"inLanguage":"fr-FR"}]}},"_links":{"self":[{"href":"https:\/\/d-identify.be\/fr\/wp-json\/wp\/v2\/product\/24356","targetHints":{"allow":["GET"]}}],"collection":[{"href":"https:\/\/d-identify.be\/fr\/wp-json\/wp\/v2\/product"}],"about":[{"href":"https:\/\/d-identify.be\/fr\/wp-json\/wp\/v2\/types\/product"}],"replies":[{"embeddable":true,"href":"https:\/\/d-identify.be\/fr\/wp-json\/wp\/v2\/comments?post=24356"}],"wp:featuredmedia":[{"embeddable":true,"href":"https:\/\/d-identify.be\/fr\/wp-json\/wp\/v2\/media\/24357"}],"wp:attachment":[{"href":"https:\/\/d-identify.be\/fr\/wp-json\/wp\/v2\/media?parent=24356"}],"wp:term":[{"taxonomy":"product_brand","embeddable":true,"href":"https:\/\/d-identify.be\/fr\/wp-json\/wp\/v2\/product_brand?post=24356"},{"taxonomy":"product_cat","embeddable":true,"href":"https:\/\/d-identify.be\/fr\/wp-json\/wp\/v2\/product_cat?post=24356"},{"taxonomy":"product_tag","embeddable":true,"href":"https:\/\/d-identify.be\/fr\/wp-json\/wp\/v2\/product_tag?post=24356"},{"taxonomy":"pa_connextion-shapes","embeddable":true,"href":"https:\/\/d-identify.be\/fr\/wp-json\/wp\/v2\/pa_connextion-shapes?post=24356"}],"curies":[{"name":"wp","href":"https:\/\/api.w.org\/{rel}","templated":true}]}}