{"id":24343,"date":"2021-07-26T12:41:16","date_gmt":"2021-07-26T10:41:16","guid":{"rendered":"https:\/\/d-identify.be\/product\/etiquette-de-cable-pur-blanche-60mm-x-10mm\/"},"modified":"2025-06-26T10:00:45","modified_gmt":"2025-06-26T08:00:45","slug":"etiquette-de-cable-pur-blanche-60mm-x-10mm","status":"publish","type":"product","link":"https:\/\/d-identify.be\/fr\/produit\/etiquette-de-cable-pur-blanche-60mm-x-10mm\/","title":{"rendered":"\u00c9tiquette de c\u00e2ble PUR 60 mm x 10 mm, blanche"},"content":{"rendered":"<h2 class=\"ai-optimize-23\" data-start=\"196\" data-end=\"277\">\u00c9tiquette de c\u00e2ble blanche 60 mm x 10 mm \u2013 \u00c9tiquette de c\u00e2ble durable et non adh\u00e9sive pour espaces restreints<\/h2>\n<h3 class=\"ai-optimize-24\" data-start=\"284\" data-end=\"329\">Identification de c\u00e2bles compacte et fiable<\/h3>\n<p class=\"ai-optimize-25 ai-optimize-introduction\" data-start=\"331\" data-end=\"651\"><strong data-start=\"335\" data-end=\"364\">L&rsquo;\u00e9tiquette de c\u00e2ble blanche 60mmx10mm<\/strong> est une solution d&rsquo;\u00e9tiquetage robuste et compacte pour l&rsquo;identification des c\u00e2bles, faisceaux et c\u00e2blages dans les environnements industriels exigeants. Fabriqu\u00e9e en <strong data-start=\"521\" data-end=\"543\">PUR (polyur\u00e9thane)<\/strong> robuste et flexible, elle r\u00e9siste aux produits chimiques, \u00e0 la chaleur, aux rayons UV et aux contraintes m\u00e9caniques sans perdre sa transparence ni sa forme. <\/p>\n<h3 class=\"ai-optimize-26\" data-start=\"658\" data-end=\"703\">Id\u00e9al pour les installations \u00e0 espace restreint<\/h3>\n<p class=\"ai-optimize-27\" data-start=\"705\" data-end=\"1089\">Gr\u00e2ce \u00e0 son format compact de 60mmx10mm, cette \u00e9tiquette de c\u00e2ble est id\u00e9ale pour les installations exigu\u00ebs o\u00f9 les \u00e9tiquettes traditionnelles ne conviennent pas. Sa surface blanche et nette offre un excellent contraste, facilitant la lecture des informations imprim\u00e9es lors des inspections, de la maintenance ou de l&rsquo;installation. Ainsi,<strong data-start=\"1003\" data-end=\"1032\"> l&rsquo;\u00e9tiquette de c\u00e2ble blanche 60mmx10mm<\/strong> contribue \u00e0 r\u00e9duire les erreurs et \u00e0 am\u00e9liorer l&rsquo;efficacit\u00e9 sur le terrain.  <\/p>\n<h3 class=\"ai-optimize-28\" data-start=\"1096\" data-end=\"1146\">Non adh\u00e9sif et facile \u00e0 monter avec des serre-c\u00e2bles<\/h3>\n<p class=\"ai-optimize-29\" data-start=\"1148\" data-end=\"1433\">Contrairement aux \u00e9tiquettes adh\u00e9sives, cette <strong data-start=\"1177\" data-end=\"1197\">\u00e9tiquette non adh\u00e9sive<\/strong> comporte deux trous de fixation. Vous pouvez la fixer solidement aux c\u00e2bles \u00e0 l&rsquo;aide de <strong data-start=\"1270\" data-end=\"1290\">serre-c\u00e2bles de 4,7 mm<\/strong>. Cette m\u00e9thode de fixation garantit une bonne tenue de l&rsquo;\u00e9tiquette, m\u00eame dans les environnements poussi\u00e9reux, huileux ou soumis \u00e0 de fortes vibrations, o\u00f9 les \u00e9tiquettes autocollantes peuvent \u00eatre d\u00e9fectueuses.  <\/p>\n<h3 class=\"ai-optimize-30\" data-start=\"1440\" data-end=\"1474\">Confiance dans les industries critiques<\/h3>\n<p class=\"ai-optimize-31\" data-start=\"1476\" data-end=\"1729\">Gr\u00e2ce \u00e0 sa durabilit\u00e9 et sa visibilit\u00e9, cette \u00e9tiquette est largement utilis\u00e9e dans <strong data-start=\"1545\" data-end=\"1619\">la distribution d&rsquo;\u00e9nergie, les t\u00e9l\u00e9communications, l&rsquo;a\u00e9rospatiale, les TIC, les transports<\/strong> et <strong data-start=\"1625\" data-end=\"1636\">la d\u00e9fense<\/strong>. Elle joue un r\u00f4le essentiel dans la tra\u00e7abilit\u00e9 des c\u00e2bles, la clart\u00e9 des syst\u00e8mes et la s\u00e9curit\u00e9 au travail. <\/p>\n<h3 class=\"ai-optimize-32\" data-start=\"1736\" data-end=\"1780\">Flexibilit\u00e9 d&rsquo;impression sur site ou en interne<\/h3>\n<p class=\"ai-optimize-33\" data-start=\"1782\" data-end=\"2034\">L&rsquo;un des principaux avantages de cette \u00e9tiquette de c\u00e2ble est sa compatibilit\u00e9 avec <strong data-start=\"1851\" data-end=\"1889\">les imprimantes \u00e0 transfert thermique<\/strong> de table et les <strong data-start=\"1894\" data-end=\"1915\">imprimantes portables<\/strong>. Ainsi, les \u00e9quipes peuvent imprimer les \u00e9tiquettes directement sur site ou en interne, ce qui am\u00e9liore les d\u00e9lais d&rsquo;ex\u00e9cution et r\u00e9duit les temps d&rsquo;arr\u00eat. <\/p>\n<h3 class=\"ai-optimize-34\" data-start=\"2041\" data-end=\"2081\">Certifi\u00e9 conforme aux normes de l&rsquo;industrie<\/h3>\n<p class=\"ai-optimize-35\" data-start=\"2083\" data-end=\"2167\">Pour garantir performance et s\u00e9curit\u00e9, cette \u00e9tiquette est conforme aux normes suivantes :<\/p>\n<ul data-start=\"2169\" data-end=\"2327\">\n<li class=\"ai-optimize-36\" data-start=\"2169\" data-end=\"2223\">\n<p class=\"ai-optimize-37\" data-start=\"2171\" data-end=\"2223\"><strong data-start=\"2171\" data-end=\"2187\">MIL-STD-202F <\/strong>\u2013 R\u00e9sistance aux produits chimiques et aux solvants<\/p>\n<\/li>\n<li class=\"ai-optimize-38\" data-start=\"2224\" data-end=\"2277\">\n<p class=\"ai-optimize-39\" data-start=\"2226\" data-end=\"2277\"><strong data-start=\"2226\" data-end=\"2241\">SAE AS81531 <\/strong>\u2013 Permanence et durabilit\u00e9 de l&rsquo;impression<\/p>\n<\/li>\n<li class=\"ai-optimize-40\" data-start=\"2278\" data-end=\"2327\">\n<p class=\"ai-optimize-41\" data-start=\"2280\" data-end=\"2327\"><strong data-start=\"2280\" data-end=\"2292\">UL 94-V0 <\/strong>\u2013 Classification ignifuge<\/p>\n<\/li>\n<\/ul>\n<h3 class=\"ai-optimize-42\" data-start=\"2334\" data-end=\"2361\">Con\u00e7u pour une utilisation \u00e0 long terme<\/h3>\n<p class=\"ai-optimize-43\" data-start=\"2363\" data-end=\"2586\"><strong data-start=\"2367\" data-end=\"2396\">L&rsquo;\u00e9tiquette pour c\u00e2ble blanche 60mmx10mm<\/strong> r\u00e9siste \u00e0 l&rsquo;usure, aux UV et aux intemp\u00e9ries. Elle s&rsquo;adapte \u00e9galement facilement aux surfaces courbes ou irr\u00e9guli\u00e8res sans se d\u00e9coller, se fissurer ni se d\u00e9colorer, garantissant ainsi une identification durable l\u00e0 o\u00f9 elle est essentielle. <\/p>\n<h3 class=\"ai-optimize-44\" data-start=\"2593\" data-end=\"2607\">Conclusion<\/h3>\n<p class=\"ai-optimize-45\" data-start=\"2609\" data-end=\"2834\">En r\u00e9sum\u00e9, <strong data-start=\"2625\" data-end=\"2654\">l&rsquo;\u00e9tiquette de c\u00e2ble blanche 60mmx10mm<\/strong> est une solution d&rsquo;\u00e9tiquetage non adh\u00e9sive et haute visibilit\u00e9, con\u00e7ue pour les applications industrielles compactes. Elle allie durabilit\u00e9, flexibilit\u00e9 et conformit\u00e9 dans une seule \u00e9tiquette intelligente et pr\u00eate \u00e0 l&#8217;emploi. <\/p>\n","protected":false},"excerpt":{"rendered":"<p class=\"ai-optimize-16 ai-optimize-introduction\"><span class=\"fontstyle2\">Ces \u00e9tiquettes de c\u00e2bles PUR hautes performances de 75 mm x 15 mm sont \u00e9conomiques.<\/span><span class=\"fontstyle2\"> Les \u00e9tiquettes de c\u00e2bles PUR 60mmx10mm sont \u00e9conomiques. Une solution pratique pour identifier les c\u00e2bles \u00e9pais et les faisceaux de c\u00e2bles en environnements difficiles. Imprimables sur site avec des imprimantes de table \u00e0 haut d\u00e9bit et sur le terrain avec des imprimantes mobiles, les \u00e9tiquettes de c\u00e2bles D-identify offrent une flexibilit\u00e9 exceptionnelle aux entreprises des secteurs de l&rsquo;\u00e9nergie, des t\u00e9l\u00e9communications, des TIC, de l&rsquo;a\u00e9rospatiale, des transports en commun et de la d\u00e9fense.  <\/span><\/p>\n<p class=\"ai-optimize-17\"><strong>Caract\u00e9ristiques<\/strong><\/p>\n","protected":false},"featured_media":24344,"comment_status":"open","ping_status":"closed","template":"","meta":{"_acf_changed":false,"_et_pb_use_builder":"","_et_pb_old_content":"","_et_gb_content_width":""},"product_brand":[],"product_cat":[636,661,667],"product_tag":[963],"pa_connextion-shapes":[],"class_list":{"0":"post-24343","1":"product","2":"type-product","3":"status-publish","4":"has-post-thumbnail","6":"product_cat-etiquettes-industrielles","7":"product_cat-marquage-de-cables","8":"product_cat-identification-de-cable-pur","9":"product_tag-d-identify-fr","11":"first","12":"instock","13":"taxable","14":"shipping-taxable","15":"purchasable","16":"product-type-simple"},"exclude_global_add_ons":[],"addons":[],"acf":[],"yoast_head":"<!-- This site is optimized with the Yoast SEO Premium plugin v27.0 (Yoast SEO v27.1) - https:\/\/yoast.com\/product\/yoast-seo-premium-wordpress\/ -->\n<title>\u00c9tiquette de c\u00e2ble compacte en polyur\u00e9thane, blanche, 60mmx10mm<\/title>\n<meta name=\"description\" content=\"\u00c9tiquette de c\u00e2ble blanche mince de 60mmx10mm en PUR (polyur\u00e9thane), id\u00e9ale pour l&#039;identification de c\u00e2bles durables et \u00e0 espace restreint dans les applications industrielles\" \/>\n<meta name=\"robots\" content=\"index, follow, max-snippet:-1, max-image-preview:large, max-video-preview:-1\" \/>\n<link rel=\"canonical\" href=\"https:\/\/d-identify.be\/fr\/produit\/etiquette-de-cable-pur-blanche-60mm-x-10mm\/\" \/>\n<meta property=\"og:locale\" content=\"fr_FR\" \/>\n<meta property=\"og:type\" content=\"article\" \/>\n<meta property=\"og:title\" content=\"\u00c9tiquette de c\u00e2ble PUR 60 mm x 10 mm, blanche\" \/>\n<meta property=\"og:description\" content=\"\u00c9tiquette de c\u00e2ble blanche mince de 60mmx10mm en PUR (polyur\u00e9thane), id\u00e9ale pour l&#039;identification de c\u00e2bles durables et \u00e0 espace restreint dans les applications industrielles\" \/>\n<meta property=\"og:url\" content=\"https:\/\/d-identify.be\/fr\/produit\/etiquette-de-cable-pur-blanche-60mm-x-10mm\/\" \/>\n<meta property=\"og:site_name\" content=\"d-identify\" \/>\n<meta property=\"article:modified_time\" content=\"2025-06-26T08:00:45+00:00\" \/>\n<meta property=\"og:image\" content=\"https:\/\/d-identify.be\/wp-content\/uploads\/2021\/07\/D-TAG-60x10-1K_White.png\" \/>\n\t<meta property=\"og:image:width\" content=\"869\" \/>\n\t<meta property=\"og:image:height\" content=\"794\" \/>\n\t<meta property=\"og:image:type\" content=\"image\/png\" \/>\n<meta name=\"twitter:card\" content=\"summary_large_image\" \/>\n<meta name=\"twitter:label1\" content=\"Dur\u00e9e de lecture estim\u00e9e\" \/>\n\t<meta name=\"twitter:data1\" content=\"3 minutes\" \/>\n<script type=\"application\/ld+json\" class=\"yoast-schema-graph\">{\"@context\":\"https:\/\/schema.org\",\"@graph\":[{\"@type\":\"WebPage\",\"@id\":\"https:\/\/d-identify.be\/fr\/produit\/etiquette-de-cable-pur-blanche-60mm-x-10mm\/\",\"url\":\"https:\/\/d-identify.be\/fr\/produit\/etiquette-de-cable-pur-blanche-60mm-x-10mm\/\",\"name\":\"\u00c9tiquette de c\u00e2ble compacte en polyur\u00e9thane, blanche, 60mmx10mm\",\"isPartOf\":{\"@id\":\"https:\/\/d-identify.be\/fr\/#website\"},\"primaryImageOfPage\":{\"@id\":\"https:\/\/d-identify.be\/fr\/produit\/etiquette-de-cable-pur-blanche-60mm-x-10mm\/#primaryimage\"},\"image\":{\"@id\":\"https:\/\/d-identify.be\/fr\/produit\/etiquette-de-cable-pur-blanche-60mm-x-10mm\/#primaryimage\"},\"thumbnailUrl\":\"https:\/\/d-identify.be\/wp-content\/uploads\/2021\/07\/D-TAG-60x10-1K_White.png\",\"datePublished\":\"2021-07-26T10:41:16+00:00\",\"dateModified\":\"2025-06-26T08:00:45+00:00\",\"description\":\"\u00c9tiquette de c\u00e2ble blanche mince de 60mmx10mm en PUR (polyur\u00e9thane), id\u00e9ale pour l'identification de c\u00e2bles durables et \u00e0 espace restreint dans les applications industrielles\",\"breadcrumb\":{\"@id\":\"https:\/\/d-identify.be\/fr\/produit\/etiquette-de-cable-pur-blanche-60mm-x-10mm\/#breadcrumb\"},\"inLanguage\":\"fr-FR\",\"potentialAction\":[{\"@type\":\"ReadAction\",\"target\":[\"https:\/\/d-identify.be\/fr\/produit\/etiquette-de-cable-pur-blanche-60mm-x-10mm\/\"]}]},{\"@type\":\"ImageObject\",\"inLanguage\":\"fr-FR\",\"@id\":\"https:\/\/d-identify.be\/fr\/produit\/etiquette-de-cable-pur-blanche-60mm-x-10mm\/#primaryimage\",\"url\":\"https:\/\/d-identify.be\/wp-content\/uploads\/2021\/07\/D-TAG-60x10-1K_White.png\",\"contentUrl\":\"https:\/\/d-identify.be\/wp-content\/uploads\/2021\/07\/D-TAG-60x10-1K_White.png\",\"width\":869,\"height\":794,\"caption\":\"PUR White Cable Tag 60mm x 10mm\"},{\"@type\":\"BreadcrumbList\",\"@id\":\"https:\/\/d-identify.be\/fr\/produit\/etiquette-de-cable-pur-blanche-60mm-x-10mm\/#breadcrumb\",\"itemListElement\":[{\"@type\":\"ListItem\",\"position\":1,\"name\":\"Home\",\"item\":\"https:\/\/d-identify.be\/fr\/home-2\/\"},{\"@type\":\"ListItem\",\"position\":2,\"name\":\"Boutique\",\"item\":\"https:\/\/d-identify.be\/fr\/boutique\/\"},{\"@type\":\"ListItem\",\"position\":3,\"name\":\"\u00c9tiquette de c\u00e2ble PUR 60 mm x 10 mm, blanche\"}]},{\"@type\":\"WebSite\",\"@id\":\"https:\/\/d-identify.be\/fr\/#website\",\"url\":\"https:\/\/d-identify.be\/fr\/\",\"name\":\"d-identify\",\"description\":\"Industrial identification - Lockout - Tagout - Floor marking\",\"potentialAction\":[{\"@type\":\"SearchAction\",\"target\":{\"@type\":\"EntryPoint\",\"urlTemplate\":\"https:\/\/d-identify.be\/fr\/?s={search_term_string}\"},\"query-input\":{\"@type\":\"PropertyValueSpecification\",\"valueRequired\":true,\"valueName\":\"search_term_string\"}}],\"inLanguage\":\"fr-FR\"}]}<\/script>\n<!-- \/ Yoast SEO Premium plugin. -->","yoast_head_json":{"title":"\u00c9tiquette de c\u00e2ble compacte en polyur\u00e9thane, blanche, 60mmx10mm","description":"\u00c9tiquette de c\u00e2ble blanche mince de 60mmx10mm en PUR (polyur\u00e9thane), id\u00e9ale pour l'identification de c\u00e2bles durables et \u00e0 espace restreint dans les applications industrielles","robots":{"index":"index","follow":"follow","max-snippet":"max-snippet:-1","max-image-preview":"max-image-preview:large","max-video-preview":"max-video-preview:-1"},"canonical":"https:\/\/d-identify.be\/fr\/produit\/etiquette-de-cable-pur-blanche-60mm-x-10mm\/","og_locale":"fr_FR","og_type":"article","og_title":"\u00c9tiquette de c\u00e2ble PUR 60 mm x 10 mm, blanche","og_description":"\u00c9tiquette de c\u00e2ble blanche mince de 60mmx10mm en PUR (polyur\u00e9thane), id\u00e9ale pour l'identification de c\u00e2bles durables et \u00e0 espace restreint dans les applications industrielles","og_url":"https:\/\/d-identify.be\/fr\/produit\/etiquette-de-cable-pur-blanche-60mm-x-10mm\/","og_site_name":"d-identify","article_modified_time":"2025-06-26T08:00:45+00:00","og_image":[{"width":869,"height":794,"url":"https:\/\/d-identify.be\/wp-content\/uploads\/2021\/07\/D-TAG-60x10-1K_White.png","type":"image\/png"}],"twitter_card":"summary_large_image","twitter_misc":{"Dur\u00e9e de lecture estim\u00e9e":"3 minutes"},"schema":{"@context":"https:\/\/schema.org","@graph":[{"@type":"WebPage","@id":"https:\/\/d-identify.be\/fr\/produit\/etiquette-de-cable-pur-blanche-60mm-x-10mm\/","url":"https:\/\/d-identify.be\/fr\/produit\/etiquette-de-cable-pur-blanche-60mm-x-10mm\/","name":"\u00c9tiquette de c\u00e2ble compacte en polyur\u00e9thane, blanche, 60mmx10mm","isPartOf":{"@id":"https:\/\/d-identify.be\/fr\/#website"},"primaryImageOfPage":{"@id":"https:\/\/d-identify.be\/fr\/produit\/etiquette-de-cable-pur-blanche-60mm-x-10mm\/#primaryimage"},"image":{"@id":"https:\/\/d-identify.be\/fr\/produit\/etiquette-de-cable-pur-blanche-60mm-x-10mm\/#primaryimage"},"thumbnailUrl":"https:\/\/d-identify.be\/wp-content\/uploads\/2021\/07\/D-TAG-60x10-1K_White.png","datePublished":"2021-07-26T10:41:16+00:00","dateModified":"2025-06-26T08:00:45+00:00","description":"\u00c9tiquette de c\u00e2ble blanche mince de 60mmx10mm en PUR (polyur\u00e9thane), id\u00e9ale pour l'identification de c\u00e2bles durables et \u00e0 espace restreint dans les applications industrielles","breadcrumb":{"@id":"https:\/\/d-identify.be\/fr\/produit\/etiquette-de-cable-pur-blanche-60mm-x-10mm\/#breadcrumb"},"inLanguage":"fr-FR","potentialAction":[{"@type":"ReadAction","target":["https:\/\/d-identify.be\/fr\/produit\/etiquette-de-cable-pur-blanche-60mm-x-10mm\/"]}]},{"@type":"ImageObject","inLanguage":"fr-FR","@id":"https:\/\/d-identify.be\/fr\/produit\/etiquette-de-cable-pur-blanche-60mm-x-10mm\/#primaryimage","url":"https:\/\/d-identify.be\/wp-content\/uploads\/2021\/07\/D-TAG-60x10-1K_White.png","contentUrl":"https:\/\/d-identify.be\/wp-content\/uploads\/2021\/07\/D-TAG-60x10-1K_White.png","width":869,"height":794,"caption":"PUR White Cable Tag 60mm x 10mm"},{"@type":"BreadcrumbList","@id":"https:\/\/d-identify.be\/fr\/produit\/etiquette-de-cable-pur-blanche-60mm-x-10mm\/#breadcrumb","itemListElement":[{"@type":"ListItem","position":1,"name":"Home","item":"https:\/\/d-identify.be\/fr\/home-2\/"},{"@type":"ListItem","position":2,"name":"Boutique","item":"https:\/\/d-identify.be\/fr\/boutique\/"},{"@type":"ListItem","position":3,"name":"\u00c9tiquette de c\u00e2ble PUR 60 mm x 10 mm, blanche"}]},{"@type":"WebSite","@id":"https:\/\/d-identify.be\/fr\/#website","url":"https:\/\/d-identify.be\/fr\/","name":"d-identify","description":"Industrial identification - Lockout - Tagout - Floor marking","potentialAction":[{"@type":"SearchAction","target":{"@type":"EntryPoint","urlTemplate":"https:\/\/d-identify.be\/fr\/?s={search_term_string}"},"query-input":{"@type":"PropertyValueSpecification","valueRequired":true,"valueName":"search_term_string"}}],"inLanguage":"fr-FR"}]}},"_links":{"self":[{"href":"https:\/\/d-identify.be\/fr\/wp-json\/wp\/v2\/product\/24343","targetHints":{"allow":["GET"]}}],"collection":[{"href":"https:\/\/d-identify.be\/fr\/wp-json\/wp\/v2\/product"}],"about":[{"href":"https:\/\/d-identify.be\/fr\/wp-json\/wp\/v2\/types\/product"}],"replies":[{"embeddable":true,"href":"https:\/\/d-identify.be\/fr\/wp-json\/wp\/v2\/comments?post=24343"}],"wp:featuredmedia":[{"embeddable":true,"href":"https:\/\/d-identify.be\/fr\/wp-json\/wp\/v2\/media\/24344"}],"wp:attachment":[{"href":"https:\/\/d-identify.be\/fr\/wp-json\/wp\/v2\/media?parent=24343"}],"wp:term":[{"taxonomy":"product_brand","embeddable":true,"href":"https:\/\/d-identify.be\/fr\/wp-json\/wp\/v2\/product_brand?post=24343"},{"taxonomy":"product_cat","embeddable":true,"href":"https:\/\/d-identify.be\/fr\/wp-json\/wp\/v2\/product_cat?post=24343"},{"taxonomy":"product_tag","embeddable":true,"href":"https:\/\/d-identify.be\/fr\/wp-json\/wp\/v2\/product_tag?post=24343"},{"taxonomy":"pa_connextion-shapes","embeddable":true,"href":"https:\/\/d-identify.be\/fr\/wp-json\/wp\/v2\/pa_connextion-shapes?post=24343"}],"curies":[{"name":"wp","href":"https:\/\/api.w.org\/{rel}","templated":true}]}}