{"id":24319,"date":"2021-07-26T12:41:17","date_gmt":"2021-07-26T10:41:17","guid":{"rendered":"https:\/\/d-identify.be\/product\/etiquette-de-cable-pur-blanche-75mm-x-25mm\/"},"modified":"2025-06-26T09:47:01","modified_gmt":"2025-06-26T07:47:01","slug":"etiquette-de-cable-pur-blanche-75mm-x-25mm","status":"publish","type":"product","link":"https:\/\/d-identify.be\/fr\/produit\/etiquette-de-cable-pur-blanche-75mm-x-25mm\/","title":{"rendered":"\u00c9tiquette de c\u00e2ble PUR 75 mm x 25 mm, blanche"},"content":{"rendered":"<h2 class=\"ai-optimize-17\" data-start=\"335\" data-end=\"426\">\u00c9tiquette de c\u00e2ble blanche 75 mm x 25 mm \u2013 \u00c9tiquette de c\u00e2ble large et non adh\u00e9sive pour l&rsquo;identification industrielle<\/p>\n<\/h2>\n<h3 class=\"ai-optimize-18\" data-start=\"433\" data-end=\"475\">\u00c9tiquetage durable dans un format polyvalent<\/h3>\n<p class=\"ai-optimize-19 ai-optimize-introduction\" data-start=\"477\" data-end=\"872\"><strong data-start=\"481\" data-end=\"510\">L&rsquo;\u00e9tiquette de c\u00e2ble blanche 75 mm x 25 mm<\/strong> est une solution d&rsquo;\u00e9tiquetage large et durable con\u00e7ue pour l&rsquo;identification des c\u00e2bles, faisceaux de c\u00e2bles et harnais en environnements industriels. Fabriqu\u00e9e en <strong data-start=\"666\" data-end=\"688\">PUR (polyur\u00e9thane)<\/strong> souple et robuste, elle r\u00e9siste aux conditions difficiles, notamment aux UV, aux contacts chimiques, \u00e0 l&rsquo;usure m\u00e9canique et aux temp\u00e9ratures extr\u00eames. Elle est donc parfaitement adapt\u00e9e aux applications int\u00e9rieures comme ext\u00e9rieures.  <\/p>\n<h3 class=\"ai-optimize-20\" data-start=\"879\" data-end=\"919\">Con\u00e7u pour la clart\u00e9 et la lisibilit\u00e9<\/h3>\n<p class=\"ai-optimize-21\" data-start=\"921\" data-end=\"1266\">Avec ses dimensions g\u00e9n\u00e9reuses de 75 mm x 25 mm, cette \u00e9tiquette offre un espace g\u00e9n\u00e9reux pour un \u00e9tiquetage clair. Que vous imprimiez des codes-barres, des num\u00e9ros de s\u00e9rie ou du texte multiligne, le fond blanc offre un excellent contraste pour une meilleure lisibilit\u00e9. Ainsi, <strong data-start=\"1162\" data-end=\"1191\">l&rsquo;\u00e9tiquette de c\u00e2ble blanche 75mmx25mm<\/strong> garantit une identification pr\u00e9cise, m\u00eame dans des zones de c\u00e2bles peu \u00e9clair\u00e9es ou encombr\u00e9es.  <\/p>\n<h3 class=\"ai-optimize-22\" data-start=\"1273\" data-end=\"1314\">Montage non adh\u00e9sif avec serre-c\u00e2bles<\/h3>\n<p class=\"ai-optimize-23\" data-start=\"1316\" data-end=\"1625\">Cette <strong data-start=\"1328\" data-end=\"1344\">\u00e9tiquette est non adh\u00e9sive<\/strong> et comprend deux trous de fixation pour une fixation s\u00e9curis\u00e9e avec des <strong data-start=\"1403\" data-end=\"1423\">serre-c\u00e2bles de 4,7 mm<\/strong>. Contrairement aux \u00e9tiquettes autocollantes, elle reste en place sur les surfaces rugueuses, huileuses ou poussi\u00e9reuses. Gr\u00e2ce \u00e0 cette fixation m\u00e9canique s\u00e9curis\u00e9e, elle est id\u00e9ale pour les environnements soumis \u00e0 de fortes vibrations, \u00e0 une forte humidit\u00e9 ou aux missions critiques.  <\/p>\n<h3 class=\"ai-optimize-24\" data-start=\"1632\" data-end=\"1670\">Approuv\u00e9 dans les applications industrielles<\/h3>\n<p class=\"ai-optimize-25\" data-start=\"1672\" data-end=\"1954\">Les entreprises des <strong data-start=\"1685\" data-end=\"1754\">secteurs de la distribution d&rsquo;\u00e9nergie, des t\u00e9l\u00e9communications, des TIC, de l&rsquo;a\u00e9rospatiale, des transports<\/strong> et de <strong data-start=\"1760\" data-end=\"1771\">la d\u00e9fense<\/strong> comptent sur cette \u00e9tiquette pour une identification fiable des c\u00e2bles. Elle favorise la conformit\u00e9, acc\u00e9l\u00e8re la maintenance et am\u00e9liore la tra\u00e7abilit\u00e9 des syst\u00e8mes, rendant les flux de travail plus s\u00fbrs et plus efficaces. <\/p>\n<h3 class=\"ai-optimize-26\" data-start=\"1961\" data-end=\"2003\">Impression flexible pour le terrain ou l&rsquo;usine<\/h3>\n<p class=\"ai-optimize-27\" data-start=\"2005\" data-end=\"2268\">L&rsquo;\u00e9tiquette de <strong data-start=\"2009\" data-end=\"2038\">c\u00e2ble blanche 75mmx25mm<\/strong> est compatible avec les<strong data-start=\"2055\" data-end=\"2093\"> imprimantes de table \u00e0 transfert thermique<\/strong> et les <strong data-start=\"2098\" data-end=\"2117\">imprimantes mobiles<\/strong>, offrant \u00e0 votre \u00e9quipe la flexibilit\u00e9 d&rsquo;imprimer des \u00e9tiquettes \u00e0 la demande, o\u00f9 qu&rsquo;elle se trouve. Cela r\u00e9duit les temps d&rsquo;attente et am\u00e9liore la r\u00e9activit\u00e9 dans les op\u00e9rations rapides. <\/p>\n<h3 class=\"ai-optimize-28\" data-start=\"2275\" data-end=\"2311\">Conforme aux normes de l&rsquo;industrie<\/h3>\n<p class=\"ai-optimize-29\" data-start=\"2313\" data-end=\"2376\">Cette \u00e9tiquette r\u00e9pond \u00e0 plusieurs normes essentielles d\u2019\u00e9tiquetage industriel :<\/p>\n<ul data-start=\"2378\" data-end=\"2520\">\n<li class=\"ai-optimize-30\" data-start=\"2378\" data-end=\"2432\">\n<p class=\"ai-optimize-31\" data-start=\"2380\" data-end=\"2432\"><strong data-start=\"2380\" data-end=\"2396\">MIL-STD-202F <\/strong>\u2013 R\u00e9sistance aux produits chimiques et aux solvants<\/p>\n<\/li>\n<li class=\"ai-optimize-32\" data-start=\"2433\" data-end=\"2478\">\n<p class=\"ai-optimize-33\" data-start=\"2435\" data-end=\"2478\"><strong data-start=\"2435\" data-end=\"2450\">SAE AS81531<\/strong> \u2013 Qualit\u00e9 d&rsquo;impression permanente<\/p>\n<\/li>\n<li class=\"ai-optimize-34\" data-start=\"2479\" data-end=\"2520\">\n<p class=\"ai-optimize-35\" data-start=\"2481\" data-end=\"2520\"><strong data-start=\"2481\" data-end=\"2493\">UL 94-V0<\/strong> \u2013 Indice de r\u00e9sistance au feu<\/p>\n<\/li>\n<\/ul>\n<h3 class=\"ai-optimize-36\" data-start=\"2527\" data-end=\"2562\">Con\u00e7u pour des performances \u00e0 long terme<\/p>\n<\/h3>\n<p class=\"ai-optimize-37\" data-start=\"2564\" data-end=\"2716\">Le polyur\u00e9thane r\u00e9siste aux intemp\u00e9ries, aux UV et \u00e0 l&rsquo;abrasion. Il \u00e9pouse les courbes et reste stable, m\u00eame dans les environnements difficiles.<\/p>\n<h3 class=\"ai-optimize-38\" data-start=\"2723\" data-end=\"2737\">Conclusion<\/h3>\n<p class=\"ai-optimize-39\" data-start=\"2739\" data-end=\"2982\">En r\u00e9sum\u00e9, <strong data-start=\"2755\" data-end=\"2784\">l&rsquo;\u00e9tiquette de c\u00e2ble blanche 75mmx25mm<\/strong> offre une solution grand format, non adh\u00e9sive et tr\u00e8s lisible pour l&rsquo;\u00e9tiquetage des c\u00e2bles. Sa durabilit\u00e9 et sa flexibilit\u00e9 en font un choix judicieux pour les professionnels travaillant dans des environnements industriels exigeants. <\/p>\n","protected":false},"excerpt":{"rendered":"<p class=\"ai-optimize-16 ai-optimize-introduction\"><span class=\"fontstyle2\">Ces \u00e9tiquettes de c\u00e2bles PUR hautes performances de 75 mm x 15 mm sont \u00e9conomiques.<\/span><span class=\"fontstyle2\"> Les \u00e9tiquettes de c\u00e2bles PUR 75 mm x 25 mm sont \u00e9conomiques. Une solution pratique pour identifier les c\u00e2bles \u00e9pais et les faisceaux de c\u00e2bles en environnements difficiles. Imprimables sur site avec des imprimantes de table \u00e0 haut d\u00e9bit et sur le terrain avec des imprimantes mobiles, les \u00e9tiquettes de c\u00e2bles D-identify offrent une flexibilit\u00e9 exceptionnelle aux entreprises des secteurs de l&rsquo;\u00e9nergie, des t\u00e9l\u00e9communications, des TIC, de l&rsquo;a\u00e9rospatiale, des transports en commun et de la d\u00e9fense.<\/p>\n<p>  <\/span><\/p>\n<p class=\"ai-optimize-17\"><strong>Caract\u00e9ristiques<\/strong><\/p>\n","protected":false},"featured_media":24320,"comment_status":"open","ping_status":"closed","template":"","meta":{"_acf_changed":false,"_et_pb_use_builder":"","_et_pb_old_content":"","_et_gb_content_width":""},"product_brand":[],"product_cat":[636,661,667],"product_tag":[963],"pa_connextion-shapes":[],"class_list":{"0":"post-24319","1":"product","2":"type-product","3":"status-publish","4":"has-post-thumbnail","6":"product_cat-etiquettes-industrielles","7":"product_cat-marquage-de-cables","8":"product_cat-identification-de-cable-pur","9":"product_tag-d-identify-fr","11":"first","12":"instock","13":"taxable","14":"shipping-taxable","15":"purchasable","16":"product-type-simple"},"exclude_global_add_ons":[],"addons":[],"acf":[],"yoast_head":"<!-- This site is optimized with the Yoast SEO Premium plugin v27.0 (Yoast SEO v27.1) - https:\/\/yoast.com\/product\/yoast-seo-premium-wordpress\/ -->\n<title>\u00c9tiquette de c\u00e2ble blanche 75 mm x 25 mm \u2013 \u00c9tiquette en polyur\u00e9thane PUR durable<\/title>\n<meta name=\"description\" content=\"\u00c9tiquette de c\u00e2ble blanche durable de 75 mm x 25 mm en PUR (polyur\u00e9thane), id\u00e9ale pour une identification durable dans les environnements industriels et \u00e9lectriques difficiles.\" \/>\n<meta name=\"robots\" content=\"index, follow, max-snippet:-1, max-image-preview:large, max-video-preview:-1\" \/>\n<link rel=\"canonical\" href=\"https:\/\/d-identify.be\/fr\/produit\/etiquette-de-cable-pur-blanche-75mm-x-25mm\/\" \/>\n<meta property=\"og:locale\" content=\"fr_FR\" \/>\n<meta property=\"og:type\" content=\"article\" \/>\n<meta property=\"og:title\" content=\"\u00c9tiquette de c\u00e2ble PUR 75 mm x 25 mm, blanche\" \/>\n<meta property=\"og:description\" content=\"\u00c9tiquette de c\u00e2ble blanche durable de 75 mm x 25 mm en PUR (polyur\u00e9thane), id\u00e9ale pour une identification durable dans les environnements industriels et \u00e9lectriques difficiles.\" \/>\n<meta property=\"og:url\" content=\"https:\/\/d-identify.be\/fr\/produit\/etiquette-de-cable-pur-blanche-75mm-x-25mm\/\" \/>\n<meta property=\"og:site_name\" content=\"d-identify\" \/>\n<meta property=\"article:modified_time\" content=\"2025-06-26T07:47:01+00:00\" \/>\n<meta property=\"og:image\" content=\"https:\/\/d-identify.be\/wp-content\/uploads\/2021\/07\/D-TAG-75x25-0.5K_White.png\" \/>\n\t<meta property=\"og:image:width\" content=\"869\" \/>\n\t<meta property=\"og:image:height\" content=\"794\" \/>\n\t<meta property=\"og:image:type\" content=\"image\/png\" \/>\n<meta name=\"twitter:card\" content=\"summary_large_image\" \/>\n<meta name=\"twitter:label1\" content=\"Dur\u00e9e de lecture estim\u00e9e\" \/>\n\t<meta name=\"twitter:data1\" content=\"3 minutes\" \/>\n<script type=\"application\/ld+json\" class=\"yoast-schema-graph\">{\"@context\":\"https:\/\/schema.org\",\"@graph\":[{\"@type\":\"WebPage\",\"@id\":\"https:\/\/d-identify.be\/fr\/produit\/etiquette-de-cable-pur-blanche-75mm-x-25mm\/\",\"url\":\"https:\/\/d-identify.be\/fr\/produit\/etiquette-de-cable-pur-blanche-75mm-x-25mm\/\",\"name\":\"\u00c9tiquette de c\u00e2ble blanche 75 mm x 25 mm \u2013 \u00c9tiquette en polyur\u00e9thane PUR durable\",\"isPartOf\":{\"@id\":\"https:\/\/d-identify.be\/fr\/#website\"},\"primaryImageOfPage\":{\"@id\":\"https:\/\/d-identify.be\/fr\/produit\/etiquette-de-cable-pur-blanche-75mm-x-25mm\/#primaryimage\"},\"image\":{\"@id\":\"https:\/\/d-identify.be\/fr\/produit\/etiquette-de-cable-pur-blanche-75mm-x-25mm\/#primaryimage\"},\"thumbnailUrl\":\"https:\/\/d-identify.be\/wp-content\/uploads\/2021\/07\/D-TAG-75x25-0.5K_White.png\",\"datePublished\":\"2021-07-26T10:41:17+00:00\",\"dateModified\":\"2025-06-26T07:47:01+00:00\",\"description\":\"\u00c9tiquette de c\u00e2ble blanche durable de 75 mm x 25 mm en PUR (polyur\u00e9thane), id\u00e9ale pour une identification durable dans les environnements industriels et \u00e9lectriques difficiles.\",\"breadcrumb\":{\"@id\":\"https:\/\/d-identify.be\/fr\/produit\/etiquette-de-cable-pur-blanche-75mm-x-25mm\/#breadcrumb\"},\"inLanguage\":\"fr-FR\",\"potentialAction\":[{\"@type\":\"ReadAction\",\"target\":[\"https:\/\/d-identify.be\/fr\/produit\/etiquette-de-cable-pur-blanche-75mm-x-25mm\/\"]}]},{\"@type\":\"ImageObject\",\"inLanguage\":\"fr-FR\",\"@id\":\"https:\/\/d-identify.be\/fr\/produit\/etiquette-de-cable-pur-blanche-75mm-x-25mm\/#primaryimage\",\"url\":\"https:\/\/d-identify.be\/wp-content\/uploads\/2021\/07\/D-TAG-75x25-0.5K_White.png\",\"contentUrl\":\"https:\/\/d-identify.be\/wp-content\/uploads\/2021\/07\/D-TAG-75x25-0.5K_White.png\",\"width\":869,\"height\":794,\"caption\":\"PUR White Cable Tag 75mm x 25mm\"},{\"@type\":\"BreadcrumbList\",\"@id\":\"https:\/\/d-identify.be\/fr\/produit\/etiquette-de-cable-pur-blanche-75mm-x-25mm\/#breadcrumb\",\"itemListElement\":[{\"@type\":\"ListItem\",\"position\":1,\"name\":\"Home\",\"item\":\"https:\/\/d-identify.be\/fr\/home-2\/\"},{\"@type\":\"ListItem\",\"position\":2,\"name\":\"Boutique\",\"item\":\"https:\/\/d-identify.be\/fr\/boutique\/\"},{\"@type\":\"ListItem\",\"position\":3,\"name\":\"\u00c9tiquette de c\u00e2ble PUR 75 mm x 25 mm, blanche\"}]},{\"@type\":\"WebSite\",\"@id\":\"https:\/\/d-identify.be\/fr\/#website\",\"url\":\"https:\/\/d-identify.be\/fr\/\",\"name\":\"d-identify\",\"description\":\"Industrial identification - Lockout - Tagout - Floor marking\",\"potentialAction\":[{\"@type\":\"SearchAction\",\"target\":{\"@type\":\"EntryPoint\",\"urlTemplate\":\"https:\/\/d-identify.be\/fr\/?s={search_term_string}\"},\"query-input\":{\"@type\":\"PropertyValueSpecification\",\"valueRequired\":true,\"valueName\":\"search_term_string\"}}],\"inLanguage\":\"fr-FR\"}]}<\/script>\n<!-- \/ Yoast SEO Premium plugin. -->","yoast_head_json":{"title":"\u00c9tiquette de c\u00e2ble blanche 75 mm x 25 mm \u2013 \u00c9tiquette en polyur\u00e9thane PUR durable","description":"\u00c9tiquette de c\u00e2ble blanche durable de 75 mm x 25 mm en PUR (polyur\u00e9thane), id\u00e9ale pour une identification durable dans les environnements industriels et \u00e9lectriques difficiles.","robots":{"index":"index","follow":"follow","max-snippet":"max-snippet:-1","max-image-preview":"max-image-preview:large","max-video-preview":"max-video-preview:-1"},"canonical":"https:\/\/d-identify.be\/fr\/produit\/etiquette-de-cable-pur-blanche-75mm-x-25mm\/","og_locale":"fr_FR","og_type":"article","og_title":"\u00c9tiquette de c\u00e2ble PUR 75 mm x 25 mm, blanche","og_description":"\u00c9tiquette de c\u00e2ble blanche durable de 75 mm x 25 mm en PUR (polyur\u00e9thane), id\u00e9ale pour une identification durable dans les environnements industriels et \u00e9lectriques difficiles.","og_url":"https:\/\/d-identify.be\/fr\/produit\/etiquette-de-cable-pur-blanche-75mm-x-25mm\/","og_site_name":"d-identify","article_modified_time":"2025-06-26T07:47:01+00:00","og_image":[{"width":869,"height":794,"url":"https:\/\/d-identify.be\/wp-content\/uploads\/2021\/07\/D-TAG-75x25-0.5K_White.png","type":"image\/png"}],"twitter_card":"summary_large_image","twitter_misc":{"Dur\u00e9e de lecture estim\u00e9e":"3 minutes"},"schema":{"@context":"https:\/\/schema.org","@graph":[{"@type":"WebPage","@id":"https:\/\/d-identify.be\/fr\/produit\/etiquette-de-cable-pur-blanche-75mm-x-25mm\/","url":"https:\/\/d-identify.be\/fr\/produit\/etiquette-de-cable-pur-blanche-75mm-x-25mm\/","name":"\u00c9tiquette de c\u00e2ble blanche 75 mm x 25 mm \u2013 \u00c9tiquette en polyur\u00e9thane PUR durable","isPartOf":{"@id":"https:\/\/d-identify.be\/fr\/#website"},"primaryImageOfPage":{"@id":"https:\/\/d-identify.be\/fr\/produit\/etiquette-de-cable-pur-blanche-75mm-x-25mm\/#primaryimage"},"image":{"@id":"https:\/\/d-identify.be\/fr\/produit\/etiquette-de-cable-pur-blanche-75mm-x-25mm\/#primaryimage"},"thumbnailUrl":"https:\/\/d-identify.be\/wp-content\/uploads\/2021\/07\/D-TAG-75x25-0.5K_White.png","datePublished":"2021-07-26T10:41:17+00:00","dateModified":"2025-06-26T07:47:01+00:00","description":"\u00c9tiquette de c\u00e2ble blanche durable de 75 mm x 25 mm en PUR (polyur\u00e9thane), id\u00e9ale pour une identification durable dans les environnements industriels et \u00e9lectriques difficiles.","breadcrumb":{"@id":"https:\/\/d-identify.be\/fr\/produit\/etiquette-de-cable-pur-blanche-75mm-x-25mm\/#breadcrumb"},"inLanguage":"fr-FR","potentialAction":[{"@type":"ReadAction","target":["https:\/\/d-identify.be\/fr\/produit\/etiquette-de-cable-pur-blanche-75mm-x-25mm\/"]}]},{"@type":"ImageObject","inLanguage":"fr-FR","@id":"https:\/\/d-identify.be\/fr\/produit\/etiquette-de-cable-pur-blanche-75mm-x-25mm\/#primaryimage","url":"https:\/\/d-identify.be\/wp-content\/uploads\/2021\/07\/D-TAG-75x25-0.5K_White.png","contentUrl":"https:\/\/d-identify.be\/wp-content\/uploads\/2021\/07\/D-TAG-75x25-0.5K_White.png","width":869,"height":794,"caption":"PUR White Cable Tag 75mm x 25mm"},{"@type":"BreadcrumbList","@id":"https:\/\/d-identify.be\/fr\/produit\/etiquette-de-cable-pur-blanche-75mm-x-25mm\/#breadcrumb","itemListElement":[{"@type":"ListItem","position":1,"name":"Home","item":"https:\/\/d-identify.be\/fr\/home-2\/"},{"@type":"ListItem","position":2,"name":"Boutique","item":"https:\/\/d-identify.be\/fr\/boutique\/"},{"@type":"ListItem","position":3,"name":"\u00c9tiquette de c\u00e2ble PUR 75 mm x 25 mm, blanche"}]},{"@type":"WebSite","@id":"https:\/\/d-identify.be\/fr\/#website","url":"https:\/\/d-identify.be\/fr\/","name":"d-identify","description":"Industrial identification - Lockout - Tagout - Floor marking","potentialAction":[{"@type":"SearchAction","target":{"@type":"EntryPoint","urlTemplate":"https:\/\/d-identify.be\/fr\/?s={search_term_string}"},"query-input":{"@type":"PropertyValueSpecification","valueRequired":true,"valueName":"search_term_string"}}],"inLanguage":"fr-FR"}]}},"_links":{"self":[{"href":"https:\/\/d-identify.be\/fr\/wp-json\/wp\/v2\/product\/24319","targetHints":{"allow":["GET"]}}],"collection":[{"href":"https:\/\/d-identify.be\/fr\/wp-json\/wp\/v2\/product"}],"about":[{"href":"https:\/\/d-identify.be\/fr\/wp-json\/wp\/v2\/types\/product"}],"replies":[{"embeddable":true,"href":"https:\/\/d-identify.be\/fr\/wp-json\/wp\/v2\/comments?post=24319"}],"wp:featuredmedia":[{"embeddable":true,"href":"https:\/\/d-identify.be\/fr\/wp-json\/wp\/v2\/media\/24320"}],"wp:attachment":[{"href":"https:\/\/d-identify.be\/fr\/wp-json\/wp\/v2\/media?parent=24319"}],"wp:term":[{"taxonomy":"product_brand","embeddable":true,"href":"https:\/\/d-identify.be\/fr\/wp-json\/wp\/v2\/product_brand?post=24319"},{"taxonomy":"product_cat","embeddable":true,"href":"https:\/\/d-identify.be\/fr\/wp-json\/wp\/v2\/product_cat?post=24319"},{"taxonomy":"product_tag","embeddable":true,"href":"https:\/\/d-identify.be\/fr\/wp-json\/wp\/v2\/product_tag?post=24319"},{"taxonomy":"pa_connextion-shapes","embeddable":true,"href":"https:\/\/d-identify.be\/fr\/wp-json\/wp\/v2\/pa_connextion-shapes?post=24319"}],"curies":[{"name":"wp","href":"https:\/\/api.w.org\/{rel}","templated":true}]}}