{"id":24308,"date":"2021-07-26T12:41:18","date_gmt":"2021-07-26T10:41:18","guid":{"rendered":"https:\/\/d-identify.be\/product\/etiquette-de-cable-jaune-pur-75mm-x-25mm\/"},"modified":"2025-07-03T17:38:59","modified_gmt":"2025-07-03T15:38:59","slug":"etiquette-de-cable-jaune-pur-75mm-x-25mm","status":"publish","type":"product","link":"https:\/\/d-identify.be\/fr\/produit\/etiquette-de-cable-jaune-pur-75mm-x-25mm\/","title":{"rendered":"\u00c9tiquette de c\u00e2ble PUR 75 mm x 25 mm, jaune"},"content":{"rendered":"<h2 class=\"ai-optimize-44\" data-start=\"484\" data-end=\"576\">\u00c9tiquette de c\u00e2ble jaune 75 mm x 25 mm \u2013 \u00c9tiquette de c\u00e2ble large et non adh\u00e9sive pour l&rsquo;identification industrielle<\/p>\n<\/h2>\n<h3 class=\"ai-optimize-45\" data-start=\"583\" data-end=\"625\">\u00c9tiquetage durable dans un format polyvalent<\/h3>\n<p class=\"ai-optimize-46 ai-optimize-introduction\" data-start=\"627\" data-end=\"997\"><strong data-start=\"631\" data-end=\"661\">L&rsquo;\u00e9tiquette de c\u00e2ble jaune 75mmx25mm<\/strong> est une solution d&rsquo;\u00e9tiquetage large et fiable, con\u00e7ue pour le marquage des c\u00e2bles, faisceaux de c\u00e2bles et harnais en environnements industriels. Fabriqu\u00e9e en <strong data-start=\"815\" data-end=\"837\">PUR (polyur\u00e9thane)<\/strong> \u00e0 la fois robuste et flexible, elle r\u00e9siste aux produits chimiques, aux rayons UV, \u00e0 l&rsquo;usure et aux temp\u00e9ratures extr\u00eames. Elle offre ainsi une performance constante en int\u00e9rieur comme en ext\u00e9rieur.  <\/p>\n<h3 class=\"ai-optimize-47\" data-start=\"1004\" data-end=\"1060\">Con\u00e7u pour une identification claire dans les syst\u00e8mes complexes<\/h3>\n<p class=\"ai-optimize-48\" data-start=\"1062\" data-end=\"1449\">Gr\u00e2ce \u00e0 son format plus grand (75 mm x 25 mm), cette \u00e9tiquette offre suffisamment d&rsquo;espace pour du texte facile \u00e0 lire, des codes-barres ou des instructions multilignes. Le fond jaune vif augmente le contraste, am\u00e9liorant ainsi la visibilit\u00e9 dans les installations de c\u00e2bles \u00e0 faible luminosit\u00e9 ou \u00e0 forte densit\u00e9. Ainsi,<strong data-start=\"1335\" data-end=\"1365\"> l&rsquo;\u00e9tiquette de c\u00e2ble jaune 75mmx25mm <\/strong>permet une identification plus rapide et r\u00e9duit les erreurs lors des inspections et de la maintenance.  <\/p>\n<h3 class=\"ai-optimize-49\" data-start=\"1456\" data-end=\"1497\">Montage non adh\u00e9sif avec serre-c\u00e2bles<\/h3>\n<p class=\"ai-optimize-50\" data-start=\"1499\" data-end=\"1830\">Au lieu d&rsquo;utiliser des adh\u00e9sifs, cette \u00e9tiquette est dot\u00e9e de deux trous de fixation pour une fixation s\u00e9curis\u00e9e avec <strong data-start=\"1590\" data-end=\"1610\">des colliers de serrage de 4,7 mm<\/strong>. Cette m\u00e9thode offre une fixation solide et fiable, m\u00eame sur des surfaces poussi\u00e9reuses, huileuses ou rugueuses o\u00f9 les \u00e9tiquettes adh\u00e9sives risquent de ne pas adh\u00e9rer. Elle est donc id\u00e9ale pour les environnements exigeants o\u00f9 les vibrations et l&rsquo;humidit\u00e9 sont un probl\u00e8me  <\/p>\n<h3 class=\"ai-optimize-51\" data-start=\"1837\" data-end=\"1874\">Une solution de confiance dans tous les secteurs industriels<\/h3>\n<p class=\"ai-optimize-52\" data-start=\"1876\" data-end=\"2154\">De nombreux secteurs, notamment <strong data-start=\"1902\" data-end=\"1960\">la distribution d&rsquo;\u00e9nergie, les t\u00e9l\u00e9communications, les TIC, l&rsquo;a\u00e9rospatiale, les transports<\/strong> et <strong data-start=\"1966\" data-end=\"1977\">la d\u00e9fense<\/strong>, d\u00e9pendent de cette \u00e9tiquette pour un \u00e9tiquetage organis\u00e9 et conforme des c\u00e2bles. Elle permet aux \u00e9quipes de maintenir la coh\u00e9rence, de r\u00e9duire les temps d&rsquo;arr\u00eat et de garantir la tra\u00e7abilit\u00e9 et la s\u00e9curit\u00e9 des syst\u00e8mes sur les grandes infrastructures. <\/p>\n<h3 class=\"ai-optimize-53\" data-start=\"2161\" data-end=\"2204\">Options d&rsquo;impression flexibles et efficaces<\/h3>\n<p class=\"ai-optimize-54\" data-start=\"2206\" data-end=\"2501\">Compatible avec les <strong data-start=\"2273\" data-end=\"2311\">imprimantes de table \u00e0 transfert thermique<\/strong> et les<strong data-start=\"2316\" data-end=\"2335\"> imprimantes mobiles<\/strong>, <strong data-start=\"2218\" data-end=\"2248\">l&rsquo;\u00e9tiquette de c\u00e2ble jaune 75 mm x 25 mm<\/strong> s&rsquo;adapte facilement \u00e0 diff\u00e9rents flux de travail. Les \u00e9quipes peuvent ainsi imprimer des \u00e9tiquettes de haute qualit\u00e9 sur le terrain ou en usine, gagnant ainsi du temps et de l&rsquo;efficacit\u00e9. <\/p>\n<h3 class=\"ai-optimize-55\" data-start=\"2508\" data-end=\"2545\">Conforme aux normes de l&rsquo;industrie<\/h3>\n<p class=\"ai-optimize-56\" data-start=\"2547\" data-end=\"2605\">Pour r\u00e9pondre \u00e0 des exigences strictes, cette \u00e9tiquette de c\u00e2ble est conforme \u00e0 :<\/p>\n<ul data-start=\"2607\" data-end=\"2752\">\n<li class=\"ai-optimize-57\" data-start=\"2607\" data-end=\"2661\">\n<p class=\"ai-optimize-58\" data-start=\"2609\" data-end=\"2661\"><strong data-start=\"2609\" data-end=\"2625\">MIL-STD-202F <\/strong>\u2013 R\u00e9sistance aux produits chimiques et aux solvants<\/p>\n<\/li>\n<li class=\"ai-optimize-59\" data-start=\"2662\" data-end=\"2710\">\n<p class=\"ai-optimize-60\" data-start=\"2664\" data-end=\"2710\"><strong data-start=\"2664\" data-end=\"2679\">SAE AS81531<\/strong> \u2013 Durabilit\u00e9 d&rsquo;impression permanente<\/p>\n<\/li>\n<li class=\"ai-optimize-61\" data-start=\"2711\" data-end=\"2752\">\n<p class=\"ai-optimize-62\" data-start=\"2713\" data-end=\"2752\"><strong data-start=\"2713\" data-end=\"2725\">UL 94-V0<\/strong> \u2013 Indice de r\u00e9sistance au feu<\/p>\n<\/li>\n<\/ul>\n<h3 class=\"ai-optimize-63\" data-start=\"2759\" data-end=\"2799\">Con\u00e7u pour fonctionner dans des conditions difficiles<\/h3>\n<p class=\"ai-optimize-64\" data-start=\"2801\" data-end=\"2965\">Le polyur\u00e9thane est r\u00e9sistant aux intemp\u00e9ries, aux UV et \u00e0 l&rsquo;abrasion. Il s&rsquo;adapte facilement aux surfaces courbes ou irr\u00e9guli\u00e8res et reste fermement en place au fil du temps. <\/p>\n<h3 class=\"ai-optimize-65\" data-start=\"2972\" data-end=\"2986\">Conclusion<\/h3>\n<p class=\"ai-optimize-66\" data-start=\"2988\" data-end=\"3214\">En bref, <strong data-start=\"3002\" data-end=\"3032\">l&rsquo;\u00e9tiquette pour c\u00e2ble jaune 75mm x 25mm<\/strong> allie durabilit\u00e9, clart\u00e9 et facilit\u00e9 d&rsquo;utilisation sur le terrain. C&rsquo;est le choix id\u00e9al pour les professionnels qui recherchent une \u00e9tiquette grand format non adh\u00e9sive, performante dans les environnements industriels exigeants. <\/p>\n","protected":false},"excerpt":{"rendered":"<p class=\"ai-optimize-16 ai-optimize-introduction\"><span class=\"fontstyle2\">Ces \u00e9tiquettes de c\u00e2bles PUR hautes performances de 75 mm x 15 mm sont \u00e9conomiques.<\/span><span class=\"fontstyle2\"> Les \u00e9tiquettes de c\u00e2bles PUR 75 mm x 25 mm sont \u00e9conomiques. Une solution pratique pour identifier les c\u00e2bles \u00e9pais et les faisceaux de c\u00e2bles en environnements difficiles. Imprimables sur site avec des imprimantes de table \u00e0 haut d\u00e9bit et sur le terrain avec des imprimantes mobiles, les \u00e9tiquettes de c\u00e2bles D-identify offrent une flexibilit\u00e9 exceptionnelle aux entreprises des secteurs de l&rsquo;\u00e9nergie, des t\u00e9l\u00e9communications, des TIC, de l&rsquo;a\u00e9rospatiale, des transports en commun et de la d\u00e9fense.<\/p>\n<p>  <\/span><\/p>\n<p class=\"ai-optimize-17\"><strong>Caract\u00e9ristiques<\/strong><\/p>\n","protected":false},"featured_media":24309,"comment_status":"open","ping_status":"closed","template":"","meta":{"_acf_changed":false,"_et_pb_use_builder":"","_et_pb_old_content":"","_et_gb_content_width":""},"product_brand":[],"product_cat":[636,661,667],"product_tag":[963],"pa_connextion-shapes":[],"class_list":{"0":"post-24308","1":"product","2":"type-product","3":"status-publish","4":"has-post-thumbnail","6":"product_cat-etiquettes-industrielles","7":"product_cat-marquage-de-cables","8":"product_cat-identification-de-cable-pur","9":"product_tag-d-identify-fr","11":"first","12":"instock","13":"taxable","14":"shipping-taxable","15":"purchasable","16":"product-type-simple"},"exclude_global_add_ons":[],"addons":[],"acf":[],"yoast_head":"<!-- This site is optimized with the Yoast SEO Premium plugin v27.0 (Yoast SEO v27.1) - https:\/\/yoast.com\/product\/yoast-seo-premium-wordpress\/ -->\n<title>\u00c9tiquette de c\u00e2ble 75 mm x 25 mm jaune \u2013 \u00c9tiquette en polyur\u00e9thane PUR<\/title>\n<meta name=\"description\" content=\"\u00c9tiquette de c\u00e2ble jaune robuste de 75 mm x 25 mm en PUR (polyur\u00e9thane), con\u00e7ue pour un marquage de c\u00e2ble haute visibilit\u00e9 et durable dans les environnements industriels exigeants.\" \/>\n<meta name=\"robots\" content=\"index, follow, max-snippet:-1, max-image-preview:large, max-video-preview:-1\" \/>\n<link rel=\"canonical\" href=\"https:\/\/d-identify.be\/fr\/produit\/etiquette-de-cable-jaune-pur-75mm-x-25mm\/\" \/>\n<meta property=\"og:locale\" content=\"fr_FR\" \/>\n<meta property=\"og:type\" content=\"article\" \/>\n<meta property=\"og:title\" content=\"\u00c9tiquette de c\u00e2ble PUR 75 mm x 25 mm, jaune\" \/>\n<meta property=\"og:description\" content=\"\u00c9tiquette de c\u00e2ble jaune robuste de 75 mm x 25 mm en PUR (polyur\u00e9thane), con\u00e7ue pour un marquage de c\u00e2ble haute visibilit\u00e9 et durable dans les environnements industriels exigeants.\" \/>\n<meta property=\"og:url\" content=\"https:\/\/d-identify.be\/fr\/produit\/etiquette-de-cable-jaune-pur-75mm-x-25mm\/\" \/>\n<meta property=\"og:site_name\" content=\"d-identify\" \/>\n<meta property=\"article:modified_time\" content=\"2025-07-03T15:38:59+00:00\" \/>\n<meta property=\"og:image\" content=\"https:\/\/d-identify.be\/wp-content\/uploads\/2021\/07\/D-TAG-75x25-0.5K_Yellow.png\" \/>\n\t<meta property=\"og:image:width\" content=\"869\" \/>\n\t<meta property=\"og:image:height\" content=\"794\" \/>\n\t<meta property=\"og:image:type\" content=\"image\/png\" \/>\n<meta name=\"twitter:card\" content=\"summary_large_image\" \/>\n<meta name=\"twitter:label1\" content=\"Dur\u00e9e de lecture estim\u00e9e\" \/>\n\t<meta name=\"twitter:data1\" content=\"3 minutes\" \/>\n<script type=\"application\/ld+json\" class=\"yoast-schema-graph\">{\"@context\":\"https:\/\/schema.org\",\"@graph\":[{\"@type\":\"WebPage\",\"@id\":\"https:\/\/d-identify.be\/fr\/produit\/etiquette-de-cable-jaune-pur-75mm-x-25mm\/\",\"url\":\"https:\/\/d-identify.be\/fr\/produit\/etiquette-de-cable-jaune-pur-75mm-x-25mm\/\",\"name\":\"\u00c9tiquette de c\u00e2ble 75 mm x 25 mm jaune \u2013 \u00c9tiquette en polyur\u00e9thane PUR\",\"isPartOf\":{\"@id\":\"https:\/\/d-identify.be\/fr\/#website\"},\"primaryImageOfPage\":{\"@id\":\"https:\/\/d-identify.be\/fr\/produit\/etiquette-de-cable-jaune-pur-75mm-x-25mm\/#primaryimage\"},\"image\":{\"@id\":\"https:\/\/d-identify.be\/fr\/produit\/etiquette-de-cable-jaune-pur-75mm-x-25mm\/#primaryimage\"},\"thumbnailUrl\":\"https:\/\/d-identify.be\/wp-content\/uploads\/2021\/07\/D-TAG-75x25-0.5K_Yellow.png\",\"datePublished\":\"2021-07-26T10:41:18+00:00\",\"dateModified\":\"2025-07-03T15:38:59+00:00\",\"description\":\"\u00c9tiquette de c\u00e2ble jaune robuste de 75 mm x 25 mm en PUR (polyur\u00e9thane), con\u00e7ue pour un marquage de c\u00e2ble haute visibilit\u00e9 et durable dans les environnements industriels exigeants.\",\"breadcrumb\":{\"@id\":\"https:\/\/d-identify.be\/fr\/produit\/etiquette-de-cable-jaune-pur-75mm-x-25mm\/#breadcrumb\"},\"inLanguage\":\"fr-FR\",\"potentialAction\":[{\"@type\":\"ReadAction\",\"target\":[\"https:\/\/d-identify.be\/fr\/produit\/etiquette-de-cable-jaune-pur-75mm-x-25mm\/\"]}]},{\"@type\":\"ImageObject\",\"inLanguage\":\"fr-FR\",\"@id\":\"https:\/\/d-identify.be\/fr\/produit\/etiquette-de-cable-jaune-pur-75mm-x-25mm\/#primaryimage\",\"url\":\"https:\/\/d-identify.be\/wp-content\/uploads\/2021\/07\/D-TAG-75x25-0.5K_Yellow.png\",\"contentUrl\":\"https:\/\/d-identify.be\/wp-content\/uploads\/2021\/07\/D-TAG-75x25-0.5K_Yellow.png\",\"width\":869,\"height\":794,\"caption\":\"PUR Yellow Cable Tag 75mm x 25mm\"},{\"@type\":\"BreadcrumbList\",\"@id\":\"https:\/\/d-identify.be\/fr\/produit\/etiquette-de-cable-jaune-pur-75mm-x-25mm\/#breadcrumb\",\"itemListElement\":[{\"@type\":\"ListItem\",\"position\":1,\"name\":\"Home\",\"item\":\"https:\/\/d-identify.be\/fr\/home-2\/\"},{\"@type\":\"ListItem\",\"position\":2,\"name\":\"Boutique\",\"item\":\"https:\/\/d-identify.be\/fr\/boutique\/\"},{\"@type\":\"ListItem\",\"position\":3,\"name\":\"\u00c9tiquette de c\u00e2ble PUR 75 mm x 25 mm, jaune\"}]},{\"@type\":\"WebSite\",\"@id\":\"https:\/\/d-identify.be\/fr\/#website\",\"url\":\"https:\/\/d-identify.be\/fr\/\",\"name\":\"d-identify\",\"description\":\"Industrial identification - Lockout - Tagout - Floor marking\",\"potentialAction\":[{\"@type\":\"SearchAction\",\"target\":{\"@type\":\"EntryPoint\",\"urlTemplate\":\"https:\/\/d-identify.be\/fr\/?s={search_term_string}\"},\"query-input\":{\"@type\":\"PropertyValueSpecification\",\"valueRequired\":true,\"valueName\":\"search_term_string\"}}],\"inLanguage\":\"fr-FR\"}]}<\/script>\n<!-- \/ Yoast SEO Premium plugin. -->","yoast_head_json":{"title":"\u00c9tiquette de c\u00e2ble 75 mm x 25 mm jaune \u2013 \u00c9tiquette en polyur\u00e9thane PUR","description":"\u00c9tiquette de c\u00e2ble jaune robuste de 75 mm x 25 mm en PUR (polyur\u00e9thane), con\u00e7ue pour un marquage de c\u00e2ble haute visibilit\u00e9 et durable dans les environnements industriels exigeants.","robots":{"index":"index","follow":"follow","max-snippet":"max-snippet:-1","max-image-preview":"max-image-preview:large","max-video-preview":"max-video-preview:-1"},"canonical":"https:\/\/d-identify.be\/fr\/produit\/etiquette-de-cable-jaune-pur-75mm-x-25mm\/","og_locale":"fr_FR","og_type":"article","og_title":"\u00c9tiquette de c\u00e2ble PUR 75 mm x 25 mm, jaune","og_description":"\u00c9tiquette de c\u00e2ble jaune robuste de 75 mm x 25 mm en PUR (polyur\u00e9thane), con\u00e7ue pour un marquage de c\u00e2ble haute visibilit\u00e9 et durable dans les environnements industriels exigeants.","og_url":"https:\/\/d-identify.be\/fr\/produit\/etiquette-de-cable-jaune-pur-75mm-x-25mm\/","og_site_name":"d-identify","article_modified_time":"2025-07-03T15:38:59+00:00","og_image":[{"width":869,"height":794,"url":"https:\/\/d-identify.be\/wp-content\/uploads\/2021\/07\/D-TAG-75x25-0.5K_Yellow.png","type":"image\/png"}],"twitter_card":"summary_large_image","twitter_misc":{"Dur\u00e9e de lecture estim\u00e9e":"3 minutes"},"schema":{"@context":"https:\/\/schema.org","@graph":[{"@type":"WebPage","@id":"https:\/\/d-identify.be\/fr\/produit\/etiquette-de-cable-jaune-pur-75mm-x-25mm\/","url":"https:\/\/d-identify.be\/fr\/produit\/etiquette-de-cable-jaune-pur-75mm-x-25mm\/","name":"\u00c9tiquette de c\u00e2ble 75 mm x 25 mm jaune \u2013 \u00c9tiquette en polyur\u00e9thane PUR","isPartOf":{"@id":"https:\/\/d-identify.be\/fr\/#website"},"primaryImageOfPage":{"@id":"https:\/\/d-identify.be\/fr\/produit\/etiquette-de-cable-jaune-pur-75mm-x-25mm\/#primaryimage"},"image":{"@id":"https:\/\/d-identify.be\/fr\/produit\/etiquette-de-cable-jaune-pur-75mm-x-25mm\/#primaryimage"},"thumbnailUrl":"https:\/\/d-identify.be\/wp-content\/uploads\/2021\/07\/D-TAG-75x25-0.5K_Yellow.png","datePublished":"2021-07-26T10:41:18+00:00","dateModified":"2025-07-03T15:38:59+00:00","description":"\u00c9tiquette de c\u00e2ble jaune robuste de 75 mm x 25 mm en PUR (polyur\u00e9thane), con\u00e7ue pour un marquage de c\u00e2ble haute visibilit\u00e9 et durable dans les environnements industriels exigeants.","breadcrumb":{"@id":"https:\/\/d-identify.be\/fr\/produit\/etiquette-de-cable-jaune-pur-75mm-x-25mm\/#breadcrumb"},"inLanguage":"fr-FR","potentialAction":[{"@type":"ReadAction","target":["https:\/\/d-identify.be\/fr\/produit\/etiquette-de-cable-jaune-pur-75mm-x-25mm\/"]}]},{"@type":"ImageObject","inLanguage":"fr-FR","@id":"https:\/\/d-identify.be\/fr\/produit\/etiquette-de-cable-jaune-pur-75mm-x-25mm\/#primaryimage","url":"https:\/\/d-identify.be\/wp-content\/uploads\/2021\/07\/D-TAG-75x25-0.5K_Yellow.png","contentUrl":"https:\/\/d-identify.be\/wp-content\/uploads\/2021\/07\/D-TAG-75x25-0.5K_Yellow.png","width":869,"height":794,"caption":"PUR Yellow Cable Tag 75mm x 25mm"},{"@type":"BreadcrumbList","@id":"https:\/\/d-identify.be\/fr\/produit\/etiquette-de-cable-jaune-pur-75mm-x-25mm\/#breadcrumb","itemListElement":[{"@type":"ListItem","position":1,"name":"Home","item":"https:\/\/d-identify.be\/fr\/home-2\/"},{"@type":"ListItem","position":2,"name":"Boutique","item":"https:\/\/d-identify.be\/fr\/boutique\/"},{"@type":"ListItem","position":3,"name":"\u00c9tiquette de c\u00e2ble PUR 75 mm x 25 mm, jaune"}]},{"@type":"WebSite","@id":"https:\/\/d-identify.be\/fr\/#website","url":"https:\/\/d-identify.be\/fr\/","name":"d-identify","description":"Industrial identification - Lockout - Tagout - Floor marking","potentialAction":[{"@type":"SearchAction","target":{"@type":"EntryPoint","urlTemplate":"https:\/\/d-identify.be\/fr\/?s={search_term_string}"},"query-input":{"@type":"PropertyValueSpecification","valueRequired":true,"valueName":"search_term_string"}}],"inLanguage":"fr-FR"}]}},"_links":{"self":[{"href":"https:\/\/d-identify.be\/fr\/wp-json\/wp\/v2\/product\/24308","targetHints":{"allow":["GET"]}}],"collection":[{"href":"https:\/\/d-identify.be\/fr\/wp-json\/wp\/v2\/product"}],"about":[{"href":"https:\/\/d-identify.be\/fr\/wp-json\/wp\/v2\/types\/product"}],"replies":[{"embeddable":true,"href":"https:\/\/d-identify.be\/fr\/wp-json\/wp\/v2\/comments?post=24308"}],"wp:featuredmedia":[{"embeddable":true,"href":"https:\/\/d-identify.be\/fr\/wp-json\/wp\/v2\/media\/24309"}],"wp:attachment":[{"href":"https:\/\/d-identify.be\/fr\/wp-json\/wp\/v2\/media?parent=24308"}],"wp:term":[{"taxonomy":"product_brand","embeddable":true,"href":"https:\/\/d-identify.be\/fr\/wp-json\/wp\/v2\/product_brand?post=24308"},{"taxonomy":"product_cat","embeddable":true,"href":"https:\/\/d-identify.be\/fr\/wp-json\/wp\/v2\/product_cat?post=24308"},{"taxonomy":"product_tag","embeddable":true,"href":"https:\/\/d-identify.be\/fr\/wp-json\/wp\/v2\/product_tag?post=24308"},{"taxonomy":"pa_connextion-shapes","embeddable":true,"href":"https:\/\/d-identify.be\/fr\/wp-json\/wp\/v2\/pa_connextion-shapes?post=24308"}],"curies":[{"name":"wp","href":"https:\/\/api.w.org\/{rel}","templated":true}]}}