{"id":24295,"date":"2021-07-26T12:41:18","date_gmt":"2021-07-26T10:41:18","guid":{"rendered":"https:\/\/d-identify.be\/product\/etiquette-de-cable-jaune-pur-75mm-x-15mm\/"},"modified":"2025-12-22T14:16:59","modified_gmt":"2025-12-22T12:16:59","slug":"etiquette-de-cable-pur-75-mm-x-15-mm-jaune","status":"publish","type":"product","link":"https:\/\/d-identify.be\/fr\/produit\/etiquette-de-cable-pur-75-mm-x-15-mm-jaune\/","title":{"rendered":"\u00c9tiquette de c\u00e2ble PUR 75 mm x 15 mm, jaune"},"content":{"rendered":"<p data-start=\"483\" data-end=\"708\">Ainsi, l\u2019<strong data-start=\"492\" data-end=\"530\">\u00c9tiquette de c\u00e2ble 75mmx15mm Jaune<\/strong> permet une identification claire des c\u00e2bles en milieu industriel.<br data-start=\"596\" data-end=\"599\" \/>Ainsi, l\u2019<strong data-start=\"608\" data-end=\"646\">\u00c9tiquette de c\u00e2ble 75mmx15mm Jaune<\/strong> convient aux environnements o\u00f9 la durabilit\u00e9 est essentielle.<\/p>\n<p data-start=\"710\" data-end=\"852\">De plus, cette \u00e9tiquette est fabriqu\u00e9e en PUR souple et r\u00e9sistant.<br data-start=\"776\" data-end=\"779\" \/>Par cons\u00e9quent, elle r\u00e9siste aux produits chimiques, aux UV et \u00e0 l\u2019usure.<\/p>\n<p data-start=\"854\" data-end=\"1073\">Ensuite, son format compact de 75 mm \u00d7 15 mm s\u2019adapte aux espaces r\u00e9duits.<br data-start=\"928\" data-end=\"931\" \/>Cependant, elle offre assez de place pour du texte ou des codes-barres.<br data-start=\"1002\" data-end=\"1005\" \/>De plus, la couleur jaune am\u00e9liore la visibilit\u00e9 lors des contr\u00f4les.<\/p>\n<p data-start=\"1075\" data-end=\"1289\">Par ailleurs, l\u2019\u00e9tiquette est non adh\u00e9sive et poss\u00e8de deux trous de fixation.<br data-start=\"1152\" data-end=\"1155\" \/>Ainsi, elle s\u2019utilise avec des colliers de serrage jusqu\u2019\u00e0 4,7 mm.<br data-start=\"1221\" data-end=\"1224\" \/>Contrairement aux \u00e9tiquettes adh\u00e9sives, elle reste bien en place.<\/p>\n<p data-start=\"1291\" data-end=\"1434\">Ensuite, l\u2019\u00e9tiquette fonctionne avec des imprimantes \u00e0 transfert thermique.<br data-start=\"1366\" data-end=\"1369\" \/>Par cons\u00e9quent, l\u2019impression est possible en atelier ou sur site.<\/p>\n<p data-start=\"1436\" data-end=\"1502\">Enfin, l\u2019\u00e9tiquette respecte des normes industrielles reconnues :<\/p>\n<ul data-start=\"1503\" data-end=\"1548\">\n<li data-start=\"1503\" data-end=\"1519\">\n<p data-start=\"1505\" data-end=\"1519\">MIL-STD-202F<\/p>\n<\/li>\n<li data-start=\"1520\" data-end=\"1535\">\n<p data-start=\"1522\" data-end=\"1535\">SAE AS81531<\/p>\n<\/li>\n<li data-start=\"1536\" data-end=\"1548\">\n<p data-start=\"1538\" data-end=\"1548\">UL 94-V0<\/p>\n<\/li>\n<\/ul>\n<p data-start=\"1550\" data-end=\"1640\">Par cons\u00e9quent, elle reste lisible et fiable dans le temps, m\u00eame en conditions difficiles.<\/p>\n","protected":false},"excerpt":{"rendered":"<p data-start=\"434\" data-end=\"571\">\u00c9tiquette de c\u00e2ble non adh\u00e9sive en <strong>PUR flexible, 75 \u00d7 15 mm, jaune<\/strong>. R\u00e9sistante aux produits chimiques, aux UV et \u00e0 l\u2019usure m\u00e9canique.<\/p>\n<p class=\"ai-optimize-17\"><strong>Caract\u00e9ristiques<\/strong><\/p>\n","protected":false},"featured_media":24296,"comment_status":"open","ping_status":"closed","template":"","meta":{"_acf_changed":false,"_et_pb_use_builder":"","_et_pb_old_content":"","_et_gb_content_width":""},"product_brand":[],"product_cat":[636,661,667],"product_tag":[963],"pa_connextion-shapes":[],"class_list":{"0":"post-24295","1":"product","2":"type-product","3":"status-publish","4":"has-post-thumbnail","6":"product_cat-etiquettes-industrielles","7":"product_cat-marquage-de-cables","8":"product_cat-identification-de-cable-pur","9":"product_tag-d-identify-fr","11":"first","12":"instock","13":"featured","14":"taxable","15":"shipping-taxable","16":"purchasable","17":"product-type-simple"},"exclude_global_add_ons":[],"addons":[],"acf":[],"yoast_head":"<!-- This site is optimized with the Yoast SEO Premium plugin v27.0 (Yoast SEO v27.1) - https:\/\/yoast.com\/product\/yoast-seo-premium-wordpress\/ -->\n<title>\u00c9tiquette de c\u00e2ble 75mmx15mm Jaune \u2013 Marqueur en PUR<\/title>\n<meta name=\"description\" content=\"\u00c9tiquette de c\u00e2ble 75mmx15mm Jaune en PUR, flexible et durable, pour un marquage fiable des c\u00e2bles dans les environnements industriels exigeants.\" \/>\n<meta name=\"robots\" content=\"index, follow, max-snippet:-1, max-image-preview:large, max-video-preview:-1\" \/>\n<link rel=\"canonical\" href=\"https:\/\/d-identify.be\/fr\/produit\/etiquette-de-cable-pur-75-mm-x-15-mm-jaune\/\" \/>\n<meta property=\"og:locale\" content=\"fr_FR\" \/>\n<meta property=\"og:type\" content=\"article\" \/>\n<meta property=\"og:title\" content=\"\u00c9tiquette de c\u00e2ble PUR 75 mm x 15 mm, jaune\" \/>\n<meta property=\"og:description\" content=\"\u00c9tiquette de c\u00e2ble 75mmx15mm Jaune en PUR, flexible et durable, pour un marquage fiable des c\u00e2bles dans les environnements industriels exigeants.\" \/>\n<meta property=\"og:url\" content=\"https:\/\/d-identify.be\/fr\/produit\/etiquette-de-cable-pur-75-mm-x-15-mm-jaune\/\" \/>\n<meta property=\"og:site_name\" content=\"d-identify\" \/>\n<meta property=\"article:modified_time\" content=\"2025-12-22T12:16:59+00:00\" \/>\n<meta property=\"og:image\" content=\"https:\/\/d-identify.be\/wp-content\/uploads\/2021\/07\/D-TAG-75x15-1K_Yellow.png\" \/>\n\t<meta property=\"og:image:width\" content=\"869\" \/>\n\t<meta property=\"og:image:height\" content=\"794\" \/>\n\t<meta property=\"og:image:type\" content=\"image\/png\" \/>\n<meta name=\"twitter:card\" content=\"summary_large_image\" \/>\n<meta name=\"twitter:label1\" content=\"Dur\u00e9e de lecture estim\u00e9e\" \/>\n\t<meta name=\"twitter:data1\" content=\"1 minute\" \/>\n<script type=\"application\/ld+json\" class=\"yoast-schema-graph\">{\"@context\":\"https:\/\/schema.org\",\"@graph\":[{\"@type\":\"WebPage\",\"@id\":\"https:\/\/d-identify.be\/fr\/produit\/etiquette-de-cable-pur-75-mm-x-15-mm-jaune\/\",\"url\":\"https:\/\/d-identify.be\/fr\/produit\/etiquette-de-cable-pur-75-mm-x-15-mm-jaune\/\",\"name\":\"\u00c9tiquette de c\u00e2ble 75mmx15mm Jaune \u2013 Marqueur en PUR\",\"isPartOf\":{\"@id\":\"https:\/\/d-identify.be\/fr\/#website\"},\"primaryImageOfPage\":{\"@id\":\"https:\/\/d-identify.be\/fr\/produit\/etiquette-de-cable-pur-75-mm-x-15-mm-jaune\/#primaryimage\"},\"image\":{\"@id\":\"https:\/\/d-identify.be\/fr\/produit\/etiquette-de-cable-pur-75-mm-x-15-mm-jaune\/#primaryimage\"},\"thumbnailUrl\":\"https:\/\/d-identify.be\/wp-content\/uploads\/2021\/07\/D-TAG-75x15-1K_Yellow.png\",\"datePublished\":\"2021-07-26T10:41:18+00:00\",\"dateModified\":\"2025-12-22T12:16:59+00:00\",\"description\":\"\u00c9tiquette de c\u00e2ble 75mmx15mm Jaune en PUR, flexible et durable, pour un marquage fiable des c\u00e2bles dans les environnements industriels exigeants.\",\"breadcrumb\":{\"@id\":\"https:\/\/d-identify.be\/fr\/produit\/etiquette-de-cable-pur-75-mm-x-15-mm-jaune\/#breadcrumb\"},\"inLanguage\":\"fr-FR\",\"potentialAction\":[{\"@type\":\"ReadAction\",\"target\":[\"https:\/\/d-identify.be\/fr\/produit\/etiquette-de-cable-pur-75-mm-x-15-mm-jaune\/\"]}]},{\"@type\":\"ImageObject\",\"inLanguage\":\"fr-FR\",\"@id\":\"https:\/\/d-identify.be\/fr\/produit\/etiquette-de-cable-pur-75-mm-x-15-mm-jaune\/#primaryimage\",\"url\":\"https:\/\/d-identify.be\/wp-content\/uploads\/2021\/07\/D-TAG-75x15-1K_Yellow.png\",\"contentUrl\":\"https:\/\/d-identify.be\/wp-content\/uploads\/2021\/07\/D-TAG-75x15-1K_Yellow.png\",\"width\":869,\"height\":794,\"caption\":\"\u00c9tiquette de c\u00e2ble 75mmx15mm Jaune\"},{\"@type\":\"BreadcrumbList\",\"@id\":\"https:\/\/d-identify.be\/fr\/produit\/etiquette-de-cable-pur-75-mm-x-15-mm-jaune\/#breadcrumb\",\"itemListElement\":[{\"@type\":\"ListItem\",\"position\":1,\"name\":\"Home\",\"item\":\"https:\/\/d-identify.be\/fr\/home-2\/\"},{\"@type\":\"ListItem\",\"position\":2,\"name\":\"Boutique\",\"item\":\"https:\/\/d-identify.be\/fr\/boutique\/\"},{\"@type\":\"ListItem\",\"position\":3,\"name\":\"\u00c9tiquette de c\u00e2ble PUR 75 mm x 15 mm, jaune\"}]},{\"@type\":\"WebSite\",\"@id\":\"https:\/\/d-identify.be\/fr\/#website\",\"url\":\"https:\/\/d-identify.be\/fr\/\",\"name\":\"d-identify\",\"description\":\"Industrial identification - Lockout - Tagout - Floor marking\",\"potentialAction\":[{\"@type\":\"SearchAction\",\"target\":{\"@type\":\"EntryPoint\",\"urlTemplate\":\"https:\/\/d-identify.be\/fr\/?s={search_term_string}\"},\"query-input\":{\"@type\":\"PropertyValueSpecification\",\"valueRequired\":true,\"valueName\":\"search_term_string\"}}],\"inLanguage\":\"fr-FR\"}]}<\/script>\n<!-- \/ Yoast SEO Premium plugin. -->","yoast_head_json":{"title":"\u00c9tiquette de c\u00e2ble 75mmx15mm Jaune \u2013 Marqueur en PUR","description":"\u00c9tiquette de c\u00e2ble 75mmx15mm Jaune en PUR, flexible et durable, pour un marquage fiable des c\u00e2bles dans les environnements industriels exigeants.","robots":{"index":"index","follow":"follow","max-snippet":"max-snippet:-1","max-image-preview":"max-image-preview:large","max-video-preview":"max-video-preview:-1"},"canonical":"https:\/\/d-identify.be\/fr\/produit\/etiquette-de-cable-pur-75-mm-x-15-mm-jaune\/","og_locale":"fr_FR","og_type":"article","og_title":"\u00c9tiquette de c\u00e2ble PUR 75 mm x 15 mm, jaune","og_description":"\u00c9tiquette de c\u00e2ble 75mmx15mm Jaune en PUR, flexible et durable, pour un marquage fiable des c\u00e2bles dans les environnements industriels exigeants.","og_url":"https:\/\/d-identify.be\/fr\/produit\/etiquette-de-cable-pur-75-mm-x-15-mm-jaune\/","og_site_name":"d-identify","article_modified_time":"2025-12-22T12:16:59+00:00","og_image":[{"width":869,"height":794,"url":"https:\/\/d-identify.be\/wp-content\/uploads\/2021\/07\/D-TAG-75x15-1K_Yellow.png","type":"image\/png"}],"twitter_card":"summary_large_image","twitter_misc":{"Dur\u00e9e de lecture estim\u00e9e":"1 minute"},"schema":{"@context":"https:\/\/schema.org","@graph":[{"@type":"WebPage","@id":"https:\/\/d-identify.be\/fr\/produit\/etiquette-de-cable-pur-75-mm-x-15-mm-jaune\/","url":"https:\/\/d-identify.be\/fr\/produit\/etiquette-de-cable-pur-75-mm-x-15-mm-jaune\/","name":"\u00c9tiquette de c\u00e2ble 75mmx15mm Jaune \u2013 Marqueur en PUR","isPartOf":{"@id":"https:\/\/d-identify.be\/fr\/#website"},"primaryImageOfPage":{"@id":"https:\/\/d-identify.be\/fr\/produit\/etiquette-de-cable-pur-75-mm-x-15-mm-jaune\/#primaryimage"},"image":{"@id":"https:\/\/d-identify.be\/fr\/produit\/etiquette-de-cable-pur-75-mm-x-15-mm-jaune\/#primaryimage"},"thumbnailUrl":"https:\/\/d-identify.be\/wp-content\/uploads\/2021\/07\/D-TAG-75x15-1K_Yellow.png","datePublished":"2021-07-26T10:41:18+00:00","dateModified":"2025-12-22T12:16:59+00:00","description":"\u00c9tiquette de c\u00e2ble 75mmx15mm Jaune en PUR, flexible et durable, pour un marquage fiable des c\u00e2bles dans les environnements industriels exigeants.","breadcrumb":{"@id":"https:\/\/d-identify.be\/fr\/produit\/etiquette-de-cable-pur-75-mm-x-15-mm-jaune\/#breadcrumb"},"inLanguage":"fr-FR","potentialAction":[{"@type":"ReadAction","target":["https:\/\/d-identify.be\/fr\/produit\/etiquette-de-cable-pur-75-mm-x-15-mm-jaune\/"]}]},{"@type":"ImageObject","inLanguage":"fr-FR","@id":"https:\/\/d-identify.be\/fr\/produit\/etiquette-de-cable-pur-75-mm-x-15-mm-jaune\/#primaryimage","url":"https:\/\/d-identify.be\/wp-content\/uploads\/2021\/07\/D-TAG-75x15-1K_Yellow.png","contentUrl":"https:\/\/d-identify.be\/wp-content\/uploads\/2021\/07\/D-TAG-75x15-1K_Yellow.png","width":869,"height":794,"caption":"\u00c9tiquette de c\u00e2ble 75mmx15mm Jaune"},{"@type":"BreadcrumbList","@id":"https:\/\/d-identify.be\/fr\/produit\/etiquette-de-cable-pur-75-mm-x-15-mm-jaune\/#breadcrumb","itemListElement":[{"@type":"ListItem","position":1,"name":"Home","item":"https:\/\/d-identify.be\/fr\/home-2\/"},{"@type":"ListItem","position":2,"name":"Boutique","item":"https:\/\/d-identify.be\/fr\/boutique\/"},{"@type":"ListItem","position":3,"name":"\u00c9tiquette de c\u00e2ble PUR 75 mm x 15 mm, jaune"}]},{"@type":"WebSite","@id":"https:\/\/d-identify.be\/fr\/#website","url":"https:\/\/d-identify.be\/fr\/","name":"d-identify","description":"Industrial identification - Lockout - Tagout - Floor marking","potentialAction":[{"@type":"SearchAction","target":{"@type":"EntryPoint","urlTemplate":"https:\/\/d-identify.be\/fr\/?s={search_term_string}"},"query-input":{"@type":"PropertyValueSpecification","valueRequired":true,"valueName":"search_term_string"}}],"inLanguage":"fr-FR"}]}},"_links":{"self":[{"href":"https:\/\/d-identify.be\/fr\/wp-json\/wp\/v2\/product\/24295","targetHints":{"allow":["GET"]}}],"collection":[{"href":"https:\/\/d-identify.be\/fr\/wp-json\/wp\/v2\/product"}],"about":[{"href":"https:\/\/d-identify.be\/fr\/wp-json\/wp\/v2\/types\/product"}],"replies":[{"embeddable":true,"href":"https:\/\/d-identify.be\/fr\/wp-json\/wp\/v2\/comments?post=24295"}],"wp:featuredmedia":[{"embeddable":true,"href":"https:\/\/d-identify.be\/fr\/wp-json\/wp\/v2\/media\/24296"}],"wp:attachment":[{"href":"https:\/\/d-identify.be\/fr\/wp-json\/wp\/v2\/media?parent=24295"}],"wp:term":[{"taxonomy":"product_brand","embeddable":true,"href":"https:\/\/d-identify.be\/fr\/wp-json\/wp\/v2\/product_brand?post=24295"},{"taxonomy":"product_cat","embeddable":true,"href":"https:\/\/d-identify.be\/fr\/wp-json\/wp\/v2\/product_cat?post=24295"},{"taxonomy":"product_tag","embeddable":true,"href":"https:\/\/d-identify.be\/fr\/wp-json\/wp\/v2\/product_tag?post=24295"},{"taxonomy":"pa_connextion-shapes","embeddable":true,"href":"https:\/\/d-identify.be\/fr\/wp-json\/wp\/v2\/pa_connextion-shapes?post=24295"}],"curies":[{"name":"wp","href":"https:\/\/api.w.org\/{rel}","templated":true}]}}