{"id":22352,"date":"2021-07-26T12:38:48","date_gmt":"2021-07-26T10:38:48","guid":{"rendered":"https:\/\/d-identify.be\/product\/outil-de-verrouillage-pour-espace-confine-petit-verrouillable-pour-les-regards-de-20-a-24-pouces\/"},"modified":"2026-01-08T13:01:30","modified_gmt":"2026-01-08T11:01:30","slug":"couvercle-de-regard-verrouillable-s","status":"publish","type":"product","link":"https:\/\/d-identify.be\/fr\/produit\/couvercle-de-regard-verrouillable-s\/","title":{"rendered":"Couvercle de regard verrouillable (S)"},"content":{"rendered":"<p data-start=\"324\" data-end=\"535\">Le <strong data-start=\"327\" data-end=\"368\">couvercle de regard verrouillable (S)<\/strong> s\u00e9curise les regards ouverts lors des travaux en espace confin\u00e9. Il utilise une <strong data-start=\"449\" data-end=\"490\">maille PVC industrielle stable aux UV<\/strong>, adapt\u00e9e \u00e0 un usage ext\u00e9rieur et industriel.<\/p>\n<p data-start=\"537\" data-end=\"760\">Vous placez facilement le couvercle sur la bride du regard. Vous le s\u00e9curisez ensuite avec un <strong data-start=\"631\" data-end=\"688\">dispositif de consignation par c\u00e2ble Master Lock S806<\/strong>. Cela emp\u00eache tout acc\u00e8s non autoris\u00e9 et am\u00e9liore la s\u00e9curit\u00e9 sur site.<\/p>\n<p data-start=\"762\" data-end=\"972\">Le couvercle convient aux regards standards avec un <strong data-start=\"814\" data-end=\"881\">diam\u00e8tre total, bride incluse, de 508 \u00e0 711 mm (20 \u00e0 28 pouces)<\/strong>. La structure en maille laisse circuler l\u2019air et limite les risques d\u2019entr\u00e9e accidentelle.<\/p>\n","protected":false},"excerpt":{"rendered":"<p>Le couvercle de regard verrouillable (S) est fabriqu\u00e9 en maille PVC stable aux UV. Il convient aux regards \u00d8 510\u2013710 mm (20\u201328 pouces) et se verrouille \u00e0 l\u2019aide d\u2019un c\u00e2ble.<\/p>\n<p>* Ce produit n&rsquo;est pas vendu aux \u00c9tats-Unis<\/p>\n<p><img loading=\"lazy\" decoding=\"async\" class=\"alignnone wp-image-50228\" src=\"https:\/\/d-identify.be\/wp-content\/uploads\/2025\/01\/van-1.png\" alt=\"\" width=\"65\" height=\"27\" \/> Les couvercles sont fabriqu\u00e9s sur commande et sont g\u00e9n\u00e9ralement <strong>exp\u00e9di\u00e9s sous 10 jours<\/strong> ouvrables.<\/p>\n","protected":false},"featured_media":22353,"comment_status":"open","ping_status":"closed","template":"","meta":{"_acf_changed":false,"_et_pb_use_builder":"","_et_pb_old_content":"","_et_gb_content_width":""},"product_brand":[],"product_cat":[466,621],"product_tag":[963],"pa_connextion-shapes":[],"class_list":{"0":"post-22352","1":"product","2":"type-product","3":"status-publish","4":"has-post-thumbnail","6":"product_cat-lockout-tagout","7":"product_cat-confined-space-covers","8":"product_tag-d-identify-fr","10":"first","11":"instock","12":"taxable","13":"shipping-taxable","14":"purchasable","15":"product-type-simple"},"exclude_global_add_ons":[],"addons":[],"acf":[],"yoast_head":"<!-- This site is optimized with the Yoast SEO Premium plugin v27.0 (Yoast SEO v27.1) - https:\/\/yoast.com\/product\/yoast-seo-premium-wordpress\/ -->\n<title>Couvercle de regard verrouillable (S) -<\/title>\n<meta name=\"description\" content=\"Couvercle de regard verrouillable (S) en maille PVC stable aux UV pour s\u00e9curiser les regards ouverts lors de travaux en espace confin\u00e9.\" \/>\n<meta name=\"robots\" content=\"index, follow, max-snippet:-1, max-image-preview:large, max-video-preview:-1\" \/>\n<link rel=\"canonical\" href=\"https:\/\/d-identify.be\/fr\/produit\/couvercle-de-regard-verrouillable-s\/\" \/>\n<meta property=\"og:locale\" content=\"fr_FR\" \/>\n<meta property=\"og:type\" content=\"article\" \/>\n<meta property=\"og:title\" content=\"Couvercle de regard verrouillable (S)\" \/>\n<meta property=\"og:description\" content=\"Couvercle de regard verrouillable (S) en maille PVC stable aux UV pour s\u00e9curiser les regards ouverts lors de travaux en espace confin\u00e9.\" \/>\n<meta property=\"og:url\" content=\"https:\/\/d-identify.be\/fr\/produit\/couvercle-de-regard-verrouillable-s\/\" \/>\n<meta property=\"og:site_name\" content=\"d-identify\" \/>\n<meta property=\"article:modified_time\" content=\"2026-01-08T11:01:30+00:00\" \/>\n<meta property=\"og:image\" content=\"https:\/\/d-identify.be\/wp-content\/uploads\/2021\/07\/D501CS.png\" \/>\n\t<meta property=\"og:image:width\" content=\"510\" \/>\n\t<meta property=\"og:image:height\" content=\"510\" \/>\n\t<meta property=\"og:image:type\" content=\"image\/png\" \/>\n<meta name=\"twitter:card\" content=\"summary_large_image\" \/>\n<meta name=\"twitter:label1\" content=\"Dur\u00e9e de lecture estim\u00e9e\" \/>\n\t<meta name=\"twitter:data1\" content=\"1 minute\" \/>\n<script type=\"application\/ld+json\" class=\"yoast-schema-graph\">{\"@context\":\"https:\/\/schema.org\",\"@graph\":[{\"@type\":\"WebPage\",\"@id\":\"https:\/\/d-identify.be\/fr\/produit\/couvercle-de-regard-verrouillable-s\/\",\"url\":\"https:\/\/d-identify.be\/fr\/produit\/couvercle-de-regard-verrouillable-s\/\",\"name\":\"Couvercle de regard verrouillable (S) -\",\"isPartOf\":{\"@id\":\"https:\/\/d-identify.be\/fr\/#website\"},\"primaryImageOfPage\":{\"@id\":\"https:\/\/d-identify.be\/fr\/produit\/couvercle-de-regard-verrouillable-s\/#primaryimage\"},\"image\":{\"@id\":\"https:\/\/d-identify.be\/fr\/produit\/couvercle-de-regard-verrouillable-s\/#primaryimage\"},\"thumbnailUrl\":\"https:\/\/d-identify.be\/wp-content\/uploads\/2021\/07\/D501CS.png\",\"datePublished\":\"2021-07-26T10:38:48+00:00\",\"dateModified\":\"2026-01-08T11:01:30+00:00\",\"description\":\"Couvercle de regard verrouillable (S) en maille PVC stable aux UV pour s\u00e9curiser les regards ouverts lors de travaux en espace confin\u00e9.\",\"breadcrumb\":{\"@id\":\"https:\/\/d-identify.be\/fr\/produit\/couvercle-de-regard-verrouillable-s\/#breadcrumb\"},\"inLanguage\":\"fr-FR\",\"potentialAction\":[{\"@type\":\"ReadAction\",\"target\":[\"https:\/\/d-identify.be\/fr\/produit\/couvercle-de-regard-verrouillable-s\/\"]}]},{\"@type\":\"ImageObject\",\"inLanguage\":\"fr-FR\",\"@id\":\"https:\/\/d-identify.be\/fr\/produit\/couvercle-de-regard-verrouillable-s\/#primaryimage\",\"url\":\"https:\/\/d-identify.be\/wp-content\/uploads\/2021\/07\/D501CS.png\",\"contentUrl\":\"https:\/\/d-identify.be\/wp-content\/uploads\/2021\/07\/D501CS.png\",\"width\":510,\"height\":510,\"caption\":\"Couvercle verrouillable pour espace confin\u00e9 (S) \u2013 couvercle de consignation pour regard\"},{\"@type\":\"BreadcrumbList\",\"@id\":\"https:\/\/d-identify.be\/fr\/produit\/couvercle-de-regard-verrouillable-s\/#breadcrumb\",\"itemListElement\":[{\"@type\":\"ListItem\",\"position\":1,\"name\":\"Home\",\"item\":\"https:\/\/d-identify.be\/fr\/home-2\/\"},{\"@type\":\"ListItem\",\"position\":2,\"name\":\"Boutique\",\"item\":\"https:\/\/d-identify.be\/fr\/boutique\/\"},{\"@type\":\"ListItem\",\"position\":3,\"name\":\"Couvercle de regard verrouillable (S)\"}]},{\"@type\":\"WebSite\",\"@id\":\"https:\/\/d-identify.be\/fr\/#website\",\"url\":\"https:\/\/d-identify.be\/fr\/\",\"name\":\"d-identify\",\"description\":\"Industrial identification - Lockout - Tagout - Floor marking\",\"potentialAction\":[{\"@type\":\"SearchAction\",\"target\":{\"@type\":\"EntryPoint\",\"urlTemplate\":\"https:\/\/d-identify.be\/fr\/?s={search_term_string}\"},\"query-input\":{\"@type\":\"PropertyValueSpecification\",\"valueRequired\":true,\"valueName\":\"search_term_string\"}}],\"inLanguage\":\"fr-FR\"}]}<\/script>\n<!-- \/ Yoast SEO Premium plugin. -->","yoast_head_json":{"title":"Couvercle de regard verrouillable (S) -","description":"Couvercle de regard verrouillable (S) en maille PVC stable aux UV pour s\u00e9curiser les regards ouverts lors de travaux en espace confin\u00e9.","robots":{"index":"index","follow":"follow","max-snippet":"max-snippet:-1","max-image-preview":"max-image-preview:large","max-video-preview":"max-video-preview:-1"},"canonical":"https:\/\/d-identify.be\/fr\/produit\/couvercle-de-regard-verrouillable-s\/","og_locale":"fr_FR","og_type":"article","og_title":"Couvercle de regard verrouillable (S)","og_description":"Couvercle de regard verrouillable (S) en maille PVC stable aux UV pour s\u00e9curiser les regards ouverts lors de travaux en espace confin\u00e9.","og_url":"https:\/\/d-identify.be\/fr\/produit\/couvercle-de-regard-verrouillable-s\/","og_site_name":"d-identify","article_modified_time":"2026-01-08T11:01:30+00:00","og_image":[{"width":510,"height":510,"url":"https:\/\/d-identify.be\/wp-content\/uploads\/2021\/07\/D501CS.png","type":"image\/png"}],"twitter_card":"summary_large_image","twitter_misc":{"Dur\u00e9e de lecture estim\u00e9e":"1 minute"},"schema":{"@context":"https:\/\/schema.org","@graph":[{"@type":"WebPage","@id":"https:\/\/d-identify.be\/fr\/produit\/couvercle-de-regard-verrouillable-s\/","url":"https:\/\/d-identify.be\/fr\/produit\/couvercle-de-regard-verrouillable-s\/","name":"Couvercle de regard verrouillable (S) -","isPartOf":{"@id":"https:\/\/d-identify.be\/fr\/#website"},"primaryImageOfPage":{"@id":"https:\/\/d-identify.be\/fr\/produit\/couvercle-de-regard-verrouillable-s\/#primaryimage"},"image":{"@id":"https:\/\/d-identify.be\/fr\/produit\/couvercle-de-regard-verrouillable-s\/#primaryimage"},"thumbnailUrl":"https:\/\/d-identify.be\/wp-content\/uploads\/2021\/07\/D501CS.png","datePublished":"2021-07-26T10:38:48+00:00","dateModified":"2026-01-08T11:01:30+00:00","description":"Couvercle de regard verrouillable (S) en maille PVC stable aux UV pour s\u00e9curiser les regards ouverts lors de travaux en espace confin\u00e9.","breadcrumb":{"@id":"https:\/\/d-identify.be\/fr\/produit\/couvercle-de-regard-verrouillable-s\/#breadcrumb"},"inLanguage":"fr-FR","potentialAction":[{"@type":"ReadAction","target":["https:\/\/d-identify.be\/fr\/produit\/couvercle-de-regard-verrouillable-s\/"]}]},{"@type":"ImageObject","inLanguage":"fr-FR","@id":"https:\/\/d-identify.be\/fr\/produit\/couvercle-de-regard-verrouillable-s\/#primaryimage","url":"https:\/\/d-identify.be\/wp-content\/uploads\/2021\/07\/D501CS.png","contentUrl":"https:\/\/d-identify.be\/wp-content\/uploads\/2021\/07\/D501CS.png","width":510,"height":510,"caption":"Couvercle verrouillable pour espace confin\u00e9 (S) \u2013 couvercle de consignation pour regard"},{"@type":"BreadcrumbList","@id":"https:\/\/d-identify.be\/fr\/produit\/couvercle-de-regard-verrouillable-s\/#breadcrumb","itemListElement":[{"@type":"ListItem","position":1,"name":"Home","item":"https:\/\/d-identify.be\/fr\/home-2\/"},{"@type":"ListItem","position":2,"name":"Boutique","item":"https:\/\/d-identify.be\/fr\/boutique\/"},{"@type":"ListItem","position":3,"name":"Couvercle de regard verrouillable (S)"}]},{"@type":"WebSite","@id":"https:\/\/d-identify.be\/fr\/#website","url":"https:\/\/d-identify.be\/fr\/","name":"d-identify","description":"Industrial identification - Lockout - Tagout - Floor marking","potentialAction":[{"@type":"SearchAction","target":{"@type":"EntryPoint","urlTemplate":"https:\/\/d-identify.be\/fr\/?s={search_term_string}"},"query-input":{"@type":"PropertyValueSpecification","valueRequired":true,"valueName":"search_term_string"}}],"inLanguage":"fr-FR"}]}},"_links":{"self":[{"href":"https:\/\/d-identify.be\/fr\/wp-json\/wp\/v2\/product\/22352","targetHints":{"allow":["GET"]}}],"collection":[{"href":"https:\/\/d-identify.be\/fr\/wp-json\/wp\/v2\/product"}],"about":[{"href":"https:\/\/d-identify.be\/fr\/wp-json\/wp\/v2\/types\/product"}],"replies":[{"embeddable":true,"href":"https:\/\/d-identify.be\/fr\/wp-json\/wp\/v2\/comments?post=22352"}],"wp:featuredmedia":[{"embeddable":true,"href":"https:\/\/d-identify.be\/fr\/wp-json\/wp\/v2\/media\/22353"}],"wp:attachment":[{"href":"https:\/\/d-identify.be\/fr\/wp-json\/wp\/v2\/media?parent=22352"}],"wp:term":[{"taxonomy":"product_brand","embeddable":true,"href":"https:\/\/d-identify.be\/fr\/wp-json\/wp\/v2\/product_brand?post=22352"},{"taxonomy":"product_cat","embeddable":true,"href":"https:\/\/d-identify.be\/fr\/wp-json\/wp\/v2\/product_cat?post=22352"},{"taxonomy":"product_tag","embeddable":true,"href":"https:\/\/d-identify.be\/fr\/wp-json\/wp\/v2\/product_tag?post=22352"},{"taxonomy":"pa_connextion-shapes","embeddable":true,"href":"https:\/\/d-identify.be\/fr\/wp-json\/wp\/v2\/pa_connextion-shapes?post=22352"}],"curies":[{"name":"wp","href":"https:\/\/api.w.org\/{rel}","templated":true}]}}