{"id":21820,"date":"2024-04-30T12:06:33","date_gmt":"2024-04-30T10:06:33","guid":{"rendered":"https:\/\/d-identify.be\/product\/kit-de-marquage-tuyaux-toro-max-eu-petit\/"},"modified":"2024-09-10T11:26:03","modified_gmt":"2024-09-10T09:26:03","slug":"kit-de-marquage-tuyaux-toro-max-eu-petit","status":"publish","type":"product","link":"https:\/\/d-identify.be\/fr\/produit\/kit-de-marquage-tuyaux-toro-max-eu-petit\/","title":{"rendered":"Kit de marquage tuyaux Toro Max EU petit"},"content":{"rendered":"<ul>\n<li><strong>Tout inclus:<\/strong> Toro Max est pr\u00eat \u00e0 fonctionner d\u00e8s la sortie de la bo\u00eete, sans n\u00e9cessit\u00e9 d&rsquo;un ordinateur. Concevez des \u00e9tiquettes instantan\u00e9ment \u00e0 l&rsquo;aide de l&rsquo;\u00e9cran tactile couleur plein de 9&Prime;, du clavier escamotable, de la souris sans fil et du logiciel d&rsquo;\u00e9tiquetage int\u00e9gr\u00e9. Consultez plus de d\u00e9tails et avantages dans la brochure DuraLabel Toro Max.  <\/li>\n<li><strong>De z\u00e9ro \u00e0 l&rsquo;impression:<\/strong> chargez les fournitures et commencez \u00e0 imprimer en quelques secondes avec la fonctionnalit\u00e9 d&rsquo;auto-calibration.<\/li>\n<li><strong>Enti\u00e8rement portable:<\/strong> imprimez \u00e0 distance sur le terrain pendant des heures avec une batterie optionnelle.<\/li>\n<li><strong>Logiciel intelligent:<\/strong> <a href=\"https:\/\/d-identify.be\/labelforge-pro-page\/\" target=\"_blank\" rel=\"noopener\">LabelForge PRO<\/a> vous permet de cr\u00e9er des \u00e9tiquettes normalis\u00e9es pour r\u00e9pondre aux exigences r\u00e9glementaires \u00e0 l&rsquo;aide de mod\u00e8les ou de personnaliser les \u00e9tiquettes \u00e0 partir de z\u00e9ro.<\/li>\n<li><strong>Fournitures durables:<\/strong> choisissez parmi <a href=\"https:\/\/d-identify.be\/product-categorie\/labels\/duralabel-consumables\/toro-max-consumables\/\" target=\"_blank\" rel=\"noopener\">plus de 40 types de fournitures<\/a> con\u00e7ues pour r\u00e9pondre \u00e0 une gamme de besoins sp\u00e9cifiques \u00e0 l&rsquo;industrie et aux environnements int\u00e9rieurs\/ext\u00e9rieurs.<\/li>\n<li><strong>Compatible avec les versions pr\u00e9c\u00e9dentes:<\/strong> Toro Max utilise les m\u00eames fournitures en vinyle que le DuraLabel Bronco et Toro, vous permettant ainsi de faire plus tout en d\u00e9pensant moins.<\/li>\n<li><strong>Fabriqu\u00e9 aux \u00c9tats-Unis:<\/strong> toutes les imprimantes DuraLabel sont enti\u00e8rement assembl\u00e9es en interne par nos techniciens experts.<\/li>\n<li><strong>Garantie de 5 ans:<\/strong> toutes les imprimantes DuraLabel sont garanties sans d\u00e9fauts ni panne pendant cinq ans \u00e0 compter de la date d&rsquo;achat.<\/li>\n<li><strong>Support \u00e0 vie:<\/strong> b\u00e9n\u00e9ficiez d&rsquo;un support technique gratuit pendant toute la dur\u00e9e de vie de votre produit.<\/li>\n<\/ul>\n","protected":false},"excerpt":{"rendered":"<p>Toro Max est la solution de marquage de s\u00e9curit\u00e9 tout-en-un de taille moyenne parfaite pour n&rsquo;importe quelle industrie. Concevez et imprimez des \u00e9tiquettes et des panneaux normalis\u00e9s et enti\u00e8rement personnalis\u00e9s \u00e0 tout moment et n&rsquo;importe o\u00f9. Imprimez sur des fournitures de \u00bd\u201d (12mm) \u00e0 4\u2019\u2019 (100mm) de large pour cr\u00e9er une gamme d&rsquo;\u00e9tiquettes et de panneaux, des petites \u00e9tiquettes d&rsquo;inventaire et des \u00e9tiquettes aux signaux de s\u00e9curit\u00e9 de l&rsquo;OSHA, aux avertissements de flash d&rsquo;arc et aux rep\u00e8res de tuyaux.  <\/p>\n","protected":false},"featured_media":17225,"comment_status":"open","ping_status":"closed","template":"","meta":{"_acf_changed":false,"_et_pb_use_builder":"","_et_pb_old_content":"","_et_gb_content_width":""},"product_brand":[],"product_cat":[1062],"product_tag":[928],"pa_connextion-shapes":[],"class_list":{"0":"post-21820","1":"product","2":"type-product","3":"status-publish","4":"has-post-thumbnail","6":"product_cat-kits-de-demarrage-duralabel","7":"product_tag-duralabel-fr","9":"first","10":"instock","11":"sale","12":"taxable","13":"shipping-taxable","14":"purchasable","15":"product-type-woosg"},"exclude_global_add_ons":[],"addons":[],"acf":[],"yoast_head":"<!-- This site is optimized with the Yoast SEO Premium plugin v27.0 (Yoast SEO v27.1) - https:\/\/yoast.com\/product\/yoast-seo-premium-wordpress\/ -->\n<title>Kit de marquage tuyaux Toro Max EU petit - d-identify<\/title>\n<meta name=\"description\" content=\"Toro Max est la solution d&#039;\u00e9tiquetage de s\u00e9curit\u00e9 tout-en-un de taille moyenne parfaite pour n&#039;importe quelle industrie. Concevez et imprimez des...\" \/>\n<meta name=\"robots\" content=\"index, follow, max-snippet:-1, max-image-preview:large, max-video-preview:-1\" \/>\n<link rel=\"canonical\" href=\"https:\/\/d-identify.be\/fr\/produit\/kit-de-marquage-tuyaux-toro-max-eu-petit\/\" \/>\n<meta property=\"og:locale\" content=\"fr_FR\" \/>\n<meta property=\"og:type\" content=\"article\" \/>\n<meta property=\"og:title\" content=\"Kit de marquage tuyaux Toro Max EU petit\" \/>\n<meta property=\"og:description\" content=\"Toro Max est la solution d&#039;\u00e9tiquetage de s\u00e9curit\u00e9 tout-en-un de taille moyenne parfaite pour n&#039;importe quelle industrie. Concevez et imprimez des...\" \/>\n<meta property=\"og:url\" content=\"https:\/\/d-identify.be\/fr\/produit\/kit-de-marquage-tuyaux-toro-max-eu-petit\/\" \/>\n<meta property=\"og:site_name\" content=\"d-identify\" \/>\n<meta property=\"article:modified_time\" content=\"2024-09-10T09:26:03+00:00\" \/>\n<meta property=\"og:image\" content=\"https:\/\/d-identify.be\/wp-content\/uploads\/2024\/02\/Small-Pipe-marking-kit.png\" \/>\n\t<meta property=\"og:image:width\" content=\"604\" \/>\n\t<meta property=\"og:image:height\" content=\"564\" \/>\n\t<meta property=\"og:image:type\" content=\"image\/png\" \/>\n<meta name=\"twitter:card\" content=\"summary_large_image\" \/>\n<meta name=\"twitter:label1\" content=\"Dur\u00e9e de lecture estim\u00e9e\" \/>\n\t<meta name=\"twitter:data1\" content=\"1 minute\" \/>\n<script type=\"application\/ld+json\" class=\"yoast-schema-graph\">{\"@context\":\"https:\/\/schema.org\",\"@graph\":[{\"@type\":\"WebPage\",\"@id\":\"https:\/\/d-identify.be\/fr\/produit\/kit-de-marquage-tuyaux-toro-max-eu-petit\/\",\"url\":\"https:\/\/d-identify.be\/fr\/produit\/kit-de-marquage-tuyaux-toro-max-eu-petit\/\",\"name\":\"Kit de marquage tuyaux Toro Max EU petit - d-identify\",\"isPartOf\":{\"@id\":\"https:\/\/d-identify.be\/fr\/#website\"},\"primaryImageOfPage\":{\"@id\":\"https:\/\/d-identify.be\/fr\/produit\/kit-de-marquage-tuyaux-toro-max-eu-petit\/#primaryimage\"},\"image\":{\"@id\":\"https:\/\/d-identify.be\/fr\/produit\/kit-de-marquage-tuyaux-toro-max-eu-petit\/#primaryimage\"},\"thumbnailUrl\":\"https:\/\/d-identify.be\/wp-content\/uploads\/2024\/02\/Small-Pipe-marking-kit.png\",\"datePublished\":\"2024-04-30T10:06:33+00:00\",\"dateModified\":\"2024-09-10T09:26:03+00:00\",\"description\":\"Toro Max est la solution d'\u00e9tiquetage de s\u00e9curit\u00e9 tout-en-un de taille moyenne parfaite pour n'importe quelle industrie. Concevez et imprimez des...\",\"breadcrumb\":{\"@id\":\"https:\/\/d-identify.be\/fr\/produit\/kit-de-marquage-tuyaux-toro-max-eu-petit\/#breadcrumb\"},\"inLanguage\":\"fr-FR\",\"potentialAction\":[{\"@type\":\"ReadAction\",\"target\":[\"https:\/\/d-identify.be\/fr\/produit\/kit-de-marquage-tuyaux-toro-max-eu-petit\/\"]}]},{\"@type\":\"ImageObject\",\"inLanguage\":\"fr-FR\",\"@id\":\"https:\/\/d-identify.be\/fr\/produit\/kit-de-marquage-tuyaux-toro-max-eu-petit\/#primaryimage\",\"url\":\"https:\/\/d-identify.be\/wp-content\/uploads\/2024\/02\/Small-Pipe-marking-kit.png\",\"contentUrl\":\"https:\/\/d-identify.be\/wp-content\/uploads\/2024\/02\/Small-Pipe-marking-kit.png\",\"width\":604,\"height\":564},{\"@type\":\"BreadcrumbList\",\"@id\":\"https:\/\/d-identify.be\/fr\/produit\/kit-de-marquage-tuyaux-toro-max-eu-petit\/#breadcrumb\",\"itemListElement\":[{\"@type\":\"ListItem\",\"position\":1,\"name\":\"Home\",\"item\":\"https:\/\/d-identify.be\/fr\/home-2\/\"},{\"@type\":\"ListItem\",\"position\":2,\"name\":\"Boutique\",\"item\":\"https:\/\/d-identify.be\/fr\/boutique\/\"},{\"@type\":\"ListItem\",\"position\":3,\"name\":\"Kit de marquage tuyaux Toro Max EU petit\"}]},{\"@type\":\"WebSite\",\"@id\":\"https:\/\/d-identify.be\/fr\/#website\",\"url\":\"https:\/\/d-identify.be\/fr\/\",\"name\":\"d-identify\",\"description\":\"Industrial identification - Lockout - Tagout - Floor marking\",\"potentialAction\":[{\"@type\":\"SearchAction\",\"target\":{\"@type\":\"EntryPoint\",\"urlTemplate\":\"https:\/\/d-identify.be\/fr\/?s={search_term_string}\"},\"query-input\":{\"@type\":\"PropertyValueSpecification\",\"valueRequired\":true,\"valueName\":\"search_term_string\"}}],\"inLanguage\":\"fr-FR\"}]}<\/script>\n<!-- \/ Yoast SEO Premium plugin. -->","yoast_head_json":{"title":"Kit de marquage tuyaux Toro Max EU petit - d-identify","description":"Toro Max est la solution d'\u00e9tiquetage de s\u00e9curit\u00e9 tout-en-un de taille moyenne parfaite pour n'importe quelle industrie. Concevez et imprimez des...","robots":{"index":"index","follow":"follow","max-snippet":"max-snippet:-1","max-image-preview":"max-image-preview:large","max-video-preview":"max-video-preview:-1"},"canonical":"https:\/\/d-identify.be\/fr\/produit\/kit-de-marquage-tuyaux-toro-max-eu-petit\/","og_locale":"fr_FR","og_type":"article","og_title":"Kit de marquage tuyaux Toro Max EU petit","og_description":"Toro Max est la solution d'\u00e9tiquetage de s\u00e9curit\u00e9 tout-en-un de taille moyenne parfaite pour n'importe quelle industrie. Concevez et imprimez des...","og_url":"https:\/\/d-identify.be\/fr\/produit\/kit-de-marquage-tuyaux-toro-max-eu-petit\/","og_site_name":"d-identify","article_modified_time":"2024-09-10T09:26:03+00:00","og_image":[{"width":604,"height":564,"url":"https:\/\/d-identify.be\/wp-content\/uploads\/2024\/02\/Small-Pipe-marking-kit.png","type":"image\/png"}],"twitter_card":"summary_large_image","twitter_misc":{"Dur\u00e9e de lecture estim\u00e9e":"1 minute"},"schema":{"@context":"https:\/\/schema.org","@graph":[{"@type":"WebPage","@id":"https:\/\/d-identify.be\/fr\/produit\/kit-de-marquage-tuyaux-toro-max-eu-petit\/","url":"https:\/\/d-identify.be\/fr\/produit\/kit-de-marquage-tuyaux-toro-max-eu-petit\/","name":"Kit de marquage tuyaux Toro Max EU petit - d-identify","isPartOf":{"@id":"https:\/\/d-identify.be\/fr\/#website"},"primaryImageOfPage":{"@id":"https:\/\/d-identify.be\/fr\/produit\/kit-de-marquage-tuyaux-toro-max-eu-petit\/#primaryimage"},"image":{"@id":"https:\/\/d-identify.be\/fr\/produit\/kit-de-marquage-tuyaux-toro-max-eu-petit\/#primaryimage"},"thumbnailUrl":"https:\/\/d-identify.be\/wp-content\/uploads\/2024\/02\/Small-Pipe-marking-kit.png","datePublished":"2024-04-30T10:06:33+00:00","dateModified":"2024-09-10T09:26:03+00:00","description":"Toro Max est la solution d'\u00e9tiquetage de s\u00e9curit\u00e9 tout-en-un de taille moyenne parfaite pour n'importe quelle industrie. Concevez et imprimez des...","breadcrumb":{"@id":"https:\/\/d-identify.be\/fr\/produit\/kit-de-marquage-tuyaux-toro-max-eu-petit\/#breadcrumb"},"inLanguage":"fr-FR","potentialAction":[{"@type":"ReadAction","target":["https:\/\/d-identify.be\/fr\/produit\/kit-de-marquage-tuyaux-toro-max-eu-petit\/"]}]},{"@type":"ImageObject","inLanguage":"fr-FR","@id":"https:\/\/d-identify.be\/fr\/produit\/kit-de-marquage-tuyaux-toro-max-eu-petit\/#primaryimage","url":"https:\/\/d-identify.be\/wp-content\/uploads\/2024\/02\/Small-Pipe-marking-kit.png","contentUrl":"https:\/\/d-identify.be\/wp-content\/uploads\/2024\/02\/Small-Pipe-marking-kit.png","width":604,"height":564},{"@type":"BreadcrumbList","@id":"https:\/\/d-identify.be\/fr\/produit\/kit-de-marquage-tuyaux-toro-max-eu-petit\/#breadcrumb","itemListElement":[{"@type":"ListItem","position":1,"name":"Home","item":"https:\/\/d-identify.be\/fr\/home-2\/"},{"@type":"ListItem","position":2,"name":"Boutique","item":"https:\/\/d-identify.be\/fr\/boutique\/"},{"@type":"ListItem","position":3,"name":"Kit de marquage tuyaux Toro Max EU petit"}]},{"@type":"WebSite","@id":"https:\/\/d-identify.be\/fr\/#website","url":"https:\/\/d-identify.be\/fr\/","name":"d-identify","description":"Industrial identification - Lockout - Tagout - Floor marking","potentialAction":[{"@type":"SearchAction","target":{"@type":"EntryPoint","urlTemplate":"https:\/\/d-identify.be\/fr\/?s={search_term_string}"},"query-input":{"@type":"PropertyValueSpecification","valueRequired":true,"valueName":"search_term_string"}}],"inLanguage":"fr-FR"}]}},"_links":{"self":[{"href":"https:\/\/d-identify.be\/fr\/wp-json\/wp\/v2\/product\/21820","targetHints":{"allow":["GET"]}}],"collection":[{"href":"https:\/\/d-identify.be\/fr\/wp-json\/wp\/v2\/product"}],"about":[{"href":"https:\/\/d-identify.be\/fr\/wp-json\/wp\/v2\/types\/product"}],"replies":[{"embeddable":true,"href":"https:\/\/d-identify.be\/fr\/wp-json\/wp\/v2\/comments?post=21820"}],"wp:featuredmedia":[{"embeddable":true,"href":"https:\/\/d-identify.be\/fr\/wp-json\/wp\/v2\/media\/17225"}],"wp:attachment":[{"href":"https:\/\/d-identify.be\/fr\/wp-json\/wp\/v2\/media?parent=21820"}],"wp:term":[{"taxonomy":"product_brand","embeddable":true,"href":"https:\/\/d-identify.be\/fr\/wp-json\/wp\/v2\/product_brand?post=21820"},{"taxonomy":"product_cat","embeddable":true,"href":"https:\/\/d-identify.be\/fr\/wp-json\/wp\/v2\/product_cat?post=21820"},{"taxonomy":"product_tag","embeddable":true,"href":"https:\/\/d-identify.be\/fr\/wp-json\/wp\/v2\/product_tag?post=21820"},{"taxonomy":"pa_connextion-shapes","embeddable":true,"href":"https:\/\/d-identify.be\/fr\/wp-json\/wp\/v2\/pa_connextion-shapes?post=21820"}],"curies":[{"name":"wp","href":"https:\/\/api.w.org\/{rel}","templated":true}]}}