{"id":21799,"date":"2021-07-26T12:39:08","date_gmt":"2021-07-26T10:39:08","guid":{"rendered":"https:\/\/d-identify.be\/product\/duralabel-pro300-2\/"},"modified":"2024-09-10T11:43:21","modified_gmt":"2024-09-10T09:43:21","slug":"duralabel-pro300-2","status":"publish","type":"product","link":"https:\/\/d-identify.be\/fr\/produit\/duralabel-pro300-2\/","title":{"rendered":"DuraLabel PRO300"},"content":{"rendered":"<ul>\n<li><strong>Choix de la largeur d&rsquo;\u00e9tiquette:<\/strong> concevez et imprimez des \u00e9tiquettes de 1\/2&Prime; (12mm) \u00e0 4&Prime; (100mm) de large.<\/li>\n<li><strong>Capacit\u00e9 mobile:<\/strong> concevez et imprimez des \u00e9tiquettes n&rsquo;importe o\u00f9 en connectant le PRO 300 \u00e0 un ordinateur portable.<\/li>\n<li><strong>Logiciel puissant:<\/strong> cr\u00e9ez des \u00e9tiquettes normalis\u00e9es pour r\u00e9pondre aux exigences r\u00e9glementaires en utilisant des mod\u00e8les ou personnalisez les \u00e9tiquettes \u00e0 partir de z\u00e9ro.<\/li>\n<li><strong>Port Ethernet en option:<\/strong> partagez l&rsquo;imprimante sur un r\u00e9seau pour que plusieurs personnes puissent y imprimer.<\/li>\n<li><strong>Fournitures durables:<\/strong> choisissez parmi plus de 40 types de fournitures con\u00e7ues pour r\u00e9pondre \u00e0 un \u00e9ventail de besoins sp\u00e9cifiques \u00e0 l&rsquo;industrie et d&rsquo;environnements.<\/li>\n<\/ul>\n","protected":false},"excerpt":{"rendered":"<p>La DuraLabel PRO300 offre une impression haute d\u00e9finition de 300 points par pouce, de sorte que les lignes sont plus nettes, les petits caract\u00e8res sont plus faciles \u00e0 lire et les images sont plus satur\u00e9es que sur les imprimantes moins co\u00fbteuses de 200 ppp. Que vous imprimiez des \u00e9tiquettes d&rsquo;un demi-pouce, des enveloppes de fil ou des panneaux \u00e0 haute visibilit\u00e9 de quatre pouces de large, votre message r\u00e9sistera aux produits chimiques, \u00e0 l&rsquo;abrasion et aux taches.  <span style=\"text-decoration: underline;\"><span style=\"color: #ff9900;\"><strong><a style=\"color: #ff9900; text-decoration: underline;\" href=\"https:\/\/d-identify.be\/product-categorie\/labels\/duralabel-consumables\/dlp-300-consumables\/\" target=\"_blank\" rel=\"noopener\"><span style=\"color: #0093dd; text-decoration: underline;\">Achetez des fournitures compatibles authentiques pour votre imprimante PRO300 <\/span><\/a><\/strong><\/span><\/span><\/p>\n","protected":false},"featured_media":21800,"comment_status":"open","ping_status":"closed","template":"","meta":{"_acf_changed":false,"_et_pb_use_builder":"","_et_pb_old_content":"","_et_gb_content_width":""},"product_brand":[],"product_cat":[600],"product_tag":[928],"pa_connextion-shapes":[],"class_list":{"0":"post-21799","1":"product","2":"type-product","3":"status-publish","4":"has-post-thumbnail","6":"product_cat-imprimantes-duralabel-fr","7":"product_tag-duralabel-fr","9":"first","10":"onbackorder","11":"taxable","12":"shipping-taxable","13":"purchasable","14":"product-type-simple"},"exclude_global_add_ons":[],"addons":[],"acf":[],"yoast_head":"<!-- This site is optimized with the Yoast SEO Premium plugin v27.0 (Yoast SEO v27.1) - https:\/\/yoast.com\/product\/yoast-seo-premium-wordpress\/ -->\n<title>DuraLabel PRO300<\/title>\n<meta name=\"description\" content=\"Le DuraLabel PRO300 offre une r\u00e9solution de 300 points par pouce en impression haute d\u00e9finition, ce qui rend les lignes plus nettes et facilite la lecture des petits caract\u00e8res...\" \/>\n<meta name=\"robots\" content=\"index, follow, max-snippet:-1, max-image-preview:large, max-video-preview:-1\" \/>\n<link rel=\"canonical\" href=\"https:\/\/d-identify.be\/fr\/produit\/duralabel-pro300-2\/\" \/>\n<meta property=\"og:locale\" content=\"fr_FR\" \/>\n<meta property=\"og:type\" content=\"article\" \/>\n<meta property=\"og:title\" content=\"DuraLabel PRO300\" \/>\n<meta property=\"og:description\" content=\"Le DuraLabel PRO300 offre une r\u00e9solution de 300 points par pouce en impression haute d\u00e9finition, ce qui rend les lignes plus nettes et facilite la lecture des petits caract\u00e8res...\" \/>\n<meta property=\"og:url\" content=\"https:\/\/d-identify.be\/fr\/produit\/duralabel-pro300-2\/\" \/>\n<meta property=\"og:site_name\" content=\"d-identify\" \/>\n<meta property=\"article:modified_time\" content=\"2024-09-10T09:43:21+00:00\" \/>\n<meta property=\"og:image\" content=\"https:\/\/d-identify.be\/wp-content\/uploads\/2021\/07\/pro-300.png\" \/>\n\t<meta property=\"og:image:width\" content=\"747\" \/>\n\t<meta property=\"og:image:height\" content=\"747\" \/>\n\t<meta property=\"og:image:type\" content=\"image\/png\" \/>\n<meta name=\"twitter:card\" content=\"summary_large_image\" \/>\n<meta name=\"twitter:label1\" content=\"Dur\u00e9e de lecture estim\u00e9e\" \/>\n\t<meta name=\"twitter:data1\" content=\"1 minute\" \/>\n<script type=\"application\/ld+json\" class=\"yoast-schema-graph\">{\"@context\":\"https:\/\/schema.org\",\"@graph\":[{\"@type\":\"WebPage\",\"@id\":\"https:\/\/d-identify.be\/fr\/produit\/duralabel-pro300-2\/\",\"url\":\"https:\/\/d-identify.be\/fr\/produit\/duralabel-pro300-2\/\",\"name\":\"DuraLabel PRO300\",\"isPartOf\":{\"@id\":\"https:\/\/d-identify.be\/fr\/#website\"},\"primaryImageOfPage\":{\"@id\":\"https:\/\/d-identify.be\/fr\/produit\/duralabel-pro300-2\/#primaryimage\"},\"image\":{\"@id\":\"https:\/\/d-identify.be\/fr\/produit\/duralabel-pro300-2\/#primaryimage\"},\"thumbnailUrl\":\"https:\/\/d-identify.be\/wp-content\/uploads\/2021\/07\/pro-300.png\",\"datePublished\":\"2021-07-26T10:39:08+00:00\",\"dateModified\":\"2024-09-10T09:43:21+00:00\",\"description\":\"Le DuraLabel PRO300 offre une r\u00e9solution de 300 points par pouce en impression haute d\u00e9finition, ce qui rend les lignes plus nettes et facilite la lecture des petits caract\u00e8res...\",\"breadcrumb\":{\"@id\":\"https:\/\/d-identify.be\/fr\/produit\/duralabel-pro300-2\/#breadcrumb\"},\"inLanguage\":\"fr-FR\",\"potentialAction\":[{\"@type\":\"ReadAction\",\"target\":[\"https:\/\/d-identify.be\/fr\/produit\/duralabel-pro300-2\/\"]}]},{\"@type\":\"ImageObject\",\"inLanguage\":\"fr-FR\",\"@id\":\"https:\/\/d-identify.be\/fr\/produit\/duralabel-pro300-2\/#primaryimage\",\"url\":\"https:\/\/d-identify.be\/wp-content\/uploads\/2021\/07\/pro-300.png\",\"contentUrl\":\"https:\/\/d-identify.be\/wp-content\/uploads\/2021\/07\/pro-300.png\",\"width\":747,\"height\":747,\"caption\":\"duralabel pro300 printer\"},{\"@type\":\"BreadcrumbList\",\"@id\":\"https:\/\/d-identify.be\/fr\/produit\/duralabel-pro300-2\/#breadcrumb\",\"itemListElement\":[{\"@type\":\"ListItem\",\"position\":1,\"name\":\"Home\",\"item\":\"https:\/\/d-identify.be\/fr\/home-2\/\"},{\"@type\":\"ListItem\",\"position\":2,\"name\":\"Boutique\",\"item\":\"https:\/\/d-identify.be\/fr\/boutique\/\"},{\"@type\":\"ListItem\",\"position\":3,\"name\":\"DuraLabel PRO300\"}]},{\"@type\":\"WebSite\",\"@id\":\"https:\/\/d-identify.be\/fr\/#website\",\"url\":\"https:\/\/d-identify.be\/fr\/\",\"name\":\"d-identify\",\"description\":\"Industrial identification - Lockout - Tagout - Floor marking\",\"potentialAction\":[{\"@type\":\"SearchAction\",\"target\":{\"@type\":\"EntryPoint\",\"urlTemplate\":\"https:\/\/d-identify.be\/fr\/?s={search_term_string}\"},\"query-input\":{\"@type\":\"PropertyValueSpecification\",\"valueRequired\":true,\"valueName\":\"search_term_string\"}}],\"inLanguage\":\"fr-FR\"}]}<\/script>\n<!-- \/ Yoast SEO Premium plugin. -->","yoast_head_json":{"title":"DuraLabel PRO300","description":"Le DuraLabel PRO300 offre une r\u00e9solution de 300 points par pouce en impression haute d\u00e9finition, ce qui rend les lignes plus nettes et facilite la lecture des petits caract\u00e8res...","robots":{"index":"index","follow":"follow","max-snippet":"max-snippet:-1","max-image-preview":"max-image-preview:large","max-video-preview":"max-video-preview:-1"},"canonical":"https:\/\/d-identify.be\/fr\/produit\/duralabel-pro300-2\/","og_locale":"fr_FR","og_type":"article","og_title":"DuraLabel PRO300","og_description":"Le DuraLabel PRO300 offre une r\u00e9solution de 300 points par pouce en impression haute d\u00e9finition, ce qui rend les lignes plus nettes et facilite la lecture des petits caract\u00e8res...","og_url":"https:\/\/d-identify.be\/fr\/produit\/duralabel-pro300-2\/","og_site_name":"d-identify","article_modified_time":"2024-09-10T09:43:21+00:00","og_image":[{"width":747,"height":747,"url":"https:\/\/d-identify.be\/wp-content\/uploads\/2021\/07\/pro-300.png","type":"image\/png"}],"twitter_card":"summary_large_image","twitter_misc":{"Dur\u00e9e de lecture estim\u00e9e":"1 minute"},"schema":{"@context":"https:\/\/schema.org","@graph":[{"@type":"WebPage","@id":"https:\/\/d-identify.be\/fr\/produit\/duralabel-pro300-2\/","url":"https:\/\/d-identify.be\/fr\/produit\/duralabel-pro300-2\/","name":"DuraLabel PRO300","isPartOf":{"@id":"https:\/\/d-identify.be\/fr\/#website"},"primaryImageOfPage":{"@id":"https:\/\/d-identify.be\/fr\/produit\/duralabel-pro300-2\/#primaryimage"},"image":{"@id":"https:\/\/d-identify.be\/fr\/produit\/duralabel-pro300-2\/#primaryimage"},"thumbnailUrl":"https:\/\/d-identify.be\/wp-content\/uploads\/2021\/07\/pro-300.png","datePublished":"2021-07-26T10:39:08+00:00","dateModified":"2024-09-10T09:43:21+00:00","description":"Le DuraLabel PRO300 offre une r\u00e9solution de 300 points par pouce en impression haute d\u00e9finition, ce qui rend les lignes plus nettes et facilite la lecture des petits caract\u00e8res...","breadcrumb":{"@id":"https:\/\/d-identify.be\/fr\/produit\/duralabel-pro300-2\/#breadcrumb"},"inLanguage":"fr-FR","potentialAction":[{"@type":"ReadAction","target":["https:\/\/d-identify.be\/fr\/produit\/duralabel-pro300-2\/"]}]},{"@type":"ImageObject","inLanguage":"fr-FR","@id":"https:\/\/d-identify.be\/fr\/produit\/duralabel-pro300-2\/#primaryimage","url":"https:\/\/d-identify.be\/wp-content\/uploads\/2021\/07\/pro-300.png","contentUrl":"https:\/\/d-identify.be\/wp-content\/uploads\/2021\/07\/pro-300.png","width":747,"height":747,"caption":"duralabel pro300 printer"},{"@type":"BreadcrumbList","@id":"https:\/\/d-identify.be\/fr\/produit\/duralabel-pro300-2\/#breadcrumb","itemListElement":[{"@type":"ListItem","position":1,"name":"Home","item":"https:\/\/d-identify.be\/fr\/home-2\/"},{"@type":"ListItem","position":2,"name":"Boutique","item":"https:\/\/d-identify.be\/fr\/boutique\/"},{"@type":"ListItem","position":3,"name":"DuraLabel PRO300"}]},{"@type":"WebSite","@id":"https:\/\/d-identify.be\/fr\/#website","url":"https:\/\/d-identify.be\/fr\/","name":"d-identify","description":"Industrial identification - Lockout - Tagout - Floor marking","potentialAction":[{"@type":"SearchAction","target":{"@type":"EntryPoint","urlTemplate":"https:\/\/d-identify.be\/fr\/?s={search_term_string}"},"query-input":{"@type":"PropertyValueSpecification","valueRequired":true,"valueName":"search_term_string"}}],"inLanguage":"fr-FR"}]}},"_links":{"self":[{"href":"https:\/\/d-identify.be\/fr\/wp-json\/wp\/v2\/product\/21799","targetHints":{"allow":["GET"]}}],"collection":[{"href":"https:\/\/d-identify.be\/fr\/wp-json\/wp\/v2\/product"}],"about":[{"href":"https:\/\/d-identify.be\/fr\/wp-json\/wp\/v2\/types\/product"}],"replies":[{"embeddable":true,"href":"https:\/\/d-identify.be\/fr\/wp-json\/wp\/v2\/comments?post=21799"}],"wp:featuredmedia":[{"embeddable":true,"href":"https:\/\/d-identify.be\/fr\/wp-json\/wp\/v2\/media\/21800"}],"wp:attachment":[{"href":"https:\/\/d-identify.be\/fr\/wp-json\/wp\/v2\/media?parent=21799"}],"wp:term":[{"taxonomy":"product_brand","embeddable":true,"href":"https:\/\/d-identify.be\/fr\/wp-json\/wp\/v2\/product_brand?post=21799"},{"taxonomy":"product_cat","embeddable":true,"href":"https:\/\/d-identify.be\/fr\/wp-json\/wp\/v2\/product_cat?post=21799"},{"taxonomy":"product_tag","embeddable":true,"href":"https:\/\/d-identify.be\/fr\/wp-json\/wp\/v2\/product_tag?post=21799"},{"taxonomy":"pa_connextion-shapes","embeddable":true,"href":"https:\/\/d-identify.be\/fr\/wp-json\/wp\/v2\/pa_connextion-shapes?post=21799"}],"curies":[{"name":"wp","href":"https:\/\/api.w.org\/{rel}","templated":true}]}}