{"id":21791,"date":"2021-07-26T12:38:59","date_gmt":"2021-07-26T10:38:59","guid":{"rendered":"https:\/\/d-identify.be\/product\/imprimante-detiquettes-industrielle-duralabel-lobo\/"},"modified":"2024-09-10T11:44:53","modified_gmt":"2024-09-10T09:44:53","slug":"imprimante-detiquettes-industrielle-duralabel-lobo","status":"publish","type":"product","link":"https:\/\/d-identify.be\/fr\/produit\/imprimante-detiquettes-industrielle-duralabel-lobo\/","title":{"rendered":"Imprimante d&rsquo;\u00e9tiquettes industrielle DuraLabel Lobo"},"content":{"rendered":"<ul>\n<li><strong>Syst\u00e8me autonome:<\/strong> Lobo est pr\u00eat \u00e0 fonctionner sans connexion r\u00e9seau. Concevez des \u00e9tiquettes \u00e0 l&rsquo;aide du clavier pleine taille, du logiciel de conception et de l&rsquo;\u00e9cran couleur pour pr\u00e9visualiser les \u00e9tiquettes avant l&rsquo;impression. <\/li>\n<li><strong>Conception portable:<\/strong> Lobo est l\u00e9ger et dispose d&rsquo;une poign\u00e9e int\u00e9gr\u00e9e pour un transport facile. Utilisez-le avec un adaptateur secteur ou une batterie pour des heures d&rsquo;impression continue (\u00e9quivalent \u00e0 2 800 \u00e9tiquettes de 2\u201d (54mm)x 6\u201d (150mm)). Vous pouvez \u00e9galement choisir de le connecter \u00e0 un PC via le port USB.  <\/li>\n<li><strong>Logiciel puissant:<\/strong> comprend un logiciel de conception d&rsquo;\u00e9tiquettes pour cr\u00e9er des \u00e9tiquettes standardis\u00e9es r\u00e9pondant aux exigences r\u00e9glementaires \u00e0 l&rsquo;aide de mod\u00e8les ou personnaliser les \u00e9tiquettes \u00e0 partir de z\u00e9ro.<\/li>\n<\/ul>\n<p>&nbsp;<\/p>\n","protected":false},"excerpt":{"rendered":"<p>Lobo est l&rsquo;\u00e9tiqueteuse portable polyvalente id\u00e9ale pour tous les secteurs d&rsquo;activit\u00e9. Elle est petite, mais durable, pour une utilisation facile au bureau ou sur le terrain dans les entrep\u00f4ts et les environnements de construction. Imprimez sur des fournitures de 1\/2 \u00e0 2 pouces de large, quelle que soit leur longueur, pour r\u00e9aliser des \u00e9tiquettes d&rsquo;inventaire, des codes-barres, des rep\u00e8res de tuyauterie, des rep\u00e8res de fils et de c\u00e2bles et diverses \u00e9tiquettes de bureau.   &nbsp;<\/p>\n","protected":false},"featured_media":21792,"comment_status":"open","ping_status":"closed","template":"","meta":{"_acf_changed":false,"_et_pb_use_builder":"","_et_pb_old_content":"","_et_gb_content_width":""},"product_brand":[],"product_cat":[600,589],"product_tag":[928],"pa_connextion-shapes":[],"class_list":{"0":"post-21791","1":"product","2":"type-product","3":"status-publish","4":"has-post-thumbnail","6":"product_cat-imprimantes-duralabel-fr","7":"product_cat-consomables_lobo","8":"product_tag-duralabel-fr","10":"first","11":"instock","12":"taxable","13":"shipping-taxable","14":"purchasable","15":"product-type-simple"},"exclude_global_add_ons":[],"addons":[],"acf":[],"yoast_head":"<!-- This site is optimized with the Yoast SEO Premium plugin v27.0 (Yoast SEO v27.1) - https:\/\/yoast.com\/product\/yoast-seo-premium-wordpress\/ -->\n<title>Imprimante d&#039;\u00e9tiquettes industrielle DuraLabel Lobo<\/title>\n<meta name=\"description\" content=\"Lobo est l&#039;\u00e9tiqueteuse portable polyvalente parfaite pour n&#039;importe quelle industrie. Elle est petite, mais durable et facile \u00e0 utiliser au bureau...\" \/>\n<meta name=\"robots\" content=\"index, follow, max-snippet:-1, max-image-preview:large, max-video-preview:-1\" \/>\n<link rel=\"canonical\" href=\"https:\/\/d-identify.be\/fr\/produit\/imprimante-detiquettes-industrielle-duralabel-lobo\/\" \/>\n<meta property=\"og:locale\" content=\"fr_FR\" \/>\n<meta property=\"og:type\" content=\"article\" \/>\n<meta property=\"og:title\" content=\"Imprimante d&#039;\u00e9tiquettes industrielle DuraLabel Lobo\" \/>\n<meta property=\"og:description\" content=\"Lobo est l&#039;\u00e9tiqueteuse portable polyvalente parfaite pour n&#039;importe quelle industrie. Elle est petite, mais durable et facile \u00e0 utiliser au bureau...\" \/>\n<meta property=\"og:url\" content=\"https:\/\/d-identify.be\/fr\/produit\/imprimante-detiquettes-industrielle-duralabel-lobo\/\" \/>\n<meta property=\"og:site_name\" content=\"d-identify\" \/>\n<meta property=\"article:modified_time\" content=\"2024-09-10T09:44:53+00:00\" \/>\n<meta property=\"og:image\" content=\"https:\/\/d-identify.be\/wp-content\/uploads\/2021\/07\/DLL-FL2-scaled.jpg\" \/>\n\t<meta property=\"og:image:width\" content=\"2560\" \/>\n\t<meta property=\"og:image:height\" content=\"2560\" \/>\n\t<meta property=\"og:image:type\" content=\"image\/jpeg\" \/>\n<meta name=\"twitter:card\" content=\"summary_large_image\" \/>\n<meta name=\"twitter:label1\" content=\"Dur\u00e9e de lecture estim\u00e9e\" \/>\n\t<meta name=\"twitter:data1\" content=\"1 minute\" \/>\n<script type=\"application\/ld+json\" class=\"yoast-schema-graph\">{\"@context\":\"https:\/\/schema.org\",\"@graph\":[{\"@type\":\"WebPage\",\"@id\":\"https:\/\/d-identify.be\/fr\/produit\/imprimante-detiquettes-industrielle-duralabel-lobo\/\",\"url\":\"https:\/\/d-identify.be\/fr\/produit\/imprimante-detiquettes-industrielle-duralabel-lobo\/\",\"name\":\"Imprimante d'\u00e9tiquettes industrielle DuraLabel Lobo\",\"isPartOf\":{\"@id\":\"https:\/\/d-identify.be\/fr\/#website\"},\"primaryImageOfPage\":{\"@id\":\"https:\/\/d-identify.be\/fr\/produit\/imprimante-detiquettes-industrielle-duralabel-lobo\/#primaryimage\"},\"image\":{\"@id\":\"https:\/\/d-identify.be\/fr\/produit\/imprimante-detiquettes-industrielle-duralabel-lobo\/#primaryimage\"},\"thumbnailUrl\":\"https:\/\/d-identify.be\/wp-content\/uploads\/2021\/07\/DLL-FL2-scaled.jpg\",\"datePublished\":\"2021-07-26T10:38:59+00:00\",\"dateModified\":\"2024-09-10T09:44:53+00:00\",\"description\":\"Lobo est l'\u00e9tiqueteuse portable polyvalente parfaite pour n'importe quelle industrie. Elle est petite, mais durable et facile \u00e0 utiliser au bureau...\",\"breadcrumb\":{\"@id\":\"https:\/\/d-identify.be\/fr\/produit\/imprimante-detiquettes-industrielle-duralabel-lobo\/#breadcrumb\"},\"inLanguage\":\"fr-FR\",\"potentialAction\":[{\"@type\":\"ReadAction\",\"target\":[\"https:\/\/d-identify.be\/fr\/produit\/imprimante-detiquettes-industrielle-duralabel-lobo\/\"]}]},{\"@type\":\"ImageObject\",\"inLanguage\":\"fr-FR\",\"@id\":\"https:\/\/d-identify.be\/fr\/produit\/imprimante-detiquettes-industrielle-duralabel-lobo\/#primaryimage\",\"url\":\"https:\/\/d-identify.be\/wp-content\/uploads\/2021\/07\/DLL-FL2-scaled.jpg\",\"contentUrl\":\"https:\/\/d-identify.be\/wp-content\/uploads\/2021\/07\/DLL-FL2-scaled.jpg\",\"width\":2560,\"height\":2560,\"caption\":\"DL LOBO\"},{\"@type\":\"BreadcrumbList\",\"@id\":\"https:\/\/d-identify.be\/fr\/produit\/imprimante-detiquettes-industrielle-duralabel-lobo\/#breadcrumb\",\"itemListElement\":[{\"@type\":\"ListItem\",\"position\":1,\"name\":\"Home\",\"item\":\"https:\/\/d-identify.be\/fr\/home-2\/\"},{\"@type\":\"ListItem\",\"position\":2,\"name\":\"Boutique\",\"item\":\"https:\/\/d-identify.be\/fr\/boutique\/\"},{\"@type\":\"ListItem\",\"position\":3,\"name\":\"Imprimante d&#8217;\u00e9tiquettes industrielle DuraLabel Lobo\"}]},{\"@type\":\"WebSite\",\"@id\":\"https:\/\/d-identify.be\/fr\/#website\",\"url\":\"https:\/\/d-identify.be\/fr\/\",\"name\":\"d-identify\",\"description\":\"Industrial identification - Lockout - Tagout - Floor marking\",\"potentialAction\":[{\"@type\":\"SearchAction\",\"target\":{\"@type\":\"EntryPoint\",\"urlTemplate\":\"https:\/\/d-identify.be\/fr\/?s={search_term_string}\"},\"query-input\":{\"@type\":\"PropertyValueSpecification\",\"valueRequired\":true,\"valueName\":\"search_term_string\"}}],\"inLanguage\":\"fr-FR\"}]}<\/script>\n<!-- \/ Yoast SEO Premium plugin. -->","yoast_head_json":{"title":"Imprimante d'\u00e9tiquettes industrielle DuraLabel Lobo","description":"Lobo est l'\u00e9tiqueteuse portable polyvalente parfaite pour n'importe quelle industrie. Elle est petite, mais durable et facile \u00e0 utiliser au bureau...","robots":{"index":"index","follow":"follow","max-snippet":"max-snippet:-1","max-image-preview":"max-image-preview:large","max-video-preview":"max-video-preview:-1"},"canonical":"https:\/\/d-identify.be\/fr\/produit\/imprimante-detiquettes-industrielle-duralabel-lobo\/","og_locale":"fr_FR","og_type":"article","og_title":"Imprimante d'\u00e9tiquettes industrielle DuraLabel Lobo","og_description":"Lobo est l'\u00e9tiqueteuse portable polyvalente parfaite pour n'importe quelle industrie. Elle est petite, mais durable et facile \u00e0 utiliser au bureau...","og_url":"https:\/\/d-identify.be\/fr\/produit\/imprimante-detiquettes-industrielle-duralabel-lobo\/","og_site_name":"d-identify","article_modified_time":"2024-09-10T09:44:53+00:00","og_image":[{"width":2560,"height":2560,"url":"https:\/\/d-identify.be\/wp-content\/uploads\/2021\/07\/DLL-FL2-scaled.jpg","type":"image\/jpeg"}],"twitter_card":"summary_large_image","twitter_misc":{"Dur\u00e9e de lecture estim\u00e9e":"1 minute"},"schema":{"@context":"https:\/\/schema.org","@graph":[{"@type":"WebPage","@id":"https:\/\/d-identify.be\/fr\/produit\/imprimante-detiquettes-industrielle-duralabel-lobo\/","url":"https:\/\/d-identify.be\/fr\/produit\/imprimante-detiquettes-industrielle-duralabel-lobo\/","name":"Imprimante d'\u00e9tiquettes industrielle DuraLabel Lobo","isPartOf":{"@id":"https:\/\/d-identify.be\/fr\/#website"},"primaryImageOfPage":{"@id":"https:\/\/d-identify.be\/fr\/produit\/imprimante-detiquettes-industrielle-duralabel-lobo\/#primaryimage"},"image":{"@id":"https:\/\/d-identify.be\/fr\/produit\/imprimante-detiquettes-industrielle-duralabel-lobo\/#primaryimage"},"thumbnailUrl":"https:\/\/d-identify.be\/wp-content\/uploads\/2021\/07\/DLL-FL2-scaled.jpg","datePublished":"2021-07-26T10:38:59+00:00","dateModified":"2024-09-10T09:44:53+00:00","description":"Lobo est l'\u00e9tiqueteuse portable polyvalente parfaite pour n'importe quelle industrie. Elle est petite, mais durable et facile \u00e0 utiliser au bureau...","breadcrumb":{"@id":"https:\/\/d-identify.be\/fr\/produit\/imprimante-detiquettes-industrielle-duralabel-lobo\/#breadcrumb"},"inLanguage":"fr-FR","potentialAction":[{"@type":"ReadAction","target":["https:\/\/d-identify.be\/fr\/produit\/imprimante-detiquettes-industrielle-duralabel-lobo\/"]}]},{"@type":"ImageObject","inLanguage":"fr-FR","@id":"https:\/\/d-identify.be\/fr\/produit\/imprimante-detiquettes-industrielle-duralabel-lobo\/#primaryimage","url":"https:\/\/d-identify.be\/wp-content\/uploads\/2021\/07\/DLL-FL2-scaled.jpg","contentUrl":"https:\/\/d-identify.be\/wp-content\/uploads\/2021\/07\/DLL-FL2-scaled.jpg","width":2560,"height":2560,"caption":"DL LOBO"},{"@type":"BreadcrumbList","@id":"https:\/\/d-identify.be\/fr\/produit\/imprimante-detiquettes-industrielle-duralabel-lobo\/#breadcrumb","itemListElement":[{"@type":"ListItem","position":1,"name":"Home","item":"https:\/\/d-identify.be\/fr\/home-2\/"},{"@type":"ListItem","position":2,"name":"Boutique","item":"https:\/\/d-identify.be\/fr\/boutique\/"},{"@type":"ListItem","position":3,"name":"Imprimante d&#8217;\u00e9tiquettes industrielle DuraLabel Lobo"}]},{"@type":"WebSite","@id":"https:\/\/d-identify.be\/fr\/#website","url":"https:\/\/d-identify.be\/fr\/","name":"d-identify","description":"Industrial identification - Lockout - Tagout - Floor marking","potentialAction":[{"@type":"SearchAction","target":{"@type":"EntryPoint","urlTemplate":"https:\/\/d-identify.be\/fr\/?s={search_term_string}"},"query-input":{"@type":"PropertyValueSpecification","valueRequired":true,"valueName":"search_term_string"}}],"inLanguage":"fr-FR"}]}},"_links":{"self":[{"href":"https:\/\/d-identify.be\/fr\/wp-json\/wp\/v2\/product\/21791","targetHints":{"allow":["GET"]}}],"collection":[{"href":"https:\/\/d-identify.be\/fr\/wp-json\/wp\/v2\/product"}],"about":[{"href":"https:\/\/d-identify.be\/fr\/wp-json\/wp\/v2\/types\/product"}],"replies":[{"embeddable":true,"href":"https:\/\/d-identify.be\/fr\/wp-json\/wp\/v2\/comments?post=21791"}],"wp:featuredmedia":[{"embeddable":true,"href":"https:\/\/d-identify.be\/fr\/wp-json\/wp\/v2\/media\/21792"}],"wp:attachment":[{"href":"https:\/\/d-identify.be\/fr\/wp-json\/wp\/v2\/media?parent=21791"}],"wp:term":[{"taxonomy":"product_brand","embeddable":true,"href":"https:\/\/d-identify.be\/fr\/wp-json\/wp\/v2\/product_brand?post=21791"},{"taxonomy":"product_cat","embeddable":true,"href":"https:\/\/d-identify.be\/fr\/wp-json\/wp\/v2\/product_cat?post=21791"},{"taxonomy":"product_tag","embeddable":true,"href":"https:\/\/d-identify.be\/fr\/wp-json\/wp\/v2\/product_tag?post=21791"},{"taxonomy":"pa_connextion-shapes","embeddable":true,"href":"https:\/\/d-identify.be\/fr\/wp-json\/wp\/v2\/pa_connextion-shapes?post=21791"}],"curies":[{"name":"wp","href":"https:\/\/api.w.org\/{rel}","templated":true}]}}