{"id":21766,"date":"2022-09-12T14:21:11","date_gmt":"2022-09-12T12:21:11","guid":{"rendered":"https:\/\/d-identify.be\/product\/duralabel-toro-max-2\/"},"modified":"2026-01-21T16:26:25","modified_gmt":"2026-01-21T14:26:25","slug":"duralabel-toro-max-printer-fr","status":"publish","type":"product","link":"https:\/\/d-identify.be\/fr\/produit\/duralabel-toro-max-printer-fr\/","title":{"rendered":"DuraLabel Toro Max \u2013 Imprimante industrielle de s\u00e9curit\u00e9"},"content":{"rendered":"<p data-start=\"219\" data-end=\"572\">La <strong data-start=\"222\" data-end=\"252\">DuraLabel Toro Max printer<\/strong> est une solution industrielle tout-en-un, de taille interm\u00e9diaire, d\u00e9di\u00e9e \u00e0 l\u2019\u00e9tiquetage de s\u00e9curit\u00e9 et \u00e0 l\u2019identification industrielle. Avec la <strong data-start=\"398\" data-end=\"428\">DuraLabel Toro Max printer<\/strong>, vous concevez et imprimez des \u00e9tiquettes de s\u00e9curit\u00e9 standardis\u00e9es ou enti\u00e8rement personnalis\u00e9es, exactement au moment o\u00f9 vous en avez besoin.<\/p>\n<p data-start=\"574\" data-end=\"951\">Cette imprimante industrielle couvre un large \u00e9ventail d\u2019applications. Imprimez de petites \u00e9tiquettes d\u2019inventaire et des tags. Cr\u00e9ez une signalisation de s\u00e9curit\u00e9 conforme aux normes OSHA et ANSI. Produisez des \u00e9tiquettes d\u2019avertissement arc flash et des marquages de tuyauterie durables. Une seule imprimante r\u00e9pond \u00e0 plusieurs besoins d\u2019identification au sein de votre site.<\/p>\n<p data-start=\"953\" data-end=\"1258\">La <strong data-start=\"956\" data-end=\"986\">Toro Max printer<\/strong> s\u2019int\u00e8gre parfaitement aux d\u00e9marches 5S et au management visuel. Un marquage clair et coh\u00e9rent am\u00e9liore la s\u00e9curit\u00e9, r\u00e9duit les erreurs et maintient les zones de travail organis\u00e9es. Les \u00e9tiquettes sont imprim\u00e9es \u00e0 la demande, sans quantit\u00e9s minimales ni d\u00e9lais d\u2019attente.<\/p>\n","protected":false},"excerpt":{"rendered":"<p data-start=\"2804\" data-end=\"2966\">DuraLabel Toro Max printer pour \u00e9tiquettes de s\u00e9curit\u00e9 industrielles, avertissements arc flash, panneaux et marquage de tuyauterie. Id\u00e9ale pour les programmes 5S.<\/p>\n","protected":false},"featured_media":21767,"comment_status":"open","ping_status":"closed","template":"","meta":{"_acf_changed":false,"_et_pb_use_builder":"","_et_pb_old_content":"","_et_gb_content_width":""},"product_brand":[],"product_cat":[600],"product_tag":[928],"pa_connextion-shapes":[],"class_list":{"0":"post-21766","1":"product","2":"type-product","3":"status-publish","4":"has-post-thumbnail","6":"product_cat-imprimantes-duralabel-fr","7":"product_tag-duralabel-fr","9":"first","10":"instock","11":"taxable","12":"shipping-taxable","13":"purchasable","14":"product-type-simple"},"exclude_global_add_ons":[],"addons":[],"acf":[],"yoast_head":"<!-- This site is optimized with the Yoast SEO Premium plugin v27.0 (Yoast SEO v27.1) - https:\/\/yoast.com\/product\/yoast-seo-premium-wordpress\/ -->\n<title>DuraLabel Toro Max printer | Imprimante industrielle de s\u00e9curit\u00e9<\/title>\n<meta name=\"description\" content=\"DuraLabel Toro Max printer pour \u00e9tiquettes de s\u00e9curit\u00e9, avertissements arc flash et marquage de tuyauterie. Id\u00e9ale pour les programmes 5S.\" \/>\n<meta name=\"robots\" content=\"index, follow, max-snippet:-1, max-image-preview:large, max-video-preview:-1\" \/>\n<link rel=\"canonical\" href=\"https:\/\/d-identify.be\/fr\/produit\/duralabel-toro-max-printer-fr\/\" \/>\n<meta property=\"og:locale\" content=\"fr_FR\" \/>\n<meta property=\"og:type\" content=\"article\" \/>\n<meta property=\"og:title\" content=\"DuraLabel Toro Max \u2013 Imprimante industrielle de s\u00e9curit\u00e9\" \/>\n<meta property=\"og:description\" content=\"DuraLabel Toro Max printer pour \u00e9tiquettes de s\u00e9curit\u00e9, avertissements arc flash et marquage de tuyauterie. Id\u00e9ale pour les programmes 5S.\" \/>\n<meta property=\"og:url\" content=\"https:\/\/d-identify.be\/fr\/produit\/duralabel-toro-max-printer-fr\/\" \/>\n<meta property=\"og:site_name\" content=\"d-identify\" \/>\n<meta property=\"article:modified_time\" content=\"2026-01-21T14:26:25+00:00\" \/>\n<meta property=\"og:image\" content=\"https:\/\/d-identify.be\/wp-content\/uploads\/2022\/09\/toro-max-main.png\" \/>\n\t<meta property=\"og:image:width\" content=\"1600\" \/>\n\t<meta property=\"og:image:height\" content=\"1600\" \/>\n\t<meta property=\"og:image:type\" content=\"image\/png\" \/>\n<meta name=\"twitter:card\" content=\"summary_large_image\" \/>\n<meta name=\"twitter:label1\" content=\"Dur\u00e9e de lecture estim\u00e9e\" \/>\n\t<meta name=\"twitter:data1\" content=\"1 minute\" \/>\n<script type=\"application\/ld+json\" class=\"yoast-schema-graph\">{\"@context\":\"https:\/\/schema.org\",\"@graph\":[{\"@type\":\"WebPage\",\"@id\":\"https:\/\/d-identify.be\/fr\/produit\/duralabel-toro-max-printer-fr\/\",\"url\":\"https:\/\/d-identify.be\/fr\/produit\/duralabel-toro-max-printer-fr\/\",\"name\":\"DuraLabel Toro Max printer | Imprimante industrielle de s\u00e9curit\u00e9\",\"isPartOf\":{\"@id\":\"https:\/\/d-identify.be\/fr\/#website\"},\"primaryImageOfPage\":{\"@id\":\"https:\/\/d-identify.be\/fr\/produit\/duralabel-toro-max-printer-fr\/#primaryimage\"},\"image\":{\"@id\":\"https:\/\/d-identify.be\/fr\/produit\/duralabel-toro-max-printer-fr\/#primaryimage\"},\"thumbnailUrl\":\"https:\/\/d-identify.be\/wp-content\/uploads\/2022\/09\/toro-max-main.png\",\"datePublished\":\"2022-09-12T12:21:11+00:00\",\"dateModified\":\"2026-01-21T14:26:25+00:00\",\"description\":\"DuraLabel Toro Max printer pour \u00e9tiquettes de s\u00e9curit\u00e9, avertissements arc flash et marquage de tuyauterie. Id\u00e9ale pour les programmes 5S.\",\"breadcrumb\":{\"@id\":\"https:\/\/d-identify.be\/fr\/produit\/duralabel-toro-max-printer-fr\/#breadcrumb\"},\"inLanguage\":\"fr-FR\",\"potentialAction\":[{\"@type\":\"ReadAction\",\"target\":[\"https:\/\/d-identify.be\/fr\/produit\/duralabel-toro-max-printer-fr\/\"]}]},{\"@type\":\"ImageObject\",\"inLanguage\":\"fr-FR\",\"@id\":\"https:\/\/d-identify.be\/fr\/produit\/duralabel-toro-max-printer-fr\/#primaryimage\",\"url\":\"https:\/\/d-identify.be\/wp-content\/uploads\/2022\/09\/toro-max-main.png\",\"contentUrl\":\"https:\/\/d-identify.be\/wp-content\/uploads\/2022\/09\/toro-max-main.png\",\"width\":1600,\"height\":1600,\"caption\":\"DuraLabel Toro Max printer\"},{\"@type\":\"BreadcrumbList\",\"@id\":\"https:\/\/d-identify.be\/fr\/produit\/duralabel-toro-max-printer-fr\/#breadcrumb\",\"itemListElement\":[{\"@type\":\"ListItem\",\"position\":1,\"name\":\"Home\",\"item\":\"https:\/\/d-identify.be\/fr\/home-2\/\"},{\"@type\":\"ListItem\",\"position\":2,\"name\":\"Boutique\",\"item\":\"https:\/\/d-identify.be\/fr\/boutique\/\"},{\"@type\":\"ListItem\",\"position\":3,\"name\":\"DuraLabel Toro Max \u2013 Imprimante industrielle de s\u00e9curit\u00e9\"}]},{\"@type\":\"WebSite\",\"@id\":\"https:\/\/d-identify.be\/fr\/#website\",\"url\":\"https:\/\/d-identify.be\/fr\/\",\"name\":\"d-identify\",\"description\":\"Industrial identification - Lockout - Tagout - Floor marking\",\"potentialAction\":[{\"@type\":\"SearchAction\",\"target\":{\"@type\":\"EntryPoint\",\"urlTemplate\":\"https:\/\/d-identify.be\/fr\/?s={search_term_string}\"},\"query-input\":{\"@type\":\"PropertyValueSpecification\",\"valueRequired\":true,\"valueName\":\"search_term_string\"}}],\"inLanguage\":\"fr-FR\"}]}<\/script>\n<!-- \/ Yoast SEO Premium plugin. -->","yoast_head_json":{"title":"DuraLabel Toro Max printer | Imprimante industrielle de s\u00e9curit\u00e9","description":"DuraLabel Toro Max printer pour \u00e9tiquettes de s\u00e9curit\u00e9, avertissements arc flash et marquage de tuyauterie. Id\u00e9ale pour les programmes 5S.","robots":{"index":"index","follow":"follow","max-snippet":"max-snippet:-1","max-image-preview":"max-image-preview:large","max-video-preview":"max-video-preview:-1"},"canonical":"https:\/\/d-identify.be\/fr\/produit\/duralabel-toro-max-printer-fr\/","og_locale":"fr_FR","og_type":"article","og_title":"DuraLabel Toro Max \u2013 Imprimante industrielle de s\u00e9curit\u00e9","og_description":"DuraLabel Toro Max printer pour \u00e9tiquettes de s\u00e9curit\u00e9, avertissements arc flash et marquage de tuyauterie. Id\u00e9ale pour les programmes 5S.","og_url":"https:\/\/d-identify.be\/fr\/produit\/duralabel-toro-max-printer-fr\/","og_site_name":"d-identify","article_modified_time":"2026-01-21T14:26:25+00:00","og_image":[{"width":1600,"height":1600,"url":"https:\/\/d-identify.be\/wp-content\/uploads\/2022\/09\/toro-max-main.png","type":"image\/png"}],"twitter_card":"summary_large_image","twitter_misc":{"Dur\u00e9e de lecture estim\u00e9e":"1 minute"},"schema":{"@context":"https:\/\/schema.org","@graph":[{"@type":"WebPage","@id":"https:\/\/d-identify.be\/fr\/produit\/duralabel-toro-max-printer-fr\/","url":"https:\/\/d-identify.be\/fr\/produit\/duralabel-toro-max-printer-fr\/","name":"DuraLabel Toro Max printer | Imprimante industrielle de s\u00e9curit\u00e9","isPartOf":{"@id":"https:\/\/d-identify.be\/fr\/#website"},"primaryImageOfPage":{"@id":"https:\/\/d-identify.be\/fr\/produit\/duralabel-toro-max-printer-fr\/#primaryimage"},"image":{"@id":"https:\/\/d-identify.be\/fr\/produit\/duralabel-toro-max-printer-fr\/#primaryimage"},"thumbnailUrl":"https:\/\/d-identify.be\/wp-content\/uploads\/2022\/09\/toro-max-main.png","datePublished":"2022-09-12T12:21:11+00:00","dateModified":"2026-01-21T14:26:25+00:00","description":"DuraLabel Toro Max printer pour \u00e9tiquettes de s\u00e9curit\u00e9, avertissements arc flash et marquage de tuyauterie. Id\u00e9ale pour les programmes 5S.","breadcrumb":{"@id":"https:\/\/d-identify.be\/fr\/produit\/duralabel-toro-max-printer-fr\/#breadcrumb"},"inLanguage":"fr-FR","potentialAction":[{"@type":"ReadAction","target":["https:\/\/d-identify.be\/fr\/produit\/duralabel-toro-max-printer-fr\/"]}]},{"@type":"ImageObject","inLanguage":"fr-FR","@id":"https:\/\/d-identify.be\/fr\/produit\/duralabel-toro-max-printer-fr\/#primaryimage","url":"https:\/\/d-identify.be\/wp-content\/uploads\/2022\/09\/toro-max-main.png","contentUrl":"https:\/\/d-identify.be\/wp-content\/uploads\/2022\/09\/toro-max-main.png","width":1600,"height":1600,"caption":"DuraLabel Toro Max printer"},{"@type":"BreadcrumbList","@id":"https:\/\/d-identify.be\/fr\/produit\/duralabel-toro-max-printer-fr\/#breadcrumb","itemListElement":[{"@type":"ListItem","position":1,"name":"Home","item":"https:\/\/d-identify.be\/fr\/home-2\/"},{"@type":"ListItem","position":2,"name":"Boutique","item":"https:\/\/d-identify.be\/fr\/boutique\/"},{"@type":"ListItem","position":3,"name":"DuraLabel Toro Max \u2013 Imprimante industrielle de s\u00e9curit\u00e9"}]},{"@type":"WebSite","@id":"https:\/\/d-identify.be\/fr\/#website","url":"https:\/\/d-identify.be\/fr\/","name":"d-identify","description":"Industrial identification - Lockout - Tagout - Floor marking","potentialAction":[{"@type":"SearchAction","target":{"@type":"EntryPoint","urlTemplate":"https:\/\/d-identify.be\/fr\/?s={search_term_string}"},"query-input":{"@type":"PropertyValueSpecification","valueRequired":true,"valueName":"search_term_string"}}],"inLanguage":"fr-FR"}]}},"_links":{"self":[{"href":"https:\/\/d-identify.be\/fr\/wp-json\/wp\/v2\/product\/21766","targetHints":{"allow":["GET"]}}],"collection":[{"href":"https:\/\/d-identify.be\/fr\/wp-json\/wp\/v2\/product"}],"about":[{"href":"https:\/\/d-identify.be\/fr\/wp-json\/wp\/v2\/types\/product"}],"replies":[{"embeddable":true,"href":"https:\/\/d-identify.be\/fr\/wp-json\/wp\/v2\/comments?post=21766"}],"wp:featuredmedia":[{"embeddable":true,"href":"https:\/\/d-identify.be\/fr\/wp-json\/wp\/v2\/media\/21767"}],"wp:attachment":[{"href":"https:\/\/d-identify.be\/fr\/wp-json\/wp\/v2\/media?parent=21766"}],"wp:term":[{"taxonomy":"product_brand","embeddable":true,"href":"https:\/\/d-identify.be\/fr\/wp-json\/wp\/v2\/product_brand?post=21766"},{"taxonomy":"product_cat","embeddable":true,"href":"https:\/\/d-identify.be\/fr\/wp-json\/wp\/v2\/product_cat?post=21766"},{"taxonomy":"product_tag","embeddable":true,"href":"https:\/\/d-identify.be\/fr\/wp-json\/wp\/v2\/product_tag?post=21766"},{"taxonomy":"pa_connextion-shapes","embeddable":true,"href":"https:\/\/d-identify.be\/fr\/wp-json\/wp\/v2\/pa_connextion-shapes?post=21766"}],"curies":[{"name":"wp","href":"https:\/\/api.w.org\/{rel}","templated":true}]}}