{"id":21541,"date":"2021-07-26T12:38:42","date_gmt":"2021-07-26T10:38:42","guid":{"rendered":"https:\/\/d-identify.be\/product\/ruban-phosphorescent-boldglo\/"},"modified":"2024-04-24T13:45:18","modified_gmt":"2024-04-24T11:45:18","slug":"ruban-phosphorescent-boldglo","status":"publish","type":"product","link":"https:\/\/d-identify.be\/fr\/produit\/ruban-phosphorescent-boldglo\/","title":{"rendered":"Ruban phosphorescent BoldGlo"},"content":{"rendered":"<ul>\n<li><strong>Conforme : <\/strong> le mat\u00e9riau r\u00e9pond \u00e0 huit normes de luminescence pour UL, ASTM, ISO et plus encore.<\/li>\n<li><strong>Adh\u00e9sif acrylique permanent : <\/strong> l&rsquo;adh\u00e9sif durable offre une forte adh\u00e9rence sur une vari\u00e9t\u00e9 de surfaces pour r\u00e9pondre aux exigences en mati\u00e8re d&rsquo;\u00e9vacuation d&rsquo;urgence.<\/li>\n<\/ul>\n<ul>\n<li><strong>Durable :<\/strong> l&rsquo;approvisionnement reste intact dans une gamme de temp\u00e9ratures et d&rsquo;expositions.<\/li>\n<li><strong>Propri\u00e9t\u00e9s lumineuses :<\/strong> le ruban brille pendant 8 heures lorsqu&rsquo;il est compl\u00e8tement charg\u00e9.<\/li>\n<\/ul>\n","protected":false},"excerpt":{"rendered":"<p>Gardez vos travailleurs et votre installation en s\u00e9curit\u00e9 en cas de panne de courant et dans des conditions de faible luminosit\u00e9 avec un approvisionnement lumineux. Cet approvisionnement brille pendant huit heures dans l&rsquo;obscurit\u00e9, ce qui le rend id\u00e9al pour l&rsquo;\u00e9tiquetage int\u00e9rieur des sorties de secours. Utilisez-le pour marquer les voies, les escaliers, les cadres de porte et les rampes.  <\/p>\n","protected":false},"featured_media":21542,"comment_status":"open","ping_status":"closed","template":"","meta":{"_acf_changed":false,"_et_pb_use_builder":"","_et_pb_old_content":"","_et_gb_content_width":""},"product_brand":[],"product_cat":[567],"product_tag":[928],"pa_connextion-shapes":[],"class_list":{"0":"post-21541","1":"product","2":"type-product","3":"status-publish","4":"has-post-thumbnail","6":"product_cat-kodiak-max-consommables","7":"product_tag-duralabel-fr","9":"first","10":"instock","11":"taxable","12":"shipping-taxable","13":"purchasable","14":"product-type-variable","15":"has-default-attributes"},"exclude_global_add_ons":[],"addons":[],"acf":[],"yoast_head":"<!-- This site is optimized with the Yoast SEO Premium plugin v27.0 (Yoast SEO v27.1) - https:\/\/yoast.com\/product\/yoast-seo-premium-wordpress\/ -->\n<title>Ruban phosphorescent BoldGlo<\/title>\n<meta name=\"description\" content=\"Ruban phosphorescent BoldGloGardez vos travailleurs et votre installation en s\u00e9curit\u00e9 en cas de panne de courant et dans des conditions de faible luminosit\u00e9 avec un approvisionnement lumineux.\" \/>\n<meta name=\"robots\" content=\"index, follow, max-snippet:-1, max-image-preview:large, max-video-preview:-1\" \/>\n<link rel=\"canonical\" href=\"https:\/\/d-identify.be\/fr\/produit\/ruban-phosphorescent-boldglo\/\" \/>\n<meta property=\"og:locale\" content=\"fr_FR\" \/>\n<meta property=\"og:type\" content=\"article\" \/>\n<meta property=\"og:title\" content=\"Ruban phosphorescent BoldGlo\" \/>\n<meta property=\"og:description\" content=\"Ruban phosphorescent BoldGloGardez vos travailleurs et votre installation en s\u00e9curit\u00e9 en cas de panne de courant et dans des conditions de faible luminosit\u00e9 avec un approvisionnement lumineux.\" \/>\n<meta property=\"og:url\" content=\"https:\/\/d-identify.be\/fr\/produit\/ruban-phosphorescent-boldglo\/\" \/>\n<meta property=\"og:site_name\" content=\"d-identify\" \/>\n<meta property=\"article:modified_time\" content=\"2024-04-24T11:45:18+00:00\" \/>\n<meta property=\"og:image\" content=\"https:\/\/d-identify.be\/wp-content\/uploads\/2021\/07\/K4-250.png\" \/>\n\t<meta property=\"og:image:width\" content=\"400\" \/>\n\t<meta property=\"og:image:height\" content=\"400\" \/>\n\t<meta property=\"og:image:type\" content=\"image\/png\" \/>\n<meta name=\"twitter:card\" content=\"summary_large_image\" \/>\n<script type=\"application\/ld+json\" class=\"yoast-schema-graph\">{\"@context\":\"https:\/\/schema.org\",\"@graph\":[{\"@type\":\"WebPage\",\"@id\":\"https:\/\/d-identify.be\/fr\/produit\/ruban-phosphorescent-boldglo\/\",\"url\":\"https:\/\/d-identify.be\/fr\/produit\/ruban-phosphorescent-boldglo\/\",\"name\":\"Ruban phosphorescent BoldGlo\",\"isPartOf\":{\"@id\":\"https:\/\/d-identify.be\/fr\/#website\"},\"primaryImageOfPage\":{\"@id\":\"https:\/\/d-identify.be\/fr\/produit\/ruban-phosphorescent-boldglo\/#primaryimage\"},\"image\":{\"@id\":\"https:\/\/d-identify.be\/fr\/produit\/ruban-phosphorescent-boldglo\/#primaryimage\"},\"thumbnailUrl\":\"https:\/\/d-identify.be\/wp-content\/uploads\/2021\/07\/K4-250.png\",\"datePublished\":\"2021-07-26T10:38:42+00:00\",\"dateModified\":\"2024-04-24T11:45:18+00:00\",\"description\":\"Ruban phosphorescent BoldGloGardez vos travailleurs et votre installation en s\u00e9curit\u00e9 en cas de panne de courant et dans des conditions de faible luminosit\u00e9 avec un approvisionnement lumineux.\",\"breadcrumb\":{\"@id\":\"https:\/\/d-identify.be\/fr\/produit\/ruban-phosphorescent-boldglo\/#breadcrumb\"},\"inLanguage\":\"fr-FR\",\"potentialAction\":[{\"@type\":\"ReadAction\",\"target\":[\"https:\/\/d-identify.be\/fr\/produit\/ruban-phosphorescent-boldglo\/\"]}]},{\"@type\":\"ImageObject\",\"inLanguage\":\"fr-FR\",\"@id\":\"https:\/\/d-identify.be\/fr\/produit\/ruban-phosphorescent-boldglo\/#primaryimage\",\"url\":\"https:\/\/d-identify.be\/wp-content\/uploads\/2021\/07\/K4-250.png\",\"contentUrl\":\"https:\/\/d-identify.be\/wp-content\/uploads\/2021\/07\/K4-250.png\",\"width\":400,\"height\":400,\"caption\":\"BoldGlo Phosphorescent Tape\"},{\"@type\":\"BreadcrumbList\",\"@id\":\"https:\/\/d-identify.be\/fr\/produit\/ruban-phosphorescent-boldglo\/#breadcrumb\",\"itemListElement\":[{\"@type\":\"ListItem\",\"position\":1,\"name\":\"Home\",\"item\":\"https:\/\/d-identify.be\/fr\/home-2\/\"},{\"@type\":\"ListItem\",\"position\":2,\"name\":\"Boutique\",\"item\":\"https:\/\/d-identify.be\/fr\/boutique\/\"},{\"@type\":\"ListItem\",\"position\":3,\"name\":\"Ruban phosphorescent BoldGlo\"}]},{\"@type\":\"WebSite\",\"@id\":\"https:\/\/d-identify.be\/fr\/#website\",\"url\":\"https:\/\/d-identify.be\/fr\/\",\"name\":\"d-identify\",\"description\":\"Industrial identification - Lockout - Tagout - Floor marking\",\"potentialAction\":[{\"@type\":\"SearchAction\",\"target\":{\"@type\":\"EntryPoint\",\"urlTemplate\":\"https:\/\/d-identify.be\/fr\/?s={search_term_string}\"},\"query-input\":{\"@type\":\"PropertyValueSpecification\",\"valueRequired\":true,\"valueName\":\"search_term_string\"}}],\"inLanguage\":\"fr-FR\"}]}<\/script>\n<!-- \/ Yoast SEO Premium plugin. -->","yoast_head_json":{"title":"Ruban phosphorescent BoldGlo","description":"Ruban phosphorescent BoldGloGardez vos travailleurs et votre installation en s\u00e9curit\u00e9 en cas de panne de courant et dans des conditions de faible luminosit\u00e9 avec un approvisionnement lumineux.","robots":{"index":"index","follow":"follow","max-snippet":"max-snippet:-1","max-image-preview":"max-image-preview:large","max-video-preview":"max-video-preview:-1"},"canonical":"https:\/\/d-identify.be\/fr\/produit\/ruban-phosphorescent-boldglo\/","og_locale":"fr_FR","og_type":"article","og_title":"Ruban phosphorescent BoldGlo","og_description":"Ruban phosphorescent BoldGloGardez vos travailleurs et votre installation en s\u00e9curit\u00e9 en cas de panne de courant et dans des conditions de faible luminosit\u00e9 avec un approvisionnement lumineux.","og_url":"https:\/\/d-identify.be\/fr\/produit\/ruban-phosphorescent-boldglo\/","og_site_name":"d-identify","article_modified_time":"2024-04-24T11:45:18+00:00","og_image":[{"width":400,"height":400,"url":"https:\/\/d-identify.be\/wp-content\/uploads\/2021\/07\/K4-250.png","type":"image\/png"}],"twitter_card":"summary_large_image","schema":{"@context":"https:\/\/schema.org","@graph":[{"@type":"WebPage","@id":"https:\/\/d-identify.be\/fr\/produit\/ruban-phosphorescent-boldglo\/","url":"https:\/\/d-identify.be\/fr\/produit\/ruban-phosphorescent-boldglo\/","name":"Ruban phosphorescent BoldGlo","isPartOf":{"@id":"https:\/\/d-identify.be\/fr\/#website"},"primaryImageOfPage":{"@id":"https:\/\/d-identify.be\/fr\/produit\/ruban-phosphorescent-boldglo\/#primaryimage"},"image":{"@id":"https:\/\/d-identify.be\/fr\/produit\/ruban-phosphorescent-boldglo\/#primaryimage"},"thumbnailUrl":"https:\/\/d-identify.be\/wp-content\/uploads\/2021\/07\/K4-250.png","datePublished":"2021-07-26T10:38:42+00:00","dateModified":"2024-04-24T11:45:18+00:00","description":"Ruban phosphorescent BoldGloGardez vos travailleurs et votre installation en s\u00e9curit\u00e9 en cas de panne de courant et dans des conditions de faible luminosit\u00e9 avec un approvisionnement lumineux.","breadcrumb":{"@id":"https:\/\/d-identify.be\/fr\/produit\/ruban-phosphorescent-boldglo\/#breadcrumb"},"inLanguage":"fr-FR","potentialAction":[{"@type":"ReadAction","target":["https:\/\/d-identify.be\/fr\/produit\/ruban-phosphorescent-boldglo\/"]}]},{"@type":"ImageObject","inLanguage":"fr-FR","@id":"https:\/\/d-identify.be\/fr\/produit\/ruban-phosphorescent-boldglo\/#primaryimage","url":"https:\/\/d-identify.be\/wp-content\/uploads\/2021\/07\/K4-250.png","contentUrl":"https:\/\/d-identify.be\/wp-content\/uploads\/2021\/07\/K4-250.png","width":400,"height":400,"caption":"BoldGlo Phosphorescent Tape"},{"@type":"BreadcrumbList","@id":"https:\/\/d-identify.be\/fr\/produit\/ruban-phosphorescent-boldglo\/#breadcrumb","itemListElement":[{"@type":"ListItem","position":1,"name":"Home","item":"https:\/\/d-identify.be\/fr\/home-2\/"},{"@type":"ListItem","position":2,"name":"Boutique","item":"https:\/\/d-identify.be\/fr\/boutique\/"},{"@type":"ListItem","position":3,"name":"Ruban phosphorescent BoldGlo"}]},{"@type":"WebSite","@id":"https:\/\/d-identify.be\/fr\/#website","url":"https:\/\/d-identify.be\/fr\/","name":"d-identify","description":"Industrial identification - Lockout - Tagout - Floor marking","potentialAction":[{"@type":"SearchAction","target":{"@type":"EntryPoint","urlTemplate":"https:\/\/d-identify.be\/fr\/?s={search_term_string}"},"query-input":{"@type":"PropertyValueSpecification","valueRequired":true,"valueName":"search_term_string"}}],"inLanguage":"fr-FR"}]}},"_links":{"self":[{"href":"https:\/\/d-identify.be\/fr\/wp-json\/wp\/v2\/product\/21541","targetHints":{"allow":["GET"]}}],"collection":[{"href":"https:\/\/d-identify.be\/fr\/wp-json\/wp\/v2\/product"}],"about":[{"href":"https:\/\/d-identify.be\/fr\/wp-json\/wp\/v2\/types\/product"}],"replies":[{"embeddable":true,"href":"https:\/\/d-identify.be\/fr\/wp-json\/wp\/v2\/comments?post=21541"}],"wp:featuredmedia":[{"embeddable":true,"href":"https:\/\/d-identify.be\/fr\/wp-json\/wp\/v2\/media\/21542"}],"wp:attachment":[{"href":"https:\/\/d-identify.be\/fr\/wp-json\/wp\/v2\/media?parent=21541"}],"wp:term":[{"taxonomy":"product_brand","embeddable":true,"href":"https:\/\/d-identify.be\/fr\/wp-json\/wp\/v2\/product_brand?post=21541"},{"taxonomy":"product_cat","embeddable":true,"href":"https:\/\/d-identify.be\/fr\/wp-json\/wp\/v2\/product_cat?post=21541"},{"taxonomy":"product_tag","embeddable":true,"href":"https:\/\/d-identify.be\/fr\/wp-json\/wp\/v2\/product_tag?post=21541"},{"taxonomy":"pa_connextion-shapes","embeddable":true,"href":"https:\/\/d-identify.be\/fr\/wp-json\/wp\/v2\/pa_connextion-shapes?post=21541"}],"curies":[{"name":"wp","href":"https:\/\/api.w.org\/{rel}","templated":true}]}}