{"id":21526,"date":"2021-07-26T12:38:44","date_gmt":"2021-07-26T10:38:44","guid":{"rendered":"https:\/\/d-identify.be\/product\/etiquettes-de-faisceau-de-cables-gaine\/"},"modified":"2021-07-26T12:38:44","modified_gmt":"2021-07-26T10:38:44","slug":"etiquettes-de-faisceau-de-cables-gaine","status":"publish","type":"product","link":"https:\/\/d-identify.be\/fr\/produit\/etiquettes-de-faisceau-de-cables-gaine\/","title":{"rendered":"\u00c9tiquettes de faisceau de c\u00e2bles\/gaine"},"content":{"rendered":"<ul>\n<li><strong>Conception pr\u00e9-d\u00e9coup\u00e9e:<\/strong> les \u00e9tiquettes sont pr\u00e9-d\u00e9coup\u00e9es sur un rouleau pour les rendre faciles \u00e0 retirer et \u00e0 installer.<\/li>\n<li><strong>Feuille de plastique en polyol\u00e9fine :<\/strong> ce mat\u00e9riau r\u00e9sistant aux d\u00e9chirures est extr\u00eamement durable avec une r\u00e9sistance \u00e9lev\u00e9e \u00e0 la traction pour r\u00e9sister aux dommages dus aux d\u00e9chirures.<\/li>\n<li><strong>\u00c9tanche : <\/strong> le mat\u00e9riau plastique r\u00e9siste aux dommages caus\u00e9s par l&rsquo;humidit\u00e9 et les produits chimiques.<\/li>\n<li><strong>Toile vierge:<\/strong> les \u00e9tiquettes vierges vous permettent de personnaliser les messages des \u00e9tiquettes selon vos besoins.<\/li>\n<\/ul>\n<p>&nbsp;<\/p>\n","protected":false},"excerpt":{"rendered":"<p>Ce support d&rsquo;\u00e9tiquettes est parfait pour \u00e9tiqueter l&rsquo;\u00e9quipement avec de petits diam\u00e8tres jusqu&rsquo;\u00e0 0,5 pouce. Il est hautement r\u00e9sistant aux d\u00e9chirures pour maintenir les \u00e9tiquettes intactes dans une vari\u00e9t\u00e9 de conditions de travail.  Personnalisez les messages pour \u00e9tiqueter les conduits, les tubes et regrouper les c\u00e2bles ou les fils.<\/p>\n","protected":false},"featured_media":21527,"comment_status":"open","ping_status":"closed","template":"","meta":{"_acf_changed":false,"_et_pb_use_builder":"","_et_pb_old_content":"","_et_gb_content_width":""},"product_brand":[],"product_cat":[2611],"product_tag":[928],"pa_connextion-shapes":[],"class_list":{"0":"post-21526","1":"product","2":"type-product","3":"status-publish","4":"has-post-thumbnail","6":"product_cat-consommables-duralabel-toro-bronco","7":"product_tag-duralabel-fr","9":"first","10":"instock","11":"taxable","12":"shipping-taxable","13":"purchasable","14":"product-type-variable"},"exclude_global_add_ons":[],"addons":[],"acf":[],"yoast_head":"<!-- This site is optimized with the Yoast SEO Premium plugin v27.0 (Yoast SEO v27.1) - https:\/\/yoast.com\/product\/yoast-seo-premium-wordpress\/ -->\n<title>\u00c9tiquettes de faisceau de c\u00e2bles\/gaine<\/title>\n<meta name=\"description\" content=\"Ce support d&#039;\u00e9tiquettes est parfait pour \u00e9tiqueter l&#039;\u00e9quipement avec de petits diam\u00e8tres jusqu&#039;\u00e0 0,5 pouce. Il est hautement r\u00e9sistant aux d\u00e9chirures pour maintenir les \u00e9tiquettes...\" \/>\n<meta name=\"robots\" content=\"index, follow, max-snippet:-1, max-image-preview:large, max-video-preview:-1\" \/>\n<link rel=\"canonical\" href=\"https:\/\/d-identify.be\/fr\/produit\/etiquettes-de-faisceau-de-cables-gaine\/\" \/>\n<meta property=\"og:locale\" content=\"fr_FR\" \/>\n<meta property=\"og:type\" content=\"article\" \/>\n<meta property=\"og:title\" content=\"\u00c9tiquettes de faisceau de c\u00e2bles\/gaine\" \/>\n<meta property=\"og:description\" content=\"Ce support d&#039;\u00e9tiquettes est parfait pour \u00e9tiqueter l&#039;\u00e9quipement avec de petits diam\u00e8tres jusqu&#039;\u00e0 0,5 pouce. Il est hautement r\u00e9sistant aux d\u00e9chirures pour maintenir les \u00e9tiquettes...\" \/>\n<meta property=\"og:url\" content=\"https:\/\/d-identify.be\/fr\/produit\/etiquettes-de-faisceau-de-cables-gaine\/\" \/>\n<meta property=\"og:site_name\" content=\"d-identify\" \/>\n<meta property=\"og:image\" content=\"https:\/\/d-identify.be\/wp-content\/uploads\/2021\/07\/T0103-1DT.png\" \/>\n\t<meta property=\"og:image:width\" content=\"400\" \/>\n\t<meta property=\"og:image:height\" content=\"400\" \/>\n\t<meta property=\"og:image:type\" content=\"image\/png\" \/>\n<meta name=\"twitter:card\" content=\"summary_large_image\" \/>\n<script type=\"application\/ld+json\" class=\"yoast-schema-graph\">{\"@context\":\"https:\/\/schema.org\",\"@graph\":[{\"@type\":\"WebPage\",\"@id\":\"https:\/\/d-identify.be\/fr\/produit\/etiquettes-de-faisceau-de-cables-gaine\/\",\"url\":\"https:\/\/d-identify.be\/fr\/produit\/etiquettes-de-faisceau-de-cables-gaine\/\",\"name\":\"\u00c9tiquettes de faisceau de c\u00e2bles\/gaine\",\"isPartOf\":{\"@id\":\"https:\/\/d-identify.be\/fr\/#website\"},\"primaryImageOfPage\":{\"@id\":\"https:\/\/d-identify.be\/fr\/produit\/etiquettes-de-faisceau-de-cables-gaine\/#primaryimage\"},\"image\":{\"@id\":\"https:\/\/d-identify.be\/fr\/produit\/etiquettes-de-faisceau-de-cables-gaine\/#primaryimage\"},\"thumbnailUrl\":\"https:\/\/d-identify.be\/wp-content\/uploads\/2021\/07\/T0103-1DT.png\",\"datePublished\":\"2021-07-26T10:38:44+00:00\",\"description\":\"Ce support d'\u00e9tiquettes est parfait pour \u00e9tiqueter l'\u00e9quipement avec de petits diam\u00e8tres jusqu'\u00e0 0,5 pouce. Il est hautement r\u00e9sistant aux d\u00e9chirures pour maintenir les \u00e9tiquettes...\",\"breadcrumb\":{\"@id\":\"https:\/\/d-identify.be\/fr\/produit\/etiquettes-de-faisceau-de-cables-gaine\/#breadcrumb\"},\"inLanguage\":\"fr-FR\",\"potentialAction\":[{\"@type\":\"ReadAction\",\"target\":[\"https:\/\/d-identify.be\/fr\/produit\/etiquettes-de-faisceau-de-cables-gaine\/\"]}]},{\"@type\":\"ImageObject\",\"inLanguage\":\"fr-FR\",\"@id\":\"https:\/\/d-identify.be\/fr\/produit\/etiquettes-de-faisceau-de-cables-gaine\/#primaryimage\",\"url\":\"https:\/\/d-identify.be\/wp-content\/uploads\/2021\/07\/T0103-1DT.png\",\"contentUrl\":\"https:\/\/d-identify.be\/wp-content\/uploads\/2021\/07\/T0103-1DT.png\",\"width\":400,\"height\":400,\"caption\":\"Cable bundle\/Conduit tags\"},{\"@type\":\"BreadcrumbList\",\"@id\":\"https:\/\/d-identify.be\/fr\/produit\/etiquettes-de-faisceau-de-cables-gaine\/#breadcrumb\",\"itemListElement\":[{\"@type\":\"ListItem\",\"position\":1,\"name\":\"Home\",\"item\":\"https:\/\/d-identify.be\/fr\/home-2\/\"},{\"@type\":\"ListItem\",\"position\":2,\"name\":\"Boutique\",\"item\":\"https:\/\/d-identify.be\/fr\/boutique\/\"},{\"@type\":\"ListItem\",\"position\":3,\"name\":\"\u00c9tiquettes de faisceau de c\u00e2bles\/gaine\"}]},{\"@type\":\"WebSite\",\"@id\":\"https:\/\/d-identify.be\/fr\/#website\",\"url\":\"https:\/\/d-identify.be\/fr\/\",\"name\":\"d-identify\",\"description\":\"Industrial identification - Lockout - Tagout - Floor marking\",\"potentialAction\":[{\"@type\":\"SearchAction\",\"target\":{\"@type\":\"EntryPoint\",\"urlTemplate\":\"https:\/\/d-identify.be\/fr\/?s={search_term_string}\"},\"query-input\":{\"@type\":\"PropertyValueSpecification\",\"valueRequired\":true,\"valueName\":\"search_term_string\"}}],\"inLanguage\":\"fr-FR\"}]}<\/script>\n<!-- \/ Yoast SEO Premium plugin. -->","yoast_head_json":{"title":"\u00c9tiquettes de faisceau de c\u00e2bles\/gaine","description":"Ce support d'\u00e9tiquettes est parfait pour \u00e9tiqueter l'\u00e9quipement avec de petits diam\u00e8tres jusqu'\u00e0 0,5 pouce. Il est hautement r\u00e9sistant aux d\u00e9chirures pour maintenir les \u00e9tiquettes...","robots":{"index":"index","follow":"follow","max-snippet":"max-snippet:-1","max-image-preview":"max-image-preview:large","max-video-preview":"max-video-preview:-1"},"canonical":"https:\/\/d-identify.be\/fr\/produit\/etiquettes-de-faisceau-de-cables-gaine\/","og_locale":"fr_FR","og_type":"article","og_title":"\u00c9tiquettes de faisceau de c\u00e2bles\/gaine","og_description":"Ce support d'\u00e9tiquettes est parfait pour \u00e9tiqueter l'\u00e9quipement avec de petits diam\u00e8tres jusqu'\u00e0 0,5 pouce. Il est hautement r\u00e9sistant aux d\u00e9chirures pour maintenir les \u00e9tiquettes...","og_url":"https:\/\/d-identify.be\/fr\/produit\/etiquettes-de-faisceau-de-cables-gaine\/","og_site_name":"d-identify","og_image":[{"width":400,"height":400,"url":"https:\/\/d-identify.be\/wp-content\/uploads\/2021\/07\/T0103-1DT.png","type":"image\/png"}],"twitter_card":"summary_large_image","schema":{"@context":"https:\/\/schema.org","@graph":[{"@type":"WebPage","@id":"https:\/\/d-identify.be\/fr\/produit\/etiquettes-de-faisceau-de-cables-gaine\/","url":"https:\/\/d-identify.be\/fr\/produit\/etiquettes-de-faisceau-de-cables-gaine\/","name":"\u00c9tiquettes de faisceau de c\u00e2bles\/gaine","isPartOf":{"@id":"https:\/\/d-identify.be\/fr\/#website"},"primaryImageOfPage":{"@id":"https:\/\/d-identify.be\/fr\/produit\/etiquettes-de-faisceau-de-cables-gaine\/#primaryimage"},"image":{"@id":"https:\/\/d-identify.be\/fr\/produit\/etiquettes-de-faisceau-de-cables-gaine\/#primaryimage"},"thumbnailUrl":"https:\/\/d-identify.be\/wp-content\/uploads\/2021\/07\/T0103-1DT.png","datePublished":"2021-07-26T10:38:44+00:00","description":"Ce support d'\u00e9tiquettes est parfait pour \u00e9tiqueter l'\u00e9quipement avec de petits diam\u00e8tres jusqu'\u00e0 0,5 pouce. Il est hautement r\u00e9sistant aux d\u00e9chirures pour maintenir les \u00e9tiquettes...","breadcrumb":{"@id":"https:\/\/d-identify.be\/fr\/produit\/etiquettes-de-faisceau-de-cables-gaine\/#breadcrumb"},"inLanguage":"fr-FR","potentialAction":[{"@type":"ReadAction","target":["https:\/\/d-identify.be\/fr\/produit\/etiquettes-de-faisceau-de-cables-gaine\/"]}]},{"@type":"ImageObject","inLanguage":"fr-FR","@id":"https:\/\/d-identify.be\/fr\/produit\/etiquettes-de-faisceau-de-cables-gaine\/#primaryimage","url":"https:\/\/d-identify.be\/wp-content\/uploads\/2021\/07\/T0103-1DT.png","contentUrl":"https:\/\/d-identify.be\/wp-content\/uploads\/2021\/07\/T0103-1DT.png","width":400,"height":400,"caption":"Cable bundle\/Conduit tags"},{"@type":"BreadcrumbList","@id":"https:\/\/d-identify.be\/fr\/produit\/etiquettes-de-faisceau-de-cables-gaine\/#breadcrumb","itemListElement":[{"@type":"ListItem","position":1,"name":"Home","item":"https:\/\/d-identify.be\/fr\/home-2\/"},{"@type":"ListItem","position":2,"name":"Boutique","item":"https:\/\/d-identify.be\/fr\/boutique\/"},{"@type":"ListItem","position":3,"name":"\u00c9tiquettes de faisceau de c\u00e2bles\/gaine"}]},{"@type":"WebSite","@id":"https:\/\/d-identify.be\/fr\/#website","url":"https:\/\/d-identify.be\/fr\/","name":"d-identify","description":"Industrial identification - Lockout - Tagout - Floor marking","potentialAction":[{"@type":"SearchAction","target":{"@type":"EntryPoint","urlTemplate":"https:\/\/d-identify.be\/fr\/?s={search_term_string}"},"query-input":{"@type":"PropertyValueSpecification","valueRequired":true,"valueName":"search_term_string"}}],"inLanguage":"fr-FR"}]}},"_links":{"self":[{"href":"https:\/\/d-identify.be\/fr\/wp-json\/wp\/v2\/product\/21526","targetHints":{"allow":["GET"]}}],"collection":[{"href":"https:\/\/d-identify.be\/fr\/wp-json\/wp\/v2\/product"}],"about":[{"href":"https:\/\/d-identify.be\/fr\/wp-json\/wp\/v2\/types\/product"}],"replies":[{"embeddable":true,"href":"https:\/\/d-identify.be\/fr\/wp-json\/wp\/v2\/comments?post=21526"}],"wp:featuredmedia":[{"embeddable":true,"href":"https:\/\/d-identify.be\/fr\/wp-json\/wp\/v2\/media\/21527"}],"wp:attachment":[{"href":"https:\/\/d-identify.be\/fr\/wp-json\/wp\/v2\/media?parent=21526"}],"wp:term":[{"taxonomy":"product_brand","embeddable":true,"href":"https:\/\/d-identify.be\/fr\/wp-json\/wp\/v2\/product_brand?post=21526"},{"taxonomy":"product_cat","embeddable":true,"href":"https:\/\/d-identify.be\/fr\/wp-json\/wp\/v2\/product_cat?post=21526"},{"taxonomy":"product_tag","embeddable":true,"href":"https:\/\/d-identify.be\/fr\/wp-json\/wp\/v2\/product_tag?post=21526"},{"taxonomy":"pa_connextion-shapes","embeddable":true,"href":"https:\/\/d-identify.be\/fr\/wp-json\/wp\/v2\/pa_connextion-shapes?post=21526"}],"curies":[{"name":"wp","href":"https:\/\/api.w.org\/{rel}","templated":true}]}}