{"id":21176,"date":"2021-07-26T12:39:03","date_gmt":"2021-07-26T10:39:03","guid":{"rendered":"https:\/\/d-identify.be\/product\/dlp300-etiquettes-de-securite-et-darc-flash\/"},"modified":"2021-07-26T12:39:03","modified_gmt":"2021-07-26T10:39:03","slug":"dlp300-etiquettes-de-securite-et-darc-flash","status":"publish","type":"product","link":"https:\/\/d-identify.be\/fr\/produit\/dlp300-etiquettes-de-securite-et-darc-flash\/","title":{"rendered":"DLP300 \u00c9tiquettes de s\u00e9curit\u00e9 et d&rsquo;arc-flash"},"content":{"rendered":"<p>Les emplacements ext\u00e9rieurs pr\u00e9sentent de nombreux risques pour la s\u00e9curit\u00e9 et des dangers d&rsquo;arc flash. \u00c9tiquetez correctement ces zones avec une \u00e9tiquette de sant\u00e9 et s\u00e9curit\u00e9 ext\u00e9rieure de DuraLabel. Plus r\u00e9sistantes que vos \u00e9tiquettes ordinaires, celles-ci sont test\u00e9es pour survivre en ext\u00e9rieur jusqu&rsquo;\u00e0 cinq ans, r\u00e9sistant aux produits chimiques, \u00e0 l&rsquo;eau et aux rayons UV. Fabriqu\u00e9es en vinyle brillant d\u00e9coup\u00e9 avec des coins arrondis pour une impression rapide, un retrait facile et une protection suppl\u00e9mentaire contre la p\u00e9n\u00e9tration de l&rsquo;humidit\u00e9.   <\/p>\n","protected":false},"excerpt":{"rendered":"<p>Les emplacements ext\u00e9rieurs pr\u00e9sentent de nombreux risques pour la s\u00e9curit\u00e9 et des dangers d&rsquo;arc flash. \u00c9tiquetez correctement ces zones avec une \u00e9tiquette de sant\u00e9 et s\u00e9curit\u00e9 ext\u00e9rieure de DuraLabel. Plus r\u00e9sistantes que vos \u00e9tiquettes ordinaires, celles-ci sont test\u00e9es pour survivre en ext\u00e9rieur jusqu&rsquo;\u00e0 cinq ans, r\u00e9sistant aux produits chimiques, \u00e0 l&rsquo;eau et aux rayons UV.  <\/p>\n","protected":false},"featured_media":25643,"comment_status":"open","ping_status":"closed","template":"","meta":{"_acf_changed":false,"_et_pb_use_builder":"","_et_pb_old_content":"","_et_gb_content_width":""},"product_brand":[],"product_cat":[2615],"product_tag":[928],"pa_connextion-shapes":[],"class_list":{"0":"post-21176","1":"product","2":"type-product","3":"status-publish","4":"has-post-thumbnail","6":"product_cat-duralabel-legacy-tapes-consommables-dlp300-dl9000","7":"product_tag-duralabel-fr","9":"first","10":"instock","11":"taxable","12":"shipping-taxable","13":"purchasable","14":"product-type-variable","15":"has-default-attributes"},"exclude_global_add_ons":[],"addons":[],"acf":[],"yoast_head":"<!-- This site is optimized with the Yoast SEO Premium plugin v27.0 (Yoast SEO v27.1) - https:\/\/yoast.com\/product\/yoast-seo-premium-wordpress\/ -->\n<title>DLP300 \u00c9tiquettes de s\u00e9curit\u00e9 et d&#039;arc-flash<\/title>\n<meta name=\"description\" content=\"Les emplacements ext\u00e9rieurs pr\u00e9sentent de nombreux risques pour la s\u00e9curit\u00e9 et des dangers d&#039;arc flash. \u00c9tiquetez correctement ces zones avec une \u00e9tiquette de sant\u00e9 et de s\u00e9curit\u00e9 ext\u00e9rieure...\" \/>\n<meta name=\"robots\" content=\"index, follow, max-snippet:-1, max-image-preview:large, max-video-preview:-1\" \/>\n<link rel=\"canonical\" href=\"https:\/\/d-identify.be\/fr\/produit\/dlp300-etiquettes-de-securite-et-darc-flash\/\" \/>\n<meta property=\"og:locale\" content=\"fr_FR\" \/>\n<meta property=\"og:type\" content=\"article\" \/>\n<meta property=\"og:title\" content=\"DLP300 \u00c9tiquettes de s\u00e9curit\u00e9 et d&#039;arc-flash\" \/>\n<meta property=\"og:description\" content=\"Les emplacements ext\u00e9rieurs pr\u00e9sentent de nombreux risques pour la s\u00e9curit\u00e9 et des dangers d&#039;arc flash. \u00c9tiquetez correctement ces zones avec une \u00e9tiquette de sant\u00e9 et de s\u00e9curit\u00e9 ext\u00e9rieure...\" \/>\n<meta property=\"og:url\" content=\"https:\/\/d-identify.be\/fr\/produit\/dlp300-etiquettes-de-securite-et-darc-flash\/\" \/>\n<meta property=\"og:site_name\" content=\"d-identify\" \/>\n<meta property=\"og:image\" content=\"https:\/\/d-identify.be\/wp-content\/uploads\/2022\/09\/T0406-7O.png\" \/>\n\t<meta property=\"og:image:width\" content=\"398\" \/>\n\t<meta property=\"og:image:height\" content=\"398\" \/>\n\t<meta property=\"og:image:type\" content=\"image\/png\" \/>\n<meta name=\"twitter:card\" content=\"summary_large_image\" \/>\n<script type=\"application\/ld+json\" class=\"yoast-schema-graph\">{\"@context\":\"https:\/\/schema.org\",\"@graph\":[{\"@type\":\"WebPage\",\"@id\":\"https:\/\/d-identify.be\/fr\/produit\/dlp300-etiquettes-de-securite-et-darc-flash\/\",\"url\":\"https:\/\/d-identify.be\/fr\/produit\/dlp300-etiquettes-de-securite-et-darc-flash\/\",\"name\":\"DLP300 \u00c9tiquettes de s\u00e9curit\u00e9 et d'arc-flash\",\"isPartOf\":{\"@id\":\"https:\/\/d-identify.be\/fr\/#website\"},\"primaryImageOfPage\":{\"@id\":\"https:\/\/d-identify.be\/fr\/produit\/dlp300-etiquettes-de-securite-et-darc-flash\/#primaryimage\"},\"image\":{\"@id\":\"https:\/\/d-identify.be\/fr\/produit\/dlp300-etiquettes-de-securite-et-darc-flash\/#primaryimage\"},\"thumbnailUrl\":\"https:\/\/d-identify.be\/wp-content\/uploads\/2022\/09\/T0406-7O.png\",\"datePublished\":\"2021-07-26T10:39:03+00:00\",\"description\":\"Les emplacements ext\u00e9rieurs pr\u00e9sentent de nombreux risques pour la s\u00e9curit\u00e9 et des dangers d'arc flash. \u00c9tiquetez correctement ces zones avec une \u00e9tiquette de sant\u00e9 et de s\u00e9curit\u00e9 ext\u00e9rieure...\",\"breadcrumb\":{\"@id\":\"https:\/\/d-identify.be\/fr\/produit\/dlp300-etiquettes-de-securite-et-darc-flash\/#breadcrumb\"},\"inLanguage\":\"fr-FR\",\"potentialAction\":[{\"@type\":\"ReadAction\",\"target\":[\"https:\/\/d-identify.be\/fr\/produit\/dlp300-etiquettes-de-securite-et-darc-flash\/\"]}]},{\"@type\":\"ImageObject\",\"inLanguage\":\"fr-FR\",\"@id\":\"https:\/\/d-identify.be\/fr\/produit\/dlp300-etiquettes-de-securite-et-darc-flash\/#primaryimage\",\"url\":\"https:\/\/d-identify.be\/wp-content\/uploads\/2022\/09\/T0406-7O.png\",\"contentUrl\":\"https:\/\/d-identify.be\/wp-content\/uploads\/2022\/09\/T0406-7O.png\",\"width\":398,\"height\":398},{\"@type\":\"BreadcrumbList\",\"@id\":\"https:\/\/d-identify.be\/fr\/produit\/dlp300-etiquettes-de-securite-et-darc-flash\/#breadcrumb\",\"itemListElement\":[{\"@type\":\"ListItem\",\"position\":1,\"name\":\"Home\",\"item\":\"https:\/\/d-identify.be\/fr\/home-2\/\"},{\"@type\":\"ListItem\",\"position\":2,\"name\":\"Boutique\",\"item\":\"https:\/\/d-identify.be\/fr\/boutique\/\"},{\"@type\":\"ListItem\",\"position\":3,\"name\":\"DLP300 \u00c9tiquettes de s\u00e9curit\u00e9 et d&#8217;arc-flash\"}]},{\"@type\":\"WebSite\",\"@id\":\"https:\/\/d-identify.be\/fr\/#website\",\"url\":\"https:\/\/d-identify.be\/fr\/\",\"name\":\"d-identify\",\"description\":\"Industrial identification - Lockout - Tagout - Floor marking\",\"potentialAction\":[{\"@type\":\"SearchAction\",\"target\":{\"@type\":\"EntryPoint\",\"urlTemplate\":\"https:\/\/d-identify.be\/fr\/?s={search_term_string}\"},\"query-input\":{\"@type\":\"PropertyValueSpecification\",\"valueRequired\":true,\"valueName\":\"search_term_string\"}}],\"inLanguage\":\"fr-FR\"}]}<\/script>\n<!-- \/ Yoast SEO Premium plugin. -->","yoast_head_json":{"title":"DLP300 \u00c9tiquettes de s\u00e9curit\u00e9 et d'arc-flash","description":"Les emplacements ext\u00e9rieurs pr\u00e9sentent de nombreux risques pour la s\u00e9curit\u00e9 et des dangers d'arc flash. \u00c9tiquetez correctement ces zones avec une \u00e9tiquette de sant\u00e9 et de s\u00e9curit\u00e9 ext\u00e9rieure...","robots":{"index":"index","follow":"follow","max-snippet":"max-snippet:-1","max-image-preview":"max-image-preview:large","max-video-preview":"max-video-preview:-1"},"canonical":"https:\/\/d-identify.be\/fr\/produit\/dlp300-etiquettes-de-securite-et-darc-flash\/","og_locale":"fr_FR","og_type":"article","og_title":"DLP300 \u00c9tiquettes de s\u00e9curit\u00e9 et d'arc-flash","og_description":"Les emplacements ext\u00e9rieurs pr\u00e9sentent de nombreux risques pour la s\u00e9curit\u00e9 et des dangers d'arc flash. \u00c9tiquetez correctement ces zones avec une \u00e9tiquette de sant\u00e9 et de s\u00e9curit\u00e9 ext\u00e9rieure...","og_url":"https:\/\/d-identify.be\/fr\/produit\/dlp300-etiquettes-de-securite-et-darc-flash\/","og_site_name":"d-identify","og_image":[{"width":398,"height":398,"url":"https:\/\/d-identify.be\/wp-content\/uploads\/2022\/09\/T0406-7O.png","type":"image\/png"}],"twitter_card":"summary_large_image","schema":{"@context":"https:\/\/schema.org","@graph":[{"@type":"WebPage","@id":"https:\/\/d-identify.be\/fr\/produit\/dlp300-etiquettes-de-securite-et-darc-flash\/","url":"https:\/\/d-identify.be\/fr\/produit\/dlp300-etiquettes-de-securite-et-darc-flash\/","name":"DLP300 \u00c9tiquettes de s\u00e9curit\u00e9 et d'arc-flash","isPartOf":{"@id":"https:\/\/d-identify.be\/fr\/#website"},"primaryImageOfPage":{"@id":"https:\/\/d-identify.be\/fr\/produit\/dlp300-etiquettes-de-securite-et-darc-flash\/#primaryimage"},"image":{"@id":"https:\/\/d-identify.be\/fr\/produit\/dlp300-etiquettes-de-securite-et-darc-flash\/#primaryimage"},"thumbnailUrl":"https:\/\/d-identify.be\/wp-content\/uploads\/2022\/09\/T0406-7O.png","datePublished":"2021-07-26T10:39:03+00:00","description":"Les emplacements ext\u00e9rieurs pr\u00e9sentent de nombreux risques pour la s\u00e9curit\u00e9 et des dangers d'arc flash. \u00c9tiquetez correctement ces zones avec une \u00e9tiquette de sant\u00e9 et de s\u00e9curit\u00e9 ext\u00e9rieure...","breadcrumb":{"@id":"https:\/\/d-identify.be\/fr\/produit\/dlp300-etiquettes-de-securite-et-darc-flash\/#breadcrumb"},"inLanguage":"fr-FR","potentialAction":[{"@type":"ReadAction","target":["https:\/\/d-identify.be\/fr\/produit\/dlp300-etiquettes-de-securite-et-darc-flash\/"]}]},{"@type":"ImageObject","inLanguage":"fr-FR","@id":"https:\/\/d-identify.be\/fr\/produit\/dlp300-etiquettes-de-securite-et-darc-flash\/#primaryimage","url":"https:\/\/d-identify.be\/wp-content\/uploads\/2022\/09\/T0406-7O.png","contentUrl":"https:\/\/d-identify.be\/wp-content\/uploads\/2022\/09\/T0406-7O.png","width":398,"height":398},{"@type":"BreadcrumbList","@id":"https:\/\/d-identify.be\/fr\/produit\/dlp300-etiquettes-de-securite-et-darc-flash\/#breadcrumb","itemListElement":[{"@type":"ListItem","position":1,"name":"Home","item":"https:\/\/d-identify.be\/fr\/home-2\/"},{"@type":"ListItem","position":2,"name":"Boutique","item":"https:\/\/d-identify.be\/fr\/boutique\/"},{"@type":"ListItem","position":3,"name":"DLP300 \u00c9tiquettes de s\u00e9curit\u00e9 et d&#8217;arc-flash"}]},{"@type":"WebSite","@id":"https:\/\/d-identify.be\/fr\/#website","url":"https:\/\/d-identify.be\/fr\/","name":"d-identify","description":"Industrial identification - Lockout - Tagout - Floor marking","potentialAction":[{"@type":"SearchAction","target":{"@type":"EntryPoint","urlTemplate":"https:\/\/d-identify.be\/fr\/?s={search_term_string}"},"query-input":{"@type":"PropertyValueSpecification","valueRequired":true,"valueName":"search_term_string"}}],"inLanguage":"fr-FR"}]}},"_links":{"self":[{"href":"https:\/\/d-identify.be\/fr\/wp-json\/wp\/v2\/product\/21176","targetHints":{"allow":["GET"]}}],"collection":[{"href":"https:\/\/d-identify.be\/fr\/wp-json\/wp\/v2\/product"}],"about":[{"href":"https:\/\/d-identify.be\/fr\/wp-json\/wp\/v2\/types\/product"}],"replies":[{"embeddable":true,"href":"https:\/\/d-identify.be\/fr\/wp-json\/wp\/v2\/comments?post=21176"}],"wp:featuredmedia":[{"embeddable":true,"href":"https:\/\/d-identify.be\/fr\/wp-json\/wp\/v2\/media\/25643"}],"wp:attachment":[{"href":"https:\/\/d-identify.be\/fr\/wp-json\/wp\/v2\/media?parent=21176"}],"wp:term":[{"taxonomy":"product_brand","embeddable":true,"href":"https:\/\/d-identify.be\/fr\/wp-json\/wp\/v2\/product_brand?post=21176"},{"taxonomy":"product_cat","embeddable":true,"href":"https:\/\/d-identify.be\/fr\/wp-json\/wp\/v2\/product_cat?post=21176"},{"taxonomy":"product_tag","embeddable":true,"href":"https:\/\/d-identify.be\/fr\/wp-json\/wp\/v2\/product_tag?post=21176"},{"taxonomy":"pa_connextion-shapes","embeddable":true,"href":"https:\/\/d-identify.be\/fr\/wp-json\/wp\/v2\/pa_connextion-shapes?post=21176"}],"curies":[{"name":"wp","href":"https:\/\/api.w.org\/{rel}","templated":true}]}}