{"id":21088,"date":"2021-07-26T12:39:09","date_gmt":"2021-07-26T10:39:09","guid":{"rendered":"https:\/\/d-identify.be\/product\/duratag-loto-tags-2\/"},"modified":"2025-06-12T14:04:08","modified_gmt":"2025-06-12T12:04:08","slug":"duratag-loto-tags-2","status":"publish","type":"product","link":"https:\/\/d-identify.be\/fr\/produit\/duratag-loto-tags-2\/","title":{"rendered":"DuraTag\u2122 LOTO Tags"},"content":{"rendered":"<p>Avertissez le personnel des importantes proc\u00e9dures de verrouillage\/\u00e9tiquetage et des informations de s\u00e9curit\u00e9. Cette fourniture est pr\u00e9-imprim\u00e9e avec un en-t\u00eate \u00ab\u00a0DANGER\u00a0\u00bb&#8230; Il comporte un message de verrouillage\/\u00e9tiquetage, et un motif de bandes de s\u00e9curit\u00e9 rouge et blanche pour accro\u00eetre la sensibilisation. Il est id\u00e9al pour les \u00e9tiquettes de verrouillage\/\u00e9tiquetage d&rsquo;\u00e9quipement, les \u00e9tiquettes de maintenance, et plus encore.<\/p>\n","protected":false},"excerpt":{"rendered":"<p class=\"ai-optimize-17\">Avertissez le personnel des importantes proc\u00e9dures de verrouillage\/\u00e9tiquetage et des informations de s\u00e9curit\u00e9. Cette fourniture est pr\u00e9-imprim\u00e9e avec un en-t\u00eate \u00ab\u00a0DANGER\u00a0\u00bb, un message de verrouillage\/\u00e9tiquetage, et un motif de bandes de s\u00e9curit\u00e9 rouge et blanche pour accro\u00eetre la sensibilisation. Il est id\u00e9al pour les \u00e9tiquettes de verrouillage\/\u00e9tiquetage d&rsquo;\u00e9quipement, les \u00e9tiquettes de maintenance, et plus encore.<\/p>\n<p><strong>Caract\u00e9ristiques<\/strong><\/p>\n","protected":false},"featured_media":21089,"comment_status":"open","ping_status":"closed","template":"","meta":{"_acf_changed":false,"_et_pb_use_builder":"","_et_pb_old_content":"","_et_gb_content_width":""},"product_brand":[],"product_cat":[2611],"product_tag":[928],"pa_connextion-shapes":[],"class_list":{"0":"post-21088","1":"product","2":"type-product","3":"status-publish","4":"has-post-thumbnail","6":"product_cat-consommables-duralabel-toro-bronco","7":"product_tag-duralabel-fr","9":"first","10":"instock","11":"taxable","12":"shipping-taxable","13":"purchasable","14":"product-type-simple"},"exclude_global_add_ons":[],"addons":[],"acf":[],"yoast_head":"<!-- This site is optimized with the Yoast SEO Premium plugin v27.0 (Yoast SEO v27.1) - https:\/\/yoast.com\/product\/yoast-seo-premium-wordpress\/ -->\n<title>DuraTag LOTO Tags<\/title>\n<meta name=\"description\" content=\"Avertissez le personnel des importantes proc\u00e9dures de verrouillage\/\u00e9tiquetage et des informations de s\u00e9curit\u00e9. Cette fourniture est pr\u00e9-imprim\u00e9e avec un en-t\u00eate &quot;DANGER&quot;...\" \/>\n<meta name=\"robots\" content=\"index, follow, max-snippet:-1, max-image-preview:large, max-video-preview:-1\" \/>\n<link rel=\"canonical\" href=\"https:\/\/d-identify.be\/fr\/produit\/duratag-loto-tags-2\/\" \/>\n<meta property=\"og:locale\" content=\"fr_FR\" \/>\n<meta property=\"og:type\" content=\"article\" \/>\n<meta property=\"og:title\" content=\"DuraTag\u2122 LOTO Tags\" \/>\n<meta property=\"og:description\" content=\"Avertissez le personnel des importantes proc\u00e9dures de verrouillage\/\u00e9tiquetage et des informations de s\u00e9curit\u00e9. Cette fourniture est pr\u00e9-imprim\u00e9e avec un en-t\u00eate &quot;DANGER&quot;...\" \/>\n<meta property=\"og:url\" content=\"https:\/\/d-identify.be\/fr\/produit\/duratag-loto-tags-2\/\" \/>\n<meta property=\"og:site_name\" content=\"d-identify\" \/>\n<meta property=\"article:modified_time\" content=\"2025-06-12T12:04:08+00:00\" \/>\n<meta property=\"og:image\" content=\"https:\/\/d-identify.be\/wp-content\/uploads\/2021\/07\/80305-15.png\" \/>\n\t<meta property=\"og:image:width\" content=\"391\" \/>\n\t<meta property=\"og:image:height\" content=\"391\" \/>\n\t<meta property=\"og:image:type\" content=\"image\/png\" \/>\n<meta name=\"twitter:card\" content=\"summary_large_image\" \/>\n<script type=\"application\/ld+json\" class=\"yoast-schema-graph\">{\"@context\":\"https:\/\/schema.org\",\"@graph\":[{\"@type\":\"WebPage\",\"@id\":\"https:\/\/d-identify.be\/fr\/produit\/duratag-loto-tags-2\/\",\"url\":\"https:\/\/d-identify.be\/fr\/produit\/duratag-loto-tags-2\/\",\"name\":\"DuraTag LOTO Tags\",\"isPartOf\":{\"@id\":\"https:\/\/d-identify.be\/fr\/#website\"},\"primaryImageOfPage\":{\"@id\":\"https:\/\/d-identify.be\/fr\/produit\/duratag-loto-tags-2\/#primaryimage\"},\"image\":{\"@id\":\"https:\/\/d-identify.be\/fr\/produit\/duratag-loto-tags-2\/#primaryimage\"},\"thumbnailUrl\":\"https:\/\/d-identify.be\/wp-content\/uploads\/2021\/07\/80305-15.png\",\"datePublished\":\"2021-07-26T10:39:09+00:00\",\"dateModified\":\"2025-06-12T12:04:08+00:00\",\"description\":\"Avertissez le personnel des importantes proc\u00e9dures de verrouillage\/\u00e9tiquetage et des informations de s\u00e9curit\u00e9. Cette fourniture est pr\u00e9-imprim\u00e9e avec un en-t\u00eate \\\"DANGER\\\"...\",\"breadcrumb\":{\"@id\":\"https:\/\/d-identify.be\/fr\/produit\/duratag-loto-tags-2\/#breadcrumb\"},\"inLanguage\":\"fr-FR\",\"potentialAction\":[{\"@type\":\"ReadAction\",\"target\":[\"https:\/\/d-identify.be\/fr\/produit\/duratag-loto-tags-2\/\"]}]},{\"@type\":\"ImageObject\",\"inLanguage\":\"fr-FR\",\"@id\":\"https:\/\/d-identify.be\/fr\/produit\/duratag-loto-tags-2\/#primaryimage\",\"url\":\"https:\/\/d-identify.be\/wp-content\/uploads\/2021\/07\/80305-15.png\",\"contentUrl\":\"https:\/\/d-identify.be\/wp-content\/uploads\/2021\/07\/80305-15.png\",\"width\":391,\"height\":391,\"caption\":\"DuraTag\u2122 LOTO Tags\"},{\"@type\":\"BreadcrumbList\",\"@id\":\"https:\/\/d-identify.be\/fr\/produit\/duratag-loto-tags-2\/#breadcrumb\",\"itemListElement\":[{\"@type\":\"ListItem\",\"position\":1,\"name\":\"Home\",\"item\":\"https:\/\/d-identify.be\/fr\/home-2\/\"},{\"@type\":\"ListItem\",\"position\":2,\"name\":\"Boutique\",\"item\":\"https:\/\/d-identify.be\/fr\/boutique\/\"},{\"@type\":\"ListItem\",\"position\":3,\"name\":\"DuraTag\u2122 LOTO Tags\"}]},{\"@type\":\"WebSite\",\"@id\":\"https:\/\/d-identify.be\/fr\/#website\",\"url\":\"https:\/\/d-identify.be\/fr\/\",\"name\":\"d-identify\",\"description\":\"Industrial identification - Lockout - Tagout - Floor marking\",\"potentialAction\":[{\"@type\":\"SearchAction\",\"target\":{\"@type\":\"EntryPoint\",\"urlTemplate\":\"https:\/\/d-identify.be\/fr\/?s={search_term_string}\"},\"query-input\":{\"@type\":\"PropertyValueSpecification\",\"valueRequired\":true,\"valueName\":\"search_term_string\"}}],\"inLanguage\":\"fr-FR\"}]}<\/script>\n<!-- \/ Yoast SEO Premium plugin. -->","yoast_head_json":{"title":"DuraTag LOTO Tags","description":"Avertissez le personnel des importantes proc\u00e9dures de verrouillage\/\u00e9tiquetage et des informations de s\u00e9curit\u00e9. Cette fourniture est pr\u00e9-imprim\u00e9e avec un en-t\u00eate \"DANGER\"...","robots":{"index":"index","follow":"follow","max-snippet":"max-snippet:-1","max-image-preview":"max-image-preview:large","max-video-preview":"max-video-preview:-1"},"canonical":"https:\/\/d-identify.be\/fr\/produit\/duratag-loto-tags-2\/","og_locale":"fr_FR","og_type":"article","og_title":"DuraTag\u2122 LOTO Tags","og_description":"Avertissez le personnel des importantes proc\u00e9dures de verrouillage\/\u00e9tiquetage et des informations de s\u00e9curit\u00e9. Cette fourniture est pr\u00e9-imprim\u00e9e avec un en-t\u00eate \"DANGER\"...","og_url":"https:\/\/d-identify.be\/fr\/produit\/duratag-loto-tags-2\/","og_site_name":"d-identify","article_modified_time":"2025-06-12T12:04:08+00:00","og_image":[{"width":391,"height":391,"url":"https:\/\/d-identify.be\/wp-content\/uploads\/2021\/07\/80305-15.png","type":"image\/png"}],"twitter_card":"summary_large_image","schema":{"@context":"https:\/\/schema.org","@graph":[{"@type":"WebPage","@id":"https:\/\/d-identify.be\/fr\/produit\/duratag-loto-tags-2\/","url":"https:\/\/d-identify.be\/fr\/produit\/duratag-loto-tags-2\/","name":"DuraTag LOTO Tags","isPartOf":{"@id":"https:\/\/d-identify.be\/fr\/#website"},"primaryImageOfPage":{"@id":"https:\/\/d-identify.be\/fr\/produit\/duratag-loto-tags-2\/#primaryimage"},"image":{"@id":"https:\/\/d-identify.be\/fr\/produit\/duratag-loto-tags-2\/#primaryimage"},"thumbnailUrl":"https:\/\/d-identify.be\/wp-content\/uploads\/2021\/07\/80305-15.png","datePublished":"2021-07-26T10:39:09+00:00","dateModified":"2025-06-12T12:04:08+00:00","description":"Avertissez le personnel des importantes proc\u00e9dures de verrouillage\/\u00e9tiquetage et des informations de s\u00e9curit\u00e9. Cette fourniture est pr\u00e9-imprim\u00e9e avec un en-t\u00eate \"DANGER\"...","breadcrumb":{"@id":"https:\/\/d-identify.be\/fr\/produit\/duratag-loto-tags-2\/#breadcrumb"},"inLanguage":"fr-FR","potentialAction":[{"@type":"ReadAction","target":["https:\/\/d-identify.be\/fr\/produit\/duratag-loto-tags-2\/"]}]},{"@type":"ImageObject","inLanguage":"fr-FR","@id":"https:\/\/d-identify.be\/fr\/produit\/duratag-loto-tags-2\/#primaryimage","url":"https:\/\/d-identify.be\/wp-content\/uploads\/2021\/07\/80305-15.png","contentUrl":"https:\/\/d-identify.be\/wp-content\/uploads\/2021\/07\/80305-15.png","width":391,"height":391,"caption":"DuraTag\u2122 LOTO Tags"},{"@type":"BreadcrumbList","@id":"https:\/\/d-identify.be\/fr\/produit\/duratag-loto-tags-2\/#breadcrumb","itemListElement":[{"@type":"ListItem","position":1,"name":"Home","item":"https:\/\/d-identify.be\/fr\/home-2\/"},{"@type":"ListItem","position":2,"name":"Boutique","item":"https:\/\/d-identify.be\/fr\/boutique\/"},{"@type":"ListItem","position":3,"name":"DuraTag\u2122 LOTO Tags"}]},{"@type":"WebSite","@id":"https:\/\/d-identify.be\/fr\/#website","url":"https:\/\/d-identify.be\/fr\/","name":"d-identify","description":"Industrial identification - Lockout - Tagout - Floor marking","potentialAction":[{"@type":"SearchAction","target":{"@type":"EntryPoint","urlTemplate":"https:\/\/d-identify.be\/fr\/?s={search_term_string}"},"query-input":{"@type":"PropertyValueSpecification","valueRequired":true,"valueName":"search_term_string"}}],"inLanguage":"fr-FR"}]}},"_links":{"self":[{"href":"https:\/\/d-identify.be\/fr\/wp-json\/wp\/v2\/product\/21088","targetHints":{"allow":["GET"]}}],"collection":[{"href":"https:\/\/d-identify.be\/fr\/wp-json\/wp\/v2\/product"}],"about":[{"href":"https:\/\/d-identify.be\/fr\/wp-json\/wp\/v2\/types\/product"}],"replies":[{"embeddable":true,"href":"https:\/\/d-identify.be\/fr\/wp-json\/wp\/v2\/comments?post=21088"}],"wp:featuredmedia":[{"embeddable":true,"href":"https:\/\/d-identify.be\/fr\/wp-json\/wp\/v2\/media\/21089"}],"wp:attachment":[{"href":"https:\/\/d-identify.be\/fr\/wp-json\/wp\/v2\/media?parent=21088"}],"wp:term":[{"taxonomy":"product_brand","embeddable":true,"href":"https:\/\/d-identify.be\/fr\/wp-json\/wp\/v2\/product_brand?post=21088"},{"taxonomy":"product_cat","embeddable":true,"href":"https:\/\/d-identify.be\/fr\/wp-json\/wp\/v2\/product_cat?post=21088"},{"taxonomy":"product_tag","embeddable":true,"href":"https:\/\/d-identify.be\/fr\/wp-json\/wp\/v2\/product_tag?post=21088"},{"taxonomy":"pa_connextion-shapes","embeddable":true,"href":"https:\/\/d-identify.be\/fr\/wp-json\/wp\/v2\/pa_connextion-shapes?post=21088"}],"curies":[{"name":"wp","href":"https:\/\/api.w.org\/{rel}","templated":true}]}}