{"id":21051,"date":"2021-07-26T12:39:27","date_gmt":"2021-07-26T10:39:27","guid":{"rendered":"https:\/\/d-identify.be\/product\/etiquettes-ghs-bs5609\/"},"modified":"2026-01-26T14:19:33","modified_gmt":"2026-01-26T12:19:33","slug":"etiquettes-ghs-bs5609-toro-bronco-max","status":"publish","type":"product","link":"https:\/\/d-identify.be\/fr\/produit\/etiquettes-ghs-bs5609-toro-bronco-max\/","title":{"rendered":"\u00c9tiquettes GHS (BS5609) en Rouleau pour Imprimantes Toro Max &#038; Bronco Max"},"content":{"rendered":"<p data-start=\"412\" data-end=\"834\">Les <strong data-start=\"416\" data-end=\"441\">\u00e9tiquettes GHS BS5609<\/strong> aident \u00e0 identifier les produits chimiques de mani\u00e8re s\u00fbre et conforme dans les environnements industriels. Les \u00e9tiquettes sont fournies en rouleaux et comportent un \u00e0 quatre pictogrammes de danger GHS pr\u00e9imprim\u00e9s. Vous les utilisez avec les <strong data-start=\"684\" data-end=\"732\">imprimantes DuraLabel Toro Max et Bronco Max<\/strong>. Ainsi, vous pouvez \u00e9tiqueter les substances dangereuses rapidement et de fa\u00e7on coh\u00e9rente en interne.<\/p>\n<p data-start=\"836\" data-end=\"1210\">Les \u00e9tiquettes utilisent un <strong data-start=\"864\" data-end=\"907\">mat\u00e9riau d\u2019\u00e9tiquette r\u00e9sistant de 2 mil<\/strong> adapt\u00e9 aux conditions difficiles. Par cons\u00e9quent, elles r\u00e9sistent \u00e0 l\u2019humidit\u00e9, aux produits chimiques et \u00e0 l\u2019usure. De plus, elles supportent les UV et les \u00e9carts de temp\u00e9rature. Elles restent donc lisibles dans les entrep\u00f4ts, les zones de production, les laboratoires et les applications ext\u00e9rieures.<\/p>\n<p data-start=\"1212\" data-end=\"1568\">En outre, ces \u00e9tiquettes respectent les r\u00e8gles du Syst\u00e8me G\u00e9n\u00e9ral Harmonis\u00e9 pour la communication des dangers chimiques. Vous pouvez les appliquer sur des f\u00fbts chimiques, des contenants secondaires, des zones de stockage et des emballages d\u2019exp\u00e9dition. La certification BS5609 garantit \u00e9galement une bonne tenue lors du transport maritime et international.<\/p>\n<p data-start=\"1570\" data-end=\"1829\">Vous pouvez choisir les formats <strong data-start=\"1602\" data-end=\"1617\">75 \u00d7 115 mm<\/strong> ou <strong data-start=\"1621\" data-end=\"1637\">100 \u00d7 150 mm<\/strong>. Chaque format est disponible avec <strong data-start=\"1673\" data-end=\"1705\">1 \u00e0 4 pictogrammes de danger<\/strong>. Ainsi, vous identifiez correctement diff\u00e9rents produits et types d\u2019emballages avec les imprimantes Toro Max ou Bronco Max.<\/p>\n<p data-start=\"1831\" data-end=\"2094\">De nombreuses entreprises utilisent les <strong data-start=\"1871\" data-end=\"1896\">\u00e9tiquettes GHS BS5609<\/strong> pour le stockage chimique, la logistique et l\u2019exportation. C\u2019est pourquoi elles sont conformes aux exigences des <span class=\"hover:entity-accent entity-underline inline cursor-pointer align-baseline\"><span class=\"whitespace-normal\">United Nations<\/span><\/span> et de l\u2019<span class=\"hover:entity-accent entity-underline inline cursor-pointer align-baseline\"><span class=\"whitespace-normal\">European Union<\/span><\/span>.<\/p>\n<hr data-start=\"2096\" data-end=\"2099\" \/>\n<h3 data-start=\"2101\" data-end=\"2143\"><strong data-start=\"2105\" data-end=\"2143\">Solution compl\u00e8te d\u2019\u00e9tiquetage GHS<\/strong><\/h3>\n<p data-start=\"2145\" data-end=\"2426\">Ces \u00e9tiquettes GHS BS5609 sont \u00e9galement disponibles dans des kits de d\u00e9marrage complets. Les entreprises qui souhaitent commencer imm\u00e9diatement l\u2019\u00e9tiquetage GHS choisissent souvent le <strong data-start=\"2330\" data-end=\"2373\">Toro Max GHS Chemical Label Starter Kit<\/strong> ou le <strong data-start=\"2380\" data-end=\"2425\">Bronco Max GHS Chemical Label Starter Kit<\/strong>.<\/p>\n<p data-start=\"2428\" data-end=\"2728\">Chaque kit comprend une imprimante Toro Max ou Bronco Max compatible, un logiciel de cr\u00e9ation d\u2019\u00e9tiquettes, des \u00e9tiquettes GHS BS5609 et un ruban assorti. Ainsi, vous imprimez vos \u00e9tiquettes GHS enti\u00e8rement en interne et \u00e9vitez le recours \u00e0 des fournisseurs externes ou \u00e0 des \u00e9tiquettes pr\u00e9imprim\u00e9es.<\/p>\n","protected":false},"excerpt":{"rendered":"<p data-start=\"532\" data-end=\"740\">\u00c9tiquettes GHS BS5609 en rouleau avec 1 \u00e0 4 pictogrammes de danger pr\u00e9imprim\u00e9s. Mat\u00e9riau d\u2019\u00e9tiquette 2 mil r\u00e9sistant pour un \u00e9tiquetage chimique conforme avec les imprimantes DuraLabel Toro Max et Bronco Max.<\/p>\n","protected":false},"featured_media":21052,"comment_status":"open","ping_status":"closed","template":"","meta":{"_acf_changed":false,"_et_pb_use_builder":"","_et_pb_old_content":"","_et_gb_content_width":""},"product_brand":[],"product_cat":[2611],"product_tag":[928],"pa_connextion-shapes":[],"class_list":{"0":"post-21051","1":"product","2":"type-product","3":"status-publish","4":"has-post-thumbnail","6":"product_cat-consommables-duralabel-toro-bronco","7":"product_tag-duralabel-fr","9":"first","10":"instock","11":"taxable","12":"shipping-taxable","13":"purchasable","14":"product-type-variable","15":"has-default-attributes"},"exclude_global_add_ons":[],"addons":[],"acf":[],"yoast_head":"<!-- This site is optimized with the Yoast SEO Premium plugin v27.0 (Yoast SEO v27.1) - https:\/\/yoast.com\/product\/yoast-seo-premium-wordpress\/ -->\n<title>\u00c9tiquettes GHS BS5609 pour Imprimantes Toro Max &amp; Bronco Max<\/title>\n<meta name=\"description\" content=\"\u00c9tiquettes GHS BS5609 en rouleau pour imprimantes Toro Max et Bronco Max. Disponibles avec 1 \u00e0 4 pictogrammes pour un \u00e9tiquetage chimique conforme.\" \/>\n<meta name=\"robots\" content=\"index, follow, max-snippet:-1, max-image-preview:large, max-video-preview:-1\" \/>\n<link rel=\"canonical\" href=\"https:\/\/d-identify.be\/fr\/produit\/etiquettes-ghs-bs5609-toro-bronco-max\/\" \/>\n<meta property=\"og:locale\" content=\"fr_FR\" \/>\n<meta property=\"og:type\" content=\"article\" \/>\n<meta property=\"og:title\" content=\"\u00c9tiquettes GHS (BS5609) en Rouleau pour Imprimantes Toro Max &amp; Bronco Max\" \/>\n<meta property=\"og:description\" content=\"\u00c9tiquettes GHS BS5609 en rouleau pour imprimantes Toro Max et Bronco Max. Disponibles avec 1 \u00e0 4 pictogrammes pour un \u00e9tiquetage chimique conforme.\" \/>\n<meta property=\"og:url\" content=\"https:\/\/d-identify.be\/fr\/produit\/etiquettes-ghs-bs5609-toro-bronco-max\/\" \/>\n<meta property=\"og:site_name\" content=\"d-identify\" \/>\n<meta property=\"article:modified_time\" content=\"2026-01-26T12:19:33+00:00\" \/>\n<meta property=\"og:image\" content=\"https:\/\/d-identify.be\/wp-content\/uploads\/2021\/07\/804060M-1I.png\" \/>\n\t<meta property=\"og:image:width\" content=\"948\" \/>\n\t<meta property=\"og:image:height\" content=\"948\" \/>\n\t<meta property=\"og:image:type\" content=\"image\/png\" \/>\n<meta name=\"twitter:card\" content=\"summary_large_image\" \/>\n<meta name=\"twitter:label1\" content=\"Dur\u00e9e de lecture estim\u00e9e\" \/>\n\t<meta name=\"twitter:data1\" content=\"2 minutes\" \/>\n<script type=\"application\/ld+json\" class=\"yoast-schema-graph\">{\"@context\":\"https:\/\/schema.org\",\"@graph\":[{\"@type\":\"WebPage\",\"@id\":\"https:\/\/d-identify.be\/fr\/produit\/etiquettes-ghs-bs5609-toro-bronco-max\/\",\"url\":\"https:\/\/d-identify.be\/fr\/produit\/etiquettes-ghs-bs5609-toro-bronco-max\/\",\"name\":\"\u00c9tiquettes GHS BS5609 pour Imprimantes Toro Max & Bronco Max\",\"isPartOf\":{\"@id\":\"https:\/\/d-identify.be\/fr\/#website\"},\"primaryImageOfPage\":{\"@id\":\"https:\/\/d-identify.be\/fr\/produit\/etiquettes-ghs-bs5609-toro-bronco-max\/#primaryimage\"},\"image\":{\"@id\":\"https:\/\/d-identify.be\/fr\/produit\/etiquettes-ghs-bs5609-toro-bronco-max\/#primaryimage\"},\"thumbnailUrl\":\"https:\/\/d-identify.be\/wp-content\/uploads\/2021\/07\/804060M-1I.png\",\"datePublished\":\"2021-07-26T10:39:27+00:00\",\"dateModified\":\"2026-01-26T12:19:33+00:00\",\"description\":\"\u00c9tiquettes GHS BS5609 en rouleau pour imprimantes Toro Max et Bronco Max. Disponibles avec 1 \u00e0 4 pictogrammes pour un \u00e9tiquetage chimique conforme.\",\"breadcrumb\":{\"@id\":\"https:\/\/d-identify.be\/fr\/produit\/etiquettes-ghs-bs5609-toro-bronco-max\/#breadcrumb\"},\"inLanguage\":\"fr-FR\",\"potentialAction\":[{\"@type\":\"ReadAction\",\"target\":[\"https:\/\/d-identify.be\/fr\/produit\/etiquettes-ghs-bs5609-toro-bronco-max\/\"]}]},{\"@type\":\"ImageObject\",\"inLanguage\":\"fr-FR\",\"@id\":\"https:\/\/d-identify.be\/fr\/produit\/etiquettes-ghs-bs5609-toro-bronco-max\/#primaryimage\",\"url\":\"https:\/\/d-identify.be\/wp-content\/uploads\/2021\/07\/804060M-1I.png\",\"contentUrl\":\"https:\/\/d-identify.be\/wp-content\/uploads\/2021\/07\/804060M-1I.png\",\"width\":948,\"height\":948,\"caption\":\"\u00c9tiquettes GHS BS5609 pour Imprimantes Toro Max & Bronco Max\"},{\"@type\":\"BreadcrumbList\",\"@id\":\"https:\/\/d-identify.be\/fr\/produit\/etiquettes-ghs-bs5609-toro-bronco-max\/#breadcrumb\",\"itemListElement\":[{\"@type\":\"ListItem\",\"position\":1,\"name\":\"Home\",\"item\":\"https:\/\/d-identify.be\/fr\/home-2\/\"},{\"@type\":\"ListItem\",\"position\":2,\"name\":\"Boutique\",\"item\":\"https:\/\/d-identify.be\/fr\/boutique\/\"},{\"@type\":\"ListItem\",\"position\":3,\"name\":\"\u00c9tiquettes GHS (BS5609) en Rouleau pour Imprimantes Toro Max &#038; Bronco Max\"}]},{\"@type\":\"WebSite\",\"@id\":\"https:\/\/d-identify.be\/fr\/#website\",\"url\":\"https:\/\/d-identify.be\/fr\/\",\"name\":\"d-identify\",\"description\":\"Industrial identification - Lockout - Tagout - Floor marking\",\"potentialAction\":[{\"@type\":\"SearchAction\",\"target\":{\"@type\":\"EntryPoint\",\"urlTemplate\":\"https:\/\/d-identify.be\/fr\/?s={search_term_string}\"},\"query-input\":{\"@type\":\"PropertyValueSpecification\",\"valueRequired\":true,\"valueName\":\"search_term_string\"}}],\"inLanguage\":\"fr-FR\"}]}<\/script>\n<!-- \/ Yoast SEO Premium plugin. -->","yoast_head_json":{"title":"\u00c9tiquettes GHS BS5609 pour Imprimantes Toro Max & Bronco Max","description":"\u00c9tiquettes GHS BS5609 en rouleau pour imprimantes Toro Max et Bronco Max. Disponibles avec 1 \u00e0 4 pictogrammes pour un \u00e9tiquetage chimique conforme.","robots":{"index":"index","follow":"follow","max-snippet":"max-snippet:-1","max-image-preview":"max-image-preview:large","max-video-preview":"max-video-preview:-1"},"canonical":"https:\/\/d-identify.be\/fr\/produit\/etiquettes-ghs-bs5609-toro-bronco-max\/","og_locale":"fr_FR","og_type":"article","og_title":"\u00c9tiquettes GHS (BS5609) en Rouleau pour Imprimantes Toro Max & Bronco Max","og_description":"\u00c9tiquettes GHS BS5609 en rouleau pour imprimantes Toro Max et Bronco Max. Disponibles avec 1 \u00e0 4 pictogrammes pour un \u00e9tiquetage chimique conforme.","og_url":"https:\/\/d-identify.be\/fr\/produit\/etiquettes-ghs-bs5609-toro-bronco-max\/","og_site_name":"d-identify","article_modified_time":"2026-01-26T12:19:33+00:00","og_image":[{"width":948,"height":948,"url":"https:\/\/d-identify.be\/wp-content\/uploads\/2021\/07\/804060M-1I.png","type":"image\/png"}],"twitter_card":"summary_large_image","twitter_misc":{"Dur\u00e9e de lecture estim\u00e9e":"2 minutes"},"schema":{"@context":"https:\/\/schema.org","@graph":[{"@type":"WebPage","@id":"https:\/\/d-identify.be\/fr\/produit\/etiquettes-ghs-bs5609-toro-bronco-max\/","url":"https:\/\/d-identify.be\/fr\/produit\/etiquettes-ghs-bs5609-toro-bronco-max\/","name":"\u00c9tiquettes GHS BS5609 pour Imprimantes Toro Max & Bronco Max","isPartOf":{"@id":"https:\/\/d-identify.be\/fr\/#website"},"primaryImageOfPage":{"@id":"https:\/\/d-identify.be\/fr\/produit\/etiquettes-ghs-bs5609-toro-bronco-max\/#primaryimage"},"image":{"@id":"https:\/\/d-identify.be\/fr\/produit\/etiquettes-ghs-bs5609-toro-bronco-max\/#primaryimage"},"thumbnailUrl":"https:\/\/d-identify.be\/wp-content\/uploads\/2021\/07\/804060M-1I.png","datePublished":"2021-07-26T10:39:27+00:00","dateModified":"2026-01-26T12:19:33+00:00","description":"\u00c9tiquettes GHS BS5609 en rouleau pour imprimantes Toro Max et Bronco Max. Disponibles avec 1 \u00e0 4 pictogrammes pour un \u00e9tiquetage chimique conforme.","breadcrumb":{"@id":"https:\/\/d-identify.be\/fr\/produit\/etiquettes-ghs-bs5609-toro-bronco-max\/#breadcrumb"},"inLanguage":"fr-FR","potentialAction":[{"@type":"ReadAction","target":["https:\/\/d-identify.be\/fr\/produit\/etiquettes-ghs-bs5609-toro-bronco-max\/"]}]},{"@type":"ImageObject","inLanguage":"fr-FR","@id":"https:\/\/d-identify.be\/fr\/produit\/etiquettes-ghs-bs5609-toro-bronco-max\/#primaryimage","url":"https:\/\/d-identify.be\/wp-content\/uploads\/2021\/07\/804060M-1I.png","contentUrl":"https:\/\/d-identify.be\/wp-content\/uploads\/2021\/07\/804060M-1I.png","width":948,"height":948,"caption":"\u00c9tiquettes GHS BS5609 pour Imprimantes Toro Max & Bronco Max"},{"@type":"BreadcrumbList","@id":"https:\/\/d-identify.be\/fr\/produit\/etiquettes-ghs-bs5609-toro-bronco-max\/#breadcrumb","itemListElement":[{"@type":"ListItem","position":1,"name":"Home","item":"https:\/\/d-identify.be\/fr\/home-2\/"},{"@type":"ListItem","position":2,"name":"Boutique","item":"https:\/\/d-identify.be\/fr\/boutique\/"},{"@type":"ListItem","position":3,"name":"\u00c9tiquettes GHS (BS5609) en Rouleau pour Imprimantes Toro Max &#038; Bronco Max"}]},{"@type":"WebSite","@id":"https:\/\/d-identify.be\/fr\/#website","url":"https:\/\/d-identify.be\/fr\/","name":"d-identify","description":"Industrial identification - Lockout - Tagout - Floor marking","potentialAction":[{"@type":"SearchAction","target":{"@type":"EntryPoint","urlTemplate":"https:\/\/d-identify.be\/fr\/?s={search_term_string}"},"query-input":{"@type":"PropertyValueSpecification","valueRequired":true,"valueName":"search_term_string"}}],"inLanguage":"fr-FR"}]}},"_links":{"self":[{"href":"https:\/\/d-identify.be\/fr\/wp-json\/wp\/v2\/product\/21051","targetHints":{"allow":["GET"]}}],"collection":[{"href":"https:\/\/d-identify.be\/fr\/wp-json\/wp\/v2\/product"}],"about":[{"href":"https:\/\/d-identify.be\/fr\/wp-json\/wp\/v2\/types\/product"}],"replies":[{"embeddable":true,"href":"https:\/\/d-identify.be\/fr\/wp-json\/wp\/v2\/comments?post=21051"}],"wp:featuredmedia":[{"embeddable":true,"href":"https:\/\/d-identify.be\/fr\/wp-json\/wp\/v2\/media\/21052"}],"wp:attachment":[{"href":"https:\/\/d-identify.be\/fr\/wp-json\/wp\/v2\/media?parent=21051"}],"wp:term":[{"taxonomy":"product_brand","embeddable":true,"href":"https:\/\/d-identify.be\/fr\/wp-json\/wp\/v2\/product_brand?post=21051"},{"taxonomy":"product_cat","embeddable":true,"href":"https:\/\/d-identify.be\/fr\/wp-json\/wp\/v2\/product_cat?post=21051"},{"taxonomy":"product_tag","embeddable":true,"href":"https:\/\/d-identify.be\/fr\/wp-json\/wp\/v2\/product_tag?post=21051"},{"taxonomy":"pa_connextion-shapes","embeddable":true,"href":"https:\/\/d-identify.be\/fr\/wp-json\/wp\/v2\/pa_connextion-shapes?post=21051"}],"curies":[{"name":"wp","href":"https:\/\/api.w.org\/{rel}","templated":true}]}}