{"id":21022,"date":"2021-07-26T12:40:51","date_gmt":"2021-07-26T10:40:51","guid":{"rendered":"https:\/\/d-identify.be\/product\/etiquettes-darc-flash-et-de-sante-et-securite-en-exterieur\/"},"modified":"2021-07-26T12:40:51","modified_gmt":"2021-07-26T10:40:51","slug":"etiquettes-darc-flash-et-de-sante-et-securite-en-exterieur","status":"publish","type":"product","link":"https:\/\/d-identify.be\/fr\/produit\/etiquettes-darc-flash-et-de-sante-et-securite-en-exterieur\/","title":{"rendered":"\u00c9tiquettes d&rsquo;arc flash et de sant\u00e9 et s\u00e9curit\u00e9 en ext\u00e9rieur"},"content":{"rendered":"<p>Les emplacements ext\u00e9rieurs pr\u00e9sentent de nombreux risques pour la s\u00e9curit\u00e9 et des dangers d&rsquo;arc flash. \u00c9tiquetez correctement ces zones avec une \u00e9tiquette de sant\u00e9 et s\u00e9curit\u00e9 ext\u00e9rieure de DuraLabel. Plus r\u00e9sistantes que vos \u00e9tiquettes ordinaires, celles-ci sont test\u00e9es pour survivre en ext\u00e9rieur jusqu&rsquo;\u00e0 cinq ans, r\u00e9sistant aux produits chimiques, \u00e0 l&rsquo;eau et aux rayons UV. Vinyle brillant d\u00e9coup\u00e9 avec des coins arrondis pour une impression rapide, un retrait facile et une protection suppl\u00e9mentaire contre la p\u00e9n\u00e9tration de l&rsquo;humidit\u00e9. 100x150mm (200 \u00e9tiquettes\/rouleau)    <\/p>\n","protected":false},"excerpt":{"rendered":"<p>Ces \u00e9tiquettes ext\u00e9rieures peuvent \u00eatre utilis\u00e9es pour alerter les personnes sur des informations sp\u00e9cifiques \u00e0 votre installation. Cette fourniture d\u00e9coup\u00e9e propose une vari\u00e9t\u00e9 d&rsquo;en-t\u00eates OSHA\/ANSI, parfaites pour l&rsquo;\u00e9tiquetage de l&rsquo;arc flash et la s\u00e9curit\u00e9 g\u00e9n\u00e9rale en ext\u00e9rieur. Chargez les \u00e9tiquettes dans votre imprimante, saisissez votre message personnalis\u00e9, puis imprimez, d\u00e9collez et appliquez n&rsquo;importe o\u00f9.  <\/p>\n","protected":false},"featured_media":21023,"comment_status":"open","ping_status":"closed","template":"","meta":{"_acf_changed":false,"_et_pb_use_builder":"","_et_pb_old_content":"","_et_gb_content_width":""},"product_brand":[],"product_cat":[2611],"product_tag":[928],"pa_connextion-shapes":[],"class_list":{"0":"post-21022","1":"product","2":"type-product","3":"status-publish","4":"has-post-thumbnail","6":"product_cat-consommables-duralabel-toro-bronco","7":"product_tag-duralabel-fr","9":"first","10":"instock","11":"taxable","12":"shipping-taxable","13":"purchasable","14":"product-type-variable","15":"has-default-attributes"},"exclude_global_add_ons":[],"addons":[],"acf":[],"yoast_head":"<!-- This site is optimized with the Yoast SEO Premium plugin v27.0 (Yoast SEO v27.1) - https:\/\/yoast.com\/product\/yoast-seo-premium-wordpress\/ -->\n<title>\u00c9tiquettes de s\u00e9curit\u00e9, de sant\u00e9 et d&#039;arc flash en ext\u00e9rieur<\/title>\n<meta name=\"description\" content=\"Ces \u00e9tiquettes d&#039;arc flash en ext\u00e9rieur peuvent \u00eatre utilis\u00e9es pour alerter les personnes sur des informations sp\u00e9cifiques \u00e0 votre installation. Cette fourniture d\u00e9coup\u00e9e offre une vari\u00e9t\u00e9 de...\" \/>\n<meta name=\"robots\" content=\"index, follow, max-snippet:-1, max-image-preview:large, max-video-preview:-1\" \/>\n<link rel=\"canonical\" href=\"https:\/\/d-identify.be\/fr\/produit\/etiquettes-darc-flash-et-de-sante-et-securite-en-exterieur\/\" \/>\n<meta property=\"og:locale\" content=\"fr_FR\" \/>\n<meta property=\"og:type\" content=\"article\" \/>\n<meta property=\"og:title\" content=\"\u00c9tiquettes d&#039;arc flash et de sant\u00e9 et s\u00e9curit\u00e9 en ext\u00e9rieur\" \/>\n<meta property=\"og:description\" content=\"Ces \u00e9tiquettes d&#039;arc flash en ext\u00e9rieur peuvent \u00eatre utilis\u00e9es pour alerter les personnes sur des informations sp\u00e9cifiques \u00e0 votre installation. Cette fourniture d\u00e9coup\u00e9e offre une vari\u00e9t\u00e9 de...\" \/>\n<meta property=\"og:url\" content=\"https:\/\/d-identify.be\/fr\/produit\/etiquettes-darc-flash-et-de-sante-et-securite-en-exterieur\/\" \/>\n<meta property=\"og:site_name\" content=\"d-identify\" \/>\n<meta property=\"og:image\" content=\"https:\/\/d-identify.be\/wp-content\/uploads\/2021\/07\/80406-6O.png\" \/>\n\t<meta property=\"og:image:width\" content=\"984\" \/>\n\t<meta property=\"og:image:height\" content=\"984\" \/>\n\t<meta property=\"og:image:type\" content=\"image\/png\" \/>\n<meta name=\"twitter:card\" content=\"summary_large_image\" \/>\n<script type=\"application\/ld+json\" class=\"yoast-schema-graph\">{\"@context\":\"https:\/\/schema.org\",\"@graph\":[{\"@type\":\"WebPage\",\"@id\":\"https:\/\/d-identify.be\/fr\/produit\/etiquettes-darc-flash-et-de-sante-et-securite-en-exterieur\/\",\"url\":\"https:\/\/d-identify.be\/fr\/produit\/etiquettes-darc-flash-et-de-sante-et-securite-en-exterieur\/\",\"name\":\"\u00c9tiquettes de s\u00e9curit\u00e9, de sant\u00e9 et d'arc flash en ext\u00e9rieur\",\"isPartOf\":{\"@id\":\"https:\/\/d-identify.be\/fr\/#website\"},\"primaryImageOfPage\":{\"@id\":\"https:\/\/d-identify.be\/fr\/produit\/etiquettes-darc-flash-et-de-sante-et-securite-en-exterieur\/#primaryimage\"},\"image\":{\"@id\":\"https:\/\/d-identify.be\/fr\/produit\/etiquettes-darc-flash-et-de-sante-et-securite-en-exterieur\/#primaryimage\"},\"thumbnailUrl\":\"https:\/\/d-identify.be\/wp-content\/uploads\/2021\/07\/80406-6O.png\",\"datePublished\":\"2021-07-26T10:40:51+00:00\",\"description\":\"Ces \u00e9tiquettes d'arc flash en ext\u00e9rieur peuvent \u00eatre utilis\u00e9es pour alerter les personnes sur des informations sp\u00e9cifiques \u00e0 votre installation. Cette fourniture d\u00e9coup\u00e9e offre une vari\u00e9t\u00e9 de...\",\"breadcrumb\":{\"@id\":\"https:\/\/d-identify.be\/fr\/produit\/etiquettes-darc-flash-et-de-sante-et-securite-en-exterieur\/#breadcrumb\"},\"inLanguage\":\"fr-FR\",\"potentialAction\":[{\"@type\":\"ReadAction\",\"target\":[\"https:\/\/d-identify.be\/fr\/produit\/etiquettes-darc-flash-et-de-sante-et-securite-en-exterieur\/\"]}]},{\"@type\":\"ImageObject\",\"inLanguage\":\"fr-FR\",\"@id\":\"https:\/\/d-identify.be\/fr\/produit\/etiquettes-darc-flash-et-de-sante-et-securite-en-exterieur\/#primaryimage\",\"url\":\"https:\/\/d-identify.be\/wp-content\/uploads\/2021\/07\/80406-6O.png\",\"contentUrl\":\"https:\/\/d-identify.be\/wp-content\/uploads\/2021\/07\/80406-6O.png\",\"width\":984,\"height\":984,\"caption\":\"Outdoor Arc-flash and health and safety labels\"},{\"@type\":\"BreadcrumbList\",\"@id\":\"https:\/\/d-identify.be\/fr\/produit\/etiquettes-darc-flash-et-de-sante-et-securite-en-exterieur\/#breadcrumb\",\"itemListElement\":[{\"@type\":\"ListItem\",\"position\":1,\"name\":\"Home\",\"item\":\"https:\/\/d-identify.be\/fr\/home-2\/\"},{\"@type\":\"ListItem\",\"position\":2,\"name\":\"Boutique\",\"item\":\"https:\/\/d-identify.be\/fr\/boutique\/\"},{\"@type\":\"ListItem\",\"position\":3,\"name\":\"\u00c9tiquettes d&#8217;arc flash et de sant\u00e9 et s\u00e9curit\u00e9 en ext\u00e9rieur\"}]},{\"@type\":\"WebSite\",\"@id\":\"https:\/\/d-identify.be\/fr\/#website\",\"url\":\"https:\/\/d-identify.be\/fr\/\",\"name\":\"d-identify\",\"description\":\"Industrial identification - Lockout - Tagout - Floor marking\",\"potentialAction\":[{\"@type\":\"SearchAction\",\"target\":{\"@type\":\"EntryPoint\",\"urlTemplate\":\"https:\/\/d-identify.be\/fr\/?s={search_term_string}\"},\"query-input\":{\"@type\":\"PropertyValueSpecification\",\"valueRequired\":true,\"valueName\":\"search_term_string\"}}],\"inLanguage\":\"fr-FR\"}]}<\/script>\n<!-- \/ Yoast SEO Premium plugin. -->","yoast_head_json":{"title":"\u00c9tiquettes de s\u00e9curit\u00e9, de sant\u00e9 et d'arc flash en ext\u00e9rieur","description":"Ces \u00e9tiquettes d'arc flash en ext\u00e9rieur peuvent \u00eatre utilis\u00e9es pour alerter les personnes sur des informations sp\u00e9cifiques \u00e0 votre installation. Cette fourniture d\u00e9coup\u00e9e offre une vari\u00e9t\u00e9 de...","robots":{"index":"index","follow":"follow","max-snippet":"max-snippet:-1","max-image-preview":"max-image-preview:large","max-video-preview":"max-video-preview:-1"},"canonical":"https:\/\/d-identify.be\/fr\/produit\/etiquettes-darc-flash-et-de-sante-et-securite-en-exterieur\/","og_locale":"fr_FR","og_type":"article","og_title":"\u00c9tiquettes d'arc flash et de sant\u00e9 et s\u00e9curit\u00e9 en ext\u00e9rieur","og_description":"Ces \u00e9tiquettes d'arc flash en ext\u00e9rieur peuvent \u00eatre utilis\u00e9es pour alerter les personnes sur des informations sp\u00e9cifiques \u00e0 votre installation. Cette fourniture d\u00e9coup\u00e9e offre une vari\u00e9t\u00e9 de...","og_url":"https:\/\/d-identify.be\/fr\/produit\/etiquettes-darc-flash-et-de-sante-et-securite-en-exterieur\/","og_site_name":"d-identify","og_image":[{"width":984,"height":984,"url":"https:\/\/d-identify.be\/wp-content\/uploads\/2021\/07\/80406-6O.png","type":"image\/png"}],"twitter_card":"summary_large_image","schema":{"@context":"https:\/\/schema.org","@graph":[{"@type":"WebPage","@id":"https:\/\/d-identify.be\/fr\/produit\/etiquettes-darc-flash-et-de-sante-et-securite-en-exterieur\/","url":"https:\/\/d-identify.be\/fr\/produit\/etiquettes-darc-flash-et-de-sante-et-securite-en-exterieur\/","name":"\u00c9tiquettes de s\u00e9curit\u00e9, de sant\u00e9 et d'arc flash en ext\u00e9rieur","isPartOf":{"@id":"https:\/\/d-identify.be\/fr\/#website"},"primaryImageOfPage":{"@id":"https:\/\/d-identify.be\/fr\/produit\/etiquettes-darc-flash-et-de-sante-et-securite-en-exterieur\/#primaryimage"},"image":{"@id":"https:\/\/d-identify.be\/fr\/produit\/etiquettes-darc-flash-et-de-sante-et-securite-en-exterieur\/#primaryimage"},"thumbnailUrl":"https:\/\/d-identify.be\/wp-content\/uploads\/2021\/07\/80406-6O.png","datePublished":"2021-07-26T10:40:51+00:00","description":"Ces \u00e9tiquettes d'arc flash en ext\u00e9rieur peuvent \u00eatre utilis\u00e9es pour alerter les personnes sur des informations sp\u00e9cifiques \u00e0 votre installation. Cette fourniture d\u00e9coup\u00e9e offre une vari\u00e9t\u00e9 de...","breadcrumb":{"@id":"https:\/\/d-identify.be\/fr\/produit\/etiquettes-darc-flash-et-de-sante-et-securite-en-exterieur\/#breadcrumb"},"inLanguage":"fr-FR","potentialAction":[{"@type":"ReadAction","target":["https:\/\/d-identify.be\/fr\/produit\/etiquettes-darc-flash-et-de-sante-et-securite-en-exterieur\/"]}]},{"@type":"ImageObject","inLanguage":"fr-FR","@id":"https:\/\/d-identify.be\/fr\/produit\/etiquettes-darc-flash-et-de-sante-et-securite-en-exterieur\/#primaryimage","url":"https:\/\/d-identify.be\/wp-content\/uploads\/2021\/07\/80406-6O.png","contentUrl":"https:\/\/d-identify.be\/wp-content\/uploads\/2021\/07\/80406-6O.png","width":984,"height":984,"caption":"Outdoor Arc-flash and health and safety labels"},{"@type":"BreadcrumbList","@id":"https:\/\/d-identify.be\/fr\/produit\/etiquettes-darc-flash-et-de-sante-et-securite-en-exterieur\/#breadcrumb","itemListElement":[{"@type":"ListItem","position":1,"name":"Home","item":"https:\/\/d-identify.be\/fr\/home-2\/"},{"@type":"ListItem","position":2,"name":"Boutique","item":"https:\/\/d-identify.be\/fr\/boutique\/"},{"@type":"ListItem","position":3,"name":"\u00c9tiquettes d&#8217;arc flash et de sant\u00e9 et s\u00e9curit\u00e9 en ext\u00e9rieur"}]},{"@type":"WebSite","@id":"https:\/\/d-identify.be\/fr\/#website","url":"https:\/\/d-identify.be\/fr\/","name":"d-identify","description":"Industrial identification - Lockout - Tagout - Floor marking","potentialAction":[{"@type":"SearchAction","target":{"@type":"EntryPoint","urlTemplate":"https:\/\/d-identify.be\/fr\/?s={search_term_string}"},"query-input":{"@type":"PropertyValueSpecification","valueRequired":true,"valueName":"search_term_string"}}],"inLanguage":"fr-FR"}]}},"_links":{"self":[{"href":"https:\/\/d-identify.be\/fr\/wp-json\/wp\/v2\/product\/21022","targetHints":{"allow":["GET"]}}],"collection":[{"href":"https:\/\/d-identify.be\/fr\/wp-json\/wp\/v2\/product"}],"about":[{"href":"https:\/\/d-identify.be\/fr\/wp-json\/wp\/v2\/types\/product"}],"replies":[{"embeddable":true,"href":"https:\/\/d-identify.be\/fr\/wp-json\/wp\/v2\/comments?post=21022"}],"wp:featuredmedia":[{"embeddable":true,"href":"https:\/\/d-identify.be\/fr\/wp-json\/wp\/v2\/media\/21023"}],"wp:attachment":[{"href":"https:\/\/d-identify.be\/fr\/wp-json\/wp\/v2\/media?parent=21022"}],"wp:term":[{"taxonomy":"product_brand","embeddable":true,"href":"https:\/\/d-identify.be\/fr\/wp-json\/wp\/v2\/product_brand?post=21022"},{"taxonomy":"product_cat","embeddable":true,"href":"https:\/\/d-identify.be\/fr\/wp-json\/wp\/v2\/product_cat?post=21022"},{"taxonomy":"product_tag","embeddable":true,"href":"https:\/\/d-identify.be\/fr\/wp-json\/wp\/v2\/product_tag?post=21022"},{"taxonomy":"pa_connextion-shapes","embeddable":true,"href":"https:\/\/d-identify.be\/fr\/wp-json\/wp\/v2\/pa_connextion-shapes?post=21022"}],"curies":[{"name":"wp","href":"https:\/\/api.w.org\/{rel}","templated":true}]}}