{"id":20799,"date":"2021-07-26T12:40:08","date_gmt":"2021-07-26T10:40:08","guid":{"rendered":"https:\/\/d-identify.be\/product\/lobo-premium-vinyl-12-mm\/"},"modified":"2024-05-28T17:07:26","modified_gmt":"2024-05-28T15:07:26","slug":"lobo-premium-vinyl-12-mm","status":"publish","type":"product","link":"https:\/\/d-identify.be\/fr\/produit\/lobo-premium-vinyl-12-mm\/","title":{"rendered":"Premium vinyl 12 mm"},"content":{"rendered":"<ul>\n<li><strong>Utilisation int\u00e9rieure et ext\u00e9rieure :<\/strong> l&rsquo;approvisionnement reste solide dans une gamme de temp\u00e9ratures et de surfaces \u00e0 l&rsquo;int\u00e9rieur comme \u00e0 l&rsquo;ext\u00e9rieur.<\/li>\n<li><strong>Polyvalent :<\/strong> personnalisez des \u00e9tiquettes pour une vari\u00e9t\u00e9 d&rsquo;utilisations telles que des panneaux de s\u00e9curit\u00e9 g\u00e9n\u00e9rale pour les installations, des rep\u00e8res de tuyaux et des \u00e9tiquettes 5S.<\/li>\n<li><strong>Vinyle calandr\u00e9 et adh\u00e9sif puissant :<\/strong> ce mat\u00e9riau durable r\u00e9siste aux dommages caus\u00e9s par les rayons UV, l&rsquo;humidit\u00e9 et la plupart des produits chimiques pour maintenir les \u00e9tiquettes intactes et lisibles dans une vari\u00e9t\u00e9 d&rsquo;environnements de travail.<\/li>\n<\/ul>\n","protected":false},"excerpt":{"rendered":"<p>Cet vinyl polyvalent et populaire est parfait pour une vari\u00e9t\u00e9 de t\u00e2ches d&rsquo;\u00e9tiquetage dans n&rsquo;importe quelle industrie. Le vinyle flexible mais durable s&rsquo;adapte \u00e0 de nombreuses surfaces et environnements de travail diff\u00e9rents. Utilisez-le pour tous vos besoins en \u00e9tiquetage de s\u00e9curit\u00e9 g\u00e9n\u00e9rale et d&rsquo;installation. Contactez-nous pour commander des couleurs personnalis\u00e9es qui r\u00e9pondent \u00e0 vos besoins.    Besoin d&rsquo;une bande plus large ? <a href=\"https:\/\/d-identify.be\/product\/lobo-premium-vinyl-19mm\/\" target=\"_blank\" rel=\"noopener\">LOBO Premium vinyl 19 mm<\/a><\/p>\n","protected":false},"featured_media":20800,"comment_status":"open","ping_status":"closed","template":"","meta":{"_acf_changed":false,"_et_pb_use_builder":"","_et_pb_old_content":"","_et_gb_content_width":""},"product_brand":[],"product_cat":[589],"product_tag":[928],"pa_connextion-shapes":[],"class_list":{"0":"post-20799","1":"product","2":"type-product","3":"status-publish","4":"has-post-thumbnail","6":"product_cat-consomables_lobo","7":"product_tag-duralabel-fr","9":"first","10":"instock","11":"taxable","12":"shipping-taxable","13":"purchasable","14":"product-type-variable","15":"has-default-attributes"},"exclude_global_add_ons":[],"addons":[],"acf":[],"yoast_head":"<!-- This site is optimized with the Yoast SEO Premium plugin v27.0 (Yoast SEO v27.1) - https:\/\/yoast.com\/product\/yoast-seo-premium-wordpress\/ -->\n<title>LOBO Premium Vinyl 12mm<\/title>\n<meta name=\"description\" content=\"Cet vinyle polyvalent et populaire est parfait pour une vari\u00e9t\u00e9 de t\u00e2ches d&#039;\u00e9tiquetage dans n&#039;importe quelle industrie. Le vinyle flexible, mais durable, s&#039;adapte \u00e0...\" \/>\n<meta name=\"robots\" content=\"index, follow, max-snippet:-1, max-image-preview:large, max-video-preview:-1\" \/>\n<link rel=\"canonical\" href=\"https:\/\/d-identify.be\/fr\/produit\/lobo-premium-vinyl-12-mm\/\" \/>\n<meta property=\"og:locale\" content=\"fr_FR\" \/>\n<meta property=\"og:type\" content=\"article\" \/>\n<meta property=\"og:title\" content=\"Premium vinyl 12 mm\" \/>\n<meta property=\"og:description\" content=\"Cet vinyle polyvalent et populaire est parfait pour une vari\u00e9t\u00e9 de t\u00e2ches d&#039;\u00e9tiquetage dans n&#039;importe quelle industrie. Le vinyle flexible, mais durable, s&#039;adapte \u00e0...\" \/>\n<meta property=\"og:url\" content=\"https:\/\/d-identify.be\/fr\/produit\/lobo-premium-vinyl-12-mm\/\" \/>\n<meta property=\"og:site_name\" content=\"d-identify\" \/>\n<meta property=\"article:modified_time\" content=\"2024-05-28T15:07:26+00:00\" \/>\n<meta property=\"og:image\" content=\"https:\/\/d-identify.be\/wp-content\/uploads\/2021\/07\/L1-233003_ec8330b9-8530-4e3b-b98b-490e3347eb5e.png\" \/>\n\t<meta property=\"og:image:width\" content=\"398\" \/>\n\t<meta property=\"og:image:height\" content=\"398\" \/>\n\t<meta property=\"og:image:type\" content=\"image\/png\" \/>\n<meta name=\"twitter:card\" content=\"summary_large_image\" \/>\n<script type=\"application\/ld+json\" class=\"yoast-schema-graph\">{\"@context\":\"https:\/\/schema.org\",\"@graph\":[{\"@type\":\"WebPage\",\"@id\":\"https:\/\/d-identify.be\/fr\/produit\/lobo-premium-vinyl-12-mm\/\",\"url\":\"https:\/\/d-identify.be\/fr\/produit\/lobo-premium-vinyl-12-mm\/\",\"name\":\"LOBO Premium Vinyl 12mm\",\"isPartOf\":{\"@id\":\"https:\/\/d-identify.be\/fr\/#website\"},\"primaryImageOfPage\":{\"@id\":\"https:\/\/d-identify.be\/fr\/produit\/lobo-premium-vinyl-12-mm\/#primaryimage\"},\"image\":{\"@id\":\"https:\/\/d-identify.be\/fr\/produit\/lobo-premium-vinyl-12-mm\/#primaryimage\"},\"thumbnailUrl\":\"https:\/\/d-identify.be\/wp-content\/uploads\/2021\/07\/L1-233003_ec8330b9-8530-4e3b-b98b-490e3347eb5e.png\",\"datePublished\":\"2021-07-26T10:40:08+00:00\",\"dateModified\":\"2024-05-28T15:07:26+00:00\",\"description\":\"Cet vinyle polyvalent et populaire est parfait pour une vari\u00e9t\u00e9 de t\u00e2ches d'\u00e9tiquetage dans n'importe quelle industrie. Le vinyle flexible, mais durable, s'adapte \u00e0...\",\"breadcrumb\":{\"@id\":\"https:\/\/d-identify.be\/fr\/produit\/lobo-premium-vinyl-12-mm\/#breadcrumb\"},\"inLanguage\":\"fr-FR\",\"potentialAction\":[{\"@type\":\"ReadAction\",\"target\":[\"https:\/\/d-identify.be\/fr\/produit\/lobo-premium-vinyl-12-mm\/\"]}]},{\"@type\":\"ImageObject\",\"inLanguage\":\"fr-FR\",\"@id\":\"https:\/\/d-identify.be\/fr\/produit\/lobo-premium-vinyl-12-mm\/#primaryimage\",\"url\":\"https:\/\/d-identify.be\/wp-content\/uploads\/2021\/07\/L1-233003_ec8330b9-8530-4e3b-b98b-490e3347eb5e.png\",\"contentUrl\":\"https:\/\/d-identify.be\/wp-content\/uploads\/2021\/07\/L1-233003_ec8330b9-8530-4e3b-b98b-490e3347eb5e.png\",\"width\":398,\"height\":398,\"caption\":\"LOBO Premium vinyl supplies 12 mm\"},{\"@type\":\"BreadcrumbList\",\"@id\":\"https:\/\/d-identify.be\/fr\/produit\/lobo-premium-vinyl-12-mm\/#breadcrumb\",\"itemListElement\":[{\"@type\":\"ListItem\",\"position\":1,\"name\":\"Home\",\"item\":\"https:\/\/d-identify.be\/fr\/home-2\/\"},{\"@type\":\"ListItem\",\"position\":2,\"name\":\"Boutique\",\"item\":\"https:\/\/d-identify.be\/fr\/boutique\/\"},{\"@type\":\"ListItem\",\"position\":3,\"name\":\"Premium vinyl 12 mm\"}]},{\"@type\":\"WebSite\",\"@id\":\"https:\/\/d-identify.be\/fr\/#website\",\"url\":\"https:\/\/d-identify.be\/fr\/\",\"name\":\"d-identify\",\"description\":\"Industrial identification - Lockout - Tagout - Floor marking\",\"potentialAction\":[{\"@type\":\"SearchAction\",\"target\":{\"@type\":\"EntryPoint\",\"urlTemplate\":\"https:\/\/d-identify.be\/fr\/?s={search_term_string}\"},\"query-input\":{\"@type\":\"PropertyValueSpecification\",\"valueRequired\":true,\"valueName\":\"search_term_string\"}}],\"inLanguage\":\"fr-FR\"}]}<\/script>\n<!-- \/ Yoast SEO Premium plugin. -->","yoast_head_json":{"title":"LOBO Premium Vinyl 12mm","description":"Cet vinyle polyvalent et populaire est parfait pour une vari\u00e9t\u00e9 de t\u00e2ches d'\u00e9tiquetage dans n'importe quelle industrie. Le vinyle flexible, mais durable, s'adapte \u00e0...","robots":{"index":"index","follow":"follow","max-snippet":"max-snippet:-1","max-image-preview":"max-image-preview:large","max-video-preview":"max-video-preview:-1"},"canonical":"https:\/\/d-identify.be\/fr\/produit\/lobo-premium-vinyl-12-mm\/","og_locale":"fr_FR","og_type":"article","og_title":"Premium vinyl 12 mm","og_description":"Cet vinyle polyvalent et populaire est parfait pour une vari\u00e9t\u00e9 de t\u00e2ches d'\u00e9tiquetage dans n'importe quelle industrie. Le vinyle flexible, mais durable, s'adapte \u00e0...","og_url":"https:\/\/d-identify.be\/fr\/produit\/lobo-premium-vinyl-12-mm\/","og_site_name":"d-identify","article_modified_time":"2024-05-28T15:07:26+00:00","og_image":[{"width":398,"height":398,"url":"https:\/\/d-identify.be\/wp-content\/uploads\/2021\/07\/L1-233003_ec8330b9-8530-4e3b-b98b-490e3347eb5e.png","type":"image\/png"}],"twitter_card":"summary_large_image","schema":{"@context":"https:\/\/schema.org","@graph":[{"@type":"WebPage","@id":"https:\/\/d-identify.be\/fr\/produit\/lobo-premium-vinyl-12-mm\/","url":"https:\/\/d-identify.be\/fr\/produit\/lobo-premium-vinyl-12-mm\/","name":"LOBO Premium Vinyl 12mm","isPartOf":{"@id":"https:\/\/d-identify.be\/fr\/#website"},"primaryImageOfPage":{"@id":"https:\/\/d-identify.be\/fr\/produit\/lobo-premium-vinyl-12-mm\/#primaryimage"},"image":{"@id":"https:\/\/d-identify.be\/fr\/produit\/lobo-premium-vinyl-12-mm\/#primaryimage"},"thumbnailUrl":"https:\/\/d-identify.be\/wp-content\/uploads\/2021\/07\/L1-233003_ec8330b9-8530-4e3b-b98b-490e3347eb5e.png","datePublished":"2021-07-26T10:40:08+00:00","dateModified":"2024-05-28T15:07:26+00:00","description":"Cet vinyle polyvalent et populaire est parfait pour une vari\u00e9t\u00e9 de t\u00e2ches d'\u00e9tiquetage dans n'importe quelle industrie. Le vinyle flexible, mais durable, s'adapte \u00e0...","breadcrumb":{"@id":"https:\/\/d-identify.be\/fr\/produit\/lobo-premium-vinyl-12-mm\/#breadcrumb"},"inLanguage":"fr-FR","potentialAction":[{"@type":"ReadAction","target":["https:\/\/d-identify.be\/fr\/produit\/lobo-premium-vinyl-12-mm\/"]}]},{"@type":"ImageObject","inLanguage":"fr-FR","@id":"https:\/\/d-identify.be\/fr\/produit\/lobo-premium-vinyl-12-mm\/#primaryimage","url":"https:\/\/d-identify.be\/wp-content\/uploads\/2021\/07\/L1-233003_ec8330b9-8530-4e3b-b98b-490e3347eb5e.png","contentUrl":"https:\/\/d-identify.be\/wp-content\/uploads\/2021\/07\/L1-233003_ec8330b9-8530-4e3b-b98b-490e3347eb5e.png","width":398,"height":398,"caption":"LOBO Premium vinyl supplies 12 mm"},{"@type":"BreadcrumbList","@id":"https:\/\/d-identify.be\/fr\/produit\/lobo-premium-vinyl-12-mm\/#breadcrumb","itemListElement":[{"@type":"ListItem","position":1,"name":"Home","item":"https:\/\/d-identify.be\/fr\/home-2\/"},{"@type":"ListItem","position":2,"name":"Boutique","item":"https:\/\/d-identify.be\/fr\/boutique\/"},{"@type":"ListItem","position":3,"name":"Premium vinyl 12 mm"}]},{"@type":"WebSite","@id":"https:\/\/d-identify.be\/fr\/#website","url":"https:\/\/d-identify.be\/fr\/","name":"d-identify","description":"Industrial identification - Lockout - Tagout - Floor marking","potentialAction":[{"@type":"SearchAction","target":{"@type":"EntryPoint","urlTemplate":"https:\/\/d-identify.be\/fr\/?s={search_term_string}"},"query-input":{"@type":"PropertyValueSpecification","valueRequired":true,"valueName":"search_term_string"}}],"inLanguage":"fr-FR"}]}},"_links":{"self":[{"href":"https:\/\/d-identify.be\/fr\/wp-json\/wp\/v2\/product\/20799","targetHints":{"allow":["GET"]}}],"collection":[{"href":"https:\/\/d-identify.be\/fr\/wp-json\/wp\/v2\/product"}],"about":[{"href":"https:\/\/d-identify.be\/fr\/wp-json\/wp\/v2\/types\/product"}],"replies":[{"embeddable":true,"href":"https:\/\/d-identify.be\/fr\/wp-json\/wp\/v2\/comments?post=20799"}],"wp:featuredmedia":[{"embeddable":true,"href":"https:\/\/d-identify.be\/fr\/wp-json\/wp\/v2\/media\/20800"}],"wp:attachment":[{"href":"https:\/\/d-identify.be\/fr\/wp-json\/wp\/v2\/media?parent=20799"}],"wp:term":[{"taxonomy":"product_brand","embeddable":true,"href":"https:\/\/d-identify.be\/fr\/wp-json\/wp\/v2\/product_brand?post=20799"},{"taxonomy":"product_cat","embeddable":true,"href":"https:\/\/d-identify.be\/fr\/wp-json\/wp\/v2\/product_cat?post=20799"},{"taxonomy":"product_tag","embeddable":true,"href":"https:\/\/d-identify.be\/fr\/wp-json\/wp\/v2\/product_tag?post=20799"},{"taxonomy":"pa_connextion-shapes","embeddable":true,"href":"https:\/\/d-identify.be\/fr\/wp-json\/wp\/v2\/pa_connextion-shapes?post=20799"}],"curies":[{"name":"wp","href":"https:\/\/api.w.org\/{rel}","templated":true}]}}