{"id":19873,"date":"2021-07-26T12:41:20","date_gmt":"2021-07-26T10:41:20","guid":{"rendered":"https:\/\/d-identify.be\/product\/vinyle-industriel-reflechissant\/"},"modified":"2021-07-26T12:41:20","modified_gmt":"2021-07-26T10:41:20","slug":"vinyle-industriel-reflechissant","status":"publish","type":"product","link":"https:\/\/d-identify.be\/fr\/produit\/vinyle-industriel-reflechissant\/","title":{"rendered":"Vinyle industriel r\u00e9fl\u00e9chissant"},"content":{"rendered":"<ul>\n<li>Durabilit\u00e9 \u00e9lev\u00e9e en ext\u00e9rieur : <strong>les \u00e9tiquettes restent<\/strong> intactes et lisibles dans une gamme de temp\u00e9ratures et d&rsquo;environnements ext\u00e9rieurs pendant 7 ans.<\/li>\n<li><strong>Conforme : r\u00e9pond \u00e0 la norme ASTMD 4956-99 pour les mat\u00e9riaux de feuille r\u00e9tror\u00e9fl\u00e9chissante.<\/strong><\/li>\n<li><strong>Fiable :<\/strong> r\u00e9siste aux dommages caus\u00e9s par les produits chimiques et les solvants courants.<\/li>\n<\/ul>\n","protected":false},"excerpt":{"rendered":"<p>Am\u00e9liorez la visibilit\u00e9 des articles et des informations importantes dans la plupart des conditions d&rsquo;\u00e9clairage avec du ruban r\u00e9fl\u00e9chissant \u00e9conomique. Le vinyle coul\u00e9 brillant et durable et l&rsquo;adh\u00e9sif offrent une forte adh\u00e9rence sur de nombreuses surfaces int\u00e9rieures et ext\u00e9rieures. Utilisez-le par faible luminosit\u00e9 pour les panneaux de signalisation et pour marquer l&rsquo;\u00e9quipement et les outils.  <\/p>\n","protected":false},"featured_media":19874,"comment_status":"open","ping_status":"closed","template":"","meta":{"_acf_changed":false,"_et_pb_use_builder":"","_et_pb_old_content":"","_et_gb_content_width":""},"product_brand":[],"product_cat":[567],"product_tag":[928],"pa_connextion-shapes":[],"class_list":{"0":"post-19873","1":"product","2":"type-product","3":"status-publish","4":"has-post-thumbnail","6":"product_cat-kodiak-max-consommables","7":"product_tag-duralabel-fr","9":"first","10":"instock","11":"taxable","12":"shipping-taxable","13":"purchasable","14":"product-type-variable","15":"has-default-attributes"},"exclude_global_add_ons":[],"addons":[],"acf":[],"yoast_head":"<!-- This site is optimized with the Yoast SEO Premium plugin v27.0 (Yoast SEO v27.1) - https:\/\/yoast.com\/product\/yoast-seo-premium-wordpress\/ -->\n<title>Vinyle industriel r\u00e9fl\u00e9chissant<\/title>\n<meta name=\"description\" content=\"Am\u00e9liorez la visibilit\u00e9 des articles et des informations importantes dans la plupart des conditions d&#039;\u00e9clairage avec du ruban r\u00e9fl\u00e9chissant \u00e9conomique. Le vinyle coul\u00e9 brillant et durable...\" \/>\n<meta name=\"robots\" content=\"index, follow, max-snippet:-1, max-image-preview:large, max-video-preview:-1\" \/>\n<link rel=\"canonical\" href=\"https:\/\/d-identify.be\/fr\/produit\/vinyle-industriel-reflechissant\/\" \/>\n<meta property=\"og:locale\" content=\"fr_FR\" \/>\n<meta property=\"og:type\" content=\"article\" \/>\n<meta property=\"og:title\" content=\"Vinyle industriel r\u00e9fl\u00e9chissant\" \/>\n<meta property=\"og:description\" content=\"Am\u00e9liorez la visibilit\u00e9 des articles et des informations importantes dans la plupart des conditions d&#039;\u00e9clairage avec du ruban r\u00e9fl\u00e9chissant \u00e9conomique. Le vinyle coul\u00e9 brillant et durable...\" \/>\n<meta property=\"og:url\" content=\"https:\/\/d-identify.be\/fr\/produit\/vinyle-industriel-reflechissant\/\" \/>\n<meta property=\"og:site_name\" content=\"d-identify\" \/>\n<meta property=\"og:image\" content=\"https:\/\/d-identify.be\/wp-content\/uploads\/2021\/07\/K4-101.png\" \/>\n\t<meta property=\"og:image:width\" content=\"400\" \/>\n\t<meta property=\"og:image:height\" content=\"400\" \/>\n\t<meta property=\"og:image:type\" content=\"image\/png\" \/>\n<meta name=\"twitter:card\" content=\"summary_large_image\" \/>\n<script type=\"application\/ld+json\" class=\"yoast-schema-graph\">{\"@context\":\"https:\/\/schema.org\",\"@graph\":[{\"@type\":\"WebPage\",\"@id\":\"https:\/\/d-identify.be\/fr\/produit\/vinyle-industriel-reflechissant\/\",\"url\":\"https:\/\/d-identify.be\/fr\/produit\/vinyle-industriel-reflechissant\/\",\"name\":\"Vinyle industriel r\u00e9fl\u00e9chissant\",\"isPartOf\":{\"@id\":\"https:\/\/d-identify.be\/fr\/#website\"},\"primaryImageOfPage\":{\"@id\":\"https:\/\/d-identify.be\/fr\/produit\/vinyle-industriel-reflechissant\/#primaryimage\"},\"image\":{\"@id\":\"https:\/\/d-identify.be\/fr\/produit\/vinyle-industriel-reflechissant\/#primaryimage\"},\"thumbnailUrl\":\"https:\/\/d-identify.be\/wp-content\/uploads\/2021\/07\/K4-101.png\",\"datePublished\":\"2021-07-26T10:41:20+00:00\",\"description\":\"Am\u00e9liorez la visibilit\u00e9 des articles et des informations importantes dans la plupart des conditions d'\u00e9clairage avec du ruban r\u00e9fl\u00e9chissant \u00e9conomique. Le vinyle coul\u00e9 brillant et durable...\",\"breadcrumb\":{\"@id\":\"https:\/\/d-identify.be\/fr\/produit\/vinyle-industriel-reflechissant\/#breadcrumb\"},\"inLanguage\":\"fr-FR\",\"potentialAction\":[{\"@type\":\"ReadAction\",\"target\":[\"https:\/\/d-identify.be\/fr\/produit\/vinyle-industriel-reflechissant\/\"]}]},{\"@type\":\"ImageObject\",\"inLanguage\":\"fr-FR\",\"@id\":\"https:\/\/d-identify.be\/fr\/produit\/vinyle-industriel-reflechissant\/#primaryimage\",\"url\":\"https:\/\/d-identify.be\/wp-content\/uploads\/2021\/07\/K4-101.png\",\"contentUrl\":\"https:\/\/d-identify.be\/wp-content\/uploads\/2021\/07\/K4-101.png\",\"width\":400,\"height\":400},{\"@type\":\"BreadcrumbList\",\"@id\":\"https:\/\/d-identify.be\/fr\/produit\/vinyle-industriel-reflechissant\/#breadcrumb\",\"itemListElement\":[{\"@type\":\"ListItem\",\"position\":1,\"name\":\"Home\",\"item\":\"https:\/\/d-identify.be\/fr\/home-2\/\"},{\"@type\":\"ListItem\",\"position\":2,\"name\":\"Boutique\",\"item\":\"https:\/\/d-identify.be\/fr\/boutique\/\"},{\"@type\":\"ListItem\",\"position\":3,\"name\":\"Vinyle industriel r\u00e9fl\u00e9chissant\"}]},{\"@type\":\"WebSite\",\"@id\":\"https:\/\/d-identify.be\/fr\/#website\",\"url\":\"https:\/\/d-identify.be\/fr\/\",\"name\":\"d-identify\",\"description\":\"Industrial identification - Lockout - Tagout - Floor marking\",\"potentialAction\":[{\"@type\":\"SearchAction\",\"target\":{\"@type\":\"EntryPoint\",\"urlTemplate\":\"https:\/\/d-identify.be\/fr\/?s={search_term_string}\"},\"query-input\":{\"@type\":\"PropertyValueSpecification\",\"valueRequired\":true,\"valueName\":\"search_term_string\"}}],\"inLanguage\":\"fr-FR\"}]}<\/script>\n<!-- \/ Yoast SEO Premium plugin. -->","yoast_head_json":{"title":"Vinyle industriel r\u00e9fl\u00e9chissant","description":"Am\u00e9liorez la visibilit\u00e9 des articles et des informations importantes dans la plupart des conditions d'\u00e9clairage avec du ruban r\u00e9fl\u00e9chissant \u00e9conomique. Le vinyle coul\u00e9 brillant et durable...","robots":{"index":"index","follow":"follow","max-snippet":"max-snippet:-1","max-image-preview":"max-image-preview:large","max-video-preview":"max-video-preview:-1"},"canonical":"https:\/\/d-identify.be\/fr\/produit\/vinyle-industriel-reflechissant\/","og_locale":"fr_FR","og_type":"article","og_title":"Vinyle industriel r\u00e9fl\u00e9chissant","og_description":"Am\u00e9liorez la visibilit\u00e9 des articles et des informations importantes dans la plupart des conditions d'\u00e9clairage avec du ruban r\u00e9fl\u00e9chissant \u00e9conomique. Le vinyle coul\u00e9 brillant et durable...","og_url":"https:\/\/d-identify.be\/fr\/produit\/vinyle-industriel-reflechissant\/","og_site_name":"d-identify","og_image":[{"width":400,"height":400,"url":"https:\/\/d-identify.be\/wp-content\/uploads\/2021\/07\/K4-101.png","type":"image\/png"}],"twitter_card":"summary_large_image","schema":{"@context":"https:\/\/schema.org","@graph":[{"@type":"WebPage","@id":"https:\/\/d-identify.be\/fr\/produit\/vinyle-industriel-reflechissant\/","url":"https:\/\/d-identify.be\/fr\/produit\/vinyle-industriel-reflechissant\/","name":"Vinyle industriel r\u00e9fl\u00e9chissant","isPartOf":{"@id":"https:\/\/d-identify.be\/fr\/#website"},"primaryImageOfPage":{"@id":"https:\/\/d-identify.be\/fr\/produit\/vinyle-industriel-reflechissant\/#primaryimage"},"image":{"@id":"https:\/\/d-identify.be\/fr\/produit\/vinyle-industriel-reflechissant\/#primaryimage"},"thumbnailUrl":"https:\/\/d-identify.be\/wp-content\/uploads\/2021\/07\/K4-101.png","datePublished":"2021-07-26T10:41:20+00:00","description":"Am\u00e9liorez la visibilit\u00e9 des articles et des informations importantes dans la plupart des conditions d'\u00e9clairage avec du ruban r\u00e9fl\u00e9chissant \u00e9conomique. Le vinyle coul\u00e9 brillant et durable...","breadcrumb":{"@id":"https:\/\/d-identify.be\/fr\/produit\/vinyle-industriel-reflechissant\/#breadcrumb"},"inLanguage":"fr-FR","potentialAction":[{"@type":"ReadAction","target":["https:\/\/d-identify.be\/fr\/produit\/vinyle-industriel-reflechissant\/"]}]},{"@type":"ImageObject","inLanguage":"fr-FR","@id":"https:\/\/d-identify.be\/fr\/produit\/vinyle-industriel-reflechissant\/#primaryimage","url":"https:\/\/d-identify.be\/wp-content\/uploads\/2021\/07\/K4-101.png","contentUrl":"https:\/\/d-identify.be\/wp-content\/uploads\/2021\/07\/K4-101.png","width":400,"height":400},{"@type":"BreadcrumbList","@id":"https:\/\/d-identify.be\/fr\/produit\/vinyle-industriel-reflechissant\/#breadcrumb","itemListElement":[{"@type":"ListItem","position":1,"name":"Home","item":"https:\/\/d-identify.be\/fr\/home-2\/"},{"@type":"ListItem","position":2,"name":"Boutique","item":"https:\/\/d-identify.be\/fr\/boutique\/"},{"@type":"ListItem","position":3,"name":"Vinyle industriel r\u00e9fl\u00e9chissant"}]},{"@type":"WebSite","@id":"https:\/\/d-identify.be\/fr\/#website","url":"https:\/\/d-identify.be\/fr\/","name":"d-identify","description":"Industrial identification - Lockout - Tagout - Floor marking","potentialAction":[{"@type":"SearchAction","target":{"@type":"EntryPoint","urlTemplate":"https:\/\/d-identify.be\/fr\/?s={search_term_string}"},"query-input":{"@type":"PropertyValueSpecification","valueRequired":true,"valueName":"search_term_string"}}],"inLanguage":"fr-FR"}]}},"_links":{"self":[{"href":"https:\/\/d-identify.be\/fr\/wp-json\/wp\/v2\/product\/19873","targetHints":{"allow":["GET"]}}],"collection":[{"href":"https:\/\/d-identify.be\/fr\/wp-json\/wp\/v2\/product"}],"about":[{"href":"https:\/\/d-identify.be\/fr\/wp-json\/wp\/v2\/types\/product"}],"replies":[{"embeddable":true,"href":"https:\/\/d-identify.be\/fr\/wp-json\/wp\/v2\/comments?post=19873"}],"wp:featuredmedia":[{"embeddable":true,"href":"https:\/\/d-identify.be\/fr\/wp-json\/wp\/v2\/media\/19874"}],"wp:attachment":[{"href":"https:\/\/d-identify.be\/fr\/wp-json\/wp\/v2\/media?parent=19873"}],"wp:term":[{"taxonomy":"product_brand","embeddable":true,"href":"https:\/\/d-identify.be\/fr\/wp-json\/wp\/v2\/product_brand?post=19873"},{"taxonomy":"product_cat","embeddable":true,"href":"https:\/\/d-identify.be\/fr\/wp-json\/wp\/v2\/product_cat?post=19873"},{"taxonomy":"product_tag","embeddable":true,"href":"https:\/\/d-identify.be\/fr\/wp-json\/wp\/v2\/product_tag?post=19873"},{"taxonomy":"pa_connextion-shapes","embeddable":true,"href":"https:\/\/d-identify.be\/fr\/wp-json\/wp\/v2\/pa_connextion-shapes?post=19873"}],"curies":[{"name":"wp","href":"https:\/\/api.w.org\/{rel}","templated":true}]}}