{"id":19224,"date":"2021-09-06T11:17:54","date_gmt":"2021-09-06T09:17:54","guid":{"rendered":"https:\/\/d-identify.be\/product\/duralabel-premium-ink\/"},"modified":"2026-02-11T20:17:49","modified_gmt":"2026-02-11T18:17:49","slug":"duralabel-premium-ink","status":"publish","type":"product","link":"https:\/\/d-identify.be\/fr\/produit\/duralabel-premium-ink\/","title":{"rendered":"Toro Max Premium Ink"},"content":{"rendered":"<ul>\n<li><strong>Utilisation int\u00e9rieure et ext\u00e9rieure :<\/strong> Le texte reste lisible dans une plage de temp\u00e9ratures et de conditions, y compris la lumi\u00e8re, l&rsquo;humidit\u00e9 et la plupart des produits chimiques.<\/li>\n<li><strong>Encre r\u00e9sistante aux intemp\u00e9ries :<\/strong> Une encre hautement durable r\u00e9siste aux dommages caus\u00e9s par les rayures, les taches et la d\u00e9coloration. Elle emp\u00eache \u00e9galement l&rsquo;accumulation de charge statique dans le processus d&rsquo;impression. <\/li>\n<li><strong>Polyvalent :<\/strong> utilisez-le avec diff\u00e9rents supports pour r\u00e9pondre \u00e0 vos besoins, y compris des mat\u00e9riaux synth\u00e9tiques, mats et brillants.<\/li>\n<\/ul>\n","protected":false},"excerpt":{"rendered":"<p>Ce ruban polyvalent est parfait pour les environnements expos\u00e9s \u00e0 des produits chimiques lourds. Imprimez du texte de haute qualit\u00e9 qui reste lisible \u00e0 l&rsquo;int\u00e9rieur comme \u00e0 l&rsquo;ext\u00e9rieur.  Utilisez-le pour toutes vos t\u00e2ches d&rsquo;\u00e9tiquetage de s\u00e9curit\u00e9 g\u00e9n\u00e9rale et d&rsquo;am\u00e9nagement pour des \u00e9tiquettes durables.<\/p>\n","protected":false},"featured_media":19225,"comment_status":"open","ping_status":"closed","template":"","meta":{"_acf_changed":false,"_et_pb_use_builder":"","_et_pb_old_content":"","_et_gb_content_width":""},"product_brand":[],"product_cat":[2611],"product_tag":[928],"pa_connextion-shapes":[],"class_list":{"0":"post-19224","1":"product","2":"type-product","3":"status-publish","4":"has-post-thumbnail","6":"product_cat-consommables-duralabel-toro-bronco","7":"product_tag-duralabel-fr","9":"first","10":"instock","11":"taxable","12":"shipping-taxable","13":"purchasable","14":"product-type-variable"},"exclude_global_add_ons":[],"addons":[],"acf":[],"yoast_head":"<!-- This site is optimized with the Yoast SEO Premium plugin v27.0 (Yoast SEO v27.1) - https:\/\/yoast.com\/product\/yoast-seo-premium-wordpress\/ -->\n<title>DuraLabel Premium Ink for Toro Max<\/title>\n<meta name=\"description\" content=\"Ce ruban polyvalent est parfait pour les environnements expos\u00e9s \u00e0 des produits chimiques lourds. Imprimez du texte de haute qualit\u00e9 qui reste lisible \u00e0 l&#039;int\u00e9rieur comme \u00e0 l&#039;ext\u00e9rieur.\" \/>\n<meta name=\"robots\" content=\"index, follow, max-snippet:-1, max-image-preview:large, max-video-preview:-1\" \/>\n<link rel=\"canonical\" href=\"https:\/\/d-identify.be\/fr\/produit\/duralabel-premium-ink\/\" \/>\n<meta property=\"og:locale\" content=\"fr_FR\" \/>\n<meta property=\"og:type\" content=\"article\" \/>\n<meta property=\"og:title\" content=\"Toro Max Premium Ink\" \/>\n<meta property=\"og:description\" content=\"Ce ruban polyvalent est parfait pour les environnements expos\u00e9s \u00e0 des produits chimiques lourds. Imprimez du texte de haute qualit\u00e9 qui reste lisible \u00e0 l&#039;int\u00e9rieur comme \u00e0 l&#039;ext\u00e9rieur.\" \/>\n<meta property=\"og:url\" content=\"https:\/\/d-identify.be\/fr\/produit\/duralabel-premium-ink\/\" \/>\n<meta property=\"og:site_name\" content=\"d-identify\" \/>\n<meta property=\"article:modified_time\" content=\"2026-02-11T18:17:49+00:00\" \/>\n<meta property=\"og:image\" content=\"https:\/\/d-identify.be\/wp-content\/uploads\/2021\/09\/M431110-e1734019867510.png\" \/>\n\t<meta property=\"og:image:width\" content=\"800\" \/>\n\t<meta property=\"og:image:height\" content=\"800\" \/>\n\t<meta property=\"og:image:type\" content=\"image\/png\" \/>\n<meta name=\"twitter:card\" content=\"summary_large_image\" \/>\n<script type=\"application\/ld+json\" class=\"yoast-schema-graph\">{\"@context\":\"https:\/\/schema.org\",\"@graph\":[{\"@type\":\"WebPage\",\"@id\":\"https:\/\/d-identify.be\/fr\/produit\/duralabel-premium-ink\/\",\"url\":\"https:\/\/d-identify.be\/fr\/produit\/duralabel-premium-ink\/\",\"name\":\"DuraLabel Premium Ink for Toro Max\",\"isPartOf\":{\"@id\":\"https:\/\/d-identify.be\/fr\/#website\"},\"primaryImageOfPage\":{\"@id\":\"https:\/\/d-identify.be\/fr\/produit\/duralabel-premium-ink\/#primaryimage\"},\"image\":{\"@id\":\"https:\/\/d-identify.be\/fr\/produit\/duralabel-premium-ink\/#primaryimage\"},\"thumbnailUrl\":\"https:\/\/d-identify.be\/wp-content\/uploads\/2021\/09\/M431110-e1734019867510.png\",\"datePublished\":\"2021-09-06T09:17:54+00:00\",\"dateModified\":\"2026-02-11T18:17:49+00:00\",\"description\":\"Ce ruban polyvalent est parfait pour les environnements expos\u00e9s \u00e0 des produits chimiques lourds. Imprimez du texte de haute qualit\u00e9 qui reste lisible \u00e0 l'int\u00e9rieur comme \u00e0 l'ext\u00e9rieur.\",\"breadcrumb\":{\"@id\":\"https:\/\/d-identify.be\/fr\/produit\/duralabel-premium-ink\/#breadcrumb\"},\"inLanguage\":\"fr-FR\",\"potentialAction\":[{\"@type\":\"ReadAction\",\"target\":[\"https:\/\/d-identify.be\/fr\/produit\/duralabel-premium-ink\/\"]}]},{\"@type\":\"ImageObject\",\"inLanguage\":\"fr-FR\",\"@id\":\"https:\/\/d-identify.be\/fr\/produit\/duralabel-premium-ink\/#primaryimage\",\"url\":\"https:\/\/d-identify.be\/wp-content\/uploads\/2021\/09\/M431110-e1734019867510.png\",\"contentUrl\":\"https:\/\/d-identify.be\/wp-content\/uploads\/2021\/09\/M431110-e1734019867510.png\",\"width\":800,\"height\":800,\"caption\":\"Premium Ribbon Noir M431110 | DuraLabel\"},{\"@type\":\"BreadcrumbList\",\"@id\":\"https:\/\/d-identify.be\/fr\/produit\/duralabel-premium-ink\/#breadcrumb\",\"itemListElement\":[{\"@type\":\"ListItem\",\"position\":1,\"name\":\"Home\",\"item\":\"https:\/\/d-identify.be\/fr\/home-2\/\"},{\"@type\":\"ListItem\",\"position\":2,\"name\":\"Boutique\",\"item\":\"https:\/\/d-identify.be\/fr\/boutique\/\"},{\"@type\":\"ListItem\",\"position\":3,\"name\":\"Toro Max Premium Ink\"}]},{\"@type\":\"WebSite\",\"@id\":\"https:\/\/d-identify.be\/fr\/#website\",\"url\":\"https:\/\/d-identify.be\/fr\/\",\"name\":\"d-identify\",\"description\":\"Industrial identification - Lockout - Tagout - Floor marking\",\"potentialAction\":[{\"@type\":\"SearchAction\",\"target\":{\"@type\":\"EntryPoint\",\"urlTemplate\":\"https:\/\/d-identify.be\/fr\/?s={search_term_string}\"},\"query-input\":{\"@type\":\"PropertyValueSpecification\",\"valueRequired\":true,\"valueName\":\"search_term_string\"}}],\"inLanguage\":\"fr-FR\"}]}<\/script>\n<!-- \/ Yoast SEO Premium plugin. -->","yoast_head_json":{"title":"DuraLabel Premium Ink for Toro Max","description":"Ce ruban polyvalent est parfait pour les environnements expos\u00e9s \u00e0 des produits chimiques lourds. Imprimez du texte de haute qualit\u00e9 qui reste lisible \u00e0 l'int\u00e9rieur comme \u00e0 l'ext\u00e9rieur.","robots":{"index":"index","follow":"follow","max-snippet":"max-snippet:-1","max-image-preview":"max-image-preview:large","max-video-preview":"max-video-preview:-1"},"canonical":"https:\/\/d-identify.be\/fr\/produit\/duralabel-premium-ink\/","og_locale":"fr_FR","og_type":"article","og_title":"Toro Max Premium Ink","og_description":"Ce ruban polyvalent est parfait pour les environnements expos\u00e9s \u00e0 des produits chimiques lourds. Imprimez du texte de haute qualit\u00e9 qui reste lisible \u00e0 l'int\u00e9rieur comme \u00e0 l'ext\u00e9rieur.","og_url":"https:\/\/d-identify.be\/fr\/produit\/duralabel-premium-ink\/","og_site_name":"d-identify","article_modified_time":"2026-02-11T18:17:49+00:00","og_image":[{"width":800,"height":800,"url":"https:\/\/d-identify.be\/wp-content\/uploads\/2021\/09\/M431110-e1734019867510.png","type":"image\/png"}],"twitter_card":"summary_large_image","schema":{"@context":"https:\/\/schema.org","@graph":[{"@type":"WebPage","@id":"https:\/\/d-identify.be\/fr\/produit\/duralabel-premium-ink\/","url":"https:\/\/d-identify.be\/fr\/produit\/duralabel-premium-ink\/","name":"DuraLabel Premium Ink for Toro Max","isPartOf":{"@id":"https:\/\/d-identify.be\/fr\/#website"},"primaryImageOfPage":{"@id":"https:\/\/d-identify.be\/fr\/produit\/duralabel-premium-ink\/#primaryimage"},"image":{"@id":"https:\/\/d-identify.be\/fr\/produit\/duralabel-premium-ink\/#primaryimage"},"thumbnailUrl":"https:\/\/d-identify.be\/wp-content\/uploads\/2021\/09\/M431110-e1734019867510.png","datePublished":"2021-09-06T09:17:54+00:00","dateModified":"2026-02-11T18:17:49+00:00","description":"Ce ruban polyvalent est parfait pour les environnements expos\u00e9s \u00e0 des produits chimiques lourds. Imprimez du texte de haute qualit\u00e9 qui reste lisible \u00e0 l'int\u00e9rieur comme \u00e0 l'ext\u00e9rieur.","breadcrumb":{"@id":"https:\/\/d-identify.be\/fr\/produit\/duralabel-premium-ink\/#breadcrumb"},"inLanguage":"fr-FR","potentialAction":[{"@type":"ReadAction","target":["https:\/\/d-identify.be\/fr\/produit\/duralabel-premium-ink\/"]}]},{"@type":"ImageObject","inLanguage":"fr-FR","@id":"https:\/\/d-identify.be\/fr\/produit\/duralabel-premium-ink\/#primaryimage","url":"https:\/\/d-identify.be\/wp-content\/uploads\/2021\/09\/M431110-e1734019867510.png","contentUrl":"https:\/\/d-identify.be\/wp-content\/uploads\/2021\/09\/M431110-e1734019867510.png","width":800,"height":800,"caption":"Premium Ribbon Noir M431110 | DuraLabel"},{"@type":"BreadcrumbList","@id":"https:\/\/d-identify.be\/fr\/produit\/duralabel-premium-ink\/#breadcrumb","itemListElement":[{"@type":"ListItem","position":1,"name":"Home","item":"https:\/\/d-identify.be\/fr\/home-2\/"},{"@type":"ListItem","position":2,"name":"Boutique","item":"https:\/\/d-identify.be\/fr\/boutique\/"},{"@type":"ListItem","position":3,"name":"Toro Max Premium Ink"}]},{"@type":"WebSite","@id":"https:\/\/d-identify.be\/fr\/#website","url":"https:\/\/d-identify.be\/fr\/","name":"d-identify","description":"Industrial identification - Lockout - Tagout - Floor marking","potentialAction":[{"@type":"SearchAction","target":{"@type":"EntryPoint","urlTemplate":"https:\/\/d-identify.be\/fr\/?s={search_term_string}"},"query-input":{"@type":"PropertyValueSpecification","valueRequired":true,"valueName":"search_term_string"}}],"inLanguage":"fr-FR"}]}},"_links":{"self":[{"href":"https:\/\/d-identify.be\/fr\/wp-json\/wp\/v2\/product\/19224","targetHints":{"allow":["GET"]}}],"collection":[{"href":"https:\/\/d-identify.be\/fr\/wp-json\/wp\/v2\/product"}],"about":[{"href":"https:\/\/d-identify.be\/fr\/wp-json\/wp\/v2\/types\/product"}],"replies":[{"embeddable":true,"href":"https:\/\/d-identify.be\/fr\/wp-json\/wp\/v2\/comments?post=19224"}],"wp:featuredmedia":[{"embeddable":true,"href":"https:\/\/d-identify.be\/fr\/wp-json\/wp\/v2\/media\/19225"}],"wp:attachment":[{"href":"https:\/\/d-identify.be\/fr\/wp-json\/wp\/v2\/media?parent=19224"}],"wp:term":[{"taxonomy":"product_brand","embeddable":true,"href":"https:\/\/d-identify.be\/fr\/wp-json\/wp\/v2\/product_brand?post=19224"},{"taxonomy":"product_cat","embeddable":true,"href":"https:\/\/d-identify.be\/fr\/wp-json\/wp\/v2\/product_cat?post=19224"},{"taxonomy":"product_tag","embeddable":true,"href":"https:\/\/d-identify.be\/fr\/wp-json\/wp\/v2\/product_tag?post=19224"},{"taxonomy":"pa_connextion-shapes","embeddable":true,"href":"https:\/\/d-identify.be\/fr\/wp-json\/wp\/v2\/pa_connextion-shapes?post=19224"}],"curies":[{"name":"wp","href":"https:\/\/api.w.org\/{rel}","templated":true}]}}