{"id":19152,"date":"2021-09-07T15:02:30","date_gmt":"2021-09-07T13:02:30","guid":{"rendered":"https:\/\/d-identify.be\/product\/extended-life-vinyl-tape-with-ecr-ribbon-2\/"},"modified":"2024-05-28T17:01:58","modified_gmt":"2024-05-28T15:01:58","slug":"extended-life-vinyl-tape-with-ecr-ribbon-2","status":"publish","type":"product","link":"https:\/\/d-identify.be\/fr\/produit\/extended-life-vinyl-tape-with-ecr-ribbon-2\/","title":{"rendered":"Extended-Life Vinyl Tape with ECR Ribbon"},"content":{"rendered":"<ul>\n<li><strong>Encre r\u00e9sine de haute qualit\u00e9 :<\/strong> le ruban ECR offre une excellente durabilit\u00e9 et qualit\u00e9 d&rsquo;impression avec une haute r\u00e9sistance \u00e0 l&rsquo;abrasion et aux solvants.<\/li>\n<li><strong>Adh\u00e9sif acrylique permanent :<\/strong> l&rsquo;adh\u00e9sif durable adh\u00e8re fermement \u00e0 de nombreuses surfaces diff\u00e9rentes.<\/li>\n<li><strong>Design peu encombrant :<\/strong> le design fin emp\u00eache l&rsquo;accumulation d&rsquo;humidit\u00e9 pour r\u00e9duire les dommages dus au d\u00e9collement.<\/li>\n<li><strong>Utilisation int\u00e9rieure et ext\u00e9rieure :<\/strong> le mat\u00e9riau reste intact et lisible sur une gamme de temp\u00e9ratures et de surfaces \u00e0 l&rsquo;int\u00e9rieur comme \u00e0 l&rsquo;ext\u00e9rieur.<\/li>\n<li><strong>Durable :<\/strong> r\u00e9siste aux dommages caus\u00e9s par l&rsquo;abrasion, la lumi\u00e8re UV, l&rsquo;huile, la plupart des produits chimiques, les solvants, les traces de doigts et les rayures.<\/li>\n<\/ul>\n","protected":false},"excerpt":{"rendered":"<p>Nous avons combin\u00e9 notre mat\u00e9riau d&rsquo;\u00e9tiquette tr\u00e8s flexible avec notre ruban le plus r\u00e9sistant \u00e0 l&rsquo;abrasion pour une durabilit\u00e9 ultime. Cette combinaison est parfaite pour les environnements expos\u00e9s \u00e0 de fortes concentrations chimiques et aux surfaces textur\u00e9es et in\u00e9gales. Le design fin s&rsquo;adapte \u00e0 une vari\u00e9t\u00e9 de surfaces et l&rsquo;encre r\u00e9sine durable pr\u00e9vient les dommages caus\u00e9s par de nombreux solvants et produits chimiques pour des \u00e9tiquettes plus durables.  <\/p>\n","protected":false},"featured_media":19153,"comment_status":"open","ping_status":"closed","template":"","meta":{"_acf_changed":false,"_et_pb_use_builder":"","_et_pb_old_content":"","_et_gb_content_width":""},"product_brand":[],"product_cat":[589],"product_tag":[928],"pa_connextion-shapes":[],"class_list":{"0":"post-19152","1":"product","2":"type-product","3":"status-publish","4":"has-post-thumbnail","6":"product_cat-consomables_lobo","7":"product_tag-duralabel-fr","9":"first","10":"instock","11":"taxable","12":"shipping-taxable","13":"purchasable","14":"product-type-variable","15":"has-default-attributes"},"exclude_global_add_ons":[],"addons":[],"acf":[],"yoast_head":"<!-- This site is optimized with the Yoast SEO Premium plugin v27.0 (Yoast SEO v27.1) - https:\/\/yoast.com\/product\/yoast-seo-premium-wordpress\/ -->\n<title>Extended-Life Vinyl Tape with ECR Ribbon<\/title>\n<meta name=\"description\" content=\"Nous avons combin\u00e9 notre mat\u00e9riau d&#039;\u00e9tiquette tr\u00e8s flexible avec notre ruban le plus r\u00e9sistant \u00e0 l&#039;abrasion pour une durabilit\u00e9 ultime. Cette combinaison est...\" \/>\n<meta name=\"robots\" content=\"index, follow, max-snippet:-1, max-image-preview:large, max-video-preview:-1\" \/>\n<link rel=\"canonical\" href=\"https:\/\/d-identify.be\/fr\/produit\/extended-life-vinyl-tape-with-ecr-ribbon-2\/\" \/>\n<meta property=\"og:locale\" content=\"fr_FR\" \/>\n<meta property=\"og:type\" content=\"article\" \/>\n<meta property=\"og:title\" content=\"Extended-Life Vinyl Tape with ECR Ribbon\" \/>\n<meta property=\"og:description\" content=\"Nous avons combin\u00e9 notre mat\u00e9riau d&#039;\u00e9tiquette tr\u00e8s flexible avec notre ruban le plus r\u00e9sistant \u00e0 l&#039;abrasion pour une durabilit\u00e9 ultime. Cette combinaison est...\" \/>\n<meta property=\"og:url\" content=\"https:\/\/d-identify.be\/fr\/produit\/extended-life-vinyl-tape-with-ecr-ribbon-2\/\" \/>\n<meta property=\"og:site_name\" content=\"d-identify\" \/>\n<meta property=\"article:modified_time\" content=\"2024-05-28T15:01:58+00:00\" \/>\n<meta property=\"og:image\" content=\"https:\/\/d-identify.be\/wp-content\/uploads\/2021\/09\/L2-362609.png\" \/>\n\t<meta property=\"og:image:width\" content=\"1000\" \/>\n\t<meta property=\"og:image:height\" content=\"1000\" \/>\n\t<meta property=\"og:image:type\" content=\"image\/png\" \/>\n<meta name=\"twitter:card\" content=\"summary_large_image\" \/>\n<meta name=\"twitter:label1\" content=\"Dur\u00e9e de lecture estim\u00e9e\" \/>\n\t<meta name=\"twitter:data1\" content=\"1 minute\" \/>\n<script type=\"application\/ld+json\" class=\"yoast-schema-graph\">{\"@context\":\"https:\/\/schema.org\",\"@graph\":[{\"@type\":\"WebPage\",\"@id\":\"https:\/\/d-identify.be\/fr\/produit\/extended-life-vinyl-tape-with-ecr-ribbon-2\/\",\"url\":\"https:\/\/d-identify.be\/fr\/produit\/extended-life-vinyl-tape-with-ecr-ribbon-2\/\",\"name\":\"Extended-Life Vinyl Tape with ECR Ribbon\",\"isPartOf\":{\"@id\":\"https:\/\/d-identify.be\/fr\/#website\"},\"primaryImageOfPage\":{\"@id\":\"https:\/\/d-identify.be\/fr\/produit\/extended-life-vinyl-tape-with-ecr-ribbon-2\/#primaryimage\"},\"image\":{\"@id\":\"https:\/\/d-identify.be\/fr\/produit\/extended-life-vinyl-tape-with-ecr-ribbon-2\/#primaryimage\"},\"thumbnailUrl\":\"https:\/\/d-identify.be\/wp-content\/uploads\/2021\/09\/L2-362609.png\",\"datePublished\":\"2021-09-07T13:02:30+00:00\",\"dateModified\":\"2024-05-28T15:01:58+00:00\",\"description\":\"Nous avons combin\u00e9 notre mat\u00e9riau d'\u00e9tiquette tr\u00e8s flexible avec notre ruban le plus r\u00e9sistant \u00e0 l'abrasion pour une durabilit\u00e9 ultime. Cette combinaison est...\",\"breadcrumb\":{\"@id\":\"https:\/\/d-identify.be\/fr\/produit\/extended-life-vinyl-tape-with-ecr-ribbon-2\/#breadcrumb\"},\"inLanguage\":\"fr-FR\",\"potentialAction\":[{\"@type\":\"ReadAction\",\"target\":[\"https:\/\/d-identify.be\/fr\/produit\/extended-life-vinyl-tape-with-ecr-ribbon-2\/\"]}]},{\"@type\":\"ImageObject\",\"inLanguage\":\"fr-FR\",\"@id\":\"https:\/\/d-identify.be\/fr\/produit\/extended-life-vinyl-tape-with-ecr-ribbon-2\/#primaryimage\",\"url\":\"https:\/\/d-identify.be\/wp-content\/uploads\/2021\/09\/L2-362609.png\",\"contentUrl\":\"https:\/\/d-identify.be\/wp-content\/uploads\/2021\/09\/L2-362609.png\",\"width\":1000,\"height\":1000,\"caption\":\"vinyl tape ecr ribbon\"},{\"@type\":\"BreadcrumbList\",\"@id\":\"https:\/\/d-identify.be\/fr\/produit\/extended-life-vinyl-tape-with-ecr-ribbon-2\/#breadcrumb\",\"itemListElement\":[{\"@type\":\"ListItem\",\"position\":1,\"name\":\"Home\",\"item\":\"https:\/\/d-identify.be\/fr\/home-2\/\"},{\"@type\":\"ListItem\",\"position\":2,\"name\":\"Boutique\",\"item\":\"https:\/\/d-identify.be\/fr\/boutique\/\"},{\"@type\":\"ListItem\",\"position\":3,\"name\":\"Extended-Life Vinyl Tape with ECR Ribbon\"}]},{\"@type\":\"WebSite\",\"@id\":\"https:\/\/d-identify.be\/fr\/#website\",\"url\":\"https:\/\/d-identify.be\/fr\/\",\"name\":\"d-identify\",\"description\":\"Industrial identification - Lockout - Tagout - Floor marking\",\"potentialAction\":[{\"@type\":\"SearchAction\",\"target\":{\"@type\":\"EntryPoint\",\"urlTemplate\":\"https:\/\/d-identify.be\/fr\/?s={search_term_string}\"},\"query-input\":{\"@type\":\"PropertyValueSpecification\",\"valueRequired\":true,\"valueName\":\"search_term_string\"}}],\"inLanguage\":\"fr-FR\"}]}<\/script>\n<!-- \/ Yoast SEO Premium plugin. -->","yoast_head_json":{"title":"Extended-Life Vinyl Tape with ECR Ribbon","description":"Nous avons combin\u00e9 notre mat\u00e9riau d'\u00e9tiquette tr\u00e8s flexible avec notre ruban le plus r\u00e9sistant \u00e0 l'abrasion pour une durabilit\u00e9 ultime. Cette combinaison est...","robots":{"index":"index","follow":"follow","max-snippet":"max-snippet:-1","max-image-preview":"max-image-preview:large","max-video-preview":"max-video-preview:-1"},"canonical":"https:\/\/d-identify.be\/fr\/produit\/extended-life-vinyl-tape-with-ecr-ribbon-2\/","og_locale":"fr_FR","og_type":"article","og_title":"Extended-Life Vinyl Tape with ECR Ribbon","og_description":"Nous avons combin\u00e9 notre mat\u00e9riau d'\u00e9tiquette tr\u00e8s flexible avec notre ruban le plus r\u00e9sistant \u00e0 l'abrasion pour une durabilit\u00e9 ultime. Cette combinaison est...","og_url":"https:\/\/d-identify.be\/fr\/produit\/extended-life-vinyl-tape-with-ecr-ribbon-2\/","og_site_name":"d-identify","article_modified_time":"2024-05-28T15:01:58+00:00","og_image":[{"width":1000,"height":1000,"url":"https:\/\/d-identify.be\/wp-content\/uploads\/2021\/09\/L2-362609.png","type":"image\/png"}],"twitter_card":"summary_large_image","twitter_misc":{"Dur\u00e9e de lecture estim\u00e9e":"1 minute"},"schema":{"@context":"https:\/\/schema.org","@graph":[{"@type":"WebPage","@id":"https:\/\/d-identify.be\/fr\/produit\/extended-life-vinyl-tape-with-ecr-ribbon-2\/","url":"https:\/\/d-identify.be\/fr\/produit\/extended-life-vinyl-tape-with-ecr-ribbon-2\/","name":"Extended-Life Vinyl Tape with ECR Ribbon","isPartOf":{"@id":"https:\/\/d-identify.be\/fr\/#website"},"primaryImageOfPage":{"@id":"https:\/\/d-identify.be\/fr\/produit\/extended-life-vinyl-tape-with-ecr-ribbon-2\/#primaryimage"},"image":{"@id":"https:\/\/d-identify.be\/fr\/produit\/extended-life-vinyl-tape-with-ecr-ribbon-2\/#primaryimage"},"thumbnailUrl":"https:\/\/d-identify.be\/wp-content\/uploads\/2021\/09\/L2-362609.png","datePublished":"2021-09-07T13:02:30+00:00","dateModified":"2024-05-28T15:01:58+00:00","description":"Nous avons combin\u00e9 notre mat\u00e9riau d'\u00e9tiquette tr\u00e8s flexible avec notre ruban le plus r\u00e9sistant \u00e0 l'abrasion pour une durabilit\u00e9 ultime. Cette combinaison est...","breadcrumb":{"@id":"https:\/\/d-identify.be\/fr\/produit\/extended-life-vinyl-tape-with-ecr-ribbon-2\/#breadcrumb"},"inLanguage":"fr-FR","potentialAction":[{"@type":"ReadAction","target":["https:\/\/d-identify.be\/fr\/produit\/extended-life-vinyl-tape-with-ecr-ribbon-2\/"]}]},{"@type":"ImageObject","inLanguage":"fr-FR","@id":"https:\/\/d-identify.be\/fr\/produit\/extended-life-vinyl-tape-with-ecr-ribbon-2\/#primaryimage","url":"https:\/\/d-identify.be\/wp-content\/uploads\/2021\/09\/L2-362609.png","contentUrl":"https:\/\/d-identify.be\/wp-content\/uploads\/2021\/09\/L2-362609.png","width":1000,"height":1000,"caption":"vinyl tape ecr ribbon"},{"@type":"BreadcrumbList","@id":"https:\/\/d-identify.be\/fr\/produit\/extended-life-vinyl-tape-with-ecr-ribbon-2\/#breadcrumb","itemListElement":[{"@type":"ListItem","position":1,"name":"Home","item":"https:\/\/d-identify.be\/fr\/home-2\/"},{"@type":"ListItem","position":2,"name":"Boutique","item":"https:\/\/d-identify.be\/fr\/boutique\/"},{"@type":"ListItem","position":3,"name":"Extended-Life Vinyl Tape with ECR Ribbon"}]},{"@type":"WebSite","@id":"https:\/\/d-identify.be\/fr\/#website","url":"https:\/\/d-identify.be\/fr\/","name":"d-identify","description":"Industrial identification - Lockout - Tagout - Floor marking","potentialAction":[{"@type":"SearchAction","target":{"@type":"EntryPoint","urlTemplate":"https:\/\/d-identify.be\/fr\/?s={search_term_string}"},"query-input":{"@type":"PropertyValueSpecification","valueRequired":true,"valueName":"search_term_string"}}],"inLanguage":"fr-FR"}]}},"_links":{"self":[{"href":"https:\/\/d-identify.be\/fr\/wp-json\/wp\/v2\/product\/19152","targetHints":{"allow":["GET"]}}],"collection":[{"href":"https:\/\/d-identify.be\/fr\/wp-json\/wp\/v2\/product"}],"about":[{"href":"https:\/\/d-identify.be\/fr\/wp-json\/wp\/v2\/types\/product"}],"replies":[{"embeddable":true,"href":"https:\/\/d-identify.be\/fr\/wp-json\/wp\/v2\/comments?post=19152"}],"wp:featuredmedia":[{"embeddable":true,"href":"https:\/\/d-identify.be\/fr\/wp-json\/wp\/v2\/media\/19153"}],"wp:attachment":[{"href":"https:\/\/d-identify.be\/fr\/wp-json\/wp\/v2\/media?parent=19152"}],"wp:term":[{"taxonomy":"product_brand","embeddable":true,"href":"https:\/\/d-identify.be\/fr\/wp-json\/wp\/v2\/product_brand?post=19152"},{"taxonomy":"product_cat","embeddable":true,"href":"https:\/\/d-identify.be\/fr\/wp-json\/wp\/v2\/product_cat?post=19152"},{"taxonomy":"product_tag","embeddable":true,"href":"https:\/\/d-identify.be\/fr\/wp-json\/wp\/v2\/product_tag?post=19152"},{"taxonomy":"pa_connextion-shapes","embeddable":true,"href":"https:\/\/d-identify.be\/fr\/wp-json\/wp\/v2\/pa_connextion-shapes?post=19152"}],"curies":[{"name":"wp","href":"https:\/\/api.w.org\/{rel}","templated":true}]}}