{"id":19132,"date":"2021-09-07T16:27:55","date_gmt":"2021-09-07T14:27:55","guid":{"rendered":"https:\/\/d-identify.be\/product\/duralabel-lobo-soft-case-2\/"},"modified":"2024-05-28T17:01:25","modified_gmt":"2024-05-28T15:01:25","slug":"duralabel-lobo-soft-case-2","status":"publish","type":"product","link":"https:\/\/d-identify.be\/fr\/produit\/duralabel-lobo-soft-case-2\/","title":{"rendered":"DuraLabel Lobo Soft Case"},"content":{"rendered":"<p>Emportez votre Lobo et vos consommables en toute s\u00e9curit\u00e9 et facilement o\u00f9 que vous alliez dans ce sac de transport souple. L&rsquo;ext\u00e9rieur souple prot\u00e8ge l&rsquo;imprimante de la poussi\u00e8re et des impacts l\u00e9gers lors du transport ou sur le lieu de travail. <\/p>\n","protected":false},"excerpt":{"rendered":"<p>Transportez en toute s\u00e9curit\u00e9 votre imprimante DuraLabel Lobo partout dans cette housse souple pratique<\/p>\n","protected":false},"featured_media":19133,"comment_status":"open","ping_status":"closed","template":"","meta":{"_acf_changed":false,"_et_pb_use_builder":"","_et_pb_old_content":"","_et_gb_content_width":""},"product_brand":[],"product_cat":[589],"product_tag":[928],"pa_connextion-shapes":[],"class_list":{"0":"post-19132","1":"product","2":"type-product","3":"status-publish","4":"has-post-thumbnail","6":"product_cat-consomables_lobo","7":"product_tag-duralabel-fr","9":"first","10":"instock","11":"taxable","12":"shipping-taxable","13":"purchasable","14":"product-type-simple"},"exclude_global_add_ons":[],"addons":[],"acf":[],"yoast_head":"<!-- This site is optimized with the Yoast SEO Premium plugin v27.0 (Yoast SEO v27.1) - https:\/\/yoast.com\/product\/yoast-seo-premium-wordpress\/ -->\n<title>DuraLabel Lobo Soft Case<\/title>\n<meta name=\"description\" content=\"Transportez en toute s\u00e9curit\u00e9 votre imprimante DuraLabel Lobo partout dans cette housse souple pratique. L&#039;ext\u00e9rieur souple prot\u00e8ge l&#039;imprimante de la poussi\u00e8re...\" \/>\n<meta name=\"robots\" content=\"index, follow, max-snippet:-1, max-image-preview:large, max-video-preview:-1\" \/>\n<link rel=\"canonical\" href=\"https:\/\/d-identify.be\/fr\/produit\/duralabel-lobo-soft-case-2\/\" \/>\n<meta property=\"og:locale\" content=\"fr_FR\" \/>\n<meta property=\"og:type\" content=\"article\" \/>\n<meta property=\"og:title\" content=\"DuraLabel Lobo Soft Case\" \/>\n<meta property=\"og:description\" content=\"Transportez en toute s\u00e9curit\u00e9 votre imprimante DuraLabel Lobo partout dans cette housse souple pratique. L&#039;ext\u00e9rieur souple prot\u00e8ge l&#039;imprimante de la poussi\u00e8re...\" \/>\n<meta property=\"og:url\" content=\"https:\/\/d-identify.be\/fr\/produit\/duralabel-lobo-soft-case-2\/\" \/>\n<meta property=\"og:site_name\" content=\"d-identify\" \/>\n<meta property=\"article:modified_time\" content=\"2024-05-28T15:01:25+00:00\" \/>\n<meta property=\"og:image\" content=\"https:\/\/d-identify.be\/wp-content\/uploads\/2021\/09\/DLL-SOFTCASE.png\" \/>\n\t<meta property=\"og:image:width\" content=\"1000\" \/>\n\t<meta property=\"og:image:height\" content=\"1000\" \/>\n\t<meta property=\"og:image:type\" content=\"image\/png\" \/>\n<meta name=\"twitter:card\" content=\"summary_large_image\" \/>\n<meta name=\"twitter:label1\" content=\"Dur\u00e9e de lecture estim\u00e9e\" \/>\n\t<meta name=\"twitter:data1\" content=\"1 minute\" \/>\n<script type=\"application\/ld+json\" class=\"yoast-schema-graph\">{\"@context\":\"https:\/\/schema.org\",\"@graph\":[{\"@type\":\"WebPage\",\"@id\":\"https:\/\/d-identify.be\/fr\/produit\/duralabel-lobo-soft-case-2\/\",\"url\":\"https:\/\/d-identify.be\/fr\/produit\/duralabel-lobo-soft-case-2\/\",\"name\":\"DuraLabel Lobo Soft Case\",\"isPartOf\":{\"@id\":\"https:\/\/d-identify.be\/fr\/#website\"},\"primaryImageOfPage\":{\"@id\":\"https:\/\/d-identify.be\/fr\/produit\/duralabel-lobo-soft-case-2\/#primaryimage\"},\"image\":{\"@id\":\"https:\/\/d-identify.be\/fr\/produit\/duralabel-lobo-soft-case-2\/#primaryimage\"},\"thumbnailUrl\":\"https:\/\/d-identify.be\/wp-content\/uploads\/2021\/09\/DLL-SOFTCASE.png\",\"datePublished\":\"2021-09-07T14:27:55+00:00\",\"dateModified\":\"2024-05-28T15:01:25+00:00\",\"description\":\"Transportez en toute s\u00e9curit\u00e9 votre imprimante DuraLabel Lobo partout dans cette housse souple pratique. L'ext\u00e9rieur souple prot\u00e8ge l'imprimante de la poussi\u00e8re...\",\"breadcrumb\":{\"@id\":\"https:\/\/d-identify.be\/fr\/produit\/duralabel-lobo-soft-case-2\/#breadcrumb\"},\"inLanguage\":\"fr-FR\",\"potentialAction\":[{\"@type\":\"ReadAction\",\"target\":[\"https:\/\/d-identify.be\/fr\/produit\/duralabel-lobo-soft-case-2\/\"]}]},{\"@type\":\"ImageObject\",\"inLanguage\":\"fr-FR\",\"@id\":\"https:\/\/d-identify.be\/fr\/produit\/duralabel-lobo-soft-case-2\/#primaryimage\",\"url\":\"https:\/\/d-identify.be\/wp-content\/uploads\/2021\/09\/DLL-SOFTCASE.png\",\"contentUrl\":\"https:\/\/d-identify.be\/wp-content\/uploads\/2021\/09\/DLL-SOFTCASE.png\",\"width\":1000,\"height\":1000,\"caption\":\"lobo soft case\"},{\"@type\":\"BreadcrumbList\",\"@id\":\"https:\/\/d-identify.be\/fr\/produit\/duralabel-lobo-soft-case-2\/#breadcrumb\",\"itemListElement\":[{\"@type\":\"ListItem\",\"position\":1,\"name\":\"Home\",\"item\":\"https:\/\/d-identify.be\/fr\/home-2\/\"},{\"@type\":\"ListItem\",\"position\":2,\"name\":\"Boutique\",\"item\":\"https:\/\/d-identify.be\/fr\/boutique\/\"},{\"@type\":\"ListItem\",\"position\":3,\"name\":\"DuraLabel Lobo Soft Case\"}]},{\"@type\":\"WebSite\",\"@id\":\"https:\/\/d-identify.be\/fr\/#website\",\"url\":\"https:\/\/d-identify.be\/fr\/\",\"name\":\"d-identify\",\"description\":\"Industrial identification - Lockout - Tagout - Floor marking\",\"potentialAction\":[{\"@type\":\"SearchAction\",\"target\":{\"@type\":\"EntryPoint\",\"urlTemplate\":\"https:\/\/d-identify.be\/fr\/?s={search_term_string}\"},\"query-input\":{\"@type\":\"PropertyValueSpecification\",\"valueRequired\":true,\"valueName\":\"search_term_string\"}}],\"inLanguage\":\"fr-FR\"}]}<\/script>\n<!-- \/ Yoast SEO Premium plugin. -->","yoast_head_json":{"title":"DuraLabel Lobo Soft Case","description":"Transportez en toute s\u00e9curit\u00e9 votre imprimante DuraLabel Lobo partout dans cette housse souple pratique. L'ext\u00e9rieur souple prot\u00e8ge l'imprimante de la poussi\u00e8re...","robots":{"index":"index","follow":"follow","max-snippet":"max-snippet:-1","max-image-preview":"max-image-preview:large","max-video-preview":"max-video-preview:-1"},"canonical":"https:\/\/d-identify.be\/fr\/produit\/duralabel-lobo-soft-case-2\/","og_locale":"fr_FR","og_type":"article","og_title":"DuraLabel Lobo Soft Case","og_description":"Transportez en toute s\u00e9curit\u00e9 votre imprimante DuraLabel Lobo partout dans cette housse souple pratique. L'ext\u00e9rieur souple prot\u00e8ge l'imprimante de la poussi\u00e8re...","og_url":"https:\/\/d-identify.be\/fr\/produit\/duralabel-lobo-soft-case-2\/","og_site_name":"d-identify","article_modified_time":"2024-05-28T15:01:25+00:00","og_image":[{"width":1000,"height":1000,"url":"https:\/\/d-identify.be\/wp-content\/uploads\/2021\/09\/DLL-SOFTCASE.png","type":"image\/png"}],"twitter_card":"summary_large_image","twitter_misc":{"Dur\u00e9e de lecture estim\u00e9e":"1 minute"},"schema":{"@context":"https:\/\/schema.org","@graph":[{"@type":"WebPage","@id":"https:\/\/d-identify.be\/fr\/produit\/duralabel-lobo-soft-case-2\/","url":"https:\/\/d-identify.be\/fr\/produit\/duralabel-lobo-soft-case-2\/","name":"DuraLabel Lobo Soft Case","isPartOf":{"@id":"https:\/\/d-identify.be\/fr\/#website"},"primaryImageOfPage":{"@id":"https:\/\/d-identify.be\/fr\/produit\/duralabel-lobo-soft-case-2\/#primaryimage"},"image":{"@id":"https:\/\/d-identify.be\/fr\/produit\/duralabel-lobo-soft-case-2\/#primaryimage"},"thumbnailUrl":"https:\/\/d-identify.be\/wp-content\/uploads\/2021\/09\/DLL-SOFTCASE.png","datePublished":"2021-09-07T14:27:55+00:00","dateModified":"2024-05-28T15:01:25+00:00","description":"Transportez en toute s\u00e9curit\u00e9 votre imprimante DuraLabel Lobo partout dans cette housse souple pratique. L'ext\u00e9rieur souple prot\u00e8ge l'imprimante de la poussi\u00e8re...","breadcrumb":{"@id":"https:\/\/d-identify.be\/fr\/produit\/duralabel-lobo-soft-case-2\/#breadcrumb"},"inLanguage":"fr-FR","potentialAction":[{"@type":"ReadAction","target":["https:\/\/d-identify.be\/fr\/produit\/duralabel-lobo-soft-case-2\/"]}]},{"@type":"ImageObject","inLanguage":"fr-FR","@id":"https:\/\/d-identify.be\/fr\/produit\/duralabel-lobo-soft-case-2\/#primaryimage","url":"https:\/\/d-identify.be\/wp-content\/uploads\/2021\/09\/DLL-SOFTCASE.png","contentUrl":"https:\/\/d-identify.be\/wp-content\/uploads\/2021\/09\/DLL-SOFTCASE.png","width":1000,"height":1000,"caption":"lobo soft case"},{"@type":"BreadcrumbList","@id":"https:\/\/d-identify.be\/fr\/produit\/duralabel-lobo-soft-case-2\/#breadcrumb","itemListElement":[{"@type":"ListItem","position":1,"name":"Home","item":"https:\/\/d-identify.be\/fr\/home-2\/"},{"@type":"ListItem","position":2,"name":"Boutique","item":"https:\/\/d-identify.be\/fr\/boutique\/"},{"@type":"ListItem","position":3,"name":"DuraLabel Lobo Soft Case"}]},{"@type":"WebSite","@id":"https:\/\/d-identify.be\/fr\/#website","url":"https:\/\/d-identify.be\/fr\/","name":"d-identify","description":"Industrial identification - Lockout - Tagout - Floor marking","potentialAction":[{"@type":"SearchAction","target":{"@type":"EntryPoint","urlTemplate":"https:\/\/d-identify.be\/fr\/?s={search_term_string}"},"query-input":{"@type":"PropertyValueSpecification","valueRequired":true,"valueName":"search_term_string"}}],"inLanguage":"fr-FR"}]}},"_links":{"self":[{"href":"https:\/\/d-identify.be\/fr\/wp-json\/wp\/v2\/product\/19132","targetHints":{"allow":["GET"]}}],"collection":[{"href":"https:\/\/d-identify.be\/fr\/wp-json\/wp\/v2\/product"}],"about":[{"href":"https:\/\/d-identify.be\/fr\/wp-json\/wp\/v2\/types\/product"}],"replies":[{"embeddable":true,"href":"https:\/\/d-identify.be\/fr\/wp-json\/wp\/v2\/comments?post=19132"}],"wp:featuredmedia":[{"embeddable":true,"href":"https:\/\/d-identify.be\/fr\/wp-json\/wp\/v2\/media\/19133"}],"wp:attachment":[{"href":"https:\/\/d-identify.be\/fr\/wp-json\/wp\/v2\/media?parent=19132"}],"wp:term":[{"taxonomy":"product_brand","embeddable":true,"href":"https:\/\/d-identify.be\/fr\/wp-json\/wp\/v2\/product_brand?post=19132"},{"taxonomy":"product_cat","embeddable":true,"href":"https:\/\/d-identify.be\/fr\/wp-json\/wp\/v2\/product_cat?post=19132"},{"taxonomy":"product_tag","embeddable":true,"href":"https:\/\/d-identify.be\/fr\/wp-json\/wp\/v2\/product_tag?post=19132"},{"taxonomy":"pa_connextion-shapes","embeddable":true,"href":"https:\/\/d-identify.be\/fr\/wp-json\/wp\/v2\/pa_connextion-shapes?post=19132"}],"curies":[{"name":"wp","href":"https:\/\/api.w.org\/{rel}","templated":true}]}}