{"id":19112,"date":"2021-09-07T16:36:47","date_gmt":"2021-09-07T14:36:47","guid":{"rendered":"https:\/\/d-identify.be\/product\/enroulements-de-fil-auto-lamines-25mm\/"},"modified":"2024-05-28T17:00:24","modified_gmt":"2024-05-28T15:00:24","slug":"enroulements-de-fil-auto-lamines-25mm","status":"publish","type":"product","link":"https:\/\/d-identify.be\/fr\/produit\/enroulements-de-fil-auto-lamines-25mm\/","title":{"rendered":"Enroulements de fil auto-lamin\u00e9s 25mm"},"content":{"rendered":"<p>Organisez les fils et les c\u00e2bles avec des \u00e9tiquettes faciles \u00e0 lire. Ce mat\u00e9riau est id\u00e9al pour imprimer des en-t\u00eates color\u00e9s, du texte, des symboles de s\u00e9curit\u00e9 et des codes-barres. Il est parfait pour \u00e9tiqueter les fils termin\u00e9s et non termin\u00e9s, les c\u00e2bles, les tubes, les conduits, les petits tuyaux, et plus encore.  <\/p>\n<ul>\n<li><strong>Polyvalent :<\/strong> personnalisez les \u00e9tiquettes avec du texte et des graphiques pour r\u00e9pondre \u00e0 vos besoins.<\/li>\n<li><strong>Durable : r\u00e9siste \u00e0 l&rsquo;eau, \u00e0 l&rsquo;huile, \u00e0 la lumi\u00e8re UV, \u00e0 l&rsquo;abrasion et aux solvants doux.<\/strong><\/li>\n<li><strong>Facile \u00e0 utiliser :<\/strong> imprimez, d\u00e9collez et enroulez le mat\u00e9riau autour des informations de l&rsquo;\u00e9tiquette.<\/li>\n<li style=\"list-style-type: none;\">\n<\/li>\n<\/ul>\n","protected":false},"excerpt":{"rendered":"<p>Organisez facilement les fils et les c\u00e2bles et ajoutez une protection suppl\u00e9mentaire aux \u00e9tiquettes. Le design de superposition prot\u00e8ge les informations des \u00e9tiquettes pour une dur\u00e9e de vie plus longue. Id\u00e9al pour l&rsquo;\u00e9tiquetage des fils termin\u00e9s et non termin\u00e9s, des tubes, des c\u00e2bles, des conduits et des petits tuyaux. Besoin d&rsquo;un ruban plus large ?    <a href=\"https:\/\/d-identify.be\/product\/selflam-wire-wraps-38mm\/\" target=\"_blank\" rel=\"noopener\">Enroulements de fil auto-lamin\u00e9s 38mm<\/a><\/p>\n","protected":false},"featured_media":19113,"comment_status":"open","ping_status":"closed","template":"","meta":{"_acf_changed":false,"_et_pb_use_builder":"","_et_pb_old_content":"","_et_gb_content_width":""},"product_brand":[],"product_cat":[589],"product_tag":[928],"pa_connextion-shapes":[],"class_list":{"0":"post-19112","1":"product","2":"type-product","3":"status-publish","4":"has-post-thumbnail","6":"product_cat-consomables_lobo","7":"product_tag-duralabel-fr","9":"first","10":"instock","11":"taxable","12":"shipping-taxable","13":"purchasable","14":"product-type-variable","15":"has-default-attributes"},"exclude_global_add_ons":[],"addons":[],"acf":[],"yoast_head":"<!-- This site is optimized with the Yoast SEO Premium plugin v27.0 (Yoast SEO v27.1) - https:\/\/yoast.com\/product\/yoast-seo-premium-wordpress\/ -->\n<title>Enroulements de fil auto-lamin\u00e9s 25mm<\/title>\n<meta name=\"description\" content=\"Organisez facilement les fils et les c\u00e2bles et ajoutez une protection suppl\u00e9mentaire aux \u00e9tiquettes avec les enroulements de fil auto-lamin\u00e9s 25mm. Le design de superposition prot\u00e8ge...\" \/>\n<meta name=\"robots\" content=\"index, follow, max-snippet:-1, max-image-preview:large, max-video-preview:-1\" \/>\n<link rel=\"canonical\" href=\"https:\/\/d-identify.be\/fr\/produit\/enroulements-de-fil-auto-lamines-25mm\/\" \/>\n<meta property=\"og:locale\" content=\"fr_FR\" \/>\n<meta property=\"og:type\" content=\"article\" \/>\n<meta property=\"og:title\" content=\"Enroulements de fil auto-lamin\u00e9s 25mm\" \/>\n<meta property=\"og:description\" content=\"Organisez facilement les fils et les c\u00e2bles et ajoutez une protection suppl\u00e9mentaire aux \u00e9tiquettes avec les enroulements de fil auto-lamin\u00e9s 25mm. Le design de superposition prot\u00e8ge...\" \/>\n<meta property=\"og:url\" content=\"https:\/\/d-identify.be\/fr\/produit\/enroulements-de-fil-auto-lamines-25mm\/\" \/>\n<meta property=\"og:site_name\" content=\"d-identify\" \/>\n<meta property=\"article:modified_time\" content=\"2024-05-28T15:00:24+00:00\" \/>\n<meta property=\"og:image\" content=\"https:\/\/d-identify.be\/wp-content\/uploads\/2021\/09\/L13125-100308.png\" \/>\n\t<meta property=\"og:image:width\" content=\"1000\" \/>\n\t<meta property=\"og:image:height\" content=\"1000\" \/>\n\t<meta property=\"og:image:type\" content=\"image\/png\" \/>\n<meta name=\"twitter:card\" content=\"summary_large_image\" \/>\n<meta name=\"twitter:label1\" content=\"Dur\u00e9e de lecture estim\u00e9e\" \/>\n\t<meta name=\"twitter:data1\" content=\"1 minute\" \/>\n<script type=\"application\/ld+json\" class=\"yoast-schema-graph\">{\"@context\":\"https:\/\/schema.org\",\"@graph\":[{\"@type\":\"WebPage\",\"@id\":\"https:\/\/d-identify.be\/fr\/produit\/enroulements-de-fil-auto-lamines-25mm\/\",\"url\":\"https:\/\/d-identify.be\/fr\/produit\/enroulements-de-fil-auto-lamines-25mm\/\",\"name\":\"Enroulements de fil auto-lamin\u00e9s 25mm\",\"isPartOf\":{\"@id\":\"https:\/\/d-identify.be\/fr\/#website\"},\"primaryImageOfPage\":{\"@id\":\"https:\/\/d-identify.be\/fr\/produit\/enroulements-de-fil-auto-lamines-25mm\/#primaryimage\"},\"image\":{\"@id\":\"https:\/\/d-identify.be\/fr\/produit\/enroulements-de-fil-auto-lamines-25mm\/#primaryimage\"},\"thumbnailUrl\":\"https:\/\/d-identify.be\/wp-content\/uploads\/2021\/09\/L13125-100308.png\",\"datePublished\":\"2021-09-07T14:36:47+00:00\",\"dateModified\":\"2024-05-28T15:00:24+00:00\",\"description\":\"Organisez facilement les fils et les c\u00e2bles et ajoutez une protection suppl\u00e9mentaire aux \u00e9tiquettes avec les enroulements de fil auto-lamin\u00e9s 25mm. Le design de superposition prot\u00e8ge...\",\"breadcrumb\":{\"@id\":\"https:\/\/d-identify.be\/fr\/produit\/enroulements-de-fil-auto-lamines-25mm\/#breadcrumb\"},\"inLanguage\":\"fr-FR\",\"potentialAction\":[{\"@type\":\"ReadAction\",\"target\":[\"https:\/\/d-identify.be\/fr\/produit\/enroulements-de-fil-auto-lamines-25mm\/\"]}]},{\"@type\":\"ImageObject\",\"inLanguage\":\"fr-FR\",\"@id\":\"https:\/\/d-identify.be\/fr\/produit\/enroulements-de-fil-auto-lamines-25mm\/#primaryimage\",\"url\":\"https:\/\/d-identify.be\/wp-content\/uploads\/2021\/09\/L13125-100308.png\",\"contentUrl\":\"https:\/\/d-identify.be\/wp-content\/uploads\/2021\/09\/L13125-100308.png\",\"width\":1000,\"height\":1000,\"caption\":\"Enroulements de fil auto-lamin\u00e9s 25mm\"},{\"@type\":\"BreadcrumbList\",\"@id\":\"https:\/\/d-identify.be\/fr\/produit\/enroulements-de-fil-auto-lamines-25mm\/#breadcrumb\",\"itemListElement\":[{\"@type\":\"ListItem\",\"position\":1,\"name\":\"Home\",\"item\":\"https:\/\/d-identify.be\/fr\/home-2\/\"},{\"@type\":\"ListItem\",\"position\":2,\"name\":\"Boutique\",\"item\":\"https:\/\/d-identify.be\/fr\/boutique\/\"},{\"@type\":\"ListItem\",\"position\":3,\"name\":\"Enroulements de fil auto-lamin\u00e9s 25mm\"}]},{\"@type\":\"WebSite\",\"@id\":\"https:\/\/d-identify.be\/fr\/#website\",\"url\":\"https:\/\/d-identify.be\/fr\/\",\"name\":\"d-identify\",\"description\":\"Industrial identification - Lockout - Tagout - Floor marking\",\"potentialAction\":[{\"@type\":\"SearchAction\",\"target\":{\"@type\":\"EntryPoint\",\"urlTemplate\":\"https:\/\/d-identify.be\/fr\/?s={search_term_string}\"},\"query-input\":{\"@type\":\"PropertyValueSpecification\",\"valueRequired\":true,\"valueName\":\"search_term_string\"}}],\"inLanguage\":\"fr-FR\"}]}<\/script>\n<!-- \/ Yoast SEO Premium plugin. -->","yoast_head_json":{"title":"Enroulements de fil auto-lamin\u00e9s 25mm","description":"Organisez facilement les fils et les c\u00e2bles et ajoutez une protection suppl\u00e9mentaire aux \u00e9tiquettes avec les enroulements de fil auto-lamin\u00e9s 25mm. Le design de superposition prot\u00e8ge...","robots":{"index":"index","follow":"follow","max-snippet":"max-snippet:-1","max-image-preview":"max-image-preview:large","max-video-preview":"max-video-preview:-1"},"canonical":"https:\/\/d-identify.be\/fr\/produit\/enroulements-de-fil-auto-lamines-25mm\/","og_locale":"fr_FR","og_type":"article","og_title":"Enroulements de fil auto-lamin\u00e9s 25mm","og_description":"Organisez facilement les fils et les c\u00e2bles et ajoutez une protection suppl\u00e9mentaire aux \u00e9tiquettes avec les enroulements de fil auto-lamin\u00e9s 25mm. Le design de superposition prot\u00e8ge...","og_url":"https:\/\/d-identify.be\/fr\/produit\/enroulements-de-fil-auto-lamines-25mm\/","og_site_name":"d-identify","article_modified_time":"2024-05-28T15:00:24+00:00","og_image":[{"width":1000,"height":1000,"url":"https:\/\/d-identify.be\/wp-content\/uploads\/2021\/09\/L13125-100308.png","type":"image\/png"}],"twitter_card":"summary_large_image","twitter_misc":{"Dur\u00e9e de lecture estim\u00e9e":"1 minute"},"schema":{"@context":"https:\/\/schema.org","@graph":[{"@type":"WebPage","@id":"https:\/\/d-identify.be\/fr\/produit\/enroulements-de-fil-auto-lamines-25mm\/","url":"https:\/\/d-identify.be\/fr\/produit\/enroulements-de-fil-auto-lamines-25mm\/","name":"Enroulements de fil auto-lamin\u00e9s 25mm","isPartOf":{"@id":"https:\/\/d-identify.be\/fr\/#website"},"primaryImageOfPage":{"@id":"https:\/\/d-identify.be\/fr\/produit\/enroulements-de-fil-auto-lamines-25mm\/#primaryimage"},"image":{"@id":"https:\/\/d-identify.be\/fr\/produit\/enroulements-de-fil-auto-lamines-25mm\/#primaryimage"},"thumbnailUrl":"https:\/\/d-identify.be\/wp-content\/uploads\/2021\/09\/L13125-100308.png","datePublished":"2021-09-07T14:36:47+00:00","dateModified":"2024-05-28T15:00:24+00:00","description":"Organisez facilement les fils et les c\u00e2bles et ajoutez une protection suppl\u00e9mentaire aux \u00e9tiquettes avec les enroulements de fil auto-lamin\u00e9s 25mm. Le design de superposition prot\u00e8ge...","breadcrumb":{"@id":"https:\/\/d-identify.be\/fr\/produit\/enroulements-de-fil-auto-lamines-25mm\/#breadcrumb"},"inLanguage":"fr-FR","potentialAction":[{"@type":"ReadAction","target":["https:\/\/d-identify.be\/fr\/produit\/enroulements-de-fil-auto-lamines-25mm\/"]}]},{"@type":"ImageObject","inLanguage":"fr-FR","@id":"https:\/\/d-identify.be\/fr\/produit\/enroulements-de-fil-auto-lamines-25mm\/#primaryimage","url":"https:\/\/d-identify.be\/wp-content\/uploads\/2021\/09\/L13125-100308.png","contentUrl":"https:\/\/d-identify.be\/wp-content\/uploads\/2021\/09\/L13125-100308.png","width":1000,"height":1000,"caption":"Enroulements de fil auto-lamin\u00e9s 25mm"},{"@type":"BreadcrumbList","@id":"https:\/\/d-identify.be\/fr\/produit\/enroulements-de-fil-auto-lamines-25mm\/#breadcrumb","itemListElement":[{"@type":"ListItem","position":1,"name":"Home","item":"https:\/\/d-identify.be\/fr\/home-2\/"},{"@type":"ListItem","position":2,"name":"Boutique","item":"https:\/\/d-identify.be\/fr\/boutique\/"},{"@type":"ListItem","position":3,"name":"Enroulements de fil auto-lamin\u00e9s 25mm"}]},{"@type":"WebSite","@id":"https:\/\/d-identify.be\/fr\/#website","url":"https:\/\/d-identify.be\/fr\/","name":"d-identify","description":"Industrial identification - Lockout - Tagout - Floor marking","potentialAction":[{"@type":"SearchAction","target":{"@type":"EntryPoint","urlTemplate":"https:\/\/d-identify.be\/fr\/?s={search_term_string}"},"query-input":{"@type":"PropertyValueSpecification","valueRequired":true,"valueName":"search_term_string"}}],"inLanguage":"fr-FR"}]}},"_links":{"self":[{"href":"https:\/\/d-identify.be\/fr\/wp-json\/wp\/v2\/product\/19112","targetHints":{"allow":["GET"]}}],"collection":[{"href":"https:\/\/d-identify.be\/fr\/wp-json\/wp\/v2\/product"}],"about":[{"href":"https:\/\/d-identify.be\/fr\/wp-json\/wp\/v2\/types\/product"}],"replies":[{"embeddable":true,"href":"https:\/\/d-identify.be\/fr\/wp-json\/wp\/v2\/comments?post=19112"}],"wp:featuredmedia":[{"embeddable":true,"href":"https:\/\/d-identify.be\/fr\/wp-json\/wp\/v2\/media\/19113"}],"wp:attachment":[{"href":"https:\/\/d-identify.be\/fr\/wp-json\/wp\/v2\/media?parent=19112"}],"wp:term":[{"taxonomy":"product_brand","embeddable":true,"href":"https:\/\/d-identify.be\/fr\/wp-json\/wp\/v2\/product_brand?post=19112"},{"taxonomy":"product_cat","embeddable":true,"href":"https:\/\/d-identify.be\/fr\/wp-json\/wp\/v2\/product_cat?post=19112"},{"taxonomy":"product_tag","embeddable":true,"href":"https:\/\/d-identify.be\/fr\/wp-json\/wp\/v2\/product_tag?post=19112"},{"taxonomy":"pa_connextion-shapes","embeddable":true,"href":"https:\/\/d-identify.be\/fr\/wp-json\/wp\/v2\/pa_connextion-shapes?post=19112"}],"curies":[{"name":"wp","href":"https:\/\/api.w.org\/{rel}","templated":true}]}}