{"id":19038,"date":"2021-09-07T19:12:10","date_gmt":"2021-09-07T17:12:10","guid":{"rendered":"https:\/\/d-identify.be\/product\/gaine-thermoretractable-31\/"},"modified":"2024-05-28T16:58:55","modified_gmt":"2024-05-28T14:58:55","slug":"gaine-thermoretractable-31","status":"publish","type":"product","link":"https:\/\/d-identify.be\/fr\/produit\/gaine-thermoretractable-31\/","title":{"rendered":"Gaine thermor\u00e9tractable 3:1"},"content":{"rendered":"<ul>\n<li><strong>Conforme :<\/strong> Le mat\u00e9riau est durable et ignifuge pour r\u00e9pondre aux exigences de l&rsquo;UL, de la CSA et du MIL-STD-202F. Nous recommandons d&rsquo;associer ce mat\u00e9riau \u00e0 notre ruban de gaine thermor\u00e9tractable pour obtenir les meilleures performances. <\/li>\n<li><strong>Vari\u00e9t\u00e9 de tailles et de couleurs :<\/strong> codez en couleur des brins individuels ou multiples de fils et c\u00e2bles de toutes tailles pour am\u00e9liorer l&rsquo;organisation et l&rsquo;efficacit\u00e9.<\/li>\n<li><strong>Rapport de r\u00e9tr\u00e9cissement 3:1 :<\/strong> Pour un ajustement optimal, nous recommandons de choisir une taille jusqu&rsquo;\u00e0 trois fois la largeur de vos fils ou c\u00e2bles.<\/li>\n<\/ul>\n","protected":false},"excerpt":{"rendered":"<p>La gaine thermor\u00e9tractable est parfaite pour organiser les fils et les c\u00e2bles. Imprimez des messages personnalis\u00e9s sur le mat\u00e9riau, ajustez-le autour du fil ou du c\u00e2ble, puis utilisez une source de chaleur pour le r\u00e9tr\u00e9cir et l&rsquo;installer. Le polyol\u00e9fine hautement flexible se plie et se tord pour conserver le texte de l&rsquo;\u00e9tiquette intact et lisible.  <\/p>\n","protected":false},"featured_media":19039,"comment_status":"open","ping_status":"closed","template":"","meta":{"_acf_changed":false,"_et_pb_use_builder":"","_et_pb_old_content":"","_et_gb_content_width":""},"product_brand":[],"product_cat":[589],"product_tag":[928],"pa_connextion-shapes":[],"class_list":{"0":"post-19038","1":"product","2":"type-product","3":"status-publish","4":"has-post-thumbnail","6":"product_cat-consomables_lobo","7":"product_tag-duralabel-fr","9":"first","10":"instock","11":"taxable","12":"shipping-taxable","13":"purchasable","14":"product-type-variable","15":"has-default-attributes"},"exclude_global_add_ons":[],"addons":[],"acf":[],"yoast_head":"<!-- This site is optimized with the Yoast SEO Premium plugin v27.0 (Yoast SEO v27.1) - https:\/\/yoast.com\/product\/yoast-seo-premium-wordpress\/ -->\n<title>Gaine thermor\u00e9tractable 3:1<\/title>\n<meta name=\"description\" content=\"La gaine thermor\u00e9tractable 3:1 est parfaite pour organiser les fils et les c\u00e2bles. Imprimez des messages personnalis\u00e9s sur le mat\u00e9riau et ajustez-le autour du fil ou du c\u00e2ble, ...\" \/>\n<meta name=\"robots\" content=\"index, follow, max-snippet:-1, max-image-preview:large, max-video-preview:-1\" \/>\n<link rel=\"canonical\" href=\"https:\/\/d-identify.be\/fr\/produit\/gaine-thermoretractable-31\/\" \/>\n<meta property=\"og:locale\" content=\"fr_FR\" \/>\n<meta property=\"og:type\" content=\"article\" \/>\n<meta property=\"og:title\" content=\"Gaine thermor\u00e9tractable 3:1\" \/>\n<meta property=\"og:description\" content=\"La gaine thermor\u00e9tractable 3:1 est parfaite pour organiser les fils et les c\u00e2bles. Imprimez des messages personnalis\u00e9s sur le mat\u00e9riau et ajustez-le autour du fil ou du c\u00e2ble, ...\" \/>\n<meta property=\"og:url\" content=\"https:\/\/d-identify.be\/fr\/produit\/gaine-thermoretractable-31\/\" \/>\n<meta property=\"og:site_name\" content=\"d-identify\" \/>\n<meta property=\"article:modified_time\" content=\"2024-05-28T14:58:55+00:00\" \/>\n<meta property=\"og:image\" content=\"https:\/\/d-identify.be\/wp-content\/uploads\/2021\/09\/L075-100501.png\" \/>\n\t<meta property=\"og:image:width\" content=\"1000\" \/>\n\t<meta property=\"og:image:height\" content=\"1000\" \/>\n\t<meta property=\"og:image:type\" content=\"image\/png\" \/>\n<meta name=\"twitter:card\" content=\"summary_large_image\" \/>\n<meta name=\"twitter:label1\" content=\"Dur\u00e9e de lecture estim\u00e9e\" \/>\n\t<meta name=\"twitter:data1\" content=\"1 minute\" \/>\n<script type=\"application\/ld+json\" class=\"yoast-schema-graph\">{\"@context\":\"https:\/\/schema.org\",\"@graph\":[{\"@type\":\"WebPage\",\"@id\":\"https:\/\/d-identify.be\/fr\/produit\/gaine-thermoretractable-31\/\",\"url\":\"https:\/\/d-identify.be\/fr\/produit\/gaine-thermoretractable-31\/\",\"name\":\"Gaine thermor\u00e9tractable 3:1\",\"isPartOf\":{\"@id\":\"https:\/\/d-identify.be\/fr\/#website\"},\"primaryImageOfPage\":{\"@id\":\"https:\/\/d-identify.be\/fr\/produit\/gaine-thermoretractable-31\/#primaryimage\"},\"image\":{\"@id\":\"https:\/\/d-identify.be\/fr\/produit\/gaine-thermoretractable-31\/#primaryimage\"},\"thumbnailUrl\":\"https:\/\/d-identify.be\/wp-content\/uploads\/2021\/09\/L075-100501.png\",\"datePublished\":\"2021-09-07T17:12:10+00:00\",\"dateModified\":\"2024-05-28T14:58:55+00:00\",\"description\":\"La gaine thermor\u00e9tractable 3:1 est parfaite pour organiser les fils et les c\u00e2bles. Imprimez des messages personnalis\u00e9s sur le mat\u00e9riau et ajustez-le autour du fil ou du c\u00e2ble, ...\",\"breadcrumb\":{\"@id\":\"https:\/\/d-identify.be\/fr\/produit\/gaine-thermoretractable-31\/#breadcrumb\"},\"inLanguage\":\"fr-FR\",\"potentialAction\":[{\"@type\":\"ReadAction\",\"target\":[\"https:\/\/d-identify.be\/fr\/produit\/gaine-thermoretractable-31\/\"]}]},{\"@type\":\"ImageObject\",\"inLanguage\":\"fr-FR\",\"@id\":\"https:\/\/d-identify.be\/fr\/produit\/gaine-thermoretractable-31\/#primaryimage\",\"url\":\"https:\/\/d-identify.be\/wp-content\/uploads\/2021\/09\/L075-100501.png\",\"contentUrl\":\"https:\/\/d-identify.be\/wp-content\/uploads\/2021\/09\/L075-100501.png\",\"width\":1000,\"height\":1000,\"caption\":\"shrink tubing 3:1\"},{\"@type\":\"BreadcrumbList\",\"@id\":\"https:\/\/d-identify.be\/fr\/produit\/gaine-thermoretractable-31\/#breadcrumb\",\"itemListElement\":[{\"@type\":\"ListItem\",\"position\":1,\"name\":\"Home\",\"item\":\"https:\/\/d-identify.be\/fr\/home-2\/\"},{\"@type\":\"ListItem\",\"position\":2,\"name\":\"Boutique\",\"item\":\"https:\/\/d-identify.be\/fr\/boutique\/\"},{\"@type\":\"ListItem\",\"position\":3,\"name\":\"Gaine thermor\u00e9tractable 3:1\"}]},{\"@type\":\"WebSite\",\"@id\":\"https:\/\/d-identify.be\/fr\/#website\",\"url\":\"https:\/\/d-identify.be\/fr\/\",\"name\":\"d-identify\",\"description\":\"Industrial identification - Lockout - Tagout - Floor marking\",\"potentialAction\":[{\"@type\":\"SearchAction\",\"target\":{\"@type\":\"EntryPoint\",\"urlTemplate\":\"https:\/\/d-identify.be\/fr\/?s={search_term_string}\"},\"query-input\":{\"@type\":\"PropertyValueSpecification\",\"valueRequired\":true,\"valueName\":\"search_term_string\"}}],\"inLanguage\":\"fr-FR\"}]}<\/script>\n<!-- \/ Yoast SEO Premium plugin. -->","yoast_head_json":{"title":"Gaine thermor\u00e9tractable 3:1","description":"La gaine thermor\u00e9tractable 3:1 est parfaite pour organiser les fils et les c\u00e2bles. Imprimez des messages personnalis\u00e9s sur le mat\u00e9riau et ajustez-le autour du fil ou du c\u00e2ble, ...","robots":{"index":"index","follow":"follow","max-snippet":"max-snippet:-1","max-image-preview":"max-image-preview:large","max-video-preview":"max-video-preview:-1"},"canonical":"https:\/\/d-identify.be\/fr\/produit\/gaine-thermoretractable-31\/","og_locale":"fr_FR","og_type":"article","og_title":"Gaine thermor\u00e9tractable 3:1","og_description":"La gaine thermor\u00e9tractable 3:1 est parfaite pour organiser les fils et les c\u00e2bles. Imprimez des messages personnalis\u00e9s sur le mat\u00e9riau et ajustez-le autour du fil ou du c\u00e2ble, ...","og_url":"https:\/\/d-identify.be\/fr\/produit\/gaine-thermoretractable-31\/","og_site_name":"d-identify","article_modified_time":"2024-05-28T14:58:55+00:00","og_image":[{"width":1000,"height":1000,"url":"https:\/\/d-identify.be\/wp-content\/uploads\/2021\/09\/L075-100501.png","type":"image\/png"}],"twitter_card":"summary_large_image","twitter_misc":{"Dur\u00e9e de lecture estim\u00e9e":"1 minute"},"schema":{"@context":"https:\/\/schema.org","@graph":[{"@type":"WebPage","@id":"https:\/\/d-identify.be\/fr\/produit\/gaine-thermoretractable-31\/","url":"https:\/\/d-identify.be\/fr\/produit\/gaine-thermoretractable-31\/","name":"Gaine thermor\u00e9tractable 3:1","isPartOf":{"@id":"https:\/\/d-identify.be\/fr\/#website"},"primaryImageOfPage":{"@id":"https:\/\/d-identify.be\/fr\/produit\/gaine-thermoretractable-31\/#primaryimage"},"image":{"@id":"https:\/\/d-identify.be\/fr\/produit\/gaine-thermoretractable-31\/#primaryimage"},"thumbnailUrl":"https:\/\/d-identify.be\/wp-content\/uploads\/2021\/09\/L075-100501.png","datePublished":"2021-09-07T17:12:10+00:00","dateModified":"2024-05-28T14:58:55+00:00","description":"La gaine thermor\u00e9tractable 3:1 est parfaite pour organiser les fils et les c\u00e2bles. Imprimez des messages personnalis\u00e9s sur le mat\u00e9riau et ajustez-le autour du fil ou du c\u00e2ble, ...","breadcrumb":{"@id":"https:\/\/d-identify.be\/fr\/produit\/gaine-thermoretractable-31\/#breadcrumb"},"inLanguage":"fr-FR","potentialAction":[{"@type":"ReadAction","target":["https:\/\/d-identify.be\/fr\/produit\/gaine-thermoretractable-31\/"]}]},{"@type":"ImageObject","inLanguage":"fr-FR","@id":"https:\/\/d-identify.be\/fr\/produit\/gaine-thermoretractable-31\/#primaryimage","url":"https:\/\/d-identify.be\/wp-content\/uploads\/2021\/09\/L075-100501.png","contentUrl":"https:\/\/d-identify.be\/wp-content\/uploads\/2021\/09\/L075-100501.png","width":1000,"height":1000,"caption":"shrink tubing 3:1"},{"@type":"BreadcrumbList","@id":"https:\/\/d-identify.be\/fr\/produit\/gaine-thermoretractable-31\/#breadcrumb","itemListElement":[{"@type":"ListItem","position":1,"name":"Home","item":"https:\/\/d-identify.be\/fr\/home-2\/"},{"@type":"ListItem","position":2,"name":"Boutique","item":"https:\/\/d-identify.be\/fr\/boutique\/"},{"@type":"ListItem","position":3,"name":"Gaine thermor\u00e9tractable 3:1"}]},{"@type":"WebSite","@id":"https:\/\/d-identify.be\/fr\/#website","url":"https:\/\/d-identify.be\/fr\/","name":"d-identify","description":"Industrial identification - Lockout - Tagout - Floor marking","potentialAction":[{"@type":"SearchAction","target":{"@type":"EntryPoint","urlTemplate":"https:\/\/d-identify.be\/fr\/?s={search_term_string}"},"query-input":{"@type":"PropertyValueSpecification","valueRequired":true,"valueName":"search_term_string"}}],"inLanguage":"fr-FR"}]}},"_links":{"self":[{"href":"https:\/\/d-identify.be\/fr\/wp-json\/wp\/v2\/product\/19038","targetHints":{"allow":["GET"]}}],"collection":[{"href":"https:\/\/d-identify.be\/fr\/wp-json\/wp\/v2\/product"}],"about":[{"href":"https:\/\/d-identify.be\/fr\/wp-json\/wp\/v2\/types\/product"}],"replies":[{"embeddable":true,"href":"https:\/\/d-identify.be\/fr\/wp-json\/wp\/v2\/comments?post=19038"}],"wp:featuredmedia":[{"embeddable":true,"href":"https:\/\/d-identify.be\/fr\/wp-json\/wp\/v2\/media\/19039"}],"wp:attachment":[{"href":"https:\/\/d-identify.be\/fr\/wp-json\/wp\/v2\/media?parent=19038"}],"wp:term":[{"taxonomy":"product_brand","embeddable":true,"href":"https:\/\/d-identify.be\/fr\/wp-json\/wp\/v2\/product_brand?post=19038"},{"taxonomy":"product_cat","embeddable":true,"href":"https:\/\/d-identify.be\/fr\/wp-json\/wp\/v2\/product_cat?post=19038"},{"taxonomy":"product_tag","embeddable":true,"href":"https:\/\/d-identify.be\/fr\/wp-json\/wp\/v2\/product_tag?post=19038"},{"taxonomy":"pa_connextion-shapes","embeddable":true,"href":"https:\/\/d-identify.be\/fr\/wp-json\/wp\/v2\/pa_connextion-shapes?post=19038"}],"curies":[{"name":"wp","href":"https:\/\/api.w.org\/{rel}","templated":true}]}}