{"id":18947,"date":"2022-09-14T11:07:31","date_gmt":"2022-09-14T09:07:31","guid":{"rendered":"https:\/\/d-identify.be\/product\/duralabel-kodiak-ribbon-cartridge-2\/"},"modified":"2024-06-11T11:04:23","modified_gmt":"2024-06-11T09:04:23","slug":"duralabel-kodiak-ribbon-cartridge-2","status":"publish","type":"product","link":"https:\/\/d-identify.be\/fr\/produit\/duralabel-kodiak-ribbon-cartridge-2\/","title":{"rendered":"DuraLabel Kodiak Ribbon Cartridge"},"content":{"rendered":"<ul>\n<li><strong>Pratique :<\/strong> commencez de nouveaux projets sans avoir \u00e0 retirer ou r\u00e9installer les fournitures.<\/li>\n<li><strong>Augmentez la production :<\/strong> cr\u00e9ez diff\u00e9rents types de panneaux et d&rsquo;\u00e9tiquettes avec plus de couleurs de ruban \u00e0 \u00e9changer.<\/li>\n<\/ul>\n","protected":false},"excerpt":{"rendered":"<p>Cr\u00e9ez davantage avec une cartouche de ruban suppl\u00e9mentaire. Changez rapidement et facilement les couleurs de ruban pour augmenter votre production.<\/p>\n","protected":false},"featured_media":18948,"comment_status":"open","ping_status":"closed","template":"","meta":{"_acf_changed":false,"_et_pb_use_builder":"","_et_pb_old_content":"","_et_gb_content_width":""},"product_brand":[],"product_cat":[567],"product_tag":[928],"pa_connextion-shapes":[],"class_list":{"0":"post-18947","1":"product","2":"type-product","3":"status-publish","4":"has-post-thumbnail","6":"product_cat-kodiak-max-consommables","7":"product_tag-duralabel-fr","9":"first","10":"instock","11":"taxable","12":"shipping-taxable","13":"purchasable","14":"product-type-simple"},"exclude_global_add_ons":[],"addons":[],"acf":[],"yoast_head":"<!-- This site is optimized with the Yoast SEO Premium plugin v27.0 (Yoast SEO v27.1) - https:\/\/yoast.com\/product\/yoast-seo-premium-wordpress\/ -->\n<title>DuraLabel Kodiak Ribbon Cartridge<\/title>\n<meta name=\"description\" content=\"Cr\u00e9ez plus avec une cartouche de ruban suppl\u00e9mentaire. Changez rapidement et facilement les couleurs de ruban pour augmenter votre production...\" \/>\n<meta name=\"robots\" content=\"index, follow, max-snippet:-1, max-image-preview:large, max-video-preview:-1\" \/>\n<link rel=\"canonical\" href=\"https:\/\/d-identify.be\/fr\/produit\/duralabel-kodiak-ribbon-cartridge-2\/\" \/>\n<meta property=\"og:locale\" content=\"fr_FR\" \/>\n<meta property=\"og:type\" content=\"article\" \/>\n<meta property=\"og:title\" content=\"DuraLabel Kodiak Ribbon Cartridge\" \/>\n<meta property=\"og:description\" content=\"Cr\u00e9ez plus avec une cartouche de ruban suppl\u00e9mentaire. Changez rapidement et facilement les couleurs de ruban pour augmenter votre production...\" \/>\n<meta property=\"og:url\" content=\"https:\/\/d-identify.be\/fr\/produit\/duralabel-kodiak-ribbon-cartridge-2\/\" \/>\n<meta property=\"og:site_name\" content=\"d-identify\" \/>\n<meta property=\"article:modified_time\" content=\"2024-06-11T09:04:23+00:00\" \/>\n<meta property=\"og:image\" content=\"https:\/\/d-identify.be\/wp-content\/uploads\/2022\/09\/DLK-RIBBCART.png\" \/>\n\t<meta property=\"og:image:width\" content=\"400\" \/>\n\t<meta property=\"og:image:height\" content=\"400\" \/>\n\t<meta property=\"og:image:type\" content=\"image\/png\" \/>\n<meta name=\"twitter:card\" content=\"summary_large_image\" \/>\n<meta name=\"twitter:label1\" content=\"Dur\u00e9e de lecture estim\u00e9e\" \/>\n\t<meta name=\"twitter:data1\" content=\"1 minute\" \/>\n<script type=\"application\/ld+json\" class=\"yoast-schema-graph\">{\"@context\":\"https:\/\/schema.org\",\"@graph\":[{\"@type\":\"WebPage\",\"@id\":\"https:\/\/d-identify.be\/fr\/produit\/duralabel-kodiak-ribbon-cartridge-2\/\",\"url\":\"https:\/\/d-identify.be\/fr\/produit\/duralabel-kodiak-ribbon-cartridge-2\/\",\"name\":\"DuraLabel Kodiak Ribbon Cartridge\",\"isPartOf\":{\"@id\":\"https:\/\/d-identify.be\/fr\/#website\"},\"primaryImageOfPage\":{\"@id\":\"https:\/\/d-identify.be\/fr\/produit\/duralabel-kodiak-ribbon-cartridge-2\/#primaryimage\"},\"image\":{\"@id\":\"https:\/\/d-identify.be\/fr\/produit\/duralabel-kodiak-ribbon-cartridge-2\/#primaryimage\"},\"thumbnailUrl\":\"https:\/\/d-identify.be\/wp-content\/uploads\/2022\/09\/DLK-RIBBCART.png\",\"datePublished\":\"2022-09-14T09:07:31+00:00\",\"dateModified\":\"2024-06-11T09:04:23+00:00\",\"description\":\"Cr\u00e9ez plus avec une cartouche de ruban suppl\u00e9mentaire. Changez rapidement et facilement les couleurs de ruban pour augmenter votre production...\",\"breadcrumb\":{\"@id\":\"https:\/\/d-identify.be\/fr\/produit\/duralabel-kodiak-ribbon-cartridge-2\/#breadcrumb\"},\"inLanguage\":\"fr-FR\",\"potentialAction\":[{\"@type\":\"ReadAction\",\"target\":[\"https:\/\/d-identify.be\/fr\/produit\/duralabel-kodiak-ribbon-cartridge-2\/\"]}]},{\"@type\":\"ImageObject\",\"inLanguage\":\"fr-FR\",\"@id\":\"https:\/\/d-identify.be\/fr\/produit\/duralabel-kodiak-ribbon-cartridge-2\/#primaryimage\",\"url\":\"https:\/\/d-identify.be\/wp-content\/uploads\/2022\/09\/DLK-RIBBCART.png\",\"contentUrl\":\"https:\/\/d-identify.be\/wp-content\/uploads\/2022\/09\/DLK-RIBBCART.png\",\"width\":400,\"height\":400},{\"@type\":\"BreadcrumbList\",\"@id\":\"https:\/\/d-identify.be\/fr\/produit\/duralabel-kodiak-ribbon-cartridge-2\/#breadcrumb\",\"itemListElement\":[{\"@type\":\"ListItem\",\"position\":1,\"name\":\"Home\",\"item\":\"https:\/\/d-identify.be\/fr\/home-2\/\"},{\"@type\":\"ListItem\",\"position\":2,\"name\":\"Boutique\",\"item\":\"https:\/\/d-identify.be\/fr\/boutique\/\"},{\"@type\":\"ListItem\",\"position\":3,\"name\":\"DuraLabel Kodiak Ribbon Cartridge\"}]},{\"@type\":\"WebSite\",\"@id\":\"https:\/\/d-identify.be\/fr\/#website\",\"url\":\"https:\/\/d-identify.be\/fr\/\",\"name\":\"d-identify\",\"description\":\"Industrial identification - Lockout - Tagout - Floor marking\",\"potentialAction\":[{\"@type\":\"SearchAction\",\"target\":{\"@type\":\"EntryPoint\",\"urlTemplate\":\"https:\/\/d-identify.be\/fr\/?s={search_term_string}\"},\"query-input\":{\"@type\":\"PropertyValueSpecification\",\"valueRequired\":true,\"valueName\":\"search_term_string\"}}],\"inLanguage\":\"fr-FR\"}]}<\/script>\n<!-- \/ Yoast SEO Premium plugin. -->","yoast_head_json":{"title":"DuraLabel Kodiak Ribbon Cartridge","description":"Cr\u00e9ez plus avec une cartouche de ruban suppl\u00e9mentaire. Changez rapidement et facilement les couleurs de ruban pour augmenter votre production...","robots":{"index":"index","follow":"follow","max-snippet":"max-snippet:-1","max-image-preview":"max-image-preview:large","max-video-preview":"max-video-preview:-1"},"canonical":"https:\/\/d-identify.be\/fr\/produit\/duralabel-kodiak-ribbon-cartridge-2\/","og_locale":"fr_FR","og_type":"article","og_title":"DuraLabel Kodiak Ribbon Cartridge","og_description":"Cr\u00e9ez plus avec une cartouche de ruban suppl\u00e9mentaire. Changez rapidement et facilement les couleurs de ruban pour augmenter votre production...","og_url":"https:\/\/d-identify.be\/fr\/produit\/duralabel-kodiak-ribbon-cartridge-2\/","og_site_name":"d-identify","article_modified_time":"2024-06-11T09:04:23+00:00","og_image":[{"width":400,"height":400,"url":"https:\/\/d-identify.be\/wp-content\/uploads\/2022\/09\/DLK-RIBBCART.png","type":"image\/png"}],"twitter_card":"summary_large_image","twitter_misc":{"Dur\u00e9e de lecture estim\u00e9e":"1 minute"},"schema":{"@context":"https:\/\/schema.org","@graph":[{"@type":"WebPage","@id":"https:\/\/d-identify.be\/fr\/produit\/duralabel-kodiak-ribbon-cartridge-2\/","url":"https:\/\/d-identify.be\/fr\/produit\/duralabel-kodiak-ribbon-cartridge-2\/","name":"DuraLabel Kodiak Ribbon Cartridge","isPartOf":{"@id":"https:\/\/d-identify.be\/fr\/#website"},"primaryImageOfPage":{"@id":"https:\/\/d-identify.be\/fr\/produit\/duralabel-kodiak-ribbon-cartridge-2\/#primaryimage"},"image":{"@id":"https:\/\/d-identify.be\/fr\/produit\/duralabel-kodiak-ribbon-cartridge-2\/#primaryimage"},"thumbnailUrl":"https:\/\/d-identify.be\/wp-content\/uploads\/2022\/09\/DLK-RIBBCART.png","datePublished":"2022-09-14T09:07:31+00:00","dateModified":"2024-06-11T09:04:23+00:00","description":"Cr\u00e9ez plus avec une cartouche de ruban suppl\u00e9mentaire. Changez rapidement et facilement les couleurs de ruban pour augmenter votre production...","breadcrumb":{"@id":"https:\/\/d-identify.be\/fr\/produit\/duralabel-kodiak-ribbon-cartridge-2\/#breadcrumb"},"inLanguage":"fr-FR","potentialAction":[{"@type":"ReadAction","target":["https:\/\/d-identify.be\/fr\/produit\/duralabel-kodiak-ribbon-cartridge-2\/"]}]},{"@type":"ImageObject","inLanguage":"fr-FR","@id":"https:\/\/d-identify.be\/fr\/produit\/duralabel-kodiak-ribbon-cartridge-2\/#primaryimage","url":"https:\/\/d-identify.be\/wp-content\/uploads\/2022\/09\/DLK-RIBBCART.png","contentUrl":"https:\/\/d-identify.be\/wp-content\/uploads\/2022\/09\/DLK-RIBBCART.png","width":400,"height":400},{"@type":"BreadcrumbList","@id":"https:\/\/d-identify.be\/fr\/produit\/duralabel-kodiak-ribbon-cartridge-2\/#breadcrumb","itemListElement":[{"@type":"ListItem","position":1,"name":"Home","item":"https:\/\/d-identify.be\/fr\/home-2\/"},{"@type":"ListItem","position":2,"name":"Boutique","item":"https:\/\/d-identify.be\/fr\/boutique\/"},{"@type":"ListItem","position":3,"name":"DuraLabel Kodiak Ribbon Cartridge"}]},{"@type":"WebSite","@id":"https:\/\/d-identify.be\/fr\/#website","url":"https:\/\/d-identify.be\/fr\/","name":"d-identify","description":"Industrial identification - Lockout - Tagout - Floor marking","potentialAction":[{"@type":"SearchAction","target":{"@type":"EntryPoint","urlTemplate":"https:\/\/d-identify.be\/fr\/?s={search_term_string}"},"query-input":{"@type":"PropertyValueSpecification","valueRequired":true,"valueName":"search_term_string"}}],"inLanguage":"fr-FR"}]}},"_links":{"self":[{"href":"https:\/\/d-identify.be\/fr\/wp-json\/wp\/v2\/product\/18947","targetHints":{"allow":["GET"]}}],"collection":[{"href":"https:\/\/d-identify.be\/fr\/wp-json\/wp\/v2\/product"}],"about":[{"href":"https:\/\/d-identify.be\/fr\/wp-json\/wp\/v2\/types\/product"}],"replies":[{"embeddable":true,"href":"https:\/\/d-identify.be\/fr\/wp-json\/wp\/v2\/comments?post=18947"}],"wp:featuredmedia":[{"embeddable":true,"href":"https:\/\/d-identify.be\/fr\/wp-json\/wp\/v2\/media\/18948"}],"wp:attachment":[{"href":"https:\/\/d-identify.be\/fr\/wp-json\/wp\/v2\/media?parent=18947"}],"wp:term":[{"taxonomy":"product_brand","embeddable":true,"href":"https:\/\/d-identify.be\/fr\/wp-json\/wp\/v2\/product_brand?post=18947"},{"taxonomy":"product_cat","embeddable":true,"href":"https:\/\/d-identify.be\/fr\/wp-json\/wp\/v2\/product_cat?post=18947"},{"taxonomy":"product_tag","embeddable":true,"href":"https:\/\/d-identify.be\/fr\/wp-json\/wp\/v2\/product_tag?post=18947"},{"taxonomy":"pa_connextion-shapes","embeddable":true,"href":"https:\/\/d-identify.be\/fr\/wp-json\/wp\/v2\/pa_connextion-shapes?post=18947"}],"curies":[{"name":"wp","href":"https:\/\/api.w.org\/{rel}","templated":true}]}}