{"id":18942,"date":"2022-09-14T11:18:28","date_gmt":"2022-09-14T09:18:28","guid":{"rendered":"https:\/\/d-identify.be\/product\/duralabel-toro-max-soft-case-2\/"},"modified":"2025-06-12T14:08:59","modified_gmt":"2025-06-12T12:08:59","slug":"duralabel-toro-max-soft-case-2","status":"publish","type":"product","link":"https:\/\/d-identify.be\/fr\/produit\/duralabel-toro-max-soft-case-2\/","title":{"rendered":"DuraLabel Toro Max Soft Case"},"content":{"rendered":"<ul>\n<li><strong>Coque ext\u00e9rieure souple :<\/strong> La couche souple prot\u00e8ge votre imprimante de la poussi\u00e8re et d&rsquo;autres expositions.<\/li>\n<li><strong>Poches ext\u00e9rieures :<\/strong> Utilisez un espace de rangement suppl\u00e9mentaire pour les fournitures et accessoires.<\/li>\n<\/ul>\n","protected":false},"excerpt":{"rendered":"<p>Transportez facilement et en toute s\u00e9curit\u00e9 votre Toro Max dans cet \u00e9tui souple. Sa coque souple prot\u00e8ge votre imprimante de la poussi\u00e8re et d&rsquo;autres expositions lors de son transport sur le lieu de travail ou sur d&rsquo;autres chantiers. <\/p>\n","protected":false},"featured_media":18943,"comment_status":"open","ping_status":"closed","template":"","meta":{"_acf_changed":false,"_et_pb_use_builder":"","_et_pb_old_content":"","_et_gb_content_width":""},"product_brand":[],"product_cat":[2611],"product_tag":[928],"pa_connextion-shapes":[],"class_list":{"0":"post-18942","1":"product","2":"type-product","3":"status-publish","4":"has-post-thumbnail","6":"product_cat-consommables-duralabel-toro-bronco","7":"product_tag-duralabel-fr","9":"first","10":"instock","11":"taxable","12":"shipping-taxable","13":"purchasable","14":"product-type-simple"},"exclude_global_add_ons":[],"addons":[],"acf":[],"yoast_head":"<!-- This site is optimized with the Yoast SEO Premium plugin v27.0 (Yoast SEO v27.1) - https:\/\/yoast.com\/product\/yoast-seo-premium-wordpress\/ -->\n<title>DuraLabel Toro Max Soft Case - d-identify<\/title>\n<meta name=\"description\" content=\"Transportez facilement et en toute s\u00e9curit\u00e9 votre Toro Max dans cet \u00e9tui souple. Il est dot\u00e9 d&#039;une coque souple qui prot\u00e8ge votre imprimante de la poussi\u00e8re et d&#039;autres...\" \/>\n<meta name=\"robots\" content=\"index, follow, max-snippet:-1, max-image-preview:large, max-video-preview:-1\" \/>\n<link rel=\"canonical\" href=\"https:\/\/d-identify.be\/fr\/produit\/duralabel-toro-max-soft-case-2\/\" \/>\n<meta property=\"og:locale\" content=\"fr_FR\" \/>\n<meta property=\"og:type\" content=\"article\" \/>\n<meta property=\"og:title\" content=\"DuraLabel Toro Max Soft Case\" \/>\n<meta property=\"og:description\" content=\"Transportez facilement et en toute s\u00e9curit\u00e9 votre Toro Max dans cet \u00e9tui souple. Il est dot\u00e9 d&#039;une coque souple qui prot\u00e8ge votre imprimante de la poussi\u00e8re et d&#039;autres...\" \/>\n<meta property=\"og:url\" content=\"https:\/\/d-identify.be\/fr\/produit\/duralabel-toro-max-soft-case-2\/\" \/>\n<meta property=\"og:site_name\" content=\"d-identify\" \/>\n<meta property=\"article:modified_time\" content=\"2025-06-12T12:08:59+00:00\" \/>\n<meta property=\"og:image\" content=\"https:\/\/d-identify.be\/wp-content\/uploads\/2022\/09\/DLT-SOFTCASE.png\" \/>\n\t<meta property=\"og:image:width\" content=\"1000\" \/>\n\t<meta property=\"og:image:height\" content=\"1000\" \/>\n\t<meta property=\"og:image:type\" content=\"image\/png\" \/>\n<meta name=\"twitter:card\" content=\"summary_large_image\" \/>\n<script type=\"application\/ld+json\" class=\"yoast-schema-graph\">{\"@context\":\"https:\/\/schema.org\",\"@graph\":[{\"@type\":\"WebPage\",\"@id\":\"https:\/\/d-identify.be\/fr\/produit\/duralabel-toro-max-soft-case-2\/\",\"url\":\"https:\/\/d-identify.be\/fr\/produit\/duralabel-toro-max-soft-case-2\/\",\"name\":\"DuraLabel Toro Max Soft Case - d-identify\",\"isPartOf\":{\"@id\":\"https:\/\/d-identify.be\/fr\/#website\"},\"primaryImageOfPage\":{\"@id\":\"https:\/\/d-identify.be\/fr\/produit\/duralabel-toro-max-soft-case-2\/#primaryimage\"},\"image\":{\"@id\":\"https:\/\/d-identify.be\/fr\/produit\/duralabel-toro-max-soft-case-2\/#primaryimage\"},\"thumbnailUrl\":\"https:\/\/d-identify.be\/wp-content\/uploads\/2022\/09\/DLT-SOFTCASE.png\",\"datePublished\":\"2022-09-14T09:18:28+00:00\",\"dateModified\":\"2025-06-12T12:08:59+00:00\",\"description\":\"Transportez facilement et en toute s\u00e9curit\u00e9 votre Toro Max dans cet \u00e9tui souple. Il est dot\u00e9 d'une coque souple qui prot\u00e8ge votre imprimante de la poussi\u00e8re et d'autres...\",\"breadcrumb\":{\"@id\":\"https:\/\/d-identify.be\/fr\/produit\/duralabel-toro-max-soft-case-2\/#breadcrumb\"},\"inLanguage\":\"fr-FR\",\"potentialAction\":[{\"@type\":\"ReadAction\",\"target\":[\"https:\/\/d-identify.be\/fr\/produit\/duralabel-toro-max-soft-case-2\/\"]}]},{\"@type\":\"ImageObject\",\"inLanguage\":\"fr-FR\",\"@id\":\"https:\/\/d-identify.be\/fr\/produit\/duralabel-toro-max-soft-case-2\/#primaryimage\",\"url\":\"https:\/\/d-identify.be\/wp-content\/uploads\/2022\/09\/DLT-SOFTCASE.png\",\"contentUrl\":\"https:\/\/d-identify.be\/wp-content\/uploads\/2022\/09\/DLT-SOFTCASE.png\",\"width\":1000,\"height\":1000,\"caption\":\"toro max softcase\"},{\"@type\":\"BreadcrumbList\",\"@id\":\"https:\/\/d-identify.be\/fr\/produit\/duralabel-toro-max-soft-case-2\/#breadcrumb\",\"itemListElement\":[{\"@type\":\"ListItem\",\"position\":1,\"name\":\"Home\",\"item\":\"https:\/\/d-identify.be\/fr\/home-2\/\"},{\"@type\":\"ListItem\",\"position\":2,\"name\":\"Boutique\",\"item\":\"https:\/\/d-identify.be\/fr\/boutique\/\"},{\"@type\":\"ListItem\",\"position\":3,\"name\":\"DuraLabel Toro Max Soft Case\"}]},{\"@type\":\"WebSite\",\"@id\":\"https:\/\/d-identify.be\/fr\/#website\",\"url\":\"https:\/\/d-identify.be\/fr\/\",\"name\":\"d-identify\",\"description\":\"Industrial identification - Lockout - Tagout - Floor marking\",\"potentialAction\":[{\"@type\":\"SearchAction\",\"target\":{\"@type\":\"EntryPoint\",\"urlTemplate\":\"https:\/\/d-identify.be\/fr\/?s={search_term_string}\"},\"query-input\":{\"@type\":\"PropertyValueSpecification\",\"valueRequired\":true,\"valueName\":\"search_term_string\"}}],\"inLanguage\":\"fr-FR\"}]}<\/script>\n<!-- \/ Yoast SEO Premium plugin. -->","yoast_head_json":{"title":"DuraLabel Toro Max Soft Case - d-identify","description":"Transportez facilement et en toute s\u00e9curit\u00e9 votre Toro Max dans cet \u00e9tui souple. Il est dot\u00e9 d'une coque souple qui prot\u00e8ge votre imprimante de la poussi\u00e8re et d'autres...","robots":{"index":"index","follow":"follow","max-snippet":"max-snippet:-1","max-image-preview":"max-image-preview:large","max-video-preview":"max-video-preview:-1"},"canonical":"https:\/\/d-identify.be\/fr\/produit\/duralabel-toro-max-soft-case-2\/","og_locale":"fr_FR","og_type":"article","og_title":"DuraLabel Toro Max Soft Case","og_description":"Transportez facilement et en toute s\u00e9curit\u00e9 votre Toro Max dans cet \u00e9tui souple. Il est dot\u00e9 d'une coque souple qui prot\u00e8ge votre imprimante de la poussi\u00e8re et d'autres...","og_url":"https:\/\/d-identify.be\/fr\/produit\/duralabel-toro-max-soft-case-2\/","og_site_name":"d-identify","article_modified_time":"2025-06-12T12:08:59+00:00","og_image":[{"width":1000,"height":1000,"url":"https:\/\/d-identify.be\/wp-content\/uploads\/2022\/09\/DLT-SOFTCASE.png","type":"image\/png"}],"twitter_card":"summary_large_image","schema":{"@context":"https:\/\/schema.org","@graph":[{"@type":"WebPage","@id":"https:\/\/d-identify.be\/fr\/produit\/duralabel-toro-max-soft-case-2\/","url":"https:\/\/d-identify.be\/fr\/produit\/duralabel-toro-max-soft-case-2\/","name":"DuraLabel Toro Max Soft Case - d-identify","isPartOf":{"@id":"https:\/\/d-identify.be\/fr\/#website"},"primaryImageOfPage":{"@id":"https:\/\/d-identify.be\/fr\/produit\/duralabel-toro-max-soft-case-2\/#primaryimage"},"image":{"@id":"https:\/\/d-identify.be\/fr\/produit\/duralabel-toro-max-soft-case-2\/#primaryimage"},"thumbnailUrl":"https:\/\/d-identify.be\/wp-content\/uploads\/2022\/09\/DLT-SOFTCASE.png","datePublished":"2022-09-14T09:18:28+00:00","dateModified":"2025-06-12T12:08:59+00:00","description":"Transportez facilement et en toute s\u00e9curit\u00e9 votre Toro Max dans cet \u00e9tui souple. Il est dot\u00e9 d'une coque souple qui prot\u00e8ge votre imprimante de la poussi\u00e8re et d'autres...","breadcrumb":{"@id":"https:\/\/d-identify.be\/fr\/produit\/duralabel-toro-max-soft-case-2\/#breadcrumb"},"inLanguage":"fr-FR","potentialAction":[{"@type":"ReadAction","target":["https:\/\/d-identify.be\/fr\/produit\/duralabel-toro-max-soft-case-2\/"]}]},{"@type":"ImageObject","inLanguage":"fr-FR","@id":"https:\/\/d-identify.be\/fr\/produit\/duralabel-toro-max-soft-case-2\/#primaryimage","url":"https:\/\/d-identify.be\/wp-content\/uploads\/2022\/09\/DLT-SOFTCASE.png","contentUrl":"https:\/\/d-identify.be\/wp-content\/uploads\/2022\/09\/DLT-SOFTCASE.png","width":1000,"height":1000,"caption":"toro max softcase"},{"@type":"BreadcrumbList","@id":"https:\/\/d-identify.be\/fr\/produit\/duralabel-toro-max-soft-case-2\/#breadcrumb","itemListElement":[{"@type":"ListItem","position":1,"name":"Home","item":"https:\/\/d-identify.be\/fr\/home-2\/"},{"@type":"ListItem","position":2,"name":"Boutique","item":"https:\/\/d-identify.be\/fr\/boutique\/"},{"@type":"ListItem","position":3,"name":"DuraLabel Toro Max Soft Case"}]},{"@type":"WebSite","@id":"https:\/\/d-identify.be\/fr\/#website","url":"https:\/\/d-identify.be\/fr\/","name":"d-identify","description":"Industrial identification - Lockout - Tagout - Floor marking","potentialAction":[{"@type":"SearchAction","target":{"@type":"EntryPoint","urlTemplate":"https:\/\/d-identify.be\/fr\/?s={search_term_string}"},"query-input":{"@type":"PropertyValueSpecification","valueRequired":true,"valueName":"search_term_string"}}],"inLanguage":"fr-FR"}]}},"_links":{"self":[{"href":"https:\/\/d-identify.be\/fr\/wp-json\/wp\/v2\/product\/18942","targetHints":{"allow":["GET"]}}],"collection":[{"href":"https:\/\/d-identify.be\/fr\/wp-json\/wp\/v2\/product"}],"about":[{"href":"https:\/\/d-identify.be\/fr\/wp-json\/wp\/v2\/types\/product"}],"replies":[{"embeddable":true,"href":"https:\/\/d-identify.be\/fr\/wp-json\/wp\/v2\/comments?post=18942"}],"wp:featuredmedia":[{"embeddable":true,"href":"https:\/\/d-identify.be\/fr\/wp-json\/wp\/v2\/media\/18943"}],"wp:attachment":[{"href":"https:\/\/d-identify.be\/fr\/wp-json\/wp\/v2\/media?parent=18942"}],"wp:term":[{"taxonomy":"product_brand","embeddable":true,"href":"https:\/\/d-identify.be\/fr\/wp-json\/wp\/v2\/product_brand?post=18942"},{"taxonomy":"product_cat","embeddable":true,"href":"https:\/\/d-identify.be\/fr\/wp-json\/wp\/v2\/product_cat?post=18942"},{"taxonomy":"product_tag","embeddable":true,"href":"https:\/\/d-identify.be\/fr\/wp-json\/wp\/v2\/product_tag?post=18942"},{"taxonomy":"pa_connextion-shapes","embeddable":true,"href":"https:\/\/d-identify.be\/fr\/wp-json\/wp\/v2\/pa_connextion-shapes?post=18942"}],"curies":[{"name":"wp","href":"https:\/\/api.w.org\/{rel}","templated":true}]}}