{"id":18936,"date":"2022-09-14T11:20:15","date_gmt":"2022-09-14T09:20:15","guid":{"rendered":"https:\/\/d-identify.be\/product\/batterie-toro-max\/"},"modified":"2024-06-11T11:05:50","modified_gmt":"2024-06-11T09:05:50","slug":"batterie-toro-max","status":"publish","type":"product","link":"https:\/\/d-identify.be\/fr\/produit\/batterie-toro-max\/","title":{"rendered":"Batterie Toro Max"},"content":{"rendered":"<ul>\n<li><strong>Batterie longue dur\u00e9e :<\/strong> Autonomie de 8 heures et trois heures d&rsquo;impression continue pour produire en moyenne 3 600 \u00e9tiquettes de 4&Prime;x6&Prime; (100x150mm)<\/li>\n<li><strong>Recharge rapide :<\/strong> La batterie se recharge enti\u00e8rement en trois heures.<\/li>\n<li><strong>Garantie de 3 ans:<\/strong> Garanti contre les d\u00e9fauts et les d\u00e9faillances pendant trois ans \u00e0 partir de la date d&rsquo;achat.<\/li>\n<li>Comprend un cordon de charge de 12V pour plus de commodit\u00e9.<\/li>\n<\/ul>\n","protected":false},"excerpt":{"rendered":"<p>Transformez votre Toro Max en une imprimante enti\u00e8rement portable pour des heures d&rsquo;impression sur le terrain. Cette batterie lithium-ion attachable vous permet d&rsquo;imprimer des \u00e9tiquettes en d\u00e9placement sans avoir besoin d&rsquo;une source d&rsquo;alimentation externe.<\/p>\n","protected":false},"featured_media":18937,"comment_status":"open","ping_status":"closed","template":"","meta":{"_acf_changed":false,"_et_pb_use_builder":"","_et_pb_old_content":"","_et_gb_content_width":""},"product_brand":[],"product_cat":[592,2611],"product_tag":[928],"pa_connextion-shapes":[],"class_list":{"0":"post-18936","1":"product","2":"type-product","3":"status-publish","4":"has-post-thumbnail","6":"product_cat-fournitures-duralabel","7":"product_cat-consommables-duralabel-toro-bronco","8":"product_tag-duralabel-fr","10":"first","11":"instock","12":"taxable","13":"shipping-taxable","14":"purchasable","15":"product-type-simple"},"exclude_global_add_ons":[],"addons":[],"acf":[],"yoast_head":"<!-- This site is optimized with the Yoast SEO Premium plugin v27.0 (Yoast SEO v27.1) - https:\/\/yoast.com\/product\/yoast-seo-premium-wordpress\/ -->\n<title>Batterie Toro Max - d-identify<\/title>\n<meta name=\"description\" content=\"Transformez votre Toro Max en une imprimante enti\u00e8rement portable pour des heures d&#039;impression sur le terrain. Cette batterie lithium-ion attachable vous permet d&#039;imprimer...\" \/>\n<meta name=\"robots\" content=\"index, follow, max-snippet:-1, max-image-preview:large, max-video-preview:-1\" \/>\n<link rel=\"canonical\" href=\"https:\/\/d-identify.be\/fr\/produit\/batterie-toro-max\/\" \/>\n<meta property=\"og:locale\" content=\"fr_FR\" \/>\n<meta property=\"og:type\" content=\"article\" \/>\n<meta property=\"og:title\" content=\"Batterie Toro Max\" \/>\n<meta property=\"og:description\" content=\"Transformez votre Toro Max en une imprimante enti\u00e8rement portable pour des heures d&#039;impression sur le terrain. Cette batterie lithium-ion attachable vous permet d&#039;imprimer...\" \/>\n<meta property=\"og:url\" content=\"https:\/\/d-identify.be\/fr\/produit\/batterie-toro-max\/\" \/>\n<meta property=\"og:site_name\" content=\"d-identify\" \/>\n<meta property=\"article:modified_time\" content=\"2024-06-11T09:05:50+00:00\" \/>\n<meta property=\"og:image\" content=\"https:\/\/d-identify.be\/wp-content\/uploads\/2022\/09\/dltm-batt.png\" \/>\n\t<meta property=\"og:image:width\" content=\"1000\" \/>\n\t<meta property=\"og:image:height\" content=\"1000\" \/>\n\t<meta property=\"og:image:type\" content=\"image\/png\" \/>\n<meta name=\"twitter:card\" content=\"summary_large_image\" \/>\n<meta name=\"twitter:label1\" content=\"Dur\u00e9e de lecture estim\u00e9e\" \/>\n\t<meta name=\"twitter:data1\" content=\"1 minute\" \/>\n<script type=\"application\/ld+json\" class=\"yoast-schema-graph\">{\"@context\":\"https:\/\/schema.org\",\"@graph\":[{\"@type\":\"WebPage\",\"@id\":\"https:\/\/d-identify.be\/fr\/produit\/batterie-toro-max\/\",\"url\":\"https:\/\/d-identify.be\/fr\/produit\/batterie-toro-max\/\",\"name\":\"Batterie Toro Max - d-identify\",\"isPartOf\":{\"@id\":\"https:\/\/d-identify.be\/fr\/#website\"},\"primaryImageOfPage\":{\"@id\":\"https:\/\/d-identify.be\/fr\/produit\/batterie-toro-max\/#primaryimage\"},\"image\":{\"@id\":\"https:\/\/d-identify.be\/fr\/produit\/batterie-toro-max\/#primaryimage\"},\"thumbnailUrl\":\"https:\/\/d-identify.be\/wp-content\/uploads\/2022\/09\/dltm-batt.png\",\"datePublished\":\"2022-09-14T09:20:15+00:00\",\"dateModified\":\"2024-06-11T09:05:50+00:00\",\"description\":\"Transformez votre Toro Max en une imprimante enti\u00e8rement portable pour des heures d'impression sur le terrain. Cette batterie lithium-ion attachable vous permet d'imprimer...\",\"breadcrumb\":{\"@id\":\"https:\/\/d-identify.be\/fr\/produit\/batterie-toro-max\/#breadcrumb\"},\"inLanguage\":\"fr-FR\",\"potentialAction\":[{\"@type\":\"ReadAction\",\"target\":[\"https:\/\/d-identify.be\/fr\/produit\/batterie-toro-max\/\"]}]},{\"@type\":\"ImageObject\",\"inLanguage\":\"fr-FR\",\"@id\":\"https:\/\/d-identify.be\/fr\/produit\/batterie-toro-max\/#primaryimage\",\"url\":\"https:\/\/d-identify.be\/wp-content\/uploads\/2022\/09\/dltm-batt.png\",\"contentUrl\":\"https:\/\/d-identify.be\/wp-content\/uploads\/2022\/09\/dltm-batt.png\",\"width\":1000,\"height\":1000},{\"@type\":\"BreadcrumbList\",\"@id\":\"https:\/\/d-identify.be\/fr\/produit\/batterie-toro-max\/#breadcrumb\",\"itemListElement\":[{\"@type\":\"ListItem\",\"position\":1,\"name\":\"Home\",\"item\":\"https:\/\/d-identify.be\/fr\/home-2\/\"},{\"@type\":\"ListItem\",\"position\":2,\"name\":\"Boutique\",\"item\":\"https:\/\/d-identify.be\/fr\/boutique\/\"},{\"@type\":\"ListItem\",\"position\":3,\"name\":\"Batterie Toro Max\"}]},{\"@type\":\"WebSite\",\"@id\":\"https:\/\/d-identify.be\/fr\/#website\",\"url\":\"https:\/\/d-identify.be\/fr\/\",\"name\":\"d-identify\",\"description\":\"Industrial identification - Lockout - Tagout - Floor marking\",\"potentialAction\":[{\"@type\":\"SearchAction\",\"target\":{\"@type\":\"EntryPoint\",\"urlTemplate\":\"https:\/\/d-identify.be\/fr\/?s={search_term_string}\"},\"query-input\":{\"@type\":\"PropertyValueSpecification\",\"valueRequired\":true,\"valueName\":\"search_term_string\"}}],\"inLanguage\":\"fr-FR\"}]}<\/script>\n<!-- \/ Yoast SEO Premium plugin. -->","yoast_head_json":{"title":"Batterie Toro Max - d-identify","description":"Transformez votre Toro Max en une imprimante enti\u00e8rement portable pour des heures d'impression sur le terrain. Cette batterie lithium-ion attachable vous permet d'imprimer...","robots":{"index":"index","follow":"follow","max-snippet":"max-snippet:-1","max-image-preview":"max-image-preview:large","max-video-preview":"max-video-preview:-1"},"canonical":"https:\/\/d-identify.be\/fr\/produit\/batterie-toro-max\/","og_locale":"fr_FR","og_type":"article","og_title":"Batterie Toro Max","og_description":"Transformez votre Toro Max en une imprimante enti\u00e8rement portable pour des heures d'impression sur le terrain. Cette batterie lithium-ion attachable vous permet d'imprimer...","og_url":"https:\/\/d-identify.be\/fr\/produit\/batterie-toro-max\/","og_site_name":"d-identify","article_modified_time":"2024-06-11T09:05:50+00:00","og_image":[{"width":1000,"height":1000,"url":"https:\/\/d-identify.be\/wp-content\/uploads\/2022\/09\/dltm-batt.png","type":"image\/png"}],"twitter_card":"summary_large_image","twitter_misc":{"Dur\u00e9e de lecture estim\u00e9e":"1 minute"},"schema":{"@context":"https:\/\/schema.org","@graph":[{"@type":"WebPage","@id":"https:\/\/d-identify.be\/fr\/produit\/batterie-toro-max\/","url":"https:\/\/d-identify.be\/fr\/produit\/batterie-toro-max\/","name":"Batterie Toro Max - d-identify","isPartOf":{"@id":"https:\/\/d-identify.be\/fr\/#website"},"primaryImageOfPage":{"@id":"https:\/\/d-identify.be\/fr\/produit\/batterie-toro-max\/#primaryimage"},"image":{"@id":"https:\/\/d-identify.be\/fr\/produit\/batterie-toro-max\/#primaryimage"},"thumbnailUrl":"https:\/\/d-identify.be\/wp-content\/uploads\/2022\/09\/dltm-batt.png","datePublished":"2022-09-14T09:20:15+00:00","dateModified":"2024-06-11T09:05:50+00:00","description":"Transformez votre Toro Max en une imprimante enti\u00e8rement portable pour des heures d'impression sur le terrain. Cette batterie lithium-ion attachable vous permet d'imprimer...","breadcrumb":{"@id":"https:\/\/d-identify.be\/fr\/produit\/batterie-toro-max\/#breadcrumb"},"inLanguage":"fr-FR","potentialAction":[{"@type":"ReadAction","target":["https:\/\/d-identify.be\/fr\/produit\/batterie-toro-max\/"]}]},{"@type":"ImageObject","inLanguage":"fr-FR","@id":"https:\/\/d-identify.be\/fr\/produit\/batterie-toro-max\/#primaryimage","url":"https:\/\/d-identify.be\/wp-content\/uploads\/2022\/09\/dltm-batt.png","contentUrl":"https:\/\/d-identify.be\/wp-content\/uploads\/2022\/09\/dltm-batt.png","width":1000,"height":1000},{"@type":"BreadcrumbList","@id":"https:\/\/d-identify.be\/fr\/produit\/batterie-toro-max\/#breadcrumb","itemListElement":[{"@type":"ListItem","position":1,"name":"Home","item":"https:\/\/d-identify.be\/fr\/home-2\/"},{"@type":"ListItem","position":2,"name":"Boutique","item":"https:\/\/d-identify.be\/fr\/boutique\/"},{"@type":"ListItem","position":3,"name":"Batterie Toro Max"}]},{"@type":"WebSite","@id":"https:\/\/d-identify.be\/fr\/#website","url":"https:\/\/d-identify.be\/fr\/","name":"d-identify","description":"Industrial identification - Lockout - Tagout - Floor marking","potentialAction":[{"@type":"SearchAction","target":{"@type":"EntryPoint","urlTemplate":"https:\/\/d-identify.be\/fr\/?s={search_term_string}"},"query-input":{"@type":"PropertyValueSpecification","valueRequired":true,"valueName":"search_term_string"}}],"inLanguage":"fr-FR"}]}},"_links":{"self":[{"href":"https:\/\/d-identify.be\/fr\/wp-json\/wp\/v2\/product\/18936","targetHints":{"allow":["GET"]}}],"collection":[{"href":"https:\/\/d-identify.be\/fr\/wp-json\/wp\/v2\/product"}],"about":[{"href":"https:\/\/d-identify.be\/fr\/wp-json\/wp\/v2\/types\/product"}],"replies":[{"embeddable":true,"href":"https:\/\/d-identify.be\/fr\/wp-json\/wp\/v2\/comments?post=18936"}],"wp:featuredmedia":[{"embeddable":true,"href":"https:\/\/d-identify.be\/fr\/wp-json\/wp\/v2\/media\/18937"}],"wp:attachment":[{"href":"https:\/\/d-identify.be\/fr\/wp-json\/wp\/v2\/media?parent=18936"}],"wp:term":[{"taxonomy":"product_brand","embeddable":true,"href":"https:\/\/d-identify.be\/fr\/wp-json\/wp\/v2\/product_brand?post=18936"},{"taxonomy":"product_cat","embeddable":true,"href":"https:\/\/d-identify.be\/fr\/wp-json\/wp\/v2\/product_cat?post=18936"},{"taxonomy":"product_tag","embeddable":true,"href":"https:\/\/d-identify.be\/fr\/wp-json\/wp\/v2\/product_tag?post=18936"},{"taxonomy":"pa_connextion-shapes","embeddable":true,"href":"https:\/\/d-identify.be\/fr\/wp-json\/wp\/v2\/pa_connextion-shapes?post=18936"}],"curies":[{"name":"wp","href":"https:\/\/api.w.org\/{rel}","templated":true}]}}