{"id":18663,"date":"2021-07-26T12:38:30","date_gmt":"2021-07-26T10:38:30","guid":{"rendered":"https:\/\/d-identify.be\/product\/1107-cadenas-de-securite-en-aluminium-anodise-38-mm-de-large-avec-une-anse-de-76-mm-de-haut\/"},"modified":"2024-05-26T19:08:52","modified_gmt":"2024-05-26T17:08:52","slug":"1107-cadenas-de-securite-en-aluminium-anodise-38-mm-de-large-avec-une-anse-de-76-mm-de-haut","status":"publish","type":"product","link":"https:\/\/d-identify.be\/fr\/produit\/1107-cadenas-de-securite-en-aluminium-anodise-38-mm-de-large-avec-une-anse-de-76-mm-de-haut\/","title":{"rendered":"1107 Cadenas de s\u00e9curit\u00e9 en aluminium anodis\u00e9, 38 mm de large avec une anse de 76 mm de haut"},"content":{"rendered":"<h3>Le cadenas en aluminium American Lock No. A1107 dispose d&rsquo;un corps en aluminium anodis\u00e9 de 1-1\/2 pouces (38 mm) de large. Avec une anse en alliage de bore chrom\u00e9, d&rsquo;un diam\u00e8tre de 1\/4 de pouce (6 mm) et de 3 pouces (75 mm) de hauteur, offrant une r\u00e9sistance sup\u00e9rieure \u00e0 la coupe. La finition anodis\u00e9e rend le cadenas adapt\u00e9 au verrouillage dans les installations de traitement des aliments. De plus, la finition r\u00e9sistante \u00e0 la corrosion est id\u00e9ale pour les environnements difficiles.    <\/h3>\n<p><strong>KD<\/strong> &#8211; Chaque cadenas est ouvert par sa propre cl\u00e9 unique qui n&rsquo;ouvre aucun autre cadenas de l&rsquo;ensemble. Conform\u00e9ment au mantra \u00ab\u00a0Un cadenas, un employ\u00e9, une cl\u00e9\u00a0\u00bb (livraison standard). <\/p>\n<p><strong>KA<\/strong> &#8211; Tous les cadenas de l&rsquo;ensemble sont ouverts par la m\u00eame cl\u00e9, donc une seule cl\u00e9 est n\u00e9cessaire pour ouvrir de nombreux cadenas &#8211; pour les employ\u00e9s qui ont besoin de nombreux cadenas, ils n&rsquo;ont toujours qu&rsquo;une seule cl\u00e9.<\/p>\n<p><strong>MK <\/strong>&#8211; Une cl\u00e9 principale ouvre tous les cadenas du syst\u00e8me tandis que chaque cadenas a \u00e9galement sa propre cl\u00e9 unique &#8211; permet le retrait responsable des verrouillages incorrectement plac\u00e9s ou oubli\u00e9s conform\u00e9ment \u00e0 votre politique de notification d&rsquo;urgence (livraison sur commande personnalis\u00e9e 4 \u00e0 6 semaines).<\/p>\n","protected":false},"excerpt":{"rendered":"<p>Le cadenas en aluminium American Lock No. A1107 pr\u00e9sente un corps en aluminium anodis\u00e9 de 1-1\/2 pouces (38mm) de large avec une anse en alliage de bore chrom\u00e9 de 1\/4 pouce (6mm) de diam\u00e8tre et de 3 pouces (75mm) de hauteur, offrant une r\u00e9sistance sup\u00e9rieure \u00e0 la coupe. La finition anodis\u00e9e rend le cadenas adapt\u00e9 au verrouillage dans les installations de traitement des aliments, et la finition r\u00e9sistante \u00e0 la corrosion est id\u00e9ale pour les environnements difficiles.  <\/p>\n","protected":false},"featured_media":18664,"comment_status":"open","ping_status":"closed","template":"","meta":{"_acf_changed":false,"_et_pb_use_builder":"","_et_pb_old_content":"","_et_gb_content_width":""},"product_brand":[],"product_cat":[466,628],"product_tag":[934],"pa_connextion-shapes":[],"class_list":{"0":"post-18663","1":"product","2":"type-product","3":"status-publish","4":"has-post-thumbnail","6":"product_cat-lockout-tagout","7":"product_cat-lockout-padlocks","8":"product_tag-master-lock-fr","10":"first","11":"instock","12":"taxable","13":"shipping-taxable","14":"purchasable","15":"product-type-variable","16":"has-default-attributes"},"exclude_global_add_ons":[],"addons":[],"acf":[],"yoast_head":"<!-- This site is optimized with the Yoast SEO Premium plugin v27.0 (Yoast SEO v27.1) - https:\/\/yoast.com\/product\/yoast-seo-premium-wordpress\/ -->\n<title>Cadenas de s\u00e9curit\u00e9 en aluminium anodis\u00e9<\/title>\n<meta name=\"description\" content=\"The American Lock No. A1107 est dot\u00e9 d&#039;un corps en aluminium anodis\u00e9 de 1-1\/2 pouces (38 mm) de large et de 3 pouces (75 mm) de haut, ...\" \/>\n<meta name=\"robots\" content=\"index, follow, max-snippet:-1, max-image-preview:large, max-video-preview:-1\" \/>\n<link rel=\"canonical\" href=\"https:\/\/d-identify.be\/fr\/produit\/1107-cadenas-de-securite-en-aluminium-anodise-38-mm-de-large-avec-une-anse-de-76-mm-de-haut\/\" \/>\n<meta property=\"og:locale\" content=\"fr_FR\" \/>\n<meta property=\"og:type\" content=\"article\" \/>\n<meta property=\"og:title\" content=\"1107 Cadenas de s\u00e9curit\u00e9 en aluminium anodis\u00e9, 38 mm de large avec une anse de 76 mm de haut\" \/>\n<meta property=\"og:description\" content=\"The American Lock No. A1107 est dot\u00e9 d&#039;un corps en aluminium anodis\u00e9 de 1-1\/2 pouces (38 mm) de large et de 3 pouces (75 mm) de haut, ...\" \/>\n<meta property=\"og:url\" content=\"https:\/\/d-identify.be\/fr\/produit\/1107-cadenas-de-securite-en-aluminium-anodise-38-mm-de-large-avec-une-anse-de-76-mm-de-haut\/\" \/>\n<meta property=\"og:site_name\" content=\"d-identify\" \/>\n<meta property=\"article:modified_time\" content=\"2024-05-26T17:08:52+00:00\" \/>\n<meta property=\"og:image\" content=\"https:\/\/d-identify.be\/wp-content\/uploads\/2021\/07\/MLCOM_PRODUCT_S1107YLW-A1107YLW.jpg\" \/>\n\t<meta property=\"og:image:width\" content=\"285\" \/>\n\t<meta property=\"og:image:height\" content=\"285\" \/>\n\t<meta property=\"og:image:type\" content=\"image\/jpeg\" \/>\n<meta name=\"twitter:card\" content=\"summary_large_image\" \/>\n<meta name=\"twitter:label1\" content=\"Dur\u00e9e de lecture estim\u00e9e\" \/>\n\t<meta name=\"twitter:data1\" content=\"1 minute\" \/>\n<script type=\"application\/ld+json\" class=\"yoast-schema-graph\">{\"@context\":\"https:\/\/schema.org\",\"@graph\":[{\"@type\":\"WebPage\",\"@id\":\"https:\/\/d-identify.be\/fr\/produit\/1107-cadenas-de-securite-en-aluminium-anodise-38-mm-de-large-avec-une-anse-de-76-mm-de-haut\/\",\"url\":\"https:\/\/d-identify.be\/fr\/produit\/1107-cadenas-de-securite-en-aluminium-anodise-38-mm-de-large-avec-une-anse-de-76-mm-de-haut\/\",\"name\":\"Cadenas de s\u00e9curit\u00e9 en aluminium anodis\u00e9\",\"isPartOf\":{\"@id\":\"https:\/\/d-identify.be\/fr\/#website\"},\"primaryImageOfPage\":{\"@id\":\"https:\/\/d-identify.be\/fr\/produit\/1107-cadenas-de-securite-en-aluminium-anodise-38-mm-de-large-avec-une-anse-de-76-mm-de-haut\/#primaryimage\"},\"image\":{\"@id\":\"https:\/\/d-identify.be\/fr\/produit\/1107-cadenas-de-securite-en-aluminium-anodise-38-mm-de-large-avec-une-anse-de-76-mm-de-haut\/#primaryimage\"},\"thumbnailUrl\":\"https:\/\/d-identify.be\/wp-content\/uploads\/2021\/07\/MLCOM_PRODUCT_S1107YLW-A1107YLW.jpg\",\"datePublished\":\"2021-07-26T10:38:30+00:00\",\"dateModified\":\"2024-05-26T17:08:52+00:00\",\"description\":\"The American Lock No. A1107 est dot\u00e9 d'un corps en aluminium anodis\u00e9 de 1-1\/2 pouces (38 mm) de large et de 3 pouces (75 mm) de haut, ...\",\"breadcrumb\":{\"@id\":\"https:\/\/d-identify.be\/fr\/produit\/1107-cadenas-de-securite-en-aluminium-anodise-38-mm-de-large-avec-une-anse-de-76-mm-de-haut\/#breadcrumb\"},\"inLanguage\":\"fr-FR\",\"potentialAction\":[{\"@type\":\"ReadAction\",\"target\":[\"https:\/\/d-identify.be\/fr\/produit\/1107-cadenas-de-securite-en-aluminium-anodise-38-mm-de-large-avec-une-anse-de-76-mm-de-haut\/\"]}]},{\"@type\":\"ImageObject\",\"inLanguage\":\"fr-FR\",\"@id\":\"https:\/\/d-identify.be\/fr\/produit\/1107-cadenas-de-securite-en-aluminium-anodise-38-mm-de-large-avec-une-anse-de-76-mm-de-haut\/#primaryimage\",\"url\":\"https:\/\/d-identify.be\/wp-content\/uploads\/2021\/07\/MLCOM_PRODUCT_S1107YLW-A1107YLW.jpg\",\"contentUrl\":\"https:\/\/d-identify.be\/wp-content\/uploads\/2021\/07\/MLCOM_PRODUCT_S1107YLW-A1107YLW.jpg\",\"width\":285,\"height\":285,\"caption\":\"1107 Anodized aluminum safety padlock, 38mm wide with 76mm tall shackle\"},{\"@type\":\"BreadcrumbList\",\"@id\":\"https:\/\/d-identify.be\/fr\/produit\/1107-cadenas-de-securite-en-aluminium-anodise-38-mm-de-large-avec-une-anse-de-76-mm-de-haut\/#breadcrumb\",\"itemListElement\":[{\"@type\":\"ListItem\",\"position\":1,\"name\":\"Home\",\"item\":\"https:\/\/d-identify.be\/fr\/home-2\/\"},{\"@type\":\"ListItem\",\"position\":2,\"name\":\"Boutique\",\"item\":\"https:\/\/d-identify.be\/fr\/boutique\/\"},{\"@type\":\"ListItem\",\"position\":3,\"name\":\"1107 Cadenas de s\u00e9curit\u00e9 en aluminium anodis\u00e9, 38 mm de large avec une anse de 76 mm de haut\"}]},{\"@type\":\"WebSite\",\"@id\":\"https:\/\/d-identify.be\/fr\/#website\",\"url\":\"https:\/\/d-identify.be\/fr\/\",\"name\":\"d-identify\",\"description\":\"Industrial identification - Lockout - Tagout - Floor marking\",\"potentialAction\":[{\"@type\":\"SearchAction\",\"target\":{\"@type\":\"EntryPoint\",\"urlTemplate\":\"https:\/\/d-identify.be\/fr\/?s={search_term_string}\"},\"query-input\":{\"@type\":\"PropertyValueSpecification\",\"valueRequired\":true,\"valueName\":\"search_term_string\"}}],\"inLanguage\":\"fr-FR\"}]}<\/script>\n<!-- \/ Yoast SEO Premium plugin. -->","yoast_head_json":{"title":"Cadenas de s\u00e9curit\u00e9 en aluminium anodis\u00e9","description":"The American Lock No. A1107 est dot\u00e9 d'un corps en aluminium anodis\u00e9 de 1-1\/2 pouces (38 mm) de large et de 3 pouces (75 mm) de haut, ...","robots":{"index":"index","follow":"follow","max-snippet":"max-snippet:-1","max-image-preview":"max-image-preview:large","max-video-preview":"max-video-preview:-1"},"canonical":"https:\/\/d-identify.be\/fr\/produit\/1107-cadenas-de-securite-en-aluminium-anodise-38-mm-de-large-avec-une-anse-de-76-mm-de-haut\/","og_locale":"fr_FR","og_type":"article","og_title":"1107 Cadenas de s\u00e9curit\u00e9 en aluminium anodis\u00e9, 38 mm de large avec une anse de 76 mm de haut","og_description":"The American Lock No. A1107 est dot\u00e9 d'un corps en aluminium anodis\u00e9 de 1-1\/2 pouces (38 mm) de large et de 3 pouces (75 mm) de haut, ...","og_url":"https:\/\/d-identify.be\/fr\/produit\/1107-cadenas-de-securite-en-aluminium-anodise-38-mm-de-large-avec-une-anse-de-76-mm-de-haut\/","og_site_name":"d-identify","article_modified_time":"2024-05-26T17:08:52+00:00","og_image":[{"width":285,"height":285,"url":"https:\/\/d-identify.be\/wp-content\/uploads\/2021\/07\/MLCOM_PRODUCT_S1107YLW-A1107YLW.jpg","type":"image\/jpeg"}],"twitter_card":"summary_large_image","twitter_misc":{"Dur\u00e9e de lecture estim\u00e9e":"1 minute"},"schema":{"@context":"https:\/\/schema.org","@graph":[{"@type":"WebPage","@id":"https:\/\/d-identify.be\/fr\/produit\/1107-cadenas-de-securite-en-aluminium-anodise-38-mm-de-large-avec-une-anse-de-76-mm-de-haut\/","url":"https:\/\/d-identify.be\/fr\/produit\/1107-cadenas-de-securite-en-aluminium-anodise-38-mm-de-large-avec-une-anse-de-76-mm-de-haut\/","name":"Cadenas de s\u00e9curit\u00e9 en aluminium anodis\u00e9","isPartOf":{"@id":"https:\/\/d-identify.be\/fr\/#website"},"primaryImageOfPage":{"@id":"https:\/\/d-identify.be\/fr\/produit\/1107-cadenas-de-securite-en-aluminium-anodise-38-mm-de-large-avec-une-anse-de-76-mm-de-haut\/#primaryimage"},"image":{"@id":"https:\/\/d-identify.be\/fr\/produit\/1107-cadenas-de-securite-en-aluminium-anodise-38-mm-de-large-avec-une-anse-de-76-mm-de-haut\/#primaryimage"},"thumbnailUrl":"https:\/\/d-identify.be\/wp-content\/uploads\/2021\/07\/MLCOM_PRODUCT_S1107YLW-A1107YLW.jpg","datePublished":"2021-07-26T10:38:30+00:00","dateModified":"2024-05-26T17:08:52+00:00","description":"The American Lock No. A1107 est dot\u00e9 d'un corps en aluminium anodis\u00e9 de 1-1\/2 pouces (38 mm) de large et de 3 pouces (75 mm) de haut, ...","breadcrumb":{"@id":"https:\/\/d-identify.be\/fr\/produit\/1107-cadenas-de-securite-en-aluminium-anodise-38-mm-de-large-avec-une-anse-de-76-mm-de-haut\/#breadcrumb"},"inLanguage":"fr-FR","potentialAction":[{"@type":"ReadAction","target":["https:\/\/d-identify.be\/fr\/produit\/1107-cadenas-de-securite-en-aluminium-anodise-38-mm-de-large-avec-une-anse-de-76-mm-de-haut\/"]}]},{"@type":"ImageObject","inLanguage":"fr-FR","@id":"https:\/\/d-identify.be\/fr\/produit\/1107-cadenas-de-securite-en-aluminium-anodise-38-mm-de-large-avec-une-anse-de-76-mm-de-haut\/#primaryimage","url":"https:\/\/d-identify.be\/wp-content\/uploads\/2021\/07\/MLCOM_PRODUCT_S1107YLW-A1107YLW.jpg","contentUrl":"https:\/\/d-identify.be\/wp-content\/uploads\/2021\/07\/MLCOM_PRODUCT_S1107YLW-A1107YLW.jpg","width":285,"height":285,"caption":"1107 Anodized aluminum safety padlock, 38mm wide with 76mm tall shackle"},{"@type":"BreadcrumbList","@id":"https:\/\/d-identify.be\/fr\/produit\/1107-cadenas-de-securite-en-aluminium-anodise-38-mm-de-large-avec-une-anse-de-76-mm-de-haut\/#breadcrumb","itemListElement":[{"@type":"ListItem","position":1,"name":"Home","item":"https:\/\/d-identify.be\/fr\/home-2\/"},{"@type":"ListItem","position":2,"name":"Boutique","item":"https:\/\/d-identify.be\/fr\/boutique\/"},{"@type":"ListItem","position":3,"name":"1107 Cadenas de s\u00e9curit\u00e9 en aluminium anodis\u00e9, 38 mm de large avec une anse de 76 mm de haut"}]},{"@type":"WebSite","@id":"https:\/\/d-identify.be\/fr\/#website","url":"https:\/\/d-identify.be\/fr\/","name":"d-identify","description":"Industrial identification - Lockout - Tagout - Floor marking","potentialAction":[{"@type":"SearchAction","target":{"@type":"EntryPoint","urlTemplate":"https:\/\/d-identify.be\/fr\/?s={search_term_string}"},"query-input":{"@type":"PropertyValueSpecification","valueRequired":true,"valueName":"search_term_string"}}],"inLanguage":"fr-FR"}]}},"_links":{"self":[{"href":"https:\/\/d-identify.be\/fr\/wp-json\/wp\/v2\/product\/18663","targetHints":{"allow":["GET"]}}],"collection":[{"href":"https:\/\/d-identify.be\/fr\/wp-json\/wp\/v2\/product"}],"about":[{"href":"https:\/\/d-identify.be\/fr\/wp-json\/wp\/v2\/types\/product"}],"replies":[{"embeddable":true,"href":"https:\/\/d-identify.be\/fr\/wp-json\/wp\/v2\/comments?post=18663"}],"wp:featuredmedia":[{"embeddable":true,"href":"https:\/\/d-identify.be\/fr\/wp-json\/wp\/v2\/media\/18664"}],"wp:attachment":[{"href":"https:\/\/d-identify.be\/fr\/wp-json\/wp\/v2\/media?parent=18663"}],"wp:term":[{"taxonomy":"product_brand","embeddable":true,"href":"https:\/\/d-identify.be\/fr\/wp-json\/wp\/v2\/product_brand?post=18663"},{"taxonomy":"product_cat","embeddable":true,"href":"https:\/\/d-identify.be\/fr\/wp-json\/wp\/v2\/product_cat?post=18663"},{"taxonomy":"product_tag","embeddable":true,"href":"https:\/\/d-identify.be\/fr\/wp-json\/wp\/v2\/product_tag?post=18663"},{"taxonomy":"pa_connextion-shapes","embeddable":true,"href":"https:\/\/d-identify.be\/fr\/wp-json\/wp\/v2\/pa_connextion-shapes?post=18663"}],"curies":[{"name":"wp","href":"https:\/\/api.w.org\/{rel}","templated":true}]}}