{"id":18580,"date":"2021-07-26T12:38:32","date_gmt":"2021-07-26T10:38:32","guid":{"rendered":"https:\/\/d-identify.be\/product\/406-cadenas-de-securite-en-thermoplastique-dielectrique-zenex\/"},"modified":"2026-01-12T17:32:57","modified_gmt":"2026-01-12T15:32:57","slug":"406-cadenas-de-securite-dielectrique","status":"publish","type":"product","link":"https:\/\/d-identify.be\/fr\/produit\/406-cadenas-de-securite-dielectrique\/","title":{"rendered":"Master Lock 406 cadenas de s\u00e9curit\u00e9 di\u00e9lectrique thermoplastique"},"content":{"rendered":"<p data-start=\"399\" data-end=\"639\">Le <strong data-start=\"402\" data-end=\"442\">406 cadenas de s\u00e9curit\u00e9 di\u00e9lectrique<\/strong> est con\u00e7u pour les applications de lockout-tagout en environnements \u00e9lectriques. Il dispose d\u2019un corps en thermoplastique Zenex\u2122 d\u2019une largeur de 38 mm, ce qui le rend l\u00e9ger et facile \u00e0 manipuler.<\/p>\n<p data-start=\"641\" data-end=\"882\">De plus, le cadenas est \u00e9quip\u00e9 d\u2019une anse en plastique de 38 mm de hauteur et de 6 mm de diam\u00e8tre. Cette anse ne conduit pas le courant \u00e9lectrique. Par cons\u00e9quent, le dispositif aide \u00e0 r\u00e9duire les risques d\u2019\u00e9lectrocution et d\u2019arc \u00e9lectrique.<\/p>\n<p data-start=\"884\" data-end=\"1092\">En outre, la conception emp\u00eache le passage du courant entre l\u2019anse et la cl\u00e9. Tous les composants sont non \u00e9tincelants et non magn\u00e9tiques, ce qui rend le cadenas adapt\u00e9 aux applications \u00e9lectriques sensibles.<\/p>\n<p data-start=\"1094\" data-end=\"1289\">Par ailleurs, le corps en thermoplastique Zenex\u2122 r\u00e9siste aux produits chimiques, \u00e0 l\u2019humidit\u00e9 et aux chocs. Ainsi, le cadenas reste fiable lors d\u2019une utilisation quotidienne en milieu industriel.<\/p>\n<p data-start=\"1291\" data-end=\"1515\">Enfin, le <strong data-start=\"1301\" data-end=\"1341\">406 cadenas de s\u00e9curit\u00e9 di\u00e9lectrique<\/strong> int\u00e8gre un m\u00e9canisme \u00e0 cl\u00e9 captive. L\u2019utilisateur ne peut retirer la cl\u00e9 que lorsque le cadenas est compl\u00e8tement verrouill\u00e9. Cela garantit une consignation s\u00fbre et conforme.<\/p>\n","protected":false},"excerpt":{"rendered":"<p data-start=\"855\" data-end=\"1113\">Le <strong data-start=\"858\" data-end=\"898\">406 cadenas de s\u00e9curit\u00e9 di\u00e9lectrique<\/strong> est con\u00e7u pour les applications de lockout-tagout en environnements \u00e9lectriques. Son corps en thermoplastique Zenex\u2122 et son anse non conductrice r\u00e9duisent les risques \u00e9lectriques lors des op\u00e9rations de maintenance.<\/p>\n","protected":false},"featured_media":18581,"comment_status":"open","ping_status":"closed","template":"","meta":{"_acf_changed":false,"_et_pb_use_builder":"","_et_pb_old_content":"","_et_gb_content_width":""},"product_brand":[],"product_cat":[466,628],"product_tag":[934],"pa_connextion-shapes":[],"class_list":{"0":"post-18580","1":"product","2":"type-product","3":"status-publish","4":"has-post-thumbnail","6":"product_cat-lockout-tagout","7":"product_cat-lockout-padlocks","8":"product_tag-master-lock-fr","10":"first","11":"instock","12":"taxable","13":"shipping-taxable","14":"purchasable","15":"product-type-variable","16":"has-default-attributes"},"exclude_global_add_ons":[],"addons":[],"acf":[],"yoast_head":"<!-- This site is optimized with the Yoast SEO Premium plugin v27.0 (Yoast SEO v27.1) - https:\/\/yoast.com\/product\/yoast-seo-premium-wordpress\/ -->\n<title>406 cadenas de s\u00e9curit\u00e9 di\u00e9lectrique - Master Lock<\/title>\n<meta name=\"description\" content=\"406 cadenas de s\u00e9curit\u00e9 di\u00e9lectrique avec corps Zenex\u2122 et anse non conductrice. Con\u00e7u pour le lockout-tagout en environnements \u00e9lectriques.\" \/>\n<meta name=\"robots\" content=\"index, follow, max-snippet:-1, max-image-preview:large, max-video-preview:-1\" \/>\n<link rel=\"canonical\" href=\"https:\/\/d-identify.be\/fr\/produit\/406-cadenas-de-securite-dielectrique\/\" \/>\n<meta property=\"og:locale\" content=\"fr_FR\" \/>\n<meta property=\"og:type\" content=\"article\" \/>\n<meta property=\"og:title\" content=\"Master Lock 406 cadenas de s\u00e9curit\u00e9 di\u00e9lectrique thermoplastique\" \/>\n<meta property=\"og:description\" content=\"406 cadenas de s\u00e9curit\u00e9 di\u00e9lectrique avec corps Zenex\u2122 et anse non conductrice. Con\u00e7u pour le lockout-tagout en environnements \u00e9lectriques.\" \/>\n<meta property=\"og:url\" content=\"https:\/\/d-identify.be\/fr\/produit\/406-cadenas-de-securite-dielectrique\/\" \/>\n<meta property=\"og:site_name\" content=\"d-identify\" \/>\n<meta property=\"article:modified_time\" content=\"2026-01-12T15:32:57+00:00\" \/>\n<meta property=\"og:image\" content=\"https:\/\/d-identify.be\/wp-content\/uploads\/2021\/07\/406GRN.jpg\" \/>\n\t<meta property=\"og:image:width\" content=\"265\" \/>\n\t<meta property=\"og:image:height\" content=\"265\" \/>\n\t<meta property=\"og:image:type\" content=\"image\/jpeg\" \/>\n<meta name=\"twitter:card\" content=\"summary_large_image\" \/>\n<meta name=\"twitter:label1\" content=\"Dur\u00e9e de lecture estim\u00e9e\" \/>\n\t<meta name=\"twitter:data1\" content=\"1 minute\" \/>\n<script type=\"application\/ld+json\" class=\"yoast-schema-graph\">{\"@context\":\"https:\/\/schema.org\",\"@graph\":[{\"@type\":\"WebPage\",\"@id\":\"https:\/\/d-identify.be\/fr\/produit\/406-cadenas-de-securite-dielectrique\/\",\"url\":\"https:\/\/d-identify.be\/fr\/produit\/406-cadenas-de-securite-dielectrique\/\",\"name\":\"406 cadenas de s\u00e9curit\u00e9 di\u00e9lectrique - Master Lock\",\"isPartOf\":{\"@id\":\"https:\/\/d-identify.be\/fr\/#website\"},\"primaryImageOfPage\":{\"@id\":\"https:\/\/d-identify.be\/fr\/produit\/406-cadenas-de-securite-dielectrique\/#primaryimage\"},\"image\":{\"@id\":\"https:\/\/d-identify.be\/fr\/produit\/406-cadenas-de-securite-dielectrique\/#primaryimage\"},\"thumbnailUrl\":\"https:\/\/d-identify.be\/wp-content\/uploads\/2021\/07\/406GRN.jpg\",\"datePublished\":\"2021-07-26T10:38:32+00:00\",\"dateModified\":\"2026-01-12T15:32:57+00:00\",\"description\":\"406 cadenas de s\u00e9curit\u00e9 di\u00e9lectrique avec corps Zenex\u2122 et anse non conductrice. Con\u00e7u pour le lockout-tagout en environnements \u00e9lectriques.\",\"breadcrumb\":{\"@id\":\"https:\/\/d-identify.be\/fr\/produit\/406-cadenas-de-securite-dielectrique\/#breadcrumb\"},\"inLanguage\":\"fr-FR\",\"potentialAction\":[{\"@type\":\"ReadAction\",\"target\":[\"https:\/\/d-identify.be\/fr\/produit\/406-cadenas-de-securite-dielectrique\/\"]}]},{\"@type\":\"ImageObject\",\"inLanguage\":\"fr-FR\",\"@id\":\"https:\/\/d-identify.be\/fr\/produit\/406-cadenas-de-securite-dielectrique\/#primaryimage\",\"url\":\"https:\/\/d-identify.be\/wp-content\/uploads\/2021\/07\/406GRN.jpg\",\"contentUrl\":\"https:\/\/d-identify.be\/wp-content\/uploads\/2021\/07\/406GRN.jpg\",\"width\":265,\"height\":265,\"caption\":\"406 cadenas de s\u00e9curit\u00e9 di\u00e9lectrique - Master Lock\"},{\"@type\":\"BreadcrumbList\",\"@id\":\"https:\/\/d-identify.be\/fr\/produit\/406-cadenas-de-securite-dielectrique\/#breadcrumb\",\"itemListElement\":[{\"@type\":\"ListItem\",\"position\":1,\"name\":\"Home\",\"item\":\"https:\/\/d-identify.be\/fr\/home-2\/\"},{\"@type\":\"ListItem\",\"position\":2,\"name\":\"Boutique\",\"item\":\"https:\/\/d-identify.be\/fr\/boutique\/\"},{\"@type\":\"ListItem\",\"position\":3,\"name\":\"Master Lock 406 cadenas de s\u00e9curit\u00e9 di\u00e9lectrique thermoplastique\"}]},{\"@type\":\"WebSite\",\"@id\":\"https:\/\/d-identify.be\/fr\/#website\",\"url\":\"https:\/\/d-identify.be\/fr\/\",\"name\":\"d-identify\",\"description\":\"Industrial identification - Lockout - Tagout - Floor marking\",\"potentialAction\":[{\"@type\":\"SearchAction\",\"target\":{\"@type\":\"EntryPoint\",\"urlTemplate\":\"https:\/\/d-identify.be\/fr\/?s={search_term_string}\"},\"query-input\":{\"@type\":\"PropertyValueSpecification\",\"valueRequired\":true,\"valueName\":\"search_term_string\"}}],\"inLanguage\":\"fr-FR\"}]}<\/script>\n<!-- \/ Yoast SEO Premium plugin. -->","yoast_head_json":{"title":"406 cadenas de s\u00e9curit\u00e9 di\u00e9lectrique - Master Lock","description":"406 cadenas de s\u00e9curit\u00e9 di\u00e9lectrique avec corps Zenex\u2122 et anse non conductrice. Con\u00e7u pour le lockout-tagout en environnements \u00e9lectriques.","robots":{"index":"index","follow":"follow","max-snippet":"max-snippet:-1","max-image-preview":"max-image-preview:large","max-video-preview":"max-video-preview:-1"},"canonical":"https:\/\/d-identify.be\/fr\/produit\/406-cadenas-de-securite-dielectrique\/","og_locale":"fr_FR","og_type":"article","og_title":"Master Lock 406 cadenas de s\u00e9curit\u00e9 di\u00e9lectrique thermoplastique","og_description":"406 cadenas de s\u00e9curit\u00e9 di\u00e9lectrique avec corps Zenex\u2122 et anse non conductrice. Con\u00e7u pour le lockout-tagout en environnements \u00e9lectriques.","og_url":"https:\/\/d-identify.be\/fr\/produit\/406-cadenas-de-securite-dielectrique\/","og_site_name":"d-identify","article_modified_time":"2026-01-12T15:32:57+00:00","og_image":[{"width":265,"height":265,"url":"https:\/\/d-identify.be\/wp-content\/uploads\/2021\/07\/406GRN.jpg","type":"image\/jpeg"}],"twitter_card":"summary_large_image","twitter_misc":{"Dur\u00e9e de lecture estim\u00e9e":"1 minute"},"schema":{"@context":"https:\/\/schema.org","@graph":[{"@type":"WebPage","@id":"https:\/\/d-identify.be\/fr\/produit\/406-cadenas-de-securite-dielectrique\/","url":"https:\/\/d-identify.be\/fr\/produit\/406-cadenas-de-securite-dielectrique\/","name":"406 cadenas de s\u00e9curit\u00e9 di\u00e9lectrique - Master Lock","isPartOf":{"@id":"https:\/\/d-identify.be\/fr\/#website"},"primaryImageOfPage":{"@id":"https:\/\/d-identify.be\/fr\/produit\/406-cadenas-de-securite-dielectrique\/#primaryimage"},"image":{"@id":"https:\/\/d-identify.be\/fr\/produit\/406-cadenas-de-securite-dielectrique\/#primaryimage"},"thumbnailUrl":"https:\/\/d-identify.be\/wp-content\/uploads\/2021\/07\/406GRN.jpg","datePublished":"2021-07-26T10:38:32+00:00","dateModified":"2026-01-12T15:32:57+00:00","description":"406 cadenas de s\u00e9curit\u00e9 di\u00e9lectrique avec corps Zenex\u2122 et anse non conductrice. Con\u00e7u pour le lockout-tagout en environnements \u00e9lectriques.","breadcrumb":{"@id":"https:\/\/d-identify.be\/fr\/produit\/406-cadenas-de-securite-dielectrique\/#breadcrumb"},"inLanguage":"fr-FR","potentialAction":[{"@type":"ReadAction","target":["https:\/\/d-identify.be\/fr\/produit\/406-cadenas-de-securite-dielectrique\/"]}]},{"@type":"ImageObject","inLanguage":"fr-FR","@id":"https:\/\/d-identify.be\/fr\/produit\/406-cadenas-de-securite-dielectrique\/#primaryimage","url":"https:\/\/d-identify.be\/wp-content\/uploads\/2021\/07\/406GRN.jpg","contentUrl":"https:\/\/d-identify.be\/wp-content\/uploads\/2021\/07\/406GRN.jpg","width":265,"height":265,"caption":"406 cadenas de s\u00e9curit\u00e9 di\u00e9lectrique - Master Lock"},{"@type":"BreadcrumbList","@id":"https:\/\/d-identify.be\/fr\/produit\/406-cadenas-de-securite-dielectrique\/#breadcrumb","itemListElement":[{"@type":"ListItem","position":1,"name":"Home","item":"https:\/\/d-identify.be\/fr\/home-2\/"},{"@type":"ListItem","position":2,"name":"Boutique","item":"https:\/\/d-identify.be\/fr\/boutique\/"},{"@type":"ListItem","position":3,"name":"Master Lock 406 cadenas de s\u00e9curit\u00e9 di\u00e9lectrique thermoplastique"}]},{"@type":"WebSite","@id":"https:\/\/d-identify.be\/fr\/#website","url":"https:\/\/d-identify.be\/fr\/","name":"d-identify","description":"Industrial identification - Lockout - Tagout - Floor marking","potentialAction":[{"@type":"SearchAction","target":{"@type":"EntryPoint","urlTemplate":"https:\/\/d-identify.be\/fr\/?s={search_term_string}"},"query-input":{"@type":"PropertyValueSpecification","valueRequired":true,"valueName":"search_term_string"}}],"inLanguage":"fr-FR"}]}},"_links":{"self":[{"href":"https:\/\/d-identify.be\/fr\/wp-json\/wp\/v2\/product\/18580","targetHints":{"allow":["GET"]}}],"collection":[{"href":"https:\/\/d-identify.be\/fr\/wp-json\/wp\/v2\/product"}],"about":[{"href":"https:\/\/d-identify.be\/fr\/wp-json\/wp\/v2\/types\/product"}],"replies":[{"embeddable":true,"href":"https:\/\/d-identify.be\/fr\/wp-json\/wp\/v2\/comments?post=18580"}],"wp:featuredmedia":[{"embeddable":true,"href":"https:\/\/d-identify.be\/fr\/wp-json\/wp\/v2\/media\/18581"}],"wp:attachment":[{"href":"https:\/\/d-identify.be\/fr\/wp-json\/wp\/v2\/media?parent=18580"}],"wp:term":[{"taxonomy":"product_brand","embeddable":true,"href":"https:\/\/d-identify.be\/fr\/wp-json\/wp\/v2\/product_brand?post=18580"},{"taxonomy":"product_cat","embeddable":true,"href":"https:\/\/d-identify.be\/fr\/wp-json\/wp\/v2\/product_cat?post=18580"},{"taxonomy":"product_tag","embeddable":true,"href":"https:\/\/d-identify.be\/fr\/wp-json\/wp\/v2\/product_tag?post=18580"},{"taxonomy":"pa_connextion-shapes","embeddable":true,"href":"https:\/\/d-identify.be\/fr\/wp-json\/wp\/v2\/pa_connextion-shapes?post=18580"}],"curies":[{"name":"wp","href":"https:\/\/api.w.org\/{rel}","templated":true}]}}