{"id":18558,"date":"2021-07-26T12:38:39","date_gmt":"2021-07-26T10:38:39","guid":{"rendered":"https:\/\/d-identify.be\/product\/427-le-cadenas-de-consignation-etiquete\/"},"modified":"2021-07-26T12:38:39","modified_gmt":"2021-07-26T10:38:39","slug":"427-le-cadenas-de-consignation-etiquete","status":"publish","type":"product","link":"https:\/\/d-identify.be\/fr\/produit\/427-le-cadenas-de-consignation-etiquete\/","title":{"rendered":"427 &#8211; Le cadenas de consignation \u00e9tiquet\u00e9"},"content":{"rendered":"","protected":false},"excerpt":{"rendered":"<p>Le cadenas de consignation rouge \u00e9tiquet\u00e9 Master Lock No. 427 pr\u00e9sente une ouverture de m\u00e2choire int\u00e9rieure de 1-3\/4 pouces x 2-1\/8 pouces (45 mm x 54 mm) de diam\u00e8tre et est con\u00e7u pour s&rsquo;adapter \u00e0 plus de points de verrouillage que les autres hasps de consignation \u00e9tiquet\u00e9s \u00e0 charni\u00e8re rivet\u00e9e. La construction en aluminium anodis\u00e9 et en acier inoxydable offre une r\u00e9sistance \u00e0 la corrosion et une solidit\u00e9 combin\u00e9es. Un bras de verrouillage \u00e0 ressort offre un avantage de fixation rapide &lsquo;encliquetable&rsquo;. Inclut des \u00e9tiquettes de s\u00e9curit\u00e9 visibles et inscriptibles pour identifier la personne responsable.   <\/p>\n","protected":false},"featured_media":18559,"comment_status":"open","ping_status":"closed","template":"","meta":{"_acf_changed":false,"_et_pb_use_builder":"","_et_pb_old_content":"","_et_gb_content_width":""},"product_brand":[],"product_cat":[466,628],"product_tag":[934],"pa_connextion-shapes":[],"class_list":{"0":"post-18558","1":"product","2":"type-product","3":"status-publish","4":"has-post-thumbnail","6":"product_cat-lockout-tagout","7":"product_cat-lockout-padlocks","8":"product_tag-master-lock-fr","10":"first","11":"instock","12":"taxable","13":"shipping-taxable","14":"purchasable","15":"product-type-variable","16":"has-default-attributes"},"exclude_global_add_ons":[],"addons":[],"acf":[],"yoast_head":"<!-- This site is optimized with the Yoast SEO Premium plugin v27.0 (Yoast SEO v27.1) - https:\/\/yoast.com\/product\/yoast-seo-premium-wordpress\/ -->\n<title>Le cadenas de consignation \u00e9tiquet\u00e9 en aluminium<\/title>\n<meta name=\"description\" content=\"Le cadenas de consignation jaune \u00e9tiquet\u00e9 Master Lock No. 427YLW dispose d&#039;une ouverture de m\u00e2choire int\u00e9rieure de 1-3\/4 pouces x 2-1\/8 pouces (45 mm x 54 mm) de diam\u00e8tre et...\" \/>\n<meta name=\"robots\" content=\"index, follow, max-snippet:-1, max-image-preview:large, max-video-preview:-1\" \/>\n<link rel=\"canonical\" href=\"https:\/\/d-identify.be\/fr\/produit\/427-le-cadenas-de-consignation-etiquete\/\" \/>\n<meta property=\"og:locale\" content=\"fr_FR\" \/>\n<meta property=\"og:type\" content=\"article\" \/>\n<meta property=\"og:title\" content=\"427 - Le cadenas de consignation \u00e9tiquet\u00e9\" \/>\n<meta property=\"og:description\" content=\"Le cadenas de consignation jaune \u00e9tiquet\u00e9 Master Lock No. 427YLW dispose d&#039;une ouverture de m\u00e2choire int\u00e9rieure de 1-3\/4 pouces x 2-1\/8 pouces (45 mm x 54 mm) de diam\u00e8tre et...\" \/>\n<meta property=\"og:url\" content=\"https:\/\/d-identify.be\/fr\/produit\/427-le-cadenas-de-consignation-etiquete\/\" \/>\n<meta property=\"og:site_name\" content=\"d-identify\" \/>\n<meta property=\"og:image\" content=\"https:\/\/d-identify.be\/wp-content\/uploads\/2021\/07\/427-RD.png\" \/>\n\t<meta property=\"og:image:width\" content=\"594\" \/>\n\t<meta property=\"og:image:height\" content=\"594\" \/>\n\t<meta property=\"og:image:type\" content=\"image\/png\" \/>\n<meta name=\"twitter:card\" content=\"summary_large_image\" \/>\n<script type=\"application\/ld+json\" class=\"yoast-schema-graph\">{\"@context\":\"https:\/\/schema.org\",\"@graph\":[{\"@type\":\"WebPage\",\"@id\":\"https:\/\/d-identify.be\/fr\/produit\/427-le-cadenas-de-consignation-etiquete\/\",\"url\":\"https:\/\/d-identify.be\/fr\/produit\/427-le-cadenas-de-consignation-etiquete\/\",\"name\":\"Le cadenas de consignation \u00e9tiquet\u00e9 en aluminium\",\"isPartOf\":{\"@id\":\"https:\/\/d-identify.be\/fr\/#website\"},\"primaryImageOfPage\":{\"@id\":\"https:\/\/d-identify.be\/fr\/produit\/427-le-cadenas-de-consignation-etiquete\/#primaryimage\"},\"image\":{\"@id\":\"https:\/\/d-identify.be\/fr\/produit\/427-le-cadenas-de-consignation-etiquete\/#primaryimage\"},\"thumbnailUrl\":\"https:\/\/d-identify.be\/wp-content\/uploads\/2021\/07\/427-RD.png\",\"datePublished\":\"2021-07-26T10:38:39+00:00\",\"description\":\"Le cadenas de consignation jaune \u00e9tiquet\u00e9 Master Lock No. 427YLW dispose d'une ouverture de m\u00e2choire int\u00e9rieure de 1-3\/4 pouces x 2-1\/8 pouces (45 mm x 54 mm) de diam\u00e8tre et...\",\"breadcrumb\":{\"@id\":\"https:\/\/d-identify.be\/fr\/produit\/427-le-cadenas-de-consignation-etiquete\/#breadcrumb\"},\"inLanguage\":\"fr-FR\",\"potentialAction\":[{\"@type\":\"ReadAction\",\"target\":[\"https:\/\/d-identify.be\/fr\/produit\/427-le-cadenas-de-consignation-etiquete\/\"]}]},{\"@type\":\"ImageObject\",\"inLanguage\":\"fr-FR\",\"@id\":\"https:\/\/d-identify.be\/fr\/produit\/427-le-cadenas-de-consignation-etiquete\/#primaryimage\",\"url\":\"https:\/\/d-identify.be\/wp-content\/uploads\/2021\/07\/427-RD.png\",\"contentUrl\":\"https:\/\/d-identify.be\/wp-content\/uploads\/2021\/07\/427-RD.png\",\"width\":594,\"height\":594},{\"@type\":\"BreadcrumbList\",\"@id\":\"https:\/\/d-identify.be\/fr\/produit\/427-le-cadenas-de-consignation-etiquete\/#breadcrumb\",\"itemListElement\":[{\"@type\":\"ListItem\",\"position\":1,\"name\":\"Home\",\"item\":\"https:\/\/d-identify.be\/fr\/home-2\/\"},{\"@type\":\"ListItem\",\"position\":2,\"name\":\"Boutique\",\"item\":\"https:\/\/d-identify.be\/fr\/boutique\/\"},{\"@type\":\"ListItem\",\"position\":3,\"name\":\"427 &#8211; Le cadenas de consignation \u00e9tiquet\u00e9\"}]},{\"@type\":\"WebSite\",\"@id\":\"https:\/\/d-identify.be\/fr\/#website\",\"url\":\"https:\/\/d-identify.be\/fr\/\",\"name\":\"d-identify\",\"description\":\"Industrial identification - Lockout - Tagout - Floor marking\",\"potentialAction\":[{\"@type\":\"SearchAction\",\"target\":{\"@type\":\"EntryPoint\",\"urlTemplate\":\"https:\/\/d-identify.be\/fr\/?s={search_term_string}\"},\"query-input\":{\"@type\":\"PropertyValueSpecification\",\"valueRequired\":true,\"valueName\":\"search_term_string\"}}],\"inLanguage\":\"fr-FR\"}]}<\/script>\n<!-- \/ Yoast SEO Premium plugin. -->","yoast_head_json":{"title":"Le cadenas de consignation \u00e9tiquet\u00e9 en aluminium","description":"Le cadenas de consignation jaune \u00e9tiquet\u00e9 Master Lock No. 427YLW dispose d'une ouverture de m\u00e2choire int\u00e9rieure de 1-3\/4 pouces x 2-1\/8 pouces (45 mm x 54 mm) de diam\u00e8tre et...","robots":{"index":"index","follow":"follow","max-snippet":"max-snippet:-1","max-image-preview":"max-image-preview:large","max-video-preview":"max-video-preview:-1"},"canonical":"https:\/\/d-identify.be\/fr\/produit\/427-le-cadenas-de-consignation-etiquete\/","og_locale":"fr_FR","og_type":"article","og_title":"427 - Le cadenas de consignation \u00e9tiquet\u00e9","og_description":"Le cadenas de consignation jaune \u00e9tiquet\u00e9 Master Lock No. 427YLW dispose d'une ouverture de m\u00e2choire int\u00e9rieure de 1-3\/4 pouces x 2-1\/8 pouces (45 mm x 54 mm) de diam\u00e8tre et...","og_url":"https:\/\/d-identify.be\/fr\/produit\/427-le-cadenas-de-consignation-etiquete\/","og_site_name":"d-identify","og_image":[{"width":594,"height":594,"url":"https:\/\/d-identify.be\/wp-content\/uploads\/2021\/07\/427-RD.png","type":"image\/png"}],"twitter_card":"summary_large_image","schema":{"@context":"https:\/\/schema.org","@graph":[{"@type":"WebPage","@id":"https:\/\/d-identify.be\/fr\/produit\/427-le-cadenas-de-consignation-etiquete\/","url":"https:\/\/d-identify.be\/fr\/produit\/427-le-cadenas-de-consignation-etiquete\/","name":"Le cadenas de consignation \u00e9tiquet\u00e9 en aluminium","isPartOf":{"@id":"https:\/\/d-identify.be\/fr\/#website"},"primaryImageOfPage":{"@id":"https:\/\/d-identify.be\/fr\/produit\/427-le-cadenas-de-consignation-etiquete\/#primaryimage"},"image":{"@id":"https:\/\/d-identify.be\/fr\/produit\/427-le-cadenas-de-consignation-etiquete\/#primaryimage"},"thumbnailUrl":"https:\/\/d-identify.be\/wp-content\/uploads\/2021\/07\/427-RD.png","datePublished":"2021-07-26T10:38:39+00:00","description":"Le cadenas de consignation jaune \u00e9tiquet\u00e9 Master Lock No. 427YLW dispose d'une ouverture de m\u00e2choire int\u00e9rieure de 1-3\/4 pouces x 2-1\/8 pouces (45 mm x 54 mm) de diam\u00e8tre et...","breadcrumb":{"@id":"https:\/\/d-identify.be\/fr\/produit\/427-le-cadenas-de-consignation-etiquete\/#breadcrumb"},"inLanguage":"fr-FR","potentialAction":[{"@type":"ReadAction","target":["https:\/\/d-identify.be\/fr\/produit\/427-le-cadenas-de-consignation-etiquete\/"]}]},{"@type":"ImageObject","inLanguage":"fr-FR","@id":"https:\/\/d-identify.be\/fr\/produit\/427-le-cadenas-de-consignation-etiquete\/#primaryimage","url":"https:\/\/d-identify.be\/wp-content\/uploads\/2021\/07\/427-RD.png","contentUrl":"https:\/\/d-identify.be\/wp-content\/uploads\/2021\/07\/427-RD.png","width":594,"height":594},{"@type":"BreadcrumbList","@id":"https:\/\/d-identify.be\/fr\/produit\/427-le-cadenas-de-consignation-etiquete\/#breadcrumb","itemListElement":[{"@type":"ListItem","position":1,"name":"Home","item":"https:\/\/d-identify.be\/fr\/home-2\/"},{"@type":"ListItem","position":2,"name":"Boutique","item":"https:\/\/d-identify.be\/fr\/boutique\/"},{"@type":"ListItem","position":3,"name":"427 &#8211; Le cadenas de consignation \u00e9tiquet\u00e9"}]},{"@type":"WebSite","@id":"https:\/\/d-identify.be\/fr\/#website","url":"https:\/\/d-identify.be\/fr\/","name":"d-identify","description":"Industrial identification - Lockout - Tagout - Floor marking","potentialAction":[{"@type":"SearchAction","target":{"@type":"EntryPoint","urlTemplate":"https:\/\/d-identify.be\/fr\/?s={search_term_string}"},"query-input":{"@type":"PropertyValueSpecification","valueRequired":true,"valueName":"search_term_string"}}],"inLanguage":"fr-FR"}]}},"_links":{"self":[{"href":"https:\/\/d-identify.be\/fr\/wp-json\/wp\/v2\/product\/18558","targetHints":{"allow":["GET"]}}],"collection":[{"href":"https:\/\/d-identify.be\/fr\/wp-json\/wp\/v2\/product"}],"about":[{"href":"https:\/\/d-identify.be\/fr\/wp-json\/wp\/v2\/types\/product"}],"replies":[{"embeddable":true,"href":"https:\/\/d-identify.be\/fr\/wp-json\/wp\/v2\/comments?post=18558"}],"wp:featuredmedia":[{"embeddable":true,"href":"https:\/\/d-identify.be\/fr\/wp-json\/wp\/v2\/media\/18559"}],"wp:attachment":[{"href":"https:\/\/d-identify.be\/fr\/wp-json\/wp\/v2\/media?parent=18558"}],"wp:term":[{"taxonomy":"product_brand","embeddable":true,"href":"https:\/\/d-identify.be\/fr\/wp-json\/wp\/v2\/product_brand?post=18558"},{"taxonomy":"product_cat","embeddable":true,"href":"https:\/\/d-identify.be\/fr\/wp-json\/wp\/v2\/product_cat?post=18558"},{"taxonomy":"product_tag","embeddable":true,"href":"https:\/\/d-identify.be\/fr\/wp-json\/wp\/v2\/product_tag?post=18558"},{"taxonomy":"pa_connextion-shapes","embeddable":true,"href":"https:\/\/d-identify.be\/fr\/wp-json\/wp\/v2\/pa_connextion-shapes?post=18558"}],"curies":[{"name":"wp","href":"https:\/\/api.w.org\/{rel}","templated":true}]}}