{"id":18478,"date":"2021-07-26T12:38:33","date_gmt":"2021-07-26T10:38:33","guid":{"rendered":"https:\/\/d-identify.be\/product\/cadenas-de-securite-en-thermoplastique-410-zenex-largeur-de-38-mm-avec-anse-de-38-mm\/"},"modified":"2025-12-21T21:26:04","modified_gmt":"2025-12-21T19:26:04","slug":"cadenas-de-securite-thermoplastique-master-lock-n410-zenex","status":"publish","type":"product","link":"https:\/\/d-identify.be\/fr\/produit\/cadenas-de-securite-thermoplastique-master-lock-n410-zenex\/","title":{"rendered":"Cadenas de s\u00e9curit\u00e9 thermoplastique Master Lock n\u00b0410 Zenex\u2122"},"content":{"rendered":"<p data-start=\"231\" data-end=\"462\">Le <strong data-start=\"235\" data-end=\"320\"><span class=\"hover:entity-accent entity-underline inline cursor-pointer align-baseline\">Master Lock cadenas de s\u00e9curit\u00e9<\/span><\/strong> <span class=\"whitespace-normal\"><strong data-start=\"343\" data-end=\"368\">thermoplastique Master Lock n\u00b0410 Zenex<\/strong><\/span>\u2122 soutient les proc\u00e9dures professionnelles de consignation \/ d\u00e9consignation (Lockout\/Tagout \u2013 LOTO) et aide \u00e0 pr\u00e9venir le red\u00e9marrage accidentel des machines pendant les op\u00e9rations de maintenance et de service.<\/p>\n<p data-start=\"464\" data-end=\"764\">Le cadenas dispose d\u2019un <strong data-start=\"483\" data-end=\"516\">corps thermoplastique de 38 mm<\/strong> de largeur, non conducteur d\u2019\u00e9lectricit\u00e9. Cette conception permet une utilisation s\u00fbre dans les environnements pr\u00e9sentant des risques \u00e9lectriques. <strong data-start=\"652\" data-end=\"671\">L\u2019anse m\u00e9tallique mesure 38 mm<\/strong> de hauteur pour <strong data-start=\"687\" data-end=\"704\">un diam\u00e8tre de 6 mm<\/strong>, assurant la compatibilit\u00e9 avec la majorit\u00e9 des dispositifs de consignation.<\/p>\n<p data-start=\"766\" data-end=\"936\">Gr\u00e2ce \u00e0 sa conception l\u00e9g\u00e8re, les op\u00e9rateurs peuvent transporter et utiliser facilement le cadenas au quotidien. Sa construction robuste r\u00e9siste \u00e0 une utilisation intensive en milieu industriel.<\/p>\n<p data-start=\"938\" data-end=\"1178\"><strong data-start=\"940\" data-end=\"966\">Un cylindre haute s\u00e9curit\u00e9<\/strong>, r\u00e9serv\u00e9 exclusivement aux applications de s\u00e9curit\u00e9, <strong data-start=\"1026\" data-end=\"1053\">am\u00e9liore le contr\u00f4le des cl\u00e9s<\/strong>. Le syst\u00e8me de r\u00e9tention de cl\u00e9 emp\u00eache le retrait de la cl\u00e9 tant que le cadenas n\u2019est pas compl\u00e8tement verrouill\u00e9. Cette fonction r\u00e9duit le risque de laisser un \u00e9quipement non s\u00e9curis\u00e9.<\/p>\n<p data-start=\"1180\" data-end=\"1337\">Le cadenas de s\u00e9curit\u00e9 Master Lock 410 Zenex\u2122 convient aux travaux de maintenance, de r\u00e9paration et de service. Il renforce les proc\u00e9dures LOTO et contribue \u00e0 am\u00e9liorer la s\u00e9curit\u00e9 sur le lieu de travail.<\/p>\n","protected":false},"excerpt":{"rendered":"<p>Le Master Lock cadenas de s\u00e9curit\u00e9 Master Lock n\u00b0 410 Zenex\u2122 est un cadenas l\u00e9ger et non conducteur, sp\u00e9cialement con\u00e7u pour les applications de <strong data-start=\"503\" data-end=\"528\">consignation\/d\u00e9consignation (LOTO<\/strong>). Son corps thermoplastique robuste et son anse m\u00e9tallique garantissent une s\u00e9curit\u00e9 fiable en milieu industriel.<\/p>\n","protected":false},"featured_media":18479,"comment_status":"open","ping_status":"closed","template":"","meta":{"_acf_changed":false,"_et_pb_use_builder":"","_et_pb_old_content":"","_et_gb_content_width":""},"product_brand":[],"product_cat":[466,628],"product_tag":[934],"pa_connextion-shapes":[],"class_list":{"0":"post-18478","1":"product","2":"type-product","3":"status-publish","4":"has-post-thumbnail","6":"product_cat-lockout-tagout","7":"product_cat-lockout-padlocks","8":"product_tag-master-lock-fr","10":"first","11":"instock","12":"taxable","13":"shipping-taxable","14":"purchasable","15":"product-type-variable","16":"has-default-attributes"},"exclude_global_add_ons":[],"addons":[],"acf":[],"yoast_head":"<!-- This site is optimized with the Yoast SEO Premium plugin v27.0 (Yoast SEO v27.1) - https:\/\/yoast.com\/product\/yoast-seo-premium-wordpress\/ -->\n<title>Master Lock n\u00b0410 Zenex\u2122 ? Cadenas de securitee<\/title>\n<meta name=\"description\" content=\"Master Lock n\u00b0410 Zenex\u2122 cadenas de s\u00e9curit\u00e9 thermoplastique, corps de 38 mm et anse m\u00e9tallique de 38 mm (\u00d8 6 mm), durables.\" \/>\n<meta name=\"robots\" content=\"index, follow, max-snippet:-1, max-image-preview:large, max-video-preview:-1\" \/>\n<link rel=\"canonical\" href=\"https:\/\/d-identify.be\/fr\/produit\/cadenas-de-securite-thermoplastique-master-lock-n410-zenex\/\" \/>\n<meta property=\"og:locale\" content=\"fr_FR\" \/>\n<meta property=\"og:type\" content=\"article\" \/>\n<meta property=\"og:title\" content=\"Cadenas de s\u00e9curit\u00e9 thermoplastique Master Lock n\u00b0410 Zenex\u2122\" \/>\n<meta property=\"og:description\" content=\"Master Lock n\u00b0410 Zenex\u2122 cadenas de s\u00e9curit\u00e9 thermoplastique, corps de 38 mm et anse m\u00e9tallique de 38 mm (\u00d8 6 mm), durables.\" \/>\n<meta property=\"og:url\" content=\"https:\/\/d-identify.be\/fr\/produit\/cadenas-de-securite-thermoplastique-master-lock-n410-zenex\/\" \/>\n<meta property=\"og:site_name\" content=\"d-identify\" \/>\n<meta property=\"article:modified_time\" content=\"2025-12-21T19:26:04+00:00\" \/>\n<meta property=\"og:image\" content=\"https:\/\/d-identify.be\/wp-content\/uploads\/2021\/07\/410ORJ.jpg\" \/>\n\t<meta property=\"og:image:width\" content=\"273\" \/>\n\t<meta property=\"og:image:height\" content=\"273\" \/>\n\t<meta property=\"og:image:type\" content=\"image\/jpeg\" \/>\n<meta name=\"twitter:card\" content=\"summary_large_image\" \/>\n<meta name=\"twitter:label1\" content=\"Dur\u00e9e de lecture estim\u00e9e\" \/>\n\t<meta name=\"twitter:data1\" content=\"2 minutes\" \/>\n<script type=\"application\/ld+json\" class=\"yoast-schema-graph\">{\"@context\":\"https:\/\/schema.org\",\"@graph\":[{\"@type\":\"WebPage\",\"@id\":\"https:\/\/d-identify.be\/fr\/produit\/cadenas-de-securite-thermoplastique-master-lock-n410-zenex\/\",\"url\":\"https:\/\/d-identify.be\/fr\/produit\/cadenas-de-securite-thermoplastique-master-lock-n410-zenex\/\",\"name\":\"Master Lock n\u00b0410 Zenex\u2122 ? Cadenas de securitee\",\"isPartOf\":{\"@id\":\"https:\/\/d-identify.be\/fr\/#website\"},\"primaryImageOfPage\":{\"@id\":\"https:\/\/d-identify.be\/fr\/produit\/cadenas-de-securite-thermoplastique-master-lock-n410-zenex\/#primaryimage\"},\"image\":{\"@id\":\"https:\/\/d-identify.be\/fr\/produit\/cadenas-de-securite-thermoplastique-master-lock-n410-zenex\/#primaryimage\"},\"thumbnailUrl\":\"https:\/\/d-identify.be\/wp-content\/uploads\/2021\/07\/410ORJ.jpg\",\"datePublished\":\"2021-07-26T10:38:33+00:00\",\"dateModified\":\"2025-12-21T19:26:04+00:00\",\"description\":\"Master Lock n\u00b0410 Zenex\u2122 cadenas de s\u00e9curit\u00e9 thermoplastique, corps de 38 mm et anse m\u00e9tallique de 38 mm (\u00d8 6 mm), durables.\",\"breadcrumb\":{\"@id\":\"https:\/\/d-identify.be\/fr\/produit\/cadenas-de-securite-thermoplastique-master-lock-n410-zenex\/#breadcrumb\"},\"inLanguage\":\"fr-FR\",\"potentialAction\":[{\"@type\":\"ReadAction\",\"target\":[\"https:\/\/d-identify.be\/fr\/produit\/cadenas-de-securite-thermoplastique-master-lock-n410-zenex\/\"]}]},{\"@type\":\"ImageObject\",\"inLanguage\":\"fr-FR\",\"@id\":\"https:\/\/d-identify.be\/fr\/produit\/cadenas-de-securite-thermoplastique-master-lock-n410-zenex\/#primaryimage\",\"url\":\"https:\/\/d-identify.be\/wp-content\/uploads\/2021\/07\/410ORJ.jpg\",\"contentUrl\":\"https:\/\/d-identify.be\/wp-content\/uploads\/2021\/07\/410ORJ.jpg\",\"width\":273,\"height\":273,\"caption\":\"410 Zenex\u2122 thermoplastic safety padlock, 38mm wide with 38mm shackle\"},{\"@type\":\"BreadcrumbList\",\"@id\":\"https:\/\/d-identify.be\/fr\/produit\/cadenas-de-securite-thermoplastique-master-lock-n410-zenex\/#breadcrumb\",\"itemListElement\":[{\"@type\":\"ListItem\",\"position\":1,\"name\":\"Home\",\"item\":\"https:\/\/d-identify.be\/fr\/home-2\/\"},{\"@type\":\"ListItem\",\"position\":2,\"name\":\"Boutique\",\"item\":\"https:\/\/d-identify.be\/fr\/boutique\/\"},{\"@type\":\"ListItem\",\"position\":3,\"name\":\"Cadenas de s\u00e9curit\u00e9 thermoplastique Master Lock n\u00b0410 Zenex\u2122\"}]},{\"@type\":\"WebSite\",\"@id\":\"https:\/\/d-identify.be\/fr\/#website\",\"url\":\"https:\/\/d-identify.be\/fr\/\",\"name\":\"d-identify\",\"description\":\"Industrial identification - Lockout - Tagout - Floor marking\",\"potentialAction\":[{\"@type\":\"SearchAction\",\"target\":{\"@type\":\"EntryPoint\",\"urlTemplate\":\"https:\/\/d-identify.be\/fr\/?s={search_term_string}\"},\"query-input\":{\"@type\":\"PropertyValueSpecification\",\"valueRequired\":true,\"valueName\":\"search_term_string\"}}],\"inLanguage\":\"fr-FR\"}]}<\/script>\n<!-- \/ Yoast SEO Premium plugin. -->","yoast_head_json":{"title":"Master Lock n\u00b0410 Zenex\u2122 ? Cadenas de securitee","description":"Master Lock n\u00b0410 Zenex\u2122 cadenas de s\u00e9curit\u00e9 thermoplastique, corps de 38 mm et anse m\u00e9tallique de 38 mm (\u00d8 6 mm), durables.","robots":{"index":"index","follow":"follow","max-snippet":"max-snippet:-1","max-image-preview":"max-image-preview:large","max-video-preview":"max-video-preview:-1"},"canonical":"https:\/\/d-identify.be\/fr\/produit\/cadenas-de-securite-thermoplastique-master-lock-n410-zenex\/","og_locale":"fr_FR","og_type":"article","og_title":"Cadenas de s\u00e9curit\u00e9 thermoplastique Master Lock n\u00b0410 Zenex\u2122","og_description":"Master Lock n\u00b0410 Zenex\u2122 cadenas de s\u00e9curit\u00e9 thermoplastique, corps de 38 mm et anse m\u00e9tallique de 38 mm (\u00d8 6 mm), durables.","og_url":"https:\/\/d-identify.be\/fr\/produit\/cadenas-de-securite-thermoplastique-master-lock-n410-zenex\/","og_site_name":"d-identify","article_modified_time":"2025-12-21T19:26:04+00:00","og_image":[{"width":273,"height":273,"url":"https:\/\/d-identify.be\/wp-content\/uploads\/2021\/07\/410ORJ.jpg","type":"image\/jpeg"}],"twitter_card":"summary_large_image","twitter_misc":{"Dur\u00e9e de lecture estim\u00e9e":"2 minutes"},"schema":{"@context":"https:\/\/schema.org","@graph":[{"@type":"WebPage","@id":"https:\/\/d-identify.be\/fr\/produit\/cadenas-de-securite-thermoplastique-master-lock-n410-zenex\/","url":"https:\/\/d-identify.be\/fr\/produit\/cadenas-de-securite-thermoplastique-master-lock-n410-zenex\/","name":"Master Lock n\u00b0410 Zenex\u2122 ? Cadenas de securitee","isPartOf":{"@id":"https:\/\/d-identify.be\/fr\/#website"},"primaryImageOfPage":{"@id":"https:\/\/d-identify.be\/fr\/produit\/cadenas-de-securite-thermoplastique-master-lock-n410-zenex\/#primaryimage"},"image":{"@id":"https:\/\/d-identify.be\/fr\/produit\/cadenas-de-securite-thermoplastique-master-lock-n410-zenex\/#primaryimage"},"thumbnailUrl":"https:\/\/d-identify.be\/wp-content\/uploads\/2021\/07\/410ORJ.jpg","datePublished":"2021-07-26T10:38:33+00:00","dateModified":"2025-12-21T19:26:04+00:00","description":"Master Lock n\u00b0410 Zenex\u2122 cadenas de s\u00e9curit\u00e9 thermoplastique, corps de 38 mm et anse m\u00e9tallique de 38 mm (\u00d8 6 mm), durables.","breadcrumb":{"@id":"https:\/\/d-identify.be\/fr\/produit\/cadenas-de-securite-thermoplastique-master-lock-n410-zenex\/#breadcrumb"},"inLanguage":"fr-FR","potentialAction":[{"@type":"ReadAction","target":["https:\/\/d-identify.be\/fr\/produit\/cadenas-de-securite-thermoplastique-master-lock-n410-zenex\/"]}]},{"@type":"ImageObject","inLanguage":"fr-FR","@id":"https:\/\/d-identify.be\/fr\/produit\/cadenas-de-securite-thermoplastique-master-lock-n410-zenex\/#primaryimage","url":"https:\/\/d-identify.be\/wp-content\/uploads\/2021\/07\/410ORJ.jpg","contentUrl":"https:\/\/d-identify.be\/wp-content\/uploads\/2021\/07\/410ORJ.jpg","width":273,"height":273,"caption":"410 Zenex\u2122 thermoplastic safety padlock, 38mm wide with 38mm shackle"},{"@type":"BreadcrumbList","@id":"https:\/\/d-identify.be\/fr\/produit\/cadenas-de-securite-thermoplastique-master-lock-n410-zenex\/#breadcrumb","itemListElement":[{"@type":"ListItem","position":1,"name":"Home","item":"https:\/\/d-identify.be\/fr\/home-2\/"},{"@type":"ListItem","position":2,"name":"Boutique","item":"https:\/\/d-identify.be\/fr\/boutique\/"},{"@type":"ListItem","position":3,"name":"Cadenas de s\u00e9curit\u00e9 thermoplastique Master Lock n\u00b0410 Zenex\u2122"}]},{"@type":"WebSite","@id":"https:\/\/d-identify.be\/fr\/#website","url":"https:\/\/d-identify.be\/fr\/","name":"d-identify","description":"Industrial identification - Lockout - Tagout - Floor marking","potentialAction":[{"@type":"SearchAction","target":{"@type":"EntryPoint","urlTemplate":"https:\/\/d-identify.be\/fr\/?s={search_term_string}"},"query-input":{"@type":"PropertyValueSpecification","valueRequired":true,"valueName":"search_term_string"}}],"inLanguage":"fr-FR"}]}},"_links":{"self":[{"href":"https:\/\/d-identify.be\/fr\/wp-json\/wp\/v2\/product\/18478","targetHints":{"allow":["GET"]}}],"collection":[{"href":"https:\/\/d-identify.be\/fr\/wp-json\/wp\/v2\/product"}],"about":[{"href":"https:\/\/d-identify.be\/fr\/wp-json\/wp\/v2\/types\/product"}],"replies":[{"embeddable":true,"href":"https:\/\/d-identify.be\/fr\/wp-json\/wp\/v2\/comments?post=18478"}],"wp:featuredmedia":[{"embeddable":true,"href":"https:\/\/d-identify.be\/fr\/wp-json\/wp\/v2\/media\/18479"}],"wp:attachment":[{"href":"https:\/\/d-identify.be\/fr\/wp-json\/wp\/v2\/media?parent=18478"}],"wp:term":[{"taxonomy":"product_brand","embeddable":true,"href":"https:\/\/d-identify.be\/fr\/wp-json\/wp\/v2\/product_brand?post=18478"},{"taxonomy":"product_cat","embeddable":true,"href":"https:\/\/d-identify.be\/fr\/wp-json\/wp\/v2\/product_cat?post=18478"},{"taxonomy":"product_tag","embeddable":true,"href":"https:\/\/d-identify.be\/fr\/wp-json\/wp\/v2\/product_tag?post=18478"},{"taxonomy":"pa_connextion-shapes","embeddable":true,"href":"https:\/\/d-identify.be\/fr\/wp-json\/wp\/v2\/pa_connextion-shapes?post=18478"}],"curies":[{"name":"wp","href":"https:\/\/api.w.org\/{rel}","templated":true}]}}