{"id":18386,"date":"2021-07-26T12:38:39","date_gmt":"2021-07-26T10:38:39","guid":{"rendered":"https:\/\/d-identify.be\/product\/crochet-de-consignation-en-aluminium\/"},"modified":"2021-07-26T12:38:39","modified_gmt":"2021-07-26T10:38:39","slug":"crochet-de-consignation-en-aluminium","status":"publish","type":"product","link":"https:\/\/d-identify.be\/fr\/produit\/crochet-de-consignation-en-aluminium\/","title":{"rendered":"Crochet de consignation en aluminium"},"content":{"rendered":"<div id=\"product-features\" class=\"d-lg-block collapse show\">\n<div class=\"row flex-column flex-lg-row\">\n<div class=\"col-12 col-md-6 col-lg-4 offset-lg-1 order-2\">\n<div class=\"my-3\">Le cadenas de s\u00e9curit\u00e9 en aluminium Master Lock n\u00b0 416 pr\u00e9sente un diam\u00e8tre int\u00e9rieur de m\u00e2choire de 1 pouce (25 mm) et peut contenir jusqu&rsquo;\u00e0 six cadenas. Id\u00e9al pour le verrouillage par plusieurs travailleurs \u00e0 chaque point de verrouillage. Le cadenas maintient l&rsquo;\u00e9quipement inop\u00e9rant pendant les r\u00e9parations ou ajustements. Le contr\u00f4le ne peut \u00eatre r\u00e9activ\u00e9 que lorsque le dernier cadenas du travailleur est retir\u00e9 du cadenas.   <\/div>\n<div><\/div>\n<\/div>\n<div>Le cadenas de s\u00e9curit\u00e9 en aluminium Master Lock n\u00b0 417 pr\u00e9sente un diam\u00e8tre int\u00e9rieur de m\u00e2choire de 1-1\/2 pouce (38 mm) et peut contenir jusqu&rsquo;\u00e0 six cadenas. Id\u00e9al pour le verrouillage par plusieurs travailleurs \u00e0 chaque point de verrouillage. Le cadenas maintient l&rsquo;\u00e9quipement inop\u00e9rant pendant les r\u00e9parations ou ajustements. Le contr\u00f4le ne peut \u00eatre r\u00e9activ\u00e9 que lorsque le dernier cadenas du travailleur est retir\u00e9 du cadenas.   <\/div>\n<\/div>\n<\/div>\n","protected":false},"excerpt":{"rendered":"<p>Le cadenas de s\u00e9curit\u00e9 en aluminium Master Lock n\u00b0 416 pr\u00e9sente un diam\u00e8tre int\u00e9rieur de m\u00e2choire de 1 pouce (25 mm) et peut contenir jusqu&rsquo;\u00e0 six cadenas. Id\u00e9al pour le verrouillage par plusieurs travailleurs \u00e0 chaque point de verrouillage. Le cadenas maintient l&rsquo;\u00e9quipement inop\u00e9rant pendant les r\u00e9parations ou ajustements. Le contr\u00f4le ne peut \u00eatre r\u00e9activ\u00e9 [&hellip;]<\/p>\n","protected":false},"featured_media":18387,"comment_status":"open","ping_status":"closed","template":"","meta":{"_acf_changed":false,"_et_pb_use_builder":"","_et_pb_old_content":"","_et_gb_content_width":""},"product_brand":[],"product_cat":[466,628],"product_tag":[934],"pa_connextion-shapes":[],"class_list":{"0":"post-18386","1":"product","2":"type-product","3":"status-publish","4":"has-post-thumbnail","6":"product_cat-lockout-tagout","7":"product_cat-lockout-padlocks","8":"product_tag-master-lock-fr","10":"first","11":"instock","12":"taxable","13":"shipping-taxable","14":"purchasable","15":"product-type-variable","16":"has-default-attributes"},"exclude_global_add_ons":[],"addons":[],"acf":[],"yoast_head":"<!-- This site is optimized with the Yoast SEO Premium plugin v27.0 (Yoast SEO v27.1) - https:\/\/yoast.com\/product\/yoast-seo-premium-wordpress\/ -->\n<title>Crochet de consignation en aluminium<\/title>\n<meta name=\"description\" content=\"Le cadenas de s\u00e9curit\u00e9 en aluminium Master Lock No. 416 a un diam\u00e8tre int\u00e9rieur des m\u00e2choires de 1 pouce (25 mm) et peut contenir jusqu&#039;\u00e0 six cadenas.\" \/>\n<meta name=\"robots\" content=\"index, follow, max-snippet:-1, max-image-preview:large, max-video-preview:-1\" \/>\n<link rel=\"canonical\" href=\"https:\/\/d-identify.be\/fr\/produit\/crochet-de-consignation-en-aluminium\/\" \/>\n<meta property=\"og:locale\" content=\"fr_FR\" \/>\n<meta property=\"og:type\" content=\"article\" \/>\n<meta property=\"og:title\" content=\"Crochet de consignation en aluminium\" \/>\n<meta property=\"og:description\" content=\"Le cadenas de s\u00e9curit\u00e9 en aluminium Master Lock No. 416 a un diam\u00e8tre int\u00e9rieur des m\u00e2choires de 1 pouce (25 mm) et peut contenir jusqu&#039;\u00e0 six cadenas.\" \/>\n<meta property=\"og:url\" content=\"https:\/\/d-identify.be\/fr\/produit\/crochet-de-consignation-en-aluminium\/\" \/>\n<meta property=\"og:site_name\" content=\"d-identify\" \/>\n<meta property=\"og:image\" content=\"https:\/\/d-identify.be\/wp-content\/uploads\/2021\/07\/MLCOM_PRODUCT_416.jpg\" \/>\n\t<meta property=\"og:image:width\" content=\"263\" \/>\n\t<meta property=\"og:image:height\" content=\"263\" \/>\n\t<meta property=\"og:image:type\" content=\"image\/jpeg\" \/>\n<meta name=\"twitter:card\" content=\"summary_large_image\" \/>\n<meta name=\"twitter:label1\" content=\"Dur\u00e9e de lecture estim\u00e9e\" \/>\n\t<meta name=\"twitter:data1\" content=\"1 minute\" \/>\n<script type=\"application\/ld+json\" class=\"yoast-schema-graph\">{\"@context\":\"https:\/\/schema.org\",\"@graph\":[{\"@type\":\"WebPage\",\"@id\":\"https:\/\/d-identify.be\/fr\/produit\/crochet-de-consignation-en-aluminium\/\",\"url\":\"https:\/\/d-identify.be\/fr\/produit\/crochet-de-consignation-en-aluminium\/\",\"name\":\"Crochet de consignation en aluminium\",\"isPartOf\":{\"@id\":\"https:\/\/d-identify.be\/fr\/#website\"},\"primaryImageOfPage\":{\"@id\":\"https:\/\/d-identify.be\/fr\/produit\/crochet-de-consignation-en-aluminium\/#primaryimage\"},\"image\":{\"@id\":\"https:\/\/d-identify.be\/fr\/produit\/crochet-de-consignation-en-aluminium\/#primaryimage\"},\"thumbnailUrl\":\"https:\/\/d-identify.be\/wp-content\/uploads\/2021\/07\/MLCOM_PRODUCT_416.jpg\",\"datePublished\":\"2021-07-26T10:38:39+00:00\",\"description\":\"Le cadenas de s\u00e9curit\u00e9 en aluminium Master Lock No. 416 a un diam\u00e8tre int\u00e9rieur des m\u00e2choires de 1 pouce (25 mm) et peut contenir jusqu'\u00e0 six cadenas.\",\"breadcrumb\":{\"@id\":\"https:\/\/d-identify.be\/fr\/produit\/crochet-de-consignation-en-aluminium\/#breadcrumb\"},\"inLanguage\":\"fr-FR\",\"potentialAction\":[{\"@type\":\"ReadAction\",\"target\":[\"https:\/\/d-identify.be\/fr\/produit\/crochet-de-consignation-en-aluminium\/\"]}]},{\"@type\":\"ImageObject\",\"inLanguage\":\"fr-FR\",\"@id\":\"https:\/\/d-identify.be\/fr\/produit\/crochet-de-consignation-en-aluminium\/#primaryimage\",\"url\":\"https:\/\/d-identify.be\/wp-content\/uploads\/2021\/07\/MLCOM_PRODUCT_416.jpg\",\"contentUrl\":\"https:\/\/d-identify.be\/wp-content\/uploads\/2021\/07\/MLCOM_PRODUCT_416.jpg\",\"width\":263,\"height\":263},{\"@type\":\"BreadcrumbList\",\"@id\":\"https:\/\/d-identify.be\/fr\/produit\/crochet-de-consignation-en-aluminium\/#breadcrumb\",\"itemListElement\":[{\"@type\":\"ListItem\",\"position\":1,\"name\":\"Home\",\"item\":\"https:\/\/d-identify.be\/fr\/home-2\/\"},{\"@type\":\"ListItem\",\"position\":2,\"name\":\"Boutique\",\"item\":\"https:\/\/d-identify.be\/fr\/boutique\/\"},{\"@type\":\"ListItem\",\"position\":3,\"name\":\"Crochet de consignation en aluminium\"}]},{\"@type\":\"WebSite\",\"@id\":\"https:\/\/d-identify.be\/fr\/#website\",\"url\":\"https:\/\/d-identify.be\/fr\/\",\"name\":\"d-identify\",\"description\":\"Industrial identification - Lockout - Tagout - Floor marking\",\"potentialAction\":[{\"@type\":\"SearchAction\",\"target\":{\"@type\":\"EntryPoint\",\"urlTemplate\":\"https:\/\/d-identify.be\/fr\/?s={search_term_string}\"},\"query-input\":{\"@type\":\"PropertyValueSpecification\",\"valueRequired\":true,\"valueName\":\"search_term_string\"}}],\"inLanguage\":\"fr-FR\"}]}<\/script>\n<!-- \/ Yoast SEO Premium plugin. -->","yoast_head_json":{"title":"Crochet de consignation en aluminium","description":"Le cadenas de s\u00e9curit\u00e9 en aluminium Master Lock No. 416 a un diam\u00e8tre int\u00e9rieur des m\u00e2choires de 1 pouce (25 mm) et peut contenir jusqu'\u00e0 six cadenas.","robots":{"index":"index","follow":"follow","max-snippet":"max-snippet:-1","max-image-preview":"max-image-preview:large","max-video-preview":"max-video-preview:-1"},"canonical":"https:\/\/d-identify.be\/fr\/produit\/crochet-de-consignation-en-aluminium\/","og_locale":"fr_FR","og_type":"article","og_title":"Crochet de consignation en aluminium","og_description":"Le cadenas de s\u00e9curit\u00e9 en aluminium Master Lock No. 416 a un diam\u00e8tre int\u00e9rieur des m\u00e2choires de 1 pouce (25 mm) et peut contenir jusqu'\u00e0 six cadenas.","og_url":"https:\/\/d-identify.be\/fr\/produit\/crochet-de-consignation-en-aluminium\/","og_site_name":"d-identify","og_image":[{"width":263,"height":263,"url":"https:\/\/d-identify.be\/wp-content\/uploads\/2021\/07\/MLCOM_PRODUCT_416.jpg","type":"image\/jpeg"}],"twitter_card":"summary_large_image","twitter_misc":{"Dur\u00e9e de lecture estim\u00e9e":"1 minute"},"schema":{"@context":"https:\/\/schema.org","@graph":[{"@type":"WebPage","@id":"https:\/\/d-identify.be\/fr\/produit\/crochet-de-consignation-en-aluminium\/","url":"https:\/\/d-identify.be\/fr\/produit\/crochet-de-consignation-en-aluminium\/","name":"Crochet de consignation en aluminium","isPartOf":{"@id":"https:\/\/d-identify.be\/fr\/#website"},"primaryImageOfPage":{"@id":"https:\/\/d-identify.be\/fr\/produit\/crochet-de-consignation-en-aluminium\/#primaryimage"},"image":{"@id":"https:\/\/d-identify.be\/fr\/produit\/crochet-de-consignation-en-aluminium\/#primaryimage"},"thumbnailUrl":"https:\/\/d-identify.be\/wp-content\/uploads\/2021\/07\/MLCOM_PRODUCT_416.jpg","datePublished":"2021-07-26T10:38:39+00:00","description":"Le cadenas de s\u00e9curit\u00e9 en aluminium Master Lock No. 416 a un diam\u00e8tre int\u00e9rieur des m\u00e2choires de 1 pouce (25 mm) et peut contenir jusqu'\u00e0 six cadenas.","breadcrumb":{"@id":"https:\/\/d-identify.be\/fr\/produit\/crochet-de-consignation-en-aluminium\/#breadcrumb"},"inLanguage":"fr-FR","potentialAction":[{"@type":"ReadAction","target":["https:\/\/d-identify.be\/fr\/produit\/crochet-de-consignation-en-aluminium\/"]}]},{"@type":"ImageObject","inLanguage":"fr-FR","@id":"https:\/\/d-identify.be\/fr\/produit\/crochet-de-consignation-en-aluminium\/#primaryimage","url":"https:\/\/d-identify.be\/wp-content\/uploads\/2021\/07\/MLCOM_PRODUCT_416.jpg","contentUrl":"https:\/\/d-identify.be\/wp-content\/uploads\/2021\/07\/MLCOM_PRODUCT_416.jpg","width":263,"height":263},{"@type":"BreadcrumbList","@id":"https:\/\/d-identify.be\/fr\/produit\/crochet-de-consignation-en-aluminium\/#breadcrumb","itemListElement":[{"@type":"ListItem","position":1,"name":"Home","item":"https:\/\/d-identify.be\/fr\/home-2\/"},{"@type":"ListItem","position":2,"name":"Boutique","item":"https:\/\/d-identify.be\/fr\/boutique\/"},{"@type":"ListItem","position":3,"name":"Crochet de consignation en aluminium"}]},{"@type":"WebSite","@id":"https:\/\/d-identify.be\/fr\/#website","url":"https:\/\/d-identify.be\/fr\/","name":"d-identify","description":"Industrial identification - Lockout - Tagout - Floor marking","potentialAction":[{"@type":"SearchAction","target":{"@type":"EntryPoint","urlTemplate":"https:\/\/d-identify.be\/fr\/?s={search_term_string}"},"query-input":{"@type":"PropertyValueSpecification","valueRequired":true,"valueName":"search_term_string"}}],"inLanguage":"fr-FR"}]}},"_links":{"self":[{"href":"https:\/\/d-identify.be\/fr\/wp-json\/wp\/v2\/product\/18386","targetHints":{"allow":["GET"]}}],"collection":[{"href":"https:\/\/d-identify.be\/fr\/wp-json\/wp\/v2\/product"}],"about":[{"href":"https:\/\/d-identify.be\/fr\/wp-json\/wp\/v2\/types\/product"}],"replies":[{"embeddable":true,"href":"https:\/\/d-identify.be\/fr\/wp-json\/wp\/v2\/comments?post=18386"}],"wp:featuredmedia":[{"embeddable":true,"href":"https:\/\/d-identify.be\/fr\/wp-json\/wp\/v2\/media\/18387"}],"wp:attachment":[{"href":"https:\/\/d-identify.be\/fr\/wp-json\/wp\/v2\/media?parent=18386"}],"wp:term":[{"taxonomy":"product_brand","embeddable":true,"href":"https:\/\/d-identify.be\/fr\/wp-json\/wp\/v2\/product_brand?post=18386"},{"taxonomy":"product_cat","embeddable":true,"href":"https:\/\/d-identify.be\/fr\/wp-json\/wp\/v2\/product_cat?post=18386"},{"taxonomy":"product_tag","embeddable":true,"href":"https:\/\/d-identify.be\/fr\/wp-json\/wp\/v2\/product_tag?post=18386"},{"taxonomy":"pa_connextion-shapes","embeddable":true,"href":"https:\/\/d-identify.be\/fr\/wp-json\/wp\/v2\/pa_connextion-shapes?post=18386"}],"curies":[{"name":"wp","href":"https:\/\/api.w.org\/{rel}","templated":true}]}}