{"id":18352,"date":"2021-07-26T12:38:54","date_gmt":"2021-07-26T11:38:54","guid":{"rendered":"https:\/\/d-identify.be\/product\/verrouillage-de-disjoncteur-miniature-broche-large-5-pieces-paquet\/"},"modified":"2026-01-09T02:05:00","modified_gmt":"2026-01-09T00:05:00","slug":"consignation-disjoncteur-pin-out-d-mb01-w","status":"publish","type":"product","link":"https:\/\/d-identify.be\/fr\/produit\/consignation-disjoncteur-pin-out-d-mb01-w\/","title":{"rendered":"D-MB01-W Consignation disjoncteur pin-out \u2013 lot de 5"},"content":{"rendered":"<div class=\"relative basis-auto flex-col -mb-(--composer-overlap-px) [--composer-overlap-px:28px] grow flex\">\n<div class=\"flex flex-col text-sm pb-25\">\n<article class=\"text-token-text-primary w-full focus:outline-none [--shadow-height:45px] has-data-writing-block:pointer-events-none has-data-writing-block:-mt-(--shadow-height) has-data-writing-block:pt-(--shadow-height) [&amp;:has([data-writing-block])&gt;*]:pointer-events-auto scroll-mt-[calc(var(--header-height)+min(200px,max(70px,20svh)))]\" dir=\"auto\" tabindex=\"-1\" data-turn-id=\"request-WEB:3e144c8c-1122-4250-8bab-54d021e66e6b-154\" data-testid=\"conversation-turn-310\" data-scroll-anchor=\"true\" data-turn=\"assistant\">\n<div class=\"text-base my-auto mx-auto pb-10 [--thread-content-margin:--spacing(4)] @w-sm\/main:[--thread-content-margin:--spacing(6)] @w-lg\/main:[--thread-content-margin:--spacing(16)] px-(--thread-content-margin)\">\n<div class=\"[--thread-content-max-width:40rem] @w-lg\/main:[--thread-content-max-width:48rem] mx-auto max-w-(--thread-content-max-width) flex-1 group\/turn-messages focus-visible:outline-hidden relative flex w-full min-w-0 flex-col agent-turn\" tabindex=\"-1\">\n<div class=\"flex max-w-full flex-col grow\">\n<div class=\"min-h-8 text-message relative flex w-full flex-col items-end gap-2 text-start break-words whitespace-normal [.text-message+&amp;]:mt-1\" dir=\"auto\" data-message-author-role=\"assistant\" data-message-id=\"01ca5236-1db1-44a4-877e-cbeffe75ad64\" data-message-model-slug=\"gpt-5-2\">\n<div class=\"flex w-full flex-col gap-1 empty:hidden first:pt-[1px]\">\n<div class=\"markdown prose dark:prose-invert w-full break-words light markdown-new-styling\">\n<p data-start=\"1102\" data-end=\"1358\">La <strong data-start=\"1105\" data-end=\"1150\">consignation disjoncteur pin-out D-MB01-W<\/strong> offre une solution fiable pour s\u00e9curiser les disjoncteurs miniatures ISO\/DIN pin-out utilis\u00e9s dans le monde entier. Le dispositif est con\u00e7u pour les disjoncteurs \u00e9quip\u00e9s d\u2019une <strong data-start=\"1327\" data-end=\"1357\">grande ouverture de levier<\/strong>.<\/p>\n<p data-start=\"1360\" data-end=\"1702\">La conception brevet\u00e9e s\u2019adapte aux disjoncteurs avec ouverture de levier large et permet une mise en place rapide. Il suffit d\u2019encliqueter le dispositif dans le disjoncteur, puis d\u2019y appliquer un cadenas de s\u00e9curit\u00e9. Cette <strong data-start=\"1584\" data-end=\"1620\">consignation disjoncteur pin-out<\/strong> reste fermement en place pendant les op\u00e9rations de maintenance et d\u2019intervention.<\/p>\n<p data-start=\"1704\" data-end=\"1974\">Le format compact permet une installation sans outil et un d\u00e9ploiement efficace sur site. Chaque emballage contient <strong data-start=\"1820\" data-end=\"1853\">5 dispositifs de consignation<\/strong>, ce qui convient parfaitement aux \u00e9quipes de maintenance et aux installations comportant plusieurs tableaux \u00e9lectriques.<\/p>\n<hr data-start=\"1976\" data-end=\"1979\" \/>\n<h3 data-start=\"1981\" data-end=\"2008\">\ud83d\udccc Description courte<\/h3>\n<p data-start=\"2010\" data-end=\"2149\">Consignation disjoncteur pin-out pour disjoncteurs miniatures ISO\/DIN avec grande ouverture de levier. Montage rapide sans outil. Lot de 5.<\/p>\n<\/div>\n<\/div>\n<\/div>\n<\/div>\n<\/div>\n<\/div>\n<\/article>\n<\/div>\n<\/div>\n","protected":false},"excerpt":{"rendered":"<p data-start=\"2010\" data-end=\"2149\">Consignation disjoncteur pin-out pour disjoncteurs miniatures ISO\/DIN avec grande ouverture de levier. Montage rapide sans outil. Lot de 5.<\/p>\n","protected":false},"featured_media":18353,"comment_status":"open","ping_status":"closed","template":"","meta":{"_acf_changed":false,"_et_pb_use_builder":"","_et_pb_old_content":"","_et_gb_content_width":""},"product_brand":[],"product_cat":[466,458],"product_tag":[963],"pa_connextion-shapes":[],"class_list":{"0":"post-18352","1":"product","2":"type-product","3":"status-publish","4":"has-post-thumbnail","6":"product_cat-lockout-tagout","7":"product_cat-electrical-lockout-devices","8":"product_tag-d-identify-fr","10":"first","11":"instock","12":"taxable","13":"shipping-taxable","14":"purchasable","15":"product-type-simple"},"exclude_global_add_ons":[],"addons":[],"acf":[],"yoast_head":"<!-- This site is optimized with the Yoast SEO Premium plugin v27.0 (Yoast SEO v27.1) - https:\/\/yoast.com\/product\/yoast-seo-premium-wordpress\/ -->\n<title>Consignation disjoncteur pin-out \u2013 D-MB01-W (lot de 5)<\/title>\n<meta name=\"description\" content=\"Consignation disjoncteur pin-out pour disjoncteurs miniatures ISO\/DIN avec grande ouverture de levier. Installation rapide sans outil. Lot de 5.\" \/>\n<meta name=\"robots\" content=\"index, follow, max-snippet:-1, max-image-preview:large, max-video-preview:-1\" \/>\n<link rel=\"canonical\" href=\"https:\/\/d-identify.be\/fr\/produit\/consignation-disjoncteur-pin-out-d-mb01-w\/\" \/>\n<meta property=\"og:locale\" content=\"fr_FR\" \/>\n<meta property=\"og:type\" content=\"article\" \/>\n<meta property=\"og:title\" content=\"D-MB01-W Consignation disjoncteur pin-out \u2013 lot de 5\" \/>\n<meta property=\"og:description\" content=\"Consignation disjoncteur pin-out pour disjoncteurs miniatures ISO\/DIN avec grande ouverture de levier. Installation rapide sans outil. Lot de 5.\" \/>\n<meta property=\"og:url\" content=\"https:\/\/d-identify.be\/fr\/produit\/consignation-disjoncteur-pin-out-d-mb01-w\/\" \/>\n<meta property=\"og:site_name\" content=\"d-identify\" \/>\n<meta property=\"article:modified_time\" content=\"2026-01-09T00:05:00+00:00\" \/>\n<meta property=\"og:image\" content=\"https:\/\/d-identify.be\/wp-content\/uploads\/2021\/07\/PIN_OUT_WIDE.png\" \/>\n\t<meta property=\"og:image:width\" content=\"515\" \/>\n\t<meta property=\"og:image:height\" content=\"469\" \/>\n\t<meta property=\"og:image:type\" content=\"image\/png\" \/>\n<meta name=\"twitter:card\" content=\"summary_large_image\" \/>\n<meta name=\"twitter:label1\" content=\"Dur\u00e9e de lecture estim\u00e9e\" \/>\n\t<meta name=\"twitter:data1\" content=\"1 minute\" \/>\n<script type=\"application\/ld+json\" class=\"yoast-schema-graph\">{\"@context\":\"https:\/\/schema.org\",\"@graph\":[{\"@type\":\"WebPage\",\"@id\":\"https:\/\/d-identify.be\/fr\/produit\/consignation-disjoncteur-pin-out-d-mb01-w\/\",\"url\":\"https:\/\/d-identify.be\/fr\/produit\/consignation-disjoncteur-pin-out-d-mb01-w\/\",\"name\":\"Consignation disjoncteur pin-out \u2013 D-MB01-W (lot de 5)\",\"isPartOf\":{\"@id\":\"https:\/\/d-identify.be\/fr\/#website\"},\"primaryImageOfPage\":{\"@id\":\"https:\/\/d-identify.be\/fr\/produit\/consignation-disjoncteur-pin-out-d-mb01-w\/#primaryimage\"},\"image\":{\"@id\":\"https:\/\/d-identify.be\/fr\/produit\/consignation-disjoncteur-pin-out-d-mb01-w\/#primaryimage\"},\"thumbnailUrl\":\"https:\/\/d-identify.be\/wp-content\/uploads\/2021\/07\/PIN_OUT_WIDE.png\",\"datePublished\":\"2021-07-26T11:38:54+00:00\",\"dateModified\":\"2026-01-09T00:05:00+00:00\",\"description\":\"Consignation disjoncteur pin-out pour disjoncteurs miniatures ISO\/DIN avec grande ouverture de levier. Installation rapide sans outil. Lot de 5.\",\"breadcrumb\":{\"@id\":\"https:\/\/d-identify.be\/fr\/produit\/consignation-disjoncteur-pin-out-d-mb01-w\/#breadcrumb\"},\"inLanguage\":\"fr-FR\",\"potentialAction\":[{\"@type\":\"ReadAction\",\"target\":[\"https:\/\/d-identify.be\/fr\/produit\/consignation-disjoncteur-pin-out-d-mb01-w\/\"]}]},{\"@type\":\"ImageObject\",\"inLanguage\":\"fr-FR\",\"@id\":\"https:\/\/d-identify.be\/fr\/produit\/consignation-disjoncteur-pin-out-d-mb01-w\/#primaryimage\",\"url\":\"https:\/\/d-identify.be\/wp-content\/uploads\/2021\/07\/PIN_OUT_WIDE.png\",\"contentUrl\":\"https:\/\/d-identify.be\/wp-content\/uploads\/2021\/07\/PIN_OUT_WIDE.png\",\"width\":515,\"height\":469,\"caption\":\"Consignation disjoncteur pin-out \u2013 D-MB01-W (lot de 5)\"},{\"@type\":\"BreadcrumbList\",\"@id\":\"https:\/\/d-identify.be\/fr\/produit\/consignation-disjoncteur-pin-out-d-mb01-w\/#breadcrumb\",\"itemListElement\":[{\"@type\":\"ListItem\",\"position\":1,\"name\":\"Home\",\"item\":\"https:\/\/d-identify.be\/fr\/home-2\/\"},{\"@type\":\"ListItem\",\"position\":2,\"name\":\"Boutique\",\"item\":\"https:\/\/d-identify.be\/fr\/boutique\/\"},{\"@type\":\"ListItem\",\"position\":3,\"name\":\"D-MB01-W Consignation disjoncteur pin-out \u2013 lot de 5\"}]},{\"@type\":\"WebSite\",\"@id\":\"https:\/\/d-identify.be\/fr\/#website\",\"url\":\"https:\/\/d-identify.be\/fr\/\",\"name\":\"d-identify\",\"description\":\"Industrial identification - Lockout - Tagout - Floor marking\",\"potentialAction\":[{\"@type\":\"SearchAction\",\"target\":{\"@type\":\"EntryPoint\",\"urlTemplate\":\"https:\/\/d-identify.be\/fr\/?s={search_term_string}\"},\"query-input\":{\"@type\":\"PropertyValueSpecification\",\"valueRequired\":true,\"valueName\":\"search_term_string\"}}],\"inLanguage\":\"fr-FR\"}]}<\/script>\n<!-- \/ Yoast SEO Premium plugin. -->","yoast_head_json":{"title":"Consignation disjoncteur pin-out \u2013 D-MB01-W (lot de 5)","description":"Consignation disjoncteur pin-out pour disjoncteurs miniatures ISO\/DIN avec grande ouverture de levier. Installation rapide sans outil. Lot de 5.","robots":{"index":"index","follow":"follow","max-snippet":"max-snippet:-1","max-image-preview":"max-image-preview:large","max-video-preview":"max-video-preview:-1"},"canonical":"https:\/\/d-identify.be\/fr\/produit\/consignation-disjoncteur-pin-out-d-mb01-w\/","og_locale":"fr_FR","og_type":"article","og_title":"D-MB01-W Consignation disjoncteur pin-out \u2013 lot de 5","og_description":"Consignation disjoncteur pin-out pour disjoncteurs miniatures ISO\/DIN avec grande ouverture de levier. Installation rapide sans outil. Lot de 5.","og_url":"https:\/\/d-identify.be\/fr\/produit\/consignation-disjoncteur-pin-out-d-mb01-w\/","og_site_name":"d-identify","article_modified_time":"2026-01-09T00:05:00+00:00","og_image":[{"width":515,"height":469,"url":"https:\/\/d-identify.be\/wp-content\/uploads\/2021\/07\/PIN_OUT_WIDE.png","type":"image\/png"}],"twitter_card":"summary_large_image","twitter_misc":{"Dur\u00e9e de lecture estim\u00e9e":"1 minute"},"schema":{"@context":"https:\/\/schema.org","@graph":[{"@type":"WebPage","@id":"https:\/\/d-identify.be\/fr\/produit\/consignation-disjoncteur-pin-out-d-mb01-w\/","url":"https:\/\/d-identify.be\/fr\/produit\/consignation-disjoncteur-pin-out-d-mb01-w\/","name":"Consignation disjoncteur pin-out \u2013 D-MB01-W (lot de 5)","isPartOf":{"@id":"https:\/\/d-identify.be\/fr\/#website"},"primaryImageOfPage":{"@id":"https:\/\/d-identify.be\/fr\/produit\/consignation-disjoncteur-pin-out-d-mb01-w\/#primaryimage"},"image":{"@id":"https:\/\/d-identify.be\/fr\/produit\/consignation-disjoncteur-pin-out-d-mb01-w\/#primaryimage"},"thumbnailUrl":"https:\/\/d-identify.be\/wp-content\/uploads\/2021\/07\/PIN_OUT_WIDE.png","datePublished":"2021-07-26T11:38:54+00:00","dateModified":"2026-01-09T00:05:00+00:00","description":"Consignation disjoncteur pin-out pour disjoncteurs miniatures ISO\/DIN avec grande ouverture de levier. Installation rapide sans outil. Lot de 5.","breadcrumb":{"@id":"https:\/\/d-identify.be\/fr\/produit\/consignation-disjoncteur-pin-out-d-mb01-w\/#breadcrumb"},"inLanguage":"fr-FR","potentialAction":[{"@type":"ReadAction","target":["https:\/\/d-identify.be\/fr\/produit\/consignation-disjoncteur-pin-out-d-mb01-w\/"]}]},{"@type":"ImageObject","inLanguage":"fr-FR","@id":"https:\/\/d-identify.be\/fr\/produit\/consignation-disjoncteur-pin-out-d-mb01-w\/#primaryimage","url":"https:\/\/d-identify.be\/wp-content\/uploads\/2021\/07\/PIN_OUT_WIDE.png","contentUrl":"https:\/\/d-identify.be\/wp-content\/uploads\/2021\/07\/PIN_OUT_WIDE.png","width":515,"height":469,"caption":"Consignation disjoncteur pin-out \u2013 D-MB01-W (lot de 5)"},{"@type":"BreadcrumbList","@id":"https:\/\/d-identify.be\/fr\/produit\/consignation-disjoncteur-pin-out-d-mb01-w\/#breadcrumb","itemListElement":[{"@type":"ListItem","position":1,"name":"Home","item":"https:\/\/d-identify.be\/fr\/home-2\/"},{"@type":"ListItem","position":2,"name":"Boutique","item":"https:\/\/d-identify.be\/fr\/boutique\/"},{"@type":"ListItem","position":3,"name":"D-MB01-W Consignation disjoncteur pin-out \u2013 lot de 5"}]},{"@type":"WebSite","@id":"https:\/\/d-identify.be\/fr\/#website","url":"https:\/\/d-identify.be\/fr\/","name":"d-identify","description":"Industrial identification - Lockout - Tagout - Floor marking","potentialAction":[{"@type":"SearchAction","target":{"@type":"EntryPoint","urlTemplate":"https:\/\/d-identify.be\/fr\/?s={search_term_string}"},"query-input":{"@type":"PropertyValueSpecification","valueRequired":true,"valueName":"search_term_string"}}],"inLanguage":"fr-FR"}]}},"_links":{"self":[{"href":"https:\/\/d-identify.be\/fr\/wp-json\/wp\/v2\/product\/18352","targetHints":{"allow":["GET"]}}],"collection":[{"href":"https:\/\/d-identify.be\/fr\/wp-json\/wp\/v2\/product"}],"about":[{"href":"https:\/\/d-identify.be\/fr\/wp-json\/wp\/v2\/types\/product"}],"replies":[{"embeddable":true,"href":"https:\/\/d-identify.be\/fr\/wp-json\/wp\/v2\/comments?post=18352"}],"wp:featuredmedia":[{"embeddable":true,"href":"https:\/\/d-identify.be\/fr\/wp-json\/wp\/v2\/media\/18353"}],"wp:attachment":[{"href":"https:\/\/d-identify.be\/fr\/wp-json\/wp\/v2\/media?parent=18352"}],"wp:term":[{"taxonomy":"product_brand","embeddable":true,"href":"https:\/\/d-identify.be\/fr\/wp-json\/wp\/v2\/product_brand?post=18352"},{"taxonomy":"product_cat","embeddable":true,"href":"https:\/\/d-identify.be\/fr\/wp-json\/wp\/v2\/product_cat?post=18352"},{"taxonomy":"product_tag","embeddable":true,"href":"https:\/\/d-identify.be\/fr\/wp-json\/wp\/v2\/product_tag?post=18352"},{"taxonomy":"pa_connextion-shapes","embeddable":true,"href":"https:\/\/d-identify.be\/fr\/wp-json\/wp\/v2\/pa_connextion-shapes?post=18352"}],"curies":[{"name":"wp","href":"https:\/\/api.w.org\/{rel}","templated":true}]}}