{"id":18345,"date":"2021-07-26T12:38:54","date_gmt":"2021-07-26T10:38:54","guid":{"rendered":"https:\/\/d-identify.be\/product\/verrouillage-du-disjoncteur-d-lb06-480v-600v\/"},"modified":"2026-01-12T11:30:10","modified_gmt":"2026-01-12T09:30:10","slug":"lockout-disjoncteur-480-600v-rails-montage","status":"publish","type":"product","link":"https:\/\/d-identify.be\/fr\/produit\/lockout-disjoncteur-480-600v-rails-montage\/","title":{"rendered":"Rails de montage lockout disjoncteur 480-600V \u2013 auto-adh\u00e9sifs avec barres d\u2019\u00e9tat"},"content":{"rendered":"<p data-start=\"555\" data-end=\"874\"><strong data-start=\"555\" data-end=\"587\">Lockout disjoncteur 480-600V<\/strong> avec rails de montage auto-adh\u00e9sifs pour une solution s\u00fbre et pratique de consignation \u00e9lectrique. Ces rails D-LB06 sont con\u00e7us pour les disjoncteurs utilis\u00e9s dans les installations de 480 \u00e0 600 volts. Ils permettent une organisation claire et coh\u00e9rente des dispositifs de verrouillage.<\/p>\n<p data-start=\"876\" data-end=\"1175\">Le support auto-adh\u00e9sif puissant permet une installation rapide et simple. Ainsi, aucun per\u00e7age ni accessoire suppl\u00e9mentaire n\u2019est n\u00e9cessaire. Les rails se placent directement \u00e0 l\u2019int\u00e9rieur du tableau \u00e9lectrique. Vous pouvez alors positionner les \u00e9l\u00e9ments de lockout exactement \u00e0 l\u2019endroit souhait\u00e9.<\/p>\n<p data-start=\"1177\" data-end=\"1431\">De plus, cet accessoire de <strong data-start=\"1204\" data-end=\"1236\">lockout disjoncteur 480-600V<\/strong> est compatible avec les syst\u00e8mes Breaker Blocker. Il facilite la cr\u00e9ation d\u2019installations standardis\u00e9es sur plusieurs tableaux. Par cons\u00e9quent, l\u2019ensemble reste propre, lisible et professionnel.<\/p>\n<p data-start=\"1433\" data-end=\"1660\">Chaque kit comprend une barre verte et une barre rouge. La barre verte indique la position s\u00fbre ou hors tension. La barre rouge montre clairement la position sous tension. Ainsi, l\u2019\u00e9tat du disjoncteur est imm\u00e9diatement visible.<\/p>\n<p data-start=\"1662\" data-end=\"1908\">Enfin, les rails de montage sont adapt\u00e9s aux environnements industriels exigeants. Ils r\u00e9sistent aux conditions difficiles et aux applications haute tension. Ils contribuent donc \u00e0 am\u00e9liorer la s\u00e9curit\u00e9 \u00e9lectrique lors des travaux de maintenance.<\/p>\n","protected":false},"excerpt":{"rendered":"<p data-start=\"789\" data-end=\"1103\"><strong data-start=\"789\" data-end=\"821\">Lockout disjoncteur 480-600V<\/strong> avec rails de montage auto-adh\u00e9sifs pour une installation rapide dans les tableaux \u00e9lectriques haute tension. Compatibles avec les syst\u00e8mes de verrouillage de disjoncteurs et livr\u00e9s avec une barre verte et une barre rouge pour une indication visuelle claire de l\u2019\u00e9tat marche\/arr\u00eat.<\/p>\n","protected":false},"featured_media":18346,"comment_status":"open","ping_status":"closed","template":"","meta":{"_acf_changed":false,"_et_pb_use_builder":"","_et_pb_old_content":"","_et_gb_content_width":""},"product_brand":[],"product_cat":[466,458],"product_tag":[963],"pa_connextion-shapes":[],"class_list":{"0":"post-18345","1":"product","2":"type-product","3":"status-publish","4":"has-post-thumbnail","6":"product_cat-lockout-tagout","7":"product_cat-electrical-lockout-devices","8":"product_tag-d-identify-fr","10":"first","11":"instock","12":"taxable","13":"shipping-taxable","14":"purchasable","15":"product-type-simple"},"exclude_global_add_ons":[],"addons":[],"acf":[],"yoast_head":"<!-- This site is optimized with the Yoast SEO Premium plugin v27.0 (Yoast SEO v27.1) - https:\/\/yoast.com\/product\/yoast-seo-premium-wordpress\/ -->\n<title>Lockout disjoncteur 480-600V \u2013 rails de montage auto-adh\u00e9sifs<\/title>\n<meta name=\"description\" content=\"Rails de montage auto-adh\u00e9sifs pour lockout disjoncteur 480-600V. Avec barres rouge et verte pour une indication claire marche\/arr\u00eat.\" \/>\n<meta name=\"robots\" content=\"index, follow, max-snippet:-1, max-image-preview:large, max-video-preview:-1\" \/>\n<link rel=\"canonical\" href=\"https:\/\/d-identify.be\/fr\/produit\/lockout-disjoncteur-480-600v-rails-montage\/\" \/>\n<meta property=\"og:locale\" content=\"fr_FR\" \/>\n<meta property=\"og:type\" content=\"article\" \/>\n<meta property=\"og:title\" content=\"Rails de montage lockout disjoncteur 480-600V \u2013 auto-adh\u00e9sifs avec barres d\u2019\u00e9tat\" \/>\n<meta property=\"og:description\" content=\"Rails de montage auto-adh\u00e9sifs pour lockout disjoncteur 480-600V. Avec barres rouge et verte pour une indication claire marche\/arr\u00eat.\" \/>\n<meta property=\"og:url\" content=\"https:\/\/d-identify.be\/fr\/produit\/lockout-disjoncteur-480-600v-rails-montage\/\" \/>\n<meta property=\"og:site_name\" content=\"d-identify\" \/>\n<meta property=\"article:modified_time\" content=\"2026-01-12T09:30:10+00:00\" \/>\n<meta property=\"og:image\" content=\"https:\/\/d-identify.be\/wp-content\/uploads\/2021\/07\/480V-600V_cicuit_breaker.png\" \/>\n\t<meta property=\"og:image:width\" content=\"567\" \/>\n\t<meta property=\"og:image:height\" content=\"567\" \/>\n\t<meta property=\"og:image:type\" content=\"image\/png\" \/>\n<meta name=\"twitter:card\" content=\"summary_large_image\" \/>\n<meta name=\"twitter:label1\" content=\"Dur\u00e9e de lecture estim\u00e9e\" \/>\n\t<meta name=\"twitter:data1\" content=\"2 minutes\" \/>\n<script type=\"application\/ld+json\" class=\"yoast-schema-graph\">{\"@context\":\"https:\/\/schema.org\",\"@graph\":[{\"@type\":\"WebPage\",\"@id\":\"https:\/\/d-identify.be\/fr\/produit\/lockout-disjoncteur-480-600v-rails-montage\/\",\"url\":\"https:\/\/d-identify.be\/fr\/produit\/lockout-disjoncteur-480-600v-rails-montage\/\",\"name\":\"Lockout disjoncteur 480-600V \u2013 rails de montage auto-adh\u00e9sifs\",\"isPartOf\":{\"@id\":\"https:\/\/d-identify.be\/fr\/#website\"},\"primaryImageOfPage\":{\"@id\":\"https:\/\/d-identify.be\/fr\/produit\/lockout-disjoncteur-480-600v-rails-montage\/#primaryimage\"},\"image\":{\"@id\":\"https:\/\/d-identify.be\/fr\/produit\/lockout-disjoncteur-480-600v-rails-montage\/#primaryimage\"},\"thumbnailUrl\":\"https:\/\/d-identify.be\/wp-content\/uploads\/2021\/07\/480V-600V_cicuit_breaker.png\",\"datePublished\":\"2021-07-26T10:38:54+00:00\",\"dateModified\":\"2026-01-12T09:30:10+00:00\",\"description\":\"Rails de montage auto-adh\u00e9sifs pour lockout disjoncteur 480-600V. Avec barres rouge et verte pour une indication claire marche\/arr\u00eat.\",\"breadcrumb\":{\"@id\":\"https:\/\/d-identify.be\/fr\/produit\/lockout-disjoncteur-480-600v-rails-montage\/#breadcrumb\"},\"inLanguage\":\"fr-FR\",\"potentialAction\":[{\"@type\":\"ReadAction\",\"target\":[\"https:\/\/d-identify.be\/fr\/produit\/lockout-disjoncteur-480-600v-rails-montage\/\"]}]},{\"@type\":\"ImageObject\",\"inLanguage\":\"fr-FR\",\"@id\":\"https:\/\/d-identify.be\/fr\/produit\/lockout-disjoncteur-480-600v-rails-montage\/#primaryimage\",\"url\":\"https:\/\/d-identify.be\/wp-content\/uploads\/2021\/07\/480V-600V_cicuit_breaker.png\",\"contentUrl\":\"https:\/\/d-identify.be\/wp-content\/uploads\/2021\/07\/480V-600V_cicuit_breaker.png\",\"width\":567,\"height\":567,\"caption\":\"Lockout disjoncteur 480-600V \u2013 rails de montage auto-adh\u00e9sifs\"},{\"@type\":\"BreadcrumbList\",\"@id\":\"https:\/\/d-identify.be\/fr\/produit\/lockout-disjoncteur-480-600v-rails-montage\/#breadcrumb\",\"itemListElement\":[{\"@type\":\"ListItem\",\"position\":1,\"name\":\"Home\",\"item\":\"https:\/\/d-identify.be\/fr\/home-2\/\"},{\"@type\":\"ListItem\",\"position\":2,\"name\":\"Boutique\",\"item\":\"https:\/\/d-identify.be\/fr\/boutique\/\"},{\"@type\":\"ListItem\",\"position\":3,\"name\":\"Rails de montage lockout disjoncteur 480-600V \u2013 auto-adh\u00e9sifs avec barres d\u2019\u00e9tat\"}]},{\"@type\":\"WebSite\",\"@id\":\"https:\/\/d-identify.be\/fr\/#website\",\"url\":\"https:\/\/d-identify.be\/fr\/\",\"name\":\"d-identify\",\"description\":\"Industrial identification - Lockout - Tagout - Floor marking\",\"potentialAction\":[{\"@type\":\"SearchAction\",\"target\":{\"@type\":\"EntryPoint\",\"urlTemplate\":\"https:\/\/d-identify.be\/fr\/?s={search_term_string}\"},\"query-input\":{\"@type\":\"PropertyValueSpecification\",\"valueRequired\":true,\"valueName\":\"search_term_string\"}}],\"inLanguage\":\"fr-FR\"}]}<\/script>\n<!-- \/ Yoast SEO Premium plugin. -->","yoast_head_json":{"title":"Lockout disjoncteur 480-600V \u2013 rails de montage auto-adh\u00e9sifs","description":"Rails de montage auto-adh\u00e9sifs pour lockout disjoncteur 480-600V. Avec barres rouge et verte pour une indication claire marche\/arr\u00eat.","robots":{"index":"index","follow":"follow","max-snippet":"max-snippet:-1","max-image-preview":"max-image-preview:large","max-video-preview":"max-video-preview:-1"},"canonical":"https:\/\/d-identify.be\/fr\/produit\/lockout-disjoncteur-480-600v-rails-montage\/","og_locale":"fr_FR","og_type":"article","og_title":"Rails de montage lockout disjoncteur 480-600V \u2013 auto-adh\u00e9sifs avec barres d\u2019\u00e9tat","og_description":"Rails de montage auto-adh\u00e9sifs pour lockout disjoncteur 480-600V. Avec barres rouge et verte pour une indication claire marche\/arr\u00eat.","og_url":"https:\/\/d-identify.be\/fr\/produit\/lockout-disjoncteur-480-600v-rails-montage\/","og_site_name":"d-identify","article_modified_time":"2026-01-12T09:30:10+00:00","og_image":[{"width":567,"height":567,"url":"https:\/\/d-identify.be\/wp-content\/uploads\/2021\/07\/480V-600V_cicuit_breaker.png","type":"image\/png"}],"twitter_card":"summary_large_image","twitter_misc":{"Dur\u00e9e de lecture estim\u00e9e":"2 minutes"},"schema":{"@context":"https:\/\/schema.org","@graph":[{"@type":"WebPage","@id":"https:\/\/d-identify.be\/fr\/produit\/lockout-disjoncteur-480-600v-rails-montage\/","url":"https:\/\/d-identify.be\/fr\/produit\/lockout-disjoncteur-480-600v-rails-montage\/","name":"Lockout disjoncteur 480-600V \u2013 rails de montage auto-adh\u00e9sifs","isPartOf":{"@id":"https:\/\/d-identify.be\/fr\/#website"},"primaryImageOfPage":{"@id":"https:\/\/d-identify.be\/fr\/produit\/lockout-disjoncteur-480-600v-rails-montage\/#primaryimage"},"image":{"@id":"https:\/\/d-identify.be\/fr\/produit\/lockout-disjoncteur-480-600v-rails-montage\/#primaryimage"},"thumbnailUrl":"https:\/\/d-identify.be\/wp-content\/uploads\/2021\/07\/480V-600V_cicuit_breaker.png","datePublished":"2021-07-26T10:38:54+00:00","dateModified":"2026-01-12T09:30:10+00:00","description":"Rails de montage auto-adh\u00e9sifs pour lockout disjoncteur 480-600V. Avec barres rouge et verte pour une indication claire marche\/arr\u00eat.","breadcrumb":{"@id":"https:\/\/d-identify.be\/fr\/produit\/lockout-disjoncteur-480-600v-rails-montage\/#breadcrumb"},"inLanguage":"fr-FR","potentialAction":[{"@type":"ReadAction","target":["https:\/\/d-identify.be\/fr\/produit\/lockout-disjoncteur-480-600v-rails-montage\/"]}]},{"@type":"ImageObject","inLanguage":"fr-FR","@id":"https:\/\/d-identify.be\/fr\/produit\/lockout-disjoncteur-480-600v-rails-montage\/#primaryimage","url":"https:\/\/d-identify.be\/wp-content\/uploads\/2021\/07\/480V-600V_cicuit_breaker.png","contentUrl":"https:\/\/d-identify.be\/wp-content\/uploads\/2021\/07\/480V-600V_cicuit_breaker.png","width":567,"height":567,"caption":"Lockout disjoncteur 480-600V \u2013 rails de montage auto-adh\u00e9sifs"},{"@type":"BreadcrumbList","@id":"https:\/\/d-identify.be\/fr\/produit\/lockout-disjoncteur-480-600v-rails-montage\/#breadcrumb","itemListElement":[{"@type":"ListItem","position":1,"name":"Home","item":"https:\/\/d-identify.be\/fr\/home-2\/"},{"@type":"ListItem","position":2,"name":"Boutique","item":"https:\/\/d-identify.be\/fr\/boutique\/"},{"@type":"ListItem","position":3,"name":"Rails de montage lockout disjoncteur 480-600V \u2013 auto-adh\u00e9sifs avec barres d\u2019\u00e9tat"}]},{"@type":"WebSite","@id":"https:\/\/d-identify.be\/fr\/#website","url":"https:\/\/d-identify.be\/fr\/","name":"d-identify","description":"Industrial identification - Lockout - Tagout - Floor marking","potentialAction":[{"@type":"SearchAction","target":{"@type":"EntryPoint","urlTemplate":"https:\/\/d-identify.be\/fr\/?s={search_term_string}"},"query-input":{"@type":"PropertyValueSpecification","valueRequired":true,"valueName":"search_term_string"}}],"inLanguage":"fr-FR"}]}},"_links":{"self":[{"href":"https:\/\/d-identify.be\/fr\/wp-json\/wp\/v2\/product\/18345","targetHints":{"allow":["GET"]}}],"collection":[{"href":"https:\/\/d-identify.be\/fr\/wp-json\/wp\/v2\/product"}],"about":[{"href":"https:\/\/d-identify.be\/fr\/wp-json\/wp\/v2\/types\/product"}],"replies":[{"embeddable":true,"href":"https:\/\/d-identify.be\/fr\/wp-json\/wp\/v2\/comments?post=18345"}],"wp:featuredmedia":[{"embeddable":true,"href":"https:\/\/d-identify.be\/fr\/wp-json\/wp\/v2\/media\/18346"}],"wp:attachment":[{"href":"https:\/\/d-identify.be\/fr\/wp-json\/wp\/v2\/media?parent=18345"}],"wp:term":[{"taxonomy":"product_brand","embeddable":true,"href":"https:\/\/d-identify.be\/fr\/wp-json\/wp\/v2\/product_brand?post=18345"},{"taxonomy":"product_cat","embeddable":true,"href":"https:\/\/d-identify.be\/fr\/wp-json\/wp\/v2\/product_cat?post=18345"},{"taxonomy":"product_tag","embeddable":true,"href":"https:\/\/d-identify.be\/fr\/wp-json\/wp\/v2\/product_tag?post=18345"},{"taxonomy":"pa_connextion-shapes","embeddable":true,"href":"https:\/\/d-identify.be\/fr\/wp-json\/wp\/v2\/pa_connextion-shapes?post=18345"}],"curies":[{"name":"wp","href":"https:\/\/api.w.org\/{rel}","templated":true}]}}