{"id":18328,"date":"2021-07-26T12:38:56","date_gmt":"2021-07-26T10:38:56","guid":{"rendered":"https:\/\/d-identify.be\/product\/station-de-verrouillage-de-luxe-vide\/"},"modified":"2025-12-20T14:15:06","modified_gmt":"2025-12-20T12:15:06","slug":"master-lock-centre-detiquettes-deluxe-s1800","status":"publish","type":"product","link":"https:\/\/d-identify.be\/fr\/produit\/master-lock-centre-detiquettes-deluxe-s1800\/","title":{"rendered":"Master Lock Centre d\u2019\u00e9tiquettes Deluxe S1800"},"content":{"rendered":"<p data-start=\"514\" data-end=\"677\"><strong>Le centre d\u2019\u00e9tiquettes Deluxe S1800<\/strong> offre un rangement clair et organis\u00e9 pour les \u00e9tiquettes de consignation et de s\u00e9curit\u00e9. Il aide les \u00e9quipes \u00e0 travailler plus rapidement et r\u00e9duit les erreurs lors des op\u00e9rations de maintenance.<\/p>\n<p data-start=\"679\" data-end=\"903\">La construction robuste convient \u00e0 une utilisation quotidienne en milieu industriel. L\u2019acc\u00e8s ouvert permet de saisir rapidement l\u2019\u00e9tiquette appropri\u00e9e. La disposition claire am\u00e9liore la visibilit\u00e9 et favorise des pratiques de consignation coh\u00e9rentes.<\/p>\n<p data-start=\"905\" data-end=\"1012\">Ce centre d\u2019\u00e9tiquettes contribue \u00e0 am\u00e9liorer la s\u00e9curit\u00e9 sur le lieu de travail et soutient la conformit\u00e9 r\u00e9glementaire lors des travaux de maintenance et de r\u00e9paration.<\/p>\n","protected":false},"excerpt":{"rendered":"<p>Le centre de tags de luxe Master Lock No. S1800, non rempli, est dot\u00e9 d&rsquo;une construction robuste pour assurer une longue dur\u00e9e de vie dans les installations de fabrication et de compartiments couverts pour prot\u00e9ger les appareils et les maintenir \u00e0 l&rsquo;abri de la poussi\u00e8re et de la salet\u00e9. Chaque compartiment peut contenir 25 tags et peut \u00e9galement accueillir des lunettes de s\u00e9curit\u00e9 et une protection auditive.<\/p>\n","protected":false},"featured_media":18329,"comment_status":"open","ping_status":"closed","template":"","meta":{"_acf_changed":false,"_et_pb_use_builder":"","_et_pb_old_content":"","_et_gb_content_width":""},"product_brand":[],"product_cat":[466,471],"product_tag":[934],"pa_connextion-shapes":[],"class_list":{"0":"post-18328","1":"product","2":"type-product","3":"status-publish","4":"has-post-thumbnail","6":"product_cat-lockout-tagout","7":"product_cat-empty-lockout-stations","8":"product_tag-master-lock-fr","10":"first","11":"instock","12":"taxable","13":"shipping-taxable","14":"purchasable","15":"product-type-simple"},"exclude_global_add_ons":[],"addons":[],"acf":[],"yoast_head":"<!-- This site is optimized with the Yoast SEO Premium plugin v27.0 (Yoast SEO v27.1) - https:\/\/yoast.com\/product\/yoast-seo-premium-wordpress\/ -->\n<title>Centre d\u2019\u00e9tiquettes Deluxe S1800 - Master Lock<\/title>\n<meta name=\"description\" content=\"Centre d\u2019\u00e9tiquettes Deluxe S1800 Master Lock, non rempli, pour un rangement clair et s\u00e9curis\u00e9 des \u00e9tiquettes de consignation en environnement industriel.\" \/>\n<meta name=\"robots\" content=\"index, follow, max-snippet:-1, max-image-preview:large, max-video-preview:-1\" \/>\n<link rel=\"canonical\" href=\"https:\/\/d-identify.be\/fr\/produit\/master-lock-centre-detiquettes-deluxe-s1800\/\" \/>\n<meta property=\"og:locale\" content=\"fr_FR\" \/>\n<meta property=\"og:type\" content=\"article\" \/>\n<meta property=\"og:title\" content=\"Master Lock Centre d\u2019\u00e9tiquettes Deluxe S1800\" \/>\n<meta property=\"og:description\" content=\"Centre d\u2019\u00e9tiquettes Deluxe S1800 Master Lock, non rempli, pour un rangement clair et s\u00e9curis\u00e9 des \u00e9tiquettes de consignation en environnement industriel.\" \/>\n<meta property=\"og:url\" content=\"https:\/\/d-identify.be\/fr\/produit\/master-lock-centre-detiquettes-deluxe-s1800\/\" \/>\n<meta property=\"og:site_name\" content=\"d-identify\" \/>\n<meta property=\"article:modified_time\" content=\"2025-12-20T12:15:06+00:00\" \/>\n<meta property=\"og:image\" content=\"https:\/\/d-identify.be\/wp-content\/uploads\/2021\/07\/MLCOM_PRODUCT_S1800.jpg\" \/>\n\t<meta property=\"og:image:width\" content=\"285\" \/>\n\t<meta property=\"og:image:height\" content=\"285\" \/>\n\t<meta property=\"og:image:type\" content=\"image\/jpeg\" \/>\n<meta name=\"twitter:card\" content=\"summary_large_image\" \/>\n<meta name=\"twitter:label1\" content=\"Dur\u00e9e de lecture estim\u00e9e\" \/>\n\t<meta name=\"twitter:data1\" content=\"1 minute\" \/>\n<script type=\"application\/ld+json\" class=\"yoast-schema-graph\">{\"@context\":\"https:\/\/schema.org\",\"@graph\":[{\"@type\":\"WebPage\",\"@id\":\"https:\/\/d-identify.be\/fr\/produit\/master-lock-centre-detiquettes-deluxe-s1800\/\",\"url\":\"https:\/\/d-identify.be\/fr\/produit\/master-lock-centre-detiquettes-deluxe-s1800\/\",\"name\":\"Centre d\u2019\u00e9tiquettes Deluxe S1800 - Master Lock\",\"isPartOf\":{\"@id\":\"https:\/\/d-identify.be\/fr\/#website\"},\"primaryImageOfPage\":{\"@id\":\"https:\/\/d-identify.be\/fr\/produit\/master-lock-centre-detiquettes-deluxe-s1800\/#primaryimage\"},\"image\":{\"@id\":\"https:\/\/d-identify.be\/fr\/produit\/master-lock-centre-detiquettes-deluxe-s1800\/#primaryimage\"},\"thumbnailUrl\":\"https:\/\/d-identify.be\/wp-content\/uploads\/2021\/07\/MLCOM_PRODUCT_S1800.jpg\",\"datePublished\":\"2021-07-26T10:38:56+00:00\",\"dateModified\":\"2025-12-20T12:15:06+00:00\",\"description\":\"Centre d\u2019\u00e9tiquettes Deluxe S1800 Master Lock, non rempli, pour un rangement clair et s\u00e9curis\u00e9 des \u00e9tiquettes de consignation en environnement industriel.\",\"breadcrumb\":{\"@id\":\"https:\/\/d-identify.be\/fr\/produit\/master-lock-centre-detiquettes-deluxe-s1800\/#breadcrumb\"},\"inLanguage\":\"fr-FR\",\"potentialAction\":[{\"@type\":\"ReadAction\",\"target\":[\"https:\/\/d-identify.be\/fr\/produit\/master-lock-centre-detiquettes-deluxe-s1800\/\"]}]},{\"@type\":\"ImageObject\",\"inLanguage\":\"fr-FR\",\"@id\":\"https:\/\/d-identify.be\/fr\/produit\/master-lock-centre-detiquettes-deluxe-s1800\/#primaryimage\",\"url\":\"https:\/\/d-identify.be\/wp-content\/uploads\/2021\/07\/MLCOM_PRODUCT_S1800.jpg\",\"contentUrl\":\"https:\/\/d-identify.be\/wp-content\/uploads\/2021\/07\/MLCOM_PRODUCT_S1800.jpg\",\"width\":285,\"height\":285,\"caption\":\"Centre d\u2019\u00e9tiquettes Deluxe S1800 - Master Lock\"},{\"@type\":\"BreadcrumbList\",\"@id\":\"https:\/\/d-identify.be\/fr\/produit\/master-lock-centre-detiquettes-deluxe-s1800\/#breadcrumb\",\"itemListElement\":[{\"@type\":\"ListItem\",\"position\":1,\"name\":\"Home\",\"item\":\"https:\/\/d-identify.be\/fr\/home-2\/\"},{\"@type\":\"ListItem\",\"position\":2,\"name\":\"Boutique\",\"item\":\"https:\/\/d-identify.be\/fr\/boutique\/\"},{\"@type\":\"ListItem\",\"position\":3,\"name\":\"Master Lock Centre d\u2019\u00e9tiquettes Deluxe S1800\"}]},{\"@type\":\"WebSite\",\"@id\":\"https:\/\/d-identify.be\/fr\/#website\",\"url\":\"https:\/\/d-identify.be\/fr\/\",\"name\":\"d-identify\",\"description\":\"Industrial identification - Lockout - Tagout - Floor marking\",\"potentialAction\":[{\"@type\":\"SearchAction\",\"target\":{\"@type\":\"EntryPoint\",\"urlTemplate\":\"https:\/\/d-identify.be\/fr\/?s={search_term_string}\"},\"query-input\":{\"@type\":\"PropertyValueSpecification\",\"valueRequired\":true,\"valueName\":\"search_term_string\"}}],\"inLanguage\":\"fr-FR\"}]}<\/script>\n<!-- \/ Yoast SEO Premium plugin. -->","yoast_head_json":{"title":"Centre d\u2019\u00e9tiquettes Deluxe S1800 - Master Lock","description":"Centre d\u2019\u00e9tiquettes Deluxe S1800 Master Lock, non rempli, pour un rangement clair et s\u00e9curis\u00e9 des \u00e9tiquettes de consignation en environnement industriel.","robots":{"index":"index","follow":"follow","max-snippet":"max-snippet:-1","max-image-preview":"max-image-preview:large","max-video-preview":"max-video-preview:-1"},"canonical":"https:\/\/d-identify.be\/fr\/produit\/master-lock-centre-detiquettes-deluxe-s1800\/","og_locale":"fr_FR","og_type":"article","og_title":"Master Lock Centre d\u2019\u00e9tiquettes Deluxe S1800","og_description":"Centre d\u2019\u00e9tiquettes Deluxe S1800 Master Lock, non rempli, pour un rangement clair et s\u00e9curis\u00e9 des \u00e9tiquettes de consignation en environnement industriel.","og_url":"https:\/\/d-identify.be\/fr\/produit\/master-lock-centre-detiquettes-deluxe-s1800\/","og_site_name":"d-identify","article_modified_time":"2025-12-20T12:15:06+00:00","og_image":[{"width":285,"height":285,"url":"https:\/\/d-identify.be\/wp-content\/uploads\/2021\/07\/MLCOM_PRODUCT_S1800.jpg","type":"image\/jpeg"}],"twitter_card":"summary_large_image","twitter_misc":{"Dur\u00e9e de lecture estim\u00e9e":"1 minute"},"schema":{"@context":"https:\/\/schema.org","@graph":[{"@type":"WebPage","@id":"https:\/\/d-identify.be\/fr\/produit\/master-lock-centre-detiquettes-deluxe-s1800\/","url":"https:\/\/d-identify.be\/fr\/produit\/master-lock-centre-detiquettes-deluxe-s1800\/","name":"Centre d\u2019\u00e9tiquettes Deluxe S1800 - Master Lock","isPartOf":{"@id":"https:\/\/d-identify.be\/fr\/#website"},"primaryImageOfPage":{"@id":"https:\/\/d-identify.be\/fr\/produit\/master-lock-centre-detiquettes-deluxe-s1800\/#primaryimage"},"image":{"@id":"https:\/\/d-identify.be\/fr\/produit\/master-lock-centre-detiquettes-deluxe-s1800\/#primaryimage"},"thumbnailUrl":"https:\/\/d-identify.be\/wp-content\/uploads\/2021\/07\/MLCOM_PRODUCT_S1800.jpg","datePublished":"2021-07-26T10:38:56+00:00","dateModified":"2025-12-20T12:15:06+00:00","description":"Centre d\u2019\u00e9tiquettes Deluxe S1800 Master Lock, non rempli, pour un rangement clair et s\u00e9curis\u00e9 des \u00e9tiquettes de consignation en environnement industriel.","breadcrumb":{"@id":"https:\/\/d-identify.be\/fr\/produit\/master-lock-centre-detiquettes-deluxe-s1800\/#breadcrumb"},"inLanguage":"fr-FR","potentialAction":[{"@type":"ReadAction","target":["https:\/\/d-identify.be\/fr\/produit\/master-lock-centre-detiquettes-deluxe-s1800\/"]}]},{"@type":"ImageObject","inLanguage":"fr-FR","@id":"https:\/\/d-identify.be\/fr\/produit\/master-lock-centre-detiquettes-deluxe-s1800\/#primaryimage","url":"https:\/\/d-identify.be\/wp-content\/uploads\/2021\/07\/MLCOM_PRODUCT_S1800.jpg","contentUrl":"https:\/\/d-identify.be\/wp-content\/uploads\/2021\/07\/MLCOM_PRODUCT_S1800.jpg","width":285,"height":285,"caption":"Centre d\u2019\u00e9tiquettes Deluxe S1800 - Master Lock"},{"@type":"BreadcrumbList","@id":"https:\/\/d-identify.be\/fr\/produit\/master-lock-centre-detiquettes-deluxe-s1800\/#breadcrumb","itemListElement":[{"@type":"ListItem","position":1,"name":"Home","item":"https:\/\/d-identify.be\/fr\/home-2\/"},{"@type":"ListItem","position":2,"name":"Boutique","item":"https:\/\/d-identify.be\/fr\/boutique\/"},{"@type":"ListItem","position":3,"name":"Master Lock Centre d\u2019\u00e9tiquettes Deluxe S1800"}]},{"@type":"WebSite","@id":"https:\/\/d-identify.be\/fr\/#website","url":"https:\/\/d-identify.be\/fr\/","name":"d-identify","description":"Industrial identification - Lockout - Tagout - Floor marking","potentialAction":[{"@type":"SearchAction","target":{"@type":"EntryPoint","urlTemplate":"https:\/\/d-identify.be\/fr\/?s={search_term_string}"},"query-input":{"@type":"PropertyValueSpecification","valueRequired":true,"valueName":"search_term_string"}}],"inLanguage":"fr-FR"}]}},"_links":{"self":[{"href":"https:\/\/d-identify.be\/fr\/wp-json\/wp\/v2\/product\/18328","targetHints":{"allow":["GET"]}}],"collection":[{"href":"https:\/\/d-identify.be\/fr\/wp-json\/wp\/v2\/product"}],"about":[{"href":"https:\/\/d-identify.be\/fr\/wp-json\/wp\/v2\/types\/product"}],"replies":[{"embeddable":true,"href":"https:\/\/d-identify.be\/fr\/wp-json\/wp\/v2\/comments?post=18328"}],"wp:featuredmedia":[{"embeddable":true,"href":"https:\/\/d-identify.be\/fr\/wp-json\/wp\/v2\/media\/18329"}],"wp:attachment":[{"href":"https:\/\/d-identify.be\/fr\/wp-json\/wp\/v2\/media?parent=18328"}],"wp:term":[{"taxonomy":"product_brand","embeddable":true,"href":"https:\/\/d-identify.be\/fr\/wp-json\/wp\/v2\/product_brand?post=18328"},{"taxonomy":"product_cat","embeddable":true,"href":"https:\/\/d-identify.be\/fr\/wp-json\/wp\/v2\/product_cat?post=18328"},{"taxonomy":"product_tag","embeddable":true,"href":"https:\/\/d-identify.be\/fr\/wp-json\/wp\/v2\/product_tag?post=18328"},{"taxonomy":"pa_connextion-shapes","embeddable":true,"href":"https:\/\/d-identify.be\/fr\/wp-json\/wp\/v2\/pa_connextion-shapes?post=18328"}],"curies":[{"name":"wp","href":"https:\/\/api.w.org\/{rel}","templated":true}]}}