{"id":18308,"date":"2021-07-26T12:39:07","date_gmt":"2021-07-26T10:39:07","guid":{"rendered":"https:\/\/d-identify.be\/product\/cadenas-de-verrouillage-en-aluminium-a-double-machoire\/"},"modified":"2021-07-26T12:39:07","modified_gmt":"2021-07-26T10:39:07","slug":"cadenas-de-verrouillage-en-aluminium-a-double-machoire","status":"publish","type":"product","link":"https:\/\/d-identify.be\/fr\/produit\/cadenas-de-verrouillage-en-aluminium-a-double-machoire\/","title":{"rendered":"Cadenas de verrouillage en aluminium \u00e0 double m\u00e2choire"},"content":{"rendered":"<p>Le cadenas de consignation en aluminium Master Lock n\u00b0429 est dot\u00e9 d&rsquo;une double m\u00e2choire. Il dispose \u00e9galement d&rsquo;un corps en aluminium r\u00e9sistant aux \u00e9tincelles avec un d\u00e9gagement int\u00e9rieur de la m\u00e2choire de 25 mm x 38 mm et peut accepter jusqu&rsquo;\u00e0 8 cadenas. Id\u00e9al pour la consignation par plusieurs travailleurs \u00e0 chaque point de consignation, le cadenas maintient l&rsquo;\u00e9quipement inop\u00e9rant pendant les r\u00e9parations ou les ajustements. Le contr\u00f4le ne peut pas \u00eatre activ\u00e9 tant que le cadenas du dernier travailleur n&rsquo;est pas retir\u00e9 du cadenas.   <\/p>\n","protected":false},"excerpt":{"rendered":"<p>Le cadenas de consignation en aluminium Master Lock n\u00b0429 est dot\u00e9 d&rsquo;une double m\u00e2choire. Il dispose \u00e9galement d&rsquo;un corps en aluminium r\u00e9sistant aux \u00e9tincelles avec un d\u00e9gagement int\u00e9rieur de la m\u00e2choire de 25 mm x 38 mm et peut accepter jusqu&rsquo;\u00e0 8 cadenas. Id\u00e9al pour la consignation par plusieurs travailleurs \u00e0 chaque point de consignation, le cadenas maintient l&rsquo;\u00e9quipement inop\u00e9rant pendant les r\u00e9parations ou les ajustements.  <\/p>\n","protected":false},"featured_media":18309,"comment_status":"open","ping_status":"closed","template":"","meta":{"_acf_changed":false,"_et_pb_use_builder":"","_et_pb_old_content":"","_et_gb_content_width":""},"product_brand":[],"product_cat":[466,628],"product_tag":[934],"pa_connextion-shapes":[],"class_list":{"0":"post-18308","1":"product","2":"type-product","3":"status-publish","4":"has-post-thumbnail","6":"product_cat-lockout-tagout","7":"product_cat-lockout-padlocks","8":"product_tag-master-lock-fr","10":"first","11":"instock","12":"taxable","13":"shipping-taxable","14":"purchasable","15":"product-type-simple"},"exclude_global_add_ons":[],"addons":[],"acf":[],"yoast_head":"<!-- This site is optimized with the Yoast SEO Premium plugin v27.0 (Yoast SEO v27.1) - https:\/\/yoast.com\/product\/yoast-seo-premium-wordpress\/ -->\n<title>Cadenas de verrouillage en aluminium \u00e0 double m\u00e2choire<\/title>\n<meta name=\"description\" content=\"Le cadenas de consignation en aluminium Master Lock n\u00b0 429 dispose d&#039;une double m\u00e2choire et d&#039;un corps en aluminium r\u00e9sistant aux \u00e9tincelles avec un diam\u00e8tre de 25 mm x 38 mm.\" \/>\n<meta name=\"robots\" content=\"index, follow, max-snippet:-1, max-image-preview:large, max-video-preview:-1\" \/>\n<link rel=\"canonical\" href=\"https:\/\/d-identify.be\/fr\/produit\/cadenas-de-verrouillage-en-aluminium-a-double-machoire\/\" \/>\n<meta property=\"og:locale\" content=\"fr_FR\" \/>\n<meta property=\"og:type\" content=\"article\" \/>\n<meta property=\"og:title\" content=\"Cadenas de verrouillage en aluminium \u00e0 double m\u00e2choire\" \/>\n<meta property=\"og:description\" content=\"Le cadenas de consignation en aluminium Master Lock n\u00b0 429 dispose d&#039;une double m\u00e2choire et d&#039;un corps en aluminium r\u00e9sistant aux \u00e9tincelles avec un diam\u00e8tre de 25 mm x 38 mm.\" \/>\n<meta property=\"og:url\" content=\"https:\/\/d-identify.be\/fr\/produit\/cadenas-de-verrouillage-en-aluminium-a-double-machoire\/\" \/>\n<meta property=\"og:site_name\" content=\"d-identify\" \/>\n<meta property=\"og:image\" content=\"https:\/\/d-identify.be\/wp-content\/uploads\/2021\/07\/MLCOM_PRODUCT_429.jpg\" \/>\n\t<meta property=\"og:image:width\" content=\"285\" \/>\n\t<meta property=\"og:image:height\" content=\"285\" \/>\n\t<meta property=\"og:image:type\" content=\"image\/jpeg\" \/>\n<meta name=\"twitter:card\" content=\"summary_large_image\" \/>\n<script type=\"application\/ld+json\" class=\"yoast-schema-graph\">{\"@context\":\"https:\/\/schema.org\",\"@graph\":[{\"@type\":\"WebPage\",\"@id\":\"https:\/\/d-identify.be\/fr\/produit\/cadenas-de-verrouillage-en-aluminium-a-double-machoire\/\",\"url\":\"https:\/\/d-identify.be\/fr\/produit\/cadenas-de-verrouillage-en-aluminium-a-double-machoire\/\",\"name\":\"Cadenas de verrouillage en aluminium \u00e0 double m\u00e2choire\",\"isPartOf\":{\"@id\":\"https:\/\/d-identify.be\/fr\/#website\"},\"primaryImageOfPage\":{\"@id\":\"https:\/\/d-identify.be\/fr\/produit\/cadenas-de-verrouillage-en-aluminium-a-double-machoire\/#primaryimage\"},\"image\":{\"@id\":\"https:\/\/d-identify.be\/fr\/produit\/cadenas-de-verrouillage-en-aluminium-a-double-machoire\/#primaryimage\"},\"thumbnailUrl\":\"https:\/\/d-identify.be\/wp-content\/uploads\/2021\/07\/MLCOM_PRODUCT_429.jpg\",\"datePublished\":\"2021-07-26T10:39:07+00:00\",\"description\":\"Le cadenas de consignation en aluminium Master Lock n\u00b0 429 dispose d'une double m\u00e2choire et d'un corps en aluminium r\u00e9sistant aux \u00e9tincelles avec un diam\u00e8tre de 25 mm x 38 mm.\",\"breadcrumb\":{\"@id\":\"https:\/\/d-identify.be\/fr\/produit\/cadenas-de-verrouillage-en-aluminium-a-double-machoire\/#breadcrumb\"},\"inLanguage\":\"fr-FR\",\"potentialAction\":[{\"@type\":\"ReadAction\",\"target\":[\"https:\/\/d-identify.be\/fr\/produit\/cadenas-de-verrouillage-en-aluminium-a-double-machoire\/\"]}]},{\"@type\":\"ImageObject\",\"inLanguage\":\"fr-FR\",\"@id\":\"https:\/\/d-identify.be\/fr\/produit\/cadenas-de-verrouillage-en-aluminium-a-double-machoire\/#primaryimage\",\"url\":\"https:\/\/d-identify.be\/wp-content\/uploads\/2021\/07\/MLCOM_PRODUCT_429.jpg\",\"contentUrl\":\"https:\/\/d-identify.be\/wp-content\/uploads\/2021\/07\/MLCOM_PRODUCT_429.jpg\",\"width\":285,\"height\":285},{\"@type\":\"BreadcrumbList\",\"@id\":\"https:\/\/d-identify.be\/fr\/produit\/cadenas-de-verrouillage-en-aluminium-a-double-machoire\/#breadcrumb\",\"itemListElement\":[{\"@type\":\"ListItem\",\"position\":1,\"name\":\"Home\",\"item\":\"https:\/\/d-identify.be\/fr\/home-2\/\"},{\"@type\":\"ListItem\",\"position\":2,\"name\":\"Boutique\",\"item\":\"https:\/\/d-identify.be\/fr\/boutique\/\"},{\"@type\":\"ListItem\",\"position\":3,\"name\":\"Cadenas de verrouillage en aluminium \u00e0 double m\u00e2choire\"}]},{\"@type\":\"WebSite\",\"@id\":\"https:\/\/d-identify.be\/fr\/#website\",\"url\":\"https:\/\/d-identify.be\/fr\/\",\"name\":\"d-identify\",\"description\":\"Industrial identification - Lockout - Tagout - Floor marking\",\"potentialAction\":[{\"@type\":\"SearchAction\",\"target\":{\"@type\":\"EntryPoint\",\"urlTemplate\":\"https:\/\/d-identify.be\/fr\/?s={search_term_string}\"},\"query-input\":{\"@type\":\"PropertyValueSpecification\",\"valueRequired\":true,\"valueName\":\"search_term_string\"}}],\"inLanguage\":\"fr-FR\"}]}<\/script>\n<!-- \/ Yoast SEO Premium plugin. -->","yoast_head_json":{"title":"Cadenas de verrouillage en aluminium \u00e0 double m\u00e2choire","description":"Le cadenas de consignation en aluminium Master Lock n\u00b0 429 dispose d'une double m\u00e2choire et d'un corps en aluminium r\u00e9sistant aux \u00e9tincelles avec un diam\u00e8tre de 25 mm x 38 mm.","robots":{"index":"index","follow":"follow","max-snippet":"max-snippet:-1","max-image-preview":"max-image-preview:large","max-video-preview":"max-video-preview:-1"},"canonical":"https:\/\/d-identify.be\/fr\/produit\/cadenas-de-verrouillage-en-aluminium-a-double-machoire\/","og_locale":"fr_FR","og_type":"article","og_title":"Cadenas de verrouillage en aluminium \u00e0 double m\u00e2choire","og_description":"Le cadenas de consignation en aluminium Master Lock n\u00b0 429 dispose d'une double m\u00e2choire et d'un corps en aluminium r\u00e9sistant aux \u00e9tincelles avec un diam\u00e8tre de 25 mm x 38 mm.","og_url":"https:\/\/d-identify.be\/fr\/produit\/cadenas-de-verrouillage-en-aluminium-a-double-machoire\/","og_site_name":"d-identify","og_image":[{"width":285,"height":285,"url":"https:\/\/d-identify.be\/wp-content\/uploads\/2021\/07\/MLCOM_PRODUCT_429.jpg","type":"image\/jpeg"}],"twitter_card":"summary_large_image","schema":{"@context":"https:\/\/schema.org","@graph":[{"@type":"WebPage","@id":"https:\/\/d-identify.be\/fr\/produit\/cadenas-de-verrouillage-en-aluminium-a-double-machoire\/","url":"https:\/\/d-identify.be\/fr\/produit\/cadenas-de-verrouillage-en-aluminium-a-double-machoire\/","name":"Cadenas de verrouillage en aluminium \u00e0 double m\u00e2choire","isPartOf":{"@id":"https:\/\/d-identify.be\/fr\/#website"},"primaryImageOfPage":{"@id":"https:\/\/d-identify.be\/fr\/produit\/cadenas-de-verrouillage-en-aluminium-a-double-machoire\/#primaryimage"},"image":{"@id":"https:\/\/d-identify.be\/fr\/produit\/cadenas-de-verrouillage-en-aluminium-a-double-machoire\/#primaryimage"},"thumbnailUrl":"https:\/\/d-identify.be\/wp-content\/uploads\/2021\/07\/MLCOM_PRODUCT_429.jpg","datePublished":"2021-07-26T10:39:07+00:00","description":"Le cadenas de consignation en aluminium Master Lock n\u00b0 429 dispose d'une double m\u00e2choire et d'un corps en aluminium r\u00e9sistant aux \u00e9tincelles avec un diam\u00e8tre de 25 mm x 38 mm.","breadcrumb":{"@id":"https:\/\/d-identify.be\/fr\/produit\/cadenas-de-verrouillage-en-aluminium-a-double-machoire\/#breadcrumb"},"inLanguage":"fr-FR","potentialAction":[{"@type":"ReadAction","target":["https:\/\/d-identify.be\/fr\/produit\/cadenas-de-verrouillage-en-aluminium-a-double-machoire\/"]}]},{"@type":"ImageObject","inLanguage":"fr-FR","@id":"https:\/\/d-identify.be\/fr\/produit\/cadenas-de-verrouillage-en-aluminium-a-double-machoire\/#primaryimage","url":"https:\/\/d-identify.be\/wp-content\/uploads\/2021\/07\/MLCOM_PRODUCT_429.jpg","contentUrl":"https:\/\/d-identify.be\/wp-content\/uploads\/2021\/07\/MLCOM_PRODUCT_429.jpg","width":285,"height":285},{"@type":"BreadcrumbList","@id":"https:\/\/d-identify.be\/fr\/produit\/cadenas-de-verrouillage-en-aluminium-a-double-machoire\/#breadcrumb","itemListElement":[{"@type":"ListItem","position":1,"name":"Home","item":"https:\/\/d-identify.be\/fr\/home-2\/"},{"@type":"ListItem","position":2,"name":"Boutique","item":"https:\/\/d-identify.be\/fr\/boutique\/"},{"@type":"ListItem","position":3,"name":"Cadenas de verrouillage en aluminium \u00e0 double m\u00e2choire"}]},{"@type":"WebSite","@id":"https:\/\/d-identify.be\/fr\/#website","url":"https:\/\/d-identify.be\/fr\/","name":"d-identify","description":"Industrial identification - Lockout - Tagout - Floor marking","potentialAction":[{"@type":"SearchAction","target":{"@type":"EntryPoint","urlTemplate":"https:\/\/d-identify.be\/fr\/?s={search_term_string}"},"query-input":{"@type":"PropertyValueSpecification","valueRequired":true,"valueName":"search_term_string"}}],"inLanguage":"fr-FR"}]}},"_links":{"self":[{"href":"https:\/\/d-identify.be\/fr\/wp-json\/wp\/v2\/product\/18308","targetHints":{"allow":["GET"]}}],"collection":[{"href":"https:\/\/d-identify.be\/fr\/wp-json\/wp\/v2\/product"}],"about":[{"href":"https:\/\/d-identify.be\/fr\/wp-json\/wp\/v2\/types\/product"}],"replies":[{"embeddable":true,"href":"https:\/\/d-identify.be\/fr\/wp-json\/wp\/v2\/comments?post=18308"}],"wp:featuredmedia":[{"embeddable":true,"href":"https:\/\/d-identify.be\/fr\/wp-json\/wp\/v2\/media\/18309"}],"wp:attachment":[{"href":"https:\/\/d-identify.be\/fr\/wp-json\/wp\/v2\/media?parent=18308"}],"wp:term":[{"taxonomy":"product_brand","embeddable":true,"href":"https:\/\/d-identify.be\/fr\/wp-json\/wp\/v2\/product_brand?post=18308"},{"taxonomy":"product_cat","embeddable":true,"href":"https:\/\/d-identify.be\/fr\/wp-json\/wp\/v2\/product_cat?post=18308"},{"taxonomy":"product_tag","embeddable":true,"href":"https:\/\/d-identify.be\/fr\/wp-json\/wp\/v2\/product_tag?post=18308"},{"taxonomy":"pa_connextion-shapes","embeddable":true,"href":"https:\/\/d-identify.be\/fr\/wp-json\/wp\/v2\/pa_connextion-shapes?post=18308"}],"curies":[{"name":"wp","href":"https:\/\/api.w.org\/{rel}","templated":true}]}}