{"id":18299,"date":"2021-07-26T12:38:35","date_gmt":"2021-07-26T11:38:35","guid":{"rendered":"https:\/\/d-identify.be\/product\/ensemble-de-verrouillage-de-disjoncteur-grip-tight-506\/"},"modified":"2026-01-12T11:48:38","modified_gmt":"2026-01-12T09:48:38","slug":"506-grip-tight-disjoncteur-lockout","status":"publish","type":"product","link":"https:\/\/d-identify.be\/fr\/produit\/506-grip-tight-disjoncteur-lockout\/","title":{"rendered":"Master Lock 506 Grip Tight\u2122 lockout disjoncteur \u2013 pack combin\u00e9"},"content":{"rendered":"<p data-start=\"1304\" data-end=\"1585\">Le <strong data-start=\"1307\" data-end=\"1345\">506 Grip Tight disjoncteur lockout<\/strong> est un pack combin\u00e9 comprenant un dispositif 491B et un dispositif 493 Grip Tight\u2122. Ensemble, ils offrent une solution fiable et flexible pour la consignation s\u00e9curis\u00e9e des disjoncteurs lors des op\u00e9rations de maintenance et d\u2019intervention.<\/p>\n<p data-start=\"1587\" data-end=\"1837\">Gr\u00e2ce au m\u00e9canisme Grip Tight innovant et brevet\u00e9, le disjoncteur peut \u00eatre verrouill\u00e9 rapidement et facilement. Ainsi, le risque de r\u00e9alimentation accidentelle est fortement r\u00e9duit. Cela contribue \u00e0 une proc\u00e9dure de consignation claire et coh\u00e9rente.<\/p>\n<p data-start=\"1839\" data-end=\"2109\">De plus, les dispositifs sont fabriqu\u00e9s en acier thermolaqu\u00e9 et en polym\u00e8re renforc\u00e9. Ils r\u00e9sistent donc aux environnements industriels exigeants. Leur conception compacte permet une installation dans des tableaux \u00e9lectriques encombr\u00e9s sans g\u00eaner les composants voisins.<\/p>\n<p data-start=\"2111\" data-end=\"2465\">Par ailleurs, les dispositifs <strong data-start=\"2141\" data-end=\"2179\">506 Grip Tight disjoncteur lockout<\/strong> acceptent tous les arceaux de cadenas de s\u00e9curit\u00e9 American Lock\u00ae et <strong data-start=\"2248\" data-end=\"2289\"><span class=\"hover:entity-accent entity-underline inline cursor-pointer align-baseline\"><span class=\"whitespace-normal\">Master Lock<\/span><\/span><\/strong>. Ils sont \u00e9galement compatibles avec la plupart des m\u00e2choires et accessoires de consignation. Ils s\u2019int\u00e8grent ainsi facilement dans les programmes de lockout-tagout existants.<\/p>\n<p data-start=\"2467\" data-end=\"2617\">Ce pack combin\u00e9 constitue une solution durable et efficace pour am\u00e9liorer la s\u00e9curit\u00e9 \u00e9lectrique et garantir des proc\u00e9dures de consignation conformes.<\/p>\n","protected":false},"excerpt":{"rendered":"<p data-start=\"937\" data-end=\"1232\">Le <strong data-start=\"940\" data-end=\"978\">506 Grip Tight disjoncteur lockout<\/strong> est un pack combin\u00e9 comprenant deux dispositifs (491B et 493) pour la consignation rapide et s\u00fbre des disjoncteurs. Le m\u00e9canisme Grip Tight brevet\u00e9 et la conception robuste rendent cette solution adapt\u00e9e aux applications industrielles de lockout-tagout.<\/p>\n","protected":false},"featured_media":18300,"comment_status":"open","ping_status":"closed","template":"","meta":{"_acf_changed":false,"_et_pb_use_builder":"","_et_pb_old_content":"","_et_gb_content_width":""},"product_brand":[],"product_cat":[466,458],"product_tag":[934],"pa_connextion-shapes":[],"class_list":{"0":"post-18299","1":"product","2":"type-product","3":"status-publish","4":"has-post-thumbnail","6":"product_cat-lockout-tagout","7":"product_cat-electrical-lockout-devices","8":"product_tag-master-lock-fr","10":"first","11":"instock","12":"taxable","13":"shipping-taxable","14":"purchasable","15":"product-type-simple"},"exclude_global_add_ons":[],"addons":[],"acf":[],"yoast_head":"<!-- This site is optimized with the Yoast SEO Premium plugin v27.0 (Yoast SEO v27.1) - https:\/\/yoast.com\/product\/yoast-seo-premium-wordpress\/ -->\n<title>506 Grip Tight disjoncteur lockout - Master Lock<\/title>\n<meta name=\"description\" content=\"506 Grip Tight disjoncteur lockout en pack combin\u00e9 avec mod\u00e8les 491B et 493 pour la consignation s\u00fbre des disjoncteurs \u00e9lectriques.\" \/>\n<meta name=\"robots\" content=\"index, follow, max-snippet:-1, max-image-preview:large, max-video-preview:-1\" \/>\n<link rel=\"canonical\" href=\"https:\/\/d-identify.be\/fr\/produit\/506-grip-tight-disjoncteur-lockout\/\" \/>\n<meta property=\"og:locale\" content=\"fr_FR\" \/>\n<meta property=\"og:type\" content=\"article\" \/>\n<meta property=\"og:title\" content=\"Master Lock 506 Grip Tight\u2122 lockout disjoncteur \u2013 pack combin\u00e9\" \/>\n<meta property=\"og:description\" content=\"506 Grip Tight disjoncteur lockout en pack combin\u00e9 avec mod\u00e8les 491B et 493 pour la consignation s\u00fbre des disjoncteurs \u00e9lectriques.\" \/>\n<meta property=\"og:url\" content=\"https:\/\/d-identify.be\/fr\/produit\/506-grip-tight-disjoncteur-lockout\/\" \/>\n<meta property=\"og:site_name\" content=\"d-identify\" \/>\n<meta property=\"article:modified_time\" content=\"2026-01-12T09:48:38+00:00\" \/>\n<meta property=\"og:image\" content=\"https:\/\/d-identify.be\/wp-content\/uploads\/2021\/07\/506.jpg\" \/>\n\t<meta property=\"og:image:width\" content=\"285\" \/>\n\t<meta property=\"og:image:height\" content=\"285\" \/>\n\t<meta property=\"og:image:type\" content=\"image\/jpeg\" \/>\n<meta name=\"twitter:card\" content=\"summary_large_image\" \/>\n<meta name=\"twitter:label1\" content=\"Dur\u00e9e de lecture estim\u00e9e\" \/>\n\t<meta name=\"twitter:data1\" content=\"1 minute\" \/>\n<script type=\"application\/ld+json\" class=\"yoast-schema-graph\">{\"@context\":\"https:\/\/schema.org\",\"@graph\":[{\"@type\":\"WebPage\",\"@id\":\"https:\/\/d-identify.be\/fr\/produit\/506-grip-tight-disjoncteur-lockout\/\",\"url\":\"https:\/\/d-identify.be\/fr\/produit\/506-grip-tight-disjoncteur-lockout\/\",\"name\":\"506 Grip Tight disjoncteur lockout - Master Lock\",\"isPartOf\":{\"@id\":\"https:\/\/d-identify.be\/fr\/#website\"},\"primaryImageOfPage\":{\"@id\":\"https:\/\/d-identify.be\/fr\/produit\/506-grip-tight-disjoncteur-lockout\/#primaryimage\"},\"image\":{\"@id\":\"https:\/\/d-identify.be\/fr\/produit\/506-grip-tight-disjoncteur-lockout\/#primaryimage\"},\"thumbnailUrl\":\"https:\/\/d-identify.be\/wp-content\/uploads\/2021\/07\/506.jpg\",\"datePublished\":\"2021-07-26T11:38:35+00:00\",\"dateModified\":\"2026-01-12T09:48:38+00:00\",\"description\":\"506 Grip Tight disjoncteur lockout en pack combin\u00e9 avec mod\u00e8les 491B et 493 pour la consignation s\u00fbre des disjoncteurs \u00e9lectriques.\",\"breadcrumb\":{\"@id\":\"https:\/\/d-identify.be\/fr\/produit\/506-grip-tight-disjoncteur-lockout\/#breadcrumb\"},\"inLanguage\":\"fr-FR\",\"potentialAction\":[{\"@type\":\"ReadAction\",\"target\":[\"https:\/\/d-identify.be\/fr\/produit\/506-grip-tight-disjoncteur-lockout\/\"]}]},{\"@type\":\"ImageObject\",\"inLanguage\":\"fr-FR\",\"@id\":\"https:\/\/d-identify.be\/fr\/produit\/506-grip-tight-disjoncteur-lockout\/#primaryimage\",\"url\":\"https:\/\/d-identify.be\/wp-content\/uploads\/2021\/07\/506.jpg\",\"contentUrl\":\"https:\/\/d-identify.be\/wp-content\/uploads\/2021\/07\/506.jpg\",\"width\":285,\"height\":285,\"caption\":\"506 Grip Tight disjoncteur lockout - Master Lock\"},{\"@type\":\"BreadcrumbList\",\"@id\":\"https:\/\/d-identify.be\/fr\/produit\/506-grip-tight-disjoncteur-lockout\/#breadcrumb\",\"itemListElement\":[{\"@type\":\"ListItem\",\"position\":1,\"name\":\"Home\",\"item\":\"https:\/\/d-identify.be\/fr\/home-2\/\"},{\"@type\":\"ListItem\",\"position\":2,\"name\":\"Boutique\",\"item\":\"https:\/\/d-identify.be\/fr\/boutique\/\"},{\"@type\":\"ListItem\",\"position\":3,\"name\":\"Master Lock 506 Grip Tight\u2122 lockout disjoncteur \u2013 pack combin\u00e9\"}]},{\"@type\":\"WebSite\",\"@id\":\"https:\/\/d-identify.be\/fr\/#website\",\"url\":\"https:\/\/d-identify.be\/fr\/\",\"name\":\"d-identify\",\"description\":\"Industrial identification - Lockout - Tagout - Floor marking\",\"potentialAction\":[{\"@type\":\"SearchAction\",\"target\":{\"@type\":\"EntryPoint\",\"urlTemplate\":\"https:\/\/d-identify.be\/fr\/?s={search_term_string}\"},\"query-input\":{\"@type\":\"PropertyValueSpecification\",\"valueRequired\":true,\"valueName\":\"search_term_string\"}}],\"inLanguage\":\"fr-FR\"}]}<\/script>\n<!-- \/ Yoast SEO Premium plugin. -->","yoast_head_json":{"title":"506 Grip Tight disjoncteur lockout - Master Lock","description":"506 Grip Tight disjoncteur lockout en pack combin\u00e9 avec mod\u00e8les 491B et 493 pour la consignation s\u00fbre des disjoncteurs \u00e9lectriques.","robots":{"index":"index","follow":"follow","max-snippet":"max-snippet:-1","max-image-preview":"max-image-preview:large","max-video-preview":"max-video-preview:-1"},"canonical":"https:\/\/d-identify.be\/fr\/produit\/506-grip-tight-disjoncteur-lockout\/","og_locale":"fr_FR","og_type":"article","og_title":"Master Lock 506 Grip Tight\u2122 lockout disjoncteur \u2013 pack combin\u00e9","og_description":"506 Grip Tight disjoncteur lockout en pack combin\u00e9 avec mod\u00e8les 491B et 493 pour la consignation s\u00fbre des disjoncteurs \u00e9lectriques.","og_url":"https:\/\/d-identify.be\/fr\/produit\/506-grip-tight-disjoncteur-lockout\/","og_site_name":"d-identify","article_modified_time":"2026-01-12T09:48:38+00:00","og_image":[{"width":285,"height":285,"url":"https:\/\/d-identify.be\/wp-content\/uploads\/2021\/07\/506.jpg","type":"image\/jpeg"}],"twitter_card":"summary_large_image","twitter_misc":{"Dur\u00e9e de lecture estim\u00e9e":"1 minute"},"schema":{"@context":"https:\/\/schema.org","@graph":[{"@type":"WebPage","@id":"https:\/\/d-identify.be\/fr\/produit\/506-grip-tight-disjoncteur-lockout\/","url":"https:\/\/d-identify.be\/fr\/produit\/506-grip-tight-disjoncteur-lockout\/","name":"506 Grip Tight disjoncteur lockout - Master Lock","isPartOf":{"@id":"https:\/\/d-identify.be\/fr\/#website"},"primaryImageOfPage":{"@id":"https:\/\/d-identify.be\/fr\/produit\/506-grip-tight-disjoncteur-lockout\/#primaryimage"},"image":{"@id":"https:\/\/d-identify.be\/fr\/produit\/506-grip-tight-disjoncteur-lockout\/#primaryimage"},"thumbnailUrl":"https:\/\/d-identify.be\/wp-content\/uploads\/2021\/07\/506.jpg","datePublished":"2021-07-26T11:38:35+00:00","dateModified":"2026-01-12T09:48:38+00:00","description":"506 Grip Tight disjoncteur lockout en pack combin\u00e9 avec mod\u00e8les 491B et 493 pour la consignation s\u00fbre des disjoncteurs \u00e9lectriques.","breadcrumb":{"@id":"https:\/\/d-identify.be\/fr\/produit\/506-grip-tight-disjoncteur-lockout\/#breadcrumb"},"inLanguage":"fr-FR","potentialAction":[{"@type":"ReadAction","target":["https:\/\/d-identify.be\/fr\/produit\/506-grip-tight-disjoncteur-lockout\/"]}]},{"@type":"ImageObject","inLanguage":"fr-FR","@id":"https:\/\/d-identify.be\/fr\/produit\/506-grip-tight-disjoncteur-lockout\/#primaryimage","url":"https:\/\/d-identify.be\/wp-content\/uploads\/2021\/07\/506.jpg","contentUrl":"https:\/\/d-identify.be\/wp-content\/uploads\/2021\/07\/506.jpg","width":285,"height":285,"caption":"506 Grip Tight disjoncteur lockout - Master Lock"},{"@type":"BreadcrumbList","@id":"https:\/\/d-identify.be\/fr\/produit\/506-grip-tight-disjoncteur-lockout\/#breadcrumb","itemListElement":[{"@type":"ListItem","position":1,"name":"Home","item":"https:\/\/d-identify.be\/fr\/home-2\/"},{"@type":"ListItem","position":2,"name":"Boutique","item":"https:\/\/d-identify.be\/fr\/boutique\/"},{"@type":"ListItem","position":3,"name":"Master Lock 506 Grip Tight\u2122 lockout disjoncteur \u2013 pack combin\u00e9"}]},{"@type":"WebSite","@id":"https:\/\/d-identify.be\/fr\/#website","url":"https:\/\/d-identify.be\/fr\/","name":"d-identify","description":"Industrial identification - Lockout - Tagout - Floor marking","potentialAction":[{"@type":"SearchAction","target":{"@type":"EntryPoint","urlTemplate":"https:\/\/d-identify.be\/fr\/?s={search_term_string}"},"query-input":{"@type":"PropertyValueSpecification","valueRequired":true,"valueName":"search_term_string"}}],"inLanguage":"fr-FR"}]}},"_links":{"self":[{"href":"https:\/\/d-identify.be\/fr\/wp-json\/wp\/v2\/product\/18299","targetHints":{"allow":["GET"]}}],"collection":[{"href":"https:\/\/d-identify.be\/fr\/wp-json\/wp\/v2\/product"}],"about":[{"href":"https:\/\/d-identify.be\/fr\/wp-json\/wp\/v2\/types\/product"}],"replies":[{"embeddable":true,"href":"https:\/\/d-identify.be\/fr\/wp-json\/wp\/v2\/comments?post=18299"}],"wp:featuredmedia":[{"embeddable":true,"href":"https:\/\/d-identify.be\/fr\/wp-json\/wp\/v2\/media\/18300"}],"wp:attachment":[{"href":"https:\/\/d-identify.be\/fr\/wp-json\/wp\/v2\/media?parent=18299"}],"wp:term":[{"taxonomy":"product_brand","embeddable":true,"href":"https:\/\/d-identify.be\/fr\/wp-json\/wp\/v2\/product_brand?post=18299"},{"taxonomy":"product_cat","embeddable":true,"href":"https:\/\/d-identify.be\/fr\/wp-json\/wp\/v2\/product_cat?post=18299"},{"taxonomy":"product_tag","embeddable":true,"href":"https:\/\/d-identify.be\/fr\/wp-json\/wp\/v2\/product_tag?post=18299"},{"taxonomy":"pa_connextion-shapes","embeddable":true,"href":"https:\/\/d-identify.be\/fr\/wp-json\/wp\/v2\/pa_connextion-shapes?post=18299"}],"curies":[{"name":"wp","href":"https:\/\/api.w.org\/{rel}","templated":true}]}}