{"id":18294,"date":"2021-07-26T12:39:09","date_gmt":"2021-07-26T11:39:09","guid":{"rendered":"https:\/\/d-identify.be\/product\/eleckit-en-kit-de-verrouillage-electrique\/"},"modified":"2026-01-15T11:25:57","modified_gmt":"2026-01-15T09:25:57","slug":"master-lock-eleckit-en-kit-consignation-electrique","status":"publish","type":"product","link":"https:\/\/d-identify.be\/fr\/produit\/master-lock-eleckit-en-kit-consignation-electrique\/","title":{"rendered":"Master Lock ELECKIT-EN \u2013 Kit de consignation \u00e9lectrique"},"content":{"rendered":"<p data-start=\"1094\" data-end=\"1342\">Le <strong data-start=\"1097\" data-end=\"1142\">kit de consignation \u00e9lectrique ELECKIT-EN<\/strong> de <strong data-start=\"1146\" data-end=\"1187\"><span class=\"hover:entity-accent entity-underline inline cursor-pointer align-baseline\"><span class=\"whitespace-normal\">Master Lock<\/span><\/span><\/strong> est con\u00e7u pour les travaux de consignation \u00e9lectrique Lockout-Tagout. Il regroupe les \u00e9quipements essentiels pour travailler de mani\u00e8re s\u00fbre et contr\u00f4l\u00e9e.<\/p>\n<p data-start=\"1344\" data-end=\"1536\">Le kit comprend deux cadenas de s\u00e9curit\u00e9 Zenex\u2122 en thermoplastique, fournis avec une cl\u00e9 identique. Cette configuration facilite la consignation personnelle lors des interventions \u00e9lectriques.<\/p>\n<p data-start=\"1538\" data-end=\"1813\">Plusieurs dispositifs de consignation pour disjoncteurs sont inclus. Les mini dispositifs s\u00e9curisent les petits disjoncteurs. Le dispositif Grip Tight\u2122 bloque les leviers de disjoncteurs de grande taille. Ces solutions r\u00e9duisent le risque de remise sous tension accidentelle.<\/p>\n<p data-start=\"1815\" data-end=\"2006\">Deux \u00e9tiquettes d\u2019avertissement portant la mention \u00ab Warning Equipment has been locked out \u00bb sont fournies. Elles am\u00e9liorent la communication sur le lieu de travail et renforcent la s\u00e9curit\u00e9.<\/p>\n<p data-start=\"2008\" data-end=\"2225\">Un hasp de consignation en nylon avec anse flexible permet la consignation de groupe. Une pochette compacte est \u00e9galement incluse. Cette pochette est fournie gratuitement et facilite le transport de l\u2019ensemble du kit.<\/p>\n<p data-start=\"2227\" data-end=\"2429\">Le <strong data-start=\"2230\" data-end=\"2275\">kit de consignation \u00e9lectrique ELECKIT-EN<\/strong> convient parfaitement \u00e0 une utilisation quotidienne par les \u00e9lectriciens. Il aide \u00e0 appliquer des proc\u00e9dures Lockout-Tagout claires, s\u00fbres et r\u00e9p\u00e9tables.<\/p>\n","protected":false},"excerpt":{"rendered":"<p data-start=\"831\" data-end=\"1042\">Le Master Lock ELECKIT-EN est un kit de consignation \u00e9lectrique destin\u00e9 aux \u00e9lectriciens. Il comprend des cadenas de s\u00e9curit\u00e9, des dispositifs pour disjoncteurs, des \u00e9tiquettes, un hasp et une pochette compacte.<\/p>\n","protected":false},"featured_media":18295,"comment_status":"open","ping_status":"closed","template":"","meta":{"_acf_changed":false,"_et_pb_use_builder":"","_et_pb_old_content":"","_et_gb_content_width":""},"product_brand":[],"product_cat":[466,481],"product_tag":[934],"pa_connextion-shapes":[],"class_list":{"0":"post-18294","1":"product","2":"type-product","3":"status-publish","4":"has-post-thumbnail","6":"product_cat-lockout-tagout","7":"product_cat-lockout-tagout-kits","8":"product_tag-master-lock-fr","10":"first","11":"instock","12":"featured","13":"taxable","14":"shipping-taxable","15":"purchasable","16":"product-type-simple"},"exclude_global_add_ons":[],"addons":[],"acf":[],"yoast_head":"<!-- This site is optimized with the Yoast SEO Premium plugin v27.0 (Yoast SEO v27.1) - https:\/\/yoast.com\/product\/yoast-seo-premium-wordpress\/ -->\n<title>Kit de consignation \u00e9lectrique ELECKIT-EN | Master Lock<\/title>\n<meta name=\"description\" content=\"Kit de consignation \u00e9lectrique ELECKIT-EN avec cadenas Zenex\u2122, dispositifs pour disjoncteurs, \u00e9tiquettes, hasp et pochette compacte.\" \/>\n<meta name=\"robots\" content=\"index, follow, max-snippet:-1, max-image-preview:large, max-video-preview:-1\" \/>\n<link rel=\"canonical\" href=\"https:\/\/d-identify.be\/fr\/produit\/master-lock-eleckit-en-kit-consignation-electrique\/\" \/>\n<meta property=\"og:locale\" content=\"fr_FR\" \/>\n<meta property=\"og:type\" content=\"article\" \/>\n<meta property=\"og:title\" content=\"Master Lock ELECKIT-EN \u2013 Kit de consignation \u00e9lectrique\" \/>\n<meta property=\"og:description\" content=\"Kit de consignation \u00e9lectrique ELECKIT-EN avec cadenas Zenex\u2122, dispositifs pour disjoncteurs, \u00e9tiquettes, hasp et pochette compacte.\" \/>\n<meta property=\"og:url\" content=\"https:\/\/d-identify.be\/fr\/produit\/master-lock-eleckit-en-kit-consignation-electrique\/\" \/>\n<meta property=\"og:site_name\" content=\"d-identify\" \/>\n<meta property=\"article:modified_time\" content=\"2026-01-15T09:25:57+00:00\" \/>\n<meta property=\"og:image\" content=\"https:\/\/d-identify.be\/wp-content\/uploads\/2021\/07\/ELECKIT-EN.jpg\" \/>\n\t<meta property=\"og:image:width\" content=\"285\" \/>\n\t<meta property=\"og:image:height\" content=\"285\" \/>\n\t<meta property=\"og:image:type\" content=\"image\/jpeg\" \/>\n<meta name=\"twitter:card\" content=\"summary_large_image\" \/>\n<meta name=\"twitter:label1\" content=\"Dur\u00e9e de lecture estim\u00e9e\" \/>\n\t<meta name=\"twitter:data1\" content=\"1 minute\" \/>\n<script type=\"application\/ld+json\" class=\"yoast-schema-graph\">{\"@context\":\"https:\/\/schema.org\",\"@graph\":[{\"@type\":\"WebPage\",\"@id\":\"https:\/\/d-identify.be\/fr\/produit\/master-lock-eleckit-en-kit-consignation-electrique\/\",\"url\":\"https:\/\/d-identify.be\/fr\/produit\/master-lock-eleckit-en-kit-consignation-electrique\/\",\"name\":\"Kit de consignation \u00e9lectrique ELECKIT-EN | Master Lock\",\"isPartOf\":{\"@id\":\"https:\/\/d-identify.be\/fr\/#website\"},\"primaryImageOfPage\":{\"@id\":\"https:\/\/d-identify.be\/fr\/produit\/master-lock-eleckit-en-kit-consignation-electrique\/#primaryimage\"},\"image\":{\"@id\":\"https:\/\/d-identify.be\/fr\/produit\/master-lock-eleckit-en-kit-consignation-electrique\/#primaryimage\"},\"thumbnailUrl\":\"https:\/\/d-identify.be\/wp-content\/uploads\/2021\/07\/ELECKIT-EN.jpg\",\"datePublished\":\"2021-07-26T11:39:09+00:00\",\"dateModified\":\"2026-01-15T09:25:57+00:00\",\"description\":\"Kit de consignation \u00e9lectrique ELECKIT-EN avec cadenas Zenex\u2122, dispositifs pour disjoncteurs, \u00e9tiquettes, hasp et pochette compacte.\",\"breadcrumb\":{\"@id\":\"https:\/\/d-identify.be\/fr\/produit\/master-lock-eleckit-en-kit-consignation-electrique\/#breadcrumb\"},\"inLanguage\":\"fr-FR\",\"potentialAction\":[{\"@type\":\"ReadAction\",\"target\":[\"https:\/\/d-identify.be\/fr\/produit\/master-lock-eleckit-en-kit-consignation-electrique\/\"]}]},{\"@type\":\"ImageObject\",\"inLanguage\":\"fr-FR\",\"@id\":\"https:\/\/d-identify.be\/fr\/produit\/master-lock-eleckit-en-kit-consignation-electrique\/#primaryimage\",\"url\":\"https:\/\/d-identify.be\/wp-content\/uploads\/2021\/07\/ELECKIT-EN.jpg\",\"contentUrl\":\"https:\/\/d-identify.be\/wp-content\/uploads\/2021\/07\/ELECKIT-EN.jpg\",\"width\":285,\"height\":285,\"caption\":\"Electrical Lockout Kit ELECKIT-EN | Master Lock\"},{\"@type\":\"BreadcrumbList\",\"@id\":\"https:\/\/d-identify.be\/fr\/produit\/master-lock-eleckit-en-kit-consignation-electrique\/#breadcrumb\",\"itemListElement\":[{\"@type\":\"ListItem\",\"position\":1,\"name\":\"Home\",\"item\":\"https:\/\/d-identify.be\/fr\/home-2\/\"},{\"@type\":\"ListItem\",\"position\":2,\"name\":\"Boutique\",\"item\":\"https:\/\/d-identify.be\/fr\/boutique\/\"},{\"@type\":\"ListItem\",\"position\":3,\"name\":\"Master Lock ELECKIT-EN \u2013 Kit de consignation \u00e9lectrique\"}]},{\"@type\":\"WebSite\",\"@id\":\"https:\/\/d-identify.be\/fr\/#website\",\"url\":\"https:\/\/d-identify.be\/fr\/\",\"name\":\"d-identify\",\"description\":\"Industrial identification - Lockout - Tagout - Floor marking\",\"potentialAction\":[{\"@type\":\"SearchAction\",\"target\":{\"@type\":\"EntryPoint\",\"urlTemplate\":\"https:\/\/d-identify.be\/fr\/?s={search_term_string}\"},\"query-input\":{\"@type\":\"PropertyValueSpecification\",\"valueRequired\":true,\"valueName\":\"search_term_string\"}}],\"inLanguage\":\"fr-FR\"}]}<\/script>\n<!-- \/ Yoast SEO Premium plugin. -->","yoast_head_json":{"title":"Kit de consignation \u00e9lectrique ELECKIT-EN | Master Lock","description":"Kit de consignation \u00e9lectrique ELECKIT-EN avec cadenas Zenex\u2122, dispositifs pour disjoncteurs, \u00e9tiquettes, hasp et pochette compacte.","robots":{"index":"index","follow":"follow","max-snippet":"max-snippet:-1","max-image-preview":"max-image-preview:large","max-video-preview":"max-video-preview:-1"},"canonical":"https:\/\/d-identify.be\/fr\/produit\/master-lock-eleckit-en-kit-consignation-electrique\/","og_locale":"fr_FR","og_type":"article","og_title":"Master Lock ELECKIT-EN \u2013 Kit de consignation \u00e9lectrique","og_description":"Kit de consignation \u00e9lectrique ELECKIT-EN avec cadenas Zenex\u2122, dispositifs pour disjoncteurs, \u00e9tiquettes, hasp et pochette compacte.","og_url":"https:\/\/d-identify.be\/fr\/produit\/master-lock-eleckit-en-kit-consignation-electrique\/","og_site_name":"d-identify","article_modified_time":"2026-01-15T09:25:57+00:00","og_image":[{"width":285,"height":285,"url":"https:\/\/d-identify.be\/wp-content\/uploads\/2021\/07\/ELECKIT-EN.jpg","type":"image\/jpeg"}],"twitter_card":"summary_large_image","twitter_misc":{"Dur\u00e9e de lecture estim\u00e9e":"1 minute"},"schema":{"@context":"https:\/\/schema.org","@graph":[{"@type":"WebPage","@id":"https:\/\/d-identify.be\/fr\/produit\/master-lock-eleckit-en-kit-consignation-electrique\/","url":"https:\/\/d-identify.be\/fr\/produit\/master-lock-eleckit-en-kit-consignation-electrique\/","name":"Kit de consignation \u00e9lectrique ELECKIT-EN | Master Lock","isPartOf":{"@id":"https:\/\/d-identify.be\/fr\/#website"},"primaryImageOfPage":{"@id":"https:\/\/d-identify.be\/fr\/produit\/master-lock-eleckit-en-kit-consignation-electrique\/#primaryimage"},"image":{"@id":"https:\/\/d-identify.be\/fr\/produit\/master-lock-eleckit-en-kit-consignation-electrique\/#primaryimage"},"thumbnailUrl":"https:\/\/d-identify.be\/wp-content\/uploads\/2021\/07\/ELECKIT-EN.jpg","datePublished":"2021-07-26T11:39:09+00:00","dateModified":"2026-01-15T09:25:57+00:00","description":"Kit de consignation \u00e9lectrique ELECKIT-EN avec cadenas Zenex\u2122, dispositifs pour disjoncteurs, \u00e9tiquettes, hasp et pochette compacte.","breadcrumb":{"@id":"https:\/\/d-identify.be\/fr\/produit\/master-lock-eleckit-en-kit-consignation-electrique\/#breadcrumb"},"inLanguage":"fr-FR","potentialAction":[{"@type":"ReadAction","target":["https:\/\/d-identify.be\/fr\/produit\/master-lock-eleckit-en-kit-consignation-electrique\/"]}]},{"@type":"ImageObject","inLanguage":"fr-FR","@id":"https:\/\/d-identify.be\/fr\/produit\/master-lock-eleckit-en-kit-consignation-electrique\/#primaryimage","url":"https:\/\/d-identify.be\/wp-content\/uploads\/2021\/07\/ELECKIT-EN.jpg","contentUrl":"https:\/\/d-identify.be\/wp-content\/uploads\/2021\/07\/ELECKIT-EN.jpg","width":285,"height":285,"caption":"Electrical Lockout Kit ELECKIT-EN | Master Lock"},{"@type":"BreadcrumbList","@id":"https:\/\/d-identify.be\/fr\/produit\/master-lock-eleckit-en-kit-consignation-electrique\/#breadcrumb","itemListElement":[{"@type":"ListItem","position":1,"name":"Home","item":"https:\/\/d-identify.be\/fr\/home-2\/"},{"@type":"ListItem","position":2,"name":"Boutique","item":"https:\/\/d-identify.be\/fr\/boutique\/"},{"@type":"ListItem","position":3,"name":"Master Lock ELECKIT-EN \u2013 Kit de consignation \u00e9lectrique"}]},{"@type":"WebSite","@id":"https:\/\/d-identify.be\/fr\/#website","url":"https:\/\/d-identify.be\/fr\/","name":"d-identify","description":"Industrial identification - Lockout - Tagout - Floor marking","potentialAction":[{"@type":"SearchAction","target":{"@type":"EntryPoint","urlTemplate":"https:\/\/d-identify.be\/fr\/?s={search_term_string}"},"query-input":{"@type":"PropertyValueSpecification","valueRequired":true,"valueName":"search_term_string"}}],"inLanguage":"fr-FR"}]}},"_links":{"self":[{"href":"https:\/\/d-identify.be\/fr\/wp-json\/wp\/v2\/product\/18294","targetHints":{"allow":["GET"]}}],"collection":[{"href":"https:\/\/d-identify.be\/fr\/wp-json\/wp\/v2\/product"}],"about":[{"href":"https:\/\/d-identify.be\/fr\/wp-json\/wp\/v2\/types\/product"}],"replies":[{"embeddable":true,"href":"https:\/\/d-identify.be\/fr\/wp-json\/wp\/v2\/comments?post=18294"}],"wp:featuredmedia":[{"embeddable":true,"href":"https:\/\/d-identify.be\/fr\/wp-json\/wp\/v2\/media\/18295"}],"wp:attachment":[{"href":"https:\/\/d-identify.be\/fr\/wp-json\/wp\/v2\/media?parent=18294"}],"wp:term":[{"taxonomy":"product_brand","embeddable":true,"href":"https:\/\/d-identify.be\/fr\/wp-json\/wp\/v2\/product_brand?post=18294"},{"taxonomy":"product_cat","embeddable":true,"href":"https:\/\/d-identify.be\/fr\/wp-json\/wp\/v2\/product_cat?post=18294"},{"taxonomy":"product_tag","embeddable":true,"href":"https:\/\/d-identify.be\/fr\/wp-json\/wp\/v2\/product_tag?post=18294"},{"taxonomy":"pa_connextion-shapes","embeddable":true,"href":"https:\/\/d-identify.be\/fr\/wp-json\/wp\/v2\/pa_connextion-shapes?post=18294"}],"curies":[{"name":"wp","href":"https:\/\/api.w.org\/{rel}","templated":true}]}}