{"id":18282,"date":"2021-07-26T12:39:19","date_gmt":"2021-07-26T10:39:19","guid":{"rendered":"https:\/\/d-identify.be\/product\/couvertures-pour-environnements-extremes-pour-cadenas-de-securite-master-lock-n-s31-s32-s33-sac-de-72\/"},"modified":"2021-07-26T12:39:19","modified_gmt":"2021-07-26T10:39:19","slug":"couvertures-pour-environnements-extremes-pour-cadenas-de-securite-master-lock-n-s31-s32-s33-sac-de-72","status":"publish","type":"product","link":"https:\/\/d-identify.be\/fr\/produit\/couvertures-pour-environnements-extremes-pour-cadenas-de-securite-master-lock-n-s31-s32-s33-sac-de-72\/","title":{"rendered":"Couvertures pour environnements extr\u00eames pour cadenas de s\u00e9curit\u00e9 Master Lock N\u00b0 S31, S32, S33, Sac de 72"},"content":{"rendered":"<p style=\"text-align: left;\">Les couvertures pour environnements extr\u00eames Master Lock N\u00b0 S30COVERS sont con\u00e7ues pour les cadenas de s\u00e9curit\u00e9 Master Lock N\u00b0 S31, S32 et S33 Zenex\u2122. Les cadenas de s\u00e9curit\u00e9 thermoplastiques disposent d&rsquo;un joint d&rsquo;\u00e9tanch\u00e9it\u00e9 du cadenas et de la serrure pour aider \u00e0 emp\u00eacher la p\u00e9n\u00e9tration de la poussi\u00e8re et de la salet\u00e9 dans des environnements extr\u00eames. Le TPE robuste (Thermoplastique \u00c9lastom\u00e8re) est r\u00e9sistant aux intemp\u00e9ries et sans silicone, et la couverture offre une protection dans des environnements difficiles.    <\/p>\n","protected":false},"excerpt":{"rendered":"<p>Les couvertures pour environnements extr\u00eames Master Lock N\u00b0 S30COVERS sont con\u00e7ues pour les cadenas de s\u00e9curit\u00e9 Master Lock N\u00b0 S31, S32 et S33 Zenex\u2122. Les cadenas de s\u00e9curit\u00e9 thermoplastiques disposent d&rsquo;un joint d&rsquo;\u00e9tanch\u00e9it\u00e9 du cadenas et de la serrure pour aider \u00e0 emp\u00eacher la p\u00e9n\u00e9tration de la poussi\u00e8re et de la salet\u00e9 dans des environnements extr\u00eames. Le TPE robuste (Thermoplastique \u00c9lastom\u00e8re) est r\u00e9sistant aux intemp\u00e9ries et sans silicone, et la couverture offre une protection dans des environnements difficiles.   <\/p>\n","protected":false},"featured_media":17460,"comment_status":"open","ping_status":"closed","template":"","meta":{"_acf_changed":false,"_et_pb_use_builder":"","_et_pb_old_content":"","_et_gb_content_width":""},"product_brand":[],"product_cat":[466],"product_tag":[934],"pa_connextion-shapes":[],"class_list":{"0":"post-18282","1":"product","2":"type-product","3":"status-publish","4":"has-post-thumbnail","6":"product_cat-lockout-tagout","7":"product_tag-master-lock-fr","9":"first","10":"instock","11":"taxable","12":"shipping-taxable","13":"purchasable","14":"product-type-simple"},"exclude_global_add_ons":[],"addons":[],"acf":[],"yoast_head":"<!-- This site is optimized with the Yoast SEO Premium plugin v27.0 (Yoast SEO v27.1) - https:\/\/yoast.com\/product\/yoast-seo-premium-wordpress\/ -->\n<title>Couvertures pour environnements extr\u00eames pour Master Lock No. S31, S32, S33<\/title>\n<meta name=\"description\" content=\"Les couvertures pour environnements extr\u00eames Master Lock N\u00b0 S30COVERS sont con\u00e7ues pour les cadenas de s\u00e9curit\u00e9 en thermoplastique Zenex\u2122 Master Lock N\u00b0 S31, S32 et S33...\" \/>\n<meta name=\"robots\" content=\"index, follow, max-snippet:-1, max-image-preview:large, max-video-preview:-1\" \/>\n<link rel=\"canonical\" href=\"https:\/\/d-identify.be\/fr\/produit\/couvertures-pour-environnements-extremes-pour-cadenas-de-securite-master-lock-n-s31-s32-s33-sac-de-72\/\" \/>\n<meta property=\"og:locale\" content=\"fr_FR\" \/>\n<meta property=\"og:type\" content=\"article\" \/>\n<meta property=\"og:title\" content=\"Couvertures pour environnements extr\u00eames pour cadenas de s\u00e9curit\u00e9 Master Lock N\u00b0 S31, S32, S33, Sac de 72\" \/>\n<meta property=\"og:description\" content=\"Les couvertures pour environnements extr\u00eames Master Lock N\u00b0 S30COVERS sont con\u00e7ues pour les cadenas de s\u00e9curit\u00e9 en thermoplastique Zenex\u2122 Master Lock N\u00b0 S31, S32 et S33...\" \/>\n<meta property=\"og:url\" content=\"https:\/\/d-identify.be\/fr\/produit\/couvertures-pour-environnements-extremes-pour-cadenas-de-securite-master-lock-n-s31-s32-s33-sac-de-72\/\" \/>\n<meta property=\"og:site_name\" content=\"d-identify\" \/>\n<meta property=\"og:image\" content=\"https:\/\/d-identify.be\/wp-content\/uploads\/2021\/07\/4314882_S30COVERS_lg_FR.jpg\" \/>\n\t<meta property=\"og:image:width\" content=\"277\" \/>\n\t<meta property=\"og:image:height\" content=\"277\" \/>\n\t<meta property=\"og:image:type\" content=\"image\/jpeg\" \/>\n<meta name=\"twitter:card\" content=\"summary_large_image\" \/>\n<script type=\"application\/ld+json\" class=\"yoast-schema-graph\">{\"@context\":\"https:\/\/schema.org\",\"@graph\":[{\"@type\":\"WebPage\",\"@id\":\"https:\/\/d-identify.be\/fr\/produit\/couvertures-pour-environnements-extremes-pour-cadenas-de-securite-master-lock-n-s31-s32-s33-sac-de-72\/\",\"url\":\"https:\/\/d-identify.be\/fr\/produit\/couvertures-pour-environnements-extremes-pour-cadenas-de-securite-master-lock-n-s31-s32-s33-sac-de-72\/\",\"name\":\"Couvertures pour environnements extr\u00eames pour Master Lock No. S31, S32, S33\",\"isPartOf\":{\"@id\":\"https:\/\/d-identify.be\/fr\/#website\"},\"primaryImageOfPage\":{\"@id\":\"https:\/\/d-identify.be\/fr\/produit\/couvertures-pour-environnements-extremes-pour-cadenas-de-securite-master-lock-n-s31-s32-s33-sac-de-72\/#primaryimage\"},\"image\":{\"@id\":\"https:\/\/d-identify.be\/fr\/produit\/couvertures-pour-environnements-extremes-pour-cadenas-de-securite-master-lock-n-s31-s32-s33-sac-de-72\/#primaryimage\"},\"thumbnailUrl\":\"https:\/\/d-identify.be\/wp-content\/uploads\/2021\/07\/4314882_S30COVERS_lg_FR.jpg\",\"datePublished\":\"2021-07-26T10:39:19+00:00\",\"description\":\"Les couvertures pour environnements extr\u00eames Master Lock N\u00b0 S30COVERS sont con\u00e7ues pour les cadenas de s\u00e9curit\u00e9 en thermoplastique Zenex\u2122 Master Lock N\u00b0 S31, S32 et S33...\",\"breadcrumb\":{\"@id\":\"https:\/\/d-identify.be\/fr\/produit\/couvertures-pour-environnements-extremes-pour-cadenas-de-securite-master-lock-n-s31-s32-s33-sac-de-72\/#breadcrumb\"},\"inLanguage\":\"fr-FR\",\"potentialAction\":[{\"@type\":\"ReadAction\",\"target\":[\"https:\/\/d-identify.be\/fr\/produit\/couvertures-pour-environnements-extremes-pour-cadenas-de-securite-master-lock-n-s31-s32-s33-sac-de-72\/\"]}]},{\"@type\":\"ImageObject\",\"inLanguage\":\"fr-FR\",\"@id\":\"https:\/\/d-identify.be\/fr\/produit\/couvertures-pour-environnements-extremes-pour-cadenas-de-securite-master-lock-n-s31-s32-s33-sac-de-72\/#primaryimage\",\"url\":\"https:\/\/d-identify.be\/wp-content\/uploads\/2021\/07\/4314882_S30COVERS_lg_FR.jpg\",\"contentUrl\":\"https:\/\/d-identify.be\/wp-content\/uploads\/2021\/07\/4314882_S30COVERS_lg_FR.jpg\",\"width\":277,\"height\":277,\"caption\":\"Housse cadenas S30COVERS | Master Lock Extreme Environment\"},{\"@type\":\"BreadcrumbList\",\"@id\":\"https:\/\/d-identify.be\/fr\/produit\/couvertures-pour-environnements-extremes-pour-cadenas-de-securite-master-lock-n-s31-s32-s33-sac-de-72\/#breadcrumb\",\"itemListElement\":[{\"@type\":\"ListItem\",\"position\":1,\"name\":\"Home\",\"item\":\"https:\/\/d-identify.be\/fr\/home-2\/\"},{\"@type\":\"ListItem\",\"position\":2,\"name\":\"Boutique\",\"item\":\"https:\/\/d-identify.be\/fr\/boutique\/\"},{\"@type\":\"ListItem\",\"position\":3,\"name\":\"Couvertures pour environnements extr\u00eames pour cadenas de s\u00e9curit\u00e9 Master Lock N\u00b0 S31, S32, S33, Sac de 72\"}]},{\"@type\":\"WebSite\",\"@id\":\"https:\/\/d-identify.be\/fr\/#website\",\"url\":\"https:\/\/d-identify.be\/fr\/\",\"name\":\"d-identify\",\"description\":\"Industrial identification - Lockout - Tagout - Floor marking\",\"potentialAction\":[{\"@type\":\"SearchAction\",\"target\":{\"@type\":\"EntryPoint\",\"urlTemplate\":\"https:\/\/d-identify.be\/fr\/?s={search_term_string}\"},\"query-input\":{\"@type\":\"PropertyValueSpecification\",\"valueRequired\":true,\"valueName\":\"search_term_string\"}}],\"inLanguage\":\"fr-FR\"}]}<\/script>\n<!-- \/ Yoast SEO Premium plugin. -->","yoast_head_json":{"title":"Couvertures pour environnements extr\u00eames pour Master Lock No. S31, S32, S33","description":"Les couvertures pour environnements extr\u00eames Master Lock N\u00b0 S30COVERS sont con\u00e7ues pour les cadenas de s\u00e9curit\u00e9 en thermoplastique Zenex\u2122 Master Lock N\u00b0 S31, S32 et S33...","robots":{"index":"index","follow":"follow","max-snippet":"max-snippet:-1","max-image-preview":"max-image-preview:large","max-video-preview":"max-video-preview:-1"},"canonical":"https:\/\/d-identify.be\/fr\/produit\/couvertures-pour-environnements-extremes-pour-cadenas-de-securite-master-lock-n-s31-s32-s33-sac-de-72\/","og_locale":"fr_FR","og_type":"article","og_title":"Couvertures pour environnements extr\u00eames pour cadenas de s\u00e9curit\u00e9 Master Lock N\u00b0 S31, S32, S33, Sac de 72","og_description":"Les couvertures pour environnements extr\u00eames Master Lock N\u00b0 S30COVERS sont con\u00e7ues pour les cadenas de s\u00e9curit\u00e9 en thermoplastique Zenex\u2122 Master Lock N\u00b0 S31, S32 et S33...","og_url":"https:\/\/d-identify.be\/fr\/produit\/couvertures-pour-environnements-extremes-pour-cadenas-de-securite-master-lock-n-s31-s32-s33-sac-de-72\/","og_site_name":"d-identify","og_image":[{"width":277,"height":277,"url":"https:\/\/d-identify.be\/wp-content\/uploads\/2021\/07\/4314882_S30COVERS_lg_FR.jpg","type":"image\/jpeg"}],"twitter_card":"summary_large_image","schema":{"@context":"https:\/\/schema.org","@graph":[{"@type":"WebPage","@id":"https:\/\/d-identify.be\/fr\/produit\/couvertures-pour-environnements-extremes-pour-cadenas-de-securite-master-lock-n-s31-s32-s33-sac-de-72\/","url":"https:\/\/d-identify.be\/fr\/produit\/couvertures-pour-environnements-extremes-pour-cadenas-de-securite-master-lock-n-s31-s32-s33-sac-de-72\/","name":"Couvertures pour environnements extr\u00eames pour Master Lock No. S31, S32, S33","isPartOf":{"@id":"https:\/\/d-identify.be\/fr\/#website"},"primaryImageOfPage":{"@id":"https:\/\/d-identify.be\/fr\/produit\/couvertures-pour-environnements-extremes-pour-cadenas-de-securite-master-lock-n-s31-s32-s33-sac-de-72\/#primaryimage"},"image":{"@id":"https:\/\/d-identify.be\/fr\/produit\/couvertures-pour-environnements-extremes-pour-cadenas-de-securite-master-lock-n-s31-s32-s33-sac-de-72\/#primaryimage"},"thumbnailUrl":"https:\/\/d-identify.be\/wp-content\/uploads\/2021\/07\/4314882_S30COVERS_lg_FR.jpg","datePublished":"2021-07-26T10:39:19+00:00","description":"Les couvertures pour environnements extr\u00eames Master Lock N\u00b0 S30COVERS sont con\u00e7ues pour les cadenas de s\u00e9curit\u00e9 en thermoplastique Zenex\u2122 Master Lock N\u00b0 S31, S32 et S33...","breadcrumb":{"@id":"https:\/\/d-identify.be\/fr\/produit\/couvertures-pour-environnements-extremes-pour-cadenas-de-securite-master-lock-n-s31-s32-s33-sac-de-72\/#breadcrumb"},"inLanguage":"fr-FR","potentialAction":[{"@type":"ReadAction","target":["https:\/\/d-identify.be\/fr\/produit\/couvertures-pour-environnements-extremes-pour-cadenas-de-securite-master-lock-n-s31-s32-s33-sac-de-72\/"]}]},{"@type":"ImageObject","inLanguage":"fr-FR","@id":"https:\/\/d-identify.be\/fr\/produit\/couvertures-pour-environnements-extremes-pour-cadenas-de-securite-master-lock-n-s31-s32-s33-sac-de-72\/#primaryimage","url":"https:\/\/d-identify.be\/wp-content\/uploads\/2021\/07\/4314882_S30COVERS_lg_FR.jpg","contentUrl":"https:\/\/d-identify.be\/wp-content\/uploads\/2021\/07\/4314882_S30COVERS_lg_FR.jpg","width":277,"height":277,"caption":"Housse cadenas S30COVERS | Master Lock Extreme Environment"},{"@type":"BreadcrumbList","@id":"https:\/\/d-identify.be\/fr\/produit\/couvertures-pour-environnements-extremes-pour-cadenas-de-securite-master-lock-n-s31-s32-s33-sac-de-72\/#breadcrumb","itemListElement":[{"@type":"ListItem","position":1,"name":"Home","item":"https:\/\/d-identify.be\/fr\/home-2\/"},{"@type":"ListItem","position":2,"name":"Boutique","item":"https:\/\/d-identify.be\/fr\/boutique\/"},{"@type":"ListItem","position":3,"name":"Couvertures pour environnements extr\u00eames pour cadenas de s\u00e9curit\u00e9 Master Lock N\u00b0 S31, S32, S33, Sac de 72"}]},{"@type":"WebSite","@id":"https:\/\/d-identify.be\/fr\/#website","url":"https:\/\/d-identify.be\/fr\/","name":"d-identify","description":"Industrial identification - Lockout - Tagout - Floor marking","potentialAction":[{"@type":"SearchAction","target":{"@type":"EntryPoint","urlTemplate":"https:\/\/d-identify.be\/fr\/?s={search_term_string}"},"query-input":{"@type":"PropertyValueSpecification","valueRequired":true,"valueName":"search_term_string"}}],"inLanguage":"fr-FR"}]}},"_links":{"self":[{"href":"https:\/\/d-identify.be\/fr\/wp-json\/wp\/v2\/product\/18282","targetHints":{"allow":["GET"]}}],"collection":[{"href":"https:\/\/d-identify.be\/fr\/wp-json\/wp\/v2\/product"}],"about":[{"href":"https:\/\/d-identify.be\/fr\/wp-json\/wp\/v2\/types\/product"}],"replies":[{"embeddable":true,"href":"https:\/\/d-identify.be\/fr\/wp-json\/wp\/v2\/comments?post=18282"}],"wp:featuredmedia":[{"embeddable":true,"href":"https:\/\/d-identify.be\/fr\/wp-json\/wp\/v2\/media\/17460"}],"wp:attachment":[{"href":"https:\/\/d-identify.be\/fr\/wp-json\/wp\/v2\/media?parent=18282"}],"wp:term":[{"taxonomy":"product_brand","embeddable":true,"href":"https:\/\/d-identify.be\/fr\/wp-json\/wp\/v2\/product_brand?post=18282"},{"taxonomy":"product_cat","embeddable":true,"href":"https:\/\/d-identify.be\/fr\/wp-json\/wp\/v2\/product_cat?post=18282"},{"taxonomy":"product_tag","embeddable":true,"href":"https:\/\/d-identify.be\/fr\/wp-json\/wp\/v2\/product_tag?post=18282"},{"taxonomy":"pa_connextion-shapes","embeddable":true,"href":"https:\/\/d-identify.be\/fr\/wp-json\/wp\/v2\/pa_connextion-shapes?post=18282"}],"curies":[{"name":"wp","href":"https:\/\/api.w.org\/{rel}","templated":true}]}}