{"id":18277,"date":"2021-07-26T12:38:35","date_gmt":"2021-07-26T11:38:35","guid":{"rendered":"https:\/\/d-identify.be\/product\/verrouillage-rotatif-de-la-fiche-electrique-fiches-de-120-et-240-volts\/"},"modified":"2026-01-12T12:19:41","modified_gmt":"2026-01-12T10:19:41","slug":"487-verrouillage-fiche-rotatif","status":"publish","type":"product","link":"https:\/\/d-identify.be\/fr\/produit\/487-verrouillage-fiche-rotatif\/","title":{"rendered":"Master Lock 487 verrouillage de fiche \u00e9lectrique rotatif"},"content":{"rendered":"<p data-start=\"1257\" data-end=\"1539\">Le <strong data-start=\"1260\" data-end=\"1294\">487 verrouillage fiche rotatif<\/strong> s\u00e9curise les fiches \u00e9lectriques pendant les op\u00e9rations de maintenance et de consignation. Le dispositif accepte des c\u00e2bles jusqu\u2019\u00e0 19 mm de diam\u00e8tre ainsi que des fiches \u00e9lectriques jusqu\u2019\u00e0 57 mm de diam\u00e8tre pour une longueur maximale de 82 mm.<\/p>\n<p data-start=\"1541\" data-end=\"1772\">Ce syst\u00e8me entoure compl\u00e8tement la fiche \u00e9lectrique et emp\u00eache toute reconnexion accidentelle. Il r\u00e9duit ainsi le risque de remise sous tension impr\u00e9vue lors des travaux. Les interventions deviennent plus s\u00fbres et mieux contr\u00f4l\u00e9es.<\/p>\n<p data-start=\"1774\" data-end=\"2012\">Gr\u00e2ce \u00e0 sa conception rotative brevet\u00e9e, l\u2019installation reste rapide et simple. Cette conception facilite \u00e9galement l\u2019utilisation dans les espaces confin\u00e9s o\u00f9 l\u2019acc\u00e8s est limit\u00e9. Les proc\u00e9dures de consignation gagnent ainsi en efficacit\u00e9.<\/p>\n<p data-start=\"2014\" data-end=\"2287\">Le bo\u00eetier est fabriqu\u00e9 en thermoplastique Zenex\u2122 \u00e0 la fois l\u00e9ger et r\u00e9sistant. Ce mat\u00e9riau r\u00e9siste aux produits chimiques et conserve ses performances dans des conditions extr\u00eames. Des \u00e9tiquettes de s\u00e9curit\u00e9 permanentes et tr\u00e8s visibles assurent une identification claire.<\/p>\n<p data-start=\"2289\" data-end=\"2548\">Le <strong data-start=\"2292\" data-end=\"2326\">487 verrouillage fiche rotatif<\/strong> convient aux fiches \u00e9lectriques de 120 volts et \u00e0 de nombreux mod\u00e8les de 240 volts. Il constitue une solution durable et fiable pour am\u00e9liorer la s\u00e9curit\u00e9 \u00e9lectrique et soutenir des proc\u00e9dures de lockout-tagout conformes.<\/p>\n","protected":false},"excerpt":{"rendered":"<p data-start=\"894\" data-end=\"1182\">Le <strong data-start=\"897\" data-end=\"931\">487 verrouillage fiche rotatif<\/strong> s\u00e9curise les fiches \u00e9lectriques lors des op\u00e9rations de maintenance et de consignation. Sa conception rotative brevet\u00e9e facilite l\u2019installation dans les espaces confin\u00e9s, tandis que son bo\u00eetier l\u00e9ger et robuste convient aux environnements industriels.<\/p>\n","protected":false},"featured_media":18278,"comment_status":"open","ping_status":"closed","template":"","meta":{"_acf_changed":false,"_et_pb_use_builder":"","_et_pb_old_content":"","_et_gb_content_width":""},"product_brand":[],"product_cat":[466,458],"product_tag":[934],"pa_connextion-shapes":[],"class_list":{"0":"post-18277","1":"product","2":"type-product","3":"status-publish","4":"has-post-thumbnail","6":"product_cat-lockout-tagout","7":"product_cat-electrical-lockout-devices","8":"product_tag-master-lock-fr","10":"first","11":"instock","12":"taxable","13":"shipping-taxable","14":"purchasable","15":"product-type-simple"},"exclude_global_add_ons":[],"addons":[],"acf":[],"yoast_head":"<!-- This site is optimized with the Yoast SEO Premium plugin v27.0 (Yoast SEO v27.1) - https:\/\/yoast.com\/product\/yoast-seo-premium-wordpress\/ -->\n<title>487 verrouillage fiche rotatif - Master Lock<\/title>\n<meta name=\"description\" content=\"487 verrouillage fiche rotatif pour fiches 120 V et de nombreux mod\u00e8les 240 V. Conception rotative pour une installation simple et s\u00fbre.\" \/>\n<meta name=\"robots\" content=\"index, follow, max-snippet:-1, max-image-preview:large, max-video-preview:-1\" \/>\n<link rel=\"canonical\" href=\"https:\/\/d-identify.be\/fr\/produit\/487-verrouillage-fiche-rotatif\/\" \/>\n<meta property=\"og:locale\" content=\"fr_FR\" \/>\n<meta property=\"og:type\" content=\"article\" \/>\n<meta property=\"og:title\" content=\"Master Lock 487 verrouillage de fiche \u00e9lectrique rotatif\" \/>\n<meta property=\"og:description\" content=\"487 verrouillage fiche rotatif pour fiches 120 V et de nombreux mod\u00e8les 240 V. Conception rotative pour une installation simple et s\u00fbre.\" \/>\n<meta property=\"og:url\" content=\"https:\/\/d-identify.be\/fr\/produit\/487-verrouillage-fiche-rotatif\/\" \/>\n<meta property=\"og:site_name\" content=\"d-identify\" \/>\n<meta property=\"article:modified_time\" content=\"2026-01-12T10:19:41+00:00\" \/>\n<meta property=\"og:image\" content=\"https:\/\/d-identify.be\/wp-content\/uploads\/2021\/07\/487.jpg\" \/>\n\t<meta property=\"og:image:width\" content=\"249\" \/>\n\t<meta property=\"og:image:height\" content=\"249\" \/>\n\t<meta property=\"og:image:type\" content=\"image\/jpeg\" \/>\n<meta name=\"twitter:card\" content=\"summary_large_image\" \/>\n<meta name=\"twitter:label1\" content=\"Dur\u00e9e de lecture estim\u00e9e\" \/>\n\t<meta name=\"twitter:data1\" content=\"2 minutes\" \/>\n<script type=\"application\/ld+json\" class=\"yoast-schema-graph\">{\"@context\":\"https:\/\/schema.org\",\"@graph\":[{\"@type\":\"WebPage\",\"@id\":\"https:\/\/d-identify.be\/fr\/produit\/487-verrouillage-fiche-rotatif\/\",\"url\":\"https:\/\/d-identify.be\/fr\/produit\/487-verrouillage-fiche-rotatif\/\",\"name\":\"487 verrouillage fiche rotatif - Master Lock\",\"isPartOf\":{\"@id\":\"https:\/\/d-identify.be\/fr\/#website\"},\"primaryImageOfPage\":{\"@id\":\"https:\/\/d-identify.be\/fr\/produit\/487-verrouillage-fiche-rotatif\/#primaryimage\"},\"image\":{\"@id\":\"https:\/\/d-identify.be\/fr\/produit\/487-verrouillage-fiche-rotatif\/#primaryimage\"},\"thumbnailUrl\":\"https:\/\/d-identify.be\/wp-content\/uploads\/2021\/07\/487.jpg\",\"datePublished\":\"2021-07-26T11:38:35+00:00\",\"dateModified\":\"2026-01-12T10:19:41+00:00\",\"description\":\"487 verrouillage fiche rotatif pour fiches 120 V et de nombreux mod\u00e8les 240 V. Conception rotative pour une installation simple et s\u00fbre.\",\"breadcrumb\":{\"@id\":\"https:\/\/d-identify.be\/fr\/produit\/487-verrouillage-fiche-rotatif\/#breadcrumb\"},\"inLanguage\":\"fr-FR\",\"potentialAction\":[{\"@type\":\"ReadAction\",\"target\":[\"https:\/\/d-identify.be\/fr\/produit\/487-verrouillage-fiche-rotatif\/\"]}]},{\"@type\":\"ImageObject\",\"inLanguage\":\"fr-FR\",\"@id\":\"https:\/\/d-identify.be\/fr\/produit\/487-verrouillage-fiche-rotatif\/#primaryimage\",\"url\":\"https:\/\/d-identify.be\/wp-content\/uploads\/2021\/07\/487.jpg\",\"contentUrl\":\"https:\/\/d-identify.be\/wp-content\/uploads\/2021\/07\/487.jpg\",\"width\":249,\"height\":249,\"caption\":\"487 verrouillage fiche rotatif - Master Lock\"},{\"@type\":\"BreadcrumbList\",\"@id\":\"https:\/\/d-identify.be\/fr\/produit\/487-verrouillage-fiche-rotatif\/#breadcrumb\",\"itemListElement\":[{\"@type\":\"ListItem\",\"position\":1,\"name\":\"Home\",\"item\":\"https:\/\/d-identify.be\/fr\/home-2\/\"},{\"@type\":\"ListItem\",\"position\":2,\"name\":\"Boutique\",\"item\":\"https:\/\/d-identify.be\/fr\/boutique\/\"},{\"@type\":\"ListItem\",\"position\":3,\"name\":\"Master Lock 487 verrouillage de fiche \u00e9lectrique rotatif\"}]},{\"@type\":\"WebSite\",\"@id\":\"https:\/\/d-identify.be\/fr\/#website\",\"url\":\"https:\/\/d-identify.be\/fr\/\",\"name\":\"d-identify\",\"description\":\"Industrial identification - Lockout - Tagout - Floor marking\",\"potentialAction\":[{\"@type\":\"SearchAction\",\"target\":{\"@type\":\"EntryPoint\",\"urlTemplate\":\"https:\/\/d-identify.be\/fr\/?s={search_term_string}\"},\"query-input\":{\"@type\":\"PropertyValueSpecification\",\"valueRequired\":true,\"valueName\":\"search_term_string\"}}],\"inLanguage\":\"fr-FR\"}]}<\/script>\n<!-- \/ Yoast SEO Premium plugin. -->","yoast_head_json":{"title":"487 verrouillage fiche rotatif - Master Lock","description":"487 verrouillage fiche rotatif pour fiches 120 V et de nombreux mod\u00e8les 240 V. Conception rotative pour une installation simple et s\u00fbre.","robots":{"index":"index","follow":"follow","max-snippet":"max-snippet:-1","max-image-preview":"max-image-preview:large","max-video-preview":"max-video-preview:-1"},"canonical":"https:\/\/d-identify.be\/fr\/produit\/487-verrouillage-fiche-rotatif\/","og_locale":"fr_FR","og_type":"article","og_title":"Master Lock 487 verrouillage de fiche \u00e9lectrique rotatif","og_description":"487 verrouillage fiche rotatif pour fiches 120 V et de nombreux mod\u00e8les 240 V. Conception rotative pour une installation simple et s\u00fbre.","og_url":"https:\/\/d-identify.be\/fr\/produit\/487-verrouillage-fiche-rotatif\/","og_site_name":"d-identify","article_modified_time":"2026-01-12T10:19:41+00:00","og_image":[{"width":249,"height":249,"url":"https:\/\/d-identify.be\/wp-content\/uploads\/2021\/07\/487.jpg","type":"image\/jpeg"}],"twitter_card":"summary_large_image","twitter_misc":{"Dur\u00e9e de lecture estim\u00e9e":"2 minutes"},"schema":{"@context":"https:\/\/schema.org","@graph":[{"@type":"WebPage","@id":"https:\/\/d-identify.be\/fr\/produit\/487-verrouillage-fiche-rotatif\/","url":"https:\/\/d-identify.be\/fr\/produit\/487-verrouillage-fiche-rotatif\/","name":"487 verrouillage fiche rotatif - Master Lock","isPartOf":{"@id":"https:\/\/d-identify.be\/fr\/#website"},"primaryImageOfPage":{"@id":"https:\/\/d-identify.be\/fr\/produit\/487-verrouillage-fiche-rotatif\/#primaryimage"},"image":{"@id":"https:\/\/d-identify.be\/fr\/produit\/487-verrouillage-fiche-rotatif\/#primaryimage"},"thumbnailUrl":"https:\/\/d-identify.be\/wp-content\/uploads\/2021\/07\/487.jpg","datePublished":"2021-07-26T11:38:35+00:00","dateModified":"2026-01-12T10:19:41+00:00","description":"487 verrouillage fiche rotatif pour fiches 120 V et de nombreux mod\u00e8les 240 V. Conception rotative pour une installation simple et s\u00fbre.","breadcrumb":{"@id":"https:\/\/d-identify.be\/fr\/produit\/487-verrouillage-fiche-rotatif\/#breadcrumb"},"inLanguage":"fr-FR","potentialAction":[{"@type":"ReadAction","target":["https:\/\/d-identify.be\/fr\/produit\/487-verrouillage-fiche-rotatif\/"]}]},{"@type":"ImageObject","inLanguage":"fr-FR","@id":"https:\/\/d-identify.be\/fr\/produit\/487-verrouillage-fiche-rotatif\/#primaryimage","url":"https:\/\/d-identify.be\/wp-content\/uploads\/2021\/07\/487.jpg","contentUrl":"https:\/\/d-identify.be\/wp-content\/uploads\/2021\/07\/487.jpg","width":249,"height":249,"caption":"487 verrouillage fiche rotatif - Master Lock"},{"@type":"BreadcrumbList","@id":"https:\/\/d-identify.be\/fr\/produit\/487-verrouillage-fiche-rotatif\/#breadcrumb","itemListElement":[{"@type":"ListItem","position":1,"name":"Home","item":"https:\/\/d-identify.be\/fr\/home-2\/"},{"@type":"ListItem","position":2,"name":"Boutique","item":"https:\/\/d-identify.be\/fr\/boutique\/"},{"@type":"ListItem","position":3,"name":"Master Lock 487 verrouillage de fiche \u00e9lectrique rotatif"}]},{"@type":"WebSite","@id":"https:\/\/d-identify.be\/fr\/#website","url":"https:\/\/d-identify.be\/fr\/","name":"d-identify","description":"Industrial identification - Lockout - Tagout - Floor marking","potentialAction":[{"@type":"SearchAction","target":{"@type":"EntryPoint","urlTemplate":"https:\/\/d-identify.be\/fr\/?s={search_term_string}"},"query-input":{"@type":"PropertyValueSpecification","valueRequired":true,"valueName":"search_term_string"}}],"inLanguage":"fr-FR"}]}},"_links":{"self":[{"href":"https:\/\/d-identify.be\/fr\/wp-json\/wp\/v2\/product\/18277","targetHints":{"allow":["GET"]}}],"collection":[{"href":"https:\/\/d-identify.be\/fr\/wp-json\/wp\/v2\/product"}],"about":[{"href":"https:\/\/d-identify.be\/fr\/wp-json\/wp\/v2\/types\/product"}],"replies":[{"embeddable":true,"href":"https:\/\/d-identify.be\/fr\/wp-json\/wp\/v2\/comments?post=18277"}],"wp:featuredmedia":[{"embeddable":true,"href":"https:\/\/d-identify.be\/fr\/wp-json\/wp\/v2\/media\/18278"}],"wp:attachment":[{"href":"https:\/\/d-identify.be\/fr\/wp-json\/wp\/v2\/media?parent=18277"}],"wp:term":[{"taxonomy":"product_brand","embeddable":true,"href":"https:\/\/d-identify.be\/fr\/wp-json\/wp\/v2\/product_brand?post=18277"},{"taxonomy":"product_cat","embeddable":true,"href":"https:\/\/d-identify.be\/fr\/wp-json\/wp\/v2\/product_cat?post=18277"},{"taxonomy":"product_tag","embeddable":true,"href":"https:\/\/d-identify.be\/fr\/wp-json\/wp\/v2\/product_tag?post=18277"},{"taxonomy":"pa_connextion-shapes","embeddable":true,"href":"https:\/\/d-identify.be\/fr\/wp-json\/wp\/v2\/pa_connextion-shapes?post=18277"}],"curies":[{"name":"wp","href":"https:\/\/api.w.org\/{rel}","templated":true}]}}