{"id":18223,"date":"2021-07-26T12:39:29","date_gmt":"2021-07-26T10:39:29","guid":{"rendered":"https:\/\/d-identify.be\/product\/boite-de-verrouillage-de-groupe-avec-support-de-montage-mural\/"},"modified":"2025-12-20T12:37:40","modified_gmt":"2025-12-20T10:37:40","slug":"master-lock-s3650-boite-de-consignation-de-groupe-avec-support-de-montage-mural","status":"publish","type":"product","link":"https:\/\/d-identify.be\/fr\/produit\/master-lock-s3650-boite-de-consignation-de-groupe-avec-support-de-montage-mural\/","title":{"rendered":"Master Lock S3650 Bo\u00eete de consignation de groupe avec support de montage mural"},"content":{"rendered":"<p data-start=\"393\" data-end=\"652\">La <strong data-start=\"396\" data-end=\"475\"><span class=\"hover:entity-accent entity-underline inline cursor-pointer align-baseline\"><span class=\"whitespace-normal\">Master Lock<\/span><\/span> Bo\u00eete de consignation de groupe S3650<\/strong> avec support mural aide les sites industriels \u00e0 g\u00e9rer et d\u00e9placer les dispositifs de consignation. Cette <strong data-start=\"581\" data-end=\"606\">bo\u00eete de consignation<\/strong> s\u2019utilise partout o\u00f9 la s\u00e9curit\u00e9 est requise.<\/p>\n<p data-start=\"654\" data-end=\"901\">Fixez la bo\u00eete au mur pour un usage quotidien. Emportez-la aussi facilement pour des consignations \u00e0 distance. Pour les grands arr\u00eats, d\u00e9placez-la vers une autre zone. La fonction de verrouillage optionnelle emp\u00eache le retrait non autoris\u00e9 du mur.<\/p>\n<p data-start=\"903\" data-end=\"1142\">Des <strong data-start=\"907\" data-end=\"937\">\u00e9tiquettes r\u00e9inscriptibles<\/strong> et une <strong data-start=\"945\" data-end=\"990\">fen\u00eatre transparente r\u00e9sistante aux chocs<\/strong> permettent un contr\u00f4le rapide du statut. Malgr\u00e9 son format compact, la bo\u00eete peut contenir <strong data-start=\"1082\" data-end=\"1116\">jusqu\u2019\u00e0 15 cadenas de s\u00e9curit\u00e9<\/strong> pour un stockage prot\u00e9g\u00e9.<\/p>\n<h5><\/h5>\n<p>&nbsp;<\/p>\n","protected":false},"excerpt":{"rendered":"<p>La bo\u00eete de verrouillage de groupe Master Lock S3650 avec support de montage mural aide les installations \u00e0 g\u00e9rer le placement et le d\u00e9placement des bo\u00eetes de verrouillage de groupe pour prot\u00e9ger les personnes. Le S3650 peut \u00eatre utilis\u00e9 partout o\u00f9 il est n\u00e9cessaire. Fixez la bo\u00eete \u00e0 l&rsquo;aide du support pour une utilisation quotidienne.<\/p>\n","protected":false},"featured_media":18224,"comment_status":"open","ping_status":"closed","template":"","meta":{"_acf_changed":false,"_et_pb_use_builder":"","_et_pb_old_content":"","_et_gb_content_width":""},"product_brand":[],"product_cat":[466,471],"product_tag":[934],"pa_connextion-shapes":[],"class_list":{"0":"post-18223","1":"product","2":"type-product","3":"status-publish","4":"has-post-thumbnail","6":"product_cat-lockout-tagout","7":"product_cat-empty-lockout-stations","8":"product_tag-master-lock-fr","10":"first","11":"instock","12":"taxable","13":"shipping-taxable","14":"purchasable","15":"product-type-simple"},"exclude_global_add_ons":[],"addons":[],"acf":[],"yoast_head":"<!-- This site is optimized with the Yoast SEO Premium plugin v27.0 (Yoast SEO v27.1) - https:\/\/yoast.com\/product\/yoast-seo-premium-wordpress\/ -->\n<title>Bo\u00eete de verrouillage de groupe avec support de montage mural<\/title>\n<meta name=\"description\" content=\"La bo\u00eete de consignation Master Lock S3650 avec support mural facilite la gestion des verrouillages de groupe et prot\u00e8ge les personnes en milieu industriel.\" \/>\n<meta name=\"robots\" content=\"index, follow, max-snippet:-1, max-image-preview:large, max-video-preview:-1\" \/>\n<link rel=\"canonical\" href=\"https:\/\/d-identify.be\/fr\/produit\/master-lock-s3650-boite-de-consignation-de-groupe-avec-support-de-montage-mural\/\" \/>\n<meta property=\"og:locale\" content=\"fr_FR\" \/>\n<meta property=\"og:type\" content=\"article\" \/>\n<meta property=\"og:title\" content=\"Master Lock S3650 Bo\u00eete de consignation de groupe avec support de montage mural\" \/>\n<meta property=\"og:description\" content=\"La bo\u00eete de consignation Master Lock S3650 avec support mural facilite la gestion des verrouillages de groupe et prot\u00e8ge les personnes en milieu industriel.\" \/>\n<meta property=\"og:url\" content=\"https:\/\/d-identify.be\/fr\/produit\/master-lock-s3650-boite-de-consignation-de-groupe-avec-support-de-montage-mural\/\" \/>\n<meta property=\"og:site_name\" content=\"d-identify\" \/>\n<meta property=\"article:modified_time\" content=\"2025-12-20T10:37:40+00:00\" \/>\n<meta property=\"og:image\" content=\"https:\/\/d-identify.be\/wp-content\/uploads\/2021\/07\/MLCOM_PRODUCT_S3650.jpg\" \/>\n\t<meta property=\"og:image:width\" content=\"285\" \/>\n\t<meta property=\"og:image:height\" content=\"285\" \/>\n\t<meta property=\"og:image:type\" content=\"image\/jpeg\" \/>\n<meta name=\"twitter:card\" content=\"summary_large_image\" \/>\n<meta name=\"twitter:label1\" content=\"Dur\u00e9e de lecture estim\u00e9e\" \/>\n\t<meta name=\"twitter:data1\" content=\"1 minute\" \/>\n<script type=\"application\/ld+json\" class=\"yoast-schema-graph\">{\"@context\":\"https:\/\/schema.org\",\"@graph\":[{\"@type\":\"WebPage\",\"@id\":\"https:\/\/d-identify.be\/fr\/produit\/master-lock-s3650-boite-de-consignation-de-groupe-avec-support-de-montage-mural\/\",\"url\":\"https:\/\/d-identify.be\/fr\/produit\/master-lock-s3650-boite-de-consignation-de-groupe-avec-support-de-montage-mural\/\",\"name\":\"Bo\u00eete de verrouillage de groupe avec support de montage mural\",\"isPartOf\":{\"@id\":\"https:\/\/d-identify.be\/fr\/#website\"},\"primaryImageOfPage\":{\"@id\":\"https:\/\/d-identify.be\/fr\/produit\/master-lock-s3650-boite-de-consignation-de-groupe-avec-support-de-montage-mural\/#primaryimage\"},\"image\":{\"@id\":\"https:\/\/d-identify.be\/fr\/produit\/master-lock-s3650-boite-de-consignation-de-groupe-avec-support-de-montage-mural\/#primaryimage\"},\"thumbnailUrl\":\"https:\/\/d-identify.be\/wp-content\/uploads\/2021\/07\/MLCOM_PRODUCT_S3650.jpg\",\"datePublished\":\"2021-07-26T10:39:29+00:00\",\"dateModified\":\"2025-12-20T10:37:40+00:00\",\"description\":\"La bo\u00eete de consignation Master Lock S3650 avec support mural facilite la gestion des verrouillages de groupe et prot\u00e8ge les personnes en milieu industriel.\",\"breadcrumb\":{\"@id\":\"https:\/\/d-identify.be\/fr\/produit\/master-lock-s3650-boite-de-consignation-de-groupe-avec-support-de-montage-mural\/#breadcrumb\"},\"inLanguage\":\"fr-FR\",\"potentialAction\":[{\"@type\":\"ReadAction\",\"target\":[\"https:\/\/d-identify.be\/fr\/produit\/master-lock-s3650-boite-de-consignation-de-groupe-avec-support-de-montage-mural\/\"]}]},{\"@type\":\"ImageObject\",\"inLanguage\":\"fr-FR\",\"@id\":\"https:\/\/d-identify.be\/fr\/produit\/master-lock-s3650-boite-de-consignation-de-groupe-avec-support-de-montage-mural\/#primaryimage\",\"url\":\"https:\/\/d-identify.be\/wp-content\/uploads\/2021\/07\/MLCOM_PRODUCT_S3650.jpg\",\"contentUrl\":\"https:\/\/d-identify.be\/wp-content\/uploads\/2021\/07\/MLCOM_PRODUCT_S3650.jpg\",\"width\":285,\"height\":285,\"caption\":\"Group Lock Box with Wall Mounting Bracket\"},{\"@type\":\"BreadcrumbList\",\"@id\":\"https:\/\/d-identify.be\/fr\/produit\/master-lock-s3650-boite-de-consignation-de-groupe-avec-support-de-montage-mural\/#breadcrumb\",\"itemListElement\":[{\"@type\":\"ListItem\",\"position\":1,\"name\":\"Home\",\"item\":\"https:\/\/d-identify.be\/fr\/home-2\/\"},{\"@type\":\"ListItem\",\"position\":2,\"name\":\"Boutique\",\"item\":\"https:\/\/d-identify.be\/fr\/boutique\/\"},{\"@type\":\"ListItem\",\"position\":3,\"name\":\"Master Lock S3650 Bo\u00eete de consignation de groupe avec support de montage mural\"}]},{\"@type\":\"WebSite\",\"@id\":\"https:\/\/d-identify.be\/fr\/#website\",\"url\":\"https:\/\/d-identify.be\/fr\/\",\"name\":\"d-identify\",\"description\":\"Industrial identification - Lockout - Tagout - Floor marking\",\"potentialAction\":[{\"@type\":\"SearchAction\",\"target\":{\"@type\":\"EntryPoint\",\"urlTemplate\":\"https:\/\/d-identify.be\/fr\/?s={search_term_string}\"},\"query-input\":{\"@type\":\"PropertyValueSpecification\",\"valueRequired\":true,\"valueName\":\"search_term_string\"}}],\"inLanguage\":\"fr-FR\"}]}<\/script>\n<!-- \/ Yoast SEO Premium plugin. -->","yoast_head_json":{"title":"Bo\u00eete de verrouillage de groupe avec support de montage mural","description":"La bo\u00eete de consignation Master Lock S3650 avec support mural facilite la gestion des verrouillages de groupe et prot\u00e8ge les personnes en milieu industriel.","robots":{"index":"index","follow":"follow","max-snippet":"max-snippet:-1","max-image-preview":"max-image-preview:large","max-video-preview":"max-video-preview:-1"},"canonical":"https:\/\/d-identify.be\/fr\/produit\/master-lock-s3650-boite-de-consignation-de-groupe-avec-support-de-montage-mural\/","og_locale":"fr_FR","og_type":"article","og_title":"Master Lock S3650 Bo\u00eete de consignation de groupe avec support de montage mural","og_description":"La bo\u00eete de consignation Master Lock S3650 avec support mural facilite la gestion des verrouillages de groupe et prot\u00e8ge les personnes en milieu industriel.","og_url":"https:\/\/d-identify.be\/fr\/produit\/master-lock-s3650-boite-de-consignation-de-groupe-avec-support-de-montage-mural\/","og_site_name":"d-identify","article_modified_time":"2025-12-20T10:37:40+00:00","og_image":[{"width":285,"height":285,"url":"https:\/\/d-identify.be\/wp-content\/uploads\/2021\/07\/MLCOM_PRODUCT_S3650.jpg","type":"image\/jpeg"}],"twitter_card":"summary_large_image","twitter_misc":{"Dur\u00e9e de lecture estim\u00e9e":"1 minute"},"schema":{"@context":"https:\/\/schema.org","@graph":[{"@type":"WebPage","@id":"https:\/\/d-identify.be\/fr\/produit\/master-lock-s3650-boite-de-consignation-de-groupe-avec-support-de-montage-mural\/","url":"https:\/\/d-identify.be\/fr\/produit\/master-lock-s3650-boite-de-consignation-de-groupe-avec-support-de-montage-mural\/","name":"Bo\u00eete de verrouillage de groupe avec support de montage mural","isPartOf":{"@id":"https:\/\/d-identify.be\/fr\/#website"},"primaryImageOfPage":{"@id":"https:\/\/d-identify.be\/fr\/produit\/master-lock-s3650-boite-de-consignation-de-groupe-avec-support-de-montage-mural\/#primaryimage"},"image":{"@id":"https:\/\/d-identify.be\/fr\/produit\/master-lock-s3650-boite-de-consignation-de-groupe-avec-support-de-montage-mural\/#primaryimage"},"thumbnailUrl":"https:\/\/d-identify.be\/wp-content\/uploads\/2021\/07\/MLCOM_PRODUCT_S3650.jpg","datePublished":"2021-07-26T10:39:29+00:00","dateModified":"2025-12-20T10:37:40+00:00","description":"La bo\u00eete de consignation Master Lock S3650 avec support mural facilite la gestion des verrouillages de groupe et prot\u00e8ge les personnes en milieu industriel.","breadcrumb":{"@id":"https:\/\/d-identify.be\/fr\/produit\/master-lock-s3650-boite-de-consignation-de-groupe-avec-support-de-montage-mural\/#breadcrumb"},"inLanguage":"fr-FR","potentialAction":[{"@type":"ReadAction","target":["https:\/\/d-identify.be\/fr\/produit\/master-lock-s3650-boite-de-consignation-de-groupe-avec-support-de-montage-mural\/"]}]},{"@type":"ImageObject","inLanguage":"fr-FR","@id":"https:\/\/d-identify.be\/fr\/produit\/master-lock-s3650-boite-de-consignation-de-groupe-avec-support-de-montage-mural\/#primaryimage","url":"https:\/\/d-identify.be\/wp-content\/uploads\/2021\/07\/MLCOM_PRODUCT_S3650.jpg","contentUrl":"https:\/\/d-identify.be\/wp-content\/uploads\/2021\/07\/MLCOM_PRODUCT_S3650.jpg","width":285,"height":285,"caption":"Group Lock Box with Wall Mounting Bracket"},{"@type":"BreadcrumbList","@id":"https:\/\/d-identify.be\/fr\/produit\/master-lock-s3650-boite-de-consignation-de-groupe-avec-support-de-montage-mural\/#breadcrumb","itemListElement":[{"@type":"ListItem","position":1,"name":"Home","item":"https:\/\/d-identify.be\/fr\/home-2\/"},{"@type":"ListItem","position":2,"name":"Boutique","item":"https:\/\/d-identify.be\/fr\/boutique\/"},{"@type":"ListItem","position":3,"name":"Master Lock S3650 Bo\u00eete de consignation de groupe avec support de montage mural"}]},{"@type":"WebSite","@id":"https:\/\/d-identify.be\/fr\/#website","url":"https:\/\/d-identify.be\/fr\/","name":"d-identify","description":"Industrial identification - Lockout - Tagout - Floor marking","potentialAction":[{"@type":"SearchAction","target":{"@type":"EntryPoint","urlTemplate":"https:\/\/d-identify.be\/fr\/?s={search_term_string}"},"query-input":{"@type":"PropertyValueSpecification","valueRequired":true,"valueName":"search_term_string"}}],"inLanguage":"fr-FR"}]}},"_links":{"self":[{"href":"https:\/\/d-identify.be\/fr\/wp-json\/wp\/v2\/product\/18223","targetHints":{"allow":["GET"]}}],"collection":[{"href":"https:\/\/d-identify.be\/fr\/wp-json\/wp\/v2\/product"}],"about":[{"href":"https:\/\/d-identify.be\/fr\/wp-json\/wp\/v2\/types\/product"}],"replies":[{"embeddable":true,"href":"https:\/\/d-identify.be\/fr\/wp-json\/wp\/v2\/comments?post=18223"}],"wp:featuredmedia":[{"embeddable":true,"href":"https:\/\/d-identify.be\/fr\/wp-json\/wp\/v2\/media\/18224"}],"wp:attachment":[{"href":"https:\/\/d-identify.be\/fr\/wp-json\/wp\/v2\/media?parent=18223"}],"wp:term":[{"taxonomy":"product_brand","embeddable":true,"href":"https:\/\/d-identify.be\/fr\/wp-json\/wp\/v2\/product_brand?post=18223"},{"taxonomy":"product_cat","embeddable":true,"href":"https:\/\/d-identify.be\/fr\/wp-json\/wp\/v2\/product_cat?post=18223"},{"taxonomy":"product_tag","embeddable":true,"href":"https:\/\/d-identify.be\/fr\/wp-json\/wp\/v2\/product_tag?post=18223"},{"taxonomy":"pa_connextion-shapes","embeddable":true,"href":"https:\/\/d-identify.be\/fr\/wp-json\/wp\/v2\/pa_connextion-shapes?post=18223"}],"curies":[{"name":"wp","href":"https:\/\/api.w.org\/{rel}","templated":true}]}}