{"id":18176,"date":"2021-07-26T12:40:03","date_gmt":"2021-07-26T10:40:03","guid":{"rendered":"https:\/\/d-identify.be\/product\/cadenas-de-securite-en-acier-lamine-large-de-40mm-avec-anse-de-19mm-de-hauteur\/"},"modified":"2021-07-26T12:40:03","modified_gmt":"2021-07-26T10:40:03","slug":"cadenas-de-securite-en-acier-lamine-large-de-40mm-avec-anse-de-19mm-de-hauteur","status":"publish","type":"product","link":"https:\/\/d-identify.be\/fr\/produit\/cadenas-de-securite-en-acier-lamine-large-de-40mm-avec-anse-de-19mm-de-hauteur\/","title":{"rendered":"Cadenas de s\u00e9curit\u00e9 en acier lamin\u00e9, large de 40mm avec anse de 19mm de hauteur"},"content":{"rendered":"<p>Le cadenas en acier lamin\u00e9 Master Lock n\u00b0 3WHT, \u00e0 cl\u00e9s identiques. Il pr\u00e9sente un corps en acier lamin\u00e9 renforc\u00e9 de 40 mm de large avec un pare-chocs blanc. Et un anse de 19 mm de hauteur et 7 mm de diam\u00e8tre. Le m\u00e9canisme de verrouillage \u00e0 billes pour une r\u00e9sistance suppl\u00e9mentaire au crochetage le rend id\u00e9al pour les environnements o\u00f9 le cadenas est soumis \u00e0 des abus physiques. Le cylindre \u00e0 goupilles \u00e0 4 broches assure la s\u00e9curit\u00e9. Il est important que chaque employ\u00e9 dans une installation dispose d&rsquo;une cl\u00e9 de cadenas qui lui est propre. Le r\u00e9pertoriage des cl\u00e9s est crucial pour \u00e9viter que des cl\u00e9s dupliqu\u00e9es n&rsquo;entrent dans l&rsquo;entreprise.    <\/p>\n<div class='et-learn-more clearfix'>\n\t\t\t\t\t<h3 class='heading-more'>KD<span class='et_learnmore_arrow'><span><\/span><\/span><\/h3>\n\t\t\t\t\t<div class='learn-more-content'>Chaque cadenas est ouvert avec sa propre cl\u00e9 unique qui n&rsquo;ouvre aucun autre cadenas dans l&rsquo;ensemble. Conforme au mantra \u00ab\u00a0Un cadenas, un employ\u00e9, une cl\u00e9\u00a0\u00bb (livraison standard).<\/div>\n\t\t\t\t<\/div>\n<div class='et-learn-more clearfix'>\n\t\t\t\t\t<h3 class='heading-more'>KA<span class='et_learnmore_arrow'><span><\/span><\/span><\/h3>\n\t\t\t\t\t<div class='learn-more-content'>Tous les cadenas de l&rsquo;ensemble sont ouverts par la m\u00eame cl\u00e9, donc une seule cl\u00e9 est n\u00e9cessaire pour ouvrir de nombreux cadenas \u2013 pour les employ\u00e9s qui ont besoin de plusieurs cadenas, ils n&rsquo;ont toujours qu&rsquo;une seule cl\u00e9.<\/div>\n\t\t\t\t<\/div>\n<div class='et-learn-more clearfix'>\n\t\t\t\t\t<h3 class='heading-more'>MK<span class='et_learnmore_arrow'><span><\/span><\/span><\/h3>\n\t\t\t\t\t<div class='learn-more-content'>Une cl\u00e9 ma\u00eetresse ouvre tous les cadenas du syst\u00e8me tout en chaque cadenas ayant \u00e9galement sa propre cl\u00e9 unique \u2013 permettant le retrait responsable des verrouillages mal plac\u00e9s ou oubli\u00e9s selon votre politique de notification d&rsquo;urgence (fabriqu\u00e9 sur commande, livraison en 4 \u00e0 6 semaines).<\/div>\n\t\t\t\t<\/div>\n","protected":false},"excerpt":{"rendered":"<p>Le cadenas en acier lamin\u00e9 Master Lock n\u00b0 3WHT, \u00e0 cl\u00e9s identiques. Il pr\u00e9sente un corps en acier lamin\u00e9 renforc\u00e9 de 40 mm de large avec un pare-chocs blanc. Et une anse de 19 mm de haut, de 7 mm de diam\u00e8tre. Le m\u00e9canisme de verrouillage \u00e0 billes offre une r\u00e9sistance suppl\u00e9mentaire au crochetage, ce qui en fait un choix id\u00e9al pour les environnements o\u00f9 le cadenas est soumis \u00e0 des abus physiques. Le cylindre \u00e0 goupilles \u00e0 4 broches assure la s\u00e9curit\u00e9.    <\/p>\n","protected":false},"featured_media":18192,"comment_status":"open","ping_status":"closed","template":"","meta":{"_acf_changed":false,"_et_pb_use_builder":"","_et_pb_old_content":"","_et_gb_content_width":""},"product_brand":[],"product_cat":[466,628],"product_tag":[963],"pa_connextion-shapes":[],"class_list":{"0":"post-18176","1":"product","2":"type-product","3":"status-publish","4":"has-post-thumbnail","6":"product_cat-lockout-tagout","7":"product_cat-lockout-padlocks","8":"product_tag-d-identify-fr","10":"first","11":"instock","12":"taxable","13":"shipping-taxable","14":"purchasable","15":"product-type-variable"},"exclude_global_add_ons":[],"addons":[],"acf":[],"yoast_head":"<!-- This site is optimized with the Yoast SEO Premium plugin v27.0 (Yoast SEO v27.1) - https:\/\/yoast.com\/product\/yoast-seo-premium-wordpress\/ -->\n<title>Cadenas de s\u00e9curit\u00e9 en acier lamin\u00e9 de 40 mm<\/title>\n<meta name=\"description\" content=\"Le cadenas en acier lamin\u00e9 Master Lock n\u00b0 3WHT, \u00e0 cl\u00e9s identiques. Il pr\u00e9sente un corps en acier lamin\u00e9 renforc\u00e9 de 40 mm de large avec un pare-chocs blanc.\" \/>\n<meta name=\"robots\" content=\"index, follow, max-snippet:-1, max-image-preview:large, max-video-preview:-1\" \/>\n<link rel=\"canonical\" href=\"https:\/\/d-identify.be\/fr\/produit\/cadenas-de-securite-en-acier-lamine-large-de-40mm-avec-anse-de-19mm-de-hauteur\/\" \/>\n<meta property=\"og:locale\" content=\"fr_FR\" \/>\n<meta property=\"og:type\" content=\"article\" \/>\n<meta property=\"og:title\" content=\"Cadenas de s\u00e9curit\u00e9 en acier lamin\u00e9, large de 40mm avec anse de 19mm de hauteur\" \/>\n<meta property=\"og:description\" content=\"Le cadenas en acier lamin\u00e9 Master Lock n\u00b0 3WHT, \u00e0 cl\u00e9s identiques. Il pr\u00e9sente un corps en acier lamin\u00e9 renforc\u00e9 de 40 mm de large avec un pare-chocs blanc.\" \/>\n<meta property=\"og:url\" content=\"https:\/\/d-identify.be\/fr\/produit\/cadenas-de-securite-en-acier-lamine-large-de-40mm-avec-anse-de-19mm-de-hauteur\/\" \/>\n<meta property=\"og:site_name\" content=\"d-identify\" \/>\n<meta property=\"og:image\" content=\"https:\/\/d-identify.be\/wp-content\/uploads\/2021\/07\/MLCOM_PRODUCT_3GRN.jpg\" \/>\n\t<meta property=\"og:image:width\" content=\"285\" \/>\n\t<meta property=\"og:image:height\" content=\"285\" \/>\n\t<meta property=\"og:image:type\" content=\"image\/jpeg\" \/>\n<meta name=\"twitter:card\" content=\"summary_large_image\" \/>\n<meta name=\"twitter:label1\" content=\"Dur\u00e9e de lecture estim\u00e9e\" \/>\n\t<meta name=\"twitter:data1\" content=\"1 minute\" \/>\n<script type=\"application\/ld+json\" class=\"yoast-schema-graph\">{\"@context\":\"https:\/\/schema.org\",\"@graph\":[{\"@type\":\"WebPage\",\"@id\":\"https:\/\/d-identify.be\/fr\/produit\/cadenas-de-securite-en-acier-lamine-large-de-40mm-avec-anse-de-19mm-de-hauteur\/\",\"url\":\"https:\/\/d-identify.be\/fr\/produit\/cadenas-de-securite-en-acier-lamine-large-de-40mm-avec-anse-de-19mm-de-hauteur\/\",\"name\":\"Cadenas de s\u00e9curit\u00e9 en acier lamin\u00e9 de 40 mm\",\"isPartOf\":{\"@id\":\"https:\/\/d-identify.be\/fr\/#website\"},\"primaryImageOfPage\":{\"@id\":\"https:\/\/d-identify.be\/fr\/produit\/cadenas-de-securite-en-acier-lamine-large-de-40mm-avec-anse-de-19mm-de-hauteur\/#primaryimage\"},\"image\":{\"@id\":\"https:\/\/d-identify.be\/fr\/produit\/cadenas-de-securite-en-acier-lamine-large-de-40mm-avec-anse-de-19mm-de-hauteur\/#primaryimage\"},\"thumbnailUrl\":\"https:\/\/d-identify.be\/wp-content\/uploads\/2021\/07\/MLCOM_PRODUCT_3GRN.jpg\",\"datePublished\":\"2021-07-26T10:40:03+00:00\",\"description\":\"Le cadenas en acier lamin\u00e9 Master Lock n\u00b0 3WHT, \u00e0 cl\u00e9s identiques. Il pr\u00e9sente un corps en acier lamin\u00e9 renforc\u00e9 de 40 mm de large avec un pare-chocs blanc.\",\"breadcrumb\":{\"@id\":\"https:\/\/d-identify.be\/fr\/produit\/cadenas-de-securite-en-acier-lamine-large-de-40mm-avec-anse-de-19mm-de-hauteur\/#breadcrumb\"},\"inLanguage\":\"fr-FR\",\"potentialAction\":[{\"@type\":\"ReadAction\",\"target\":[\"https:\/\/d-identify.be\/fr\/produit\/cadenas-de-securite-en-acier-lamine-large-de-40mm-avec-anse-de-19mm-de-hauteur\/\"]}]},{\"@type\":\"ImageObject\",\"inLanguage\":\"fr-FR\",\"@id\":\"https:\/\/d-identify.be\/fr\/produit\/cadenas-de-securite-en-acier-lamine-large-de-40mm-avec-anse-de-19mm-de-hauteur\/#primaryimage\",\"url\":\"https:\/\/d-identify.be\/wp-content\/uploads\/2021\/07\/MLCOM_PRODUCT_3GRN.jpg\",\"contentUrl\":\"https:\/\/d-identify.be\/wp-content\/uploads\/2021\/07\/MLCOM_PRODUCT_3GRN.jpg\",\"width\":285,\"height\":285},{\"@type\":\"BreadcrumbList\",\"@id\":\"https:\/\/d-identify.be\/fr\/produit\/cadenas-de-securite-en-acier-lamine-large-de-40mm-avec-anse-de-19mm-de-hauteur\/#breadcrumb\",\"itemListElement\":[{\"@type\":\"ListItem\",\"position\":1,\"name\":\"Home\",\"item\":\"https:\/\/d-identify.be\/fr\/home-2\/\"},{\"@type\":\"ListItem\",\"position\":2,\"name\":\"Boutique\",\"item\":\"https:\/\/d-identify.be\/fr\/boutique\/\"},{\"@type\":\"ListItem\",\"position\":3,\"name\":\"Cadenas de s\u00e9curit\u00e9 en acier lamin\u00e9, large de 40mm avec anse de 19mm de hauteur\"}]},{\"@type\":\"WebSite\",\"@id\":\"https:\/\/d-identify.be\/fr\/#website\",\"url\":\"https:\/\/d-identify.be\/fr\/\",\"name\":\"d-identify\",\"description\":\"Industrial identification - Lockout - Tagout - Floor marking\",\"potentialAction\":[{\"@type\":\"SearchAction\",\"target\":{\"@type\":\"EntryPoint\",\"urlTemplate\":\"https:\/\/d-identify.be\/fr\/?s={search_term_string}\"},\"query-input\":{\"@type\":\"PropertyValueSpecification\",\"valueRequired\":true,\"valueName\":\"search_term_string\"}}],\"inLanguage\":\"fr-FR\"}]}<\/script>\n<!-- \/ Yoast SEO Premium plugin. -->","yoast_head_json":{"title":"Cadenas de s\u00e9curit\u00e9 en acier lamin\u00e9 de 40 mm","description":"Le cadenas en acier lamin\u00e9 Master Lock n\u00b0 3WHT, \u00e0 cl\u00e9s identiques. Il pr\u00e9sente un corps en acier lamin\u00e9 renforc\u00e9 de 40 mm de large avec un pare-chocs blanc.","robots":{"index":"index","follow":"follow","max-snippet":"max-snippet:-1","max-image-preview":"max-image-preview:large","max-video-preview":"max-video-preview:-1"},"canonical":"https:\/\/d-identify.be\/fr\/produit\/cadenas-de-securite-en-acier-lamine-large-de-40mm-avec-anse-de-19mm-de-hauteur\/","og_locale":"fr_FR","og_type":"article","og_title":"Cadenas de s\u00e9curit\u00e9 en acier lamin\u00e9, large de 40mm avec anse de 19mm de hauteur","og_description":"Le cadenas en acier lamin\u00e9 Master Lock n\u00b0 3WHT, \u00e0 cl\u00e9s identiques. Il pr\u00e9sente un corps en acier lamin\u00e9 renforc\u00e9 de 40 mm de large avec un pare-chocs blanc.","og_url":"https:\/\/d-identify.be\/fr\/produit\/cadenas-de-securite-en-acier-lamine-large-de-40mm-avec-anse-de-19mm-de-hauteur\/","og_site_name":"d-identify","og_image":[{"width":285,"height":285,"url":"https:\/\/d-identify.be\/wp-content\/uploads\/2021\/07\/MLCOM_PRODUCT_3GRN.jpg","type":"image\/jpeg"}],"twitter_card":"summary_large_image","twitter_misc":{"Dur\u00e9e de lecture estim\u00e9e":"1 minute"},"schema":{"@context":"https:\/\/schema.org","@graph":[{"@type":"WebPage","@id":"https:\/\/d-identify.be\/fr\/produit\/cadenas-de-securite-en-acier-lamine-large-de-40mm-avec-anse-de-19mm-de-hauteur\/","url":"https:\/\/d-identify.be\/fr\/produit\/cadenas-de-securite-en-acier-lamine-large-de-40mm-avec-anse-de-19mm-de-hauteur\/","name":"Cadenas de s\u00e9curit\u00e9 en acier lamin\u00e9 de 40 mm","isPartOf":{"@id":"https:\/\/d-identify.be\/fr\/#website"},"primaryImageOfPage":{"@id":"https:\/\/d-identify.be\/fr\/produit\/cadenas-de-securite-en-acier-lamine-large-de-40mm-avec-anse-de-19mm-de-hauteur\/#primaryimage"},"image":{"@id":"https:\/\/d-identify.be\/fr\/produit\/cadenas-de-securite-en-acier-lamine-large-de-40mm-avec-anse-de-19mm-de-hauteur\/#primaryimage"},"thumbnailUrl":"https:\/\/d-identify.be\/wp-content\/uploads\/2021\/07\/MLCOM_PRODUCT_3GRN.jpg","datePublished":"2021-07-26T10:40:03+00:00","description":"Le cadenas en acier lamin\u00e9 Master Lock n\u00b0 3WHT, \u00e0 cl\u00e9s identiques. Il pr\u00e9sente un corps en acier lamin\u00e9 renforc\u00e9 de 40 mm de large avec un pare-chocs blanc.","breadcrumb":{"@id":"https:\/\/d-identify.be\/fr\/produit\/cadenas-de-securite-en-acier-lamine-large-de-40mm-avec-anse-de-19mm-de-hauteur\/#breadcrumb"},"inLanguage":"fr-FR","potentialAction":[{"@type":"ReadAction","target":["https:\/\/d-identify.be\/fr\/produit\/cadenas-de-securite-en-acier-lamine-large-de-40mm-avec-anse-de-19mm-de-hauteur\/"]}]},{"@type":"ImageObject","inLanguage":"fr-FR","@id":"https:\/\/d-identify.be\/fr\/produit\/cadenas-de-securite-en-acier-lamine-large-de-40mm-avec-anse-de-19mm-de-hauteur\/#primaryimage","url":"https:\/\/d-identify.be\/wp-content\/uploads\/2021\/07\/MLCOM_PRODUCT_3GRN.jpg","contentUrl":"https:\/\/d-identify.be\/wp-content\/uploads\/2021\/07\/MLCOM_PRODUCT_3GRN.jpg","width":285,"height":285},{"@type":"BreadcrumbList","@id":"https:\/\/d-identify.be\/fr\/produit\/cadenas-de-securite-en-acier-lamine-large-de-40mm-avec-anse-de-19mm-de-hauteur\/#breadcrumb","itemListElement":[{"@type":"ListItem","position":1,"name":"Home","item":"https:\/\/d-identify.be\/fr\/home-2\/"},{"@type":"ListItem","position":2,"name":"Boutique","item":"https:\/\/d-identify.be\/fr\/boutique\/"},{"@type":"ListItem","position":3,"name":"Cadenas de s\u00e9curit\u00e9 en acier lamin\u00e9, large de 40mm avec anse de 19mm de hauteur"}]},{"@type":"WebSite","@id":"https:\/\/d-identify.be\/fr\/#website","url":"https:\/\/d-identify.be\/fr\/","name":"d-identify","description":"Industrial identification - Lockout - Tagout - Floor marking","potentialAction":[{"@type":"SearchAction","target":{"@type":"EntryPoint","urlTemplate":"https:\/\/d-identify.be\/fr\/?s={search_term_string}"},"query-input":{"@type":"PropertyValueSpecification","valueRequired":true,"valueName":"search_term_string"}}],"inLanguage":"fr-FR"}]}},"_links":{"self":[{"href":"https:\/\/d-identify.be\/fr\/wp-json\/wp\/v2\/product\/18176","targetHints":{"allow":["GET"]}}],"collection":[{"href":"https:\/\/d-identify.be\/fr\/wp-json\/wp\/v2\/product"}],"about":[{"href":"https:\/\/d-identify.be\/fr\/wp-json\/wp\/v2\/types\/product"}],"replies":[{"embeddable":true,"href":"https:\/\/d-identify.be\/fr\/wp-json\/wp\/v2\/comments?post=18176"}],"wp:featuredmedia":[{"embeddable":true,"href":"https:\/\/d-identify.be\/fr\/wp-json\/wp\/v2\/media\/18192"}],"wp:attachment":[{"href":"https:\/\/d-identify.be\/fr\/wp-json\/wp\/v2\/media?parent=18176"}],"wp:term":[{"taxonomy":"product_brand","embeddable":true,"href":"https:\/\/d-identify.be\/fr\/wp-json\/wp\/v2\/product_brand?post=18176"},{"taxonomy":"product_cat","embeddable":true,"href":"https:\/\/d-identify.be\/fr\/wp-json\/wp\/v2\/product_cat?post=18176"},{"taxonomy":"product_tag","embeddable":true,"href":"https:\/\/d-identify.be\/fr\/wp-json\/wp\/v2\/product_tag?post=18176"},{"taxonomy":"pa_connextion-shapes","embeddable":true,"href":"https:\/\/d-identify.be\/fr\/wp-json\/wp\/v2\/pa_connextion-shapes?post=18176"}],"curies":[{"name":"wp","href":"https:\/\/api.w.org\/{rel}","templated":true}]}}