{"id":18035,"date":"2021-07-26T12:40:07","date_gmt":"2021-07-26T10:40:07","guid":{"rendered":"https:\/\/d-identify.be\/product\/grand-support-pour-cadenas-non-rempli\/"},"modified":"2025-12-20T12:07:26","modified_gmt":"2025-12-20T10:07:26","slug":"master-lock-s1506-support-robuste-pour-cadenas","status":"publish","type":"product","link":"https:\/\/d-identify.be\/fr\/produit\/master-lock-s1506-support-robuste-pour-cadenas\/","title":{"rendered":"Master Lock S1506 Support robuste pour cadenas"},"content":{"rendered":"<div style=\"text-align: center;\">\n<p style=\"text-align: left;\" data-start=\"224\" data-end=\"436\">Le <strong data-start=\"227\" data-end=\"306\"><span class=\"hover:entity-accent entity-underline inline cursor-pointer align-baseline\"><span class=\"whitespace-normal\">Master Lock<\/span><\/span> n\u00b0 S1506 Support robuste pour cadenas<\/strong> est fabriqu\u00e9 en <strong data-start=\"323\" data-end=\"338\">acier \u00e9pais<\/strong> avec un <strong data-start=\"347\" data-end=\"379\">rev\u00eatement en poudre durable<\/strong>. Il assure une longue dur\u00e9e de vie en milieu industriel.<\/p>\n<p style=\"text-align: left;\" data-start=\"438\" data-end=\"629\">Le support mesure <strong data-start=\"456\" data-end=\"480\">6,25 pouces (159 mm)<\/strong> de large. Il peut accueillir <strong data-start=\"510\" data-end=\"527\">6 \u00e0 8 cadenas<\/strong>. Il est fourni avec des <strong data-start=\"552\" data-end=\"579\">\u00e9tiquettes multilingues<\/strong> en anglais, espagnol\/anglais et fran\u00e7ais\/anglais.<\/p>\n<\/div>\n","protected":false},"excerpt":{"rendered":"<p>Le support de cadenas robuste Master Lock n\u00b0 S1506 est fabriqu\u00e9 en acier \u00e9pais avec des finitions durables par rev\u00eatement en poudre pour assurer une longue dur\u00e9e de vie dans les installations de fabrication.<\/p>\n","protected":false},"featured_media":18036,"comment_status":"open","ping_status":"closed","template":"","meta":{"_acf_changed":false,"_et_pb_use_builder":"","_et_pb_old_content":"","_et_gb_content_width":""},"product_brand":[],"product_cat":[466,471],"product_tag":[934],"pa_connextion-shapes":[],"class_list":{"0":"post-18035","1":"product","2":"type-product","3":"status-publish","4":"has-post-thumbnail","6":"product_cat-lockout-tagout","7":"product_cat-empty-lockout-stations","8":"product_tag-master-lock-fr","10":"first","11":"instock","12":"taxable","13":"shipping-taxable","14":"purchasable","15":"product-type-simple"},"exclude_global_add_ons":[],"addons":[],"acf":[],"yoast_head":"<!-- This site is optimized with the Yoast SEO Premium plugin v27.0 (Yoast SEO v27.1) - https:\/\/yoast.com\/product\/yoast-seo-premium-wordpress\/ -->\n<title>Support robuste pour cadenas de Master Lock S1506<\/title>\n<meta name=\"description\" content=\"Support robuste pour cadenas Master Lock n\u00b0 S1506 en acier \u00e9pais avec rev\u00eatement durable. Con\u00e7u pour organiser 6 \u00e0 8 cadenas en milieu industriel.\" \/>\n<meta name=\"robots\" content=\"index, follow, max-snippet:-1, max-image-preview:large, max-video-preview:-1\" \/>\n<link rel=\"canonical\" href=\"https:\/\/d-identify.be\/fr\/produit\/master-lock-s1506-support-robuste-pour-cadenas\/\" \/>\n<meta property=\"og:locale\" content=\"fr_FR\" \/>\n<meta property=\"og:type\" content=\"article\" \/>\n<meta property=\"og:title\" content=\"Master Lock S1506 Support robuste pour cadenas\" \/>\n<meta property=\"og:description\" content=\"Support robuste pour cadenas Master Lock n\u00b0 S1506 en acier \u00e9pais avec rev\u00eatement durable. Con\u00e7u pour organiser 6 \u00e0 8 cadenas en milieu industriel.\" \/>\n<meta property=\"og:url\" content=\"https:\/\/d-identify.be\/fr\/produit\/master-lock-s1506-support-robuste-pour-cadenas\/\" \/>\n<meta property=\"og:site_name\" content=\"d-identify\" \/>\n<meta property=\"article:modified_time\" content=\"2025-12-20T10:07:26+00:00\" \/>\n<meta property=\"og:image\" content=\"https:\/\/d-identify.be\/wp-content\/uploads\/2021\/07\/MLCOM_PRODUCT_S1506.jpg\" \/>\n\t<meta property=\"og:image:width\" content=\"285\" \/>\n\t<meta property=\"og:image:height\" content=\"285\" \/>\n\t<meta property=\"og:image:type\" content=\"image\/jpeg\" \/>\n<meta name=\"twitter:card\" content=\"summary_large_image\" \/>\n<meta name=\"twitter:label1\" content=\"Dur\u00e9e de lecture estim\u00e9e\" \/>\n\t<meta name=\"twitter:data1\" content=\"1 minute\" \/>\n<script type=\"application\/ld+json\" class=\"yoast-schema-graph\">{\"@context\":\"https:\/\/schema.org\",\"@graph\":[{\"@type\":\"WebPage\",\"@id\":\"https:\/\/d-identify.be\/fr\/produit\/master-lock-s1506-support-robuste-pour-cadenas\/\",\"url\":\"https:\/\/d-identify.be\/fr\/produit\/master-lock-s1506-support-robuste-pour-cadenas\/\",\"name\":\"Support robuste pour cadenas de Master Lock S1506\",\"isPartOf\":{\"@id\":\"https:\/\/d-identify.be\/fr\/#website\"},\"primaryImageOfPage\":{\"@id\":\"https:\/\/d-identify.be\/fr\/produit\/master-lock-s1506-support-robuste-pour-cadenas\/#primaryimage\"},\"image\":{\"@id\":\"https:\/\/d-identify.be\/fr\/produit\/master-lock-s1506-support-robuste-pour-cadenas\/#primaryimage\"},\"thumbnailUrl\":\"https:\/\/d-identify.be\/wp-content\/uploads\/2021\/07\/MLCOM_PRODUCT_S1506.jpg\",\"datePublished\":\"2021-07-26T10:40:07+00:00\",\"dateModified\":\"2025-12-20T10:07:26+00:00\",\"description\":\"Support robuste pour cadenas Master Lock n\u00b0 S1506 en acier \u00e9pais avec rev\u00eatement durable. Con\u00e7u pour organiser 6 \u00e0 8 cadenas en milieu industriel.\",\"breadcrumb\":{\"@id\":\"https:\/\/d-identify.be\/fr\/produit\/master-lock-s1506-support-robuste-pour-cadenas\/#breadcrumb\"},\"inLanguage\":\"fr-FR\",\"potentialAction\":[{\"@type\":\"ReadAction\",\"target\":[\"https:\/\/d-identify.be\/fr\/produit\/master-lock-s1506-support-robuste-pour-cadenas\/\"]}]},{\"@type\":\"ImageObject\",\"inLanguage\":\"fr-FR\",\"@id\":\"https:\/\/d-identify.be\/fr\/produit\/master-lock-s1506-support-robuste-pour-cadenas\/#primaryimage\",\"url\":\"https:\/\/d-identify.be\/wp-content\/uploads\/2021\/07\/MLCOM_PRODUCT_S1506.jpg\",\"contentUrl\":\"https:\/\/d-identify.be\/wp-content\/uploads\/2021\/07\/MLCOM_PRODUCT_S1506.jpg\",\"width\":285,\"height\":285,\"caption\":\"Support robuste pour cadenas - Master Lock S1506\"},{\"@type\":\"BreadcrumbList\",\"@id\":\"https:\/\/d-identify.be\/fr\/produit\/master-lock-s1506-support-robuste-pour-cadenas\/#breadcrumb\",\"itemListElement\":[{\"@type\":\"ListItem\",\"position\":1,\"name\":\"Home\",\"item\":\"https:\/\/d-identify.be\/fr\/home-2\/\"},{\"@type\":\"ListItem\",\"position\":2,\"name\":\"Boutique\",\"item\":\"https:\/\/d-identify.be\/fr\/boutique\/\"},{\"@type\":\"ListItem\",\"position\":3,\"name\":\"Master Lock S1506 Support robuste pour cadenas\"}]},{\"@type\":\"WebSite\",\"@id\":\"https:\/\/d-identify.be\/fr\/#website\",\"url\":\"https:\/\/d-identify.be\/fr\/\",\"name\":\"d-identify\",\"description\":\"Industrial identification - Lockout - Tagout - Floor marking\",\"potentialAction\":[{\"@type\":\"SearchAction\",\"target\":{\"@type\":\"EntryPoint\",\"urlTemplate\":\"https:\/\/d-identify.be\/fr\/?s={search_term_string}\"},\"query-input\":{\"@type\":\"PropertyValueSpecification\",\"valueRequired\":true,\"valueName\":\"search_term_string\"}}],\"inLanguage\":\"fr-FR\"}]}<\/script>\n<!-- \/ Yoast SEO Premium plugin. -->","yoast_head_json":{"title":"Support robuste pour cadenas de Master Lock S1506","description":"Support robuste pour cadenas Master Lock n\u00b0 S1506 en acier \u00e9pais avec rev\u00eatement durable. Con\u00e7u pour organiser 6 \u00e0 8 cadenas en milieu industriel.","robots":{"index":"index","follow":"follow","max-snippet":"max-snippet:-1","max-image-preview":"max-image-preview:large","max-video-preview":"max-video-preview:-1"},"canonical":"https:\/\/d-identify.be\/fr\/produit\/master-lock-s1506-support-robuste-pour-cadenas\/","og_locale":"fr_FR","og_type":"article","og_title":"Master Lock S1506 Support robuste pour cadenas","og_description":"Support robuste pour cadenas Master Lock n\u00b0 S1506 en acier \u00e9pais avec rev\u00eatement durable. Con\u00e7u pour organiser 6 \u00e0 8 cadenas en milieu industriel.","og_url":"https:\/\/d-identify.be\/fr\/produit\/master-lock-s1506-support-robuste-pour-cadenas\/","og_site_name":"d-identify","article_modified_time":"2025-12-20T10:07:26+00:00","og_image":[{"width":285,"height":285,"url":"https:\/\/d-identify.be\/wp-content\/uploads\/2021\/07\/MLCOM_PRODUCT_S1506.jpg","type":"image\/jpeg"}],"twitter_card":"summary_large_image","twitter_misc":{"Dur\u00e9e de lecture estim\u00e9e":"1 minute"},"schema":{"@context":"https:\/\/schema.org","@graph":[{"@type":"WebPage","@id":"https:\/\/d-identify.be\/fr\/produit\/master-lock-s1506-support-robuste-pour-cadenas\/","url":"https:\/\/d-identify.be\/fr\/produit\/master-lock-s1506-support-robuste-pour-cadenas\/","name":"Support robuste pour cadenas de Master Lock S1506","isPartOf":{"@id":"https:\/\/d-identify.be\/fr\/#website"},"primaryImageOfPage":{"@id":"https:\/\/d-identify.be\/fr\/produit\/master-lock-s1506-support-robuste-pour-cadenas\/#primaryimage"},"image":{"@id":"https:\/\/d-identify.be\/fr\/produit\/master-lock-s1506-support-robuste-pour-cadenas\/#primaryimage"},"thumbnailUrl":"https:\/\/d-identify.be\/wp-content\/uploads\/2021\/07\/MLCOM_PRODUCT_S1506.jpg","datePublished":"2021-07-26T10:40:07+00:00","dateModified":"2025-12-20T10:07:26+00:00","description":"Support robuste pour cadenas Master Lock n\u00b0 S1506 en acier \u00e9pais avec rev\u00eatement durable. Con\u00e7u pour organiser 6 \u00e0 8 cadenas en milieu industriel.","breadcrumb":{"@id":"https:\/\/d-identify.be\/fr\/produit\/master-lock-s1506-support-robuste-pour-cadenas\/#breadcrumb"},"inLanguage":"fr-FR","potentialAction":[{"@type":"ReadAction","target":["https:\/\/d-identify.be\/fr\/produit\/master-lock-s1506-support-robuste-pour-cadenas\/"]}]},{"@type":"ImageObject","inLanguage":"fr-FR","@id":"https:\/\/d-identify.be\/fr\/produit\/master-lock-s1506-support-robuste-pour-cadenas\/#primaryimage","url":"https:\/\/d-identify.be\/wp-content\/uploads\/2021\/07\/MLCOM_PRODUCT_S1506.jpg","contentUrl":"https:\/\/d-identify.be\/wp-content\/uploads\/2021\/07\/MLCOM_PRODUCT_S1506.jpg","width":285,"height":285,"caption":"Support robuste pour cadenas - Master Lock S1506"},{"@type":"BreadcrumbList","@id":"https:\/\/d-identify.be\/fr\/produit\/master-lock-s1506-support-robuste-pour-cadenas\/#breadcrumb","itemListElement":[{"@type":"ListItem","position":1,"name":"Home","item":"https:\/\/d-identify.be\/fr\/home-2\/"},{"@type":"ListItem","position":2,"name":"Boutique","item":"https:\/\/d-identify.be\/fr\/boutique\/"},{"@type":"ListItem","position":3,"name":"Master Lock S1506 Support robuste pour cadenas"}]},{"@type":"WebSite","@id":"https:\/\/d-identify.be\/fr\/#website","url":"https:\/\/d-identify.be\/fr\/","name":"d-identify","description":"Industrial identification - Lockout - Tagout - Floor marking","potentialAction":[{"@type":"SearchAction","target":{"@type":"EntryPoint","urlTemplate":"https:\/\/d-identify.be\/fr\/?s={search_term_string}"},"query-input":{"@type":"PropertyValueSpecification","valueRequired":true,"valueName":"search_term_string"}}],"inLanguage":"fr-FR"}]}},"_links":{"self":[{"href":"https:\/\/d-identify.be\/fr\/wp-json\/wp\/v2\/product\/18035","targetHints":{"allow":["GET"]}}],"collection":[{"href":"https:\/\/d-identify.be\/fr\/wp-json\/wp\/v2\/product"}],"about":[{"href":"https:\/\/d-identify.be\/fr\/wp-json\/wp\/v2\/types\/product"}],"replies":[{"embeddable":true,"href":"https:\/\/d-identify.be\/fr\/wp-json\/wp\/v2\/comments?post=18035"}],"wp:featuredmedia":[{"embeddable":true,"href":"https:\/\/d-identify.be\/fr\/wp-json\/wp\/v2\/media\/18036"}],"wp:attachment":[{"href":"https:\/\/d-identify.be\/fr\/wp-json\/wp\/v2\/media?parent=18035"}],"wp:term":[{"taxonomy":"product_brand","embeddable":true,"href":"https:\/\/d-identify.be\/fr\/wp-json\/wp\/v2\/product_brand?post=18035"},{"taxonomy":"product_cat","embeddable":true,"href":"https:\/\/d-identify.be\/fr\/wp-json\/wp\/v2\/product_cat?post=18035"},{"taxonomy":"product_tag","embeddable":true,"href":"https:\/\/d-identify.be\/fr\/wp-json\/wp\/v2\/product_tag?post=18035"},{"taxonomy":"pa_connextion-shapes","embeddable":true,"href":"https:\/\/d-identify.be\/fr\/wp-json\/wp\/v2\/pa_connextion-shapes?post=18035"}],"curies":[{"name":"wp","href":"https:\/\/api.w.org\/{rel}","templated":true}]}}