{"id":18030,"date":"2021-07-26T12:40:08","date_gmt":"2021-07-26T10:40:08","guid":{"rendered":"https:\/\/d-identify.be\/product\/coffret-de-verrouillage-de-groupe-portable-latch-tight\/"},"modified":"2025-12-20T11:10:42","modified_gmt":"2025-12-20T09:10:42","slug":"master-lock-498a-latch-tight-boite-de-consignation-portable-de-groupe","status":"publish","type":"product","link":"https:\/\/d-identify.be\/fr\/produit\/master-lock-498a-latch-tight-boite-de-consignation-portable-de-groupe\/","title":{"rendered":"Master Lock 498A Latch Tight\u2122 Bo\u00eete de consignation portable de groupe"},"content":{"rendered":"<p data-start=\"325\" data-end=\"558\">La<strong data-start=\"329\" data-end=\"416\"> Master Lock No. 498A<\/strong> <span class=\"hover:entity-accent entity-underline inline cursor-pointer align-baseline\">Latch Tight\u2122<\/span> <span class=\"whitespace-normal\">Bo\u00eete de consignation portable<\/span> dispose d\u2019une finition rouge durable avec rev\u00eatement \u00e9poxy et d\u2019une poign\u00e9e ergonomique facile \u00e0 saisir.<br \/>\nCette bo\u00eete de consignation portable peut accueillir jusqu\u2019\u00e0 12 op\u00e9rateurs, et davantage avec l\u2019utilisation de morasillons de consignation.<\/p>\n<p data-start=\"560\" data-end=\"903\"><span data-start=\"564\" data-end=\"591\">Elle<\/span><strong data-start=\"564\" data-end=\"591\">\u00a0<\/strong>s\u00e9curise tous les points de consignation d\u2019un m\u00eame \u00e9quipement. Les cl\u00e9s de ces points sont plac\u00e9es dans la bo\u00eete. Chaque employ\u00e9 autoris\u00e9 applique son cadenas de s\u00e9curit\u00e9 personnel. Il le retire uniquement apr\u00e8s la fin de son travail. La fonction exclusive <strong data-start=\"821\" data-end=\"837\">Latch Tight<\/strong>\u2122 emp\u00eache l\u2019acc\u00e8s aux cl\u00e9s tant que le dernier cadenas n\u2019a pas \u00e9t\u00e9 retir\u00e9.<\/p>\n","protected":false},"excerpt":{"rendered":"<p data-start=\"190\" data-end=\"525\"><strong data-start=\"190\" data-end=\"273\">La bo\u00eete de consignation portable<\/strong><span class=\"hover:entity-accent entity-underline inline cursor-pointer align-baseline\"> Master Lock 498A<\/span> <span class=\"whitespace-normal\">Latch Tight\u2122<\/span> assure un contr\u00f4le s\u00e9curis\u00e9 des cl\u00e9s lors des proc\u00e9dures de consignation lockout-tagout. La bo\u00eete <strong data-start=\"436\" data-end=\"462\">de consignation portable<\/strong> dispose d\u2019une finition rouge durable avec rev\u00eatement \u00e9poxy et peut accueillir jusqu\u2019\u00e0 <strong data-start=\"385\" data-end=\"399\">12 op\u00e9rateurs<\/strong>, extensible \u00e0 l\u2019aide de morasillons de consignation.<\/p>\n","protected":false},"featured_media":18031,"comment_status":"open","ping_status":"closed","template":"","meta":{"_acf_changed":false,"_et_pb_use_builder":"","_et_pb_old_content":"","_et_gb_content_width":""},"product_brand":[],"product_cat":[466,471],"product_tag":[934],"pa_connextion-shapes":[],"class_list":{"0":"post-18030","1":"product","2":"type-product","3":"status-publish","4":"has-post-thumbnail","6":"product_cat-lockout-tagout","7":"product_cat-empty-lockout-stations","8":"product_tag-master-lock-fr","10":"first","11":"instock","12":"taxable","13":"shipping-taxable","14":"purchasable","15":"product-type-simple"},"exclude_global_add_ons":[],"addons":[],"acf":[],"yoast_head":"<!-- This site is optimized with the Yoast SEO Premium plugin v27.0 (Yoast SEO v27.1) - https:\/\/yoast.com\/product\/yoast-seo-premium-wordpress\/ -->\n<title>Bo\u00eete de consignation portable de groupe Master Lock 498A<\/title>\n<meta name=\"description\" content=\"Master Lock 498A Latch Tight\u2122 bo\u00eete de consignation portable de groupe pour un contr\u00f4le s\u00e9curis\u00e9 des cl\u00e9s lors des proc\u00e9dures lockout-tagout industrielles.\" \/>\n<meta name=\"robots\" content=\"index, follow, max-snippet:-1, max-image-preview:large, max-video-preview:-1\" \/>\n<link rel=\"canonical\" href=\"https:\/\/d-identify.be\/fr\/produit\/master-lock-498a-latch-tight-boite-de-consignation-portable-de-groupe\/\" \/>\n<meta property=\"og:locale\" content=\"fr_FR\" \/>\n<meta property=\"og:type\" content=\"article\" \/>\n<meta property=\"og:title\" content=\"Master Lock 498A Latch Tight\u2122 Bo\u00eete de consignation portable de groupe\" \/>\n<meta property=\"og:description\" content=\"Master Lock 498A Latch Tight\u2122 bo\u00eete de consignation portable de groupe pour un contr\u00f4le s\u00e9curis\u00e9 des cl\u00e9s lors des proc\u00e9dures lockout-tagout industrielles.\" \/>\n<meta property=\"og:url\" content=\"https:\/\/d-identify.be\/fr\/produit\/master-lock-498a-latch-tight-boite-de-consignation-portable-de-groupe\/\" \/>\n<meta property=\"og:site_name\" content=\"d-identify\" \/>\n<meta property=\"article:modified_time\" content=\"2025-12-20T09:10:42+00:00\" \/>\n<meta property=\"og:image\" content=\"https:\/\/d-identify.be\/wp-content\/uploads\/2021\/07\/MLCOM_PRODUCT_498A.jpg\" \/>\n\t<meta property=\"og:image:width\" content=\"285\" \/>\n\t<meta property=\"og:image:height\" content=\"285\" \/>\n\t<meta property=\"og:image:type\" content=\"image\/jpeg\" \/>\n<meta name=\"twitter:card\" content=\"summary_large_image\" \/>\n<meta name=\"twitter:label1\" content=\"Dur\u00e9e de lecture estim\u00e9e\" \/>\n\t<meta name=\"twitter:data1\" content=\"1 minute\" \/>\n<script type=\"application\/ld+json\" class=\"yoast-schema-graph\">{\"@context\":\"https:\/\/schema.org\",\"@graph\":[{\"@type\":\"WebPage\",\"@id\":\"https:\/\/d-identify.be\/fr\/produit\/master-lock-498a-latch-tight-boite-de-consignation-portable-de-groupe\/\",\"url\":\"https:\/\/d-identify.be\/fr\/produit\/master-lock-498a-latch-tight-boite-de-consignation-portable-de-groupe\/\",\"name\":\"Bo\u00eete de consignation portable de groupe Master Lock 498A\",\"isPartOf\":{\"@id\":\"https:\/\/d-identify.be\/fr\/#website\"},\"primaryImageOfPage\":{\"@id\":\"https:\/\/d-identify.be\/fr\/produit\/master-lock-498a-latch-tight-boite-de-consignation-portable-de-groupe\/#primaryimage\"},\"image\":{\"@id\":\"https:\/\/d-identify.be\/fr\/produit\/master-lock-498a-latch-tight-boite-de-consignation-portable-de-groupe\/#primaryimage\"},\"thumbnailUrl\":\"https:\/\/d-identify.be\/wp-content\/uploads\/2021\/07\/MLCOM_PRODUCT_498A.jpg\",\"datePublished\":\"2021-07-26T10:40:08+00:00\",\"dateModified\":\"2025-12-20T09:10:42+00:00\",\"description\":\"Master Lock 498A Latch Tight\u2122 bo\u00eete de consignation portable de groupe pour un contr\u00f4le s\u00e9curis\u00e9 des cl\u00e9s lors des proc\u00e9dures lockout-tagout industrielles.\",\"breadcrumb\":{\"@id\":\"https:\/\/d-identify.be\/fr\/produit\/master-lock-498a-latch-tight-boite-de-consignation-portable-de-groupe\/#breadcrumb\"},\"inLanguage\":\"fr-FR\",\"potentialAction\":[{\"@type\":\"ReadAction\",\"target\":[\"https:\/\/d-identify.be\/fr\/produit\/master-lock-498a-latch-tight-boite-de-consignation-portable-de-groupe\/\"]}]},{\"@type\":\"ImageObject\",\"inLanguage\":\"fr-FR\",\"@id\":\"https:\/\/d-identify.be\/fr\/produit\/master-lock-498a-latch-tight-boite-de-consignation-portable-de-groupe\/#primaryimage\",\"url\":\"https:\/\/d-identify.be\/wp-content\/uploads\/2021\/07\/MLCOM_PRODUCT_498A.jpg\",\"contentUrl\":\"https:\/\/d-identify.be\/wp-content\/uploads\/2021\/07\/MLCOM_PRODUCT_498A.jpg\",\"width\":285,\"height\":285,\"caption\":\"Bo\u00eete de consignation portable Master Lock 498A\"},{\"@type\":\"BreadcrumbList\",\"@id\":\"https:\/\/d-identify.be\/fr\/produit\/master-lock-498a-latch-tight-boite-de-consignation-portable-de-groupe\/#breadcrumb\",\"itemListElement\":[{\"@type\":\"ListItem\",\"position\":1,\"name\":\"Home\",\"item\":\"https:\/\/d-identify.be\/fr\/home-2\/\"},{\"@type\":\"ListItem\",\"position\":2,\"name\":\"Boutique\",\"item\":\"https:\/\/d-identify.be\/fr\/boutique\/\"},{\"@type\":\"ListItem\",\"position\":3,\"name\":\"Master Lock 498A Latch Tight\u2122 Bo\u00eete de consignation portable de groupe\"}]},{\"@type\":\"WebSite\",\"@id\":\"https:\/\/d-identify.be\/fr\/#website\",\"url\":\"https:\/\/d-identify.be\/fr\/\",\"name\":\"d-identify\",\"description\":\"Industrial identification - Lockout - Tagout - Floor marking\",\"potentialAction\":[{\"@type\":\"SearchAction\",\"target\":{\"@type\":\"EntryPoint\",\"urlTemplate\":\"https:\/\/d-identify.be\/fr\/?s={search_term_string}\"},\"query-input\":{\"@type\":\"PropertyValueSpecification\",\"valueRequired\":true,\"valueName\":\"search_term_string\"}}],\"inLanguage\":\"fr-FR\"}]}<\/script>\n<!-- \/ Yoast SEO Premium plugin. -->","yoast_head_json":{"title":"Bo\u00eete de consignation portable de groupe Master Lock 498A","description":"Master Lock 498A Latch Tight\u2122 bo\u00eete de consignation portable de groupe pour un contr\u00f4le s\u00e9curis\u00e9 des cl\u00e9s lors des proc\u00e9dures lockout-tagout industrielles.","robots":{"index":"index","follow":"follow","max-snippet":"max-snippet:-1","max-image-preview":"max-image-preview:large","max-video-preview":"max-video-preview:-1"},"canonical":"https:\/\/d-identify.be\/fr\/produit\/master-lock-498a-latch-tight-boite-de-consignation-portable-de-groupe\/","og_locale":"fr_FR","og_type":"article","og_title":"Master Lock 498A Latch Tight\u2122 Bo\u00eete de consignation portable de groupe","og_description":"Master Lock 498A Latch Tight\u2122 bo\u00eete de consignation portable de groupe pour un contr\u00f4le s\u00e9curis\u00e9 des cl\u00e9s lors des proc\u00e9dures lockout-tagout industrielles.","og_url":"https:\/\/d-identify.be\/fr\/produit\/master-lock-498a-latch-tight-boite-de-consignation-portable-de-groupe\/","og_site_name":"d-identify","article_modified_time":"2025-12-20T09:10:42+00:00","og_image":[{"width":285,"height":285,"url":"https:\/\/d-identify.be\/wp-content\/uploads\/2021\/07\/MLCOM_PRODUCT_498A.jpg","type":"image\/jpeg"}],"twitter_card":"summary_large_image","twitter_misc":{"Dur\u00e9e de lecture estim\u00e9e":"1 minute"},"schema":{"@context":"https:\/\/schema.org","@graph":[{"@type":"WebPage","@id":"https:\/\/d-identify.be\/fr\/produit\/master-lock-498a-latch-tight-boite-de-consignation-portable-de-groupe\/","url":"https:\/\/d-identify.be\/fr\/produit\/master-lock-498a-latch-tight-boite-de-consignation-portable-de-groupe\/","name":"Bo\u00eete de consignation portable de groupe Master Lock 498A","isPartOf":{"@id":"https:\/\/d-identify.be\/fr\/#website"},"primaryImageOfPage":{"@id":"https:\/\/d-identify.be\/fr\/produit\/master-lock-498a-latch-tight-boite-de-consignation-portable-de-groupe\/#primaryimage"},"image":{"@id":"https:\/\/d-identify.be\/fr\/produit\/master-lock-498a-latch-tight-boite-de-consignation-portable-de-groupe\/#primaryimage"},"thumbnailUrl":"https:\/\/d-identify.be\/wp-content\/uploads\/2021\/07\/MLCOM_PRODUCT_498A.jpg","datePublished":"2021-07-26T10:40:08+00:00","dateModified":"2025-12-20T09:10:42+00:00","description":"Master Lock 498A Latch Tight\u2122 bo\u00eete de consignation portable de groupe pour un contr\u00f4le s\u00e9curis\u00e9 des cl\u00e9s lors des proc\u00e9dures lockout-tagout industrielles.","breadcrumb":{"@id":"https:\/\/d-identify.be\/fr\/produit\/master-lock-498a-latch-tight-boite-de-consignation-portable-de-groupe\/#breadcrumb"},"inLanguage":"fr-FR","potentialAction":[{"@type":"ReadAction","target":["https:\/\/d-identify.be\/fr\/produit\/master-lock-498a-latch-tight-boite-de-consignation-portable-de-groupe\/"]}]},{"@type":"ImageObject","inLanguage":"fr-FR","@id":"https:\/\/d-identify.be\/fr\/produit\/master-lock-498a-latch-tight-boite-de-consignation-portable-de-groupe\/#primaryimage","url":"https:\/\/d-identify.be\/wp-content\/uploads\/2021\/07\/MLCOM_PRODUCT_498A.jpg","contentUrl":"https:\/\/d-identify.be\/wp-content\/uploads\/2021\/07\/MLCOM_PRODUCT_498A.jpg","width":285,"height":285,"caption":"Bo\u00eete de consignation portable Master Lock 498A"},{"@type":"BreadcrumbList","@id":"https:\/\/d-identify.be\/fr\/produit\/master-lock-498a-latch-tight-boite-de-consignation-portable-de-groupe\/#breadcrumb","itemListElement":[{"@type":"ListItem","position":1,"name":"Home","item":"https:\/\/d-identify.be\/fr\/home-2\/"},{"@type":"ListItem","position":2,"name":"Boutique","item":"https:\/\/d-identify.be\/fr\/boutique\/"},{"@type":"ListItem","position":3,"name":"Master Lock 498A Latch Tight\u2122 Bo\u00eete de consignation portable de groupe"}]},{"@type":"WebSite","@id":"https:\/\/d-identify.be\/fr\/#website","url":"https:\/\/d-identify.be\/fr\/","name":"d-identify","description":"Industrial identification - Lockout - Tagout - Floor marking","potentialAction":[{"@type":"SearchAction","target":{"@type":"EntryPoint","urlTemplate":"https:\/\/d-identify.be\/fr\/?s={search_term_string}"},"query-input":{"@type":"PropertyValueSpecification","valueRequired":true,"valueName":"search_term_string"}}],"inLanguage":"fr-FR"}]}},"_links":{"self":[{"href":"https:\/\/d-identify.be\/fr\/wp-json\/wp\/v2\/product\/18030","targetHints":{"allow":["GET"]}}],"collection":[{"href":"https:\/\/d-identify.be\/fr\/wp-json\/wp\/v2\/product"}],"about":[{"href":"https:\/\/d-identify.be\/fr\/wp-json\/wp\/v2\/types\/product"}],"replies":[{"embeddable":true,"href":"https:\/\/d-identify.be\/fr\/wp-json\/wp\/v2\/comments?post=18030"}],"wp:featuredmedia":[{"embeddable":true,"href":"https:\/\/d-identify.be\/fr\/wp-json\/wp\/v2\/media\/18031"}],"wp:attachment":[{"href":"https:\/\/d-identify.be\/fr\/wp-json\/wp\/v2\/media?parent=18030"}],"wp:term":[{"taxonomy":"product_brand","embeddable":true,"href":"https:\/\/d-identify.be\/fr\/wp-json\/wp\/v2\/product_brand?post=18030"},{"taxonomy":"product_cat","embeddable":true,"href":"https:\/\/d-identify.be\/fr\/wp-json\/wp\/v2\/product_cat?post=18030"},{"taxonomy":"product_tag","embeddable":true,"href":"https:\/\/d-identify.be\/fr\/wp-json\/wp\/v2\/product_tag?post=18030"},{"taxonomy":"pa_connextion-shapes","embeddable":true,"href":"https:\/\/d-identify.be\/fr\/wp-json\/wp\/v2\/pa_connextion-shapes?post=18030"}],"curies":[{"name":"wp","href":"https:\/\/api.w.org\/{rel}","templated":true}]}}